{"id":845,"date":"2025-07-30T07:52:05","date_gmt":"2025-07-30T11:52:05","guid":{"rendered":"https:\/\/petelulu.com\/?post_type=product&#038;p=845"},"modified":"2026-03-05T12:42:29","modified_gmt":"2026-03-05T04:42:29","slug":"bambus-vintage-boutique-haine-set","status":"publish","type":"product","link":"https:\/\/petelulu.com\/ro\/product\/bambus-vintage-boutique-haine-set\/","title":{"rendered":"A Seturi de \u00eembr\u0103c\u0103minte personalizate"},"content":{"rendered":"<div id=\"sellingpoint\" class=\"header\">\n<h2>Despre acest produs<\/h2>\n<\/div>\n<ul class=\"\">\n<li>\u021aes\u0103tur\u0103 moale \u0219i respirabil\u0103: Seturile noastre de \u00eembr\u0103c\u0103minte pentru bebelu\u0219i sunt fabricate din \u021bes\u0103tur\u0103 din bumbac de bambus de \u00eenalt\u0103 calitate, oferind o textur\u0103 moale \u0219i respirabil\u0103 pentru pielea sensibil\u0103 a micu\u021bului dumneavoastr\u0103. Aceast\u0103 \u021bes\u0103tur\u0103 este perfect\u0103 pentru condi\u021biile de vreme cald\u0103, asigur\u00e2ndu-se c\u0103 bebelu\u0219ul dvs. r\u0103m\u00e2ne confortabil pe tot parcursul zilei.<\/li>\n<li>Op\u021biuni de culoare personalizate: Oferim op\u021biuni de culoare personalizate pentru a se potrivi cu stilul \u0219i preferin\u021bele unice ale m\u0103rcii dvs. Fie c\u0103 sunte\u021bi \u00een c\u0103utarea unei nuan\u021be specifice sau a unui imprimeu \u00eendr\u0103zne\u021b, echipa noastr\u0103 poate lucra cu dvs. pentru a crea un design unic care s\u0103 v\u0103 diferen\u021bieze marca.<\/li>\n<li>Propriet\u0103\u021bi de uscare rapid\u0103 \u0219i anti-str\u00e2ngere: Seturile noastre de \u00eembr\u0103c\u0103minte pentru bebelu\u0219i sunt concepute cu propriet\u0103\u021bi de uscare rapid\u0103 \u0219i anti-contrac\u021bie, ceea ce le face perfecte pentru activit\u0103\u021bile \u00een aer liber \u0219i pentru timpul de joac\u0103. Aceast\u0103 caracteristic\u0103 asigur\u0103 faptul c\u0103 hainele noastre r\u0103m\u00e2n \u00een stare excelent\u0103, chiar \u0219i dup\u0103 mai multe sp\u0103l\u0103ri.<\/li>\n<li>Varietate de m\u0103rimi \u0219i stiluri: Oferim o gam\u0103 larg\u0103 de m\u0103rimi (6-12m, 12-18m, 2t, 3t, 4t, 5t, 6t, 7t, 8t) pentru a r\u0103spunde diferitelor grupuri de v\u00e2rst\u0103 \u0219i preferin\u021be. Seturile noastre de \u00eembr\u0103c\u0103minte sunt concepute pentru a fi at\u00e2t elegante, c\u00e2t \u0219i func\u021bionale, ceea ce le face potrivite pentru diverse ocazii.<\/li>\n<li data-spm-anchor-id=\"a2700.details.0.i76.2e863412WnRnhc\">Termen de 7 zile pentru comanda de mostre: \u00cen\u021belegem c\u0103 livrarea la timp este crucial\u0103 pentru clien\u021bii no\u0219tri. De aceea, oferim un termen de 7 zile pentru comenzile de mostre, asigur\u00e2ndu-ne c\u0103 ve\u021bi primi mostrele cu promptitudine \u0219i ve\u021bi putea \u00eencepe s\u0103 vinde\u021bi produsele noastre rapid.<\/li>\n<\/ul>","protected":false},"excerpt":{"rendered":"<p>Pre\u021b unitar: US $7.10-10.20 \/ bucat\u0103<br \/>\nCantitate minim\u0103 de comand\u0103: 300 Piece \/ dimensiune<br \/>\nMaterial: Cooton \/ fibr\u0103 de bambus<br \/>\nAge: 0-3M\/3-6M\/6-9M\/9-12M\/12-18M\/18-24M\/2T-3T-4T<br \/>\nMateriale aplicabile: Bambus\/Bumbac organic\/Bumbac pur\/French Terry\/Muzelin\u0103 de bambus<br \/>\nSupply Ability: 100,000 Piece\/Pieces per Month<br \/>\nPort: Guangzhou, China<br \/>\nCondi\u021bii de plat\u0103: T\/T<br \/>\nE\u0219antion\uff1aAceta\u021bi e\u0219antion personalizat<br \/>\nLogo: Logo personalizat<br \/>\nLivrare: 25-35 de zile lucr\u0103toare<br \/>\nOEM &amp; ODM<\/p>\n<p><a href=\"https:\/\/petelulu.com\/ro\/#category\">Vezi mai multe<\/a><\/p>\n<div class=\"wpforms-container wpforms-container-full wpforms-render-modern\" id=\"wpforms-2878\"><form id=\"wpforms-form-2878\" class=\"wpforms-validate wpforms-form wpforms-ajax-form\" data-formid=\"2878\" method=\"post\" enctype=\"multipart\/form-data\" action=\"\/ro\/wp-json\/wp\/v2\/product\/845\" data-token=\"fde75f8eaf6d8cf056c5b40a4fa6d54f\" data-token-time=\"1777165530\" data-trp-original-action=\"\/ro\/wp-json\/wp\/v2\/product\/845\"><noscript class=\"wpforms-error-noscript\">V\u0103 rug\u0103m s\u0103 activa\u021bi JavaScript \u00een browserul dvs. pentru a completa acest formular.<\/noscript><div class=\"wpforms-hidden\" id=\"wpforms-error-noscript\">V\u0103 rug\u0103m s\u0103 activa\u021bi JavaScript \u00een browserul dvs. pentru a completa acest formular.<\/div><div class=\"wpforms-field-container\"><div id=\"wpforms-2878-field_2-container\" class=\"wpforms-field wpforms-field-name\" data-field-id=\"2\"><label class=\"wpforms-field-label\" for=\"wpforms-2878-field_2\">Nume \u0219i prenume <span class=\"wpforms-required-label\" aria-hidden=\"true\">*<\/span><\/label><input type=\"text\" id=\"wpforms-2878-field_2\" class=\"wpforms-field-medium wpforms-field-required\" name=\"wpforms[fields][2]\" aria-errormessage=\"wpforms-2878-field_2-error\" required><\/div><div id=\"wpforms-2878-field_5-container\" class=\"wpforms-field wpforms-field-email\" data-field-id=\"5\"><label class=\"wpforms-field-label\" for=\"wpforms-2878-field_5\">E-mail <span class=\"wpforms-required-label\" aria-hidden=\"true\">*<\/span><\/label><input type=\"email\" id=\"wpforms-2878-field_5\" class=\"wpforms-field-medium wpforms-field-required\" name=\"wpforms[fields][5]\" spellcheck=\"false\" aria-errormessage=\"wpforms-2878-field_5-error\" required><\/div><div id=\"wpforms-2878-field_3-container\" class=\"wpforms-field wpforms-field-textarea\" data-field-id=\"3\"><label class=\"wpforms-field-label\" for=\"wpforms-2878-field_3\">Cerere <span class=\"wpforms-required-label\" aria-hidden=\"true\">*<\/span><\/label><textarea id=\"wpforms-2878-field_3\" class=\"wpforms-field-medium wpforms-field-required\" name=\"wpforms[fields][3]\" aria-errormessage=\"wpforms-2878-field_3-error\" aria-describedby=\"wpforms-2878-field_3-description\" required><\/textarea><div id=\"wpforms-2878-field_3-description\" class=\"wpforms-field-description\">V\u0103 rug\u0103m s\u0103 ne furniza\u021bi cerin\u021bele dvs. \u0219i num\u0103rul WhatsApp, iar reprezentantul nostru de v\u00e2nz\u0103ri v\u0103 va contacta.<\/div><\/div><\/div><!-- .wpforms-field-container --><div class=\"wpforms-submit-container\" ><input type=\"hidden\" name=\"wpforms[id]\" value=\"2878\"><input type=\"hidden\" name=\"page_title\" value=\"\"><input type=\"hidden\" name=\"page_url\" value=\"https:\/\/petelulu.com\/ro\/wp-json\/wp\/v2\/product\/845\"><input type=\"hidden\" name=\"url_referer\" value=\"\"><button type=\"submit\" name=\"wpforms[submit]\" id=\"wpforms-submit-2878\" class=\"wpforms-submit\" data-alt-text=\"Sending...\" data-submit-text=\"Submit\" aria-live=\"assertive\" value=\"wpforms-submit\">Trimite<\/button><img loading=\"lazy\" decoding=\"async\" src=\"https:\/\/petelulu.com\/wp-content\/plugins\/wpforms-lite\/assets\/images\/submit-spin.svg\" class=\"wpforms-submit-spinner\" style=\"display: none;\" width=\"26\" height=\"26\" alt=\"\u00cenc\u0103rcare\"><\/div><input type=\"hidden\" name=\"trp-form-language\" value=\"ro\"\/><\/form><\/div>  <!-- .wpforms-container -->\n<p>&nbsp;<\/p>","protected":false},"featured_media":5103,"template":"","meta":[],"product_brand":[],"product_cat":[46],"product_tag":[82,81],"class_list":{"0":"post-845","1":"product","2":"type-product","3":"status-publish","4":"has-post-thumbnail","6":"product_cat-clothing-sets","7":"product_tag-kid","8":"product_tag-toddler","9":"has-post-title","10":"has-post-date","11":"has-post-category","12":"has-post-tag","13":"has-post-comment","14":"has-post-author","15":"","17":"first","18":"instock","19":"shipping-taxable","20":"product-type-simple"},"yoast_head":"<!-- This site is optimized with the Yoast SEO Premium plugin v24.5 (Yoast SEO v25.6) - https:\/\/yoast.com\/wordpress\/plugins\/seo\/ -->\n<title>A Custom Clothing Sets - petelulu<\/title>\n<meta name=\"description\" content=\"Unleash your creativity with custom clothing sets! This comprehensive guide covers everything from design ideas and fabric choices to finding the best manufacturers, helping you create personalized apparel that stands out.\" \/>\n<meta name=\"robots\" content=\"index, follow, max-snippet:-1, max-image-preview:large, max-video-preview:-1\" \/>\n<link rel=\"canonical\" href=\"https:\/\/petelulu.com\/ro\/product\/bambus-vintage-boutique-haine-set\/\" \/>\n<meta property=\"og:locale\" content=\"ro_RO\" \/>\n<meta property=\"og:type\" content=\"article\" \/>\n<meta property=\"og:title\" content=\"A Custom Clothing Sets\" \/>\n<meta property=\"og:description\" content=\"Unleash your creativity with custom clothing sets! This comprehensive guide covers everything from design ideas and fabric choices to finding the best manufacturers, helping you create personalized apparel that stands out.\" \/>\n<meta property=\"og:url\" content=\"https:\/\/petelulu.com\/ro\/product\/bambus-vintage-boutique-haine-set\/\" \/>\n<meta property=\"og:site_name\" content=\"petelulu\" \/>\n<meta property=\"article:modified_time\" content=\"2026-03-05T04:42:29+00:00\" \/>\n<meta name=\"twitter:card\" content=\"summary_large_image\" \/>\n<meta name=\"twitter:label1\" content=\"Timp estimat pentru citire\" \/>\n\t<meta name=\"twitter:data1\" content=\"2 minute\" \/>\n<script type=\"application\/ld+json\" class=\"yoast-schema-graph\">{\"@context\":\"https:\/\/schema.org\",\"@graph\":[{\"@type\":\"WebPage\",\"@id\":\"https:\/\/petelulu.com\/product\/bamboo-vintage-boutique-clothes-set\/\",\"url\":\"https:\/\/petelulu.com\/product\/bamboo-vintage-boutique-clothes-set\/\",\"name\":\"A Custom Clothing Sets - petelulu\",\"isPartOf\":{\"@id\":\"https:\/\/petelulu.com\/#website\"},\"primaryImageOfPage\":{\"@id\":\"https:\/\/petelulu.com\/product\/bamboo-vintage-boutique-clothes-set\/#primaryimage\"},\"image\":{\"@id\":\"https:\/\/petelulu.com\/product\/bamboo-vintage-boutique-clothes-set\/#primaryimage\"},\"thumbnailUrl\":\"https:\/\/petelulu.com\/wp-content\/uploads\/2025\/03\/H5df91d9b80ba4c839092bdbb4501eba9C.jpg_720x720q50.avif\",\"datePublished\":\"2025-07-30T11:52:05+00:00\",\"dateModified\":\"2026-03-05T04:42:29+00:00\",\"description\":\"Unleash your creativity with custom clothing sets! This comprehensive guide covers everything from design ideas and fabric choices to finding the best manufacturers, helping you create personalized apparel that stands out.\",\"breadcrumb\":{\"@id\":\"https:\/\/petelulu.com\/product\/bamboo-vintage-boutique-clothes-set\/#breadcrumb\"},\"inLanguage\":\"ro-RO\",\"potentialAction\":[{\"@type\":\"ReadAction\",\"target\":[\"https:\/\/petelulu.com\/product\/bamboo-vintage-boutique-clothes-set\/\"]}]},{\"@type\":\"ImageObject\",\"inLanguage\":\"ro-RO\",\"@id\":\"https:\/\/petelulu.com\/product\/bamboo-vintage-boutique-clothes-set\/#primaryimage\",\"url\":\"https:\/\/petelulu.com\/wp-content\/uploads\/2025\/03\/H5df91d9b80ba4c839092bdbb4501eba9C.jpg_720x720q50.avif\",\"contentUrl\":\"https:\/\/petelulu.com\/wp-content\/uploads\/2025\/03\/H5df91d9b80ba4c839092bdbb4501eba9C.jpg_720x720q50.avif\",\"width\":720,\"height\":720,\"caption\":\"custom clothing sets\"},{\"@type\":\"BreadcrumbList\",\"@id\":\"https:\/\/petelulu.com\/product\/bamboo-vintage-boutique-clothes-set\/#breadcrumb\",\"itemListElement\":[{\"@type\":\"ListItem\",\"position\":1,\"name\":\"\u9996\u9875\",\"item\":\"https:\/\/petelulu.com\/\"},{\"@type\":\"ListItem\",\"position\":2,\"name\":\"PRODUCT GALLERY\",\"item\":\"https:\/\/petelulu.com\/product-gallery\/\"},{\"@type\":\"ListItem\",\"position\":3,\"name\":\"A Custom Clothing Sets\"}]},{\"@type\":\"WebSite\",\"@id\":\"https:\/\/petelulu.com\/#website\",\"url\":\"https:\/\/petelulu.com\/\",\"name\":\"PETElulu\",\"description\":\"\",\"potentialAction\":[{\"@type\":\"SearchAction\",\"target\":{\"@type\":\"EntryPoint\",\"urlTemplate\":\"https:\/\/petelulu.com\/?s={search_term_string}\"},\"query-input\":{\"@type\":\"PropertyValueSpecification\",\"valueRequired\":true,\"valueName\":\"search_term_string\"}}],\"inLanguage\":\"ro-RO\"}]}<\/script>\n<!-- \/ Yoast SEO Premium plugin. -->","yoast_head_json":{"title":"A Seturi de \u00eembr\u0103c\u0103minte personalizate - petelulu","description":"Dezl\u0103n\u021buie-\u021bi creativitatea cu seturile de \u00eembr\u0103c\u0103minte personalizate! Acest ghid cuprinz\u0103tor acoper\u0103 totul, de la idei de design \u0219i alegeri de \u021bes\u0103turi p\u00e2n\u0103 la g\u0103sirea celor mai buni produc\u0103tori, ajut\u00e2ndu-v\u0103 s\u0103 crea\u021bi \u00eembr\u0103c\u0103minte personalizat\u0103 care iese \u00een eviden\u021b\u0103.","robots":{"index":"index","follow":"follow","max-snippet":"max-snippet:-1","max-image-preview":"max-image-preview:large","max-video-preview":"max-video-preview:-1"},"canonical":"https:\/\/petelulu.com\/ro\/product\/bambus-vintage-boutique-haine-set\/","og_locale":"ro_RO","og_type":"article","og_title":"A Custom Clothing Sets","og_description":"Unleash your creativity with custom clothing sets! This comprehensive guide covers everything from design ideas and fabric choices to finding the best manufacturers, helping you create personalized apparel that stands out.","og_url":"https:\/\/petelulu.com\/ro\/product\/bambus-vintage-boutique-haine-set\/","og_site_name":"petelulu","article_modified_time":"2026-03-05T04:42:29+00:00","twitter_card":"summary_large_image","twitter_misc":{"Timp estimat pentru citire":"2 minute"},"schema":{"@context":"https:\/\/schema.org","@graph":[{"@type":"WebPage","@id":"https:\/\/petelulu.com\/product\/bamboo-vintage-boutique-clothes-set\/","url":"https:\/\/petelulu.com\/product\/bamboo-vintage-boutique-clothes-set\/","name":"A Seturi de \u00eembr\u0103c\u0103minte personalizate - petelulu","isPartOf":{"@id":"https:\/\/petelulu.com\/#website"},"primaryImageOfPage":{"@id":"https:\/\/petelulu.com\/product\/bamboo-vintage-boutique-clothes-set\/#primaryimage"},"image":{"@id":"https:\/\/petelulu.com\/product\/bamboo-vintage-boutique-clothes-set\/#primaryimage"},"thumbnailUrl":"https:\/\/petelulu.com\/wp-content\/uploads\/2025\/03\/H5df91d9b80ba4c839092bdbb4501eba9C.jpg_720x720q50.avif","datePublished":"2025-07-30T11:52:05+00:00","dateModified":"2026-03-05T04:42:29+00:00","description":"Dezl\u0103n\u021buie-\u021bi creativitatea cu seturile de \u00eembr\u0103c\u0103minte personalizate! Acest ghid cuprinz\u0103tor acoper\u0103 totul, de la idei de design \u0219i alegeri de \u021bes\u0103turi p\u00e2n\u0103 la g\u0103sirea celor mai buni produc\u0103tori, ajut\u00e2ndu-v\u0103 s\u0103 crea\u021bi \u00eembr\u0103c\u0103minte personalizat\u0103 care iese \u00een eviden\u021b\u0103.","breadcrumb":{"@id":"https:\/\/petelulu.com\/product\/bamboo-vintage-boutique-clothes-set\/#breadcrumb"},"inLanguage":"ro-RO","potentialAction":[{"@type":"ReadAction","target":["https:\/\/petelulu.com\/product\/bamboo-vintage-boutique-clothes-set\/"]}]},{"@type":"ImageObject","inLanguage":"ro-RO","@id":"https:\/\/petelulu.com\/product\/bamboo-vintage-boutique-clothes-set\/#primaryimage","url":"https:\/\/petelulu.com\/wp-content\/uploads\/2025\/03\/H5df91d9b80ba4c839092bdbb4501eba9C.jpg_720x720q50.avif","contentUrl":"https:\/\/petelulu.com\/wp-content\/uploads\/2025\/03\/H5df91d9b80ba4c839092bdbb4501eba9C.jpg_720x720q50.avif","width":720,"height":720,"caption":"custom clothing sets"},{"@type":"BreadcrumbList","@id":"https:\/\/petelulu.com\/product\/bamboo-vintage-boutique-clothes-set\/#breadcrumb","itemListElement":[{"@type":"ListItem","position":1,"name":"\u9996\u9875","item":"https:\/\/petelulu.com\/"},{"@type":"ListItem","position":2,"name":"PRODUCT GALLERY","item":"https:\/\/petelulu.com\/product-gallery\/"},{"@type":"ListItem","position":3,"name":"A Custom Clothing Sets"}]},{"@type":"WebSite","@id":"https:\/\/petelulu.com\/#website","url":"https:\/\/petelulu.com\/","name":"PETElulu","description":"","potentialAction":[{"@type":"SearchAction","target":{"@type":"EntryPoint","urlTemplate":"https:\/\/petelulu.com\/?s={search_term_string}"},"query-input":{"@type":"PropertyValueSpecification","valueRequired":true,"valueName":"search_term_string"}}],"inLanguage":"ro-RO"}]}},"builder_content":"","_links":{"self":[{"href":"https:\/\/petelulu.com\/ro\/wp-json\/wp\/v2\/product\/845","targetHints":{"allow":["GET"]}}],"collection":[{"href":"https:\/\/petelulu.com\/ro\/wp-json\/wp\/v2\/product"}],"about":[{"href":"https:\/\/petelulu.com\/ro\/wp-json\/wp\/v2\/types\/product"}],"wp:featuredmedia":[{"embeddable":true,"href":"https:\/\/petelulu.com\/ro\/wp-json\/wp\/v2\/media\/5103"}],"wp:attachment":[{"href":"https:\/\/petelulu.com\/ro\/wp-json\/wp\/v2\/media?parent=845"}],"wp:term":[{"taxonomy":"product_brand","embeddable":true,"href":"https:\/\/petelulu.com\/ro\/wp-json\/wp\/v2\/product_brand?post=845"},{"taxonomy":"product_cat","embeddable":true,"href":"https:\/\/petelulu.com\/ro\/wp-json\/wp\/v2\/product_cat?post=845"},{"taxonomy":"product_tag","embeddable":true,"href":"https:\/\/petelulu.com\/ro\/wp-json\/wp\/v2\/product_tag?post=845"}],"curies":[{"name":"wp","href":"https:\/\/api.w.org\/{rel}","templated":true}]}}