{"id":792,"date":"2025-03-01T01:58:32","date_gmt":"2025-03-01T01:58:32","guid":{"rendered":"https:\/\/petelulu.com\/?post_type=product&#038;p=792"},"modified":"2025-08-12T23:46:10","modified_gmt":"2025-08-13T03:46:10","slug":"bambus-personalizat-model-carouri-copil-set-cadou","status":"publish","type":"product","link":"https:\/\/petelulu.com\/ro\/product\/bambus-personalizat-model-carouri-copil-set-cadou\/","title":{"rendered":"Bamboo viscoz\u0103 personalizate personalizate Plaid model Baby Gift Set"},"content":{"rendered":"<div id=\"sellingpoint\" class=\"header\">\n<div id=\"sellingpoint\" class=\"header\">\n<h2>Despre acest produs<\/h2>\n<\/div>\n<ul class=\"\">\n<li>Soft and Breathable Material: Our baby rompers are made from high-quality bamboo fabric, providing ultimate comfort and breathability for your little one. The softness of the fabric ensures that your baby stays cozy and relaxed throughout the day.<\/li>\n<li>Customizable Design: We offer a photograper service, allowing you to design your own unique plaid pattern for the rompers. This means you can create a personalized gift for your baby or loved one.<\/li>\n<li>Unisex and Versatile: Our rompers are designed for infants and toddlers, making them perfect for both boys and girls. The long sleeve design ensures that your baby stays warm and stylish throughout the year.<\/li>\n<li>Eco-Friendly and Sustainable: Our rompers are certified by CPC, Oeko-Tex, BSCI, GOTS, Sedex, and EPR, ensuring that they meet the highest standards of environmental sustainability and safety.<\/li>\n<li data-spm-anchor-id=\"a2700.details.0.i87.520c6c1f1bjn18\">Customizable Packaging and Sample Options: We offer customize package and 7 days sample order lead time, allowing you to receive your order quickly and efficiently.<\/li>\n<\/ul>\n<\/div>","protected":false},"excerpt":{"rendered":"<p>Pre\u021b unitar: US $6.30-7.40 \/ bucat\u0103<br \/>\nCantitate minim\u0103 de comand\u0103: 300 Piece \/ dimensiune<br \/>\nMaterial: Bamboo Fiber<br \/>\nAge: Newborn\/0-3M\/3-6M\/6-9M\/9-12M\/12-18M\/18-24M<br \/>\nMateriale aplicabile: Bambus\/bumbac organic\/bumbac pur\/raion Modal\/muselin\u0103 de bambus<br \/>\nCapacitatea de aprovizionare: 10,000 Piece\/Pieces pe lun\u0103<br \/>\nPort: Guangzhou, China<br \/>\nCondi\u021bii de plat\u0103: T\/T<br \/>\nE\u0219antion\uff1aAceta\u021bi e\u0219antion personalizat<br \/>\nLogo: Logo personalizat<br \/>\nLivrare: 25-35 de zile lucr\u0103toare<br \/>\nOEM &amp; ODM<\/p>\n<p><a href=\"https:\/\/petelulu.com\/ro\/#category\">Vezi mai multe<\/a><\/p>\n<div class=\"wpforms-container wpforms-container-full wpforms-render-modern\" id=\"wpforms-2878\"><form id=\"wpforms-form-2878\" class=\"wpforms-validate wpforms-form wpforms-ajax-form\" data-formid=\"2878\" method=\"post\" enctype=\"multipart\/form-data\" action=\"\/ro\/wp-json\/wp\/v2\/product\/792\" data-token=\"ac2f73b7ed4905132cf619add68ff117\" data-token-time=\"1776520092\" data-trp-original-action=\"\/ro\/wp-json\/wp\/v2\/product\/792\"><noscript class=\"wpforms-error-noscript\">V\u0103 rug\u0103m s\u0103 activa\u021bi JavaScript \u00een browserul dvs. pentru a completa acest formular.<\/noscript><div class=\"wpforms-hidden\" id=\"wpforms-error-noscript\">V\u0103 rug\u0103m s\u0103 activa\u021bi JavaScript \u00een browserul dvs. pentru a completa acest formular.<\/div><div class=\"wpforms-field-container\"><div id=\"wpforms-2878-field_2-container\" class=\"wpforms-field wpforms-field-name\" data-field-id=\"2\"><label class=\"wpforms-field-label\" for=\"wpforms-2878-field_2\">Nume \u0219i prenume <span class=\"wpforms-required-label\" aria-hidden=\"true\">*<\/span><\/label><input type=\"text\" id=\"wpforms-2878-field_2\" class=\"wpforms-field-medium wpforms-field-required\" name=\"wpforms[fields][2]\" aria-errormessage=\"wpforms-2878-field_2-error\" required><\/div><div id=\"wpforms-2878-field_5-container\" class=\"wpforms-field wpforms-field-email\" data-field-id=\"5\"><label class=\"wpforms-field-label\" for=\"wpforms-2878-field_5\">E-mail <span class=\"wpforms-required-label\" aria-hidden=\"true\">*<\/span><\/label><input type=\"email\" id=\"wpforms-2878-field_5\" class=\"wpforms-field-medium wpforms-field-required\" name=\"wpforms[fields][5]\" spellcheck=\"false\" aria-errormessage=\"wpforms-2878-field_5-error\" required><\/div><div id=\"wpforms-2878-field_3-container\" class=\"wpforms-field wpforms-field-textarea\" data-field-id=\"3\"><label class=\"wpforms-field-label\" for=\"wpforms-2878-field_3\">Cerere <span class=\"wpforms-required-label\" aria-hidden=\"true\">*<\/span><\/label><textarea id=\"wpforms-2878-field_3\" class=\"wpforms-field-medium wpforms-field-required\" name=\"wpforms[fields][3]\" aria-errormessage=\"wpforms-2878-field_3-error\" aria-describedby=\"wpforms-2878-field_3-description\" required><\/textarea><div id=\"wpforms-2878-field_3-description\" class=\"wpforms-field-description\">V\u0103 rug\u0103m s\u0103 ne furniza\u021bi cerin\u021bele dvs. \u0219i num\u0103rul WhatsApp, iar reprezentantul nostru de v\u00e2nz\u0103ri v\u0103 va contacta.<\/div><\/div><\/div><!-- .wpforms-field-container --><div class=\"wpforms-submit-container\" ><input type=\"hidden\" name=\"wpforms[id]\" value=\"2878\"><input type=\"hidden\" name=\"page_title\" value=\"\"><input type=\"hidden\" name=\"page_url\" value=\"https:\/\/petelulu.com\/ro\/wp-json\/wp\/v2\/product\/792\"><input type=\"hidden\" name=\"url_referer\" value=\"\"><button type=\"submit\" name=\"wpforms[submit]\" id=\"wpforms-submit-2878\" class=\"wpforms-submit\" data-alt-text=\"Sending...\" data-submit-text=\"Submit\" aria-live=\"assertive\" value=\"wpforms-submit\">Trimite<\/button><img loading=\"lazy\" decoding=\"async\" src=\"https:\/\/petelulu.com\/wp-content\/plugins\/wpforms-lite\/assets\/images\/submit-spin.svg\" class=\"wpforms-submit-spinner\" style=\"display: none;\" width=\"26\" height=\"26\" alt=\"\u00cenc\u0103rcare\"><\/div><input type=\"hidden\" name=\"trp-form-language\" value=\"ro\"\/><\/form><\/div>  <!-- .wpforms-container -->\n<p>&nbsp;<\/p>","protected":false},"featured_media":795,"template":"","meta":[],"product_brand":[],"product_cat":[79],"product_tag":[80],"class_list":{"0":"post-792","1":"product","2":"type-product","3":"status-publish","4":"has-post-thumbnail","6":"product_cat-gift-set","7":"product_tag-baby","8":"has-post-title","9":"has-post-date","10":"has-post-category","11":"has-post-tag","12":"has-post-comment","13":"has-post-author","14":"","16":"first","17":"instock","18":"shipping-taxable","19":"product-type-simple"},"yoast_head":"<!-- This site is optimized with the Yoast SEO Premium plugin v24.5 (Yoast SEO v25.6) - https:\/\/yoast.com\/wordpress\/plugins\/seo\/ -->\n<title>Custom Bamboo Viscose Custom Plaid Pattern Baby Gift Set - petelulu<\/title>\n<meta name=\"description\" content=\"B2B Baby Clothing | Bamboo Custom Plaid Pattern Baby Gift Set. Competitive Pricing, Quick Ship. Global Delivery for Retailers\/Wholesale.\" \/>\n<meta name=\"robots\" content=\"index, follow, max-snippet:-1, max-image-preview:large, max-video-preview:-1\" \/>\n<link rel=\"canonical\" href=\"https:\/\/petelulu.com\/ro\/product\/bambus-personalizat-model-carouri-copil-set-cadou\/\" \/>\n<meta property=\"og:locale\" content=\"ro_RO\" \/>\n<meta property=\"og:type\" content=\"article\" \/>\n<meta property=\"og:title\" content=\"Custom Bamboo Viscose Custom Plaid Pattern Baby Gift Set\" \/>\n<meta property=\"og:description\" content=\"B2B Baby Clothing | Bamboo Custom Plaid Pattern Baby Gift Set. Competitive Pricing, Quick Ship. Global Delivery for Retailers\/Wholesale.\" \/>\n<meta property=\"og:url\" content=\"https:\/\/petelulu.com\/ro\/product\/bambus-personalizat-model-carouri-copil-set-cadou\/\" \/>\n<meta property=\"og:site_name\" content=\"petelulu\" \/>\n<meta property=\"article:modified_time\" content=\"2025-08-13T03:46:10+00:00\" \/>\n<meta name=\"twitter:card\" content=\"summary_large_image\" \/>\n<meta name=\"twitter:label1\" content=\"Timp estimat pentru citire\" \/>\n\t<meta name=\"twitter:data1\" content=\"1 minut\" \/>\n<script type=\"application\/ld+json\" class=\"yoast-schema-graph\">{\"@context\":\"https:\/\/schema.org\",\"@graph\":[{\"@type\":\"WebPage\",\"@id\":\"https:\/\/petelulu.com\/product\/bamboo-custom-plaid-pattern-baby-gift-set\/\",\"url\":\"https:\/\/petelulu.com\/product\/bamboo-custom-plaid-pattern-baby-gift-set\/\",\"name\":\"Custom Bamboo Viscose Custom Plaid Pattern Baby Gift Set - petelulu\",\"isPartOf\":{\"@id\":\"https:\/\/petelulu.com\/#website\"},\"primaryImageOfPage\":{\"@id\":\"https:\/\/petelulu.com\/product\/bamboo-custom-plaid-pattern-baby-gift-set\/#primaryimage\"},\"image\":{\"@id\":\"https:\/\/petelulu.com\/product\/bamboo-custom-plaid-pattern-baby-gift-set\/#primaryimage\"},\"thumbnailUrl\":\"https:\/\/petelulu.com\/wp-content\/uploads\/2025\/03\/H75633bb348b14b72bdc09b5505baadeau.jpg_720x720q50.avif\",\"datePublished\":\"2025-03-01T01:58:32+00:00\",\"dateModified\":\"2025-08-13T03:46:10+00:00\",\"description\":\"B2B Baby Clothing | Bamboo Custom Plaid Pattern Baby Gift Set. Competitive Pricing, Quick Ship. Global Delivery for Retailers\/Wholesale.\",\"breadcrumb\":{\"@id\":\"https:\/\/petelulu.com\/product\/bamboo-custom-plaid-pattern-baby-gift-set\/#breadcrumb\"},\"inLanguage\":\"ro-RO\",\"potentialAction\":[{\"@type\":\"ReadAction\",\"target\":[\"https:\/\/petelulu.com\/product\/bamboo-custom-plaid-pattern-baby-gift-set\/\"]}]},{\"@type\":\"ImageObject\",\"inLanguage\":\"ro-RO\",\"@id\":\"https:\/\/petelulu.com\/product\/bamboo-custom-plaid-pattern-baby-gift-set\/#primaryimage\",\"url\":\"https:\/\/petelulu.com\/wp-content\/uploads\/2025\/03\/H75633bb348b14b72bdc09b5505baadeau.jpg_720x720q50.avif\",\"contentUrl\":\"https:\/\/petelulu.com\/wp-content\/uploads\/2025\/03\/H75633bb348b14b72bdc09b5505baadeau.jpg_720x720q50.avif\",\"width\":720,\"height\":720,\"caption\":\"Bamboo Custom Plaid Pattern Baby Gift Set\"},{\"@type\":\"BreadcrumbList\",\"@id\":\"https:\/\/petelulu.com\/product\/bamboo-custom-plaid-pattern-baby-gift-set\/#breadcrumb\",\"itemListElement\":[{\"@type\":\"ListItem\",\"position\":1,\"name\":\"\u9996\u9875\",\"item\":\"https:\/\/petelulu.com\/\"},{\"@type\":\"ListItem\",\"position\":2,\"name\":\"PRODUCT GALLERY\",\"item\":\"https:\/\/petelulu.com\/product-gallery\/\"},{\"@type\":\"ListItem\",\"position\":3,\"name\":\"Custom Bamboo Viscose Custom Plaid Pattern Baby Gift Set\"}]},{\"@type\":\"WebSite\",\"@id\":\"https:\/\/petelulu.com\/#website\",\"url\":\"https:\/\/petelulu.com\/\",\"name\":\"PETElulu\",\"description\":\"\",\"potentialAction\":[{\"@type\":\"SearchAction\",\"target\":{\"@type\":\"EntryPoint\",\"urlTemplate\":\"https:\/\/petelulu.com\/?s={search_term_string}\"},\"query-input\":{\"@type\":\"PropertyValueSpecification\",\"valueRequired\":true,\"valueName\":\"search_term_string\"}}],\"inLanguage\":\"ro-RO\"}]}<\/script>\n<!-- \/ Yoast SEO Premium plugin. -->","yoast_head_json":{"title":"Bamboo viscoz\u0103 personalizat Plaid model Baby Gift Set - petelulu","description":"B2B \u00cembr\u0103c\u0103minte pentru copii | Bamboo Custom Plaid Pattern Baby Gift Set. Pre\u021buri competitive, livrare rapid\u0103. Livrare global\u0103 pentru retaileri \/ en-gros.","robots":{"index":"index","follow":"follow","max-snippet":"max-snippet:-1","max-image-preview":"max-image-preview:large","max-video-preview":"max-video-preview:-1"},"canonical":"https:\/\/petelulu.com\/ro\/product\/bambus-personalizat-model-carouri-copil-set-cadou\/","og_locale":"ro_RO","og_type":"article","og_title":"Custom Bamboo Viscose Custom Plaid Pattern Baby Gift Set","og_description":"B2B Baby Clothing | Bamboo Custom Plaid Pattern Baby Gift Set. Competitive Pricing, Quick Ship. Global Delivery for Retailers\/Wholesale.","og_url":"https:\/\/petelulu.com\/ro\/product\/bambus-personalizat-model-carouri-copil-set-cadou\/","og_site_name":"petelulu","article_modified_time":"2025-08-13T03:46:10+00:00","twitter_card":"summary_large_image","twitter_misc":{"Timp estimat pentru citire":"1 minut"},"schema":{"@context":"https:\/\/schema.org","@graph":[{"@type":"WebPage","@id":"https:\/\/petelulu.com\/product\/bamboo-custom-plaid-pattern-baby-gift-set\/","url":"https:\/\/petelulu.com\/product\/bamboo-custom-plaid-pattern-baby-gift-set\/","name":"Bamboo viscoz\u0103 personalizat Plaid model Baby Gift Set - petelulu","isPartOf":{"@id":"https:\/\/petelulu.com\/#website"},"primaryImageOfPage":{"@id":"https:\/\/petelulu.com\/product\/bamboo-custom-plaid-pattern-baby-gift-set\/#primaryimage"},"image":{"@id":"https:\/\/petelulu.com\/product\/bamboo-custom-plaid-pattern-baby-gift-set\/#primaryimage"},"thumbnailUrl":"https:\/\/petelulu.com\/wp-content\/uploads\/2025\/03\/H75633bb348b14b72bdc09b5505baadeau.jpg_720x720q50.avif","datePublished":"2025-03-01T01:58:32+00:00","dateModified":"2025-08-13T03:46:10+00:00","description":"B2B \u00cembr\u0103c\u0103minte pentru copii | Bamboo Custom Plaid Pattern Baby Gift Set. Pre\u021buri competitive, livrare rapid\u0103. Livrare global\u0103 pentru retaileri \/ en-gros.","breadcrumb":{"@id":"https:\/\/petelulu.com\/product\/bamboo-custom-plaid-pattern-baby-gift-set\/#breadcrumb"},"inLanguage":"ro-RO","potentialAction":[{"@type":"ReadAction","target":["https:\/\/petelulu.com\/product\/bamboo-custom-plaid-pattern-baby-gift-set\/"]}]},{"@type":"ImageObject","inLanguage":"ro-RO","@id":"https:\/\/petelulu.com\/product\/bamboo-custom-plaid-pattern-baby-gift-set\/#primaryimage","url":"https:\/\/petelulu.com\/wp-content\/uploads\/2025\/03\/H75633bb348b14b72bdc09b5505baadeau.jpg_720x720q50.avif","contentUrl":"https:\/\/petelulu.com\/wp-content\/uploads\/2025\/03\/H75633bb348b14b72bdc09b5505baadeau.jpg_720x720q50.avif","width":720,"height":720,"caption":"Bamboo Custom Plaid Pattern Baby Gift Set"},{"@type":"BreadcrumbList","@id":"https:\/\/petelulu.com\/product\/bamboo-custom-plaid-pattern-baby-gift-set\/#breadcrumb","itemListElement":[{"@type":"ListItem","position":1,"name":"\u9996\u9875","item":"https:\/\/petelulu.com\/"},{"@type":"ListItem","position":2,"name":"PRODUCT GALLERY","item":"https:\/\/petelulu.com\/product-gallery\/"},{"@type":"ListItem","position":3,"name":"Custom Bamboo Viscose Custom Plaid Pattern Baby Gift Set"}]},{"@type":"WebSite","@id":"https:\/\/petelulu.com\/#website","url":"https:\/\/petelulu.com\/","name":"PETElulu","description":"","potentialAction":[{"@type":"SearchAction","target":{"@type":"EntryPoint","urlTemplate":"https:\/\/petelulu.com\/?s={search_term_string}"},"query-input":{"@type":"PropertyValueSpecification","valueRequired":true,"valueName":"search_term_string"}}],"inLanguage":"ro-RO"}]}},"builder_content":"","_links":{"self":[{"href":"https:\/\/petelulu.com\/ro\/wp-json\/wp\/v2\/product\/792","targetHints":{"allow":["GET"]}}],"collection":[{"href":"https:\/\/petelulu.com\/ro\/wp-json\/wp\/v2\/product"}],"about":[{"href":"https:\/\/petelulu.com\/ro\/wp-json\/wp\/v2\/types\/product"}],"wp:featuredmedia":[{"embeddable":true,"href":"https:\/\/petelulu.com\/ro\/wp-json\/wp\/v2\/media\/795"}],"wp:attachment":[{"href":"https:\/\/petelulu.com\/ro\/wp-json\/wp\/v2\/media?parent=792"}],"wp:term":[{"taxonomy":"product_brand","embeddable":true,"href":"https:\/\/petelulu.com\/ro\/wp-json\/wp\/v2\/product_brand?post=792"},{"taxonomy":"product_cat","embeddable":true,"href":"https:\/\/petelulu.com\/ro\/wp-json\/wp\/v2\/product_cat?post=792"},{"taxonomy":"product_tag","embeddable":true,"href":"https:\/\/petelulu.com\/ro\/wp-json\/wp\/v2\/product_tag?post=792"}],"curies":[{"name":"wp","href":"https:\/\/api.w.org\/{rel}","templated":true}]}}