{"id":701,"date":"2025-02-28T08:39:53","date_gmt":"2025-02-28T08:39:53","guid":{"rendered":"https:\/\/petelulu.com\/?post_type=product&#038;p=701"},"modified":"2025-08-12T23:43:12","modified_gmt":"2025-08-13T03:43:12","slug":"rom-cu-maneca-lunga-din-viscoza-de-bambus","status":"publish","type":"product","link":"https:\/\/petelulu.com\/ro\/product\/rom-cu-maneca-lunga-din-viscoza-de-bambus\/","title":{"rendered":"Romper personalizat cu m\u00e2nec\u0103 lung\u0103 din viscoz\u0103 de bambus"},"content":{"rendered":"<div id=\"sellingpoint\" class=\"header\">\n<h2>Despre acest produs<\/h2>\n<\/div>\n<ul class=\"\">\n<li data-spm-anchor-id=\"a2700.details.0.i79.181b7565MrYg3C\">Design ecologic \u0219i respirabil: Puloverul nostru de bambus pentru copii este fabricat din \u021bes\u0103tur\u0103 confortabil\u0103 de bambus, asigur\u00e2nd un articol de \u00eembr\u0103c\u0103minte respirabil \u0219i ecologic pentru micu\u021bul dvs. Aceast\u0103 caracteristic\u0103 este ideal\u0103 pentru p\u0103rin\u021bii care prioritizeaz\u0103 bun\u0103starea copiilor lor \u0219i a mediului.<\/li>\n<li data-spm-anchor-id=\"a2700.details.0.i78.181b7565MrYg3C\">Op\u021biune de sigl\u0103 personalizat\u0103: Oferim o op\u021biune de logo personalizat, care v\u0103 permite s\u0103 personaliza\u021bi rochi\u021ba cu identitatea unic\u0103 a m\u0103rcii dvs. Aceast\u0103 caracteristic\u0103 este perfect\u0103 pentru companiile care doresc s\u0103 creeze o imagine de brand coerent\u0103.<\/li>\n<li>Material moale \u0219i confortabil: Romerul este fabricat dintr-un material moale \u0219i de \u00eenalt\u0103 calitate, asigur\u00e2nd confortul \u0219i fericirea copilului dumneavoastr\u0103. Acest lucru este potrivit \u00een special pentru p\u0103rin\u021bii care caut\u0103 ce este mai bun pentru bebelu\u0219ii lor.<\/li>\n<li>Versatil \u0219i durabil: Cu o gam\u0103 de m\u0103rimi de 0-18 luni, aceast\u0103 rochie este potrivit\u0103 pentru sugari \u0219i copii mici, ceea ce o face o alegere versatil\u0103 pentru p\u0103rin\u021bii care au nevoie de un articol de \u00eembr\u0103c\u0103minte fiabil \u0219i de lung\u0103 durat\u0103.<\/li>\n<li>Timp de execu\u021bie rapid: Oferim un termen de execu\u021bie de 7 zile pentru comanda de prob\u0103, asigur\u00e2ndu-ne c\u0103 \u00eentreprinderile pot primi rapid pijamalele personalizate \u0219i \u00ee\u0219i pot respecta termenele de produc\u021bie.<\/li>\n<\/ul>\n<p><!--themify_builder_static--><!--\/themify_builder_static--><\/p>","protected":false},"excerpt":{"rendered":"<p>Pre\u021b unitar: US $6.99 \/ bucat\u0103<br \/>\nCantitate minim\u0103 de comand\u0103: 300 buc\u0103\u021bi<br \/>\nMaterial: Spandex \/ fibr\u0103 de bambus<br \/>\nAge: Newborn\/0-3M\/3-6M\/6-9M\/9-12M\/12-18M\/18-24M<br \/>\nMateriale aplicabile: Bambus\/bumbac organic\/bumbac pur\/raion Modal\/muselin\u0103 de bambus<br \/>\nTip \u00eenchidere: fermoar<br \/>\nCapacitatea de aprovizionare: 10,000 Piece\/Pieces pe lun\u0103<br \/>\nPort: Guangzhou, China<br \/>\nCondi\u021bii de plat\u0103: T\/T<br \/>\nE\u0219antion\uff1aAceta\u021bi e\u0219antion personalizat<br \/>\nDimensiune: 0-18luni<br \/>\nLogo: Logo personalizat<br \/>\nLivrare: 25-35 de zile lucr\u0103toare<br \/>\nOEM &amp; ODM<\/p>\n<p><a href=\"https:\/\/petelulu.com\/ro\/#category\">Vezi mai multe<\/a><\/p>\n<div class=\"wpforms-container wpforms-container-full wpforms-render-modern\" id=\"wpforms-2878\"><form id=\"wpforms-form-2878\" class=\"wpforms-validate wpforms-form wpforms-ajax-form\" data-formid=\"2878\" method=\"post\" enctype=\"multipart\/form-data\" action=\"\/ro\/wp-json\/wp\/v2\/product\/701\" data-token=\"f9e5e1c5cede5ee0c6e3b3c92c3e4d2d\" data-token-time=\"1776224935\" data-trp-original-action=\"\/ro\/wp-json\/wp\/v2\/product\/701\"><noscript class=\"wpforms-error-noscript\">V\u0103 rug\u0103m s\u0103 activa\u021bi JavaScript \u00een browserul dvs. pentru a completa acest formular.<\/noscript><div class=\"wpforms-hidden\" id=\"wpforms-error-noscript\">V\u0103 rug\u0103m s\u0103 activa\u021bi JavaScript \u00een browserul dvs. pentru a completa acest formular.<\/div><div class=\"wpforms-field-container\"><div id=\"wpforms-2878-field_2-container\" class=\"wpforms-field wpforms-field-name\" data-field-id=\"2\"><label class=\"wpforms-field-label\" for=\"wpforms-2878-field_2\">Nume \u0219i prenume <span class=\"wpforms-required-label\" aria-hidden=\"true\">*<\/span><\/label><input type=\"text\" id=\"wpforms-2878-field_2\" class=\"wpforms-field-medium wpforms-field-required\" name=\"wpforms[fields][2]\" aria-errormessage=\"wpforms-2878-field_2-error\" required><\/div><div id=\"wpforms-2878-field_5-container\" class=\"wpforms-field wpforms-field-email\" data-field-id=\"5\"><label class=\"wpforms-field-label\" for=\"wpforms-2878-field_5\">E-mail <span class=\"wpforms-required-label\" aria-hidden=\"true\">*<\/span><\/label><input type=\"email\" id=\"wpforms-2878-field_5\" class=\"wpforms-field-medium wpforms-field-required\" name=\"wpforms[fields][5]\" spellcheck=\"false\" aria-errormessage=\"wpforms-2878-field_5-error\" required><\/div><div id=\"wpforms-2878-field_3-container\" class=\"wpforms-field wpforms-field-textarea\" data-field-id=\"3\"><label class=\"wpforms-field-label\" for=\"wpforms-2878-field_3\">Cerere <span class=\"wpforms-required-label\" aria-hidden=\"true\">*<\/span><\/label><textarea id=\"wpforms-2878-field_3\" class=\"wpforms-field-medium wpforms-field-required\" name=\"wpforms[fields][3]\" aria-errormessage=\"wpforms-2878-field_3-error\" aria-describedby=\"wpforms-2878-field_3-description\" required><\/textarea><div id=\"wpforms-2878-field_3-description\" class=\"wpforms-field-description\">V\u0103 rug\u0103m s\u0103 ne furniza\u021bi cerin\u021bele dvs. \u0219i num\u0103rul WhatsApp, iar reprezentantul nostru de v\u00e2nz\u0103ri v\u0103 va contacta.<\/div><\/div><\/div><!-- .wpforms-field-container --><div class=\"wpforms-submit-container\" ><input type=\"hidden\" name=\"wpforms[id]\" value=\"2878\"><input type=\"hidden\" name=\"page_title\" value=\"\"><input type=\"hidden\" name=\"page_url\" value=\"https:\/\/petelulu.com\/ro\/wp-json\/wp\/v2\/product\/701\"><input type=\"hidden\" name=\"url_referer\" value=\"\"><button type=\"submit\" name=\"wpforms[submit]\" id=\"wpforms-submit-2878\" class=\"wpforms-submit\" data-alt-text=\"Sending...\" data-submit-text=\"Submit\" aria-live=\"assertive\" value=\"wpforms-submit\">Trimite<\/button><img loading=\"lazy\" decoding=\"async\" src=\"https:\/\/petelulu.com\/wp-content\/plugins\/wpforms-lite\/assets\/images\/submit-spin.svg\" class=\"wpforms-submit-spinner\" style=\"display: none;\" width=\"26\" height=\"26\" alt=\"\u00cenc\u0103rcare\"><\/div><input type=\"hidden\" name=\"trp-form-language\" value=\"ro\"\/><\/form><\/div>  <!-- .wpforms-container -->\n<p>&nbsp;<\/p>","protected":false},"featured_media":703,"template":"","meta":[],"product_brand":[],"product_cat":[41],"product_tag":[80],"class_list":{"0":"post-701","1":"product","2":"type-product","3":"status-publish","4":"has-post-thumbnail","6":"product_cat-rompers","7":"product_tag-baby","8":"has-post-title","9":"has-post-date","10":"has-post-category","11":"has-post-tag","12":"has-post-comment","13":"has-post-author","14":"","16":"first","17":"instock","18":"shipping-taxable","19":"product-type-simple"},"yoast_head":"<!-- This site is optimized with the Yoast SEO Premium plugin v24.5 (Yoast SEO v25.6) - https:\/\/yoast.com\/wordpress\/plugins\/seo\/ -->\n<title>Custom Bamboo Viscose Long-Sleeve Romper - petelulu<\/title>\n<meta name=\"description\" content=\"Bamboo Viscose Long-Sleeve Romper. Unique designs, global shipping, and OEM&amp;ODM services. Request a quote for your baby clothing needs!\" \/>\n<meta name=\"robots\" content=\"index, follow, max-snippet:-1, max-image-preview:large, max-video-preview:-1\" \/>\n<link rel=\"canonical\" href=\"https:\/\/petelulu.com\/ro\/product\/rom-cu-maneca-lunga-din-viscoza-de-bambus\/\" \/>\n<meta property=\"og:locale\" content=\"ro_RO\" \/>\n<meta property=\"og:type\" content=\"article\" \/>\n<meta property=\"og:title\" content=\"Custom Bamboo Viscose Long-Sleeve Romper\" \/>\n<meta property=\"og:description\" content=\"Bamboo Viscose Long-Sleeve Romper. Unique designs, global shipping, and OEM&amp;ODM services. Request a quote for your baby clothing needs!\" \/>\n<meta property=\"og:url\" content=\"https:\/\/petelulu.com\/ro\/product\/rom-cu-maneca-lunga-din-viscoza-de-bambus\/\" \/>\n<meta property=\"og:site_name\" content=\"petelulu\" \/>\n<meta property=\"article:modified_time\" content=\"2025-08-13T03:43:12+00:00\" \/>\n<meta property=\"og:image\" content=\"https:\/\/petelulu.com\/wp-content\/uploads\/2025\/02\/519\u4e3b\u56fe1.jpg\" \/>\n\t<meta property=\"og:image:width\" content=\"2000\" \/>\n\t<meta property=\"og:image:height\" content=\"2000\" \/>\n\t<meta property=\"og:image:type\" content=\"image\/jpeg\" \/>\n<meta name=\"twitter:card\" content=\"summary_large_image\" \/>\n<meta name=\"twitter:label1\" content=\"Timp estimat pentru citire\" \/>\n\t<meta name=\"twitter:data1\" content=\"1 minut\" \/>\n<script type=\"application\/ld+json\" class=\"yoast-schema-graph\">{\"@context\":\"https:\/\/schema.org\",\"@graph\":[{\"@type\":\"WebPage\",\"@id\":\"https:\/\/petelulu.com\/product\/bamboo-viscose-long-sleeve-romper\/\",\"url\":\"https:\/\/petelulu.com\/product\/bamboo-viscose-long-sleeve-romper\/\",\"name\":\"Custom Bamboo Viscose Long-Sleeve Romper - petelulu\",\"isPartOf\":{\"@id\":\"https:\/\/petelulu.com\/#website\"},\"primaryImageOfPage\":{\"@id\":\"https:\/\/petelulu.com\/product\/bamboo-viscose-long-sleeve-romper\/#primaryimage\"},\"image\":{\"@id\":\"https:\/\/petelulu.com\/product\/bamboo-viscose-long-sleeve-romper\/#primaryimage\"},\"thumbnailUrl\":\"https:\/\/petelulu.com\/wp-content\/uploads\/2025\/02\/519\u4e3b\u56fe1.jpg\",\"datePublished\":\"2025-02-28T08:39:53+00:00\",\"dateModified\":\"2025-08-13T03:43:12+00:00\",\"description\":\"Bamboo Viscose Long-Sleeve Romper. Unique designs, global shipping, and OEM&ODM services. Request a quote for your baby clothing needs!\",\"breadcrumb\":{\"@id\":\"https:\/\/petelulu.com\/product\/bamboo-viscose-long-sleeve-romper\/#breadcrumb\"},\"inLanguage\":\"ro-RO\",\"potentialAction\":[{\"@type\":\"ReadAction\",\"target\":[\"https:\/\/petelulu.com\/product\/bamboo-viscose-long-sleeve-romper\/\"]}]},{\"@type\":\"ImageObject\",\"inLanguage\":\"ro-RO\",\"@id\":\"https:\/\/petelulu.com\/product\/bamboo-viscose-long-sleeve-romper\/#primaryimage\",\"url\":\"https:\/\/petelulu.com\/wp-content\/uploads\/2025\/02\/519\u4e3b\u56fe1.jpg\",\"contentUrl\":\"https:\/\/petelulu.com\/wp-content\/uploads\/2025\/02\/519\u4e3b\u56fe1.jpg\",\"width\":2000,\"height\":2000},{\"@type\":\"BreadcrumbList\",\"@id\":\"https:\/\/petelulu.com\/product\/bamboo-viscose-long-sleeve-romper\/#breadcrumb\",\"itemListElement\":[{\"@type\":\"ListItem\",\"position\":1,\"name\":\"\u9996\u9875\",\"item\":\"https:\/\/petelulu.com\/\"},{\"@type\":\"ListItem\",\"position\":2,\"name\":\"PRODUCT GALLERY\",\"item\":\"https:\/\/petelulu.com\/product-gallery\/\"},{\"@type\":\"ListItem\",\"position\":3,\"name\":\"Custom Bamboo Viscose Long-Sleeve Romper\"}]},{\"@type\":\"WebSite\",\"@id\":\"https:\/\/petelulu.com\/#website\",\"url\":\"https:\/\/petelulu.com\/\",\"name\":\"PETElulu\",\"description\":\"\",\"potentialAction\":[{\"@type\":\"SearchAction\",\"target\":{\"@type\":\"EntryPoint\",\"urlTemplate\":\"https:\/\/petelulu.com\/?s={search_term_string}\"},\"query-input\":{\"@type\":\"PropertyValueSpecification\",\"valueRequired\":true,\"valueName\":\"search_term_string\"}}],\"inLanguage\":\"ro-RO\"}]}<\/script>\n<!-- \/ Yoast SEO Premium plugin. -->","yoast_head_json":{"title":"Romper personalizat cu m\u00e2nec\u0103 lung\u0103 din viscoz\u0103 de bambus - petelulu","description":"Bamboo viscoz\u0103 cu m\u00e2nec\u0103 lung\u0103 Romper. Modele unice, transport maritim global \u0219i servicii OEM&amp;ODM. Solicita\u021bi o ofert\u0103 pentru nevoile dvs. de \u00eembr\u0103c\u0103minte pentru copii!","robots":{"index":"index","follow":"follow","max-snippet":"max-snippet:-1","max-image-preview":"max-image-preview:large","max-video-preview":"max-video-preview:-1"},"canonical":"https:\/\/petelulu.com\/ro\/product\/rom-cu-maneca-lunga-din-viscoza-de-bambus\/","og_locale":"ro_RO","og_type":"article","og_title":"Custom Bamboo Viscose Long-Sleeve Romper","og_description":"Bamboo Viscose Long-Sleeve Romper. Unique designs, global shipping, and OEM&ODM services. Request a quote for your baby clothing needs!","og_url":"https:\/\/petelulu.com\/ro\/product\/rom-cu-maneca-lunga-din-viscoza-de-bambus\/","og_site_name":"petelulu","article_modified_time":"2025-08-13T03:43:12+00:00","og_image":[{"width":2000,"height":2000,"url":"https:\/\/petelulu.com\/wp-content\/uploads\/2025\/02\/519\u4e3b\u56fe1.jpg","type":"image\/jpeg"}],"twitter_card":"summary_large_image","twitter_misc":{"Timp estimat pentru citire":"1 minut"},"schema":{"@context":"https:\/\/schema.org","@graph":[{"@type":"WebPage","@id":"https:\/\/petelulu.com\/product\/bamboo-viscose-long-sleeve-romper\/","url":"https:\/\/petelulu.com\/product\/bamboo-viscose-long-sleeve-romper\/","name":"Romper personalizat cu m\u00e2nec\u0103 lung\u0103 din viscoz\u0103 de bambus - petelulu","isPartOf":{"@id":"https:\/\/petelulu.com\/#website"},"primaryImageOfPage":{"@id":"https:\/\/petelulu.com\/product\/bamboo-viscose-long-sleeve-romper\/#primaryimage"},"image":{"@id":"https:\/\/petelulu.com\/product\/bamboo-viscose-long-sleeve-romper\/#primaryimage"},"thumbnailUrl":"https:\/\/petelulu.com\/wp-content\/uploads\/2025\/02\/519\u4e3b\u56fe1.jpg","datePublished":"2025-02-28T08:39:53+00:00","dateModified":"2025-08-13T03:43:12+00:00","description":"Bamboo viscoz\u0103 cu m\u00e2nec\u0103 lung\u0103 Romper. Modele unice, transport maritim global \u0219i servicii OEM&amp;ODM. Solicita\u021bi o ofert\u0103 pentru nevoile dvs. de \u00eembr\u0103c\u0103minte pentru copii!","breadcrumb":{"@id":"https:\/\/petelulu.com\/product\/bamboo-viscose-long-sleeve-romper\/#breadcrumb"},"inLanguage":"ro-RO","potentialAction":[{"@type":"ReadAction","target":["https:\/\/petelulu.com\/product\/bamboo-viscose-long-sleeve-romper\/"]}]},{"@type":"ImageObject","inLanguage":"ro-RO","@id":"https:\/\/petelulu.com\/product\/bamboo-viscose-long-sleeve-romper\/#primaryimage","url":"https:\/\/petelulu.com\/wp-content\/uploads\/2025\/02\/519\u4e3b\u56fe1.jpg","contentUrl":"https:\/\/petelulu.com\/wp-content\/uploads\/2025\/02\/519\u4e3b\u56fe1.jpg","width":2000,"height":2000},{"@type":"BreadcrumbList","@id":"https:\/\/petelulu.com\/product\/bamboo-viscose-long-sleeve-romper\/#breadcrumb","itemListElement":[{"@type":"ListItem","position":1,"name":"\u9996\u9875","item":"https:\/\/petelulu.com\/"},{"@type":"ListItem","position":2,"name":"PRODUCT GALLERY","item":"https:\/\/petelulu.com\/product-gallery\/"},{"@type":"ListItem","position":3,"name":"Custom Bamboo Viscose Long-Sleeve Romper"}]},{"@type":"WebSite","@id":"https:\/\/petelulu.com\/#website","url":"https:\/\/petelulu.com\/","name":"PETElulu","description":"","potentialAction":[{"@type":"SearchAction","target":{"@type":"EntryPoint","urlTemplate":"https:\/\/petelulu.com\/?s={search_term_string}"},"query-input":{"@type":"PropertyValueSpecification","valueRequired":true,"valueName":"search_term_string"}}],"inLanguage":"ro-RO"}]}},"builder_content":"","_links":{"self":[{"href":"https:\/\/petelulu.com\/ro\/wp-json\/wp\/v2\/product\/701","targetHints":{"allow":["GET"]}}],"collection":[{"href":"https:\/\/petelulu.com\/ro\/wp-json\/wp\/v2\/product"}],"about":[{"href":"https:\/\/petelulu.com\/ro\/wp-json\/wp\/v2\/types\/product"}],"wp:featuredmedia":[{"embeddable":true,"href":"https:\/\/petelulu.com\/ro\/wp-json\/wp\/v2\/media\/703"}],"wp:attachment":[{"href":"https:\/\/petelulu.com\/ro\/wp-json\/wp\/v2\/media?parent=701"}],"wp:term":[{"taxonomy":"product_brand","embeddable":true,"href":"https:\/\/petelulu.com\/ro\/wp-json\/wp\/v2\/product_brand?post=701"},{"taxonomy":"product_cat","embeddable":true,"href":"https:\/\/petelulu.com\/ro\/wp-json\/wp\/v2\/product_cat?post=701"},{"taxonomy":"product_tag","embeddable":true,"href":"https:\/\/petelulu.com\/ro\/wp-json\/wp\/v2\/product_tag?post=701"}],"curies":[{"name":"wp","href":"https:\/\/api.w.org\/{rel}","templated":true}]}}