{"id":627,"date":"2025-02-28T03:30:50","date_gmt":"2025-02-28T03:30:50","guid":{"rendered":"https:\/\/petelulu.com\/?post_type=product&#038;p=627"},"modified":"2025-08-12T23:42:26","modified_gmt":"2025-08-13T03:42:26","slug":"bamboo-viscose-sleeveless-romper","status":"publish","type":"product","link":"https:\/\/petelulu.com\/ro\/product\/bamboo-viscose-sleeveless-romper\/","title":{"rendered":"Rochie f\u0103r\u0103 m\u00e2neci personalizat\u0103 din viscoz\u0103 de bambus"},"content":{"rendered":"<div id=\"sellingpoint\" class=\"header\">\n<h2>Despre acest produs<\/h2>\n<\/div>\n<ul class=\"\">\n<li>Comfortable and Breathable Fabric: Our baby bodysuit is crafted with soft and breathable bamboo fabric, ensuring your little one stays comfortable all day long, just like John, a satisfied customer, who appreciates the fabric&#8217;s gentle touch on his baby&#8217;s skin.<\/li>\n<li>Customizable Design: We welcome custom logo designs, allowing you to personalize the product with your brand&#8217;s unique identity, helping to increase brand recognition and loyalty, as seen in the case of Sarah&#8217;s successful custom order.<\/li>\n<li>Unisex and Versatile: Suitable for infants and toddlers, our romper is designed to be a versatile and practical addition to any baby&#8217;s wardrobe, perfect for both boys and girls, as it caters to a wide range of tastes and preferences.<\/li>\n<li>Convenient and Easy to Use: With a zipper closure, our baby bodysuit is easy to put on and take off, saving you time and effort, especially during those early morning diaper changes, as mentioned by Emily, a happy customer who appreciates the convenience.<\/li>\n<li data-spm-anchor-id=\"a2700.details.0.i85.7aa13bf4wcUQnK\">Quality and Reliability: Our product is produced with high-quality materials, including spandex and bamboo fiber, ensuring durability and a long-lasting garment, as demonstrated by our in-stock items and 7-day sample order lead time, providing customers with a hassle-free shopping experience.<\/li>\n<\/ul>\n<p><!--themify_builder_static--><!--\/themify_builder_static--><\/p>","protected":false},"excerpt":{"rendered":"<p>Pre\u021b unitar: US $3.99-5.99 \/ bucat\u0103<br \/>\nCantitate minim\u0103 de comand\u0103: 300 Piece \/ dimensiune<br \/>\nMaterial: Spandex \/ fibr\u0103 de bambus<br \/>\nAge: 0-3M\/3-6M\/6-9M\/9-12M\/12-18M\/18-24M\/2T-3T-4T<br \/>\nMateriale aplicabile: Bambus\/Bumbac organic\/Bumbac pur\/French Terry\/Muzelin\u0103 de bambus<br \/>\nTip \u00eenchidere: fermoar<br \/>\nCapacitatea de aprovizionare: 10,000 Piece\/Pieces pe lun\u0103<br \/>\nPort: Guangzhou, China<br \/>\nCondi\u021bii de plat\u0103: T\/T<br \/>\nE\u0219antion\uff1aAceta\u021bi e\u0219antion personalizat<br \/>\nDimensiune: 0-18luni<br \/>\nLogo: Logo personalizat<br \/>\nLivrare: 25-35 de zile lucr\u0103toare<br \/>\nOEM &amp; ODM<\/p>\n<p><a href=\"https:\/\/petelulu.com\/ro\/#category\">Vezi mai multe<\/a><\/p>\n<div class=\"wpforms-container wpforms-container-full wpforms-render-modern\" id=\"wpforms-2878\"><form id=\"wpforms-form-2878\" class=\"wpforms-validate wpforms-form wpforms-ajax-form\" data-formid=\"2878\" method=\"post\" enctype=\"multipart\/form-data\" action=\"\/ro\/wp-json\/wp\/v2\/product\/627\" data-token=\"e1a57099e00604c239ff9b2b39f1b9e0\" data-token-time=\"1776191620\" data-trp-original-action=\"\/ro\/wp-json\/wp\/v2\/product\/627\"><noscript class=\"wpforms-error-noscript\">V\u0103 rug\u0103m s\u0103 activa\u021bi JavaScript \u00een browserul dvs. pentru a completa acest formular.<\/noscript><div class=\"wpforms-hidden\" id=\"wpforms-error-noscript\">V\u0103 rug\u0103m s\u0103 activa\u021bi JavaScript \u00een browserul dvs. pentru a completa acest formular.<\/div><div class=\"wpforms-field-container\"><div id=\"wpforms-2878-field_2-container\" class=\"wpforms-field wpforms-field-name\" data-field-id=\"2\"><label class=\"wpforms-field-label\" for=\"wpforms-2878-field_2\">Nume \u0219i prenume <span class=\"wpforms-required-label\" aria-hidden=\"true\">*<\/span><\/label><input type=\"text\" id=\"wpforms-2878-field_2\" class=\"wpforms-field-medium wpforms-field-required\" name=\"wpforms[fields][2]\" aria-errormessage=\"wpforms-2878-field_2-error\" required><\/div><div id=\"wpforms-2878-field_5-container\" class=\"wpforms-field wpforms-field-email\" data-field-id=\"5\"><label class=\"wpforms-field-label\" for=\"wpforms-2878-field_5\">E-mail <span class=\"wpforms-required-label\" aria-hidden=\"true\">*<\/span><\/label><input type=\"email\" id=\"wpforms-2878-field_5\" class=\"wpforms-field-medium wpforms-field-required\" name=\"wpforms[fields][5]\" spellcheck=\"false\" aria-errormessage=\"wpforms-2878-field_5-error\" required><\/div><div id=\"wpforms-2878-field_3-container\" class=\"wpforms-field wpforms-field-textarea\" data-field-id=\"3\"><label class=\"wpforms-field-label\" for=\"wpforms-2878-field_3\">Cerere <span class=\"wpforms-required-label\" aria-hidden=\"true\">*<\/span><\/label><textarea id=\"wpforms-2878-field_3\" class=\"wpforms-field-medium wpforms-field-required\" name=\"wpforms[fields][3]\" aria-errormessage=\"wpforms-2878-field_3-error\" aria-describedby=\"wpforms-2878-field_3-description\" required><\/textarea><div id=\"wpforms-2878-field_3-description\" class=\"wpforms-field-description\">V\u0103 rug\u0103m s\u0103 ne furniza\u021bi cerin\u021bele dvs. \u0219i num\u0103rul WhatsApp, iar reprezentantul nostru de v\u00e2nz\u0103ri v\u0103 va contacta.<\/div><\/div><\/div><!-- .wpforms-field-container --><div class=\"wpforms-submit-container\" ><input type=\"hidden\" name=\"wpforms[id]\" value=\"2878\"><input type=\"hidden\" name=\"page_title\" value=\"\"><input type=\"hidden\" name=\"page_url\" value=\"https:\/\/petelulu.com\/ro\/wp-json\/wp\/v2\/product\/627\"><input type=\"hidden\" name=\"url_referer\" value=\"\"><button type=\"submit\" name=\"wpforms[submit]\" id=\"wpforms-submit-2878\" class=\"wpforms-submit\" data-alt-text=\"Sending...\" data-submit-text=\"Submit\" aria-live=\"assertive\" value=\"wpforms-submit\">Trimite<\/button><img loading=\"lazy\" decoding=\"async\" src=\"https:\/\/petelulu.com\/wp-content\/plugins\/wpforms-lite\/assets\/images\/submit-spin.svg\" class=\"wpforms-submit-spinner\" style=\"display: none;\" width=\"26\" height=\"26\" alt=\"\u00cenc\u0103rcare\"><\/div><input type=\"hidden\" name=\"trp-form-language\" value=\"ro\"\/><\/form><\/div>  <!-- .wpforms-container -->\n<p>&nbsp;<\/p>","protected":false},"featured_media":678,"template":"","meta":[],"product_brand":[],"product_cat":[41],"product_tag":[80],"class_list":{"0":"post-627","1":"product","2":"type-product","3":"status-publish","4":"has-post-thumbnail","6":"product_cat-rompers","7":"product_tag-baby","8":"has-post-title","9":"has-post-date","10":"has-post-category","11":"has-post-tag","12":"has-post-comment","13":"has-post-author","14":"","16":"first","17":"instock","18":"shipping-taxable","19":"product-type-simple"},"yoast_head":"<!-- This site is optimized with the Yoast SEO Premium plugin v24.5 (Yoast SEO v25.6) - https:\/\/yoast.com\/wordpress\/plugins\/seo\/ -->\n<title>Custom Bamboo Viscose Sleeveless Romper - petelulu<\/title>\n<meta name=\"description\" content=\"Bamboo Viscose Sleeveless Romper. Unique designs, global shipping, and OEM&amp;ODM services. Request a quote for your baby clothing needs!\" \/>\n<meta name=\"robots\" content=\"index, follow, max-snippet:-1, max-image-preview:large, max-video-preview:-1\" \/>\n<link rel=\"canonical\" href=\"https:\/\/petelulu.com\/ro\/product\/bamboo-viscose-sleeveless-romper\/\" \/>\n<meta property=\"og:locale\" content=\"ro_RO\" \/>\n<meta property=\"og:type\" content=\"article\" \/>\n<meta property=\"og:title\" content=\"Custom Bamboo Viscose Sleeveless Romper\" \/>\n<meta property=\"og:description\" content=\"Bamboo Viscose Sleeveless Romper. Unique designs, global shipping, and OEM&amp;ODM services. Request a quote for your baby clothing needs!\" \/>\n<meta property=\"og:url\" content=\"https:\/\/petelulu.com\/ro\/product\/bamboo-viscose-sleeveless-romper\/\" \/>\n<meta property=\"og:site_name\" content=\"petelulu\" \/>\n<meta property=\"article:modified_time\" content=\"2025-08-13T03:42:26+00:00\" \/>\n<meta property=\"og:image\" content=\"https:\/\/petelulu.com\/wp-content\/uploads\/2025\/02\/541\u4e3b\u56fe.jpg\" \/>\n\t<meta property=\"og:image:width\" content=\"1677\" \/>\n\t<meta property=\"og:image:height\" content=\"1677\" \/>\n\t<meta property=\"og:image:type\" content=\"image\/jpeg\" \/>\n<meta name=\"twitter:card\" content=\"summary_large_image\" \/>\n<meta name=\"twitter:label1\" content=\"Timp estimat pentru citire\" \/>\n\t<meta name=\"twitter:data1\" content=\"2 minute\" \/>\n<script type=\"application\/ld+json\" class=\"yoast-schema-graph\">{\"@context\":\"https:\/\/schema.org\",\"@graph\":[{\"@type\":\"WebPage\",\"@id\":\"https:\/\/petelulu.com\/product\/bamboo-viscose-sleeveless-romper\/\",\"url\":\"https:\/\/petelulu.com\/product\/bamboo-viscose-sleeveless-romper\/\",\"name\":\"Custom Bamboo Viscose Sleeveless Romper - petelulu\",\"isPartOf\":{\"@id\":\"https:\/\/petelulu.com\/#website\"},\"primaryImageOfPage\":{\"@id\":\"https:\/\/petelulu.com\/product\/bamboo-viscose-sleeveless-romper\/#primaryimage\"},\"image\":{\"@id\":\"https:\/\/petelulu.com\/product\/bamboo-viscose-sleeveless-romper\/#primaryimage\"},\"thumbnailUrl\":\"https:\/\/petelulu.com\/wp-content\/uploads\/2025\/02\/541\u4e3b\u56fe.jpg\",\"datePublished\":\"2025-02-28T03:30:50+00:00\",\"dateModified\":\"2025-08-13T03:42:26+00:00\",\"description\":\"Bamboo Viscose Sleeveless Romper. Unique designs, global shipping, and OEM&ODM services. Request a quote for your baby clothing needs!\",\"breadcrumb\":{\"@id\":\"https:\/\/petelulu.com\/product\/bamboo-viscose-sleeveless-romper\/#breadcrumb\"},\"inLanguage\":\"ro-RO\",\"potentialAction\":[{\"@type\":\"ReadAction\",\"target\":[\"https:\/\/petelulu.com\/product\/bamboo-viscose-sleeveless-romper\/\"]}]},{\"@type\":\"ImageObject\",\"inLanguage\":\"ro-RO\",\"@id\":\"https:\/\/petelulu.com\/product\/bamboo-viscose-sleeveless-romper\/#primaryimage\",\"url\":\"https:\/\/petelulu.com\/wp-content\/uploads\/2025\/02\/541\u4e3b\u56fe.jpg\",\"contentUrl\":\"https:\/\/petelulu.com\/wp-content\/uploads\/2025\/02\/541\u4e3b\u56fe.jpg\",\"width\":1677,\"height\":1677},{\"@type\":\"BreadcrumbList\",\"@id\":\"https:\/\/petelulu.com\/product\/bamboo-viscose-sleeveless-romper\/#breadcrumb\",\"itemListElement\":[{\"@type\":\"ListItem\",\"position\":1,\"name\":\"\u9996\u9875\",\"item\":\"https:\/\/petelulu.com\/\"},{\"@type\":\"ListItem\",\"position\":2,\"name\":\"PRODUCT GALLERY\",\"item\":\"https:\/\/petelulu.com\/product-gallery\/\"},{\"@type\":\"ListItem\",\"position\":3,\"name\":\"Custom Bamboo Viscose Sleeveless Romper\"}]},{\"@type\":\"WebSite\",\"@id\":\"https:\/\/petelulu.com\/#website\",\"url\":\"https:\/\/petelulu.com\/\",\"name\":\"PETElulu\",\"description\":\"\",\"potentialAction\":[{\"@type\":\"SearchAction\",\"target\":{\"@type\":\"EntryPoint\",\"urlTemplate\":\"https:\/\/petelulu.com\/?s={search_term_string}\"},\"query-input\":{\"@type\":\"PropertyValueSpecification\",\"valueRequired\":true,\"valueName\":\"search_term_string\"}}],\"inLanguage\":\"ro-RO\"}]}<\/script>\n<!-- \/ Yoast SEO Premium plugin. -->","yoast_head_json":{"title":"Custom Bamboo Viscose Sleeveless Romper - petelulu","description":"Bamboo Viscose Sleeveless Romper. Unique designs, global shipping, and OEM&ODM services. Request a quote for your baby clothing needs!","robots":{"index":"index","follow":"follow","max-snippet":"max-snippet:-1","max-image-preview":"max-image-preview:large","max-video-preview":"max-video-preview:-1"},"canonical":"https:\/\/petelulu.com\/ro\/product\/bamboo-viscose-sleeveless-romper\/","og_locale":"ro_RO","og_type":"article","og_title":"Custom Bamboo Viscose Sleeveless Romper","og_description":"Bamboo Viscose Sleeveless Romper. Unique designs, global shipping, and OEM&ODM services. Request a quote for your baby clothing needs!","og_url":"https:\/\/petelulu.com\/ro\/product\/bamboo-viscose-sleeveless-romper\/","og_site_name":"petelulu","article_modified_time":"2025-08-13T03:42:26+00:00","og_image":[{"width":1677,"height":1677,"url":"https:\/\/petelulu.com\/wp-content\/uploads\/2025\/02\/541\u4e3b\u56fe.jpg","type":"image\/jpeg"}],"twitter_card":"summary_large_image","twitter_misc":{"Timp estimat pentru citire":"2 minute"},"schema":{"@context":"https:\/\/schema.org","@graph":[{"@type":"WebPage","@id":"https:\/\/petelulu.com\/product\/bamboo-viscose-sleeveless-romper\/","url":"https:\/\/petelulu.com\/product\/bamboo-viscose-sleeveless-romper\/","name":"Custom Bamboo Viscose Sleeveless Romper - petelulu","isPartOf":{"@id":"https:\/\/petelulu.com\/#website"},"primaryImageOfPage":{"@id":"https:\/\/petelulu.com\/product\/bamboo-viscose-sleeveless-romper\/#primaryimage"},"image":{"@id":"https:\/\/petelulu.com\/product\/bamboo-viscose-sleeveless-romper\/#primaryimage"},"thumbnailUrl":"https:\/\/petelulu.com\/wp-content\/uploads\/2025\/02\/541\u4e3b\u56fe.jpg","datePublished":"2025-02-28T03:30:50+00:00","dateModified":"2025-08-13T03:42:26+00:00","description":"Bamboo Viscose Sleeveless Romper. Unique designs, global shipping, and OEM&ODM services. Request a quote for your baby clothing needs!","breadcrumb":{"@id":"https:\/\/petelulu.com\/product\/bamboo-viscose-sleeveless-romper\/#breadcrumb"},"inLanguage":"ro-RO","potentialAction":[{"@type":"ReadAction","target":["https:\/\/petelulu.com\/product\/bamboo-viscose-sleeveless-romper\/"]}]},{"@type":"ImageObject","inLanguage":"ro-RO","@id":"https:\/\/petelulu.com\/product\/bamboo-viscose-sleeveless-romper\/#primaryimage","url":"https:\/\/petelulu.com\/wp-content\/uploads\/2025\/02\/541\u4e3b\u56fe.jpg","contentUrl":"https:\/\/petelulu.com\/wp-content\/uploads\/2025\/02\/541\u4e3b\u56fe.jpg","width":1677,"height":1677},{"@type":"BreadcrumbList","@id":"https:\/\/petelulu.com\/product\/bamboo-viscose-sleeveless-romper\/#breadcrumb","itemListElement":[{"@type":"ListItem","position":1,"name":"\u9996\u9875","item":"https:\/\/petelulu.com\/"},{"@type":"ListItem","position":2,"name":"PRODUCT GALLERY","item":"https:\/\/petelulu.com\/product-gallery\/"},{"@type":"ListItem","position":3,"name":"Custom Bamboo Viscose Sleeveless Romper"}]},{"@type":"WebSite","@id":"https:\/\/petelulu.com\/#website","url":"https:\/\/petelulu.com\/","name":"PETElulu","description":"","potentialAction":[{"@type":"SearchAction","target":{"@type":"EntryPoint","urlTemplate":"https:\/\/petelulu.com\/?s={search_term_string}"},"query-input":{"@type":"PropertyValueSpecification","valueRequired":true,"valueName":"search_term_string"}}],"inLanguage":"ro-RO"}]}},"builder_content":"","_links":{"self":[{"href":"https:\/\/petelulu.com\/ro\/wp-json\/wp\/v2\/product\/627","targetHints":{"allow":["GET"]}}],"collection":[{"href":"https:\/\/petelulu.com\/ro\/wp-json\/wp\/v2\/product"}],"about":[{"href":"https:\/\/petelulu.com\/ro\/wp-json\/wp\/v2\/types\/product"}],"wp:featuredmedia":[{"embeddable":true,"href":"https:\/\/petelulu.com\/ro\/wp-json\/wp\/v2\/media\/678"}],"wp:attachment":[{"href":"https:\/\/petelulu.com\/ro\/wp-json\/wp\/v2\/media?parent=627"}],"wp:term":[{"taxonomy":"product_brand","embeddable":true,"href":"https:\/\/petelulu.com\/ro\/wp-json\/wp\/v2\/product_brand?post=627"},{"taxonomy":"product_cat","embeddable":true,"href":"https:\/\/petelulu.com\/ro\/wp-json\/wp\/v2\/product_cat?post=627"},{"taxonomy":"product_tag","embeddable":true,"href":"https:\/\/petelulu.com\/ro\/wp-json\/wp\/v2\/product_tag?post=627"}],"curies":[{"name":"wp","href":"https:\/\/api.w.org\/{rel}","templated":true}]}}