{"id":4541,"date":"2025-06-17T23:34:12","date_gmt":"2025-06-18T03:34:12","guid":{"rendered":"https:\/\/petelulu.com\/product\/short-sleeve-cotton-clothing-set-copy\/"},"modified":"2026-03-05T12:48:14","modified_gmt":"2026-03-05T04:48:14","slug":"romper-din-bumbac-cu-maneca-scurta","status":"publish","type":"product","link":"https:\/\/petelulu.com\/ro\/product\/romper-din-bumbac-cu-maneca-scurta\/","title":{"rendered":"Romper personalizat cu m\u00e2nec\u0103 scurt\u0103 din bumbac"},"content":{"rendered":"<div id=\"sellingpoint\" class=\"header\">\n<h2>Despre acest produs<\/h2>\n<\/div>\n<ul class=\"\">\n<li>Materiale de \u00eenalt\u0103 calitate: Acest set de \u00eembr\u0103c\u0103minte pentru copii de calitate premium este fabricat din bumbac 100%, asigur\u00e2nd o \u021bes\u0103tur\u0103 moale, respirabil\u0103 \u0219i ecologic\u0103, care este delicat\u0103 pe pielea copilului dvs. Utilizarea bumbacului 100% \u00eel face, de asemenea, u\u0219or de \u00eengrijit \u0219i \u00eentre\u021binut.<\/li>\n<li>Design confortabil: Designul cu m\u00e2nec\u0103 scurt\u0103 ofer\u0103 o potrivire confortabil\u0103 pentru copilul dvs., ideal pentru vreme cald\u0103. Caracteristicile anti-contrac\u021bie, anti-rid \u0219i uscare rapid\u0103 asigur\u0103 c\u0103 setul de \u00eembr\u0103c\u0103minte r\u0103m\u00e2ne \u00een stare excelent\u0103 chiar \u0219i dup\u0103 sp\u0103l\u0103ri repetate.<\/li>\n<li>Op\u021biuni de personalizare: Oferim servicii de personalizare, permi\u021b\u00e2ndu-v\u0103 s\u0103 personaliza\u021bi setul de \u00eembr\u0103c\u0103minte cu logo-ul sau culorile dorite. Acest lucru \u00eel face o alegere excelent\u0103 pentru companiile care doresc s\u0103 creeze marf\u0103 de marc\u0103 sau pentru persoanele care caut\u0103 un cadou unic.<\/li>\n<li>Multifunc\u021bional: Acest set din 2 piese include o c\u0103ma\u0219\u0103 \u0219i pantaloni scur\u021bi, oferind un costum complet pentru copilul dvs. Tipul de \u00eenchidere este o cus\u0103tur\u0103 deschis\u0103, asigur\u00e2nd o potrivire sigur\u0103 \u0219i confortabil\u0103.<\/li>\n<li data-spm-anchor-id=\"a2700.details.0.i80.2cd556eaYUtQCx\">Proces de comand\u0103 convenabil: Oferim un termen rapid de 7 zile pentru comanda de mostre, permi\u021b\u00e2ndu-v\u0103 s\u0103 primi\u021bi produsul dvs. personalizat \u00een timp util. \u00cen plus, accept\u0103m comenzi OEM \u0219i ODM, pentru a r\u0103spunde nevoilor dvs. de afaceri specifice.<\/li>\n<\/ul>","protected":false},"excerpt":{"rendered":"<p>Pre\u021b unitar: US $6.90-9.50\/ Bucat\u0103<br \/>\nCantitate minim\u0103 de comand\u0103: 300 Piece \/ dimensiune<br \/>\nMaterial: Spandex \/ Bumbac organic<br \/>\nAge: 0-3M\/3-6M\/6-9M\/9-12M\/12-18M\/18-24M\/2T-3T-4T<br \/>\nMateriale aplicabile: Bambus\/Bumbac organic\/Bumbac pur\/French Terry\/Muzelin\u0103 de bambus<br \/>\nSupply Ability: 100,000 Piece\/Pieces per Month<br \/>\nPort: Guangzhou, China<br \/>\nCondi\u021bii de plat\u0103: T\/T<br \/>\nE\u0219antion\uff1aAceta\u021bi e\u0219antion personalizat<br \/>\nLogo: Logo personalizat<br \/>\nLivrare: 25-35 de zile lucr\u0103toare<br \/>\nOEM &amp; ODM<\/p>\n<p><a href=\"https:\/\/petelulu.com\/ro\/#category\">Vezi mai multe<\/a><\/p>\n<div class=\"wpforms-container wpforms-container-full wpforms-render-modern\" id=\"wpforms-2878\"><form id=\"wpforms-form-2878\" class=\"wpforms-validate wpforms-form wpforms-ajax-form\" data-formid=\"2878\" method=\"post\" enctype=\"multipart\/form-data\" action=\"\/ro\/wp-json\/wp\/v2\/product\/4541\" data-token=\"e1a57099e00604c239ff9b2b39f1b9e0\" data-token-time=\"1776191905\" data-trp-original-action=\"\/ro\/wp-json\/wp\/v2\/product\/4541\"><noscript class=\"wpforms-error-noscript\">V\u0103 rug\u0103m s\u0103 activa\u021bi JavaScript \u00een browserul dvs. pentru a completa acest formular.<\/noscript><div class=\"wpforms-hidden\" id=\"wpforms-error-noscript\">V\u0103 rug\u0103m s\u0103 activa\u021bi JavaScript \u00een browserul dvs. pentru a completa acest formular.<\/div><div class=\"wpforms-field-container\"><div id=\"wpforms-2878-field_2-container\" class=\"wpforms-field wpforms-field-name\" data-field-id=\"2\"><label class=\"wpforms-field-label\" for=\"wpforms-2878-field_2\">Nume \u0219i prenume <span class=\"wpforms-required-label\" aria-hidden=\"true\">*<\/span><\/label><input type=\"text\" id=\"wpforms-2878-field_2\" class=\"wpforms-field-medium wpforms-field-required\" name=\"wpforms[fields][2]\" aria-errormessage=\"wpforms-2878-field_2-error\" required><\/div><div id=\"wpforms-2878-field_5-container\" class=\"wpforms-field wpforms-field-email\" data-field-id=\"5\"><label class=\"wpforms-field-label\" for=\"wpforms-2878-field_5\">E-mail <span class=\"wpforms-required-label\" aria-hidden=\"true\">*<\/span><\/label><input type=\"email\" id=\"wpforms-2878-field_5\" class=\"wpforms-field-medium wpforms-field-required\" name=\"wpforms[fields][5]\" spellcheck=\"false\" aria-errormessage=\"wpforms-2878-field_5-error\" required><\/div><div id=\"wpforms-2878-field_3-container\" class=\"wpforms-field wpforms-field-textarea\" data-field-id=\"3\"><label class=\"wpforms-field-label\" for=\"wpforms-2878-field_3\">Cerere <span class=\"wpforms-required-label\" aria-hidden=\"true\">*<\/span><\/label><textarea id=\"wpforms-2878-field_3\" class=\"wpforms-field-medium wpforms-field-required\" name=\"wpforms[fields][3]\" aria-errormessage=\"wpforms-2878-field_3-error\" aria-describedby=\"wpforms-2878-field_3-description\" required><\/textarea><div id=\"wpforms-2878-field_3-description\" class=\"wpforms-field-description\">V\u0103 rug\u0103m s\u0103 ne furniza\u021bi cerin\u021bele dvs. \u0219i num\u0103rul WhatsApp, iar reprezentantul nostru de v\u00e2nz\u0103ri v\u0103 va contacta.<\/div><\/div><\/div><!-- .wpforms-field-container --><div class=\"wpforms-submit-container\" ><input type=\"hidden\" name=\"wpforms[id]\" value=\"2878\"><input type=\"hidden\" name=\"page_title\" value=\"\"><input type=\"hidden\" name=\"page_url\" value=\"https:\/\/petelulu.com\/ro\/wp-json\/wp\/v2\/product\/4541\"><input type=\"hidden\" name=\"url_referer\" value=\"\"><button type=\"submit\" name=\"wpforms[submit]\" id=\"wpforms-submit-2878\" class=\"wpforms-submit\" data-alt-text=\"Sending...\" data-submit-text=\"Submit\" aria-live=\"assertive\" value=\"wpforms-submit\">Trimite<\/button><img loading=\"lazy\" decoding=\"async\" src=\"https:\/\/petelulu.com\/wp-content\/plugins\/wpforms-lite\/assets\/images\/submit-spin.svg\" class=\"wpforms-submit-spinner\" style=\"display: none;\" width=\"26\" height=\"26\" alt=\"\u00cenc\u0103rcare\"><\/div><input type=\"hidden\" name=\"trp-form-language\" value=\"ro\"\/><\/form><\/div>  <!-- .wpforms-container -->\n<p>&nbsp;<\/p>","protected":false},"featured_media":4542,"template":"","meta":[],"product_brand":[],"product_cat":[108],"product_tag":[80,110],"class_list":{"0":"post-4541","1":"product","2":"type-product","3":"status-publish","4":"has-post-thumbnail","6":"product_cat-custom-cotton-jumper","7":"product_tag-baby","8":"product_tag-hello-summer","9":"has-post-title","10":"has-post-date","11":"has-post-category","12":"has-post-tag","13":"has-post-comment","14":"has-post-author","15":"","17":"first","18":"instock","19":"shipping-taxable","20":"product-type-simple"},"yoast_head":"<!-- This site is optimized with the Yoast SEO Premium plugin v24.5 (Yoast SEO v25.6) - https:\/\/yoast.com\/wordpress\/plugins\/seo\/ -->\n<title>Custom Short Sleeve Cotton Romper - petelulu<\/title>\n<meta name=\"description\" content=\"B2B Baby Clothing | Short Sleeve Boys Clothing Sets. Competitive Pricing, Quick Ship. Global Delivery for Retailers\/Wholesale.\" \/>\n<meta name=\"robots\" content=\"index, follow, max-snippet:-1, max-image-preview:large, max-video-preview:-1\" \/>\n<link rel=\"canonical\" href=\"https:\/\/petelulu.com\/ro\/product\/romper-din-bumbac-cu-maneca-scurta\/\" \/>\n<meta property=\"og:locale\" content=\"ro_RO\" \/>\n<meta property=\"og:type\" content=\"article\" \/>\n<meta property=\"og:title\" content=\"Custom Short Sleeve Cotton Romper\" \/>\n<meta property=\"og:description\" content=\"B2B Baby Clothing | Short Sleeve Boys Clothing Sets. Competitive Pricing, Quick Ship. Global Delivery for Retailers\/Wholesale.\" \/>\n<meta property=\"og:url\" content=\"https:\/\/petelulu.com\/ro\/product\/romper-din-bumbac-cu-maneca-scurta\/\" \/>\n<meta property=\"og:site_name\" content=\"petelulu\" \/>\n<meta property=\"article:modified_time\" content=\"2026-03-05T04:48:14+00:00\" \/>\n<meta property=\"og:image\" content=\"https:\/\/petelulu.com\/wp-content\/uploads\/2025\/06\/L2025015\u4e3b\u56fe2.avif\" \/>\n\t<meta property=\"og:image:width\" content=\"2000\" \/>\n\t<meta property=\"og:image:height\" content=\"2000\" \/>\n\t<meta property=\"og:image:type\" content=\"image\/jpeg\" \/>\n<meta name=\"twitter:card\" content=\"summary_large_image\" \/>\n<meta name=\"twitter:label1\" content=\"Timp estimat pentru citire\" \/>\n\t<meta name=\"twitter:data1\" content=\"2 minute\" \/>\n<script type=\"application\/ld+json\" class=\"yoast-schema-graph\">{\"@context\":\"https:\/\/schema.org\",\"@graph\":[{\"@type\":\"WebPage\",\"@id\":\"https:\/\/petelulu.com\/product\/short-sleeve-cotton-romper\/\",\"url\":\"https:\/\/petelulu.com\/product\/short-sleeve-cotton-romper\/\",\"name\":\"Custom Short Sleeve Cotton Romper - petelulu\",\"isPartOf\":{\"@id\":\"https:\/\/petelulu.com\/#website\"},\"primaryImageOfPage\":{\"@id\":\"https:\/\/petelulu.com\/product\/short-sleeve-cotton-romper\/#primaryimage\"},\"image\":{\"@id\":\"https:\/\/petelulu.com\/product\/short-sleeve-cotton-romper\/#primaryimage\"},\"thumbnailUrl\":\"https:\/\/petelulu.com\/wp-content\/uploads\/2025\/06\/L2025015\u4e3b\u56fe2.avif\",\"datePublished\":\"2025-06-18T03:34:12+00:00\",\"dateModified\":\"2026-03-05T04:48:14+00:00\",\"description\":\"B2B Baby Clothing | Short Sleeve Boys Clothing Sets. Competitive Pricing, Quick Ship. Global Delivery for Retailers\/Wholesale.\",\"breadcrumb\":{\"@id\":\"https:\/\/petelulu.com\/product\/short-sleeve-cotton-romper\/#breadcrumb\"},\"inLanguage\":\"ro-RO\",\"potentialAction\":[{\"@type\":\"ReadAction\",\"target\":[\"https:\/\/petelulu.com\/product\/short-sleeve-cotton-romper\/\"]}]},{\"@type\":\"ImageObject\",\"inLanguage\":\"ro-RO\",\"@id\":\"https:\/\/petelulu.com\/product\/short-sleeve-cotton-romper\/#primaryimage\",\"url\":\"https:\/\/petelulu.com\/wp-content\/uploads\/2025\/06\/L2025015\u4e3b\u56fe2.avif\",\"contentUrl\":\"https:\/\/petelulu.com\/wp-content\/uploads\/2025\/06\/L2025015\u4e3b\u56fe2.avif\",\"width\":2000,\"height\":2000,\"caption\":\"custom baby shortall\"},{\"@type\":\"BreadcrumbList\",\"@id\":\"https:\/\/petelulu.com\/product\/short-sleeve-cotton-romper\/#breadcrumb\",\"itemListElement\":[{\"@type\":\"ListItem\",\"position\":1,\"name\":\"\u9996\u9875\",\"item\":\"https:\/\/petelulu.com\/\"},{\"@type\":\"ListItem\",\"position\":2,\"name\":\"PRODUCT GALLERY\",\"item\":\"https:\/\/petelulu.com\/product-gallery\/\"},{\"@type\":\"ListItem\",\"position\":3,\"name\":\"Custom Short Sleeve Cotton Romper\"}]},{\"@type\":\"WebSite\",\"@id\":\"https:\/\/petelulu.com\/#website\",\"url\":\"https:\/\/petelulu.com\/\",\"name\":\"PETElulu\",\"description\":\"\",\"potentialAction\":[{\"@type\":\"SearchAction\",\"target\":{\"@type\":\"EntryPoint\",\"urlTemplate\":\"https:\/\/petelulu.com\/?s={search_term_string}\"},\"query-input\":{\"@type\":\"PropertyValueSpecification\",\"valueRequired\":true,\"valueName\":\"search_term_string\"}}],\"inLanguage\":\"ro-RO\"}]}<\/script>\n<!-- \/ Yoast SEO Premium plugin. -->","yoast_head_json":{"title":"Romper personalizat cu m\u00e2nec\u0103 scurt\u0103 din bumbac - petelulu","description":"B2B \u00cembr\u0103c\u0103minte pentru copii | Seturi de \u00eembr\u0103c\u0103minte cu m\u00e2nec\u0103 scurt\u0103 pentru b\u0103ie\u021bi. Pre\u021buri competitive, livrare rapid\u0103. Livrare global\u0103 pentru retaileri \/ en-gros.","robots":{"index":"index","follow":"follow","max-snippet":"max-snippet:-1","max-image-preview":"max-image-preview:large","max-video-preview":"max-video-preview:-1"},"canonical":"https:\/\/petelulu.com\/ro\/product\/romper-din-bumbac-cu-maneca-scurta\/","og_locale":"ro_RO","og_type":"article","og_title":"Custom Short Sleeve Cotton Romper","og_description":"B2B Baby Clothing | Short Sleeve Boys Clothing Sets. Competitive Pricing, Quick Ship. Global Delivery for Retailers\/Wholesale.","og_url":"https:\/\/petelulu.com\/ro\/product\/romper-din-bumbac-cu-maneca-scurta\/","og_site_name":"petelulu","article_modified_time":"2026-03-05T04:48:14+00:00","og_image":[{"width":2000,"height":2000,"url":"https:\/\/petelulu.com\/wp-content\/uploads\/2025\/06\/L2025015\u4e3b\u56fe2.avif","type":"image\/jpeg"}],"twitter_card":"summary_large_image","twitter_misc":{"Timp estimat pentru citire":"2 minute"},"schema":{"@context":"https:\/\/schema.org","@graph":[{"@type":"WebPage","@id":"https:\/\/petelulu.com\/product\/short-sleeve-cotton-romper\/","url":"https:\/\/petelulu.com\/product\/short-sleeve-cotton-romper\/","name":"Romper personalizat cu m\u00e2nec\u0103 scurt\u0103 din bumbac - petelulu","isPartOf":{"@id":"https:\/\/petelulu.com\/#website"},"primaryImageOfPage":{"@id":"https:\/\/petelulu.com\/product\/short-sleeve-cotton-romper\/#primaryimage"},"image":{"@id":"https:\/\/petelulu.com\/product\/short-sleeve-cotton-romper\/#primaryimage"},"thumbnailUrl":"https:\/\/petelulu.com\/wp-content\/uploads\/2025\/06\/L2025015\u4e3b\u56fe2.avif","datePublished":"2025-06-18T03:34:12+00:00","dateModified":"2026-03-05T04:48:14+00:00","description":"B2B \u00cembr\u0103c\u0103minte pentru copii | Seturi de \u00eembr\u0103c\u0103minte cu m\u00e2nec\u0103 scurt\u0103 pentru b\u0103ie\u021bi. Pre\u021buri competitive, livrare rapid\u0103. Livrare global\u0103 pentru retaileri \/ en-gros.","breadcrumb":{"@id":"https:\/\/petelulu.com\/product\/short-sleeve-cotton-romper\/#breadcrumb"},"inLanguage":"ro-RO","potentialAction":[{"@type":"ReadAction","target":["https:\/\/petelulu.com\/product\/short-sleeve-cotton-romper\/"]}]},{"@type":"ImageObject","inLanguage":"ro-RO","@id":"https:\/\/petelulu.com\/product\/short-sleeve-cotton-romper\/#primaryimage","url":"https:\/\/petelulu.com\/wp-content\/uploads\/2025\/06\/L2025015\u4e3b\u56fe2.avif","contentUrl":"https:\/\/petelulu.com\/wp-content\/uploads\/2025\/06\/L2025015\u4e3b\u56fe2.avif","width":2000,"height":2000,"caption":"custom baby shortall"},{"@type":"BreadcrumbList","@id":"https:\/\/petelulu.com\/product\/short-sleeve-cotton-romper\/#breadcrumb","itemListElement":[{"@type":"ListItem","position":1,"name":"\u9996\u9875","item":"https:\/\/petelulu.com\/"},{"@type":"ListItem","position":2,"name":"PRODUCT GALLERY","item":"https:\/\/petelulu.com\/product-gallery\/"},{"@type":"ListItem","position":3,"name":"Custom Short Sleeve Cotton Romper"}]},{"@type":"WebSite","@id":"https:\/\/petelulu.com\/#website","url":"https:\/\/petelulu.com\/","name":"PETElulu","description":"","potentialAction":[{"@type":"SearchAction","target":{"@type":"EntryPoint","urlTemplate":"https:\/\/petelulu.com\/?s={search_term_string}"},"query-input":{"@type":"PropertyValueSpecification","valueRequired":true,"valueName":"search_term_string"}}],"inLanguage":"ro-RO"}]}},"builder_content":"","_links":{"self":[{"href":"https:\/\/petelulu.com\/ro\/wp-json\/wp\/v2\/product\/4541","targetHints":{"allow":["GET"]}}],"collection":[{"href":"https:\/\/petelulu.com\/ro\/wp-json\/wp\/v2\/product"}],"about":[{"href":"https:\/\/petelulu.com\/ro\/wp-json\/wp\/v2\/types\/product"}],"wp:featuredmedia":[{"embeddable":true,"href":"https:\/\/petelulu.com\/ro\/wp-json\/wp\/v2\/media\/4542"}],"wp:attachment":[{"href":"https:\/\/petelulu.com\/ro\/wp-json\/wp\/v2\/media?parent=4541"}],"wp:term":[{"taxonomy":"product_brand","embeddable":true,"href":"https:\/\/petelulu.com\/ro\/wp-json\/wp\/v2\/product_brand?post=4541"},{"taxonomy":"product_cat","embeddable":true,"href":"https:\/\/petelulu.com\/ro\/wp-json\/wp\/v2\/product_cat?post=4541"},{"taxonomy":"product_tag","embeddable":true,"href":"https:\/\/petelulu.com\/ro\/wp-json\/wp\/v2\/product_tag?post=4541"}],"curies":[{"name":"wp","href":"https:\/\/api.w.org\/{rel}","templated":true}]}}