{"id":3993,"date":"2025-05-22T06:07:51","date_gmt":"2025-05-22T06:07:51","guid":{"rendered":"https:\/\/petelulu.com\/?post_type=product&#038;p=3993"},"modified":"2025-08-12T23:06:23","modified_gmt":"2025-08-13T03:06:23","slug":"pulover-casual-pentru-copii-100-bumbac-tricotat","status":"publish","type":"product","link":"https:\/\/petelulu.com\/ro\/product\/pulover-casual-pentru-copii-100-bumbac-tricotat\/","title":{"rendered":"Personalizat Casual Oversize Baby Jumper 100% Tricotat Bumbac"},"content":{"rendered":"<div id=\"sellingpoint\" class=\"header\">\n<h2>Despre acest produs<\/h2>\n<\/div>\n<ul class=\"\">\n<li>Material moale \u0219i respirabil: Aceast\u0103 p\u0103tur\u0103 de \u00eenf\u0103\u0219at pentru bebelu\u0219i este fabricat\u0103 din bumbac organic 100%, asigur\u00e2nd o atingere moale \u0219i delicat\u0103 pe pielea bebelu\u0219ului dvs. \u021aes\u0103tura respirabil\u0103 permite fluxul de aer, regl\u00e2nd temperatura corpului bebelu\u0219ului dvs. \u0219i promov\u00e2nd un somn confortabil.<\/li>\n<li>Utilizare multifunc\u021bional\u0103: Aceast\u0103 p\u0103tur\u0103 versatil\u0103 poate fi utilizat\u0103 pentru \u00eenf\u0103\u0219at, ca o p\u0103tur\u0103 pentru c\u0103rucior sau chiar ca o aruncare decorativ\u0103 pentru camera dvs. de copii. Dimensiunea sa compact\u0103 o face u\u0219or de luat din mers.<\/li>\n<li>Op\u021biuni personalizabile: Produsul nostru ofer\u0103 op\u021biuni personalizate de logo \u0219i culoare, permi\u021b\u00e2ndu-v\u0103 s\u0103 personaliza\u021bi p\u0103tura cu numele copilului sau un mesaj special. Acest lucru o face un cadou grijuliu \u0219i unic pentru noii p\u0103rin\u021bi.<\/li>\n<li>Eco-Friendly \u0219i hipoalergenic\u0103: Fabricat\u0103 din bumbac organic certificat Oeko-Tex Standard 100, aceast\u0103 p\u0103tur\u0103 este lipsit\u0103 de substan\u021be chimice \u0219i toxine dure. Propriet\u0103\u021bile sale anti-statice \u0219i anti-acarieni asigur\u0103 un mediu de somn s\u0103n\u0103tos pentru copilul dumneavoastr\u0103.<\/li>\n<li data-spm-anchor-id=\"a2700.details.0.i77.4d003c6boUFWBS\">Durabil\u0103 \u0219i de lung\u0103 durat\u0103: Cu un num\u0103r mare de fire de 200TC \u0219i un num\u0103r de \u021bes\u0103turi de 40, aceast\u0103 p\u0103tur\u0103 este construit\u0103 pentru a dura. Designul s\u0103u modern \u0219i imprimarea digital\u0103 asigur\u0103 un produs elegant \u0219i durabil care va rezista sp\u0103l\u0103rii \u0219i utiliz\u0103rii repetate.<\/li>\n<\/ul>","protected":false},"excerpt":{"rendered":"<p>Pre\u021b unitar: US $5.99-7.99 \/ bucat\u0103<br \/>\nCantitate minim\u0103 de comand\u0103: 300 Piece \/ dimensiune<br \/>\nMaterial: 100% Bumbac organic<br \/>\nV\u00e2rsta: sugar 40 * 50 inch \/ copii 50 * 70 inch \/ adult 65 * 85 inch<br \/>\nMateriale aplicabile: Bambus\/bumbac organic\/bumbac pur\/raion modal\/muzelin\u0103 de bambus<br \/>\nCapacitatea de aprovizionare: 10,000 Piece\/Pieces pe lun\u0103<br \/>\nPort: Guangzhou, China<br \/>\nCondi\u021bii de plat\u0103: T\/T<br \/>\nE\u0219antion\uff1aAceta\u021bi e\u0219antion personalizat<br \/>\nLogo: Logo personalizat<br \/>\nLivrare: 25-35 de zile lucr\u0103toare<br \/>\nOEM &amp; ODM<\/p>\n<p><a href=\"https:\/\/petelulu.com\/ro\/#category\">Vezi mai multe<\/a><\/p>\n<div class=\"wpforms-container wpforms-container-full wpforms-render-modern\" id=\"wpforms-2878\"><form id=\"wpforms-form-2878\" class=\"wpforms-validate wpforms-form wpforms-ajax-form\" data-formid=\"2878\" method=\"post\" enctype=\"multipart\/form-data\" action=\"\/ro\/wp-json\/wp\/v2\/product\/3993\" data-token=\"c29abef68570081ac6e35138d2542836\" data-token-time=\"1775245006\" data-trp-original-action=\"\/ro\/wp-json\/wp\/v2\/product\/3993\"><noscript class=\"wpforms-error-noscript\">V\u0103 rug\u0103m s\u0103 activa\u021bi JavaScript \u00een browserul dvs. pentru a completa acest formular.<\/noscript><div class=\"wpforms-hidden\" id=\"wpforms-error-noscript\">V\u0103 rug\u0103m s\u0103 activa\u021bi JavaScript \u00een browserul dvs. pentru a completa acest formular.<\/div><div class=\"wpforms-field-container\"><div id=\"wpforms-2878-field_2-container\" class=\"wpforms-field wpforms-field-name\" data-field-id=\"2\"><label class=\"wpforms-field-label\" for=\"wpforms-2878-field_2\">Nume \u0219i prenume <span class=\"wpforms-required-label\" aria-hidden=\"true\">*<\/span><\/label><input type=\"text\" id=\"wpforms-2878-field_2\" class=\"wpforms-field-medium wpforms-field-required\" name=\"wpforms[fields][2]\" aria-errormessage=\"wpforms-2878-field_2-error\" required><\/div><div id=\"wpforms-2878-field_5-container\" class=\"wpforms-field wpforms-field-email\" data-field-id=\"5\"><label class=\"wpforms-field-label\" for=\"wpforms-2878-field_5\">E-mail <span class=\"wpforms-required-label\" aria-hidden=\"true\">*<\/span><\/label><input type=\"email\" id=\"wpforms-2878-field_5\" class=\"wpforms-field-medium wpforms-field-required\" name=\"wpforms[fields][5]\" spellcheck=\"false\" aria-errormessage=\"wpforms-2878-field_5-error\" required><\/div><div id=\"wpforms-2878-field_3-container\" class=\"wpforms-field wpforms-field-textarea\" data-field-id=\"3\"><label class=\"wpforms-field-label\" for=\"wpforms-2878-field_3\">Cerere <span class=\"wpforms-required-label\" aria-hidden=\"true\">*<\/span><\/label><textarea id=\"wpforms-2878-field_3\" class=\"wpforms-field-medium wpforms-field-required\" name=\"wpforms[fields][3]\" aria-errormessage=\"wpforms-2878-field_3-error\" aria-describedby=\"wpforms-2878-field_3-description\" required><\/textarea><div id=\"wpforms-2878-field_3-description\" class=\"wpforms-field-description\">V\u0103 rug\u0103m s\u0103 ne furniza\u021bi cerin\u021bele dvs. \u0219i num\u0103rul WhatsApp, iar reprezentantul nostru de v\u00e2nz\u0103ri v\u0103 va contacta.<\/div><\/div><\/div><!-- .wpforms-field-container --><div class=\"wpforms-submit-container\" ><input type=\"hidden\" name=\"wpforms[id]\" value=\"2878\"><input type=\"hidden\" name=\"page_title\" value=\"\"><input type=\"hidden\" name=\"page_url\" value=\"https:\/\/petelulu.com\/ro\/wp-json\/wp\/v2\/product\/3993\"><input type=\"hidden\" name=\"url_referer\" value=\"\"><button type=\"submit\" name=\"wpforms[submit]\" id=\"wpforms-submit-2878\" class=\"wpforms-submit\" data-alt-text=\"Sending...\" data-submit-text=\"Submit\" aria-live=\"assertive\" value=\"wpforms-submit\">Trimite<\/button><img loading=\"lazy\" decoding=\"async\" src=\"https:\/\/petelulu.com\/wp-content\/plugins\/wpforms-lite\/assets\/images\/submit-spin.svg\" class=\"wpforms-submit-spinner\" style=\"display: none;\" width=\"26\" height=\"26\" alt=\"\u00cenc\u0103rcare\"><\/div><input type=\"hidden\" name=\"trp-form-language\" value=\"ro\"\/><\/form><\/div>  <!-- .wpforms-container -->\n<p>&nbsp;<\/p>","protected":false},"featured_media":3996,"template":"","meta":[],"product_brand":[],"product_cat":[108],"product_tag":[80,82,97,81],"class_list":{"0":"post-3993","1":"product","2":"type-product","3":"status-publish","4":"has-post-thumbnail","6":"product_cat-custom-cotton-jumper","7":"product_tag-baby","8":"product_tag-kid","9":"product_tag-organic-cotton","10":"product_tag-toddler","11":"has-post-title","12":"has-post-date","13":"has-post-category","14":"has-post-tag","15":"has-post-comment","16":"has-post-author","17":"","19":"first","20":"instock","21":"shipping-taxable","22":"product-type-simple"},"yoast_head":"<!-- This site is optimized with the Yoast SEO Premium plugin v24.5 (Yoast SEO v25.6) - https:\/\/yoast.com\/wordpress\/plugins\/seo\/ -->\n<title>Custom Casual Oversize Baby Jumper 100% Knitted Cotton - petelulu<\/title>\n<meta name=\"description\" content=\"B2B Baby Clothing | Casual Baby Sweater 100% Knitted Cotton . Competitive Pricing, Quick Ship. Global Delivery for Retailers\/Wholesale.\" \/>\n<meta name=\"robots\" content=\"index, follow, max-snippet:-1, max-image-preview:large, max-video-preview:-1\" \/>\n<link rel=\"canonical\" href=\"https:\/\/petelulu.com\/ro\/product\/pulover-casual-pentru-copii-100-bumbac-tricotat\/\" \/>\n<meta property=\"og:locale\" content=\"ro_RO\" \/>\n<meta property=\"og:type\" content=\"article\" \/>\n<meta property=\"og:title\" content=\"Custom Casual Oversize Baby Jumper 100% Knitted Cotton\" \/>\n<meta property=\"og:description\" content=\"B2B Baby Clothing | Casual Baby Sweater 100% Knitted Cotton . Competitive Pricing, Quick Ship. Global Delivery for Retailers\/Wholesale.\" \/>\n<meta property=\"og:url\" content=\"https:\/\/petelulu.com\/ro\/product\/pulover-casual-pentru-copii-100-bumbac-tricotat\/\" \/>\n<meta property=\"og:site_name\" content=\"petelulu\" \/>\n<meta property=\"article:modified_time\" content=\"2025-08-13T03:06:23+00:00\" \/>\n<meta property=\"og:image\" content=\"https:\/\/petelulu.com\/wp-content\/uploads\/2025\/05\/\u4e3b\u56fe_006-9.avif\" \/>\n\t<meta property=\"og:image:width\" content=\"2000\" \/>\n\t<meta property=\"og:image:height\" content=\"2000\" \/>\n\t<meta property=\"og:image:type\" content=\"image\/jpeg\" \/>\n<meta name=\"twitter:card\" content=\"summary_large_image\" \/>\n<meta name=\"twitter:label1\" content=\"Timp estimat pentru citire\" \/>\n\t<meta name=\"twitter:data1\" content=\"2 minute\" \/>\n<script type=\"application\/ld+json\" class=\"yoast-schema-graph\">{\"@context\":\"https:\/\/schema.org\",\"@graph\":[{\"@type\":\"WebPage\",\"@id\":\"https:\/\/petelulu.com\/product\/casual-baby-jumper-100-knitted-cotton\/\",\"url\":\"https:\/\/petelulu.com\/product\/casual-baby-jumper-100-knitted-cotton\/\",\"name\":\"Custom Casual Oversize Baby Jumper 100% Knitted Cotton - petelulu\",\"isPartOf\":{\"@id\":\"https:\/\/petelulu.com\/#website\"},\"primaryImageOfPage\":{\"@id\":\"https:\/\/petelulu.com\/product\/casual-baby-jumper-100-knitted-cotton\/#primaryimage\"},\"image\":{\"@id\":\"https:\/\/petelulu.com\/product\/casual-baby-jumper-100-knitted-cotton\/#primaryimage\"},\"thumbnailUrl\":\"https:\/\/petelulu.com\/wp-content\/uploads\/2025\/05\/\u4e3b\u56fe_006-9.avif\",\"datePublished\":\"2025-05-22T06:07:51+00:00\",\"dateModified\":\"2025-08-13T03:06:23+00:00\",\"description\":\"B2B Baby Clothing | Casual Baby Sweater 100% Knitted Cotton . Competitive Pricing, Quick Ship. Global Delivery for Retailers\/Wholesale.\",\"breadcrumb\":{\"@id\":\"https:\/\/petelulu.com\/product\/casual-baby-jumper-100-knitted-cotton\/#breadcrumb\"},\"inLanguage\":\"ro-RO\",\"potentialAction\":[{\"@type\":\"ReadAction\",\"target\":[\"https:\/\/petelulu.com\/product\/casual-baby-jumper-100-knitted-cotton\/\"]}]},{\"@type\":\"ImageObject\",\"inLanguage\":\"ro-RO\",\"@id\":\"https:\/\/petelulu.com\/product\/casual-baby-jumper-100-knitted-cotton\/#primaryimage\",\"url\":\"https:\/\/petelulu.com\/wp-content\/uploads\/2025\/05\/\u4e3b\u56fe_006-9.avif\",\"contentUrl\":\"https:\/\/petelulu.com\/wp-content\/uploads\/2025\/05\/\u4e3b\u56fe_006-9.avif\",\"width\":2000,\"height\":2000},{\"@type\":\"BreadcrumbList\",\"@id\":\"https:\/\/petelulu.com\/product\/casual-baby-jumper-100-knitted-cotton\/#breadcrumb\",\"itemListElement\":[{\"@type\":\"ListItem\",\"position\":1,\"name\":\"\u9996\u9875\",\"item\":\"https:\/\/petelulu.com\/\"},{\"@type\":\"ListItem\",\"position\":2,\"name\":\"PRODUCT GALLERY\",\"item\":\"https:\/\/petelulu.com\/product-gallery\/\"},{\"@type\":\"ListItem\",\"position\":3,\"name\":\"Custom Casual Oversize Baby Jumper 100% Knitted Cotton\"}]},{\"@type\":\"WebSite\",\"@id\":\"https:\/\/petelulu.com\/#website\",\"url\":\"https:\/\/petelulu.com\/\",\"name\":\"PETElulu\",\"description\":\"\",\"potentialAction\":[{\"@type\":\"SearchAction\",\"target\":{\"@type\":\"EntryPoint\",\"urlTemplate\":\"https:\/\/petelulu.com\/?s={search_term_string}\"},\"query-input\":{\"@type\":\"PropertyValueSpecification\",\"valueRequired\":true,\"valueName\":\"search_term_string\"}}],\"inLanguage\":\"ro-RO\"}]}<\/script>\n<!-- \/ Yoast SEO Premium plugin. -->","yoast_head_json":{"title":"Personalizat Casual Oversize Baby Jumper 100% Tricotat bumbac - petelulu","description":"B2B \u00cembr\u0103c\u0103minte pentru copii | Pulover casual pentru copii 100% Bumbac tricotat . Pre\u021buri competitive, livrare rapid\u0103. Livrare global\u0103 pentru retaileri \/ en-gros.","robots":{"index":"index","follow":"follow","max-snippet":"max-snippet:-1","max-image-preview":"max-image-preview:large","max-video-preview":"max-video-preview:-1"},"canonical":"https:\/\/petelulu.com\/ro\/product\/pulover-casual-pentru-copii-100-bumbac-tricotat\/","og_locale":"ro_RO","og_type":"article","og_title":"Custom Casual Oversize Baby Jumper 100% Knitted Cotton","og_description":"B2B Baby Clothing | Casual Baby Sweater 100% Knitted Cotton . Competitive Pricing, Quick Ship. Global Delivery for Retailers\/Wholesale.","og_url":"https:\/\/petelulu.com\/ro\/product\/pulover-casual-pentru-copii-100-bumbac-tricotat\/","og_site_name":"petelulu","article_modified_time":"2025-08-13T03:06:23+00:00","og_image":[{"width":2000,"height":2000,"url":"https:\/\/petelulu.com\/wp-content\/uploads\/2025\/05\/\u4e3b\u56fe_006-9.avif","type":"image\/jpeg"}],"twitter_card":"summary_large_image","twitter_misc":{"Timp estimat pentru citire":"2 minute"},"schema":{"@context":"https:\/\/schema.org","@graph":[{"@type":"WebPage","@id":"https:\/\/petelulu.com\/product\/casual-baby-jumper-100-knitted-cotton\/","url":"https:\/\/petelulu.com\/product\/casual-baby-jumper-100-knitted-cotton\/","name":"Personalizat Casual Oversize Baby Jumper 100% Tricotat bumbac - petelulu","isPartOf":{"@id":"https:\/\/petelulu.com\/#website"},"primaryImageOfPage":{"@id":"https:\/\/petelulu.com\/product\/casual-baby-jumper-100-knitted-cotton\/#primaryimage"},"image":{"@id":"https:\/\/petelulu.com\/product\/casual-baby-jumper-100-knitted-cotton\/#primaryimage"},"thumbnailUrl":"https:\/\/petelulu.com\/wp-content\/uploads\/2025\/05\/\u4e3b\u56fe_006-9.avif","datePublished":"2025-05-22T06:07:51+00:00","dateModified":"2025-08-13T03:06:23+00:00","description":"B2B \u00cembr\u0103c\u0103minte pentru copii | Pulover casual pentru copii 100% Bumbac tricotat . Pre\u021buri competitive, livrare rapid\u0103. Livrare global\u0103 pentru retaileri \/ en-gros.","breadcrumb":{"@id":"https:\/\/petelulu.com\/product\/casual-baby-jumper-100-knitted-cotton\/#breadcrumb"},"inLanguage":"ro-RO","potentialAction":[{"@type":"ReadAction","target":["https:\/\/petelulu.com\/product\/casual-baby-jumper-100-knitted-cotton\/"]}]},{"@type":"ImageObject","inLanguage":"ro-RO","@id":"https:\/\/petelulu.com\/product\/casual-baby-jumper-100-knitted-cotton\/#primaryimage","url":"https:\/\/petelulu.com\/wp-content\/uploads\/2025\/05\/\u4e3b\u56fe_006-9.avif","contentUrl":"https:\/\/petelulu.com\/wp-content\/uploads\/2025\/05\/\u4e3b\u56fe_006-9.avif","width":2000,"height":2000},{"@type":"BreadcrumbList","@id":"https:\/\/petelulu.com\/product\/casual-baby-jumper-100-knitted-cotton\/#breadcrumb","itemListElement":[{"@type":"ListItem","position":1,"name":"\u9996\u9875","item":"https:\/\/petelulu.com\/"},{"@type":"ListItem","position":2,"name":"PRODUCT GALLERY","item":"https:\/\/petelulu.com\/product-gallery\/"},{"@type":"ListItem","position":3,"name":"Custom Casual Oversize Baby Jumper 100% Knitted Cotton"}]},{"@type":"WebSite","@id":"https:\/\/petelulu.com\/#website","url":"https:\/\/petelulu.com\/","name":"PETElulu","description":"","potentialAction":[{"@type":"SearchAction","target":{"@type":"EntryPoint","urlTemplate":"https:\/\/petelulu.com\/?s={search_term_string}"},"query-input":{"@type":"PropertyValueSpecification","valueRequired":true,"valueName":"search_term_string"}}],"inLanguage":"ro-RO"}]}},"builder_content":"","_links":{"self":[{"href":"https:\/\/petelulu.com\/ro\/wp-json\/wp\/v2\/product\/3993","targetHints":{"allow":["GET"]}}],"collection":[{"href":"https:\/\/petelulu.com\/ro\/wp-json\/wp\/v2\/product"}],"about":[{"href":"https:\/\/petelulu.com\/ro\/wp-json\/wp\/v2\/types\/product"}],"wp:featuredmedia":[{"embeddable":true,"href":"https:\/\/petelulu.com\/ro\/wp-json\/wp\/v2\/media\/3996"}],"wp:attachment":[{"href":"https:\/\/petelulu.com\/ro\/wp-json\/wp\/v2\/media?parent=3993"}],"wp:term":[{"taxonomy":"product_brand","embeddable":true,"href":"https:\/\/petelulu.com\/ro\/wp-json\/wp\/v2\/product_brand?post=3993"},{"taxonomy":"product_cat","embeddable":true,"href":"https:\/\/petelulu.com\/ro\/wp-json\/wp\/v2\/product_cat?post=3993"},{"taxonomy":"product_tag","embeddable":true,"href":"https:\/\/petelulu.com\/ro\/wp-json\/wp\/v2\/product_tag?post=3993"}],"curies":[{"name":"wp","href":"https:\/\/api.w.org\/{rel}","templated":true}]}}