{"id":2284,"date":"2025-03-26T02:08:20","date_gmt":"2025-03-26T02:08:20","guid":{"rendered":"https:\/\/petelulu.com\/?post_type=product&#038;p=2284"},"modified":"2025-08-12T23:54:23","modified_gmt":"2025-08-13T03:54:23","slug":"prosop-tesatura-fara-maneci-nou-nascut-baby-romper","status":"publish","type":"product","link":"https:\/\/petelulu.com\/ro\/product\/prosop-tesatura-fara-maneci-nou-nascut-baby-romper\/","title":{"rendered":"Prosop personalizat Fabric f\u0103r\u0103 m\u00e2neci Nou-n\u0103scut Baby Romper"},"content":{"rendered":"<h2>Despre acest produs<\/h2>\n<ol>\n<li>Design personalizabil: Acest body pentru bebelu\u0219i ofer\u0103 un punct de v\u00e2nzare unic cu op\u021biunea de a personaliza logo-ul, permi\u021b\u00e2nd p\u0103rin\u021bilor s\u0103 personalizeze produsul cu numele copilului lor, ini\u021bialele sau un mesaj special, f\u0103c\u00e2ndu-l un cadou grijuliu \u0219i unic pentru orice bebelu\u0219 sau copil mic.<\/li>\n<li>\u021aes\u0103tur\u0103 confortabil\u0103 \u0219i respirabil\u0103: Fabricat din \u021bes\u0103tur\u0103 moale \u0219i absorbant\u0103 din prosop de terry, acest body pentru bebelu\u0219i asigur\u0103 o purtare confortabil\u0103 pentru cei mici \u00een timpul lunilor de var\u0103, men\u021bin\u00e2ndu-i r\u0103coro\u0219i \u0219i usca\u021bi pe tot parcursul zilei.<\/li>\n<li>Gata de var\u0103: Conceput\u0103 special pentru sezonul de var\u0103, aceast\u0103 rochi\u021b\u0103 f\u0103r\u0103 m\u00e2neci este perfect\u0103 pentru vremea cald\u0103, permi\u021b\u00e2ndu-i copilului dvs. s\u0103 r\u0103m\u00e2n\u0103 r\u0103coros \u0219i relaxat la soare.<\/li>\n<li>Versatil \u0219i durabil: Construit dintr-o combina\u021bie de spandex \u0219i bumbac, acest body pentru copii nu este doar moale \u0219i confortabil, ci \u0219i durabil, f\u0103c\u00e2ndu-l potrivit pentru uzura zilnic\u0103 \u0219i joac\u0103.<\/li>\n<li data-spm-anchor-id=\"a2700.details.0.i77.1c3b53c4b2Ov0Y\">Timp de r\u0103spuns rapid: Cu un termen de 7 zile pentru comanda de prob\u0103, serviciile noastre ODM \u0219i OEM r\u0103spund nevoilor dvs. urgente, asigur\u00e2ndu-v\u0103 c\u0103 primi\u021bi body-ul personalizat pentru copii \u00een timp util, gata pentru v\u00e2nzare sau cadou.<\/li>\n<\/ol>","protected":false},"excerpt":{"rendered":"<p>Pre\u021b unitar: US $1.99-3.5 \/ bucat\u0103<br \/>\nCantitate minim\u0103 de comand\u0103: 300 Piece \/ dimensiune<br \/>\nMaterial: Spandex \/ Bumbac<br \/>\nAge: 0-3M\/3-6M\/6-9M\/9-12M\/12-18M\/18-24M<br \/>\nMateriale aplicabile: Bambus\/bumbac organic\/bumbac pur\/raion Modal\/muselin\u0103 de bambus<br \/>\nCapacitatea de aprovizionare: 10,000 Piece\/Pieces pe lun\u0103<br \/>\nPort: Guangzhou, China<br \/>\nCondi\u021bii de plat\u0103: T\/T<br \/>\nE\u0219antion\uff1aAceta\u021bi e\u0219antion personalizat<br \/>\nLogo: Logo personalizat<br \/>\nLivrare: 25-35 de zile lucr\u0103toare<br \/>\nOEM &amp; ODM<\/p>\n<p><a href=\"https:\/\/petelulu.com\/ro\/#category\">Vezi mai multe<\/a><\/p>\n<div class=\"wpforms-container wpforms-container-full wpforms-render-modern\" id=\"wpforms-2878\"><form id=\"wpforms-form-2878\" class=\"wpforms-validate wpforms-form wpforms-ajax-form\" data-formid=\"2878\" method=\"post\" enctype=\"multipart\/form-data\" action=\"\/ro\/wp-json\/wp\/v2\/product\/2284\" data-token=\"e1a57099e00604c239ff9b2b39f1b9e0\" data-token-time=\"1776179146\" data-trp-original-action=\"\/ro\/wp-json\/wp\/v2\/product\/2284\"><noscript class=\"wpforms-error-noscript\">V\u0103 rug\u0103m s\u0103 activa\u021bi JavaScript \u00een browserul dvs. pentru a completa acest formular.<\/noscript><div class=\"wpforms-hidden\" id=\"wpforms-error-noscript\">V\u0103 rug\u0103m s\u0103 activa\u021bi JavaScript \u00een browserul dvs. pentru a completa acest formular.<\/div><div class=\"wpforms-field-container\"><div id=\"wpforms-2878-field_2-container\" class=\"wpforms-field wpforms-field-name\" data-field-id=\"2\"><label class=\"wpforms-field-label\" for=\"wpforms-2878-field_2\">Nume \u0219i prenume <span class=\"wpforms-required-label\" aria-hidden=\"true\">*<\/span><\/label><input type=\"text\" id=\"wpforms-2878-field_2\" class=\"wpforms-field-medium wpforms-field-required\" name=\"wpforms[fields][2]\" aria-errormessage=\"wpforms-2878-field_2-error\" required><\/div><div id=\"wpforms-2878-field_5-container\" class=\"wpforms-field wpforms-field-email\" data-field-id=\"5\"><label class=\"wpforms-field-label\" for=\"wpforms-2878-field_5\">E-mail <span class=\"wpforms-required-label\" aria-hidden=\"true\">*<\/span><\/label><input type=\"email\" id=\"wpforms-2878-field_5\" class=\"wpforms-field-medium wpforms-field-required\" name=\"wpforms[fields][5]\" spellcheck=\"false\" aria-errormessage=\"wpforms-2878-field_5-error\" required><\/div><div id=\"wpforms-2878-field_3-container\" class=\"wpforms-field wpforms-field-textarea\" data-field-id=\"3\"><label class=\"wpforms-field-label\" for=\"wpforms-2878-field_3\">Cerere <span class=\"wpforms-required-label\" aria-hidden=\"true\">*<\/span><\/label><textarea id=\"wpforms-2878-field_3\" class=\"wpforms-field-medium wpforms-field-required\" name=\"wpforms[fields][3]\" aria-errormessage=\"wpforms-2878-field_3-error\" aria-describedby=\"wpforms-2878-field_3-description\" required><\/textarea><div id=\"wpforms-2878-field_3-description\" class=\"wpforms-field-description\">V\u0103 rug\u0103m s\u0103 ne furniza\u021bi cerin\u021bele dvs. \u0219i num\u0103rul WhatsApp, iar reprezentantul nostru de v\u00e2nz\u0103ri v\u0103 va contacta.<\/div><\/div><\/div><!-- .wpforms-field-container --><div class=\"wpforms-submit-container\" ><input type=\"hidden\" name=\"wpforms[id]\" value=\"2878\"><input type=\"hidden\" name=\"page_title\" value=\"\"><input type=\"hidden\" name=\"page_url\" value=\"https:\/\/petelulu.com\/ro\/wp-json\/wp\/v2\/product\/2284\"><input type=\"hidden\" name=\"url_referer\" value=\"\"><button type=\"submit\" name=\"wpforms[submit]\" id=\"wpforms-submit-2878\" class=\"wpforms-submit\" data-alt-text=\"Sending...\" data-submit-text=\"Submit\" aria-live=\"assertive\" value=\"wpforms-submit\">Trimite<\/button><img loading=\"lazy\" decoding=\"async\" src=\"https:\/\/petelulu.com\/wp-content\/plugins\/wpforms-lite\/assets\/images\/submit-spin.svg\" class=\"wpforms-submit-spinner\" style=\"display: none;\" width=\"26\" height=\"26\" alt=\"\u00cenc\u0103rcare\"><\/div><input type=\"hidden\" name=\"trp-form-language\" value=\"ro\"\/><\/form><\/div>  <!-- .wpforms-container -->\n<p>&nbsp;<\/p>","protected":false},"featured_media":2290,"template":"","meta":[],"product_brand":[],"product_cat":[41],"product_tag":[80,101,99,81],"class_list":{"0":"post-2284","1":"product","2":"type-product","3":"status-publish","4":"has-post-thumbnail","6":"product_cat-rompers","7":"product_tag-baby","8":"product_tag-fabrics","9":"product_tag-french-terry","10":"product_tag-toddler","11":"has-post-title","12":"has-post-date","13":"has-post-category","14":"has-post-tag","15":"has-post-comment","16":"has-post-author","17":"","19":"first","20":"instock","21":"shipping-taxable","22":"product-type-simple"},"yoast_head":"<!-- This site is optimized with the Yoast SEO Premium plugin v24.5 (Yoast SEO v25.6) - https:\/\/yoast.com\/wordpress\/plugins\/seo\/ -->\n<title>Custom Towel Fabric Sleeveless Newborn Baby Romper - petelulu<\/title>\n<meta name=\"description\" content=\"Towel Fabric Sleeveless Newborn Baby Romper | Custom Designs, Fast Shipping Worldwide. Competitive Pricing for Retailers. Get Quote &amp; Enquire Now!\" \/>\n<meta name=\"robots\" content=\"index, follow, max-snippet:-1, max-image-preview:large, max-video-preview:-1\" \/>\n<link rel=\"canonical\" href=\"https:\/\/petelulu.com\/ro\/product\/prosop-tesatura-fara-maneci-nou-nascut-baby-romper\/\" \/>\n<meta property=\"og:locale\" content=\"ro_RO\" \/>\n<meta property=\"og:type\" content=\"article\" \/>\n<meta property=\"og:title\" content=\"Custom Towel Fabric Sleeveless Newborn Baby Romper\" \/>\n<meta property=\"og:description\" content=\"Towel Fabric Sleeveless Newborn Baby Romper | Custom Designs, Fast Shipping Worldwide. Competitive Pricing for Retailers. Get Quote &amp; Enquire Now!\" \/>\n<meta property=\"og:url\" content=\"https:\/\/petelulu.com\/ro\/product\/prosop-tesatura-fara-maneci-nou-nascut-baby-romper\/\" \/>\n<meta property=\"og:site_name\" content=\"petelulu\" \/>\n<meta property=\"article:modified_time\" content=\"2025-08-13T03:54:23+00:00\" \/>\n<meta property=\"og:image\" content=\"https:\/\/petelulu.com\/wp-content\/uploads\/2025\/03\/\u4e3b\u56fe_002-31.jpg\" \/>\n\t<meta property=\"og:image:width\" content=\"1800\" \/>\n\t<meta property=\"og:image:height\" content=\"1800\" \/>\n\t<meta property=\"og:image:type\" content=\"image\/jpeg\" \/>\n<meta name=\"twitter:card\" content=\"summary_large_image\" \/>\n<meta name=\"twitter:label1\" content=\"Timp estimat pentru citire\" \/>\n\t<meta name=\"twitter:data1\" content=\"1 minut\" \/>\n<script type=\"application\/ld+json\" class=\"yoast-schema-graph\">{\"@context\":\"https:\/\/schema.org\",\"@graph\":[{\"@type\":\"WebPage\",\"@id\":\"https:\/\/petelulu.com\/product\/towel-fabric-sleeveless-newborn-baby-romper\/\",\"url\":\"https:\/\/petelulu.com\/product\/towel-fabric-sleeveless-newborn-baby-romper\/\",\"name\":\"Custom Towel Fabric Sleeveless Newborn Baby Romper - petelulu\",\"isPartOf\":{\"@id\":\"https:\/\/petelulu.com\/#website\"},\"primaryImageOfPage\":{\"@id\":\"https:\/\/petelulu.com\/product\/towel-fabric-sleeveless-newborn-baby-romper\/#primaryimage\"},\"image\":{\"@id\":\"https:\/\/petelulu.com\/product\/towel-fabric-sleeveless-newborn-baby-romper\/#primaryimage\"},\"thumbnailUrl\":\"https:\/\/petelulu.com\/wp-content\/uploads\/2025\/03\/\u4e3b\u56fe_002-31.jpg\",\"datePublished\":\"2025-03-26T02:08:20+00:00\",\"dateModified\":\"2025-08-13T03:54:23+00:00\",\"description\":\"Towel Fabric Sleeveless Newborn Baby Romper | Custom Designs, Fast Shipping Worldwide. Competitive Pricing for Retailers. Get Quote & Enquire Now!\",\"breadcrumb\":{\"@id\":\"https:\/\/petelulu.com\/product\/towel-fabric-sleeveless-newborn-baby-romper\/#breadcrumb\"},\"inLanguage\":\"ro-RO\",\"potentialAction\":[{\"@type\":\"ReadAction\",\"target\":[\"https:\/\/petelulu.com\/product\/towel-fabric-sleeveless-newborn-baby-romper\/\"]}]},{\"@type\":\"ImageObject\",\"inLanguage\":\"ro-RO\",\"@id\":\"https:\/\/petelulu.com\/product\/towel-fabric-sleeveless-newborn-baby-romper\/#primaryimage\",\"url\":\"https:\/\/petelulu.com\/wp-content\/uploads\/2025\/03\/\u4e3b\u56fe_002-31.jpg\",\"contentUrl\":\"https:\/\/petelulu.com\/wp-content\/uploads\/2025\/03\/\u4e3b\u56fe_002-31.jpg\",\"width\":1800,\"height\":1800,\"caption\":\"Towel Fabric Sleeveless Newborn Baby Romper\"},{\"@type\":\"BreadcrumbList\",\"@id\":\"https:\/\/petelulu.com\/product\/towel-fabric-sleeveless-newborn-baby-romper\/#breadcrumb\",\"itemListElement\":[{\"@type\":\"ListItem\",\"position\":1,\"name\":\"\u9996\u9875\",\"item\":\"https:\/\/petelulu.com\/\"},{\"@type\":\"ListItem\",\"position\":2,\"name\":\"PRODUCT GALLERY\",\"item\":\"https:\/\/petelulu.com\/product-gallery\/\"},{\"@type\":\"ListItem\",\"position\":3,\"name\":\"Custom Towel Fabric Sleeveless Newborn Baby Romper\"}]},{\"@type\":\"WebSite\",\"@id\":\"https:\/\/petelulu.com\/#website\",\"url\":\"https:\/\/petelulu.com\/\",\"name\":\"PETElulu\",\"description\":\"\",\"potentialAction\":[{\"@type\":\"SearchAction\",\"target\":{\"@type\":\"EntryPoint\",\"urlTemplate\":\"https:\/\/petelulu.com\/?s={search_term_string}\"},\"query-input\":{\"@type\":\"PropertyValueSpecification\",\"valueRequired\":true,\"valueName\":\"search_term_string\"}}],\"inLanguage\":\"ro-RO\"}]}<\/script>\n<!-- \/ Yoast SEO Premium plugin. -->","yoast_head_json":{"title":"Prosop personalizat Fabric f\u0103r\u0103 m\u00e2neci Nou-n\u0103scut Baby Romper - petelulu","description":"Prosop Fabric f\u0103r\u0103 m\u00e2neci Newborn Baby Romper | Modele personalizate, Livrare rapid\u0103 \u00een \u00eentreaga lume. Pre\u021buri competitive pentru retaileri. Ob\u021bine\u021bi citat \u0219i \u00eentreba\u021bi acum!","robots":{"index":"index","follow":"follow","max-snippet":"max-snippet:-1","max-image-preview":"max-image-preview:large","max-video-preview":"max-video-preview:-1"},"canonical":"https:\/\/petelulu.com\/ro\/product\/prosop-tesatura-fara-maneci-nou-nascut-baby-romper\/","og_locale":"ro_RO","og_type":"article","og_title":"Custom Towel Fabric Sleeveless Newborn Baby Romper","og_description":"Towel Fabric Sleeveless Newborn Baby Romper | Custom Designs, Fast Shipping Worldwide. Competitive Pricing for Retailers. Get Quote & Enquire Now!","og_url":"https:\/\/petelulu.com\/ro\/product\/prosop-tesatura-fara-maneci-nou-nascut-baby-romper\/","og_site_name":"petelulu","article_modified_time":"2025-08-13T03:54:23+00:00","og_image":[{"width":1800,"height":1800,"url":"https:\/\/petelulu.com\/wp-content\/uploads\/2025\/03\/\u4e3b\u56fe_002-31.jpg","type":"image\/jpeg"}],"twitter_card":"summary_large_image","twitter_misc":{"Timp estimat pentru citire":"1 minut"},"schema":{"@context":"https:\/\/schema.org","@graph":[{"@type":"WebPage","@id":"https:\/\/petelulu.com\/product\/towel-fabric-sleeveless-newborn-baby-romper\/","url":"https:\/\/petelulu.com\/product\/towel-fabric-sleeveless-newborn-baby-romper\/","name":"Prosop personalizat Fabric f\u0103r\u0103 m\u00e2neci Nou-n\u0103scut Baby Romper - petelulu","isPartOf":{"@id":"https:\/\/petelulu.com\/#website"},"primaryImageOfPage":{"@id":"https:\/\/petelulu.com\/product\/towel-fabric-sleeveless-newborn-baby-romper\/#primaryimage"},"image":{"@id":"https:\/\/petelulu.com\/product\/towel-fabric-sleeveless-newborn-baby-romper\/#primaryimage"},"thumbnailUrl":"https:\/\/petelulu.com\/wp-content\/uploads\/2025\/03\/\u4e3b\u56fe_002-31.jpg","datePublished":"2025-03-26T02:08:20+00:00","dateModified":"2025-08-13T03:54:23+00:00","description":"Prosop Fabric f\u0103r\u0103 m\u00e2neci Newborn Baby Romper | Modele personalizate, Livrare rapid\u0103 \u00een \u00eentreaga lume. Pre\u021buri competitive pentru retaileri. Ob\u021bine\u021bi citat \u0219i \u00eentreba\u021bi acum!","breadcrumb":{"@id":"https:\/\/petelulu.com\/product\/towel-fabric-sleeveless-newborn-baby-romper\/#breadcrumb"},"inLanguage":"ro-RO","potentialAction":[{"@type":"ReadAction","target":["https:\/\/petelulu.com\/product\/towel-fabric-sleeveless-newborn-baby-romper\/"]}]},{"@type":"ImageObject","inLanguage":"ro-RO","@id":"https:\/\/petelulu.com\/product\/towel-fabric-sleeveless-newborn-baby-romper\/#primaryimage","url":"https:\/\/petelulu.com\/wp-content\/uploads\/2025\/03\/\u4e3b\u56fe_002-31.jpg","contentUrl":"https:\/\/petelulu.com\/wp-content\/uploads\/2025\/03\/\u4e3b\u56fe_002-31.jpg","width":1800,"height":1800,"caption":"Towel Fabric Sleeveless Newborn Baby Romper"},{"@type":"BreadcrumbList","@id":"https:\/\/petelulu.com\/product\/towel-fabric-sleeveless-newborn-baby-romper\/#breadcrumb","itemListElement":[{"@type":"ListItem","position":1,"name":"\u9996\u9875","item":"https:\/\/petelulu.com\/"},{"@type":"ListItem","position":2,"name":"PRODUCT GALLERY","item":"https:\/\/petelulu.com\/product-gallery\/"},{"@type":"ListItem","position":3,"name":"Custom Towel Fabric Sleeveless Newborn Baby Romper"}]},{"@type":"WebSite","@id":"https:\/\/petelulu.com\/#website","url":"https:\/\/petelulu.com\/","name":"PETElulu","description":"","potentialAction":[{"@type":"SearchAction","target":{"@type":"EntryPoint","urlTemplate":"https:\/\/petelulu.com\/?s={search_term_string}"},"query-input":{"@type":"PropertyValueSpecification","valueRequired":true,"valueName":"search_term_string"}}],"inLanguage":"ro-RO"}]}},"builder_content":"","_links":{"self":[{"href":"https:\/\/petelulu.com\/ro\/wp-json\/wp\/v2\/product\/2284","targetHints":{"allow":["GET"]}}],"collection":[{"href":"https:\/\/petelulu.com\/ro\/wp-json\/wp\/v2\/product"}],"about":[{"href":"https:\/\/petelulu.com\/ro\/wp-json\/wp\/v2\/types\/product"}],"wp:featuredmedia":[{"embeddable":true,"href":"https:\/\/petelulu.com\/ro\/wp-json\/wp\/v2\/media\/2290"}],"wp:attachment":[{"href":"https:\/\/petelulu.com\/ro\/wp-json\/wp\/v2\/media?parent=2284"}],"wp:term":[{"taxonomy":"product_brand","embeddable":true,"href":"https:\/\/petelulu.com\/ro\/wp-json\/wp\/v2\/product_brand?post=2284"},{"taxonomy":"product_cat","embeddable":true,"href":"https:\/\/petelulu.com\/ro\/wp-json\/wp\/v2\/product_cat?post=2284"},{"taxonomy":"product_tag","embeddable":true,"href":"https:\/\/petelulu.com\/ro\/wp-json\/wp\/v2\/product_tag?post=2284"}],"curies":[{"name":"wp","href":"https:\/\/api.w.org\/{rel}","templated":true}]}}