{"id":2123,"date":"2025-03-24T06:44:40","date_gmt":"2025-03-24T06:44:40","guid":{"rendered":"https:\/\/petelulu.com\/?post_type=product&#038;p=2123"},"modified":"2025-08-12T23:09:44","modified_gmt":"2025-08-13T03:09:44","slug":"stil-vechi-de-bani-lenjerie-moale-o-gat-rochie-pentru-copii-fara-maneci","status":"publish","type":"product","link":"https:\/\/petelulu.com\/ro\/product\/stil-vechi-de-bani-lenjerie-moale-o-gat-rochie-pentru-copii-fara-maneci\/","title":{"rendered":"Personalizat Old Money Style Soft Linen O-Neck Sleeveless Baby Dress"},"content":{"rendered":"<div id=\"sellingpoint\" class=\"header\">\n<h2>Despre acest produs<\/h2>\n<\/div>\n<ol>\n<li><strong>Perfect pentru nou-n\u0103scu\u021bi<\/strong>: Rochia noastr\u0103 f\u0103r\u0103 m\u00e2neci O-Neck pentru copii este special conceput\u0103 pentru nou-n\u0103scu\u021bi, oferind o potrivire confortabil\u0103 \u0219i confortabil\u0103 care \u00eei permite micu\u021bului s\u0103 se mi\u0219te liber \u00een timp ce doarme sau se joac\u0103.<\/li>\n<li><strong>Design solid simplu, dar elegant<\/strong>: Cu designul s\u0103u minimalist solid, aceast\u0103 rochie pentru bebelu\u0219i serve\u0219te ca o pies\u0103 esen\u021bial\u0103 \u00een garderoba oric\u0103rui nou-n\u0103scut. Este suficient de versatil\u0103 pentru a fi \u00eembr\u0103cat\u0103 \u00een sus sau \u00een jos, ceea ce o face ideal\u0103 pentru uzura de zi cu zi sau pentru ocazii speciale.<\/li>\n<li><strong>Material de calitate superioar\u0103<\/strong>: Fabricat\u0103 dintr-un amestec de in \u0219i rayon, aceast\u0103 rochie asigur\u0103 respirabilitate \u0219i moliciune pe pielea delicat\u0103 a bebelu\u0219ului dvs. \u021aes\u0103tura de \u00eenalt\u0103 calitate este durabil\u0103, dar delicat\u0103, asigur\u00e2nd confort de durat\u0103 pe tot parcursul zilei.<\/li>\n<li><strong>Instruc\u021biuni de \u00eengrijire u\u0219oar\u0103<\/strong>: Acest produs este u\u0219or de cur\u0103\u021bat \u0219i \u00eentre\u021binut. Poate rezista la sp\u0103l\u0103ri frecvente, p\u0103str\u00e2ndu-\u0219i forma \u0219i culoarea f\u0103r\u0103 decolorare, oferindu-v\u0103 o experien\u021b\u0103 f\u0103r\u0103 probleme.<\/li>\n<li>\n<p data-spm-anchor-id=\"5176.28103460.0.i44.40f7451enAKIF4\"><strong>Detalii de design bine g\u00e2ndite<\/strong>: Caracteristicile f\u0103r\u0103 m\u00e2neci \u0219i O-Neck nu numai c\u0103 adaug\u0103 la factorul dr\u0103gu\u021b, dar asigur\u0103 \u0219i \u00eembr\u0103carea \u0219i schimbarea u\u0219oar\u0103. Absen\u021ba m\u00e2necilor o face perfect\u0103 pentru zilele mai c\u0103lduroase sau pentru stratificare \u00een timpul lunilor mai reci.<\/p>\n<\/li>\n<\/ol>","protected":false},"excerpt":{"rendered":"<p>Pre\u021b unitar: US $5.99-9.80 \/ bucat\u0103<br \/>\nCantitate minim\u0103 de comand\u0103: 300 Piece \/ dimensiune<br \/>\nMaterial: Linte \/ Rayon<br \/>\nAge: 0-3M\/3-6M\/6-9M\/9-12M\/12-18M\/18-24M\/2T-3T-4T<br \/>\nMateriale aplicabile: Bambus\/Bumbac organic\/Bumbac pur\/French Terry\/Muzelin\u0103 de bambus<br \/>\nCapacitatea de aprovizionare: 10,000 Piece\/Pieces pe lun\u0103<br \/>\nPort: Guangzhou, China<br \/>\nCondi\u021bii de plat\u0103: T\/T<br \/>\nE\u0219antion\uff1aAceta\u021bi e\u0219antion personalizat<br \/>\nLogo: Logo personalizat<br \/>\nLivrare: 25-35 de zile lucr\u0103toare<br \/>\nOEM &amp; ODM<\/p>\n<p><a href=\"https:\/\/petelulu.com\/ro\/#category\">Vezi mai multe<\/a><\/p>\n<div class=\"wpforms-container wpforms-container-full wpforms-render-modern\" id=\"wpforms-2878\"><form id=\"wpforms-form-2878\" class=\"wpforms-validate wpforms-form wpforms-ajax-form\" data-formid=\"2878\" method=\"post\" enctype=\"multipart\/form-data\" action=\"\/ro\/wp-json\/wp\/v2\/product\/2123\" data-token=\"d514bbaf0be2968f99abd4883550499b\" data-token-time=\"1775298951\" data-trp-original-action=\"\/ro\/wp-json\/wp\/v2\/product\/2123\"><noscript class=\"wpforms-error-noscript\">V\u0103 rug\u0103m s\u0103 activa\u021bi JavaScript \u00een browserul dvs. pentru a completa acest formular.<\/noscript><div class=\"wpforms-hidden\" id=\"wpforms-error-noscript\">V\u0103 rug\u0103m s\u0103 activa\u021bi JavaScript \u00een browserul dvs. pentru a completa acest formular.<\/div><div class=\"wpforms-field-container\"><div id=\"wpforms-2878-field_2-container\" class=\"wpforms-field wpforms-field-name\" data-field-id=\"2\"><label class=\"wpforms-field-label\" for=\"wpforms-2878-field_2\">Nume \u0219i prenume <span class=\"wpforms-required-label\" aria-hidden=\"true\">*<\/span><\/label><input type=\"text\" id=\"wpforms-2878-field_2\" class=\"wpforms-field-medium wpforms-field-required\" name=\"wpforms[fields][2]\" aria-errormessage=\"wpforms-2878-field_2-error\" required><\/div><div id=\"wpforms-2878-field_5-container\" class=\"wpforms-field wpforms-field-email\" data-field-id=\"5\"><label class=\"wpforms-field-label\" for=\"wpforms-2878-field_5\">E-mail <span class=\"wpforms-required-label\" aria-hidden=\"true\">*<\/span><\/label><input type=\"email\" id=\"wpforms-2878-field_5\" class=\"wpforms-field-medium wpforms-field-required\" name=\"wpforms[fields][5]\" spellcheck=\"false\" aria-errormessage=\"wpforms-2878-field_5-error\" required><\/div><div id=\"wpforms-2878-field_3-container\" class=\"wpforms-field wpforms-field-textarea\" data-field-id=\"3\"><label class=\"wpforms-field-label\" for=\"wpforms-2878-field_3\">Cerere <span class=\"wpforms-required-label\" aria-hidden=\"true\">*<\/span><\/label><textarea id=\"wpforms-2878-field_3\" class=\"wpforms-field-medium wpforms-field-required\" name=\"wpforms[fields][3]\" aria-errormessage=\"wpforms-2878-field_3-error\" aria-describedby=\"wpforms-2878-field_3-description\" required><\/textarea><div id=\"wpforms-2878-field_3-description\" class=\"wpforms-field-description\">V\u0103 rug\u0103m s\u0103 ne furniza\u021bi cerin\u021bele dvs. \u0219i num\u0103rul WhatsApp, iar reprezentantul nostru de v\u00e2nz\u0103ri v\u0103 va contacta.<\/div><\/div><\/div><!-- .wpforms-field-container --><div class=\"wpforms-submit-container\" ><input type=\"hidden\" name=\"wpforms[id]\" value=\"2878\"><input type=\"hidden\" name=\"page_title\" value=\"\"><input type=\"hidden\" name=\"page_url\" value=\"https:\/\/petelulu.com\/ro\/wp-json\/wp\/v2\/product\/2123\"><input type=\"hidden\" name=\"url_referer\" value=\"\"><button type=\"submit\" name=\"wpforms[submit]\" id=\"wpforms-submit-2878\" class=\"wpforms-submit\" data-alt-text=\"Sending...\" data-submit-text=\"Submit\" aria-live=\"assertive\" value=\"wpforms-submit\">Trimite<\/button><img loading=\"lazy\" decoding=\"async\" src=\"https:\/\/petelulu.com\/wp-content\/plugins\/wpforms-lite\/assets\/images\/submit-spin.svg\" class=\"wpforms-submit-spinner\" style=\"display: none;\" width=\"26\" height=\"26\" alt=\"\u00cenc\u0103rcare\"><\/div><input type=\"hidden\" name=\"trp-form-language\" value=\"ro\"\/><\/form><\/div>  <!-- .wpforms-container -->\n<p>&nbsp;<\/p>","protected":false},"featured_media":2124,"template":"","meta":[],"product_brand":[],"product_cat":[52],"product_tag":[98,102,99,82,97,100,81],"class_list":{"0":"post-2123","1":"product","2":"type-product","3":"status-publish","4":"has-post-thumbnail","6":"product_cat-dresses","7":"product_tag-bamboo-fiber","8":"product_tag-category","9":"product_tag-french-terry","10":"product_tag-kid","11":"product_tag-organic-cotton","12":"product_tag-tencel","13":"product_tag-toddler","14":"has-post-title","15":"has-post-date","16":"has-post-category","17":"has-post-tag","18":"has-post-comment","19":"has-post-author","20":"","22":"first","23":"instock","24":"shipping-taxable","25":"product-type-simple"},"yoast_head":"<!-- This site is optimized with the Yoast SEO Premium plugin v24.5 (Yoast SEO v25.6) - https:\/\/yoast.com\/wordpress\/plugins\/seo\/ -->\n<title>Custom Old Money Style Soft Linen O-Neck Sleeveless Baby Dress - petelulu<\/title>\n<meta name=\"description\" content=\"Soft Linen O-Neck Sleeveless Baby Dress | Custom Designs, Fast Shipping Worldwide. Competitive Pricing for Retailers. Get Quote &amp; Enquire Now!\" \/>\n<meta name=\"robots\" content=\"index, follow, max-snippet:-1, max-image-preview:large, max-video-preview:-1\" \/>\n<link rel=\"canonical\" href=\"https:\/\/petelulu.com\/ro\/product\/stil-vechi-de-bani-lenjerie-moale-o-gat-rochie-pentru-copii-fara-maneci\/\" \/>\n<meta property=\"og:locale\" content=\"ro_RO\" \/>\n<meta property=\"og:type\" content=\"article\" \/>\n<meta property=\"og:title\" content=\"Custom Old Money Style Soft Linen O-Neck Sleeveless Baby Dress\" \/>\n<meta property=\"og:description\" content=\"Soft Linen O-Neck Sleeveless Baby Dress | Custom Designs, Fast Shipping Worldwide. Competitive Pricing for Retailers. Get Quote &amp; Enquire Now!\" \/>\n<meta property=\"og:url\" content=\"https:\/\/petelulu.com\/ro\/product\/stil-vechi-de-bani-lenjerie-moale-o-gat-rochie-pentru-copii-fara-maneci\/\" \/>\n<meta property=\"og:site_name\" content=\"petelulu\" \/>\n<meta property=\"article:modified_time\" content=\"2025-08-13T03:09:44+00:00\" \/>\n<meta property=\"og:image\" content=\"https:\/\/petelulu.com\/wp-content\/uploads\/2025\/03\/\u4e3b\u56fe_003-33.jpg\" \/>\n\t<meta property=\"og:image:width\" content=\"1500\" \/>\n\t<meta property=\"og:image:height\" content=\"1500\" \/>\n\t<meta property=\"og:image:type\" content=\"image\/jpeg\" \/>\n<meta name=\"twitter:card\" content=\"summary_large_image\" \/>\n<meta name=\"twitter:label1\" content=\"Timp estimat pentru citire\" \/>\n\t<meta name=\"twitter:data1\" content=\"1 minut\" \/>\n<script type=\"application\/ld+json\" class=\"yoast-schema-graph\">{\"@context\":\"https:\/\/schema.org\",\"@graph\":[{\"@type\":\"WebPage\",\"@id\":\"https:\/\/petelulu.com\/product\/old-money-style-soft-linen-o-neck-sleeveless-baby-dress\/\",\"url\":\"https:\/\/petelulu.com\/product\/old-money-style-soft-linen-o-neck-sleeveless-baby-dress\/\",\"name\":\"Custom Old Money Style Soft Linen O-Neck Sleeveless Baby Dress - petelulu\",\"isPartOf\":{\"@id\":\"https:\/\/petelulu.com\/#website\"},\"primaryImageOfPage\":{\"@id\":\"https:\/\/petelulu.com\/product\/old-money-style-soft-linen-o-neck-sleeveless-baby-dress\/#primaryimage\"},\"image\":{\"@id\":\"https:\/\/petelulu.com\/product\/old-money-style-soft-linen-o-neck-sleeveless-baby-dress\/#primaryimage\"},\"thumbnailUrl\":\"https:\/\/petelulu.com\/wp-content\/uploads\/2025\/03\/\u4e3b\u56fe_003-33.jpg\",\"datePublished\":\"2025-03-24T06:44:40+00:00\",\"dateModified\":\"2025-08-13T03:09:44+00:00\",\"description\":\"Soft Linen O-Neck Sleeveless Baby Dress | Custom Designs, Fast Shipping Worldwide. Competitive Pricing for Retailers. Get Quote & Enquire Now!\",\"breadcrumb\":{\"@id\":\"https:\/\/petelulu.com\/product\/old-money-style-soft-linen-o-neck-sleeveless-baby-dress\/#breadcrumb\"},\"inLanguage\":\"ro-RO\",\"potentialAction\":[{\"@type\":\"ReadAction\",\"target\":[\"https:\/\/petelulu.com\/product\/old-money-style-soft-linen-o-neck-sleeveless-baby-dress\/\"]}]},{\"@type\":\"ImageObject\",\"inLanguage\":\"ro-RO\",\"@id\":\"https:\/\/petelulu.com\/product\/old-money-style-soft-linen-o-neck-sleeveless-baby-dress\/#primaryimage\",\"url\":\"https:\/\/petelulu.com\/wp-content\/uploads\/2025\/03\/\u4e3b\u56fe_003-33.jpg\",\"contentUrl\":\"https:\/\/petelulu.com\/wp-content\/uploads\/2025\/03\/\u4e3b\u56fe_003-33.jpg\",\"width\":1500,\"height\":1500,\"caption\":\"Soft Linen O-Neck Sleeveless Baby Dress\"},{\"@type\":\"BreadcrumbList\",\"@id\":\"https:\/\/petelulu.com\/product\/old-money-style-soft-linen-o-neck-sleeveless-baby-dress\/#breadcrumb\",\"itemListElement\":[{\"@type\":\"ListItem\",\"position\":1,\"name\":\"\u9996\u9875\",\"item\":\"https:\/\/petelulu.com\/\"},{\"@type\":\"ListItem\",\"position\":2,\"name\":\"PRODUCT GALLERY\",\"item\":\"https:\/\/petelulu.com\/product-gallery\/\"},{\"@type\":\"ListItem\",\"position\":3,\"name\":\"Custom Old Money Style Soft Linen O-Neck Sleeveless Baby Dress\"}]},{\"@type\":\"WebSite\",\"@id\":\"https:\/\/petelulu.com\/#website\",\"url\":\"https:\/\/petelulu.com\/\",\"name\":\"PETElulu\",\"description\":\"\",\"potentialAction\":[{\"@type\":\"SearchAction\",\"target\":{\"@type\":\"EntryPoint\",\"urlTemplate\":\"https:\/\/petelulu.com\/?s={search_term_string}\"},\"query-input\":{\"@type\":\"PropertyValueSpecification\",\"valueRequired\":true,\"valueName\":\"search_term_string\"}}],\"inLanguage\":\"ro-RO\"}]}<\/script>\n<!-- \/ Yoast SEO Premium plugin. -->","yoast_head_json":{"title":"Personalizat Old Money Style Soft Linen O-Neck Sleeveless Baby Dress - petelulu","description":"Rochie pentru copii f\u0103r\u0103 m\u00e2neci, din in moale, cu g\u00e2t \u00een form\u0103 de O | Modele personalizate, Livrare rapid\u0103 \u00een \u00eentreaga lume. Pre\u021buri competitive pentru retaileri. Ob\u021bine\u021bi ofert\u0103 \u0219i \u00eentreba\u021bi acum!","robots":{"index":"index","follow":"follow","max-snippet":"max-snippet:-1","max-image-preview":"max-image-preview:large","max-video-preview":"max-video-preview:-1"},"canonical":"https:\/\/petelulu.com\/ro\/product\/stil-vechi-de-bani-lenjerie-moale-o-gat-rochie-pentru-copii-fara-maneci\/","og_locale":"ro_RO","og_type":"article","og_title":"Custom Old Money Style Soft Linen O-Neck Sleeveless Baby Dress","og_description":"Soft Linen O-Neck Sleeveless Baby Dress | Custom Designs, Fast Shipping Worldwide. Competitive Pricing for Retailers. Get Quote & Enquire Now!","og_url":"https:\/\/petelulu.com\/ro\/product\/stil-vechi-de-bani-lenjerie-moale-o-gat-rochie-pentru-copii-fara-maneci\/","og_site_name":"petelulu","article_modified_time":"2025-08-13T03:09:44+00:00","og_image":[{"width":1500,"height":1500,"url":"https:\/\/petelulu.com\/wp-content\/uploads\/2025\/03\/\u4e3b\u56fe_003-33.jpg","type":"image\/jpeg"}],"twitter_card":"summary_large_image","twitter_misc":{"Timp estimat pentru citire":"1 minut"},"schema":{"@context":"https:\/\/schema.org","@graph":[{"@type":"WebPage","@id":"https:\/\/petelulu.com\/product\/old-money-style-soft-linen-o-neck-sleeveless-baby-dress\/","url":"https:\/\/petelulu.com\/product\/old-money-style-soft-linen-o-neck-sleeveless-baby-dress\/","name":"Personalizat Old Money Style Soft Linen O-Neck Sleeveless Baby Dress - petelulu","isPartOf":{"@id":"https:\/\/petelulu.com\/#website"},"primaryImageOfPage":{"@id":"https:\/\/petelulu.com\/product\/old-money-style-soft-linen-o-neck-sleeveless-baby-dress\/#primaryimage"},"image":{"@id":"https:\/\/petelulu.com\/product\/old-money-style-soft-linen-o-neck-sleeveless-baby-dress\/#primaryimage"},"thumbnailUrl":"https:\/\/petelulu.com\/wp-content\/uploads\/2025\/03\/\u4e3b\u56fe_003-33.jpg","datePublished":"2025-03-24T06:44:40+00:00","dateModified":"2025-08-13T03:09:44+00:00","description":"Rochie pentru copii f\u0103r\u0103 m\u00e2neci, din in moale, cu g\u00e2t \u00een form\u0103 de O | Modele personalizate, Livrare rapid\u0103 \u00een \u00eentreaga lume. Pre\u021buri competitive pentru retaileri. Ob\u021bine\u021bi ofert\u0103 \u0219i \u00eentreba\u021bi acum!","breadcrumb":{"@id":"https:\/\/petelulu.com\/product\/old-money-style-soft-linen-o-neck-sleeveless-baby-dress\/#breadcrumb"},"inLanguage":"ro-RO","potentialAction":[{"@type":"ReadAction","target":["https:\/\/petelulu.com\/product\/old-money-style-soft-linen-o-neck-sleeveless-baby-dress\/"]}]},{"@type":"ImageObject","inLanguage":"ro-RO","@id":"https:\/\/petelulu.com\/product\/old-money-style-soft-linen-o-neck-sleeveless-baby-dress\/#primaryimage","url":"https:\/\/petelulu.com\/wp-content\/uploads\/2025\/03\/\u4e3b\u56fe_003-33.jpg","contentUrl":"https:\/\/petelulu.com\/wp-content\/uploads\/2025\/03\/\u4e3b\u56fe_003-33.jpg","width":1500,"height":1500,"caption":"Soft Linen O-Neck Sleeveless Baby Dress"},{"@type":"BreadcrumbList","@id":"https:\/\/petelulu.com\/product\/old-money-style-soft-linen-o-neck-sleeveless-baby-dress\/#breadcrumb","itemListElement":[{"@type":"ListItem","position":1,"name":"\u9996\u9875","item":"https:\/\/petelulu.com\/"},{"@type":"ListItem","position":2,"name":"PRODUCT GALLERY","item":"https:\/\/petelulu.com\/product-gallery\/"},{"@type":"ListItem","position":3,"name":"Custom Old Money Style Soft Linen O-Neck Sleeveless Baby Dress"}]},{"@type":"WebSite","@id":"https:\/\/petelulu.com\/#website","url":"https:\/\/petelulu.com\/","name":"PETElulu","description":"","potentialAction":[{"@type":"SearchAction","target":{"@type":"EntryPoint","urlTemplate":"https:\/\/petelulu.com\/?s={search_term_string}"},"query-input":{"@type":"PropertyValueSpecification","valueRequired":true,"valueName":"search_term_string"}}],"inLanguage":"ro-RO"}]}},"builder_content":"","_links":{"self":[{"href":"https:\/\/petelulu.com\/ro\/wp-json\/wp\/v2\/product\/2123","targetHints":{"allow":["GET"]}}],"collection":[{"href":"https:\/\/petelulu.com\/ro\/wp-json\/wp\/v2\/product"}],"about":[{"href":"https:\/\/petelulu.com\/ro\/wp-json\/wp\/v2\/types\/product"}],"wp:featuredmedia":[{"embeddable":true,"href":"https:\/\/petelulu.com\/ro\/wp-json\/wp\/v2\/media\/2124"}],"wp:attachment":[{"href":"https:\/\/petelulu.com\/ro\/wp-json\/wp\/v2\/media?parent=2123"}],"wp:term":[{"taxonomy":"product_brand","embeddable":true,"href":"https:\/\/petelulu.com\/ro\/wp-json\/wp\/v2\/product_brand?post=2123"},{"taxonomy":"product_cat","embeddable":true,"href":"https:\/\/petelulu.com\/ro\/wp-json\/wp\/v2\/product_cat?post=2123"},{"taxonomy":"product_tag","embeddable":true,"href":"https:\/\/petelulu.com\/ro\/wp-json\/wp\/v2\/product_tag?post=2123"}],"curies":[{"name":"wp","href":"https:\/\/api.w.org\/{rel}","templated":true}]}}