{"id":2100,"date":"2025-06-16T06:09:17","date_gmt":"2025-06-16T10:09:17","guid":{"rendered":"https:\/\/petelulu.com\/?post_type=product&#038;p=2100"},"modified":"2025-08-12T23:01:34","modified_gmt":"2025-08-13T03:01:34","slug":"bumbac-organic-copil-romper-2","status":"publish","type":"product","link":"https:\/\/petelulu.com\/ro\/product\/bumbac-organic-copil-romper-2\/","title":{"rendered":"Bumbac organic personalizat Baby Romper"},"content":{"rendered":"<h2>Despre acest produs<\/h2>\n<ol>\n<li><strong>100% Bumbac organic<\/strong>: Fabricat din bumbac organic premium, 100%, body-ul nostru pentru copii asigur\u0103 o atingere moale \u0219i hipoalergenic\u0103 pe pielea delicat\u0103 a micu\u021bului dvs., oferind confort \u0219i lini\u0219te pe tot parcursul zilei.<\/li>\n<li><strong>Design cu buton Snap<\/strong>: Proiectate pentru a fi confortabile, butoanele de fixare plasate strategic fac ca schimbarea scutecului s\u0103 fie rapid\u0103 \u0219i f\u0103r\u0103 probleme, asigur\u00e2ndu-se c\u0103 dvs. \u0219i copilul dvs. petrece\u021bi mai pu\u021bin timp agit\u00e2ndu-v\u0103 cu hainele \u0219i mai mult timp bucur\u00e2ndu-v\u0103 de momente pre\u021bioase \u00eempreun\u0103.<\/li>\n<li><strong>Stil simplu \u0219i culori solide<\/strong>: \u00cembr\u0103\u021bi\u0219a\u021bi simplitatea cu puloverele noastre pentru copii \u00een stil simplu \u00een culori solide, oferind un aspect atemporal care nu se demodeaz\u0103 niciodat\u0103. Perfect pentru uzura de zi cu zi sau ca o parte esen\u021bial\u0103 a garderobei copilului dvs.<\/li>\n<li>\n<p data-spm-anchor-id=\"5176.28103460.0.i8.40f7451enAKIF4\"><strong>Potrivit pentru v\u00e2rstele 0-18 luni<\/strong>: Salopeta noastr\u0103 este special conceput\u0103 pentru a se potrivi bebelu\u0219ilor de la nou-n\u0103scu\u021bi p\u00e2n\u0103 la 18 luni, fiind alegerea ideal\u0103 pentru p\u0103rin\u021bii care caut\u0103 confort \u0219i func\u021bionalitate \u00een aceast\u0103 etap\u0103 important\u0103 de dezvoltare.<\/p>\n<\/li>\n<li>\n<p data-spm-anchor-id=\"5176.28103460.0.i6.40f7451enAKIF4\"><strong>Fabric u\u0219or de \u00eentre\u021binut<\/strong>: Bumbacul organic de \u00eenalt\u0103 calitate utilizat \u00een pijamalele noastre nu este doar delicat cu pielea bebelu\u0219ului dvs. ci \u0219i u\u0219or de \u00eengrijit. Lavabil la ma\u0219in\u0103 \u0219i durabil, \u00ee\u0219i p\u0103streaz\u0103 forma \u0219i culoarea sp\u0103lare dup\u0103 sp\u0103lare, asigur\u00e2nd valoare \u0219i utilizare de durat\u0103.<\/p>\n<\/li>\n<\/ol>","protected":false},"excerpt":{"rendered":"<p>Pre\u021b unitar: US $2.99-4.80 \/ bucat\u0103<br \/>\nCantitate minim\u0103 de comand\u0103: 300 Piece \/ dimensiune<br \/>\nMaterial: 100% bumbac organic<br \/>\nAge: Newborn\/0-3M\/3-6M\/6-9M\/9-12M\/12-18M\/18-24M<br \/>\nMateriale aplicabile: Bambus\/bumbac organic\/bumbac pur\/raion Modal\/muselin\u0103 de bambus<br \/>\nCapacitatea de aprovizionare: 10,000 Piece\/Pieces pe lun\u0103<br \/>\nPort: Guangzhou, China<br \/>\nCondi\u021bii de plat\u0103: T\/T<br \/>\nE\u0219antion\uff1aAceta\u021bi e\u0219antion personalizat<br \/>\nLogo: Logo personalizat<br \/>\nLivrare: 25-35 de zile lucr\u0103toare<br \/>\nOEM &amp; ODM<\/p>\n<p><a href=\"https:\/\/petelulu.com\/ro\/#category\">Vezi mai multe<\/a><\/p>\n<div class=\"wpforms-container wpforms-container-full wpforms-render-modern\" id=\"wpforms-2878\"><form id=\"wpforms-form-2878\" class=\"wpforms-validate wpforms-form wpforms-ajax-form\" data-formid=\"2878\" method=\"post\" enctype=\"multipart\/form-data\" action=\"\/ro\/wp-json\/wp\/v2\/product\/2100\" data-token=\"d514bbaf0be2968f99abd4883550499b\" data-token-time=\"1775292989\" data-trp-original-action=\"\/ro\/wp-json\/wp\/v2\/product\/2100\"><noscript class=\"wpforms-error-noscript\">V\u0103 rug\u0103m s\u0103 activa\u021bi JavaScript \u00een browserul dvs. pentru a completa acest formular.<\/noscript><div class=\"wpforms-hidden\" id=\"wpforms-error-noscript\">V\u0103 rug\u0103m s\u0103 activa\u021bi JavaScript \u00een browserul dvs. pentru a completa acest formular.<\/div><div class=\"wpforms-field-container\"><div id=\"wpforms-2878-field_2-container\" class=\"wpforms-field wpforms-field-name\" data-field-id=\"2\"><label class=\"wpforms-field-label\" for=\"wpforms-2878-field_2\">Nume \u0219i prenume <span class=\"wpforms-required-label\" aria-hidden=\"true\">*<\/span><\/label><input type=\"text\" id=\"wpforms-2878-field_2\" class=\"wpforms-field-medium wpforms-field-required\" name=\"wpforms[fields][2]\" aria-errormessage=\"wpforms-2878-field_2-error\" required><\/div><div id=\"wpforms-2878-field_5-container\" class=\"wpforms-field wpforms-field-email\" data-field-id=\"5\"><label class=\"wpforms-field-label\" for=\"wpforms-2878-field_5\">E-mail <span class=\"wpforms-required-label\" aria-hidden=\"true\">*<\/span><\/label><input type=\"email\" id=\"wpforms-2878-field_5\" class=\"wpforms-field-medium wpforms-field-required\" name=\"wpforms[fields][5]\" spellcheck=\"false\" aria-errormessage=\"wpforms-2878-field_5-error\" required><\/div><div id=\"wpforms-2878-field_3-container\" class=\"wpforms-field wpforms-field-textarea\" data-field-id=\"3\"><label class=\"wpforms-field-label\" for=\"wpforms-2878-field_3\">Cerere <span class=\"wpforms-required-label\" aria-hidden=\"true\">*<\/span><\/label><textarea id=\"wpforms-2878-field_3\" class=\"wpforms-field-medium wpforms-field-required\" name=\"wpforms[fields][3]\" aria-errormessage=\"wpforms-2878-field_3-error\" aria-describedby=\"wpforms-2878-field_3-description\" required><\/textarea><div id=\"wpforms-2878-field_3-description\" class=\"wpforms-field-description\">V\u0103 rug\u0103m s\u0103 ne furniza\u021bi cerin\u021bele dvs. \u0219i num\u0103rul WhatsApp, iar reprezentantul nostru de v\u00e2nz\u0103ri v\u0103 va contacta.<\/div><\/div><\/div><!-- .wpforms-field-container --><div class=\"wpforms-submit-container\" ><input type=\"hidden\" name=\"wpforms[id]\" value=\"2878\"><input type=\"hidden\" name=\"page_title\" value=\"\"><input type=\"hidden\" name=\"page_url\" value=\"https:\/\/petelulu.com\/ro\/wp-json\/wp\/v2\/product\/2100\"><input type=\"hidden\" name=\"url_referer\" value=\"\"><button type=\"submit\" name=\"wpforms[submit]\" id=\"wpforms-submit-2878\" class=\"wpforms-submit\" data-alt-text=\"Sending...\" data-submit-text=\"Submit\" aria-live=\"assertive\" value=\"wpforms-submit\">Trimite<\/button><img loading=\"lazy\" decoding=\"async\" src=\"https:\/\/petelulu.com\/wp-content\/plugins\/wpforms-lite\/assets\/images\/submit-spin.svg\" class=\"wpforms-submit-spinner\" style=\"display: none;\" width=\"26\" height=\"26\" alt=\"\u00cenc\u0103rcare\"><\/div><input type=\"hidden\" name=\"trp-form-language\" value=\"ro\"\/><\/form><\/div>  <!-- .wpforms-container -->\n<p>&nbsp;<\/p>","protected":false},"featured_media":2102,"template":"","meta":[],"product_brand":[],"product_cat":[41],"product_tag":[80,102,97],"class_list":{"0":"post-2100","1":"product","2":"type-product","3":"status-publish","4":"has-post-thumbnail","6":"product_cat-rompers","7":"product_tag-baby","8":"product_tag-category","9":"product_tag-organic-cotton","10":"has-post-title","11":"has-post-date","12":"has-post-category","13":"has-post-tag","14":"has-post-comment","15":"has-post-author","16":"","18":"first","19":"instock","20":"shipping-taxable","21":"product-type-simple"},"yoast_head":"<!-- This site is optimized with the Yoast SEO Premium plugin v24.5 (Yoast SEO v25.6) - https:\/\/yoast.com\/wordpress\/plugins\/seo\/ -->\n<title>Custom Organic Cotton Baby Romper - petelulu<\/title>\n<meta name=\"description\" content=\"Organic Cotton Baby Romper | Custom Designs, Fast Shipping Worldwide. Competitive Pricing for Retailers. Get Quote &amp; Enquire Now!\" \/>\n<meta name=\"robots\" content=\"index, follow, max-snippet:-1, max-image-preview:large, max-video-preview:-1\" \/>\n<link rel=\"canonical\" href=\"https:\/\/petelulu.com\/ro\/product\/bumbac-organic-copil-romper-2\/\" \/>\n<meta property=\"og:locale\" content=\"ro_RO\" \/>\n<meta property=\"og:type\" content=\"article\" \/>\n<meta property=\"og:title\" content=\"Custom Organic Cotton Baby Romper\" \/>\n<meta property=\"og:description\" content=\"Organic Cotton Baby Romper | Custom Designs, Fast Shipping Worldwide. Competitive Pricing for Retailers. Get Quote &amp; Enquire Now!\" \/>\n<meta property=\"og:url\" content=\"https:\/\/petelulu.com\/ro\/product\/bumbac-organic-copil-romper-2\/\" \/>\n<meta property=\"og:site_name\" content=\"petelulu\" \/>\n<meta property=\"article:modified_time\" content=\"2025-08-13T03:01:34+00:00\" \/>\n<meta property=\"og:image\" content=\"https:\/\/petelulu.com\/wp-content\/uploads\/2025\/03\/\u4e3b\u56fe_003-29.jpg\" \/>\n\t<meta property=\"og:image:width\" content=\"1800\" \/>\n\t<meta property=\"og:image:height\" content=\"1800\" \/>\n\t<meta property=\"og:image:type\" content=\"image\/jpeg\" \/>\n<meta name=\"twitter:card\" content=\"summary_large_image\" \/>\n<meta name=\"twitter:label1\" content=\"Timp estimat pentru citire\" \/>\n\t<meta name=\"twitter:data1\" content=\"2 minute\" \/>\n<script type=\"application\/ld+json\" class=\"yoast-schema-graph\">{\"@context\":\"https:\/\/schema.org\",\"@graph\":[{\"@type\":\"WebPage\",\"@id\":\"https:\/\/petelulu.com\/product\/organic-cotton-baby-romper-2\/\",\"url\":\"https:\/\/petelulu.com\/product\/organic-cotton-baby-romper-2\/\",\"name\":\"Custom Organic Cotton Baby Romper - petelulu\",\"isPartOf\":{\"@id\":\"https:\/\/petelulu.com\/#website\"},\"primaryImageOfPage\":{\"@id\":\"https:\/\/petelulu.com\/product\/organic-cotton-baby-romper-2\/#primaryimage\"},\"image\":{\"@id\":\"https:\/\/petelulu.com\/product\/organic-cotton-baby-romper-2\/#primaryimage\"},\"thumbnailUrl\":\"https:\/\/petelulu.com\/wp-content\/uploads\/2025\/03\/\u4e3b\u56fe_003-29.jpg\",\"datePublished\":\"2025-06-16T10:09:17+00:00\",\"dateModified\":\"2025-08-13T03:01:34+00:00\",\"description\":\"Organic Cotton Baby Romper | Custom Designs, Fast Shipping Worldwide. Competitive Pricing for Retailers. Get Quote & Enquire Now!\",\"breadcrumb\":{\"@id\":\"https:\/\/petelulu.com\/product\/organic-cotton-baby-romper-2\/#breadcrumb\"},\"inLanguage\":\"ro-RO\",\"potentialAction\":[{\"@type\":\"ReadAction\",\"target\":[\"https:\/\/petelulu.com\/product\/organic-cotton-baby-romper-2\/\"]}]},{\"@type\":\"ImageObject\",\"inLanguage\":\"ro-RO\",\"@id\":\"https:\/\/petelulu.com\/product\/organic-cotton-baby-romper-2\/#primaryimage\",\"url\":\"https:\/\/petelulu.com\/wp-content\/uploads\/2025\/03\/\u4e3b\u56fe_003-29.jpg\",\"contentUrl\":\"https:\/\/petelulu.com\/wp-content\/uploads\/2025\/03\/\u4e3b\u56fe_003-29.jpg\",\"width\":1800,\"height\":1800,\"caption\":\"Organic Cotton Baby Romper\"},{\"@type\":\"BreadcrumbList\",\"@id\":\"https:\/\/petelulu.com\/product\/organic-cotton-baby-romper-2\/#breadcrumb\",\"itemListElement\":[{\"@type\":\"ListItem\",\"position\":1,\"name\":\"\u9996\u9875\",\"item\":\"https:\/\/petelulu.com\/\"},{\"@type\":\"ListItem\",\"position\":2,\"name\":\"PRODUCT GALLERY\",\"item\":\"https:\/\/petelulu.com\/product-gallery\/\"},{\"@type\":\"ListItem\",\"position\":3,\"name\":\"Custom Organic Cotton Baby Romper\"}]},{\"@type\":\"WebSite\",\"@id\":\"https:\/\/petelulu.com\/#website\",\"url\":\"https:\/\/petelulu.com\/\",\"name\":\"PETElulu\",\"description\":\"\",\"potentialAction\":[{\"@type\":\"SearchAction\",\"target\":{\"@type\":\"EntryPoint\",\"urlTemplate\":\"https:\/\/petelulu.com\/?s={search_term_string}\"},\"query-input\":{\"@type\":\"PropertyValueSpecification\",\"valueRequired\":true,\"valueName\":\"search_term_string\"}}],\"inLanguage\":\"ro-RO\"}]}<\/script>\n<!-- \/ Yoast SEO Premium plugin. -->","yoast_head_json":{"title":"Personalizat bumbac organic Baby Romper - petelulu","description":"Bumbac organic Baby Romper | Modele personalizate, Livrare rapid\u0103 \u00een \u00eentreaga lume. Pre\u021buri competitive pentru retaileri. Ob\u021bine\u021bi ofert\u0103 \u0219i \u00eentreba\u021bi acum!","robots":{"index":"index","follow":"follow","max-snippet":"max-snippet:-1","max-image-preview":"max-image-preview:large","max-video-preview":"max-video-preview:-1"},"canonical":"https:\/\/petelulu.com\/ro\/product\/bumbac-organic-copil-romper-2\/","og_locale":"ro_RO","og_type":"article","og_title":"Custom Organic Cotton Baby Romper","og_description":"Organic Cotton Baby Romper | Custom Designs, Fast Shipping Worldwide. Competitive Pricing for Retailers. Get Quote & Enquire Now!","og_url":"https:\/\/petelulu.com\/ro\/product\/bumbac-organic-copil-romper-2\/","og_site_name":"petelulu","article_modified_time":"2025-08-13T03:01:34+00:00","og_image":[{"width":1800,"height":1800,"url":"https:\/\/petelulu.com\/wp-content\/uploads\/2025\/03\/\u4e3b\u56fe_003-29.jpg","type":"image\/jpeg"}],"twitter_card":"summary_large_image","twitter_misc":{"Timp estimat pentru citire":"2 minute"},"schema":{"@context":"https:\/\/schema.org","@graph":[{"@type":"WebPage","@id":"https:\/\/petelulu.com\/product\/organic-cotton-baby-romper-2\/","url":"https:\/\/petelulu.com\/product\/organic-cotton-baby-romper-2\/","name":"Personalizat bumbac organic Baby Romper - petelulu","isPartOf":{"@id":"https:\/\/petelulu.com\/#website"},"primaryImageOfPage":{"@id":"https:\/\/petelulu.com\/product\/organic-cotton-baby-romper-2\/#primaryimage"},"image":{"@id":"https:\/\/petelulu.com\/product\/organic-cotton-baby-romper-2\/#primaryimage"},"thumbnailUrl":"https:\/\/petelulu.com\/wp-content\/uploads\/2025\/03\/\u4e3b\u56fe_003-29.jpg","datePublished":"2025-06-16T10:09:17+00:00","dateModified":"2025-08-13T03:01:34+00:00","description":"Bumbac organic Baby Romper | Modele personalizate, Livrare rapid\u0103 \u00een \u00eentreaga lume. Pre\u021buri competitive pentru retaileri. Ob\u021bine\u021bi ofert\u0103 \u0219i \u00eentreba\u021bi acum!","breadcrumb":{"@id":"https:\/\/petelulu.com\/product\/organic-cotton-baby-romper-2\/#breadcrumb"},"inLanguage":"ro-RO","potentialAction":[{"@type":"ReadAction","target":["https:\/\/petelulu.com\/product\/organic-cotton-baby-romper-2\/"]}]},{"@type":"ImageObject","inLanguage":"ro-RO","@id":"https:\/\/petelulu.com\/product\/organic-cotton-baby-romper-2\/#primaryimage","url":"https:\/\/petelulu.com\/wp-content\/uploads\/2025\/03\/\u4e3b\u56fe_003-29.jpg","contentUrl":"https:\/\/petelulu.com\/wp-content\/uploads\/2025\/03\/\u4e3b\u56fe_003-29.jpg","width":1800,"height":1800,"caption":"Organic Cotton Baby Romper"},{"@type":"BreadcrumbList","@id":"https:\/\/petelulu.com\/product\/organic-cotton-baby-romper-2\/#breadcrumb","itemListElement":[{"@type":"ListItem","position":1,"name":"\u9996\u9875","item":"https:\/\/petelulu.com\/"},{"@type":"ListItem","position":2,"name":"PRODUCT GALLERY","item":"https:\/\/petelulu.com\/product-gallery\/"},{"@type":"ListItem","position":3,"name":"Custom Organic Cotton Baby Romper"}]},{"@type":"WebSite","@id":"https:\/\/petelulu.com\/#website","url":"https:\/\/petelulu.com\/","name":"PETElulu","description":"","potentialAction":[{"@type":"SearchAction","target":{"@type":"EntryPoint","urlTemplate":"https:\/\/petelulu.com\/?s={search_term_string}"},"query-input":{"@type":"PropertyValueSpecification","valueRequired":true,"valueName":"search_term_string"}}],"inLanguage":"ro-RO"}]}},"builder_content":"","_links":{"self":[{"href":"https:\/\/petelulu.com\/ro\/wp-json\/wp\/v2\/product\/2100","targetHints":{"allow":["GET"]}}],"collection":[{"href":"https:\/\/petelulu.com\/ro\/wp-json\/wp\/v2\/product"}],"about":[{"href":"https:\/\/petelulu.com\/ro\/wp-json\/wp\/v2\/types\/product"}],"wp:featuredmedia":[{"embeddable":true,"href":"https:\/\/petelulu.com\/ro\/wp-json\/wp\/v2\/media\/2102"}],"wp:attachment":[{"href":"https:\/\/petelulu.com\/ro\/wp-json\/wp\/v2\/media?parent=2100"}],"wp:term":[{"taxonomy":"product_brand","embeddable":true,"href":"https:\/\/petelulu.com\/ro\/wp-json\/wp\/v2\/product_brand?post=2100"},{"taxonomy":"product_cat","embeddable":true,"href":"https:\/\/petelulu.com\/ro\/wp-json\/wp\/v2\/product_cat?post=2100"},{"taxonomy":"product_tag","embeddable":true,"href":"https:\/\/petelulu.com\/ro\/wp-json\/wp\/v2\/product_tag?post=2100"}],"curies":[{"name":"wp","href":"https:\/\/api.w.org\/{rel}","templated":true}]}}