{"id":1989,"date":"2025-03-20T01:49:46","date_gmt":"2025-03-20T01:49:46","guid":{"rendered":"https:\/\/petelulu.com\/?post_type=product&#038;p=1989"},"modified":"2025-08-12T23:54:14","modified_gmt":"2025-08-13T03:54:14","slug":"set-cadou-de-pijamale-din-bambus-pentru-familie","status":"publish","type":"product","link":"https:\/\/petelulu.com\/ro\/product\/set-cadou-de-pijamale-din-bambus-pentru-familie\/","title":{"rendered":"Custom Loose Bamboo Viscose Family Matching Pajamas Gift Set"},"content":{"rendered":"","protected":false},"excerpt":{"rendered":"<p>Pre\u021b unitar: US $10-15\/ Bucat\u0103<br \/>\nCantitate minim\u0103 de comand\u0103: 300 Piece \/ dimensiune<br \/>\nMaterial: Spandex \/ Bamboo Fiber<br \/>\nDimensiune copii: 12-18M\/2T-3T-4T-5T-6T-8T-10T<br \/>\nDimensiune adult: S\/M\/L\/XL\/XXL<br \/>\nMateriale aplicabile: Bambus\/Bumbac organic\/Bumbac pur\/French Terry\/Muzelin\u0103 de bambus<br \/>\nCapacitatea de aprovizionare: 10,000 Piece\/Pieces pe lun\u0103<br \/>\nPort: Guangzhou, China<br \/>\nCondi\u021bii de plat\u0103: T\/T<br \/>\nE\u0219antion\uff1aAceta\u021bi e\u0219antion personalizat<br \/>\nLogo: Logo personalizat<br \/>\nLivrare: 25-35 de zile lucr\u0103toare<br \/>\nOEM &amp; ODM<\/p>\n<p><a href=\"https:\/\/petelulu.com\/ro\/#category\">Vezi mai multe<\/a><\/p>\n<div class=\"wpforms-container wpforms-container-full wpforms-render-modern\" id=\"wpforms-2878\"><form id=\"wpforms-form-2878\" class=\"wpforms-validate wpforms-form wpforms-ajax-form\" data-formid=\"2878\" method=\"post\" enctype=\"multipart\/form-data\" action=\"\/ro\/wp-json\/wp\/v2\/product\/1989\" data-token=\"fde75f8eaf6d8cf056c5b40a4fa6d54f\" data-token-time=\"1777164972\" data-trp-original-action=\"\/ro\/wp-json\/wp\/v2\/product\/1989\"><noscript class=\"wpforms-error-noscript\">V\u0103 rug\u0103m s\u0103 activa\u021bi JavaScript \u00een browserul dvs. pentru a completa acest formular.<\/noscript><div class=\"wpforms-hidden\" id=\"wpforms-error-noscript\">V\u0103 rug\u0103m s\u0103 activa\u021bi JavaScript \u00een browserul dvs. pentru a completa acest formular.<\/div><div class=\"wpforms-field-container\"><div id=\"wpforms-2878-field_2-container\" class=\"wpforms-field wpforms-field-name\" data-field-id=\"2\"><label class=\"wpforms-field-label\" for=\"wpforms-2878-field_2\">Nume \u0219i prenume <span class=\"wpforms-required-label\" aria-hidden=\"true\">*<\/span><\/label><input type=\"text\" id=\"wpforms-2878-field_2\" class=\"wpforms-field-medium wpforms-field-required\" name=\"wpforms[fields][2]\" aria-errormessage=\"wpforms-2878-field_2-error\" required><\/div><div id=\"wpforms-2878-field_5-container\" class=\"wpforms-field wpforms-field-email\" data-field-id=\"5\"><label class=\"wpforms-field-label\" for=\"wpforms-2878-field_5\">E-mail <span class=\"wpforms-required-label\" aria-hidden=\"true\">*<\/span><\/label><input type=\"email\" id=\"wpforms-2878-field_5\" class=\"wpforms-field-medium wpforms-field-required\" name=\"wpforms[fields][5]\" spellcheck=\"false\" aria-errormessage=\"wpforms-2878-field_5-error\" required><\/div><div id=\"wpforms-2878-field_3-container\" class=\"wpforms-field wpforms-field-textarea\" data-field-id=\"3\"><label class=\"wpforms-field-label\" for=\"wpforms-2878-field_3\">Cerere <span class=\"wpforms-required-label\" aria-hidden=\"true\">*<\/span><\/label><textarea id=\"wpforms-2878-field_3\" class=\"wpforms-field-medium wpforms-field-required\" name=\"wpforms[fields][3]\" aria-errormessage=\"wpforms-2878-field_3-error\" aria-describedby=\"wpforms-2878-field_3-description\" required><\/textarea><div id=\"wpforms-2878-field_3-description\" class=\"wpforms-field-description\">V\u0103 rug\u0103m s\u0103 ne furniza\u021bi cerin\u021bele dvs. \u0219i num\u0103rul WhatsApp, iar reprezentantul nostru de v\u00e2nz\u0103ri v\u0103 va contacta.<\/div><\/div><\/div><!-- .wpforms-field-container --><div class=\"wpforms-submit-container\" ><input type=\"hidden\" name=\"wpforms[id]\" value=\"2878\"><input type=\"hidden\" name=\"page_title\" value=\"\"><input type=\"hidden\" name=\"page_url\" value=\"https:\/\/petelulu.com\/ro\/wp-json\/wp\/v2\/product\/1989\"><input type=\"hidden\" name=\"url_referer\" value=\"\"><button type=\"submit\" name=\"wpforms[submit]\" id=\"wpforms-submit-2878\" class=\"wpforms-submit\" data-alt-text=\"Sending...\" data-submit-text=\"Submit\" aria-live=\"assertive\" value=\"wpforms-submit\">Trimite<\/button><img loading=\"lazy\" decoding=\"async\" src=\"https:\/\/petelulu.com\/wp-content\/plugins\/wpforms-lite\/assets\/images\/submit-spin.svg\" class=\"wpforms-submit-spinner\" style=\"display: none;\" width=\"26\" height=\"26\" alt=\"\u00cenc\u0103rcare\"><\/div><input type=\"hidden\" name=\"trp-form-language\" value=\"ro\"\/><\/form><\/div>  <!-- .wpforms-container -->\n<p>&nbsp;<\/p>","protected":false},"featured_media":1998,"template":"","meta":[],"product_brand":[],"product_cat":[78,79],"product_tag":[80,83,82,81],"class_list":{"0":"post-1989","1":"product","2":"type-product","3":"status-publish","4":"has-post-thumbnail","6":"product_cat-family-matching-clothes","7":"product_cat-gift-set","8":"product_tag-baby","9":"product_tag-family","10":"product_tag-kid","11":"product_tag-toddler","12":"has-post-title","13":"has-post-date","14":"has-post-category","15":"has-post-tag","16":"has-post-comment","17":"has-post-author","18":"","20":"first","21":"instock","22":"shipping-taxable","23":"product-type-simple"},"yoast_head":"<!-- This site is optimized with the Yoast SEO Premium plugin v24.5 (Yoast SEO v25.6) - https:\/\/yoast.com\/wordpress\/plugins\/seo\/ -->\n<title>Custom Loose Bamboo Viscose Family Matching Pajamas Gift Set - petelulu<\/title>\n<meta name=\"description\" content=\"Loose Bamboo Family Matching Pajamas Gift Set | Custom Designs, Fast Shipping Worldwide. Competitive Pricing for Retailers. Get Quote &amp; Enquire Now!\" \/>\n<meta name=\"robots\" content=\"index, follow, max-snippet:-1, max-image-preview:large, max-video-preview:-1\" \/>\n<link rel=\"canonical\" href=\"https:\/\/petelulu.com\/ro\/product\/set-cadou-de-pijamale-din-bambus-pentru-familie\/\" \/>\n<meta property=\"og:locale\" content=\"ro_RO\" \/>\n<meta property=\"og:type\" content=\"article\" \/>\n<meta property=\"og:title\" content=\"Custom Loose Bamboo Viscose Family Matching Pajamas Gift Set\" \/>\n<meta property=\"og:description\" content=\"Loose Bamboo Family Matching Pajamas Gift Set | Custom Designs, Fast Shipping Worldwide. Competitive Pricing for Retailers. Get Quote &amp; Enquire Now!\" \/>\n<meta property=\"og:url\" content=\"https:\/\/petelulu.com\/ro\/product\/set-cadou-de-pijamale-din-bambus-pentru-familie\/\" \/>\n<meta property=\"og:site_name\" content=\"petelulu\" \/>\n<meta property=\"article:modified_time\" content=\"2025-08-13T03:54:14+00:00\" \/>\n<meta property=\"og:image\" content=\"https:\/\/petelulu.com\/wp-content\/uploads\/2025\/03\/Z241114010-\u4e3b\u56fe-5.jpg\" \/>\n\t<meta property=\"og:image:width\" content=\"1500\" \/>\n\t<meta property=\"og:image:height\" content=\"1500\" \/>\n\t<meta property=\"og:image:type\" content=\"image\/jpeg\" \/>\n<meta name=\"twitter:card\" content=\"summary_large_image\" \/>\n<meta name=\"twitter:label1\" content=\"Timp estimat pentru citire\" \/>\n\t<meta name=\"twitter:data1\" content=\"1 minut\" \/>\n<script type=\"application\/ld+json\" class=\"yoast-schema-graph\">{\"@context\":\"https:\/\/schema.org\",\"@graph\":[{\"@type\":\"WebPage\",\"@id\":\"https:\/\/petelulu.com\/product\/loose-bamboo-family-matching-pajamas-gift-set\/\",\"url\":\"https:\/\/petelulu.com\/product\/loose-bamboo-family-matching-pajamas-gift-set\/\",\"name\":\"Custom Loose Bamboo Viscose Family Matching Pajamas Gift Set - petelulu\",\"isPartOf\":{\"@id\":\"https:\/\/petelulu.com\/#website\"},\"primaryImageOfPage\":{\"@id\":\"https:\/\/petelulu.com\/product\/loose-bamboo-family-matching-pajamas-gift-set\/#primaryimage\"},\"image\":{\"@id\":\"https:\/\/petelulu.com\/product\/loose-bamboo-family-matching-pajamas-gift-set\/#primaryimage\"},\"thumbnailUrl\":\"https:\/\/petelulu.com\/wp-content\/uploads\/2025\/03\/Z241114010-\u4e3b\u56fe-5.jpg\",\"datePublished\":\"2025-03-20T01:49:46+00:00\",\"dateModified\":\"2025-08-13T03:54:14+00:00\",\"description\":\"Loose Bamboo Family Matching Pajamas Gift Set | Custom Designs, Fast Shipping Worldwide. Competitive Pricing for Retailers. Get Quote & Enquire Now!\",\"breadcrumb\":{\"@id\":\"https:\/\/petelulu.com\/product\/loose-bamboo-family-matching-pajamas-gift-set\/#breadcrumb\"},\"inLanguage\":\"ro-RO\",\"potentialAction\":[{\"@type\":\"ReadAction\",\"target\":[\"https:\/\/petelulu.com\/product\/loose-bamboo-family-matching-pajamas-gift-set\/\"]}]},{\"@type\":\"ImageObject\",\"inLanguage\":\"ro-RO\",\"@id\":\"https:\/\/petelulu.com\/product\/loose-bamboo-family-matching-pajamas-gift-set\/#primaryimage\",\"url\":\"https:\/\/petelulu.com\/wp-content\/uploads\/2025\/03\/Z241114010-\u4e3b\u56fe-5.jpg\",\"contentUrl\":\"https:\/\/petelulu.com\/wp-content\/uploads\/2025\/03\/Z241114010-\u4e3b\u56fe-5.jpg\",\"width\":1500,\"height\":1500,\"caption\":\"Loose Bamboo Family Matching Pajamas Gift Set\"},{\"@type\":\"BreadcrumbList\",\"@id\":\"https:\/\/petelulu.com\/product\/loose-bamboo-family-matching-pajamas-gift-set\/#breadcrumb\",\"itemListElement\":[{\"@type\":\"ListItem\",\"position\":1,\"name\":\"\u9996\u9875\",\"item\":\"https:\/\/petelulu.com\/\"},{\"@type\":\"ListItem\",\"position\":2,\"name\":\"PRODUCT GALLERY\",\"item\":\"https:\/\/petelulu.com\/product-gallery\/\"},{\"@type\":\"ListItem\",\"position\":3,\"name\":\"Custom Loose Bamboo Viscose Family Matching Pajamas Gift Set\"}]},{\"@type\":\"WebSite\",\"@id\":\"https:\/\/petelulu.com\/#website\",\"url\":\"https:\/\/petelulu.com\/\",\"name\":\"PETElulu\",\"description\":\"\",\"potentialAction\":[{\"@type\":\"SearchAction\",\"target\":{\"@type\":\"EntryPoint\",\"urlTemplate\":\"https:\/\/petelulu.com\/?s={search_term_string}\"},\"query-input\":{\"@type\":\"PropertyValueSpecification\",\"valueRequired\":true,\"valueName\":\"search_term_string\"}}],\"inLanguage\":\"ro-RO\"}]}<\/script>\n<!-- \/ Yoast SEO Premium plugin. -->","yoast_head_json":{"title":"Set cadou de pijamale personalizate din bambus viscoz\u0103 pentru familie - petelulu","description":"Set cadou de pijamale asortate Loose Bamboo Family | Modele personalizate, Livrare rapid\u0103 \u00een toat\u0103 lumea. Pre\u021buri competitive pentru retaileri. Ob\u021bine\u021bi ofert\u0103 \u0219i \u00eentreba\u021bi acum!","robots":{"index":"index","follow":"follow","max-snippet":"max-snippet:-1","max-image-preview":"max-image-preview:large","max-video-preview":"max-video-preview:-1"},"canonical":"https:\/\/petelulu.com\/ro\/product\/set-cadou-de-pijamale-din-bambus-pentru-familie\/","og_locale":"ro_RO","og_type":"article","og_title":"Custom Loose Bamboo Viscose Family Matching Pajamas Gift Set","og_description":"Loose Bamboo Family Matching Pajamas Gift Set | Custom Designs, Fast Shipping Worldwide. Competitive Pricing for Retailers. Get Quote & Enquire Now!","og_url":"https:\/\/petelulu.com\/ro\/product\/set-cadou-de-pijamale-din-bambus-pentru-familie\/","og_site_name":"petelulu","article_modified_time":"2025-08-13T03:54:14+00:00","og_image":[{"width":1500,"height":1500,"url":"https:\/\/petelulu.com\/wp-content\/uploads\/2025\/03\/Z241114010-\u4e3b\u56fe-5.jpg","type":"image\/jpeg"}],"twitter_card":"summary_large_image","twitter_misc":{"Timp estimat pentru citire":"1 minut"},"schema":{"@context":"https:\/\/schema.org","@graph":[{"@type":"WebPage","@id":"https:\/\/petelulu.com\/product\/loose-bamboo-family-matching-pajamas-gift-set\/","url":"https:\/\/petelulu.com\/product\/loose-bamboo-family-matching-pajamas-gift-set\/","name":"Set cadou de pijamale personalizate din bambus viscoz\u0103 pentru familie - petelulu","isPartOf":{"@id":"https:\/\/petelulu.com\/#website"},"primaryImageOfPage":{"@id":"https:\/\/petelulu.com\/product\/loose-bamboo-family-matching-pajamas-gift-set\/#primaryimage"},"image":{"@id":"https:\/\/petelulu.com\/product\/loose-bamboo-family-matching-pajamas-gift-set\/#primaryimage"},"thumbnailUrl":"https:\/\/petelulu.com\/wp-content\/uploads\/2025\/03\/Z241114010-\u4e3b\u56fe-5.jpg","datePublished":"2025-03-20T01:49:46+00:00","dateModified":"2025-08-13T03:54:14+00:00","description":"Set cadou de pijamale asortate Loose Bamboo Family | Modele personalizate, Livrare rapid\u0103 \u00een toat\u0103 lumea. Pre\u021buri competitive pentru retaileri. Ob\u021bine\u021bi ofert\u0103 \u0219i \u00eentreba\u021bi acum!","breadcrumb":{"@id":"https:\/\/petelulu.com\/product\/loose-bamboo-family-matching-pajamas-gift-set\/#breadcrumb"},"inLanguage":"ro-RO","potentialAction":[{"@type":"ReadAction","target":["https:\/\/petelulu.com\/product\/loose-bamboo-family-matching-pajamas-gift-set\/"]}]},{"@type":"ImageObject","inLanguage":"ro-RO","@id":"https:\/\/petelulu.com\/product\/loose-bamboo-family-matching-pajamas-gift-set\/#primaryimage","url":"https:\/\/petelulu.com\/wp-content\/uploads\/2025\/03\/Z241114010-\u4e3b\u56fe-5.jpg","contentUrl":"https:\/\/petelulu.com\/wp-content\/uploads\/2025\/03\/Z241114010-\u4e3b\u56fe-5.jpg","width":1500,"height":1500,"caption":"Loose Bamboo Family Matching Pajamas Gift Set"},{"@type":"BreadcrumbList","@id":"https:\/\/petelulu.com\/product\/loose-bamboo-family-matching-pajamas-gift-set\/#breadcrumb","itemListElement":[{"@type":"ListItem","position":1,"name":"\u9996\u9875","item":"https:\/\/petelulu.com\/"},{"@type":"ListItem","position":2,"name":"PRODUCT GALLERY","item":"https:\/\/petelulu.com\/product-gallery\/"},{"@type":"ListItem","position":3,"name":"Custom Loose Bamboo Viscose Family Matching Pajamas Gift Set"}]},{"@type":"WebSite","@id":"https:\/\/petelulu.com\/#website","url":"https:\/\/petelulu.com\/","name":"PETElulu","description":"","potentialAction":[{"@type":"SearchAction","target":{"@type":"EntryPoint","urlTemplate":"https:\/\/petelulu.com\/?s={search_term_string}"},"query-input":{"@type":"PropertyValueSpecification","valueRequired":true,"valueName":"search_term_string"}}],"inLanguage":"ro-RO"}]}},"builder_content":"","_links":{"self":[{"href":"https:\/\/petelulu.com\/ro\/wp-json\/wp\/v2\/product\/1989","targetHints":{"allow":["GET"]}}],"collection":[{"href":"https:\/\/petelulu.com\/ro\/wp-json\/wp\/v2\/product"}],"about":[{"href":"https:\/\/petelulu.com\/ro\/wp-json\/wp\/v2\/types\/product"}],"wp:featuredmedia":[{"embeddable":true,"href":"https:\/\/petelulu.com\/ro\/wp-json\/wp\/v2\/media\/1998"}],"wp:attachment":[{"href":"https:\/\/petelulu.com\/ro\/wp-json\/wp\/v2\/media?parent=1989"}],"wp:term":[{"taxonomy":"product_brand","embeddable":true,"href":"https:\/\/petelulu.com\/ro\/wp-json\/wp\/v2\/product_brand?post=1989"},{"taxonomy":"product_cat","embeddable":true,"href":"https:\/\/petelulu.com\/ro\/wp-json\/wp\/v2\/product_cat?post=1989"},{"taxonomy":"product_tag","embeddable":true,"href":"https:\/\/petelulu.com\/ro\/wp-json\/wp\/v2\/product_tag?post=1989"}],"curies":[{"name":"wp","href":"https:\/\/api.w.org\/{rel}","templated":true}]}}