{"id":1875,"date":"2025-03-18T06:18:30","date_gmt":"2025-03-18T06:18:30","guid":{"rendered":"https:\/\/petelulu.com\/?post_type=product&#038;p=1875"},"modified":"2025-08-12T23:47:33","modified_gmt":"2025-08-13T03:47:33","slug":"set-de-pantaloni-si-bluza-cu-maneca-scurta-din-bambus-cu-nervuri","status":"publish","type":"product","link":"https:\/\/petelulu.com\/ro\/product\/set-de-pantaloni-si-bluza-cu-maneca-scurta-din-bambus-cu-nervuri\/","title":{"rendered":"Set personalizat de top \u0219i pantaloni cu m\u00e2nec\u0103 scurt\u0103 din bambus \u0219i viscoz\u0103 cu nervuri"},"content":{"rendered":"<div id=\"sellingpoint\" class=\"header\">\n<h2>Despre acest produs<\/h2>\n<\/div>\n<ul class=\"\">\n<li>Customization Options: This 2-piece set for toddlers offers customization options for size, color, and design, allowing you to tailor the product to your specific needs. Whether you&#8217;re looking for a unique design or a specific color, our team will work with you to create the perfect fit.<\/li>\n<li>Bamboo Fiber Material: Made from high-quality bamboo fiber, this set is soft, breathable, and gentle on your child&#8217;s skin. Bamboo fiber is also eco-friendly and hypoallergenic, making it an excellent choice for sensitive skin.<\/li>\n<li>Versatile Design: The casual style of this set makes it suitable for everyday wear, whether you&#8217;re heading to the park or running errands. The solid color pattern ensures a timeless look that will never go out of style.<\/li>\n<li>Durable and Comfortable: The short sleeve design and biker pants style ensure your child stays cool and comfortable all day long. The set is also made to withstand repeated washing and wear, making it a great investment for your child&#8217;s wardrobe.<\/li>\n<li data-spm-anchor-id=\"a2700.details.0.i85.64855a1ePWJWCf\">Custom Branding: If you&#8217;re looking to create a custom brand or promote your business, we offer OEM and ODM services, allowing you to add your logo to the product. Our team will work with you to ensure a seamless branding experience.<\/li>\n<\/ul>","protected":false},"excerpt":{"rendered":"<p>Pre\u021b unitar: US $8.55-8.95\/ Bucat\u0103<br \/>\nCantitate minim\u0103 de comand\u0103: 300 Piece \/ dimensiune<br \/>\nMaterial: Bamboo Fiber<br \/>\nAge: 0-3M\/3-6M\/6-9M\/9-12M\/12-18M\/18-24M\/2T-3T-4T<br \/>\nMateriale aplicabile: Bambus\/Bumbac organic\/Bumbac pur\/French Terry\/Muzelin\u0103 de bambus<br \/>\nCapacitatea de aprovizionare: 10,000 Piece\/Pieces pe lun\u0103<br \/>\nPort: Guangzhou, China<br \/>\nCondi\u021bii de plat\u0103: T\/T<br \/>\nE\u0219antion\uff1aAceta\u021bi e\u0219antion personalizat<br \/>\nLogo: Logo personalizat<br \/>\nLivrare: 25-35 de zile lucr\u0103toare<br \/>\nOEM &amp; ODM<\/p>\n<p><a href=\"https:\/\/petelulu.com\/ro\/#category\">Vezi mai multe<\/a><\/p>\n<div class=\"wpforms-container wpforms-container-full wpforms-render-modern\" id=\"wpforms-2878\"><form id=\"wpforms-form-2878\" class=\"wpforms-validate wpforms-form wpforms-ajax-form\" data-formid=\"2878\" method=\"post\" enctype=\"multipart\/form-data\" action=\"\/ro\/wp-json\/wp\/v2\/product\/1875\" data-token=\"fde75f8eaf6d8cf056c5b40a4fa6d54f\" data-token-time=\"1777179938\" data-trp-original-action=\"\/ro\/wp-json\/wp\/v2\/product\/1875\"><noscript class=\"wpforms-error-noscript\">V\u0103 rug\u0103m s\u0103 activa\u021bi JavaScript \u00een browserul dvs. pentru a completa acest formular.<\/noscript><div class=\"wpforms-hidden\" id=\"wpforms-error-noscript\">V\u0103 rug\u0103m s\u0103 activa\u021bi JavaScript \u00een browserul dvs. pentru a completa acest formular.<\/div><div class=\"wpforms-field-container\"><div id=\"wpforms-2878-field_2-container\" class=\"wpforms-field wpforms-field-name\" data-field-id=\"2\"><label class=\"wpforms-field-label\" for=\"wpforms-2878-field_2\">Nume \u0219i prenume <span class=\"wpforms-required-label\" aria-hidden=\"true\">*<\/span><\/label><input type=\"text\" id=\"wpforms-2878-field_2\" class=\"wpforms-field-medium wpforms-field-required\" name=\"wpforms[fields][2]\" aria-errormessage=\"wpforms-2878-field_2-error\" required><\/div><div id=\"wpforms-2878-field_5-container\" class=\"wpforms-field wpforms-field-email\" data-field-id=\"5\"><label class=\"wpforms-field-label\" for=\"wpforms-2878-field_5\">E-mail <span class=\"wpforms-required-label\" aria-hidden=\"true\">*<\/span><\/label><input type=\"email\" id=\"wpforms-2878-field_5\" class=\"wpforms-field-medium wpforms-field-required\" name=\"wpforms[fields][5]\" spellcheck=\"false\" aria-errormessage=\"wpforms-2878-field_5-error\" required><\/div><div id=\"wpforms-2878-field_3-container\" class=\"wpforms-field wpforms-field-textarea\" data-field-id=\"3\"><label class=\"wpforms-field-label\" for=\"wpforms-2878-field_3\">Cerere <span class=\"wpforms-required-label\" aria-hidden=\"true\">*<\/span><\/label><textarea id=\"wpforms-2878-field_3\" class=\"wpforms-field-medium wpforms-field-required\" name=\"wpforms[fields][3]\" aria-errormessage=\"wpforms-2878-field_3-error\" aria-describedby=\"wpforms-2878-field_3-description\" required><\/textarea><div id=\"wpforms-2878-field_3-description\" class=\"wpforms-field-description\">V\u0103 rug\u0103m s\u0103 ne furniza\u021bi cerin\u021bele dvs. \u0219i num\u0103rul WhatsApp, iar reprezentantul nostru de v\u00e2nz\u0103ri v\u0103 va contacta.<\/div><\/div><\/div><!-- .wpforms-field-container --><div class=\"wpforms-submit-container\" ><input type=\"hidden\" name=\"wpforms[id]\" value=\"2878\"><input type=\"hidden\" name=\"page_title\" value=\"\"><input type=\"hidden\" name=\"page_url\" value=\"https:\/\/petelulu.com\/ro\/wp-json\/wp\/v2\/product\/1875\"><input type=\"hidden\" name=\"url_referer\" value=\"\"><button type=\"submit\" name=\"wpforms[submit]\" id=\"wpforms-submit-2878\" class=\"wpforms-submit\" data-alt-text=\"Sending...\" data-submit-text=\"Submit\" aria-live=\"assertive\" value=\"wpforms-submit\">Trimite<\/button><img loading=\"lazy\" decoding=\"async\" src=\"https:\/\/petelulu.com\/wp-content\/plugins\/wpforms-lite\/assets\/images\/submit-spin.svg\" class=\"wpforms-submit-spinner\" style=\"display: none;\" width=\"26\" height=\"26\" alt=\"\u00cenc\u0103rcare\"><\/div><input type=\"hidden\" name=\"trp-form-language\" value=\"ro\"\/><\/form><\/div>  <!-- .wpforms-container -->\n<p>&nbsp;<\/p>","protected":false},"featured_media":1876,"template":"","meta":[],"product_brand":[],"product_cat":[46],"product_tag":[82,81],"class_list":{"0":"post-1875","1":"product","2":"type-product","3":"status-publish","4":"has-post-thumbnail","6":"product_cat-clothing-sets","7":"product_tag-kid","8":"product_tag-toddler","9":"has-post-title","10":"has-post-date","11":"has-post-category","12":"has-post-tag","13":"has-post-comment","14":"has-post-author","15":"","17":"first","18":"instock","19":"shipping-taxable","20":"product-type-simple"},"yoast_head":"<!-- This site is optimized with the Yoast SEO Premium plugin v24.5 (Yoast SEO v25.6) - https:\/\/yoast.com\/wordpress\/plugins\/seo\/ -->\n<title>Custom Bamboo Viscose Ribbed Short Sleeve Top and Pants Set - petelulu<\/title>\n<meta name=\"description\" content=\"B2B Baby Clothing | Bamboo Ribbed Short Sleeve Top and Pants Set. Competitive Pricing, Quick Ship. Global Delivery for Retailers\/Wholesale.\" \/>\n<meta name=\"robots\" content=\"index, follow, max-snippet:-1, max-image-preview:large, max-video-preview:-1\" \/>\n<link rel=\"canonical\" href=\"https:\/\/petelulu.com\/ro\/product\/set-de-pantaloni-si-bluza-cu-maneca-scurta-din-bambus-cu-nervuri\/\" \/>\n<meta property=\"og:locale\" content=\"ro_RO\" \/>\n<meta property=\"og:type\" content=\"article\" \/>\n<meta property=\"og:title\" content=\"Custom Bamboo Viscose Ribbed Short Sleeve Top and Pants Set\" \/>\n<meta property=\"og:description\" content=\"B2B Baby Clothing | Bamboo Ribbed Short Sleeve Top and Pants Set. Competitive Pricing, Quick Ship. Global Delivery for Retailers\/Wholesale.\" \/>\n<meta property=\"og:url\" content=\"https:\/\/petelulu.com\/ro\/product\/set-de-pantaloni-si-bluza-cu-maneca-scurta-din-bambus-cu-nervuri\/\" \/>\n<meta property=\"og:site_name\" content=\"petelulu\" \/>\n<meta property=\"article:modified_time\" content=\"2025-08-13T03:47:33+00:00\" \/>\n<meta property=\"og:image\" content=\"https:\/\/petelulu.com\/wp-content\/uploads\/2025\/03\/X20231129\u4e3b\u56fe5.jpg\" \/>\n\t<meta property=\"og:image:width\" content=\"1200\" \/>\n\t<meta property=\"og:image:height\" content=\"1200\" \/>\n\t<meta property=\"og:image:type\" content=\"image\/jpeg\" \/>\n<meta name=\"twitter:card\" content=\"summary_large_image\" \/>\n<meta name=\"twitter:label1\" content=\"Timp estimat pentru citire\" \/>\n\t<meta name=\"twitter:data1\" content=\"2 minute\" \/>\n<script type=\"application\/ld+json\" class=\"yoast-schema-graph\">{\"@context\":\"https:\/\/schema.org\",\"@graph\":[{\"@type\":\"WebPage\",\"@id\":\"https:\/\/petelulu.com\/product\/bamboo-ribbed-short-sleeve-top-and-pants-set\/\",\"url\":\"https:\/\/petelulu.com\/product\/bamboo-ribbed-short-sleeve-top-and-pants-set\/\",\"name\":\"Custom Bamboo Viscose Ribbed Short Sleeve Top and Pants Set - petelulu\",\"isPartOf\":{\"@id\":\"https:\/\/petelulu.com\/#website\"},\"primaryImageOfPage\":{\"@id\":\"https:\/\/petelulu.com\/product\/bamboo-ribbed-short-sleeve-top-and-pants-set\/#primaryimage\"},\"image\":{\"@id\":\"https:\/\/petelulu.com\/product\/bamboo-ribbed-short-sleeve-top-and-pants-set\/#primaryimage\"},\"thumbnailUrl\":\"https:\/\/petelulu.com\/wp-content\/uploads\/2025\/03\/X20231129\u4e3b\u56fe5.jpg\",\"datePublished\":\"2025-03-18T06:18:30+00:00\",\"dateModified\":\"2025-08-13T03:47:33+00:00\",\"description\":\"B2B Baby Clothing | Bamboo Ribbed Short Sleeve Top and Pants Set. Competitive Pricing, Quick Ship. Global Delivery for Retailers\/Wholesale.\",\"breadcrumb\":{\"@id\":\"https:\/\/petelulu.com\/product\/bamboo-ribbed-short-sleeve-top-and-pants-set\/#breadcrumb\"},\"inLanguage\":\"ro-RO\",\"potentialAction\":[{\"@type\":\"ReadAction\",\"target\":[\"https:\/\/petelulu.com\/product\/bamboo-ribbed-short-sleeve-top-and-pants-set\/\"]}]},{\"@type\":\"ImageObject\",\"inLanguage\":\"ro-RO\",\"@id\":\"https:\/\/petelulu.com\/product\/bamboo-ribbed-short-sleeve-top-and-pants-set\/#primaryimage\",\"url\":\"https:\/\/petelulu.com\/wp-content\/uploads\/2025\/03\/X20231129\u4e3b\u56fe5.jpg\",\"contentUrl\":\"https:\/\/petelulu.com\/wp-content\/uploads\/2025\/03\/X20231129\u4e3b\u56fe5.jpg\",\"width\":1200,\"height\":1200,\"caption\":\"Bamboo Ribbed Short Sleeve Top and Pants Set\"},{\"@type\":\"BreadcrumbList\",\"@id\":\"https:\/\/petelulu.com\/product\/bamboo-ribbed-short-sleeve-top-and-pants-set\/#breadcrumb\",\"itemListElement\":[{\"@type\":\"ListItem\",\"position\":1,\"name\":\"\u9996\u9875\",\"item\":\"https:\/\/petelulu.com\/\"},{\"@type\":\"ListItem\",\"position\":2,\"name\":\"PRODUCT GALLERY\",\"item\":\"https:\/\/petelulu.com\/product-gallery\/\"},{\"@type\":\"ListItem\",\"position\":3,\"name\":\"Custom Bamboo Viscose Ribbed Short Sleeve Top and Pants Set\"}]},{\"@type\":\"WebSite\",\"@id\":\"https:\/\/petelulu.com\/#website\",\"url\":\"https:\/\/petelulu.com\/\",\"name\":\"PETElulu\",\"description\":\"\",\"potentialAction\":[{\"@type\":\"SearchAction\",\"target\":{\"@type\":\"EntryPoint\",\"urlTemplate\":\"https:\/\/petelulu.com\/?s={search_term_string}\"},\"query-input\":{\"@type\":\"PropertyValueSpecification\",\"valueRequired\":true,\"valueName\":\"search_term_string\"}}],\"inLanguage\":\"ro-RO\"}]}<\/script>\n<!-- \/ Yoast SEO Premium plugin. -->","yoast_head_json":{"title":"Set de pantaloni \u0219i top cu m\u00e2nec\u0103 scurt\u0103 personalizat din bambus \u0219i viscoz\u0103 cu nervuri - petelulu","description":"B2B \u00cembr\u0103c\u0103minte pentru copii | Bamboo Ribbed Short Sleeve Top and Pants Set. Pre\u021buri competitive, livrare rapid\u0103. Livrare global\u0103 pentru comercian\u021bi cu am\u0103nuntul \/ cu ridicata.","robots":{"index":"index","follow":"follow","max-snippet":"max-snippet:-1","max-image-preview":"max-image-preview:large","max-video-preview":"max-video-preview:-1"},"canonical":"https:\/\/petelulu.com\/ro\/product\/set-de-pantaloni-si-bluza-cu-maneca-scurta-din-bambus-cu-nervuri\/","og_locale":"ro_RO","og_type":"article","og_title":"Custom Bamboo Viscose Ribbed Short Sleeve Top and Pants Set","og_description":"B2B Baby Clothing | Bamboo Ribbed Short Sleeve Top and Pants Set. Competitive Pricing, Quick Ship. Global Delivery for Retailers\/Wholesale.","og_url":"https:\/\/petelulu.com\/ro\/product\/set-de-pantaloni-si-bluza-cu-maneca-scurta-din-bambus-cu-nervuri\/","og_site_name":"petelulu","article_modified_time":"2025-08-13T03:47:33+00:00","og_image":[{"width":1200,"height":1200,"url":"https:\/\/petelulu.com\/wp-content\/uploads\/2025\/03\/X20231129\u4e3b\u56fe5.jpg","type":"image\/jpeg"}],"twitter_card":"summary_large_image","twitter_misc":{"Timp estimat pentru citire":"2 minute"},"schema":{"@context":"https:\/\/schema.org","@graph":[{"@type":"WebPage","@id":"https:\/\/petelulu.com\/product\/bamboo-ribbed-short-sleeve-top-and-pants-set\/","url":"https:\/\/petelulu.com\/product\/bamboo-ribbed-short-sleeve-top-and-pants-set\/","name":"Set de pantaloni \u0219i top cu m\u00e2nec\u0103 scurt\u0103 personalizat din bambus \u0219i viscoz\u0103 cu nervuri - petelulu","isPartOf":{"@id":"https:\/\/petelulu.com\/#website"},"primaryImageOfPage":{"@id":"https:\/\/petelulu.com\/product\/bamboo-ribbed-short-sleeve-top-and-pants-set\/#primaryimage"},"image":{"@id":"https:\/\/petelulu.com\/product\/bamboo-ribbed-short-sleeve-top-and-pants-set\/#primaryimage"},"thumbnailUrl":"https:\/\/petelulu.com\/wp-content\/uploads\/2025\/03\/X20231129\u4e3b\u56fe5.jpg","datePublished":"2025-03-18T06:18:30+00:00","dateModified":"2025-08-13T03:47:33+00:00","description":"B2B \u00cembr\u0103c\u0103minte pentru copii | Bamboo Ribbed Short Sleeve Top and Pants Set. Pre\u021buri competitive, livrare rapid\u0103. Livrare global\u0103 pentru comercian\u021bi cu am\u0103nuntul \/ cu ridicata.","breadcrumb":{"@id":"https:\/\/petelulu.com\/product\/bamboo-ribbed-short-sleeve-top-and-pants-set\/#breadcrumb"},"inLanguage":"ro-RO","potentialAction":[{"@type":"ReadAction","target":["https:\/\/petelulu.com\/product\/bamboo-ribbed-short-sleeve-top-and-pants-set\/"]}]},{"@type":"ImageObject","inLanguage":"ro-RO","@id":"https:\/\/petelulu.com\/product\/bamboo-ribbed-short-sleeve-top-and-pants-set\/#primaryimage","url":"https:\/\/petelulu.com\/wp-content\/uploads\/2025\/03\/X20231129\u4e3b\u56fe5.jpg","contentUrl":"https:\/\/petelulu.com\/wp-content\/uploads\/2025\/03\/X20231129\u4e3b\u56fe5.jpg","width":1200,"height":1200,"caption":"Bamboo Ribbed Short Sleeve Top and Pants Set"},{"@type":"BreadcrumbList","@id":"https:\/\/petelulu.com\/product\/bamboo-ribbed-short-sleeve-top-and-pants-set\/#breadcrumb","itemListElement":[{"@type":"ListItem","position":1,"name":"\u9996\u9875","item":"https:\/\/petelulu.com\/"},{"@type":"ListItem","position":2,"name":"PRODUCT GALLERY","item":"https:\/\/petelulu.com\/product-gallery\/"},{"@type":"ListItem","position":3,"name":"Custom Bamboo Viscose Ribbed Short Sleeve Top and Pants Set"}]},{"@type":"WebSite","@id":"https:\/\/petelulu.com\/#website","url":"https:\/\/petelulu.com\/","name":"PETElulu","description":"","potentialAction":[{"@type":"SearchAction","target":{"@type":"EntryPoint","urlTemplate":"https:\/\/petelulu.com\/?s={search_term_string}"},"query-input":{"@type":"PropertyValueSpecification","valueRequired":true,"valueName":"search_term_string"}}],"inLanguage":"ro-RO"}]}},"builder_content":"","_links":{"self":[{"href":"https:\/\/petelulu.com\/ro\/wp-json\/wp\/v2\/product\/1875","targetHints":{"allow":["GET"]}}],"collection":[{"href":"https:\/\/petelulu.com\/ro\/wp-json\/wp\/v2\/product"}],"about":[{"href":"https:\/\/petelulu.com\/ro\/wp-json\/wp\/v2\/types\/product"}],"wp:featuredmedia":[{"embeddable":true,"href":"https:\/\/petelulu.com\/ro\/wp-json\/wp\/v2\/media\/1876"}],"wp:attachment":[{"href":"https:\/\/petelulu.com\/ro\/wp-json\/wp\/v2\/media?parent=1875"}],"wp:term":[{"taxonomy":"product_brand","embeddable":true,"href":"https:\/\/petelulu.com\/ro\/wp-json\/wp\/v2\/product_brand?post=1875"},{"taxonomy":"product_cat","embeddable":true,"href":"https:\/\/petelulu.com\/ro\/wp-json\/wp\/v2\/product_cat?post=1875"},{"taxonomy":"product_tag","embeddable":true,"href":"https:\/\/petelulu.com\/ro\/wp-json\/wp\/v2\/product_tag?post=1875"}],"curies":[{"name":"wp","href":"https:\/\/api.w.org\/{rel}","templated":true}]}}