{"id":845,"date":"2025-07-30T07:52:05","date_gmt":"2025-07-30T11:52:05","guid":{"rendered":"https:\/\/petelulu.com\/?post_type=product&#038;p=845"},"modified":"2026-03-05T12:42:29","modified_gmt":"2026-03-05T04:42:29","slug":"conjunto-de-roupa-de-boutique-vintage-em-bambu","status":"publish","type":"product","link":"https:\/\/petelulu.com\/pt\/produto\/conjunto-de-roupa-de-boutique-vintage-em-bambu\/","title":{"rendered":"A Conjuntos de vestu\u00e1rio personalizados"},"content":{"rendered":"<div id=\"sellingpoint\" class=\"header\">\n<h2>Sobre este produto<\/h2>\n<\/div>\n<ul class=\"\">\n<li>Tecido macio e respir\u00e1vel: Os nossos conjuntos de roupa para beb\u00e9 s\u00e3o fabricados com tecido de algod\u00e3o de bambu de alta qualidade, proporcionando uma textura suave e respir\u00e1vel para a pele sens\u00edvel do seu filho. Este tecido \u00e9 perfeito para condi\u00e7\u00f5es climat\u00e9ricas quentes, garantindo que o seu beb\u00e9 se mant\u00e9m confort\u00e1vel durante todo o dia.<\/li>\n<li>Op\u00e7\u00f5es de cores personalizadas: Oferecemos op\u00e7\u00f5es de cores personalizadas para corresponder ao estilo e prefer\u00eancias \u00fanicos da sua marca. Quer esteja \u00e0 procura de uma tonalidade espec\u00edfica ou de uma impress\u00e3o arrojada, a nossa equipa pode trabalhar consigo para criar um design \u00fanico que diferencie a sua marca.<\/li>\n<li>Propriedades de secagem r\u00e1pida e anti-encolhimento: Os nossos conjuntos de vestu\u00e1rio para beb\u00e9 s\u00e3o concebidos com propriedades de secagem r\u00e1pida e anti-encolhimento, o que os torna perfeitos para actividades ao ar livre e brincadeiras. Esta carater\u00edstica garante que o nosso vestu\u00e1rio se mant\u00e9m em \u00f3timo estado, mesmo ap\u00f3s v\u00e1rias lavagens.<\/li>\n<li>Variedade de tamanhos e estilos: Oferecemos uma variedade de tamanhos (6-12m, 12-18m, 2t, 3t, 4t, 5t, 6t, 7t, 8t) para atender a diferentes faixas et\u00e1rias e prefer\u00eancias. Os nossos conjuntos de vestu\u00e1rio s\u00e3o concebidos para terem estilo e serem funcionais, tornando-os adequados para v\u00e1rias ocasi\u00f5es.<\/li>\n<li data-spm-anchor-id=\"a2700.details.0.i76.2e863412WnRnhc\">Prazo de entrega da encomenda de amostras de 7 dias: Compreendemos que a entrega atempada \u00e9 crucial para os nossos clientes. \u00c9 por isso que oferecemos um prazo de entrega de 7 dias para a encomenda de amostras, garantindo que recebe as suas amostras prontamente e que pode come\u00e7ar a vender os nossos produtos rapidamente.<\/li>\n<\/ul>","protected":false},"excerpt":{"rendered":"<p>Pre\u00e7o unit\u00e1rio: US $7.10-10.20 \/ Pe\u00e7a<br \/>\nQuantidade m\u00ednima de encomenda: 300 pe\u00e7as\/ tamanho<br \/>\nMaterial: Cooton \/ Fibra de bambu<br \/>\nAge: 0-3M\/3-6M\/6-9M\/9-12M\/12-18M\/18-24M\/2T-3T-4T<br \/>\nMateriais aplic\u00e1veis: Bambu\/algod\u00e3o org\u00e2nico\/algod\u00e3o puro\/terry franc\u00eas\/musselina de bambu<br \/>\nSupply Ability: 100,000 Piece\/Pieces per Month<br \/>\nPorto: Guangzhou, China<br \/>\nCondi\u00e7\u00f5es de pagamento: T\/T<br \/>\nAmostra\uff1aAceitar amostra personalizada<br \/>\nLog\u00f3tipo: Logotipo personalizado<br \/>\nEntrega: 25-35 dias \u00fateis<br \/>\nOEM E ODM<\/p>\n<p><a href=\"https:\/\/petelulu.com\/pt\/#category\">Ver mais<\/a><\/p>\n<style id=\"wpforms-css-vars-2878\">\n\t\t\t\t#wpforms-2878 {\n\t\t\t\t\n\t\t\t}\n\t\t\t<\/style><div class=\"wpforms-container wpforms-container-full wpforms-render-modern\" id=\"wpforms-2878\"><form id=\"wpforms-form-2878\" class=\"wpforms-validate wpforms-form wpforms-ajax-form\" data-formid=\"2878\" method=\"post\" enctype=\"multipart\/form-data\" action=\"\/pt\/wp-json\/wp\/v2\/product\/845\" data-token=\"a6f414c9c07d2e6964a6ed541b672870\" data-token-time=\"1778014811\" data-trp-original-action=\"\/pt\/wp-json\/wp\/v2\/product\/845\"><noscript class=\"wpforms-error-noscript\">Active o JavaScript no seu browser para preencher este formul\u00e1rio.<\/noscript><div id=\"wpforms-error-noscript\" style=\"display: none;\">Active o JavaScript no seu browser para preencher este formul\u00e1rio.<\/div><div class=\"wpforms-field-container\">\t\t<div id=\"wpforms-2878-field_1-container\"\n\t\t\tclass=\"wpforms-field wpforms-field-text\"\n\t\t\tdata-field-type=\"text\"\n\t\t\tdata-field-id=\"1\"\n\t\t\t>\n\t\t\t<label class=\"wpforms-field-label\" for=\"wpforms-2878-field_1\" >Pedido de nome de e-mail<\/label>\n\t\t\t<input type=\"text\" id=\"wpforms-2878-field_1\" class=\"wpforms-field-medium\" name=\"wpforms[fields][1]\" >\n\t\t<\/div>\n\t\t<div id=\"wpforms-2878-field_2-container\" class=\"wpforms-field wpforms-field-name\" data-field-id=\"2\"><label class=\"wpforms-field-label\" for=\"wpforms-2878-field_2\">Nome <span class=\"wpforms-required-label\" aria-hidden=\"true\">*<\/span><\/label><input type=\"text\" id=\"wpforms-2878-field_2\" class=\"wpforms-field-medium wpforms-field-required\" name=\"wpforms[fields][2]\" aria-errormessage=\"wpforms-2878-field_2-error\" required><\/div><div id=\"wpforms-2878-field_5-container\" class=\"wpforms-field wpforms-field-email\" data-field-id=\"5\"><label class=\"wpforms-field-label\" for=\"wpforms-2878-field_5\">Correio eletr\u00f3nico <span class=\"wpforms-required-label\" aria-hidden=\"true\">*<\/span><\/label><input type=\"email\" id=\"wpforms-2878-field_5\" class=\"wpforms-field-medium wpforms-field-required\" name=\"wpforms[fields][5]\" spellcheck=\"false\" aria-errormessage=\"wpforms-2878-field_5-error\" required><\/div><div id=\"wpforms-2878-field_3-container\" class=\"wpforms-field wpforms-field-textarea\" data-field-id=\"3\"><label class=\"wpforms-field-label\" for=\"wpforms-2878-field_3\">Pedido <span class=\"wpforms-required-label\" aria-hidden=\"true\">*<\/span><\/label><textarea id=\"wpforms-2878-field_3\" class=\"wpforms-field-medium wpforms-field-required\" name=\"wpforms[fields][3]\" aria-errormessage=\"wpforms-2878-field_3-error\" aria-describedby=\"wpforms-2878-field_3-description\" required><\/textarea><div id=\"wpforms-2878-field_3-description\" class=\"wpforms-field-description\">Indique-nos os seus requisitos e o n\u00famero de WhatsApp e o nosso representante de vendas entrar\u00e1 em contacto consigo.<\/div><\/div><script>\n\t\t\t\t( function() {\n\t\t\t\t\tconst style = document.createElement( 'style' );\n\t\t\t\t\tstyle.appendChild( document.createTextNode( '#wpforms-2878-field_1-container { position: absolute !important; overflow: hidden !important; display: inline !important; height: 1px !important; width: 1px !important; z-index: -1000 !important; padding: 0 !important; } #wpforms-2878-field_1-container input { visibility: hidden; } #wpforms-conversational-form-page #wpforms-2878-field_1-container label { counter-increment: none; }' ) );\n\t\t\t\t\tdocument.head.appendChild( style );\n\t\t\t\t\tdocument.currentScript?.remove();\n\t\t\t\t} )();\n\t\t\t<\/script><\/div><!-- .wpforms-field-container --><div class=\"wpforms-submit-container\" ><input type=\"hidden\" name=\"wpforms[id]\" value=\"2878\"><input type=\"hidden\" name=\"page_title\" value=\"\"><input type=\"hidden\" name=\"page_url\" value=\"https:\/\/petelulu.com\/pt\/wp-json\/wp\/v2\/product\/845\"><input type=\"hidden\" name=\"url_referer\" value=\"\"><button type=\"submit\" name=\"wpforms[submit]\" id=\"wpforms-submit-2878\" class=\"wpforms-submit\" data-alt-text=\"Sending...\" data-submit-text=\"Submit\" aria-live=\"assertive\" value=\"wpforms-submit\">Enviar<\/button><img loading=\"lazy\" decoding=\"async\" src=\"https:\/\/petelulu.com\/wp-content\/plugins\/wpforms-lite\/assets\/images\/submit-spin.svg\" class=\"wpforms-submit-spinner\" style=\"display: none;\" width=\"26\" height=\"26\" alt=\"Carregamento\"><\/div><input type=\"hidden\" name=\"trp-form-language\" value=\"pt\"\/><\/form><\/div>  <!-- .wpforms-container -->\n<p>&nbsp;<\/p>","protected":false},"featured_media":5103,"template":"","meta":[],"product_brand":[],"product_cat":[46],"product_tag":[82,81],"class_list":{"0":"post-845","1":"product","2":"type-product","3":"status-publish","4":"has-post-thumbnail","6":"product_cat-clothing-sets","7":"product_tag-kid","8":"product_tag-toddler","9":"has-post-title","10":"has-post-date","11":"has-post-category","12":"has-post-tag","13":"has-post-comment","14":"has-post-author","15":"","17":"first","18":"instock","19":"shipping-taxable","20":"product-type-simple"},"yoast_head":"<!-- This site is optimized with the Yoast SEO Premium plugin v24.5 (Yoast SEO v25.6) - https:\/\/yoast.com\/wordpress\/plugins\/seo\/ -->\n<title>A Custom Clothing Sets - petelulu<\/title>\n<meta name=\"description\" content=\"Unleash your creativity with custom clothing sets! This comprehensive guide covers everything from design ideas and fabric choices to finding the best manufacturers, helping you create personalized apparel that stands out.\" \/>\n<meta name=\"robots\" content=\"index, follow, max-snippet:-1, max-image-preview:large, max-video-preview:-1\" \/>\n<link rel=\"canonical\" href=\"https:\/\/petelulu.com\/pt\/produto\/conjunto-de-roupa-de-boutique-vintage-em-bambu\/\" \/>\n<meta property=\"og:locale\" content=\"pt_PT\" \/>\n<meta property=\"og:type\" content=\"article\" \/>\n<meta property=\"og:title\" content=\"A Custom Clothing Sets\" \/>\n<meta property=\"og:description\" content=\"Unleash your creativity with custom clothing sets! This comprehensive guide covers everything from design ideas and fabric choices to finding the best manufacturers, helping you create personalized apparel that stands out.\" \/>\n<meta property=\"og:url\" content=\"https:\/\/petelulu.com\/pt\/produto\/conjunto-de-roupa-de-boutique-vintage-em-bambu\/\" \/>\n<meta property=\"og:site_name\" content=\"petelulu\" \/>\n<meta property=\"article:modified_time\" content=\"2026-03-05T04:42:29+00:00\" \/>\n<meta name=\"twitter:card\" content=\"summary_large_image\" \/>\n<meta name=\"twitter:label1\" content=\"Tempo estimado de leitura\" \/>\n\t<meta name=\"twitter:data1\" content=\"2 minutos\" \/>\n<script type=\"application\/ld+json\" class=\"yoast-schema-graph\">{\"@context\":\"https:\/\/schema.org\",\"@graph\":[{\"@type\":\"WebPage\",\"@id\":\"https:\/\/petelulu.com\/product\/bamboo-vintage-boutique-clothes-set\/\",\"url\":\"https:\/\/petelulu.com\/product\/bamboo-vintage-boutique-clothes-set\/\",\"name\":\"A Custom Clothing Sets - petelulu\",\"isPartOf\":{\"@id\":\"https:\/\/petelulu.com\/#website\"},\"primaryImageOfPage\":{\"@id\":\"https:\/\/petelulu.com\/product\/bamboo-vintage-boutique-clothes-set\/#primaryimage\"},\"image\":{\"@id\":\"https:\/\/petelulu.com\/product\/bamboo-vintage-boutique-clothes-set\/#primaryimage\"},\"thumbnailUrl\":\"https:\/\/petelulu.com\/wp-content\/uploads\/2025\/03\/H5df91d9b80ba4c839092bdbb4501eba9C.jpg_720x720q50.avif\",\"datePublished\":\"2025-07-30T11:52:05+00:00\",\"dateModified\":\"2026-03-05T04:42:29+00:00\",\"description\":\"Unleash your creativity with custom clothing sets! This comprehensive guide covers everything from design ideas and fabric choices to finding the best manufacturers, helping you create personalized apparel that stands out.\",\"breadcrumb\":{\"@id\":\"https:\/\/petelulu.com\/product\/bamboo-vintage-boutique-clothes-set\/#breadcrumb\"},\"inLanguage\":\"pt-PT\",\"potentialAction\":[{\"@type\":\"ReadAction\",\"target\":[\"https:\/\/petelulu.com\/product\/bamboo-vintage-boutique-clothes-set\/\"]}]},{\"@type\":\"ImageObject\",\"inLanguage\":\"pt-PT\",\"@id\":\"https:\/\/petelulu.com\/product\/bamboo-vintage-boutique-clothes-set\/#primaryimage\",\"url\":\"https:\/\/petelulu.com\/wp-content\/uploads\/2025\/03\/H5df91d9b80ba4c839092bdbb4501eba9C.jpg_720x720q50.avif\",\"contentUrl\":\"https:\/\/petelulu.com\/wp-content\/uploads\/2025\/03\/H5df91d9b80ba4c839092bdbb4501eba9C.jpg_720x720q50.avif\",\"width\":720,\"height\":720,\"caption\":\"custom clothing sets\"},{\"@type\":\"BreadcrumbList\",\"@id\":\"https:\/\/petelulu.com\/product\/bamboo-vintage-boutique-clothes-set\/#breadcrumb\",\"itemListElement\":[{\"@type\":\"ListItem\",\"position\":1,\"name\":\"\u9996\u9875\",\"item\":\"https:\/\/petelulu.com\/\"},{\"@type\":\"ListItem\",\"position\":2,\"name\":\"PRODUCT GALLERY\",\"item\":\"https:\/\/petelulu.com\/product-gallery\/\"},{\"@type\":\"ListItem\",\"position\":3,\"name\":\"A Custom Clothing Sets\"}]},{\"@type\":\"WebSite\",\"@id\":\"https:\/\/petelulu.com\/#website\",\"url\":\"https:\/\/petelulu.com\/\",\"name\":\"PETElulu\",\"description\":\"\",\"potentialAction\":[{\"@type\":\"SearchAction\",\"target\":{\"@type\":\"EntryPoint\",\"urlTemplate\":\"https:\/\/petelulu.com\/?s={search_term_string}\"},\"query-input\":{\"@type\":\"PropertyValueSpecification\",\"valueRequired\":true,\"valueName\":\"search_term_string\"}}],\"inLanguage\":\"pt-PT\"}]}<\/script>\n<!-- \/ Yoast SEO Premium plugin. -->","yoast_head_json":{"title":"Um conjunto de vestu\u00e1rio personalizado - petelulu","description":"D\u00ea asas \u00e0 sua criatividade com conjuntos de vestu\u00e1rio personalizados! Este guia abrangente cobre tudo, desde ideias de design e escolhas de tecido at\u00e9 encontrar os melhores fabricantes, ajudando-o a criar vestu\u00e1rio personalizado que se destaca.","robots":{"index":"index","follow":"follow","max-snippet":"max-snippet:-1","max-image-preview":"max-image-preview:large","max-video-preview":"max-video-preview:-1"},"canonical":"https:\/\/petelulu.com\/pt\/produto\/conjunto-de-roupa-de-boutique-vintage-em-bambu\/","og_locale":"pt_PT","og_type":"article","og_title":"A Custom Clothing Sets","og_description":"Unleash your creativity with custom clothing sets! This comprehensive guide covers everything from design ideas and fabric choices to finding the best manufacturers, helping you create personalized apparel that stands out.","og_url":"https:\/\/petelulu.com\/pt\/produto\/conjunto-de-roupa-de-boutique-vintage-em-bambu\/","og_site_name":"petelulu","article_modified_time":"2026-03-05T04:42:29+00:00","twitter_card":"summary_large_image","twitter_misc":{"Tempo estimado de leitura":"2 minutos"},"schema":{"@context":"https:\/\/schema.org","@graph":[{"@type":"WebPage","@id":"https:\/\/petelulu.com\/product\/bamboo-vintage-boutique-clothes-set\/","url":"https:\/\/petelulu.com\/product\/bamboo-vintage-boutique-clothes-set\/","name":"Um conjunto de vestu\u00e1rio personalizado - petelulu","isPartOf":{"@id":"https:\/\/petelulu.com\/#website"},"primaryImageOfPage":{"@id":"https:\/\/petelulu.com\/product\/bamboo-vintage-boutique-clothes-set\/#primaryimage"},"image":{"@id":"https:\/\/petelulu.com\/product\/bamboo-vintage-boutique-clothes-set\/#primaryimage"},"thumbnailUrl":"https:\/\/petelulu.com\/wp-content\/uploads\/2025\/03\/H5df91d9b80ba4c839092bdbb4501eba9C.jpg_720x720q50.avif","datePublished":"2025-07-30T11:52:05+00:00","dateModified":"2026-03-05T04:42:29+00:00","description":"D\u00ea asas \u00e0 sua criatividade com conjuntos de vestu\u00e1rio personalizados! Este guia abrangente cobre tudo, desde ideias de design e escolhas de tecido at\u00e9 encontrar os melhores fabricantes, ajudando-o a criar vestu\u00e1rio personalizado que se destaca.","breadcrumb":{"@id":"https:\/\/petelulu.com\/product\/bamboo-vintage-boutique-clothes-set\/#breadcrumb"},"inLanguage":"pt-PT","potentialAction":[{"@type":"ReadAction","target":["https:\/\/petelulu.com\/product\/bamboo-vintage-boutique-clothes-set\/"]}]},{"@type":"ImageObject","inLanguage":"pt-PT","@id":"https:\/\/petelulu.com\/product\/bamboo-vintage-boutique-clothes-set\/#primaryimage","url":"https:\/\/petelulu.com\/wp-content\/uploads\/2025\/03\/H5df91d9b80ba4c839092bdbb4501eba9C.jpg_720x720q50.avif","contentUrl":"https:\/\/petelulu.com\/wp-content\/uploads\/2025\/03\/H5df91d9b80ba4c839092bdbb4501eba9C.jpg_720x720q50.avif","width":720,"height":720,"caption":"custom clothing sets"},{"@type":"BreadcrumbList","@id":"https:\/\/petelulu.com\/product\/bamboo-vintage-boutique-clothes-set\/#breadcrumb","itemListElement":[{"@type":"ListItem","position":1,"name":"\u9996\u9875","item":"https:\/\/petelulu.com\/"},{"@type":"ListItem","position":2,"name":"PRODUCT GALLERY","item":"https:\/\/petelulu.com\/product-gallery\/"},{"@type":"ListItem","position":3,"name":"A Custom Clothing Sets"}]},{"@type":"WebSite","@id":"https:\/\/petelulu.com\/#website","url":"https:\/\/petelulu.com\/","name":"PETElulu","description":"","potentialAction":[{"@type":"SearchAction","target":{"@type":"EntryPoint","urlTemplate":"https:\/\/petelulu.com\/?s={search_term_string}"},"query-input":{"@type":"PropertyValueSpecification","valueRequired":true,"valueName":"search_term_string"}}],"inLanguage":"pt-PT"}]}},"builder_content":"","_links":{"self":[{"href":"https:\/\/petelulu.com\/pt\/wp-json\/wp\/v2\/product\/845","targetHints":{"allow":["GET"]}}],"collection":[{"href":"https:\/\/petelulu.com\/pt\/wp-json\/wp\/v2\/product"}],"about":[{"href":"https:\/\/petelulu.com\/pt\/wp-json\/wp\/v2\/types\/product"}],"wp:featuredmedia":[{"embeddable":true,"href":"https:\/\/petelulu.com\/pt\/wp-json\/wp\/v2\/media\/5103"}],"wp:attachment":[{"href":"https:\/\/petelulu.com\/pt\/wp-json\/wp\/v2\/media?parent=845"}],"wp:term":[{"taxonomy":"product_brand","embeddable":true,"href":"https:\/\/petelulu.com\/pt\/wp-json\/wp\/v2\/product_brand?post=845"},{"taxonomy":"product_cat","embeddable":true,"href":"https:\/\/petelulu.com\/pt\/wp-json\/wp\/v2\/product_cat?post=845"},{"taxonomy":"product_tag","embeddable":true,"href":"https:\/\/petelulu.com\/pt\/wp-json\/wp\/v2\/product_tag?post=845"}],"curies":[{"name":"wp","href":"https:\/\/api.w.org\/{rel}","templated":true}]}}