{"id":3928,"date":"2025-05-21T02:57:46","date_gmt":"2025-05-21T02:57:46","guid":{"rendered":"https:\/\/petelulu.com\/?post_type=product&#038;p=3928"},"modified":"2025-08-12T23:10:19","modified_gmt":"2025-08-13T03:10:19","slug":"conjunto-de-camisolas-para-bebe-em-algodao-100-puro","status":"publish","type":"product","link":"https:\/\/petelulu.com\/pt\/produto\/conjunto-de-camisolas-para-bebe-em-algodao-100-puro\/","title":{"rendered":"Conjunto de camisola personalizada 100% em puro algod\u00e3o para beb\u00e9"},"content":{"rendered":"<div id=\"sellingpoint\" class=\"header\">\n<h2>Sobre este produto<\/h2>\n<\/div>\n<ul class=\"\">\n<li>Material macio e respir\u00e1vel: Esta manta para beb\u00e9 \u00e9 fabricada em algod\u00e3o org\u00e2nico 100%, garantindo um toque suave e delicado na pele do seu beb\u00e9. O tecido respir\u00e1vel permite a circula\u00e7\u00e3o do ar, regulando a temperatura do corpo do beb\u00e9 e promovendo um sono confort\u00e1vel.<\/li>\n<li>Utiliza\u00e7\u00e3o polivalente: Este cobertor vers\u00e1til pode ser utilizado para cobrir o beb\u00e9, como cobertor para o carrinho de beb\u00e9 ou at\u00e9 mesmo como pe\u00e7a decorativa para o quarto do beb\u00e9. O seu tamanho compacto torna-o f\u00e1cil de levar para todo o lado.<\/li>\n<li>Op\u00e7\u00f5es personaliz\u00e1veis: O nosso produto oferece op\u00e7\u00f5es personalizadas de log\u00f3tipo e cor, permitindo-lhe personalizar a manta com o nome do seu beb\u00e9 ou uma mensagem especial. Isto faz com que seja um presente atencioso e \u00fanico para os novos pais.<\/li>\n<li>Amigo do ambiente e hipoalerg\u00e9nico: Fabricado em algod\u00e3o org\u00e2nico com certifica\u00e7\u00e3o Oeko-Tex Standard 100, este cobertor \u00e9 isento de produtos qu\u00edmicos e toxinas. As suas propriedades anti-est\u00e1ticas e anti-\u00e1caros garantem um ambiente de sono saud\u00e1vel para o seu beb\u00e9.<\/li>\n<li data-spm-anchor-id=\"a2700.details.0.i77.4d003c6boUFWBS\">Dur\u00e1vel e de longa dura\u00e7\u00e3o: Com um elevado n\u00famero de fios de 200TC e um n\u00famero de tecidos de 40, esta manta foi concebida para durar. O seu design moderno e a impress\u00e3o digital garantem um produto elegante e duradouro que resistir\u00e1 a lavagens e utiliza\u00e7\u00f5es repetidas.<\/li>\n<\/ul>","protected":false},"excerpt":{"rendered":"<p>Pre\u00e7o unit\u00e1rio: US $5.99-7.99 \/ Pe\u00e7a<br \/>\nQuantidade m\u00ednima de encomenda: 300 pe\u00e7as\/ tamanho<br \/>\nMaterial: Algod\u00e3o org\u00e2nico 100%<br \/>\nIdade: Beb\u00e9 40*50 polegadas\/Crian\u00e7as 50*70 polegadas\/Adulto 65*85 polegadas<br \/>\nMateriais aplic\u00e1veis: Bambu\/Algod\u00e3o org\u00e2nico\/Algod\u00e3o puro\/Rayon modal\/Musselina de bambu<br \/>\nCapacidade de fornecimento: 10.000 pe\u00e7as\/pe\u00e7as por m\u00eas<br \/>\nPorto: Guangzhou, China<br \/>\nCondi\u00e7\u00f5es de pagamento: T\/T<br \/>\nAmostra\uff1aAceitar amostra personalizada<br \/>\nLog\u00f3tipo: Logotipo personalizado<br \/>\nEntrega: 25-35 dias \u00fateis<br \/>\nOEM E ODM<\/p>\n<p><a href=\"https:\/\/petelulu.com\/pt\/#category\">Ver mais<\/a><\/p>\n<div class=\"wpforms-container wpforms-container-full wpforms-render-modern\" id=\"wpforms-2878\"><form id=\"wpforms-form-2878\" class=\"wpforms-validate wpforms-form wpforms-ajax-form\" data-formid=\"2878\" method=\"post\" enctype=\"multipart\/form-data\" action=\"\/pt\/wp-json\/wp\/v2\/product\/3928\" data-token=\"f9e5e1c5cede5ee0c6e3b3c92c3e4d2d\" data-token-time=\"1776241340\" data-trp-original-action=\"\/pt\/wp-json\/wp\/v2\/product\/3928\"><noscript class=\"wpforms-error-noscript\">Active o JavaScript no seu browser para preencher este formul\u00e1rio.<\/noscript><div class=\"wpforms-hidden\" id=\"wpforms-error-noscript\">Active o JavaScript no seu browser para preencher este formul\u00e1rio.<\/div><div class=\"wpforms-field-container\"><div id=\"wpforms-2878-field_2-container\" class=\"wpforms-field wpforms-field-name\" data-field-id=\"2\"><label class=\"wpforms-field-label\" for=\"wpforms-2878-field_2\">Nome <span class=\"wpforms-required-label\" aria-hidden=\"true\">*<\/span><\/label><input type=\"text\" id=\"wpforms-2878-field_2\" class=\"wpforms-field-medium wpforms-field-required\" name=\"wpforms[fields][2]\" aria-errormessage=\"wpforms-2878-field_2-error\" required><\/div><div id=\"wpforms-2878-field_5-container\" class=\"wpforms-field wpforms-field-email\" data-field-id=\"5\"><label class=\"wpforms-field-label\" for=\"wpforms-2878-field_5\">Correio eletr\u00f3nico <span class=\"wpforms-required-label\" aria-hidden=\"true\">*<\/span><\/label><input type=\"email\" id=\"wpforms-2878-field_5\" class=\"wpforms-field-medium wpforms-field-required\" name=\"wpforms[fields][5]\" spellcheck=\"false\" aria-errormessage=\"wpforms-2878-field_5-error\" required><\/div><div id=\"wpforms-2878-field_3-container\" class=\"wpforms-field wpforms-field-textarea\" data-field-id=\"3\"><label class=\"wpforms-field-label\" for=\"wpforms-2878-field_3\">Pedido <span class=\"wpforms-required-label\" aria-hidden=\"true\">*<\/span><\/label><textarea id=\"wpforms-2878-field_3\" class=\"wpforms-field-medium wpforms-field-required\" name=\"wpforms[fields][3]\" aria-errormessage=\"wpforms-2878-field_3-error\" aria-describedby=\"wpforms-2878-field_3-description\" required><\/textarea><div id=\"wpforms-2878-field_3-description\" class=\"wpforms-field-description\">Indique-nos os seus requisitos e o n\u00famero de WhatsApp e o nosso representante de vendas entrar\u00e1 em contacto consigo.<\/div><\/div><\/div><!-- .wpforms-field-container --><div class=\"wpforms-submit-container\" ><input type=\"hidden\" name=\"wpforms[id]\" value=\"2878\"><input type=\"hidden\" name=\"page_title\" value=\"\"><input type=\"hidden\" name=\"page_url\" value=\"https:\/\/petelulu.com\/pt\/wp-json\/wp\/v2\/product\/3928\"><input type=\"hidden\" name=\"url_referer\" value=\"\"><button type=\"submit\" name=\"wpforms[submit]\" id=\"wpforms-submit-2878\" class=\"wpforms-submit\" data-alt-text=\"Sending...\" data-submit-text=\"Submit\" aria-live=\"assertive\" value=\"wpforms-submit\">Enviar<\/button><img loading=\"lazy\" decoding=\"async\" src=\"https:\/\/petelulu.com\/wp-content\/plugins\/wpforms-lite\/assets\/images\/submit-spin.svg\" class=\"wpforms-submit-spinner\" style=\"display: none;\" width=\"26\" height=\"26\" alt=\"Carregamento\"><\/div><input type=\"hidden\" name=\"trp-form-language\" value=\"pt\"\/><\/form><\/div>  <!-- .wpforms-container -->\n<p>&nbsp;<\/p>","protected":false},"featured_media":3929,"template":"","meta":[],"product_brand":[],"product_cat":[46],"product_tag":[80,102,82,97,81],"class_list":{"0":"post-3928","1":"product","2":"type-product","3":"status-publish","4":"has-post-thumbnail","6":"product_cat-clothing-sets","7":"product_tag-baby","8":"product_tag-category","9":"product_tag-kid","10":"product_tag-organic-cotton","11":"product_tag-toddler","12":"has-post-title","13":"has-post-date","14":"has-post-category","15":"has-post-tag","16":"has-post-comment","17":"has-post-author","18":"","20":"first","21":"instock","22":"shipping-taxable","23":"product-type-simple"},"yoast_head":"<!-- This site is optimized with the Yoast SEO Premium plugin v24.5 (Yoast SEO v25.6) - https:\/\/yoast.com\/wordpress\/plugins\/seo\/ -->\n<title>Custom 100% Pure Cotton Baby Jumper Set - petelulu<\/title>\n<meta name=\"description\" content=\"B2B Baby Clothing | 100% Pure Cotton Baby Sweater Set. Competitive Pricing, Quick Ship. Global Delivery for Retailers\/Wholesale.\" \/>\n<meta name=\"robots\" content=\"index, follow, max-snippet:-1, max-image-preview:large, max-video-preview:-1\" \/>\n<link rel=\"canonical\" href=\"https:\/\/petelulu.com\/pt\/produto\/conjunto-de-camisolas-para-bebe-em-algodao-100-puro\/\" \/>\n<meta property=\"og:locale\" content=\"pt_PT\" \/>\n<meta property=\"og:type\" content=\"article\" \/>\n<meta property=\"og:title\" content=\"Custom 100% Pure Cotton Baby Jumper Set\" \/>\n<meta property=\"og:description\" content=\"B2B Baby Clothing | 100% Pure Cotton Baby Sweater Set. Competitive Pricing, Quick Ship. Global Delivery for Retailers\/Wholesale.\" \/>\n<meta property=\"og:url\" content=\"https:\/\/petelulu.com\/pt\/produto\/conjunto-de-camisolas-para-bebe-em-algodao-100-puro\/\" \/>\n<meta property=\"og:site_name\" content=\"petelulu\" \/>\n<meta property=\"article:modified_time\" content=\"2025-08-13T03:10:19+00:00\" \/>\n<meta property=\"og:image\" content=\"https:\/\/petelulu.com\/wp-content\/uploads\/2025\/05\/\u4e3b\u56fe_002-7.avif\" \/>\n\t<meta property=\"og:image:width\" content=\"2000\" \/>\n\t<meta property=\"og:image:height\" content=\"2000\" \/>\n\t<meta property=\"og:image:type\" content=\"image\/jpeg\" \/>\n<meta name=\"twitter:card\" content=\"summary_large_image\" \/>\n<meta name=\"twitter:label1\" content=\"Tempo estimado de leitura\" \/>\n\t<meta name=\"twitter:data1\" content=\"2 minutos\" \/>\n<script type=\"application\/ld+json\" class=\"yoast-schema-graph\">{\"@context\":\"https:\/\/schema.org\",\"@graph\":[{\"@type\":\"WebPage\",\"@id\":\"https:\/\/petelulu.com\/product\/100-pure-cotton-baby-jumper-set\/\",\"url\":\"https:\/\/petelulu.com\/product\/100-pure-cotton-baby-jumper-set\/\",\"name\":\"Custom 100% Pure Cotton Baby Jumper Set - petelulu\",\"isPartOf\":{\"@id\":\"https:\/\/petelulu.com\/#website\"},\"primaryImageOfPage\":{\"@id\":\"https:\/\/petelulu.com\/product\/100-pure-cotton-baby-jumper-set\/#primaryimage\"},\"image\":{\"@id\":\"https:\/\/petelulu.com\/product\/100-pure-cotton-baby-jumper-set\/#primaryimage\"},\"thumbnailUrl\":\"https:\/\/petelulu.com\/wp-content\/uploads\/2025\/05\/\u4e3b\u56fe_002-7.avif\",\"datePublished\":\"2025-05-21T02:57:46+00:00\",\"dateModified\":\"2025-08-13T03:10:19+00:00\",\"description\":\"B2B Baby Clothing | 100% Pure Cotton Baby Sweater Set. Competitive Pricing, Quick Ship. Global Delivery for Retailers\/Wholesale.\",\"breadcrumb\":{\"@id\":\"https:\/\/petelulu.com\/product\/100-pure-cotton-baby-jumper-set\/#breadcrumb\"},\"inLanguage\":\"pt-PT\",\"potentialAction\":[{\"@type\":\"ReadAction\",\"target\":[\"https:\/\/petelulu.com\/product\/100-pure-cotton-baby-jumper-set\/\"]}]},{\"@type\":\"ImageObject\",\"inLanguage\":\"pt-PT\",\"@id\":\"https:\/\/petelulu.com\/product\/100-pure-cotton-baby-jumper-set\/#primaryimage\",\"url\":\"https:\/\/petelulu.com\/wp-content\/uploads\/2025\/05\/\u4e3b\u56fe_002-7.avif\",\"contentUrl\":\"https:\/\/petelulu.com\/wp-content\/uploads\/2025\/05\/\u4e3b\u56fe_002-7.avif\",\"width\":2000,\"height\":2000},{\"@type\":\"BreadcrumbList\",\"@id\":\"https:\/\/petelulu.com\/product\/100-pure-cotton-baby-jumper-set\/#breadcrumb\",\"itemListElement\":[{\"@type\":\"ListItem\",\"position\":1,\"name\":\"\u9996\u9875\",\"item\":\"https:\/\/petelulu.com\/\"},{\"@type\":\"ListItem\",\"position\":2,\"name\":\"PRODUCT GALLERY\",\"item\":\"https:\/\/petelulu.com\/product-gallery\/\"},{\"@type\":\"ListItem\",\"position\":3,\"name\":\"Custom 100% Pure Cotton Baby Jumper Set\"}]},{\"@type\":\"WebSite\",\"@id\":\"https:\/\/petelulu.com\/#website\",\"url\":\"https:\/\/petelulu.com\/\",\"name\":\"PETElulu\",\"description\":\"\",\"potentialAction\":[{\"@type\":\"SearchAction\",\"target\":{\"@type\":\"EntryPoint\",\"urlTemplate\":\"https:\/\/petelulu.com\/?s={search_term_string}\"},\"query-input\":{\"@type\":\"PropertyValueSpecification\",\"valueRequired\":true,\"valueName\":\"search_term_string\"}}],\"inLanguage\":\"pt-PT\"}]}<\/script>\n<!-- \/ Yoast SEO Premium plugin. -->","yoast_head_json":{"title":"Conjunto de camisola personalizada 100% em puro algod\u00e3o para beb\u00e9 - petelulu","description":"B2B Baby Clothing | 100% Conjunto de camisola para beb\u00e9 em algod\u00e3o puro. Pre\u00e7os competitivos, envio r\u00e1pido. Entrega global para retalhistas\/grossistas.","robots":{"index":"index","follow":"follow","max-snippet":"max-snippet:-1","max-image-preview":"max-image-preview:large","max-video-preview":"max-video-preview:-1"},"canonical":"https:\/\/petelulu.com\/pt\/produto\/conjunto-de-camisolas-para-bebe-em-algodao-100-puro\/","og_locale":"pt_PT","og_type":"article","og_title":"Custom 100% Pure Cotton Baby Jumper Set","og_description":"B2B Baby Clothing | 100% Pure Cotton Baby Sweater Set. Competitive Pricing, Quick Ship. Global Delivery for Retailers\/Wholesale.","og_url":"https:\/\/petelulu.com\/pt\/produto\/conjunto-de-camisolas-para-bebe-em-algodao-100-puro\/","og_site_name":"petelulu","article_modified_time":"2025-08-13T03:10:19+00:00","og_image":[{"width":2000,"height":2000,"url":"https:\/\/petelulu.com\/wp-content\/uploads\/2025\/05\/\u4e3b\u56fe_002-7.avif","type":"image\/jpeg"}],"twitter_card":"summary_large_image","twitter_misc":{"Tempo estimado de leitura":"2 minutos"},"schema":{"@context":"https:\/\/schema.org","@graph":[{"@type":"WebPage","@id":"https:\/\/petelulu.com\/product\/100-pure-cotton-baby-jumper-set\/","url":"https:\/\/petelulu.com\/product\/100-pure-cotton-baby-jumper-set\/","name":"Conjunto de camisola personalizada 100% em puro algod\u00e3o para beb\u00e9 - petelulu","isPartOf":{"@id":"https:\/\/petelulu.com\/#website"},"primaryImageOfPage":{"@id":"https:\/\/petelulu.com\/product\/100-pure-cotton-baby-jumper-set\/#primaryimage"},"image":{"@id":"https:\/\/petelulu.com\/product\/100-pure-cotton-baby-jumper-set\/#primaryimage"},"thumbnailUrl":"https:\/\/petelulu.com\/wp-content\/uploads\/2025\/05\/\u4e3b\u56fe_002-7.avif","datePublished":"2025-05-21T02:57:46+00:00","dateModified":"2025-08-13T03:10:19+00:00","description":"B2B Baby Clothing | 100% Conjunto de camisola para beb\u00e9 em algod\u00e3o puro. Pre\u00e7os competitivos, envio r\u00e1pido. Entrega global para retalhistas\/grossistas.","breadcrumb":{"@id":"https:\/\/petelulu.com\/product\/100-pure-cotton-baby-jumper-set\/#breadcrumb"},"inLanguage":"pt-PT","potentialAction":[{"@type":"ReadAction","target":["https:\/\/petelulu.com\/product\/100-pure-cotton-baby-jumper-set\/"]}]},{"@type":"ImageObject","inLanguage":"pt-PT","@id":"https:\/\/petelulu.com\/product\/100-pure-cotton-baby-jumper-set\/#primaryimage","url":"https:\/\/petelulu.com\/wp-content\/uploads\/2025\/05\/\u4e3b\u56fe_002-7.avif","contentUrl":"https:\/\/petelulu.com\/wp-content\/uploads\/2025\/05\/\u4e3b\u56fe_002-7.avif","width":2000,"height":2000},{"@type":"BreadcrumbList","@id":"https:\/\/petelulu.com\/product\/100-pure-cotton-baby-jumper-set\/#breadcrumb","itemListElement":[{"@type":"ListItem","position":1,"name":"\u9996\u9875","item":"https:\/\/petelulu.com\/"},{"@type":"ListItem","position":2,"name":"PRODUCT GALLERY","item":"https:\/\/petelulu.com\/product-gallery\/"},{"@type":"ListItem","position":3,"name":"Custom 100% Pure Cotton Baby Jumper Set"}]},{"@type":"WebSite","@id":"https:\/\/petelulu.com\/#website","url":"https:\/\/petelulu.com\/","name":"PETElulu","description":"","potentialAction":[{"@type":"SearchAction","target":{"@type":"EntryPoint","urlTemplate":"https:\/\/petelulu.com\/?s={search_term_string}"},"query-input":{"@type":"PropertyValueSpecification","valueRequired":true,"valueName":"search_term_string"}}],"inLanguage":"pt-PT"}]}},"builder_content":"","_links":{"self":[{"href":"https:\/\/petelulu.com\/pt\/wp-json\/wp\/v2\/product\/3928","targetHints":{"allow":["GET"]}}],"collection":[{"href":"https:\/\/petelulu.com\/pt\/wp-json\/wp\/v2\/product"}],"about":[{"href":"https:\/\/petelulu.com\/pt\/wp-json\/wp\/v2\/types\/product"}],"wp:featuredmedia":[{"embeddable":true,"href":"https:\/\/petelulu.com\/pt\/wp-json\/wp\/v2\/media\/3929"}],"wp:attachment":[{"href":"https:\/\/petelulu.com\/pt\/wp-json\/wp\/v2\/media?parent=3928"}],"wp:term":[{"taxonomy":"product_brand","embeddable":true,"href":"https:\/\/petelulu.com\/pt\/wp-json\/wp\/v2\/product_brand?post=3928"},{"taxonomy":"product_cat","embeddable":true,"href":"https:\/\/petelulu.com\/pt\/wp-json\/wp\/v2\/product_cat?post=3928"},{"taxonomy":"product_tag","embeddable":true,"href":"https:\/\/petelulu.com\/pt\/wp-json\/wp\/v2\/product_tag?post=3928"}],"curies":[{"name":"wp","href":"https:\/\/api.w.org\/{rel}","templated":true}]}}