{"id":3181,"date":"2025-04-27T08:44:48","date_gmt":"2025-04-27T08:44:48","guid":{"rendered":"https:\/\/petelulu.com\/?post_type=product&#038;p=3181"},"modified":"2025-08-12T23:53:18","modified_gmt":"2025-08-13T03:53:18","slug":"fatinho-de-algodao-organico-para-bebe-7","status":"publish","type":"product","link":"https:\/\/petelulu.com\/pt\/produto\/fatinho-de-algodao-organico-para-bebe-7\/","title":{"rendered":"Fatinho de algod\u00e3o org\u00e2nico personalizado para beb\u00e9"},"content":{"rendered":"<h2>Sobre este produto<\/h2>\n<ol>\n<li><strong>100% Algod\u00e3o org\u00e2nico<\/strong>: Fabricado em algod\u00e3o org\u00e2nico 100% de primeira qualidade, o nosso macac\u00e3o para beb\u00e9 garante um toque suave e hipoalerg\u00e9nico na pele delicada do seu filho, proporcionando conforto e tranquilidade durante todo o dia.<\/li>\n<li><strong>Design de bot\u00e3o de press\u00e3o<\/strong>: Concebidos a pensar na comodidade, os bot\u00f5es de press\u00e3o estrategicamente colocados tornam as mudan\u00e7as de fralda r\u00e1pidas e sem complica\u00e7\u00f5es, garantindo que a senhora e o seu beb\u00e9 passam menos tempo a tratar da roupa e mais tempo a desfrutar de momentos preciosos em conjunto.<\/li>\n<li><strong>Estilo simples e cores s\u00f3lidas<\/strong>: Abrace a simplicidade com os nossos macac\u00f5es de beb\u00e9 de estilo simples em cores s\u00f3lidas, oferecendo um visual intemporal que nunca sai de moda. Perfeito para o dia a dia ou como pe\u00e7a essencial do guarda-roupa do seu beb\u00e9.<\/li>\n<li>\n<p data-spm-anchor-id=\"5176.28103460.0.i8.40f7451enAKIF4\"><strong>Adequado para idades entre os 0 e os 18 meses<\/strong>: O nosso macac\u00e3o foi especialmente concebido para se adaptar a beb\u00e9s desde rec\u00e9m-nascidos at\u00e9 aos 18 meses de idade, o que o torna a escolha ideal para os pais que procuram conforto e funcionalidade durante esta importante fase de desenvolvimento.<\/p>\n<\/li>\n<li>\n<p data-spm-anchor-id=\"5176.28103460.0.i6.40f7451enAKIF4\"><strong>Tecido de f\u00e1cil manuten\u00e7\u00e3o<\/strong>: O algod\u00e3o org\u00e2nico de alta qualidade utilizado nos nossos macac\u00f5es n\u00e3o s\u00f3 \u00e9 suave para a pele do seu beb\u00e9 como tamb\u00e9m \u00e9 f\u00e1cil de cuidar. Lav\u00e1vel \u00e0 m\u00e1quina e dur\u00e1vel, mant\u00e9m a sua forma e cor lavagem ap\u00f3s lavagem, garantindo um valor e uma utiliza\u00e7\u00e3o duradouros.<\/p>\n<\/li>\n<\/ol>","protected":false},"excerpt":{"rendered":"<p>Pre\u00e7o unit\u00e1rio: US $5.9-8.9 \/ Pe\u00e7a<br \/>\nQuantidade m\u00ednima de encomenda: 300 pe\u00e7as\/ tamanho<br \/>\nMaterial: 80% algod\u00e3o\/20% poli\u00e9ster<br \/>\nIdade: 12-18M\/18-24M<br \/>\nMateriais aplic\u00e1veis: Bambu\/algod\u00e3o org\u00e2nico\/algod\u00e3o puro\/raiom modal\/musselina de bambu<br \/>\nCapacidade de fornecimento: 10.000 pe\u00e7as\/pe\u00e7as por m\u00eas<br \/>\nPorto: Guangzhou, China<br \/>\nCondi\u00e7\u00f5es de pagamento: T\/T<br \/>\nAmostra\uff1aAceitar amostra personalizada<br \/>\nLog\u00f3tipo: Logotipo personalizado<br \/>\nEntrega: 25-35 dias \u00fateis<br \/>\nOEM E ODM<\/p>\n<p><a href=\"https:\/\/petelulu.com\/pt\/#category\">Ver mais<\/a><\/p>\n<div class=\"wpforms-container wpforms-container-full wpforms-render-modern\" id=\"wpforms-2878\"><form id=\"wpforms-form-2878\" class=\"wpforms-validate wpforms-form wpforms-ajax-form\" data-formid=\"2878\" method=\"post\" enctype=\"multipart\/form-data\" action=\"\/pt\/wp-json\/wp\/v2\/product\/3181\" data-token=\"e1a57099e00604c239ff9b2b39f1b9e0\" data-token-time=\"1776191904\" data-trp-original-action=\"\/pt\/wp-json\/wp\/v2\/product\/3181\"><noscript class=\"wpforms-error-noscript\">Active o JavaScript no seu browser para preencher este formul\u00e1rio.<\/noscript><div class=\"wpforms-hidden\" id=\"wpforms-error-noscript\">Active o JavaScript no seu browser para preencher este formul\u00e1rio.<\/div><div class=\"wpforms-field-container\"><div id=\"wpforms-2878-field_2-container\" class=\"wpforms-field wpforms-field-name\" data-field-id=\"2\"><label class=\"wpforms-field-label\" for=\"wpforms-2878-field_2\">Nome <span class=\"wpforms-required-label\" aria-hidden=\"true\">*<\/span><\/label><input type=\"text\" id=\"wpforms-2878-field_2\" class=\"wpforms-field-medium wpforms-field-required\" name=\"wpforms[fields][2]\" aria-errormessage=\"wpforms-2878-field_2-error\" required><\/div><div id=\"wpforms-2878-field_5-container\" class=\"wpforms-field wpforms-field-email\" data-field-id=\"5\"><label class=\"wpforms-field-label\" for=\"wpforms-2878-field_5\">Correio eletr\u00f3nico <span class=\"wpforms-required-label\" aria-hidden=\"true\">*<\/span><\/label><input type=\"email\" id=\"wpforms-2878-field_5\" class=\"wpforms-field-medium wpforms-field-required\" name=\"wpforms[fields][5]\" spellcheck=\"false\" aria-errormessage=\"wpforms-2878-field_5-error\" required><\/div><div id=\"wpforms-2878-field_3-container\" class=\"wpforms-field wpforms-field-textarea\" data-field-id=\"3\"><label class=\"wpforms-field-label\" for=\"wpforms-2878-field_3\">Pedido <span class=\"wpforms-required-label\" aria-hidden=\"true\">*<\/span><\/label><textarea id=\"wpforms-2878-field_3\" class=\"wpforms-field-medium wpforms-field-required\" name=\"wpforms[fields][3]\" aria-errormessage=\"wpforms-2878-field_3-error\" aria-describedby=\"wpforms-2878-field_3-description\" required><\/textarea><div id=\"wpforms-2878-field_3-description\" class=\"wpforms-field-description\">Indique-nos os seus requisitos e o n\u00famero de WhatsApp e o nosso representante de vendas entrar\u00e1 em contacto consigo.<\/div><\/div><\/div><!-- .wpforms-field-container --><div class=\"wpforms-submit-container\" ><input type=\"hidden\" name=\"wpforms[id]\" value=\"2878\"><input type=\"hidden\" name=\"page_title\" value=\"\"><input type=\"hidden\" name=\"page_url\" value=\"https:\/\/petelulu.com\/pt\/wp-json\/wp\/v2\/product\/3181\"><input type=\"hidden\" name=\"url_referer\" value=\"\"><button type=\"submit\" name=\"wpforms[submit]\" id=\"wpforms-submit-2878\" class=\"wpforms-submit\" data-alt-text=\"Sending...\" data-submit-text=\"Submit\" aria-live=\"assertive\" value=\"wpforms-submit\">Enviar<\/button><img loading=\"lazy\" decoding=\"async\" src=\"https:\/\/petelulu.com\/wp-content\/plugins\/wpforms-lite\/assets\/images\/submit-spin.svg\" class=\"wpforms-submit-spinner\" style=\"display: none;\" width=\"26\" height=\"26\" alt=\"Carregamento\"><\/div><input type=\"hidden\" name=\"trp-form-language\" value=\"pt\"\/><\/form><\/div>  <!-- .wpforms-container -->\n<p>&nbsp;<\/p>","protected":false},"featured_media":3185,"template":"","meta":[],"product_brand":[],"product_cat":[41],"product_tag":[80,101,97],"class_list":{"0":"post-3181","1":"product","2":"type-product","3":"status-publish","4":"has-post-thumbnail","6":"product_cat-rompers","7":"product_tag-baby","8":"product_tag-fabrics","9":"product_tag-organic-cotton","10":"has-post-title","11":"has-post-date","12":"has-post-category","13":"has-post-tag","14":"has-post-comment","15":"has-post-author","16":"","18":"first","19":"instock","20":"shipping-taxable","21":"product-type-simple"},"yoast_head":"<!-- This site is optimized with the Yoast SEO Premium plugin v24.5 (Yoast SEO v25.6) - https:\/\/yoast.com\/wordpress\/plugins\/seo\/ -->\n<title>Custom Organic Cotton Baby Romper - petelulu<\/title>\n<meta name=\"description\" content=\"Organic Cotton Baby Romper | Custom Designs, Fast Shipping Worldwide. Competitive Pricing for Retailers. Get Quote &amp; Enquire Now!\" \/>\n<meta name=\"robots\" content=\"index, follow, max-snippet:-1, max-image-preview:large, max-video-preview:-1\" \/>\n<link rel=\"canonical\" href=\"https:\/\/petelulu.com\/pt\/produto\/fatinho-de-algodao-organico-para-bebe-7\/\" \/>\n<meta property=\"og:locale\" content=\"pt_PT\" \/>\n<meta property=\"og:type\" content=\"article\" \/>\n<meta property=\"og:title\" content=\"Custom Organic Cotton Baby Romper\" \/>\n<meta property=\"og:description\" content=\"Organic Cotton Baby Romper | Custom Designs, Fast Shipping Worldwide. Competitive Pricing for Retailers. Get Quote &amp; Enquire Now!\" \/>\n<meta property=\"og:url\" content=\"https:\/\/petelulu.com\/pt\/produto\/fatinho-de-algodao-organico-para-bebe-7\/\" \/>\n<meta property=\"og:site_name\" content=\"petelulu\" \/>\n<meta property=\"article:modified_time\" content=\"2025-08-13T03:53:18+00:00\" \/>\n<meta property=\"og:image\" content=\"https:\/\/petelulu.com\/wp-content\/uploads\/2025\/04\/\u4e3b\u56fe_002-3.avif\" \/>\n\t<meta property=\"og:image:width\" content=\"1200\" \/>\n\t<meta property=\"og:image:height\" content=\"1200\" \/>\n\t<meta property=\"og:image:type\" content=\"image\/jpeg\" \/>\n<meta name=\"twitter:card\" content=\"summary_large_image\" \/>\n<meta name=\"twitter:label1\" content=\"Tempo estimado de leitura\" \/>\n\t<meta name=\"twitter:data1\" content=\"2 minutos\" \/>\n<script type=\"application\/ld+json\" class=\"yoast-schema-graph\">{\"@context\":\"https:\/\/schema.org\",\"@graph\":[{\"@type\":\"WebPage\",\"@id\":\"https:\/\/petelulu.com\/product\/organic-cotton-baby-romper-7\/\",\"url\":\"https:\/\/petelulu.com\/product\/organic-cotton-baby-romper-7\/\",\"name\":\"Custom Organic Cotton Baby Romper - petelulu\",\"isPartOf\":{\"@id\":\"https:\/\/petelulu.com\/#website\"},\"primaryImageOfPage\":{\"@id\":\"https:\/\/petelulu.com\/product\/organic-cotton-baby-romper-7\/#primaryimage\"},\"image\":{\"@id\":\"https:\/\/petelulu.com\/product\/organic-cotton-baby-romper-7\/#primaryimage\"},\"thumbnailUrl\":\"https:\/\/petelulu.com\/wp-content\/uploads\/2025\/04\/\u4e3b\u56fe_002-3.avif\",\"datePublished\":\"2025-04-27T08:44:48+00:00\",\"dateModified\":\"2025-08-13T03:53:18+00:00\",\"description\":\"Organic Cotton Baby Romper | Custom Designs, Fast Shipping Worldwide. Competitive Pricing for Retailers. Get Quote & Enquire Now!\",\"breadcrumb\":{\"@id\":\"https:\/\/petelulu.com\/product\/organic-cotton-baby-romper-7\/#breadcrumb\"},\"inLanguage\":\"pt-PT\",\"potentialAction\":[{\"@type\":\"ReadAction\",\"target\":[\"https:\/\/petelulu.com\/product\/organic-cotton-baby-romper-7\/\"]}]},{\"@type\":\"ImageObject\",\"inLanguage\":\"pt-PT\",\"@id\":\"https:\/\/petelulu.com\/product\/organic-cotton-baby-romper-7\/#primaryimage\",\"url\":\"https:\/\/petelulu.com\/wp-content\/uploads\/2025\/04\/\u4e3b\u56fe_002-3.avif\",\"contentUrl\":\"https:\/\/petelulu.com\/wp-content\/uploads\/2025\/04\/\u4e3b\u56fe_002-3.avif\",\"width\":1200,\"height\":1200},{\"@type\":\"BreadcrumbList\",\"@id\":\"https:\/\/petelulu.com\/product\/organic-cotton-baby-romper-7\/#breadcrumb\",\"itemListElement\":[{\"@type\":\"ListItem\",\"position\":1,\"name\":\"\u9996\u9875\",\"item\":\"https:\/\/petelulu.com\/\"},{\"@type\":\"ListItem\",\"position\":2,\"name\":\"PRODUCT GALLERY\",\"item\":\"https:\/\/petelulu.com\/product-gallery\/\"},{\"@type\":\"ListItem\",\"position\":3,\"name\":\"Custom Organic Cotton Baby Romper\"}]},{\"@type\":\"WebSite\",\"@id\":\"https:\/\/petelulu.com\/#website\",\"url\":\"https:\/\/petelulu.com\/\",\"name\":\"PETElulu\",\"description\":\"\",\"potentialAction\":[{\"@type\":\"SearchAction\",\"target\":{\"@type\":\"EntryPoint\",\"urlTemplate\":\"https:\/\/petelulu.com\/?s={search_term_string}\"},\"query-input\":{\"@type\":\"PropertyValueSpecification\",\"valueRequired\":true,\"valueName\":\"search_term_string\"}}],\"inLanguage\":\"pt-PT\"}]}<\/script>\n<!-- \/ Yoast SEO Premium plugin. -->","yoast_head_json":{"title":"Fatinho de algod\u00e3o org\u00e2nico personalizado para beb\u00e9 - petelulu","description":"Camisola de algod\u00e3o org\u00e2nico para beb\u00e9 | Designs personalizados, envio r\u00e1pido para todo o mundo. Pre\u00e7os competitivos para retalhistas. Obter cota\u00e7\u00e3o e perguntar agora!","robots":{"index":"index","follow":"follow","max-snippet":"max-snippet:-1","max-image-preview":"max-image-preview:large","max-video-preview":"max-video-preview:-1"},"canonical":"https:\/\/petelulu.com\/pt\/produto\/fatinho-de-algodao-organico-para-bebe-7\/","og_locale":"pt_PT","og_type":"article","og_title":"Custom Organic Cotton Baby Romper","og_description":"Organic Cotton Baby Romper | Custom Designs, Fast Shipping Worldwide. Competitive Pricing for Retailers. Get Quote & Enquire Now!","og_url":"https:\/\/petelulu.com\/pt\/produto\/fatinho-de-algodao-organico-para-bebe-7\/","og_site_name":"petelulu","article_modified_time":"2025-08-13T03:53:18+00:00","og_image":[{"width":1200,"height":1200,"url":"https:\/\/petelulu.com\/wp-content\/uploads\/2025\/04\/\u4e3b\u56fe_002-3.avif","type":"image\/jpeg"}],"twitter_card":"summary_large_image","twitter_misc":{"Tempo estimado de leitura":"2 minutos"},"schema":{"@context":"https:\/\/schema.org","@graph":[{"@type":"WebPage","@id":"https:\/\/petelulu.com\/product\/organic-cotton-baby-romper-7\/","url":"https:\/\/petelulu.com\/product\/organic-cotton-baby-romper-7\/","name":"Fatinho de algod\u00e3o org\u00e2nico personalizado para beb\u00e9 - petelulu","isPartOf":{"@id":"https:\/\/petelulu.com\/#website"},"primaryImageOfPage":{"@id":"https:\/\/petelulu.com\/product\/organic-cotton-baby-romper-7\/#primaryimage"},"image":{"@id":"https:\/\/petelulu.com\/product\/organic-cotton-baby-romper-7\/#primaryimage"},"thumbnailUrl":"https:\/\/petelulu.com\/wp-content\/uploads\/2025\/04\/\u4e3b\u56fe_002-3.avif","datePublished":"2025-04-27T08:44:48+00:00","dateModified":"2025-08-13T03:53:18+00:00","description":"Camisola de algod\u00e3o org\u00e2nico para beb\u00e9 | Designs personalizados, envio r\u00e1pido para todo o mundo. Pre\u00e7os competitivos para retalhistas. Obter cota\u00e7\u00e3o e perguntar agora!","breadcrumb":{"@id":"https:\/\/petelulu.com\/product\/organic-cotton-baby-romper-7\/#breadcrumb"},"inLanguage":"pt-PT","potentialAction":[{"@type":"ReadAction","target":["https:\/\/petelulu.com\/product\/organic-cotton-baby-romper-7\/"]}]},{"@type":"ImageObject","inLanguage":"pt-PT","@id":"https:\/\/petelulu.com\/product\/organic-cotton-baby-romper-7\/#primaryimage","url":"https:\/\/petelulu.com\/wp-content\/uploads\/2025\/04\/\u4e3b\u56fe_002-3.avif","contentUrl":"https:\/\/petelulu.com\/wp-content\/uploads\/2025\/04\/\u4e3b\u56fe_002-3.avif","width":1200,"height":1200},{"@type":"BreadcrumbList","@id":"https:\/\/petelulu.com\/product\/organic-cotton-baby-romper-7\/#breadcrumb","itemListElement":[{"@type":"ListItem","position":1,"name":"\u9996\u9875","item":"https:\/\/petelulu.com\/"},{"@type":"ListItem","position":2,"name":"PRODUCT GALLERY","item":"https:\/\/petelulu.com\/product-gallery\/"},{"@type":"ListItem","position":3,"name":"Custom Organic Cotton Baby Romper"}]},{"@type":"WebSite","@id":"https:\/\/petelulu.com\/#website","url":"https:\/\/petelulu.com\/","name":"PETElulu","description":"","potentialAction":[{"@type":"SearchAction","target":{"@type":"EntryPoint","urlTemplate":"https:\/\/petelulu.com\/?s={search_term_string}"},"query-input":{"@type":"PropertyValueSpecification","valueRequired":true,"valueName":"search_term_string"}}],"inLanguage":"pt-PT"}]}},"builder_content":"","_links":{"self":[{"href":"https:\/\/petelulu.com\/pt\/wp-json\/wp\/v2\/product\/3181","targetHints":{"allow":["GET"]}}],"collection":[{"href":"https:\/\/petelulu.com\/pt\/wp-json\/wp\/v2\/product"}],"about":[{"href":"https:\/\/petelulu.com\/pt\/wp-json\/wp\/v2\/types\/product"}],"wp:featuredmedia":[{"embeddable":true,"href":"https:\/\/petelulu.com\/pt\/wp-json\/wp\/v2\/media\/3185"}],"wp:attachment":[{"href":"https:\/\/petelulu.com\/pt\/wp-json\/wp\/v2\/media?parent=3181"}],"wp:term":[{"taxonomy":"product_brand","embeddable":true,"href":"https:\/\/petelulu.com\/pt\/wp-json\/wp\/v2\/product_brand?post=3181"},{"taxonomy":"product_cat","embeddable":true,"href":"https:\/\/petelulu.com\/pt\/wp-json\/wp\/v2\/product_cat?post=3181"},{"taxonomy":"product_tag","embeddable":true,"href":"https:\/\/petelulu.com\/pt\/wp-json\/wp\/v2\/product_tag?post=3181"}],"curies":[{"name":"wp","href":"https:\/\/api.w.org\/{rel}","templated":true}]}}