{"id":2303,"date":"2025-03-26T02:29:56","date_gmt":"2025-03-26T02:29:56","guid":{"rendered":"https:\/\/petelulu.com\/?post_type=product&#038;p=2303"},"modified":"2025-08-12T23:34:38","modified_gmt":"2025-08-13T03:34:38","slug":"manta-de-seguranca-de-algodao-musselina","status":"publish","type":"product","link":"https:\/\/petelulu.com\/pt\/produto\/manta-de-seguranca-de-algodao-musselina\/","title":{"rendered":"Cobertor de seguran\u00e7a de algod\u00e3o musselina personalizado"},"content":{"rendered":"<h2>Sobre este produto<\/h2>\n<ul class=\"\">\n<li>Soft and Comfortable Fabric: Our High Quality, Soft Organic Muslin Cotton Soother Plush Security Blanket Baby Comforter Blanket Plush Toy is made from 100% organic cotton, ensuring a comfortable and gentle touch for your baby&#8217;s sensitive skin.<\/li>\n<li>Customizable with Your Logo: We welcome custom logo designs, allowing you to personalize the product with your brand name or logo, making it a unique and thoughtful gift for new parents.<\/li>\n<li>Multi-Seasonal Use: Suitable for both summer and fall seasons, this muslin cotton blanket is perfect for keeping your baby cozy and comfortable throughout the year.<\/li>\n<li>Therapeutic Benefits: The anti-static, anti-dust mite, and flame retardant features make this blanket a great option for promoting healthy sleep and reducing allergy symptoms in infants.<\/li>\n<li data-spm-anchor-id=\"a2700.details.0.i73.4a8a4372IX1oZM\">Durable and Long-Lasting: Made with high-quality materials and a knitted technic, this blanket is designed to withstand regular use and provide years of comfort and security for your baby.<\/li>\n<\/ul>","protected":false},"excerpt":{"rendered":"<p>Pre\u00e7o unit\u00e1rio: US $1.9-2.9\/ Pe\u00e7a<br \/>\nQuantidade m\u00ednima de encomenda: 300 pe\u00e7as\/ tamanho<br \/>\nMaterial: Algod\u00e3o org\u00e2nico 100%<br \/>\nCapacidade de fornecimento: 10.000 pe\u00e7as\/pe\u00e7as por m\u00eas<br \/>\nPorto: Guangzhou, China<br \/>\nCondi\u00e7\u00f5es de pagamento: T\/T<br \/>\nAmostra\uff1aAceitar amostra personalizada<br \/>\nLog\u00f3tipo: Logotipo personalizado<br \/>\nEntrega: 25-35 dias \u00fateis<br \/>\nOEM E ODM<\/p>\n<p><a href=\"https:\/\/petelulu.com\/pt\/#category\">Ver mais<\/a><\/p>\n<style id=\"wpforms-css-vars-2878\">\n\t\t\t\t#wpforms-2878 {\n\t\t\t\t\n\t\t\t}\n\t\t\t<\/style><div class=\"wpforms-container wpforms-container-full wpforms-render-modern\" id=\"wpforms-2878\"><form id=\"wpforms-form-2878\" class=\"wpforms-validate wpforms-form wpforms-ajax-form\" data-formid=\"2878\" method=\"post\" enctype=\"multipart\/form-data\" action=\"\/pt\/wp-json\/wp\/v2\/product\/2303\" data-token=\"a6f414c9c07d2e6964a6ed541b672870\" data-token-time=\"1778019722\" data-trp-original-action=\"\/pt\/wp-json\/wp\/v2\/product\/2303\"><noscript class=\"wpforms-error-noscript\">Active o JavaScript no seu browser para preencher este formul\u00e1rio.<\/noscript><div id=\"wpforms-error-noscript\" style=\"display: none;\">Active o JavaScript no seu browser para preencher este formul\u00e1rio.<\/div><div class=\"wpforms-field-container\"><div id=\"wpforms-2878-field_2-container\" class=\"wpforms-field wpforms-field-name\" data-field-id=\"2\"><label class=\"wpforms-field-label\" for=\"wpforms-2878-field_2\">Nome <span class=\"wpforms-required-label\" aria-hidden=\"true\">*<\/span><\/label><input type=\"text\" id=\"wpforms-2878-field_2\" class=\"wpforms-field-medium wpforms-field-required\" name=\"wpforms[fields][2]\" aria-errormessage=\"wpforms-2878-field_2-error\" required><\/div><div id=\"wpforms-2878-field_5-container\" class=\"wpforms-field wpforms-field-email\" data-field-id=\"5\"><label class=\"wpforms-field-label\" for=\"wpforms-2878-field_5\">Correio eletr\u00f3nico <span class=\"wpforms-required-label\" aria-hidden=\"true\">*<\/span><\/label><input type=\"email\" id=\"wpforms-2878-field_5\" class=\"wpforms-field-medium wpforms-field-required\" name=\"wpforms[fields][5]\" spellcheck=\"false\" aria-errormessage=\"wpforms-2878-field_5-error\" required><\/div>\t\t<div id=\"wpforms-2878-field_1-container\"\n\t\t\tclass=\"wpforms-field wpforms-field-text\"\n\t\t\tdata-field-type=\"text\"\n\t\t\tdata-field-id=\"1\"\n\t\t\t>\n\t\t\t<label class=\"wpforms-field-label\" for=\"wpforms-2878-field_1\" >Solicitar nome de e-mail<\/label>\n\t\t\t<input type=\"text\" id=\"wpforms-2878-field_1\" class=\"wpforms-field-medium\" name=\"wpforms[fields][1]\" >\n\t\t<\/div>\n\t\t<div id=\"wpforms-2878-field_3-container\" class=\"wpforms-field wpforms-field-textarea\" data-field-id=\"3\"><label class=\"wpforms-field-label\" for=\"wpforms-2878-field_3\">Pedido <span class=\"wpforms-required-label\" aria-hidden=\"true\">*<\/span><\/label><textarea id=\"wpforms-2878-field_3\" class=\"wpforms-field-medium wpforms-field-required\" name=\"wpforms[fields][3]\" aria-errormessage=\"wpforms-2878-field_3-error\" aria-describedby=\"wpforms-2878-field_3-description\" required><\/textarea><div id=\"wpforms-2878-field_3-description\" class=\"wpforms-field-description\">Indique-nos os seus requisitos e o n\u00famero de WhatsApp e o nosso representante de vendas entrar\u00e1 em contacto consigo.<\/div><\/div><script>\n\t\t\t\t( function() {\n\t\t\t\t\tconst style = document.createElement( 'style' );\n\t\t\t\t\tstyle.appendChild( document.createTextNode( '#wpforms-2878-field_1-container { position: absolute !important; overflow: hidden !important; display: inline !important; height: 1px !important; width: 1px !important; z-index: -1000 !important; padding: 0 !important; } #wpforms-2878-field_1-container input { visibility: hidden; } #wpforms-conversational-form-page #wpforms-2878-field_1-container label { counter-increment: none; }' ) );\n\t\t\t\t\tdocument.head.appendChild( style );\n\t\t\t\t\tdocument.currentScript?.remove();\n\t\t\t\t} )();\n\t\t\t<\/script><\/div><!-- .wpforms-field-container --><div class=\"wpforms-submit-container\" ><input type=\"hidden\" name=\"wpforms[id]\" value=\"2878\"><input type=\"hidden\" name=\"page_title\" value=\"\"><input type=\"hidden\" name=\"page_url\" value=\"https:\/\/petelulu.com\/pt\/wp-json\/wp\/v2\/product\/2303\"><input type=\"hidden\" name=\"url_referer\" value=\"\"><button type=\"submit\" name=\"wpforms[submit]\" id=\"wpforms-submit-2878\" class=\"wpforms-submit\" data-alt-text=\"Sending...\" data-submit-text=\"Submit\" aria-live=\"assertive\" value=\"wpforms-submit\">Enviar<\/button><img loading=\"lazy\" decoding=\"async\" src=\"https:\/\/petelulu.com\/wp-content\/plugins\/wpforms-lite\/assets\/images\/submit-spin.svg\" class=\"wpforms-submit-spinner\" style=\"display: none;\" width=\"26\" height=\"26\" alt=\"Carregamento\"><\/div><input type=\"hidden\" name=\"trp-form-language\" value=\"pt\"\/><\/form><\/div>  <!-- .wpforms-container -->\n<p>&nbsp;<\/p>","protected":false},"featured_media":2309,"template":"","meta":[],"product_brand":[],"product_cat":[56],"product_tag":[80,99,97,100],"class_list":{"0":"post-2303","1":"product","2":"type-product","3":"status-publish","4":"has-post-thumbnail","6":"product_cat-accessories","7":"product_tag-baby","8":"product_tag-french-terry","9":"product_tag-organic-cotton","10":"product_tag-tencel","11":"has-post-title","12":"has-post-date","13":"has-post-category","14":"has-post-tag","15":"has-post-comment","16":"has-post-author","17":"","19":"first","20":"instock","21":"shipping-taxable","22":"product-type-simple"},"yoast_head":"<!-- This site is optimized with the Yoast SEO Premium plugin v24.5 (Yoast SEO v25.6) - https:\/\/yoast.com\/wordpress\/plugins\/seo\/ -->\n<title>Custom Muslin Cotton Security Blanket - petelulu<\/title>\n<meta name=\"description\" content=\"Muslin Cotton Security Blanket | Custom Designs, Fast Shipping Worldwide. Competitive Pricing for Retailers. Get Quote &amp; Enquire Now!\" \/>\n<meta name=\"robots\" content=\"index, follow, max-snippet:-1, max-image-preview:large, max-video-preview:-1\" \/>\n<link rel=\"canonical\" href=\"https:\/\/petelulu.com\/pt\/produto\/manta-de-seguranca-de-algodao-musselina\/\" \/>\n<meta property=\"og:locale\" content=\"pt_PT\" \/>\n<meta property=\"og:type\" content=\"article\" \/>\n<meta property=\"og:title\" content=\"Custom Muslin Cotton Security Blanket\" \/>\n<meta property=\"og:description\" content=\"Muslin Cotton Security Blanket | Custom Designs, Fast Shipping Worldwide. Competitive Pricing for Retailers. Get Quote &amp; Enquire Now!\" \/>\n<meta property=\"og:url\" content=\"https:\/\/petelulu.com\/pt\/produto\/manta-de-seguranca-de-algodao-musselina\/\" \/>\n<meta property=\"og:site_name\" content=\"petelulu\" \/>\n<meta property=\"article:modified_time\" content=\"2025-08-13T03:34:38+00:00\" \/>\n<meta property=\"og:image\" content=\"https:\/\/petelulu.com\/wp-content\/uploads\/2025\/03\/\u4e3b\u56fe_001-15.jpg\" \/>\n\t<meta property=\"og:image:width\" content=\"1677\" \/>\n\t<meta property=\"og:image:height\" content=\"1677\" \/>\n\t<meta property=\"og:image:type\" content=\"image\/jpeg\" \/>\n<meta name=\"twitter:card\" content=\"summary_large_image\" \/>\n<meta name=\"twitter:label1\" content=\"Tempo estimado de leitura\" \/>\n\t<meta name=\"twitter:data1\" content=\"1 minuto\" \/>\n<script type=\"application\/ld+json\" class=\"yoast-schema-graph\">{\"@context\":\"https:\/\/schema.org\",\"@graph\":[{\"@type\":\"WebPage\",\"@id\":\"https:\/\/petelulu.com\/product\/muslin-cotton-security-blanket\/\",\"url\":\"https:\/\/petelulu.com\/product\/muslin-cotton-security-blanket\/\",\"name\":\"Custom Muslin Cotton Security Blanket - petelulu\",\"isPartOf\":{\"@id\":\"https:\/\/petelulu.com\/#website\"},\"primaryImageOfPage\":{\"@id\":\"https:\/\/petelulu.com\/product\/muslin-cotton-security-blanket\/#primaryimage\"},\"image\":{\"@id\":\"https:\/\/petelulu.com\/product\/muslin-cotton-security-blanket\/#primaryimage\"},\"thumbnailUrl\":\"https:\/\/petelulu.com\/wp-content\/uploads\/2025\/03\/\u4e3b\u56fe_001-15.jpg\",\"datePublished\":\"2025-03-26T02:29:56+00:00\",\"dateModified\":\"2025-08-13T03:34:38+00:00\",\"description\":\"Muslin Cotton Security Blanket | Custom Designs, Fast Shipping Worldwide. Competitive Pricing for Retailers. Get Quote & Enquire Now!\",\"breadcrumb\":{\"@id\":\"https:\/\/petelulu.com\/product\/muslin-cotton-security-blanket\/#breadcrumb\"},\"inLanguage\":\"pt-PT\",\"potentialAction\":[{\"@type\":\"ReadAction\",\"target\":[\"https:\/\/petelulu.com\/product\/muslin-cotton-security-blanket\/\"]}]},{\"@type\":\"ImageObject\",\"inLanguage\":\"pt-PT\",\"@id\":\"https:\/\/petelulu.com\/product\/muslin-cotton-security-blanket\/#primaryimage\",\"url\":\"https:\/\/petelulu.com\/wp-content\/uploads\/2025\/03\/\u4e3b\u56fe_001-15.jpg\",\"contentUrl\":\"https:\/\/petelulu.com\/wp-content\/uploads\/2025\/03\/\u4e3b\u56fe_001-15.jpg\",\"width\":1677,\"height\":1677,\"caption\":\"Muslin Cotton Security Blanket\"},{\"@type\":\"BreadcrumbList\",\"@id\":\"https:\/\/petelulu.com\/product\/muslin-cotton-security-blanket\/#breadcrumb\",\"itemListElement\":[{\"@type\":\"ListItem\",\"position\":1,\"name\":\"\u9996\u9875\",\"item\":\"https:\/\/petelulu.com\/\"},{\"@type\":\"ListItem\",\"position\":2,\"name\":\"PRODUCT GALLERY\",\"item\":\"https:\/\/petelulu.com\/product-gallery\/\"},{\"@type\":\"ListItem\",\"position\":3,\"name\":\"Custom Muslin Cotton Security Blanket\"}]},{\"@type\":\"WebSite\",\"@id\":\"https:\/\/petelulu.com\/#website\",\"url\":\"https:\/\/petelulu.com\/\",\"name\":\"PETElulu\",\"description\":\"\",\"potentialAction\":[{\"@type\":\"SearchAction\",\"target\":{\"@type\":\"EntryPoint\",\"urlTemplate\":\"https:\/\/petelulu.com\/?s={search_term_string}\"},\"query-input\":{\"@type\":\"PropertyValueSpecification\",\"valueRequired\":true,\"valueName\":\"search_term_string\"}}],\"inLanguage\":\"pt-PT\"}]}<\/script>\n<!-- \/ Yoast SEO Premium plugin. -->","yoast_head_json":{"title":"Manta de seguran\u00e7a de algod\u00e3o de musselina personalizada - petelulu","description":"Manta de seguran\u00e7a de algod\u00e3o musselina | Designs personalizados, envio r\u00e1pido para todo o mundo. Pre\u00e7os competitivos para retalhistas. Obter cota\u00e7\u00e3o e perguntar agora!","robots":{"index":"index","follow":"follow","max-snippet":"max-snippet:-1","max-image-preview":"max-image-preview:large","max-video-preview":"max-video-preview:-1"},"canonical":"https:\/\/petelulu.com\/pt\/produto\/manta-de-seguranca-de-algodao-musselina\/","og_locale":"pt_PT","og_type":"article","og_title":"Custom Muslin Cotton Security Blanket","og_description":"Muslin Cotton Security Blanket | Custom Designs, Fast Shipping Worldwide. Competitive Pricing for Retailers. Get Quote & Enquire Now!","og_url":"https:\/\/petelulu.com\/pt\/produto\/manta-de-seguranca-de-algodao-musselina\/","og_site_name":"petelulu","article_modified_time":"2025-08-13T03:34:38+00:00","og_image":[{"width":1677,"height":1677,"url":"https:\/\/petelulu.com\/wp-content\/uploads\/2025\/03\/\u4e3b\u56fe_001-15.jpg","type":"image\/jpeg"}],"twitter_card":"summary_large_image","twitter_misc":{"Tempo estimado de leitura":"1 minuto"},"schema":{"@context":"https:\/\/schema.org","@graph":[{"@type":"WebPage","@id":"https:\/\/petelulu.com\/product\/muslin-cotton-security-blanket\/","url":"https:\/\/petelulu.com\/product\/muslin-cotton-security-blanket\/","name":"Manta de seguran\u00e7a de algod\u00e3o de musselina personalizada - petelulu","isPartOf":{"@id":"https:\/\/petelulu.com\/#website"},"primaryImageOfPage":{"@id":"https:\/\/petelulu.com\/product\/muslin-cotton-security-blanket\/#primaryimage"},"image":{"@id":"https:\/\/petelulu.com\/product\/muslin-cotton-security-blanket\/#primaryimage"},"thumbnailUrl":"https:\/\/petelulu.com\/wp-content\/uploads\/2025\/03\/\u4e3b\u56fe_001-15.jpg","datePublished":"2025-03-26T02:29:56+00:00","dateModified":"2025-08-13T03:34:38+00:00","description":"Manta de seguran\u00e7a de algod\u00e3o musselina | Designs personalizados, envio r\u00e1pido para todo o mundo. Pre\u00e7os competitivos para retalhistas. Obter cota\u00e7\u00e3o e perguntar agora!","breadcrumb":{"@id":"https:\/\/petelulu.com\/product\/muslin-cotton-security-blanket\/#breadcrumb"},"inLanguage":"pt-PT","potentialAction":[{"@type":"ReadAction","target":["https:\/\/petelulu.com\/product\/muslin-cotton-security-blanket\/"]}]},{"@type":"ImageObject","inLanguage":"pt-PT","@id":"https:\/\/petelulu.com\/product\/muslin-cotton-security-blanket\/#primaryimage","url":"https:\/\/petelulu.com\/wp-content\/uploads\/2025\/03\/\u4e3b\u56fe_001-15.jpg","contentUrl":"https:\/\/petelulu.com\/wp-content\/uploads\/2025\/03\/\u4e3b\u56fe_001-15.jpg","width":1677,"height":1677,"caption":"Muslin Cotton Security Blanket"},{"@type":"BreadcrumbList","@id":"https:\/\/petelulu.com\/product\/muslin-cotton-security-blanket\/#breadcrumb","itemListElement":[{"@type":"ListItem","position":1,"name":"\u9996\u9875","item":"https:\/\/petelulu.com\/"},{"@type":"ListItem","position":2,"name":"PRODUCT GALLERY","item":"https:\/\/petelulu.com\/product-gallery\/"},{"@type":"ListItem","position":3,"name":"Custom Muslin Cotton Security Blanket"}]},{"@type":"WebSite","@id":"https:\/\/petelulu.com\/#website","url":"https:\/\/petelulu.com\/","name":"PETElulu","description":"","potentialAction":[{"@type":"SearchAction","target":{"@type":"EntryPoint","urlTemplate":"https:\/\/petelulu.com\/?s={search_term_string}"},"query-input":{"@type":"PropertyValueSpecification","valueRequired":true,"valueName":"search_term_string"}}],"inLanguage":"pt-PT"}]}},"builder_content":"","_links":{"self":[{"href":"https:\/\/petelulu.com\/pt\/wp-json\/wp\/v2\/product\/2303","targetHints":{"allow":["GET"]}}],"collection":[{"href":"https:\/\/petelulu.com\/pt\/wp-json\/wp\/v2\/product"}],"about":[{"href":"https:\/\/petelulu.com\/pt\/wp-json\/wp\/v2\/types\/product"}],"wp:featuredmedia":[{"embeddable":true,"href":"https:\/\/petelulu.com\/pt\/wp-json\/wp\/v2\/media\/2309"}],"wp:attachment":[{"href":"https:\/\/petelulu.com\/pt\/wp-json\/wp\/v2\/media?parent=2303"}],"wp:term":[{"taxonomy":"product_brand","embeddable":true,"href":"https:\/\/petelulu.com\/pt\/wp-json\/wp\/v2\/product_brand?post=2303"},{"taxonomy":"product_cat","embeddable":true,"href":"https:\/\/petelulu.com\/pt\/wp-json\/wp\/v2\/product_cat?post=2303"},{"taxonomy":"product_tag","embeddable":true,"href":"https:\/\/petelulu.com\/pt\/wp-json\/wp\/v2\/product_tag?post=2303"}],"curies":[{"name":"wp","href":"https:\/\/api.w.org\/{rel}","templated":true}]}}