{"id":2205,"date":"2025-03-25T03:57:13","date_gmt":"2025-03-25T03:57:13","guid":{"rendered":"https:\/\/petelulu.com\/?post_type=product&#038;p=2205"},"modified":"2025-08-12T23:42:44","modified_gmt":"2025-08-13T03:42:44","slug":"calcoes-de-legging-de-ciclista-unisexo-para-crianca","status":"publish","type":"product","link":"https:\/\/petelulu.com\/pt\/produto\/calcoes-de-legging-de-ciclista-unisexo-para-crianca\/","title":{"rendered":"Cal\u00e7\u00f5es de perneiras de motociclista unissexo personalizados para crian\u00e7a"},"content":{"rendered":"<ul class=\"\">\n<li>Design elegante: Os nossos cal\u00e7\u00f5es de legging de motociclista unissexo para crian\u00e7a oferecem um estilo formal perfeito para crian\u00e7as, sendo ideais para pais como voc\u00ea, que querem que os seus filhos estejam na moda e confort\u00e1veis. O padr\u00e3o de leopardo acrescenta um toque de sofistica\u00e7\u00e3o ao design geral.<\/li>\n<li>Confort\u00e1veis e duradouros: Fabricados com uma mistura de spandex e bambu, estes cal\u00e7\u00f5es n\u00e3o s\u00f3 s\u00e3o respir\u00e1veis e de secagem r\u00e1pida, como tamb\u00e9m s\u00e3o antirrugas e anti-est\u00e1ticos. Isto garante que o seu filho se mant\u00e9m confort\u00e1vel durante todo o dia.<\/li>\n<li>Carater\u00edsticas vers\u00e1teis: Este produto foi concebido para ser tanto um cal\u00e7\u00e3o como uma cal\u00e7a, o que o torna perfeito para uma variedade de ocasi\u00f5es. A sua carater\u00edstica \u00e0 prova de \u00e1gua tamb\u00e9m o torna adequado para actividades ao ar livre, proporcionando-lhe tranquilidade enquanto pai.<\/li>\n<li>Sustent\u00e1vel e amigo do ambiente: A utiliza\u00e7\u00e3o de tecido de bambu nos nossos cal\u00e7\u00f5es Biker Legging Unissexo para crian\u00e7a torna-os uma escolha sustent\u00e1vel e amiga do ambiente para os pais que d\u00e3o prioridade ao ambiente.<\/li>\n<li data-spm-anchor-id=\"a2700.details.0.i78.6f0f7744nBhqut\">F\u00e1cil de encomendar: Com um MOQ de 160 unidades, pode encomendar a granel e receber o seu produto no prazo de 7 dias, o que o torna uma op\u00e7\u00e3o conveniente para empresas e particulares que pretendam adquirir estes cal\u00e7\u00f5es da moda.<\/li>\n<\/ul>","protected":false},"excerpt":{"rendered":"<p>Pre\u00e7o unit\u00e1rio: US $3.99-5.28\/ Pe\u00e7a<br \/>\nQuantidade m\u00ednima de encomenda: 300 pe\u00e7as\/ tamanho<br \/>\nMaterial: Spandex \/ Bambu<br \/>\nAge: Newborn\/0-3M\/3-6M\/6-9M\/9-12M\/12-18M\/18-24M<br \/>\nMateriais aplic\u00e1veis: Bambu\/algod\u00e3o org\u00e2nico\/algod\u00e3o puro\/raiom modal\/musselina de bambu<br \/>\nCapacidade de fornecimento: 10.000 pe\u00e7as\/pe\u00e7as por m\u00eas<br \/>\nPorto: Guangzhou, China<br \/>\nCondi\u00e7\u00f5es de pagamento: T\/T<br \/>\nAmostra\uff1aAceitar amostra personalizada<br \/>\nLog\u00f3tipo: Logotipo personalizado<br \/>\nEntrega: 25-35 dias \u00fateis<br \/>\nOEM E ODM<\/p>\n<p><a href=\"https:\/\/petelulu.com\/pt\/#category\">Ver mais<\/a><\/p>\n<div class=\"wpforms-container wpforms-container-full wpforms-render-modern\" id=\"wpforms-2878\"><form id=\"wpforms-form-2878\" class=\"wpforms-validate wpforms-form wpforms-ajax-form\" data-formid=\"2878\" method=\"post\" enctype=\"multipart\/form-data\" action=\"\/pt\/wp-json\/wp\/v2\/product\/2205\" data-token=\"fde75f8eaf6d8cf056c5b40a4fa6d54f\" data-token-time=\"1777192317\" data-trp-original-action=\"\/pt\/wp-json\/wp\/v2\/product\/2205\"><noscript class=\"wpforms-error-noscript\">Active o JavaScript no seu browser para preencher este formul\u00e1rio.<\/noscript><div class=\"wpforms-hidden\" id=\"wpforms-error-noscript\">Active o JavaScript no seu browser para preencher este formul\u00e1rio.<\/div><div class=\"wpforms-field-container\"><div id=\"wpforms-2878-field_2-container\" class=\"wpforms-field wpforms-field-name\" data-field-id=\"2\"><label class=\"wpforms-field-label\" for=\"wpforms-2878-field_2\">Nome <span class=\"wpforms-required-label\" aria-hidden=\"true\">*<\/span><\/label><input type=\"text\" id=\"wpforms-2878-field_2\" class=\"wpforms-field-medium wpforms-field-required\" name=\"wpforms[fields][2]\" aria-errormessage=\"wpforms-2878-field_2-error\" required><\/div><div id=\"wpforms-2878-field_5-container\" class=\"wpforms-field wpforms-field-email\" data-field-id=\"5\"><label class=\"wpforms-field-label\" for=\"wpforms-2878-field_5\">Correio eletr\u00f3nico <span class=\"wpforms-required-label\" aria-hidden=\"true\">*<\/span><\/label><input type=\"email\" id=\"wpforms-2878-field_5\" class=\"wpforms-field-medium wpforms-field-required\" name=\"wpforms[fields][5]\" spellcheck=\"false\" aria-errormessage=\"wpforms-2878-field_5-error\" required><\/div><div id=\"wpforms-2878-field_3-container\" class=\"wpforms-field wpforms-field-textarea\" data-field-id=\"3\"><label class=\"wpforms-field-label\" for=\"wpforms-2878-field_3\">Pedido <span class=\"wpforms-required-label\" aria-hidden=\"true\">*<\/span><\/label><textarea id=\"wpforms-2878-field_3\" class=\"wpforms-field-medium wpforms-field-required\" name=\"wpforms[fields][3]\" aria-errormessage=\"wpforms-2878-field_3-error\" aria-describedby=\"wpforms-2878-field_3-description\" required><\/textarea><div id=\"wpforms-2878-field_3-description\" class=\"wpforms-field-description\">Indique-nos os seus requisitos e o n\u00famero de WhatsApp e o nosso representante de vendas entrar\u00e1 em contacto consigo.<\/div><\/div><\/div><!-- .wpforms-field-container --><div class=\"wpforms-submit-container\" ><input type=\"hidden\" name=\"wpforms[id]\" value=\"2878\"><input type=\"hidden\" name=\"page_title\" value=\"\"><input type=\"hidden\" name=\"page_url\" value=\"https:\/\/petelulu.com\/pt\/wp-json\/wp\/v2\/product\/2205\"><input type=\"hidden\" name=\"url_referer\" value=\"\"><button type=\"submit\" name=\"wpforms[submit]\" id=\"wpforms-submit-2878\" class=\"wpforms-submit\" data-alt-text=\"Sending...\" data-submit-text=\"Submit\" aria-live=\"assertive\" value=\"wpforms-submit\">Enviar<\/button><img loading=\"lazy\" decoding=\"async\" src=\"https:\/\/petelulu.com\/wp-content\/plugins\/wpforms-lite\/assets\/images\/submit-spin.svg\" class=\"wpforms-submit-spinner\" style=\"display: none;\" width=\"26\" height=\"26\" alt=\"Carregamento\"><\/div><input type=\"hidden\" name=\"trp-form-language\" value=\"pt\"\/><\/form><\/div>  <!-- .wpforms-container -->\n<p>&nbsp;<\/p>","protected":false},"featured_media":2208,"template":"","meta":[],"product_brand":[],"product_cat":[77],"product_tag":[80,98,102,99,82,97,100,81],"class_list":{"0":"post-2205","1":"product","2":"type-product","3":"status-publish","4":"has-post-thumbnail","6":"product_cat-panties","7":"product_tag-baby","8":"product_tag-bamboo-fiber","9":"product_tag-category","10":"product_tag-french-terry","11":"product_tag-kid","12":"product_tag-organic-cotton","13":"product_tag-tencel","14":"product_tag-toddler","15":"has-post-title","16":"has-post-date","17":"has-post-category","18":"has-post-tag","19":"has-post-comment","20":"has-post-author","21":"","23":"first","24":"instock","25":"shipping-taxable","26":"product-type-simple"},"yoast_head":"<!-- This site is optimized with the Yoast SEO Premium plugin v24.5 (Yoast SEO v25.6) - https:\/\/yoast.com\/wordpress\/plugins\/seo\/ -->\n<title>Custom Toddler Unisex Biker Legging Shorts - petelulu<\/title>\n<meta name=\"description\" content=\"OEM &amp; ODM Service Baby Bamboo Fiber Collection Manufacture, Toddler Unisex Biker Legging Shorts\" \/>\n<meta name=\"robots\" content=\"index, follow, max-snippet:-1, max-image-preview:large, max-video-preview:-1\" \/>\n<link rel=\"canonical\" href=\"https:\/\/petelulu.com\/pt\/produto\/calcoes-de-legging-de-ciclista-unisexo-para-crianca\/\" \/>\n<meta property=\"og:locale\" content=\"pt_PT\" \/>\n<meta property=\"og:type\" content=\"article\" \/>\n<meta property=\"og:title\" content=\"Custom Toddler Unisex Biker Legging Shorts\" \/>\n<meta property=\"og:description\" content=\"OEM &amp; ODM Service Baby Bamboo Fiber Collection Manufacture, Toddler Unisex Biker Legging Shorts\" \/>\n<meta property=\"og:url\" content=\"https:\/\/petelulu.com\/pt\/produto\/calcoes-de-legging-de-ciclista-unisexo-para-crianca\/\" \/>\n<meta property=\"og:site_name\" content=\"petelulu\" \/>\n<meta property=\"article:modified_time\" content=\"2025-08-13T03:42:44+00:00\" \/>\n<meta property=\"og:image\" content=\"https:\/\/petelulu.com\/wp-content\/uploads\/2025\/03\/\u4e3b\u56fe_001-14.jpg\" \/>\n\t<meta property=\"og:image:width\" content=\"2000\" \/>\n\t<meta property=\"og:image:height\" content=\"2000\" \/>\n\t<meta property=\"og:image:type\" content=\"image\/jpeg\" \/>\n<meta name=\"twitter:card\" content=\"summary_large_image\" \/>\n<meta name=\"twitter:label1\" content=\"Tempo estimado de leitura\" \/>\n\t<meta name=\"twitter:data1\" content=\"2 minutos\" \/>\n<script type=\"application\/ld+json\" class=\"yoast-schema-graph\">{\"@context\":\"https:\/\/schema.org\",\"@graph\":[{\"@type\":\"WebPage\",\"@id\":\"https:\/\/petelulu.com\/product\/toddler-unisex-biker-legging-shorts\/\",\"url\":\"https:\/\/petelulu.com\/product\/toddler-unisex-biker-legging-shorts\/\",\"name\":\"Custom Toddler Unisex Biker Legging Shorts - petelulu\",\"isPartOf\":{\"@id\":\"https:\/\/petelulu.com\/#website\"},\"primaryImageOfPage\":{\"@id\":\"https:\/\/petelulu.com\/product\/toddler-unisex-biker-legging-shorts\/#primaryimage\"},\"image\":{\"@id\":\"https:\/\/petelulu.com\/product\/toddler-unisex-biker-legging-shorts\/#primaryimage\"},\"thumbnailUrl\":\"https:\/\/petelulu.com\/wp-content\/uploads\/2025\/03\/\u4e3b\u56fe_001-14.jpg\",\"datePublished\":\"2025-03-25T03:57:13+00:00\",\"dateModified\":\"2025-08-13T03:42:44+00:00\",\"description\":\"OEM & ODM Service Baby Bamboo Fiber Collection Manufacture, Toddler Unisex Biker Legging Shorts\",\"breadcrumb\":{\"@id\":\"https:\/\/petelulu.com\/product\/toddler-unisex-biker-legging-shorts\/#breadcrumb\"},\"inLanguage\":\"pt-PT\",\"potentialAction\":[{\"@type\":\"ReadAction\",\"target\":[\"https:\/\/petelulu.com\/product\/toddler-unisex-biker-legging-shorts\/\"]}]},{\"@type\":\"ImageObject\",\"inLanguage\":\"pt-PT\",\"@id\":\"https:\/\/petelulu.com\/product\/toddler-unisex-biker-legging-shorts\/#primaryimage\",\"url\":\"https:\/\/petelulu.com\/wp-content\/uploads\/2025\/03\/\u4e3b\u56fe_001-14.jpg\",\"contentUrl\":\"https:\/\/petelulu.com\/wp-content\/uploads\/2025\/03\/\u4e3b\u56fe_001-14.jpg\",\"width\":2000,\"height\":2000,\"caption\":\"Toddler Unisex Biker Legging Shorts\"},{\"@type\":\"BreadcrumbList\",\"@id\":\"https:\/\/petelulu.com\/product\/toddler-unisex-biker-legging-shorts\/#breadcrumb\",\"itemListElement\":[{\"@type\":\"ListItem\",\"position\":1,\"name\":\"\u9996\u9875\",\"item\":\"https:\/\/petelulu.com\/\"},{\"@type\":\"ListItem\",\"position\":2,\"name\":\"PRODUCT GALLERY\",\"item\":\"https:\/\/petelulu.com\/product-gallery\/\"},{\"@type\":\"ListItem\",\"position\":3,\"name\":\"Custom Toddler Unisex Biker Legging Shorts\"}]},{\"@type\":\"WebSite\",\"@id\":\"https:\/\/petelulu.com\/#website\",\"url\":\"https:\/\/petelulu.com\/\",\"name\":\"PETElulu\",\"description\":\"\",\"potentialAction\":[{\"@type\":\"SearchAction\",\"target\":{\"@type\":\"EntryPoint\",\"urlTemplate\":\"https:\/\/petelulu.com\/?s={search_term_string}\"},\"query-input\":{\"@type\":\"PropertyValueSpecification\",\"valueRequired\":true,\"valueName\":\"search_term_string\"}}],\"inLanguage\":\"pt-PT\"}]}<\/script>\n<!-- \/ Yoast SEO Premium plugin. -->","yoast_head_json":{"title":"Cal\u00e7\u00f5es de legging de motociclista unissexo para crian\u00e7a - petelulu","description":"Servi\u00e7o OEM e ODM Fabrica\u00e7\u00e3o de cole\u00e7\u00e3o de fibra de bambu para beb\u00e9s, cal\u00e7\u00f5es de legging para motociclistas unissexo para crian\u00e7as","robots":{"index":"index","follow":"follow","max-snippet":"max-snippet:-1","max-image-preview":"max-image-preview:large","max-video-preview":"max-video-preview:-1"},"canonical":"https:\/\/petelulu.com\/pt\/produto\/calcoes-de-legging-de-ciclista-unisexo-para-crianca\/","og_locale":"pt_PT","og_type":"article","og_title":"Custom Toddler Unisex Biker Legging Shorts","og_description":"OEM & ODM Service Baby Bamboo Fiber Collection Manufacture, Toddler Unisex Biker Legging Shorts","og_url":"https:\/\/petelulu.com\/pt\/produto\/calcoes-de-legging-de-ciclista-unisexo-para-crianca\/","og_site_name":"petelulu","article_modified_time":"2025-08-13T03:42:44+00:00","og_image":[{"width":2000,"height":2000,"url":"https:\/\/petelulu.com\/wp-content\/uploads\/2025\/03\/\u4e3b\u56fe_001-14.jpg","type":"image\/jpeg"}],"twitter_card":"summary_large_image","twitter_misc":{"Tempo estimado de leitura":"2 minutos"},"schema":{"@context":"https:\/\/schema.org","@graph":[{"@type":"WebPage","@id":"https:\/\/petelulu.com\/product\/toddler-unisex-biker-legging-shorts\/","url":"https:\/\/petelulu.com\/product\/toddler-unisex-biker-legging-shorts\/","name":"Cal\u00e7\u00f5es de legging de motociclista unissexo para crian\u00e7a - petelulu","isPartOf":{"@id":"https:\/\/petelulu.com\/#website"},"primaryImageOfPage":{"@id":"https:\/\/petelulu.com\/product\/toddler-unisex-biker-legging-shorts\/#primaryimage"},"image":{"@id":"https:\/\/petelulu.com\/product\/toddler-unisex-biker-legging-shorts\/#primaryimage"},"thumbnailUrl":"https:\/\/petelulu.com\/wp-content\/uploads\/2025\/03\/\u4e3b\u56fe_001-14.jpg","datePublished":"2025-03-25T03:57:13+00:00","dateModified":"2025-08-13T03:42:44+00:00","description":"Servi\u00e7o OEM e ODM Fabrica\u00e7\u00e3o de cole\u00e7\u00e3o de fibra de bambu para beb\u00e9s, cal\u00e7\u00f5es de legging para motociclistas unissexo para crian\u00e7as","breadcrumb":{"@id":"https:\/\/petelulu.com\/product\/toddler-unisex-biker-legging-shorts\/#breadcrumb"},"inLanguage":"pt-PT","potentialAction":[{"@type":"ReadAction","target":["https:\/\/petelulu.com\/product\/toddler-unisex-biker-legging-shorts\/"]}]},{"@type":"ImageObject","inLanguage":"pt-PT","@id":"https:\/\/petelulu.com\/product\/toddler-unisex-biker-legging-shorts\/#primaryimage","url":"https:\/\/petelulu.com\/wp-content\/uploads\/2025\/03\/\u4e3b\u56fe_001-14.jpg","contentUrl":"https:\/\/petelulu.com\/wp-content\/uploads\/2025\/03\/\u4e3b\u56fe_001-14.jpg","width":2000,"height":2000,"caption":"Toddler Unisex Biker Legging Shorts"},{"@type":"BreadcrumbList","@id":"https:\/\/petelulu.com\/product\/toddler-unisex-biker-legging-shorts\/#breadcrumb","itemListElement":[{"@type":"ListItem","position":1,"name":"\u9996\u9875","item":"https:\/\/petelulu.com\/"},{"@type":"ListItem","position":2,"name":"PRODUCT GALLERY","item":"https:\/\/petelulu.com\/product-gallery\/"},{"@type":"ListItem","position":3,"name":"Custom Toddler Unisex Biker Legging Shorts"}]},{"@type":"WebSite","@id":"https:\/\/petelulu.com\/#website","url":"https:\/\/petelulu.com\/","name":"PETElulu","description":"","potentialAction":[{"@type":"SearchAction","target":{"@type":"EntryPoint","urlTemplate":"https:\/\/petelulu.com\/?s={search_term_string}"},"query-input":{"@type":"PropertyValueSpecification","valueRequired":true,"valueName":"search_term_string"}}],"inLanguage":"pt-PT"}]}},"builder_content":"","_links":{"self":[{"href":"https:\/\/petelulu.com\/pt\/wp-json\/wp\/v2\/product\/2205","targetHints":{"allow":["GET"]}}],"collection":[{"href":"https:\/\/petelulu.com\/pt\/wp-json\/wp\/v2\/product"}],"about":[{"href":"https:\/\/petelulu.com\/pt\/wp-json\/wp\/v2\/types\/product"}],"wp:featuredmedia":[{"embeddable":true,"href":"https:\/\/petelulu.com\/pt\/wp-json\/wp\/v2\/media\/2208"}],"wp:attachment":[{"href":"https:\/\/petelulu.com\/pt\/wp-json\/wp\/v2\/media?parent=2205"}],"wp:term":[{"taxonomy":"product_brand","embeddable":true,"href":"https:\/\/petelulu.com\/pt\/wp-json\/wp\/v2\/product_brand?post=2205"},{"taxonomy":"product_cat","embeddable":true,"href":"https:\/\/petelulu.com\/pt\/wp-json\/wp\/v2\/product_cat?post=2205"},{"taxonomy":"product_tag","embeddable":true,"href":"https:\/\/petelulu.com\/pt\/wp-json\/wp\/v2\/product_tag?post=2205"}],"curies":[{"name":"wp","href":"https:\/\/api.w.org\/{rel}","templated":true}]}}