{"id":1722,"date":"2025-06-16T06:05:00","date_gmt":"2025-06-16T10:05:00","guid":{"rendered":"https:\/\/petelulu.com\/?post_type=product&#038;p=1722"},"modified":"2025-08-12T23:01:51","modified_gmt":"2025-08-13T03:01:51","slug":"conjuntos-de-camisolas-para-bebe","status":"publish","type":"product","link":"https:\/\/petelulu.com\/pt\/produto\/conjuntos-de-camisolas-para-bebe\/","title":{"rendered":"Conjuntos de pul\u00f4veres personalizados para roupa de beb\u00e9"},"content":{"rendered":"<div id=\"sellingpoint\" class=\"header\">\n<h2>Sobre este produto<\/h2>\n<\/div>\n<ul class=\"\">\n<li>Material de alta qualidade: Este conjunto de camisola para beb\u00e9 \u00e9 fabricado em algod\u00e3o 100%, garantindo suavidade e durabilidade para a pele sens\u00edvel do seu filho. O tipo de tecido penteado proporciona um excelente calor e conforto.<\/li>\n<li>Op\u00e7\u00f5es personaliz\u00e1veis: Escolha entre uma variedade de cores personalizadas para corresponder ao seu estilo ou prefer\u00eancias \u00fanicas.<\/li>\n<li>Embalagem pr\u00e1tica: O conjunto \u00e9 fornecido com um \u00fanico fato embalado num saco OPP, tornando-o f\u00e1cil de guardar e transportar.<\/li>\n<li>Estilo vers\u00e1til: O design casual e o estilo de pul\u00f4ver de manga comprida tornam este conjunto adequado para o uso di\u00e1rio, perfeito para actividades no interior e no exterior.<\/li>\n<li data-spm-anchor-id=\"a2700.details.0.i76.30c6114cxplgVh\">Tempo de execu\u00e7\u00e3o r\u00e1pido: Desfrute de um tempo de execu\u00e7\u00e3o r\u00e1pido de 7 dias para encomendas de amostras, ideal para clientes que necessitam de satisfazer rapidamente as suas encomendas ou testar novos designs.<\/li>\n<\/ul>","protected":false},"excerpt":{"rendered":"<p>Pre\u00e7o unit\u00e1rio: US $5.90-7.99 \/ Pe\u00e7a<br \/>\nQuantidade m\u00ednima de encomenda: 300 pe\u00e7as\/ tamanho<br \/>\nMaterial: Algod\u00e3o \/ Fibra de bambu<br \/>\nAge: 0-3M\/3-6M\/6-9M\/9-12M\/12-18M\/18-24M\/2T-3T-4T<br \/>\nMateriais aplic\u00e1veis: Bambu\/algod\u00e3o org\u00e2nico\/algod\u00e3o puro\/terry franc\u00eas\/musselina de bambu<br \/>\nCapacidade de fornecimento: 10.000 pe\u00e7as\/pe\u00e7as por m\u00eas<br \/>\nPorto: Guangzhou, China<br \/>\nCondi\u00e7\u00f5es de pagamento: T\/T<br \/>\nAmostra\uff1aAceitar amostra personalizada<br \/>\nLog\u00f3tipo: Logotipo personalizado<br \/>\nEntrega: 25-35 dias \u00fateis<br \/>\nOEM E ODM<\/p>\n<p><a href=\"https:\/\/petelulu.com\/pt\/#category\">Ver mais<\/a><\/p>\n<div class=\"wpforms-container wpforms-container-full wpforms-render-modern\" id=\"wpforms-2878\"><form id=\"wpforms-form-2878\" class=\"wpforms-validate wpforms-form wpforms-ajax-form\" data-formid=\"2878\" method=\"post\" enctype=\"multipart\/form-data\" action=\"\/pt\/wp-json\/wp\/v2\/product\/1722\" data-token=\"e1a57099e00604c239ff9b2b39f1b9e0\" data-token-time=\"1776183346\" data-trp-original-action=\"\/pt\/wp-json\/wp\/v2\/product\/1722\"><noscript class=\"wpforms-error-noscript\">Active o JavaScript no seu browser para preencher este formul\u00e1rio.<\/noscript><div class=\"wpforms-hidden\" id=\"wpforms-error-noscript\">Active o JavaScript no seu browser para preencher este formul\u00e1rio.<\/div><div class=\"wpforms-field-container\"><div id=\"wpforms-2878-field_2-container\" class=\"wpforms-field wpforms-field-name\" data-field-id=\"2\"><label class=\"wpforms-field-label\" for=\"wpforms-2878-field_2\">Nome <span class=\"wpforms-required-label\" aria-hidden=\"true\">*<\/span><\/label><input type=\"text\" id=\"wpforms-2878-field_2\" class=\"wpforms-field-medium wpforms-field-required\" name=\"wpforms[fields][2]\" aria-errormessage=\"wpforms-2878-field_2-error\" required><\/div><div id=\"wpforms-2878-field_5-container\" class=\"wpforms-field wpforms-field-email\" data-field-id=\"5\"><label class=\"wpforms-field-label\" for=\"wpforms-2878-field_5\">Correio eletr\u00f3nico <span class=\"wpforms-required-label\" aria-hidden=\"true\">*<\/span><\/label><input type=\"email\" id=\"wpforms-2878-field_5\" class=\"wpforms-field-medium wpforms-field-required\" name=\"wpforms[fields][5]\" spellcheck=\"false\" aria-errormessage=\"wpforms-2878-field_5-error\" required><\/div><div id=\"wpforms-2878-field_3-container\" class=\"wpforms-field wpforms-field-textarea\" data-field-id=\"3\"><label class=\"wpforms-field-label\" for=\"wpforms-2878-field_3\">Pedido <span class=\"wpforms-required-label\" aria-hidden=\"true\">*<\/span><\/label><textarea id=\"wpforms-2878-field_3\" class=\"wpforms-field-medium wpforms-field-required\" name=\"wpforms[fields][3]\" aria-errormessage=\"wpforms-2878-field_3-error\" aria-describedby=\"wpforms-2878-field_3-description\" required><\/textarea><div id=\"wpforms-2878-field_3-description\" class=\"wpforms-field-description\">Indique-nos os seus requisitos e o n\u00famero de WhatsApp e o nosso representante de vendas entrar\u00e1 em contacto consigo.<\/div><\/div><\/div><!-- .wpforms-field-container --><div class=\"wpforms-submit-container\" ><input type=\"hidden\" name=\"wpforms[id]\" value=\"2878\"><input type=\"hidden\" name=\"page_title\" value=\"\"><input type=\"hidden\" name=\"page_url\" value=\"https:\/\/petelulu.com\/pt\/wp-json\/wp\/v2\/product\/1722\"><input type=\"hidden\" name=\"url_referer\" value=\"\"><button type=\"submit\" name=\"wpforms[submit]\" id=\"wpforms-submit-2878\" class=\"wpforms-submit\" data-alt-text=\"Sending...\" data-submit-text=\"Submit\" aria-live=\"assertive\" value=\"wpforms-submit\">Enviar<\/button><img loading=\"lazy\" decoding=\"async\" src=\"https:\/\/petelulu.com\/wp-content\/plugins\/wpforms-lite\/assets\/images\/submit-spin.svg\" class=\"wpforms-submit-spinner\" style=\"display: none;\" width=\"26\" height=\"26\" alt=\"Carregamento\"><\/div><input type=\"hidden\" name=\"trp-form-language\" value=\"pt\"\/><\/form><\/div>  <!-- .wpforms-container -->\n<p>&nbsp;<\/p>","protected":false},"featured_media":1724,"template":"","meta":[],"product_brand":[],"product_cat":[46,76],"product_tag":[80,82,81],"class_list":{"0":"post-1722","1":"product","2":"type-product","3":"status-publish","4":"has-post-thumbnail","6":"product_cat-clothing-sets","7":"product_cat-sweatshirt","8":"product_tag-baby","9":"product_tag-kid","10":"product_tag-toddler","11":"has-post-title","12":"has-post-date","13":"has-post-category","14":"has-post-tag","15":"has-post-comment","16":"has-post-author","17":"","19":"first","20":"instock","21":"shipping-taxable","22":"product-type-simple"},"yoast_head":"<!-- This site is optimized with the Yoast SEO Premium plugin v24.5 (Yoast SEO v25.6) - https:\/\/yoast.com\/wordpress\/plugins\/seo\/ -->\n<title>Custom Baby Clothing Jumper Sets - petelulu<\/title>\n<meta name=\"description\" content=\"B2B Baby Clothing | Baby Clothing Sweatshirt Sets. Competitive Pricing, Quick Ship. Global Delivery for Retailers\/Wholesale.\" \/>\n<meta name=\"robots\" content=\"index, follow, max-snippet:-1, max-image-preview:large, max-video-preview:-1\" \/>\n<link rel=\"canonical\" href=\"https:\/\/petelulu.com\/pt\/produto\/conjuntos-de-camisolas-para-bebe\/\" \/>\n<meta property=\"og:locale\" content=\"pt_PT\" \/>\n<meta property=\"og:type\" content=\"article\" \/>\n<meta property=\"og:title\" content=\"Custom Baby Clothing Jumper Sets\" \/>\n<meta property=\"og:description\" content=\"B2B Baby Clothing | Baby Clothing Sweatshirt Sets. Competitive Pricing, Quick Ship. Global Delivery for Retailers\/Wholesale.\" \/>\n<meta property=\"og:url\" content=\"https:\/\/petelulu.com\/pt\/produto\/conjuntos-de-camisolas-para-bebe\/\" \/>\n<meta property=\"og:site_name\" content=\"petelulu\" \/>\n<meta property=\"article:modified_time\" content=\"2025-08-13T03:01:51+00:00\" \/>\n<meta property=\"og:image\" content=\"https:\/\/petelulu.com\/wp-content\/uploads\/2025\/03\/w19102\u4e3b\u56fe1.jpg\" \/>\n\t<meta property=\"og:image:width\" content=\"1200\" \/>\n\t<meta property=\"og:image:height\" content=\"1200\" \/>\n\t<meta property=\"og:image:type\" content=\"image\/jpeg\" \/>\n<meta name=\"twitter:card\" content=\"summary_large_image\" \/>\n<meta name=\"twitter:label1\" content=\"Tempo estimado de leitura\" \/>\n\t<meta name=\"twitter:data1\" content=\"1 minuto\" \/>\n<script type=\"application\/ld+json\" class=\"yoast-schema-graph\">{\"@context\":\"https:\/\/schema.org\",\"@graph\":[{\"@type\":\"WebPage\",\"@id\":\"https:\/\/petelulu.com\/product\/baby-clothing-sweatshirt-sets\/\",\"url\":\"https:\/\/petelulu.com\/product\/baby-clothing-sweatshirt-sets\/\",\"name\":\"Custom Baby Clothing Jumper Sets - petelulu\",\"isPartOf\":{\"@id\":\"https:\/\/petelulu.com\/#website\"},\"primaryImageOfPage\":{\"@id\":\"https:\/\/petelulu.com\/product\/baby-clothing-sweatshirt-sets\/#primaryimage\"},\"image\":{\"@id\":\"https:\/\/petelulu.com\/product\/baby-clothing-sweatshirt-sets\/#primaryimage\"},\"thumbnailUrl\":\"https:\/\/petelulu.com\/wp-content\/uploads\/2025\/03\/w19102\u4e3b\u56fe1.jpg\",\"datePublished\":\"2025-06-16T10:05:00+00:00\",\"dateModified\":\"2025-08-13T03:01:51+00:00\",\"description\":\"B2B Baby Clothing | Baby Clothing Sweatshirt Sets. Competitive Pricing, Quick Ship. Global Delivery for Retailers\/Wholesale.\",\"breadcrumb\":{\"@id\":\"https:\/\/petelulu.com\/product\/baby-clothing-sweatshirt-sets\/#breadcrumb\"},\"inLanguage\":\"pt-PT\",\"potentialAction\":[{\"@type\":\"ReadAction\",\"target\":[\"https:\/\/petelulu.com\/product\/baby-clothing-sweatshirt-sets\/\"]}]},{\"@type\":\"ImageObject\",\"inLanguage\":\"pt-PT\",\"@id\":\"https:\/\/petelulu.com\/product\/baby-clothing-sweatshirt-sets\/#primaryimage\",\"url\":\"https:\/\/petelulu.com\/wp-content\/uploads\/2025\/03\/w19102\u4e3b\u56fe1.jpg\",\"contentUrl\":\"https:\/\/petelulu.com\/wp-content\/uploads\/2025\/03\/w19102\u4e3b\u56fe1.jpg\",\"width\":1200,\"height\":1200,\"caption\":\"Baby Clothing Sweatshirt Sets\"},{\"@type\":\"BreadcrumbList\",\"@id\":\"https:\/\/petelulu.com\/product\/baby-clothing-sweatshirt-sets\/#breadcrumb\",\"itemListElement\":[{\"@type\":\"ListItem\",\"position\":1,\"name\":\"\u9996\u9875\",\"item\":\"https:\/\/petelulu.com\/\"},{\"@type\":\"ListItem\",\"position\":2,\"name\":\"PRODUCT GALLERY\",\"item\":\"https:\/\/petelulu.com\/product-gallery\/\"},{\"@type\":\"ListItem\",\"position\":3,\"name\":\"Custom Baby Clothing Jumper Sets\"}]},{\"@type\":\"WebSite\",\"@id\":\"https:\/\/petelulu.com\/#website\",\"url\":\"https:\/\/petelulu.com\/\",\"name\":\"PETElulu\",\"description\":\"\",\"potentialAction\":[{\"@type\":\"SearchAction\",\"target\":{\"@type\":\"EntryPoint\",\"urlTemplate\":\"https:\/\/petelulu.com\/?s={search_term_string}\"},\"query-input\":{\"@type\":\"PropertyValueSpecification\",\"valueRequired\":true,\"valueName\":\"search_term_string\"}}],\"inLanguage\":\"pt-PT\"}]}<\/script>\n<!-- \/ Yoast SEO Premium plugin. -->","yoast_head_json":{"title":"Conjuntos de camisolas personalizados para beb\u00e9 - petelulu","description":"B2B Roupa de beb\u00e9 | Conjuntos de camisolas de roupa de beb\u00e9. Pre\u00e7os competitivos, envio r\u00e1pido. Entrega global para retalhistas\/grossistas.","robots":{"index":"index","follow":"follow","max-snippet":"max-snippet:-1","max-image-preview":"max-image-preview:large","max-video-preview":"max-video-preview:-1"},"canonical":"https:\/\/petelulu.com\/pt\/produto\/conjuntos-de-camisolas-para-bebe\/","og_locale":"pt_PT","og_type":"article","og_title":"Custom Baby Clothing Jumper Sets","og_description":"B2B Baby Clothing | Baby Clothing Sweatshirt Sets. Competitive Pricing, Quick Ship. Global Delivery for Retailers\/Wholesale.","og_url":"https:\/\/petelulu.com\/pt\/produto\/conjuntos-de-camisolas-para-bebe\/","og_site_name":"petelulu","article_modified_time":"2025-08-13T03:01:51+00:00","og_image":[{"width":1200,"height":1200,"url":"https:\/\/petelulu.com\/wp-content\/uploads\/2025\/03\/w19102\u4e3b\u56fe1.jpg","type":"image\/jpeg"}],"twitter_card":"summary_large_image","twitter_misc":{"Tempo estimado de leitura":"1 minuto"},"schema":{"@context":"https:\/\/schema.org","@graph":[{"@type":"WebPage","@id":"https:\/\/petelulu.com\/product\/baby-clothing-sweatshirt-sets\/","url":"https:\/\/petelulu.com\/product\/baby-clothing-sweatshirt-sets\/","name":"Conjuntos de camisolas personalizados para beb\u00e9 - petelulu","isPartOf":{"@id":"https:\/\/petelulu.com\/#website"},"primaryImageOfPage":{"@id":"https:\/\/petelulu.com\/product\/baby-clothing-sweatshirt-sets\/#primaryimage"},"image":{"@id":"https:\/\/petelulu.com\/product\/baby-clothing-sweatshirt-sets\/#primaryimage"},"thumbnailUrl":"https:\/\/petelulu.com\/wp-content\/uploads\/2025\/03\/w19102\u4e3b\u56fe1.jpg","datePublished":"2025-06-16T10:05:00+00:00","dateModified":"2025-08-13T03:01:51+00:00","description":"B2B Roupa de beb\u00e9 | Conjuntos de camisolas de roupa de beb\u00e9. Pre\u00e7os competitivos, envio r\u00e1pido. Entrega global para retalhistas\/grossistas.","breadcrumb":{"@id":"https:\/\/petelulu.com\/product\/baby-clothing-sweatshirt-sets\/#breadcrumb"},"inLanguage":"pt-PT","potentialAction":[{"@type":"ReadAction","target":["https:\/\/petelulu.com\/product\/baby-clothing-sweatshirt-sets\/"]}]},{"@type":"ImageObject","inLanguage":"pt-PT","@id":"https:\/\/petelulu.com\/product\/baby-clothing-sweatshirt-sets\/#primaryimage","url":"https:\/\/petelulu.com\/wp-content\/uploads\/2025\/03\/w19102\u4e3b\u56fe1.jpg","contentUrl":"https:\/\/petelulu.com\/wp-content\/uploads\/2025\/03\/w19102\u4e3b\u56fe1.jpg","width":1200,"height":1200,"caption":"Baby Clothing Sweatshirt Sets"},{"@type":"BreadcrumbList","@id":"https:\/\/petelulu.com\/product\/baby-clothing-sweatshirt-sets\/#breadcrumb","itemListElement":[{"@type":"ListItem","position":1,"name":"\u9996\u9875","item":"https:\/\/petelulu.com\/"},{"@type":"ListItem","position":2,"name":"PRODUCT GALLERY","item":"https:\/\/petelulu.com\/product-gallery\/"},{"@type":"ListItem","position":3,"name":"Custom Baby Clothing Jumper Sets"}]},{"@type":"WebSite","@id":"https:\/\/petelulu.com\/#website","url":"https:\/\/petelulu.com\/","name":"PETElulu","description":"","potentialAction":[{"@type":"SearchAction","target":{"@type":"EntryPoint","urlTemplate":"https:\/\/petelulu.com\/?s={search_term_string}"},"query-input":{"@type":"PropertyValueSpecification","valueRequired":true,"valueName":"search_term_string"}}],"inLanguage":"pt-PT"}]}},"builder_content":"","_links":{"self":[{"href":"https:\/\/petelulu.com\/pt\/wp-json\/wp\/v2\/product\/1722","targetHints":{"allow":["GET"]}}],"collection":[{"href":"https:\/\/petelulu.com\/pt\/wp-json\/wp\/v2\/product"}],"about":[{"href":"https:\/\/petelulu.com\/pt\/wp-json\/wp\/v2\/types\/product"}],"wp:featuredmedia":[{"embeddable":true,"href":"https:\/\/petelulu.com\/pt\/wp-json\/wp\/v2\/media\/1724"}],"wp:attachment":[{"href":"https:\/\/petelulu.com\/pt\/wp-json\/wp\/v2\/media?parent=1722"}],"wp:term":[{"taxonomy":"product_brand","embeddable":true,"href":"https:\/\/petelulu.com\/pt\/wp-json\/wp\/v2\/product_brand?post=1722"},{"taxonomy":"product_cat","embeddable":true,"href":"https:\/\/petelulu.com\/pt\/wp-json\/wp\/v2\/product_cat?post=1722"},{"taxonomy":"product_tag","embeddable":true,"href":"https:\/\/petelulu.com\/pt\/wp-json\/wp\/v2\/product_tag?post=1722"}],"curies":[{"name":"wp","href":"https:\/\/api.w.org\/{rel}","templated":true}]}}