{"id":701,"date":"2025-02-28T08:39:53","date_gmt":"2025-02-28T08:39:53","guid":{"rendered":"https:\/\/petelulu.com\/?post_type=product&#038;p=701"},"modified":"2025-08-12T23:43:12","modified_gmt":"2025-08-13T03:43:12","slug":"pagliaccetto-a-maniche-lunghe-in-viscosa-di-bambu","status":"publish","type":"product","link":"https:\/\/petelulu.com\/it\/prodotto\/pagliaccetto-a-maniche-lunghe-in-viscosa-di-bambu\/","title":{"rendered":"Pagliaccetto a maniche lunghe in viscosa di bamb\u00f9 personalizzato"},"content":{"rendered":"<div id=\"sellingpoint\" class=\"header\">\n<h2>Informazioni su questo prodotto<\/h2>\n<\/div>\n<ul class=\"\">\n<li data-spm-anchor-id=\"a2700.details.0.i79.181b7565MrYg3C\">Design ecologico e traspirante: Il nostro pagliaccetto in bamb\u00f9 \u00e8 realizzato in un comodo tessuto di bamb\u00f9, che garantisce un indumento traspirante ed ecologico per il vostro piccolo. Questa caratteristica \u00e8 ideale per i genitori che danno priorit\u00e0 al benessere dei propri figli e dell'ambiente.<\/li>\n<li data-spm-anchor-id=\"a2700.details.0.i78.181b7565MrYg3C\">Opzione logo personalizzato: Offriamo un'opzione di logo personalizzato, che consente di personalizzare la tutina con l'identit\u00e0 unica del vostro marchio. Questa funzione \u00e8 perfetta per le aziende che desiderano creare un'immagine coesa del marchio.<\/li>\n<li>Materiale morbido e confortevole: La tutina \u00e8 realizzata in materiale morbido e di alta qualit\u00e0, per garantire il comfort e la felicit\u00e0 del bambino. \u00c8 particolarmente adatto ai genitori che cercano il meglio per i loro bambini.<\/li>\n<li>Versatile e resistente: Con una gamma di taglie da 0 a 18 mesi, questa tutina \u00e8 adatta a neonati e bambini piccoli e rappresenta una scelta versatile per i genitori che hanno bisogno di un capo affidabile e duraturo.<\/li>\n<li>Tempi rapidi: offriamo un tempo di consegna dell'ordine del campione di 7 giorni, garantendo alle aziende di ricevere rapidamente le tutine personalizzate e di rispettare le scadenze di produzione.<\/li>\n<\/ul>\n<p><!--themify_builder_static--><!--\/themify_builder_static--><\/p>","protected":false},"excerpt":{"rendered":"<p>Prezzo unitario: US $6.99 \/ pezzo<br \/>\nQuantit\u00e0 di ordine min: 300 Pezzi<br \/>\nMateriale: Spandex \/ fibra di bamb\u00f9<br \/>\nAge: Newborn\/0-3M\/3-6M\/6-9M\/9-12M\/12-18M\/18-24M<br \/>\nMateriali applicabili: Bamb\u00f9\/cotone organico\/cotone puro\/rayon modale\/mussola di bamb\u00f9<br \/>\nTipo di chiusura: cerniera<br \/>\nCapacit\u00e0 di fornitura: 10.000 pezzi al mese<br \/>\nPorto: Guangzhou, Cina<br \/>\nTermini di pagamento: T\/T<br \/>\nCampione: accettare un campione personalizzato<br \/>\nTaglia: 0-18 mesi<br \/>\nLogo: Logo personalizzato<br \/>\nConsegna: 25-35 giorni lavorativi<br \/>\nOEM E ODM<\/p>\n<p><a href=\"https:\/\/petelulu.com\/it\/#category\">Per saperne di pi\u00f9<\/a><\/p>\n<div class=\"wpforms-container wpforms-container-full wpforms-render-modern\" id=\"wpforms-2878\"><form id=\"wpforms-form-2878\" class=\"wpforms-validate wpforms-form wpforms-ajax-form\" data-formid=\"2878\" method=\"post\" enctype=\"multipart\/form-data\" action=\"\/it\/wp-json\/wp\/v2\/product\/701\" data-token=\"e1a57099e00604c239ff9b2b39f1b9e0\" data-token-time=\"1776206382\" data-trp-original-action=\"\/it\/wp-json\/wp\/v2\/product\/701\"><noscript class=\"wpforms-error-noscript\">Abilita JavaScript nel browser per completare questo modulo.<\/noscript><div class=\"wpforms-hidden\" id=\"wpforms-error-noscript\">Abilita JavaScript nel browser per completare questo modulo.<\/div><div class=\"wpforms-field-container\"><div id=\"wpforms-2878-field_2-container\" class=\"wpforms-field wpforms-field-name\" data-field-id=\"2\"><label class=\"wpforms-field-label\" for=\"wpforms-2878-field_2\">Nome <span class=\"wpforms-required-label\" aria-hidden=\"true\">*<\/span><\/label><input type=\"text\" id=\"wpforms-2878-field_2\" class=\"wpforms-field-medium wpforms-field-required\" name=\"wpforms[fields][2]\" aria-errormessage=\"wpforms-2878-field_2-error\" required><\/div><div id=\"wpforms-2878-field_5-container\" class=\"wpforms-field wpforms-field-email\" data-field-id=\"5\"><label class=\"wpforms-field-label\" for=\"wpforms-2878-field_5\">Email <span class=\"wpforms-required-label\" aria-hidden=\"true\">*<\/span><\/label><input type=\"email\" id=\"wpforms-2878-field_5\" class=\"wpforms-field-medium wpforms-field-required\" name=\"wpforms[fields][5]\" spellcheck=\"false\" aria-errormessage=\"wpforms-2878-field_5-error\" required><\/div><div id=\"wpforms-2878-field_3-container\" class=\"wpforms-field wpforms-field-textarea\" data-field-id=\"3\"><label class=\"wpforms-field-label\" for=\"wpforms-2878-field_3\">Richiesta <span class=\"wpforms-required-label\" aria-hidden=\"true\">*<\/span><\/label><textarea id=\"wpforms-2878-field_3\" class=\"wpforms-field-medium wpforms-field-required\" name=\"wpforms[fields][3]\" aria-errormessage=\"wpforms-2878-field_3-error\" aria-describedby=\"wpforms-2878-field_3-description\" required><\/textarea><div id=\"wpforms-2878-field_3-description\" class=\"wpforms-field-description\">Comunicateci le vostre esigenze e il numero di WhatsApp e il nostro rappresentante vi contatter\u00e0.<\/div><\/div><\/div><!-- .wpforms-field-container --><div class=\"wpforms-submit-container\" ><input type=\"hidden\" name=\"wpforms[id]\" value=\"2878\"><input type=\"hidden\" name=\"page_title\" value=\"\"><input type=\"hidden\" name=\"page_url\" value=\"https:\/\/petelulu.com\/it\/wp-json\/wp\/v2\/product\/701\"><input type=\"hidden\" name=\"url_referer\" value=\"\"><button type=\"submit\" name=\"wpforms[submit]\" id=\"wpforms-submit-2878\" class=\"wpforms-submit\" data-alt-text=\"Sending...\" data-submit-text=\"Submit\" aria-live=\"assertive\" value=\"wpforms-submit\">Invia<\/button><img loading=\"lazy\" decoding=\"async\" src=\"https:\/\/petelulu.com\/wp-content\/plugins\/wpforms-lite\/assets\/images\/submit-spin.svg\" class=\"wpforms-submit-spinner\" style=\"display: none;\" width=\"26\" height=\"26\" alt=\"Caricamento\"><\/div><input type=\"hidden\" name=\"trp-form-language\" value=\"it\"\/><\/form><\/div>  <!-- .wpforms-container -->\n<p>&nbsp;<\/p>","protected":false},"featured_media":703,"template":"","meta":[],"product_brand":[],"product_cat":[41],"product_tag":[80],"class_list":{"0":"post-701","1":"product","2":"type-product","3":"status-publish","4":"has-post-thumbnail","6":"product_cat-rompers","7":"product_tag-baby","8":"has-post-title","9":"has-post-date","10":"has-post-category","11":"has-post-tag","12":"has-post-comment","13":"has-post-author","14":"","16":"first","17":"instock","18":"shipping-taxable","19":"product-type-simple"},"yoast_head":"<!-- This site is optimized with the Yoast SEO Premium plugin v24.5 (Yoast SEO v25.6) - https:\/\/yoast.com\/wordpress\/plugins\/seo\/ -->\n<title>Custom Bamboo Viscose Long-Sleeve Romper - petelulu<\/title>\n<meta name=\"description\" content=\"Bamboo Viscose Long-Sleeve Romper. Unique designs, global shipping, and OEM&amp;ODM services. Request a quote for your baby clothing needs!\" \/>\n<meta name=\"robots\" content=\"index, follow, max-snippet:-1, max-image-preview:large, max-video-preview:-1\" \/>\n<link rel=\"canonical\" href=\"https:\/\/petelulu.com\/it\/prodotto\/pagliaccetto-a-maniche-lunghe-in-viscosa-di-bambu\/\" \/>\n<meta property=\"og:locale\" content=\"it_IT\" \/>\n<meta property=\"og:type\" content=\"article\" \/>\n<meta property=\"og:title\" content=\"Custom Bamboo Viscose Long-Sleeve Romper\" \/>\n<meta property=\"og:description\" content=\"Bamboo Viscose Long-Sleeve Romper. Unique designs, global shipping, and OEM&amp;ODM services. Request a quote for your baby clothing needs!\" \/>\n<meta property=\"og:url\" content=\"https:\/\/petelulu.com\/it\/prodotto\/pagliaccetto-a-maniche-lunghe-in-viscosa-di-bambu\/\" \/>\n<meta property=\"og:site_name\" content=\"petelulu\" \/>\n<meta property=\"article:modified_time\" content=\"2025-08-13T03:43:12+00:00\" \/>\n<meta property=\"og:image\" content=\"https:\/\/petelulu.com\/wp-content\/uploads\/2025\/02\/519\u4e3b\u56fe1.jpg\" \/>\n\t<meta property=\"og:image:width\" content=\"2000\" \/>\n\t<meta property=\"og:image:height\" content=\"2000\" \/>\n\t<meta property=\"og:image:type\" content=\"image\/jpeg\" \/>\n<meta name=\"twitter:card\" content=\"summary_large_image\" \/>\n<meta name=\"twitter:label1\" content=\"Tempo di lettura stimato\" \/>\n\t<meta name=\"twitter:data1\" content=\"1 minuto\" \/>\n<script type=\"application\/ld+json\" class=\"yoast-schema-graph\">{\"@context\":\"https:\/\/schema.org\",\"@graph\":[{\"@type\":\"WebPage\",\"@id\":\"https:\/\/petelulu.com\/product\/bamboo-viscose-long-sleeve-romper\/\",\"url\":\"https:\/\/petelulu.com\/product\/bamboo-viscose-long-sleeve-romper\/\",\"name\":\"Custom Bamboo Viscose Long-Sleeve Romper - petelulu\",\"isPartOf\":{\"@id\":\"https:\/\/petelulu.com\/#website\"},\"primaryImageOfPage\":{\"@id\":\"https:\/\/petelulu.com\/product\/bamboo-viscose-long-sleeve-romper\/#primaryimage\"},\"image\":{\"@id\":\"https:\/\/petelulu.com\/product\/bamboo-viscose-long-sleeve-romper\/#primaryimage\"},\"thumbnailUrl\":\"https:\/\/petelulu.com\/wp-content\/uploads\/2025\/02\/519\u4e3b\u56fe1.jpg\",\"datePublished\":\"2025-02-28T08:39:53+00:00\",\"dateModified\":\"2025-08-13T03:43:12+00:00\",\"description\":\"Bamboo Viscose Long-Sleeve Romper. Unique designs, global shipping, and OEM&ODM services. Request a quote for your baby clothing needs!\",\"breadcrumb\":{\"@id\":\"https:\/\/petelulu.com\/product\/bamboo-viscose-long-sleeve-romper\/#breadcrumb\"},\"inLanguage\":\"it-IT\",\"potentialAction\":[{\"@type\":\"ReadAction\",\"target\":[\"https:\/\/petelulu.com\/product\/bamboo-viscose-long-sleeve-romper\/\"]}]},{\"@type\":\"ImageObject\",\"inLanguage\":\"it-IT\",\"@id\":\"https:\/\/petelulu.com\/product\/bamboo-viscose-long-sleeve-romper\/#primaryimage\",\"url\":\"https:\/\/petelulu.com\/wp-content\/uploads\/2025\/02\/519\u4e3b\u56fe1.jpg\",\"contentUrl\":\"https:\/\/petelulu.com\/wp-content\/uploads\/2025\/02\/519\u4e3b\u56fe1.jpg\",\"width\":2000,\"height\":2000},{\"@type\":\"BreadcrumbList\",\"@id\":\"https:\/\/petelulu.com\/product\/bamboo-viscose-long-sleeve-romper\/#breadcrumb\",\"itemListElement\":[{\"@type\":\"ListItem\",\"position\":1,\"name\":\"\u9996\u9875\",\"item\":\"https:\/\/petelulu.com\/\"},{\"@type\":\"ListItem\",\"position\":2,\"name\":\"PRODUCT GALLERY\",\"item\":\"https:\/\/petelulu.com\/product-gallery\/\"},{\"@type\":\"ListItem\",\"position\":3,\"name\":\"Custom Bamboo Viscose Long-Sleeve Romper\"}]},{\"@type\":\"WebSite\",\"@id\":\"https:\/\/petelulu.com\/#website\",\"url\":\"https:\/\/petelulu.com\/\",\"name\":\"PETElulu\",\"description\":\"\",\"potentialAction\":[{\"@type\":\"SearchAction\",\"target\":{\"@type\":\"EntryPoint\",\"urlTemplate\":\"https:\/\/petelulu.com\/?s={search_term_string}\"},\"query-input\":{\"@type\":\"PropertyValueSpecification\",\"valueRequired\":true,\"valueName\":\"search_term_string\"}}],\"inLanguage\":\"it-IT\"}]}<\/script>\n<!-- \/ Yoast SEO Premium plugin. -->","yoast_head_json":{"title":"Pagliaccetto a maniche lunghe in viscosa di bamb\u00f9 personalizzato - petelulu","description":"Pagliaccetto a maniche lunghe in viscosa di bamb\u00f9. Design unico, spedizione globale e servizi OEM&amp;ODM. Richiedete un preventivo per le vostre esigenze di abbigliamento per bambini!","robots":{"index":"index","follow":"follow","max-snippet":"max-snippet:-1","max-image-preview":"max-image-preview:large","max-video-preview":"max-video-preview:-1"},"canonical":"https:\/\/petelulu.com\/it\/prodotto\/pagliaccetto-a-maniche-lunghe-in-viscosa-di-bambu\/","og_locale":"it_IT","og_type":"article","og_title":"Custom Bamboo Viscose Long-Sleeve Romper","og_description":"Bamboo Viscose Long-Sleeve Romper. Unique designs, global shipping, and OEM&ODM services. Request a quote for your baby clothing needs!","og_url":"https:\/\/petelulu.com\/it\/prodotto\/pagliaccetto-a-maniche-lunghe-in-viscosa-di-bambu\/","og_site_name":"petelulu","article_modified_time":"2025-08-13T03:43:12+00:00","og_image":[{"width":2000,"height":2000,"url":"https:\/\/petelulu.com\/wp-content\/uploads\/2025\/02\/519\u4e3b\u56fe1.jpg","type":"image\/jpeg"}],"twitter_card":"summary_large_image","twitter_misc":{"Tempo di lettura stimato":"1 minuto"},"schema":{"@context":"https:\/\/schema.org","@graph":[{"@type":"WebPage","@id":"https:\/\/petelulu.com\/product\/bamboo-viscose-long-sleeve-romper\/","url":"https:\/\/petelulu.com\/product\/bamboo-viscose-long-sleeve-romper\/","name":"Pagliaccetto a maniche lunghe in viscosa di bamb\u00f9 personalizzato - petelulu","isPartOf":{"@id":"https:\/\/petelulu.com\/#website"},"primaryImageOfPage":{"@id":"https:\/\/petelulu.com\/product\/bamboo-viscose-long-sleeve-romper\/#primaryimage"},"image":{"@id":"https:\/\/petelulu.com\/product\/bamboo-viscose-long-sleeve-romper\/#primaryimage"},"thumbnailUrl":"https:\/\/petelulu.com\/wp-content\/uploads\/2025\/02\/519\u4e3b\u56fe1.jpg","datePublished":"2025-02-28T08:39:53+00:00","dateModified":"2025-08-13T03:43:12+00:00","description":"Pagliaccetto a maniche lunghe in viscosa di bamb\u00f9. Design unico, spedizione globale e servizi OEM&amp;ODM. Richiedete un preventivo per le vostre esigenze di abbigliamento per bambini!","breadcrumb":{"@id":"https:\/\/petelulu.com\/product\/bamboo-viscose-long-sleeve-romper\/#breadcrumb"},"inLanguage":"it-IT","potentialAction":[{"@type":"ReadAction","target":["https:\/\/petelulu.com\/product\/bamboo-viscose-long-sleeve-romper\/"]}]},{"@type":"ImageObject","inLanguage":"it-IT","@id":"https:\/\/petelulu.com\/product\/bamboo-viscose-long-sleeve-romper\/#primaryimage","url":"https:\/\/petelulu.com\/wp-content\/uploads\/2025\/02\/519\u4e3b\u56fe1.jpg","contentUrl":"https:\/\/petelulu.com\/wp-content\/uploads\/2025\/02\/519\u4e3b\u56fe1.jpg","width":2000,"height":2000},{"@type":"BreadcrumbList","@id":"https:\/\/petelulu.com\/product\/bamboo-viscose-long-sleeve-romper\/#breadcrumb","itemListElement":[{"@type":"ListItem","position":1,"name":"\u9996\u9875","item":"https:\/\/petelulu.com\/"},{"@type":"ListItem","position":2,"name":"PRODUCT GALLERY","item":"https:\/\/petelulu.com\/product-gallery\/"},{"@type":"ListItem","position":3,"name":"Custom Bamboo Viscose Long-Sleeve Romper"}]},{"@type":"WebSite","@id":"https:\/\/petelulu.com\/#website","url":"https:\/\/petelulu.com\/","name":"PETElulu","description":"","potentialAction":[{"@type":"SearchAction","target":{"@type":"EntryPoint","urlTemplate":"https:\/\/petelulu.com\/?s={search_term_string}"},"query-input":{"@type":"PropertyValueSpecification","valueRequired":true,"valueName":"search_term_string"}}],"inLanguage":"it-IT"}]}},"builder_content":"","_links":{"self":[{"href":"https:\/\/petelulu.com\/it\/wp-json\/wp\/v2\/product\/701","targetHints":{"allow":["GET"]}}],"collection":[{"href":"https:\/\/petelulu.com\/it\/wp-json\/wp\/v2\/product"}],"about":[{"href":"https:\/\/petelulu.com\/it\/wp-json\/wp\/v2\/types\/product"}],"wp:featuredmedia":[{"embeddable":true,"href":"https:\/\/petelulu.com\/it\/wp-json\/wp\/v2\/media\/703"}],"wp:attachment":[{"href":"https:\/\/petelulu.com\/it\/wp-json\/wp\/v2\/media?parent=701"}],"wp:term":[{"taxonomy":"product_brand","embeddable":true,"href":"https:\/\/petelulu.com\/it\/wp-json\/wp\/v2\/product_brand?post=701"},{"taxonomy":"product_cat","embeddable":true,"href":"https:\/\/petelulu.com\/it\/wp-json\/wp\/v2\/product_cat?post=701"},{"taxonomy":"product_tag","embeddable":true,"href":"https:\/\/petelulu.com\/it\/wp-json\/wp\/v2\/product_tag?post=701"}],"curies":[{"name":"wp","href":"https:\/\/api.w.org\/{rel}","templated":true}]}}