{"id":4698,"date":"2025-06-26T23:25:19","date_gmt":"2025-06-27T03:25:19","guid":{"rendered":"https:\/\/petelulu.com\/product\/organic-cotton-baby-jumpsuit-copy\/"},"modified":"2026-03-05T12:45:34","modified_gmt":"2026-03-05T04:45:34","slug":"organic-cotton-baby-romper-10","status":"publish","type":"product","link":"https:\/\/petelulu.com\/it\/prodotto\/organic-cotton-baby-romper-10\/","title":{"rendered":"Tutina per neonato in cotone organico personalizzata"},"content":{"rendered":"<h2>Informazioni su questo prodotto<\/h2>\n<ol>\n<li><strong>100% Cotone organico<\/strong>: Realizzata in cotone biologico 100% di prima qualit\u00e0, la tutina per neonati assicura un tocco morbido e ipoallergenico sulla pelle delicata del bambino, garantendo comfort e tranquillit\u00e0 per tutto il giorno.<\/li>\n<li><strong>Design con bottoni a pressione<\/strong>: Progettato pensando alla praticit\u00e0, i bottoni a pressione strategicamente posizionati rendono il cambio del pannolino rapido e senza problemi, assicurando che voi e il vostro bambino passiate meno tempo ad agitarsi con i vestiti e pi\u00f9 tempo a godervi i preziosi momenti insieme.<\/li>\n<li><strong>Stile semplice e tinta unita<\/strong>: Abbracciate la semplicit\u00e0 con le nostre tutine da bambino in tinta unita, che offrono un look senza tempo che non passa mai di moda. Perfette per essere indossate tutti i giorni o come parte essenziale del guardaroba del vostro bambino.<\/li>\n<li>\n<p data-spm-anchor-id=\"5176.28103460.0.i8.40f7451enAKIF4\"><strong>Adatto per bambini da 0 a 18 mesi<\/strong>: Il nostro pagliaccetto \u00e8 stato appositamente progettato per adattarsi ai bambini dal neonato fino ai 18 mesi di et\u00e0 e rappresenta la scelta ideale per i genitori che cercano sia il comfort che la funzionalit\u00e0 durante questa importante fase di sviluppo.<\/p>\n<\/li>\n<li>\n<p data-spm-anchor-id=\"5176.28103460.0.i6.40f7451enAKIF4\"><strong>Tessuto di facile manutenzione<\/strong>: Il cotone biologico di alta qualit\u00e0 utilizzato per le nostre tutine non solo \u00e8 delicato sulla pelle del bambino, ma \u00e8 anche facile da curare. Lavabile in lavatrice e resistente, mantiene la sua forma e il suo colore lavaggio dopo lavaggio, garantendo un valore e un utilizzo duraturi.<\/p>\n<\/li>\n<\/ol>","protected":false},"excerpt":{"rendered":"<p>Prezzo unitario: US $5.9-8.9 \/ pezzo<br \/>\nQuantit\u00e0 di ordine minimo: 300 pezzi\/ Dimensione<br \/>\nMateriale: 80% cotone\/20% poliestere<br \/>\nEt\u00e0: 12-18M\/18-24M<br \/>\nMateriali applicabili: Bamb\u00f9\/cotone organico\/cotone puro\/rayon modale\/mussola di bamb\u00f9<br \/>\nSupply Ability: 100,000 Piece\/Pieces per Month<br \/>\nPorto: Guangzhou, Cina<br \/>\nTermini di pagamento: T\/T<br \/>\nCampione: accettare un campione personalizzato<br \/>\nLogo: Logo personalizzato<br \/>\nConsegna: 25-35 giorni lavorativi<br \/>\nOEM E ODM<\/p>\n<p><a href=\"https:\/\/petelulu.com\/it\/#category\">Per saperne di pi\u00f9<\/a><\/p>\n<div class=\"wpforms-container wpforms-container-full wpforms-render-modern\" id=\"wpforms-2878\"><form id=\"wpforms-form-2878\" class=\"wpforms-validate wpforms-form wpforms-ajax-form\" data-formid=\"2878\" method=\"post\" enctype=\"multipart\/form-data\" action=\"\/it\/wp-json\/wp\/v2\/product\/4698\" data-token=\"e1a57099e00604c239ff9b2b39f1b9e0\" data-token-time=\"1776191252\" data-trp-original-action=\"\/it\/wp-json\/wp\/v2\/product\/4698\"><noscript class=\"wpforms-error-noscript\">Abilita JavaScript nel browser per completare questo modulo.<\/noscript><div class=\"wpforms-hidden\" id=\"wpforms-error-noscript\">Abilita JavaScript nel browser per completare questo modulo.<\/div><div class=\"wpforms-field-container\"><div id=\"wpforms-2878-field_2-container\" class=\"wpforms-field wpforms-field-name\" data-field-id=\"2\"><label class=\"wpforms-field-label\" for=\"wpforms-2878-field_2\">Nome <span class=\"wpforms-required-label\" aria-hidden=\"true\">*<\/span><\/label><input type=\"text\" id=\"wpforms-2878-field_2\" class=\"wpforms-field-medium wpforms-field-required\" name=\"wpforms[fields][2]\" aria-errormessage=\"wpforms-2878-field_2-error\" required><\/div><div id=\"wpforms-2878-field_5-container\" class=\"wpforms-field wpforms-field-email\" data-field-id=\"5\"><label class=\"wpforms-field-label\" for=\"wpforms-2878-field_5\">Email <span class=\"wpforms-required-label\" aria-hidden=\"true\">*<\/span><\/label><input type=\"email\" id=\"wpforms-2878-field_5\" class=\"wpforms-field-medium wpforms-field-required\" name=\"wpforms[fields][5]\" spellcheck=\"false\" aria-errormessage=\"wpforms-2878-field_5-error\" required><\/div><div id=\"wpforms-2878-field_3-container\" class=\"wpforms-field wpforms-field-textarea\" data-field-id=\"3\"><label class=\"wpforms-field-label\" for=\"wpforms-2878-field_3\">Richiesta <span class=\"wpforms-required-label\" aria-hidden=\"true\">*<\/span><\/label><textarea id=\"wpforms-2878-field_3\" class=\"wpforms-field-medium wpforms-field-required\" name=\"wpforms[fields][3]\" aria-errormessage=\"wpforms-2878-field_3-error\" aria-describedby=\"wpforms-2878-field_3-description\" required><\/textarea><div id=\"wpforms-2878-field_3-description\" class=\"wpforms-field-description\">Comunicateci le vostre esigenze e il numero di WhatsApp e il nostro rappresentante vi contatter\u00e0.<\/div><\/div><\/div><!-- .wpforms-field-container --><div class=\"wpforms-submit-container\" ><input type=\"hidden\" name=\"wpforms[id]\" value=\"2878\"><input type=\"hidden\" name=\"page_title\" value=\"\"><input type=\"hidden\" name=\"page_url\" value=\"https:\/\/petelulu.com\/it\/wp-json\/wp\/v2\/product\/4698\"><input type=\"hidden\" name=\"url_referer\" value=\"\"><button type=\"submit\" name=\"wpforms[submit]\" id=\"wpforms-submit-2878\" class=\"wpforms-submit\" data-alt-text=\"Sending...\" data-submit-text=\"Submit\" aria-live=\"assertive\" value=\"wpforms-submit\">Invia<\/button><img loading=\"lazy\" decoding=\"async\" src=\"https:\/\/petelulu.com\/wp-content\/plugins\/wpforms-lite\/assets\/images\/submit-spin.svg\" class=\"wpforms-submit-spinner\" style=\"display: none;\" width=\"26\" height=\"26\" alt=\"Caricamento\"><\/div><input type=\"hidden\" name=\"trp-form-language\" value=\"it\"\/><\/form><\/div>  <!-- .wpforms-container -->\n<p>&nbsp;<\/p>","protected":false},"featured_media":5996,"template":"","meta":[],"product_brand":[],"product_cat":[41],"product_tag":[80,101,110,97],"class_list":{"0":"post-4698","1":"product","2":"type-product","3":"status-publish","4":"has-post-thumbnail","6":"product_cat-rompers","7":"product_tag-baby","8":"product_tag-fabrics","9":"product_tag-hello-summer","10":"product_tag-organic-cotton","11":"has-post-title","12":"has-post-date","13":"has-post-category","14":"has-post-tag","15":"has-post-comment","16":"has-post-author","17":"","19":"first","20":"instock","21":"shipping-taxable","22":"product-type-simple"},"yoast_head":"<!-- This site is optimized with the Yoast SEO Premium plugin v24.5 (Yoast SEO v25.6) - https:\/\/yoast.com\/wordpress\/plugins\/seo\/ -->\n<title>Custom Organic Cotton Baby Jumpsuit - petelulu<\/title>\n<meta name=\"description\" content=\"Organic Cotton Baby Romper | Custom Designs, Fast Shipping Worldwide. Competitive Pricing for Retailers. Get Quote &amp; Enquire Now!\" \/>\n<meta name=\"robots\" content=\"index, follow, max-snippet:-1, max-image-preview:large, max-video-preview:-1\" \/>\n<link rel=\"canonical\" href=\"https:\/\/petelulu.com\/it\/prodotto\/organic-cotton-baby-romper-10\/\" \/>\n<meta property=\"og:locale\" content=\"it_IT\" \/>\n<meta property=\"og:type\" content=\"article\" \/>\n<meta property=\"og:title\" content=\"Custom Organic Cotton Baby Jumpsuit\" \/>\n<meta property=\"og:description\" content=\"Organic Cotton Baby Romper | Custom Designs, Fast Shipping Worldwide. Competitive Pricing for Retailers. Get Quote &amp; Enquire Now!\" \/>\n<meta property=\"og:url\" content=\"https:\/\/petelulu.com\/it\/prodotto\/organic-cotton-baby-romper-10\/\" \/>\n<meta property=\"og:site_name\" content=\"petelulu\" \/>\n<meta property=\"article:modified_time\" content=\"2026-03-05T04:45:34+00:00\" \/>\n<meta property=\"og:image\" content=\"https:\/\/petelulu.com\/wp-content\/uploads\/2025\/06\/Custom-Organic-Cotton-Baby-Jumpsuit.avif\" \/>\n\t<meta property=\"og:image:width\" content=\"2000\" \/>\n\t<meta property=\"og:image:height\" content=\"2000\" \/>\n\t<meta property=\"og:image:type\" content=\"image\/jpeg\" \/>\n<meta name=\"twitter:card\" content=\"summary_large_image\" \/>\n<meta name=\"twitter:label1\" content=\"Tempo di lettura stimato\" \/>\n\t<meta name=\"twitter:data1\" content=\"2 minuti\" \/>\n<script type=\"application\/ld+json\" class=\"yoast-schema-graph\">{\"@context\":\"https:\/\/schema.org\",\"@graph\":[{\"@type\":\"WebPage\",\"@id\":\"https:\/\/petelulu.com\/product\/organic-cotton-baby-romper-10\/\",\"url\":\"https:\/\/petelulu.com\/product\/organic-cotton-baby-romper-10\/\",\"name\":\"Custom Organic Cotton Baby Jumpsuit - petelulu\",\"isPartOf\":{\"@id\":\"https:\/\/petelulu.com\/#website\"},\"primaryImageOfPage\":{\"@id\":\"https:\/\/petelulu.com\/product\/organic-cotton-baby-romper-10\/#primaryimage\"},\"image\":{\"@id\":\"https:\/\/petelulu.com\/product\/organic-cotton-baby-romper-10\/#primaryimage\"},\"thumbnailUrl\":\"https:\/\/petelulu.com\/wp-content\/uploads\/2025\/06\/Custom-Organic-Cotton-Baby-Jumpsuit.avif\",\"datePublished\":\"2025-06-27T03:25:19+00:00\",\"dateModified\":\"2026-03-05T04:45:34+00:00\",\"description\":\"Organic Cotton Baby Romper | Custom Designs, Fast Shipping Worldwide. Competitive Pricing for Retailers. Get Quote & Enquire Now!\",\"breadcrumb\":{\"@id\":\"https:\/\/petelulu.com\/product\/organic-cotton-baby-romper-10\/#breadcrumb\"},\"inLanguage\":\"it-IT\",\"potentialAction\":[{\"@type\":\"ReadAction\",\"target\":[\"https:\/\/petelulu.com\/product\/organic-cotton-baby-romper-10\/\"]}]},{\"@type\":\"ImageObject\",\"inLanguage\":\"it-IT\",\"@id\":\"https:\/\/petelulu.com\/product\/organic-cotton-baby-romper-10\/#primaryimage\",\"url\":\"https:\/\/petelulu.com\/wp-content\/uploads\/2025\/06\/Custom-Organic-Cotton-Baby-Jumpsuit.avif\",\"contentUrl\":\"https:\/\/petelulu.com\/wp-content\/uploads\/2025\/06\/Custom-Organic-Cotton-Baby-Jumpsuit.avif\",\"width\":2000,\"height\":2000,\"caption\":\"Custom Organic Cotton Baby Jumpsuit\"},{\"@type\":\"BreadcrumbList\",\"@id\":\"https:\/\/petelulu.com\/product\/organic-cotton-baby-romper-10\/#breadcrumb\",\"itemListElement\":[{\"@type\":\"ListItem\",\"position\":1,\"name\":\"\u9996\u9875\",\"item\":\"https:\/\/petelulu.com\/\"},{\"@type\":\"ListItem\",\"position\":2,\"name\":\"PRODUCT GALLERY\",\"item\":\"https:\/\/petelulu.com\/product-gallery\/\"},{\"@type\":\"ListItem\",\"position\":3,\"name\":\"Custom Organic Cotton Baby Jumpsuit\"}]},{\"@type\":\"WebSite\",\"@id\":\"https:\/\/petelulu.com\/#website\",\"url\":\"https:\/\/petelulu.com\/\",\"name\":\"PETElulu\",\"description\":\"\",\"potentialAction\":[{\"@type\":\"SearchAction\",\"target\":{\"@type\":\"EntryPoint\",\"urlTemplate\":\"https:\/\/petelulu.com\/?s={search_term_string}\"},\"query-input\":{\"@type\":\"PropertyValueSpecification\",\"valueRequired\":true,\"valueName\":\"search_term_string\"}}],\"inLanguage\":\"it-IT\"}]}<\/script>\n<!-- \/ Yoast SEO Premium plugin. -->","yoast_head_json":{"title":"Tutina per neonato in cotone organico personalizzata - petelulu","description":"Pagliaccetto per neonati in cotone biologico | Disegni personalizzati, Spedizione veloce in tutto il mondo. Prezzi competitivi per i rivenditori. Richiedete un preventivo e informatevi ora!","robots":{"index":"index","follow":"follow","max-snippet":"max-snippet:-1","max-image-preview":"max-image-preview:large","max-video-preview":"max-video-preview:-1"},"canonical":"https:\/\/petelulu.com\/it\/prodotto\/organic-cotton-baby-romper-10\/","og_locale":"it_IT","og_type":"article","og_title":"Custom Organic Cotton Baby Jumpsuit","og_description":"Organic Cotton Baby Romper | Custom Designs, Fast Shipping Worldwide. Competitive Pricing for Retailers. Get Quote & Enquire Now!","og_url":"https:\/\/petelulu.com\/it\/prodotto\/organic-cotton-baby-romper-10\/","og_site_name":"petelulu","article_modified_time":"2026-03-05T04:45:34+00:00","og_image":[{"width":2000,"height":2000,"url":"https:\/\/petelulu.com\/wp-content\/uploads\/2025\/06\/Custom-Organic-Cotton-Baby-Jumpsuit.avif","type":"image\/jpeg"}],"twitter_card":"summary_large_image","twitter_misc":{"Tempo di lettura stimato":"2 minuti"},"schema":{"@context":"https:\/\/schema.org","@graph":[{"@type":"WebPage","@id":"https:\/\/petelulu.com\/product\/organic-cotton-baby-romper-10\/","url":"https:\/\/petelulu.com\/product\/organic-cotton-baby-romper-10\/","name":"Tutina per neonato in cotone organico personalizzata - petelulu","isPartOf":{"@id":"https:\/\/petelulu.com\/#website"},"primaryImageOfPage":{"@id":"https:\/\/petelulu.com\/product\/organic-cotton-baby-romper-10\/#primaryimage"},"image":{"@id":"https:\/\/petelulu.com\/product\/organic-cotton-baby-romper-10\/#primaryimage"},"thumbnailUrl":"https:\/\/petelulu.com\/wp-content\/uploads\/2025\/06\/Custom-Organic-Cotton-Baby-Jumpsuit.avif","datePublished":"2025-06-27T03:25:19+00:00","dateModified":"2026-03-05T04:45:34+00:00","description":"Pagliaccetto per neonati in cotone biologico | Disegni personalizzati, Spedizione veloce in tutto il mondo. Prezzi competitivi per i rivenditori. Richiedete un preventivo e informatevi ora!","breadcrumb":{"@id":"https:\/\/petelulu.com\/product\/organic-cotton-baby-romper-10\/#breadcrumb"},"inLanguage":"it-IT","potentialAction":[{"@type":"ReadAction","target":["https:\/\/petelulu.com\/product\/organic-cotton-baby-romper-10\/"]}]},{"@type":"ImageObject","inLanguage":"it-IT","@id":"https:\/\/petelulu.com\/product\/organic-cotton-baby-romper-10\/#primaryimage","url":"https:\/\/petelulu.com\/wp-content\/uploads\/2025\/06\/Custom-Organic-Cotton-Baby-Jumpsuit.avif","contentUrl":"https:\/\/petelulu.com\/wp-content\/uploads\/2025\/06\/Custom-Organic-Cotton-Baby-Jumpsuit.avif","width":2000,"height":2000,"caption":"Custom Organic Cotton Baby Jumpsuit"},{"@type":"BreadcrumbList","@id":"https:\/\/petelulu.com\/product\/organic-cotton-baby-romper-10\/#breadcrumb","itemListElement":[{"@type":"ListItem","position":1,"name":"\u9996\u9875","item":"https:\/\/petelulu.com\/"},{"@type":"ListItem","position":2,"name":"PRODUCT GALLERY","item":"https:\/\/petelulu.com\/product-gallery\/"},{"@type":"ListItem","position":3,"name":"Custom Organic Cotton Baby Jumpsuit"}]},{"@type":"WebSite","@id":"https:\/\/petelulu.com\/#website","url":"https:\/\/petelulu.com\/","name":"PETElulu","description":"","potentialAction":[{"@type":"SearchAction","target":{"@type":"EntryPoint","urlTemplate":"https:\/\/petelulu.com\/?s={search_term_string}"},"query-input":{"@type":"PropertyValueSpecification","valueRequired":true,"valueName":"search_term_string"}}],"inLanguage":"it-IT"}]}},"builder_content":"","_links":{"self":[{"href":"https:\/\/petelulu.com\/it\/wp-json\/wp\/v2\/product\/4698","targetHints":{"allow":["GET"]}}],"collection":[{"href":"https:\/\/petelulu.com\/it\/wp-json\/wp\/v2\/product"}],"about":[{"href":"https:\/\/petelulu.com\/it\/wp-json\/wp\/v2\/types\/product"}],"wp:featuredmedia":[{"embeddable":true,"href":"https:\/\/petelulu.com\/it\/wp-json\/wp\/v2\/media\/5996"}],"wp:attachment":[{"href":"https:\/\/petelulu.com\/it\/wp-json\/wp\/v2\/media?parent=4698"}],"wp:term":[{"taxonomy":"product_brand","embeddable":true,"href":"https:\/\/petelulu.com\/it\/wp-json\/wp\/v2\/product_brand?post=4698"},{"taxonomy":"product_cat","embeddable":true,"href":"https:\/\/petelulu.com\/it\/wp-json\/wp\/v2\/product_cat?post=4698"},{"taxonomy":"product_tag","embeddable":true,"href":"https:\/\/petelulu.com\/it\/wp-json\/wp\/v2\/product_tag?post=4698"}],"curies":[{"name":"wp","href":"https:\/\/api.w.org\/{rel}","templated":true}]}}