{"id":4533,"date":"2025-06-17T23:26:11","date_gmt":"2025-06-18T03:26:11","guid":{"rendered":"https:\/\/petelulu.com\/product\/toddler-unisex-biker-legging-shorts-copy\/"},"modified":"2026-03-05T12:48:20","modified_gmt":"2026-03-05T04:48:20","slug":"pantaloncini-legging-unisex-da-motociclista","status":"publish","type":"product","link":"https:\/\/petelulu.com\/it\/prodotto\/pantaloncini-legging-unisex-da-motociclista\/","title":{"rendered":"Pantaloncini unisex biker personalizzati"},"content":{"rendered":"<ul class=\"\">\n<li>Design elegante: I nostri Toddler Unisex Biker Legging Shorts offrono uno stile preppy perfetto per i bambini, ideale per i genitori che, come voi, vogliono che il loro bambino sia alla moda e comodo. Il motivo leopardato aggiunge un tocco di raffinatezza al design complessivo.<\/li>\n<li>Confortevoli e resistenti: Realizzati con una miscela di spandex e bamb\u00f9, questi pantaloncini non solo sono traspiranti e ad asciugatura rapida, ma anche antipiega e antistatici. In questo modo il bambino rimane comodo per tutto il giorno.<\/li>\n<li>Caratteristiche versatili: Questo prodotto \u00e8 stato progettato per essere sia un pantaloncino che un pantalone, rendendolo perfetto per una variet\u00e0 di occasioni. La sua caratteristica di impermeabilit\u00e0 lo rende adatto anche alle attivit\u00e0 all'aperto, per la massima tranquillit\u00e0 dei genitori.<\/li>\n<li>Sostenibile ed ecologico: l'uso del tessuto di bamb\u00f9 nei nostri pantaloncini biker unisex Toddler li rende una scelta sostenibile ed ecologica per i genitori che hanno a cuore l'ambiente.<\/li>\n<li data-spm-anchor-id=\"a2700.details.0.i78.6f0f7744nBhqut\">Facile da ordinare: Con un MOQ di 160 pezzi, \u00e8 possibile ordinare all'ingrosso e farsi consegnare il prodotto entro 7 giorni, il che lo rende un'opzione conveniente per le aziende e i privati che desiderano rifornirsi di questi pantaloncini alla moda.<\/li>\n<\/ul>","protected":false},"excerpt":{"rendered":"<p>Prezzo unitario: US $3.99-5.28\/ Pezzo<br \/>\nQuantit\u00e0 di ordine minimo: 300 pezzi\/ Dimensione<br \/>\nMateriale: Spandex \/ Bamb\u00f9<br \/>\nAge: Newborn\/0-3M\/3-6M\/6-9M\/9-12M\/12-18M\/18-24M<br \/>\nMateriali applicabili: Bamb\u00f9\/cotone organico\/cotone puro\/rayon modale\/mussola di bamb\u00f9<br \/>\nSupply Ability: 100,000 Piece\/Pieces per Month<br \/>\nPorto: Guangzhou, Cina<br \/>\nTermini di pagamento: T\/T<br \/>\nCampione: accettare un campione personalizzato<br \/>\nLogo: Logo personalizzato<br \/>\nConsegna: 25-35 giorni lavorativi<br \/>\nOEM E ODM<\/p>\n<p><a href=\"https:\/\/petelulu.com\/it\/#category\">Per saperne di pi\u00f9<\/a><\/p>\n<div class=\"wpforms-container wpforms-container-full wpforms-render-modern\" id=\"wpforms-2878\"><form id=\"wpforms-form-2878\" class=\"wpforms-validate wpforms-form wpforms-ajax-form\" data-formid=\"2878\" method=\"post\" enctype=\"multipart\/form-data\" action=\"\/it\/wp-json\/wp\/v2\/product\/4533\" data-token=\"fde75f8eaf6d8cf056c5b40a4fa6d54f\" data-token-time=\"1777170960\" data-trp-original-action=\"\/it\/wp-json\/wp\/v2\/product\/4533\"><noscript class=\"wpforms-error-noscript\">Abilita JavaScript nel browser per completare questo modulo.<\/noscript><div class=\"wpforms-hidden\" id=\"wpforms-error-noscript\">Abilita JavaScript nel browser per completare questo modulo.<\/div><div class=\"wpforms-field-container\"><div id=\"wpforms-2878-field_2-container\" class=\"wpforms-field wpforms-field-name\" data-field-id=\"2\"><label class=\"wpforms-field-label\" for=\"wpforms-2878-field_2\">Nome <span class=\"wpforms-required-label\" aria-hidden=\"true\">*<\/span><\/label><input type=\"text\" id=\"wpforms-2878-field_2\" class=\"wpforms-field-medium wpforms-field-required\" name=\"wpforms[fields][2]\" aria-errormessage=\"wpforms-2878-field_2-error\" required><\/div><div id=\"wpforms-2878-field_5-container\" class=\"wpforms-field wpforms-field-email\" data-field-id=\"5\"><label class=\"wpforms-field-label\" for=\"wpforms-2878-field_5\">Email <span class=\"wpforms-required-label\" aria-hidden=\"true\">*<\/span><\/label><input type=\"email\" id=\"wpforms-2878-field_5\" class=\"wpforms-field-medium wpforms-field-required\" name=\"wpforms[fields][5]\" spellcheck=\"false\" aria-errormessage=\"wpforms-2878-field_5-error\" required><\/div><div id=\"wpforms-2878-field_3-container\" class=\"wpforms-field wpforms-field-textarea\" data-field-id=\"3\"><label class=\"wpforms-field-label\" for=\"wpforms-2878-field_3\">Richiesta <span class=\"wpforms-required-label\" aria-hidden=\"true\">*<\/span><\/label><textarea id=\"wpforms-2878-field_3\" class=\"wpforms-field-medium wpforms-field-required\" name=\"wpforms[fields][3]\" aria-errormessage=\"wpforms-2878-field_3-error\" aria-describedby=\"wpforms-2878-field_3-description\" required><\/textarea><div id=\"wpforms-2878-field_3-description\" class=\"wpforms-field-description\">Comunicateci le vostre esigenze e il numero di WhatsApp e il nostro rappresentante vi contatter\u00e0.<\/div><\/div><\/div><!-- .wpforms-field-container --><div class=\"wpforms-submit-container\" ><input type=\"hidden\" name=\"wpforms[id]\" value=\"2878\"><input type=\"hidden\" name=\"page_title\" value=\"\"><input type=\"hidden\" name=\"page_url\" value=\"https:\/\/petelulu.com\/it\/wp-json\/wp\/v2\/product\/4533\"><input type=\"hidden\" name=\"url_referer\" value=\"\"><button type=\"submit\" name=\"wpforms[submit]\" id=\"wpforms-submit-2878\" class=\"wpforms-submit\" data-alt-text=\"Sending...\" data-submit-text=\"Submit\" aria-live=\"assertive\" value=\"wpforms-submit\">Invia<\/button><img loading=\"lazy\" decoding=\"async\" src=\"https:\/\/petelulu.com\/wp-content\/plugins\/wpforms-lite\/assets\/images\/submit-spin.svg\" class=\"wpforms-submit-spinner\" style=\"display: none;\" width=\"26\" height=\"26\" alt=\"Caricamento\"><\/div><input type=\"hidden\" name=\"trp-form-language\" value=\"it\"\/><\/form><\/div>  <!-- .wpforms-container -->\n<p>&nbsp;<\/p>","protected":false},"featured_media":4536,"template":"","meta":[],"product_brand":[],"product_cat":[77],"product_tag":[80,98,102,99,82,97,100,81],"class_list":{"0":"post-4533","1":"product","2":"type-product","3":"status-publish","4":"has-post-thumbnail","6":"product_cat-panties","7":"product_tag-baby","8":"product_tag-bamboo-fiber","9":"product_tag-category","10":"product_tag-french-terry","11":"product_tag-kid","12":"product_tag-organic-cotton","13":"product_tag-tencel","14":"product_tag-toddler","15":"has-post-title","16":"has-post-date","17":"has-post-category","18":"has-post-tag","19":"has-post-comment","20":"has-post-author","21":"","23":"first","24":"instock","25":"shipping-taxable","26":"product-type-simple"},"yoast_head":"<!-- This site is optimized with the Yoast SEO Premium plugin v24.5 (Yoast SEO v25.6) - https:\/\/yoast.com\/wordpress\/plugins\/seo\/ -->\n<title>Custom Unisex Biker Legging Shorts - petelulu<\/title>\n<meta name=\"description\" content=\"OEM &amp; ODM Service Baby Bamboo Fiber Collection Manufacture, Toddler Unisex Biker Legging Shorts\" \/>\n<meta name=\"robots\" content=\"index, follow, max-snippet:-1, max-image-preview:large, max-video-preview:-1\" \/>\n<link rel=\"canonical\" href=\"https:\/\/petelulu.com\/it\/prodotto\/pantaloncini-legging-unisex-da-motociclista\/\" \/>\n<meta property=\"og:locale\" content=\"it_IT\" \/>\n<meta property=\"og:type\" content=\"article\" \/>\n<meta property=\"og:title\" content=\"Custom Unisex Biker Legging Shorts\" \/>\n<meta property=\"og:description\" content=\"OEM &amp; ODM Service Baby Bamboo Fiber Collection Manufacture, Toddler Unisex Biker Legging Shorts\" \/>\n<meta property=\"og:url\" content=\"https:\/\/petelulu.com\/it\/prodotto\/pantaloncini-legging-unisex-da-motociclista\/\" \/>\n<meta property=\"og:site_name\" content=\"petelulu\" \/>\n<meta property=\"article:modified_time\" content=\"2026-03-05T04:48:20+00:00\" \/>\n<meta property=\"og:image\" content=\"https:\/\/petelulu.com\/wp-content\/uploads\/2025\/06\/X24102413-\u4e3b\u56fe-1.avif\" \/>\n\t<meta property=\"og:image:width\" content=\"2000\" \/>\n\t<meta property=\"og:image:height\" content=\"2000\" \/>\n\t<meta property=\"og:image:type\" content=\"image\/jpeg\" \/>\n<meta name=\"twitter:card\" content=\"summary_large_image\" \/>\n<meta name=\"twitter:label1\" content=\"Tempo di lettura stimato\" \/>\n\t<meta name=\"twitter:data1\" content=\"2 minuti\" \/>\n<script type=\"application\/ld+json\" class=\"yoast-schema-graph\">{\"@context\":\"https:\/\/schema.org\",\"@graph\":[{\"@type\":\"WebPage\",\"@id\":\"https:\/\/petelulu.com\/product\/unisex-biker-legging-shorts\/\",\"url\":\"https:\/\/petelulu.com\/product\/unisex-biker-legging-shorts\/\",\"name\":\"Custom Unisex Biker Legging Shorts - petelulu\",\"isPartOf\":{\"@id\":\"https:\/\/petelulu.com\/#website\"},\"primaryImageOfPage\":{\"@id\":\"https:\/\/petelulu.com\/product\/unisex-biker-legging-shorts\/#primaryimage\"},\"image\":{\"@id\":\"https:\/\/petelulu.com\/product\/unisex-biker-legging-shorts\/#primaryimage\"},\"thumbnailUrl\":\"https:\/\/petelulu.com\/wp-content\/uploads\/2025\/06\/X24102413-\u4e3b\u56fe-1.avif\",\"datePublished\":\"2025-06-18T03:26:11+00:00\",\"dateModified\":\"2026-03-05T04:48:20+00:00\",\"description\":\"OEM & ODM Service Baby Bamboo Fiber Collection Manufacture, Toddler Unisex Biker Legging Shorts\",\"breadcrumb\":{\"@id\":\"https:\/\/petelulu.com\/product\/unisex-biker-legging-shorts\/#breadcrumb\"},\"inLanguage\":\"it-IT\",\"potentialAction\":[{\"@type\":\"ReadAction\",\"target\":[\"https:\/\/petelulu.com\/product\/unisex-biker-legging-shorts\/\"]}]},{\"@type\":\"ImageObject\",\"inLanguage\":\"it-IT\",\"@id\":\"https:\/\/petelulu.com\/product\/unisex-biker-legging-shorts\/#primaryimage\",\"url\":\"https:\/\/petelulu.com\/wp-content\/uploads\/2025\/06\/X24102413-\u4e3b\u56fe-1.avif\",\"contentUrl\":\"https:\/\/petelulu.com\/wp-content\/uploads\/2025\/06\/X24102413-\u4e3b\u56fe-1.avif\",\"width\":2000,\"height\":2000},{\"@type\":\"BreadcrumbList\",\"@id\":\"https:\/\/petelulu.com\/product\/unisex-biker-legging-shorts\/#breadcrumb\",\"itemListElement\":[{\"@type\":\"ListItem\",\"position\":1,\"name\":\"\u9996\u9875\",\"item\":\"https:\/\/petelulu.com\/\"},{\"@type\":\"ListItem\",\"position\":2,\"name\":\"PRODUCT GALLERY\",\"item\":\"https:\/\/petelulu.com\/product-gallery\/\"},{\"@type\":\"ListItem\",\"position\":3,\"name\":\"Custom Unisex Biker Legging Shorts\"}]},{\"@type\":\"WebSite\",\"@id\":\"https:\/\/petelulu.com\/#website\",\"url\":\"https:\/\/petelulu.com\/\",\"name\":\"PETElulu\",\"description\":\"\",\"potentialAction\":[{\"@type\":\"SearchAction\",\"target\":{\"@type\":\"EntryPoint\",\"urlTemplate\":\"https:\/\/petelulu.com\/?s={search_term_string}\"},\"query-input\":{\"@type\":\"PropertyValueSpecification\",\"valueRequired\":true,\"valueName\":\"search_term_string\"}}],\"inLanguage\":\"it-IT\"}]}<\/script>\n<!-- \/ Yoast SEO Premium plugin. -->","yoast_head_json":{"title":"Pantaloncini unisex biker personalizzati - petelulu","description":"OEM &amp; ODM servizio Baby Bamboo Fiber Collection produzione, Toddler Unisex Biker Legging Shorts","robots":{"index":"index","follow":"follow","max-snippet":"max-snippet:-1","max-image-preview":"max-image-preview:large","max-video-preview":"max-video-preview:-1"},"canonical":"https:\/\/petelulu.com\/it\/prodotto\/pantaloncini-legging-unisex-da-motociclista\/","og_locale":"it_IT","og_type":"article","og_title":"Custom Unisex Biker Legging Shorts","og_description":"OEM & ODM Service Baby Bamboo Fiber Collection Manufacture, Toddler Unisex Biker Legging Shorts","og_url":"https:\/\/petelulu.com\/it\/prodotto\/pantaloncini-legging-unisex-da-motociclista\/","og_site_name":"petelulu","article_modified_time":"2026-03-05T04:48:20+00:00","og_image":[{"width":2000,"height":2000,"url":"https:\/\/petelulu.com\/wp-content\/uploads\/2025\/06\/X24102413-\u4e3b\u56fe-1.avif","type":"image\/jpeg"}],"twitter_card":"summary_large_image","twitter_misc":{"Tempo di lettura stimato":"2 minuti"},"schema":{"@context":"https:\/\/schema.org","@graph":[{"@type":"WebPage","@id":"https:\/\/petelulu.com\/product\/unisex-biker-legging-shorts\/","url":"https:\/\/petelulu.com\/product\/unisex-biker-legging-shorts\/","name":"Pantaloncini unisex biker personalizzati - petelulu","isPartOf":{"@id":"https:\/\/petelulu.com\/#website"},"primaryImageOfPage":{"@id":"https:\/\/petelulu.com\/product\/unisex-biker-legging-shorts\/#primaryimage"},"image":{"@id":"https:\/\/petelulu.com\/product\/unisex-biker-legging-shorts\/#primaryimage"},"thumbnailUrl":"https:\/\/petelulu.com\/wp-content\/uploads\/2025\/06\/X24102413-\u4e3b\u56fe-1.avif","datePublished":"2025-06-18T03:26:11+00:00","dateModified":"2026-03-05T04:48:20+00:00","description":"OEM &amp; ODM servizio Baby Bamboo Fiber Collection produzione, Toddler Unisex Biker Legging Shorts","breadcrumb":{"@id":"https:\/\/petelulu.com\/product\/unisex-biker-legging-shorts\/#breadcrumb"},"inLanguage":"it-IT","potentialAction":[{"@type":"ReadAction","target":["https:\/\/petelulu.com\/product\/unisex-biker-legging-shorts\/"]}]},{"@type":"ImageObject","inLanguage":"it-IT","@id":"https:\/\/petelulu.com\/product\/unisex-biker-legging-shorts\/#primaryimage","url":"https:\/\/petelulu.com\/wp-content\/uploads\/2025\/06\/X24102413-\u4e3b\u56fe-1.avif","contentUrl":"https:\/\/petelulu.com\/wp-content\/uploads\/2025\/06\/X24102413-\u4e3b\u56fe-1.avif","width":2000,"height":2000},{"@type":"BreadcrumbList","@id":"https:\/\/petelulu.com\/product\/unisex-biker-legging-shorts\/#breadcrumb","itemListElement":[{"@type":"ListItem","position":1,"name":"\u9996\u9875","item":"https:\/\/petelulu.com\/"},{"@type":"ListItem","position":2,"name":"PRODUCT GALLERY","item":"https:\/\/petelulu.com\/product-gallery\/"},{"@type":"ListItem","position":3,"name":"Custom Unisex Biker Legging Shorts"}]},{"@type":"WebSite","@id":"https:\/\/petelulu.com\/#website","url":"https:\/\/petelulu.com\/","name":"PETElulu","description":"","potentialAction":[{"@type":"SearchAction","target":{"@type":"EntryPoint","urlTemplate":"https:\/\/petelulu.com\/?s={search_term_string}"},"query-input":{"@type":"PropertyValueSpecification","valueRequired":true,"valueName":"search_term_string"}}],"inLanguage":"it-IT"}]}},"builder_content":"","_links":{"self":[{"href":"https:\/\/petelulu.com\/it\/wp-json\/wp\/v2\/product\/4533","targetHints":{"allow":["GET"]}}],"collection":[{"href":"https:\/\/petelulu.com\/it\/wp-json\/wp\/v2\/product"}],"about":[{"href":"https:\/\/petelulu.com\/it\/wp-json\/wp\/v2\/types\/product"}],"wp:featuredmedia":[{"embeddable":true,"href":"https:\/\/petelulu.com\/it\/wp-json\/wp\/v2\/media\/4536"}],"wp:attachment":[{"href":"https:\/\/petelulu.com\/it\/wp-json\/wp\/v2\/media?parent=4533"}],"wp:term":[{"taxonomy":"product_brand","embeddable":true,"href":"https:\/\/petelulu.com\/it\/wp-json\/wp\/v2\/product_brand?post=4533"},{"taxonomy":"product_cat","embeddable":true,"href":"https:\/\/petelulu.com\/it\/wp-json\/wp\/v2\/product_cat?post=4533"},{"taxonomy":"product_tag","embeddable":true,"href":"https:\/\/petelulu.com\/it\/wp-json\/wp\/v2\/product_tag?post=4533"}],"curies":[{"name":"wp","href":"https:\/\/api.w.org\/{rel}","templated":true}]}}