{"id":2032,"date":"2025-03-20T02:59:50","date_gmt":"2025-03-20T02:59:50","guid":{"rendered":"https:\/\/petelulu.com\/?post_type=product&#038;p=2032"},"modified":"2025-08-12T23:10:00","modified_gmt":"2025-08-13T03:10:00","slug":"felpa-girocollo-con-logo-personalizzato-abbinata-alla-famiglia","status":"publish","type":"product","link":"https:\/\/petelulu.com\/it\/prodotto\/felpa-girocollo-con-logo-personalizzato-abbinata-alla-famiglia\/","title":{"rendered":"Maglia girocollo abbinata alla famiglia con logo personalizzato"},"content":{"rendered":"<div id=\"sellingpoint\" class=\"header\">\n<h2>Informazioni su questo prodotto<\/h2>\n<\/div>\n<ul class=\"\">\n<li>Personalizzabile per tutta la famiglia: Questo prodotto consente di creare un set di famiglia coordinato con colori, dimensioni e disegni personalizzabili, che lo rendono perfetto per qualsiasi riunione di famiglia o occasione speciale, come richiesto da un genitore che desidera abbinare gli abiti.<\/li>\n<li>Realizzate con materiali di alta qualit\u00e0: Le nostre felpe sono realizzate in cotone 100%, che garantisce traspirabilit\u00e0, asciugatura rapida e propriet\u00e0 anti-pilling, offrendo comfort a bambini e adulti.<\/li>\n<li>Sostenibile ed ecocompatibile: questo prodotto \u00e8 stato progettato all'insegna della sostenibilit\u00e0, utilizzando materiali e metodi di produzione ecocompatibili, per soddisfare i clienti che danno priorit\u00e0 all'ecocompatibilit\u00e0.<\/li>\n<li>Durevole e di lunga durata: Grazie a caratteristiche come l'anti-restringimento e l'anti-pilling, le nostre felpe possono resistere a ripetuti lavaggi e all'usura, diventando cos\u00ec un ottimo investimento per le famiglie che apprezzano la qualit\u00e0.<\/li>\n<li data-spm-anchor-id=\"a2700.details.0.i84.65962190pVm7Xj\">Tempi di consegna rapidi: offriamo un tempo di consegna degli ordini di campioni di 7 giorni, assicurando che i clienti possano ricevere tempestivamente i loro ordini personalizzati, come richiesto da un cliente che ha bisogno di una consegna rapida.<\/li>\n<\/ul>","protected":false},"excerpt":{"rendered":"<p>Prezzo unitario: US $6.5-10.5\/ Pezzo<br \/>\nQuantit\u00e0 di ordine minimo: 300 pezzi\/ Dimensione<br \/>\nMateriale: Cotone 100%<br \/>\nAge: 0-3M\/3-6M\/6-9M\/9-12M\/12-18M\/18-24M\/2T-3T-4T<br \/>\nMateriali applicabili: Bamb\u00f9\/Cotone organico\/Puro cotone\/French Terry\/Mussola di bamb\u00f9<br \/>\nCapacit\u00e0 di fornitura: 10.000 pezzi al mese<br \/>\nPorto: Guangzhou, Cina<br \/>\nTermini di pagamento: T\/T<br \/>\nCampione: accettare un campione personalizzato<br \/>\nLogo: Logo personalizzato<br \/>\nConsegna: 25-35 giorni lavorativi<br \/>\nOEM E ODM<\/p>\n<p><a href=\"https:\/\/petelulu.com\/it\/#category\">Per saperne di pi\u00f9<\/a><\/p>\n<style id=\"wpforms-css-vars-2878\">\n\t\t\t\t#wpforms-2878 {\n\t\t\t\t\n\t\t\t}\n\t\t\t<\/style><div class=\"wpforms-container wpforms-container-full wpforms-render-modern\" id=\"wpforms-2878\"><form id=\"wpforms-form-2878\" class=\"wpforms-validate wpforms-form wpforms-ajax-form\" data-formid=\"2878\" method=\"post\" enctype=\"multipart\/form-data\" action=\"\/it\/wp-json\/wp\/v2\/product\/2032\" data-token=\"b79dd9625ab0b69633b989f5360852c4\" data-token-time=\"1778030386\" data-trp-original-action=\"\/it\/wp-json\/wp\/v2\/product\/2032\"><noscript class=\"wpforms-error-noscript\">Abilita JavaScript nel browser per completare questo modulo.<\/noscript><div id=\"wpforms-error-noscript\" style=\"display: none;\">Abilita JavaScript nel browser per completare questo modulo.<\/div><div class=\"wpforms-field-container\"><div id=\"wpforms-2878-field_2-container\" class=\"wpforms-field wpforms-field-name\" data-field-id=\"2\"><label class=\"wpforms-field-label\" for=\"wpforms-2878-field_2\">Nome <span class=\"wpforms-required-label\" aria-hidden=\"true\">*<\/span><\/label><input type=\"text\" id=\"wpforms-2878-field_2\" class=\"wpforms-field-medium wpforms-field-required\" name=\"wpforms[fields][2]\" aria-errormessage=\"wpforms-2878-field_2-error\" required><\/div><div id=\"wpforms-2878-field_5-container\" class=\"wpforms-field wpforms-field-email\" data-field-id=\"5\"><label class=\"wpforms-field-label\" for=\"wpforms-2878-field_5\">Email <span class=\"wpforms-required-label\" aria-hidden=\"true\">*<\/span><\/label><input type=\"email\" id=\"wpforms-2878-field_5\" class=\"wpforms-field-medium wpforms-field-required\" name=\"wpforms[fields][5]\" spellcheck=\"false\" aria-errormessage=\"wpforms-2878-field_5-error\" required><\/div>\t\t<div id=\"wpforms-2878-field_1-container\"\n\t\t\tclass=\"wpforms-field wpforms-field-text\"\n\t\t\tdata-field-type=\"text\"\n\t\t\tdata-field-id=\"1\"\n\t\t\t>\n\t\t\t<label class=\"wpforms-field-label\" for=\"wpforms-2878-field_1\" >Richiesta nome e-mail<\/label>\n\t\t\t<input type=\"text\" id=\"wpforms-2878-field_1\" class=\"wpforms-field-medium\" name=\"wpforms[fields][1]\" >\n\t\t<\/div>\n\t\t<div id=\"wpforms-2878-field_3-container\" class=\"wpforms-field wpforms-field-textarea\" data-field-id=\"3\"><label class=\"wpforms-field-label\" for=\"wpforms-2878-field_3\">Richiesta <span class=\"wpforms-required-label\" aria-hidden=\"true\">*<\/span><\/label><textarea id=\"wpforms-2878-field_3\" class=\"wpforms-field-medium wpforms-field-required\" name=\"wpforms[fields][3]\" aria-errormessage=\"wpforms-2878-field_3-error\" aria-describedby=\"wpforms-2878-field_3-description\" required><\/textarea><div id=\"wpforms-2878-field_3-description\" class=\"wpforms-field-description\">Comunicateci le vostre esigenze e il numero di WhatsApp e il nostro rappresentante vi contatter\u00e0.<\/div><\/div><script>\n\t\t\t\t( function() {\n\t\t\t\t\tconst style = document.createElement( 'style' );\n\t\t\t\t\tstyle.appendChild( document.createTextNode( '#wpforms-2878-field_1-container { position: absolute !important; overflow: hidden !important; display: inline !important; height: 1px !important; width: 1px !important; z-index: -1000 !important; padding: 0 !important; } #wpforms-2878-field_1-container input { visibility: hidden; } #wpforms-conversational-form-page #wpforms-2878-field_1-container label { counter-increment: none; }' ) );\n\t\t\t\t\tdocument.head.appendChild( style );\n\t\t\t\t\tdocument.currentScript?.remove();\n\t\t\t\t} )();\n\t\t\t<\/script><\/div><!-- .wpforms-field-container --><div class=\"wpforms-submit-container\" ><input type=\"hidden\" name=\"wpforms[id]\" value=\"2878\"><input type=\"hidden\" name=\"page_title\" value=\"\"><input type=\"hidden\" name=\"page_url\" value=\"https:\/\/petelulu.com\/it\/wp-json\/wp\/v2\/product\/2032\"><input type=\"hidden\" name=\"url_referer\" value=\"\"><button type=\"submit\" name=\"wpforms[submit]\" id=\"wpforms-submit-2878\" class=\"wpforms-submit\" data-alt-text=\"Sending...\" data-submit-text=\"Submit\" aria-live=\"assertive\" value=\"wpforms-submit\">Invia<\/button><img loading=\"lazy\" decoding=\"async\" src=\"https:\/\/petelulu.com\/wp-content\/plugins\/wpforms-lite\/assets\/images\/submit-spin.svg\" class=\"wpforms-submit-spinner\" style=\"display: none;\" width=\"26\" height=\"26\" alt=\"Caricamento\"><\/div><input type=\"hidden\" name=\"trp-form-language\" value=\"it\"\/><\/form><\/div>  <!-- .wpforms-container -->\n<p>&nbsp;<\/p>","protected":false},"featured_media":2036,"template":"","meta":[],"product_brand":[],"product_cat":[76,78],"product_tag":[82,81],"class_list":{"0":"post-2032","1":"product","2":"type-product","3":"status-publish","4":"has-post-thumbnail","6":"product_cat-sweatshirt","7":"product_cat-family-matching-clothes","8":"product_tag-kid","9":"product_tag-toddler","10":"has-post-title","11":"has-post-date","12":"has-post-category","13":"has-post-tag","14":"has-post-comment","15":"has-post-author","16":"","18":"first","19":"instock","20":"shipping-taxable","21":"product-type-simple"},"yoast_head":"<!-- This site is optimized with the Yoast SEO Premium plugin v24.5 (Yoast SEO v25.6) - https:\/\/yoast.com\/wordpress\/plugins\/seo\/ -->\n<title>Custom Logo Family Matching Crewneck Jumper - petelulu<\/title>\n<meta name=\"description\" content=\"B2B Baby Clothing | Custom Logo Family Matching Crewneck Sweatshirt. Competitive Pricing, Quick Ship. Global Delivery for Retailers\/Wholesale.\" \/>\n<meta name=\"robots\" content=\"index, follow, max-snippet:-1, max-image-preview:large, max-video-preview:-1\" \/>\n<link rel=\"canonical\" href=\"https:\/\/petelulu.com\/it\/prodotto\/felpa-girocollo-con-logo-personalizzato-abbinata-alla-famiglia\/\" \/>\n<meta property=\"og:locale\" content=\"it_IT\" \/>\n<meta property=\"og:type\" content=\"article\" \/>\n<meta property=\"og:title\" content=\"Custom Logo Family Matching Crewneck Jumper\" \/>\n<meta property=\"og:description\" content=\"B2B Baby Clothing | Custom Logo Family Matching Crewneck Sweatshirt. Competitive Pricing, Quick Ship. Global Delivery for Retailers\/Wholesale.\" \/>\n<meta property=\"og:url\" content=\"https:\/\/petelulu.com\/it\/prodotto\/felpa-girocollo-con-logo-personalizzato-abbinata-alla-famiglia\/\" \/>\n<meta property=\"og:site_name\" content=\"petelulu\" \/>\n<meta property=\"article:modified_time\" content=\"2025-08-13T03:10:00+00:00\" \/>\n<meta property=\"og:image\" content=\"https:\/\/petelulu.com\/wp-content\/uploads\/2025\/03\/\u4e3b\u56fe_002-14.jpg\" \/>\n\t<meta property=\"og:image:width\" content=\"1200\" \/>\n\t<meta property=\"og:image:height\" content=\"1200\" \/>\n\t<meta property=\"og:image:type\" content=\"image\/jpeg\" \/>\n<meta name=\"twitter:card\" content=\"summary_large_image\" \/>\n<meta name=\"twitter:label1\" content=\"Tempo di lettura stimato\" \/>\n\t<meta name=\"twitter:data1\" content=\"1 minuto\" \/>\n<script type=\"application\/ld+json\" class=\"yoast-schema-graph\">{\"@context\":\"https:\/\/schema.org\",\"@graph\":[{\"@type\":\"WebPage\",\"@id\":\"https:\/\/petelulu.com\/product\/custom-logo-family-matching-crewneck-sweatshirt\/\",\"url\":\"https:\/\/petelulu.com\/product\/custom-logo-family-matching-crewneck-sweatshirt\/\",\"name\":\"Custom Logo Family Matching Crewneck Jumper - petelulu\",\"isPartOf\":{\"@id\":\"https:\/\/petelulu.com\/#website\"},\"primaryImageOfPage\":{\"@id\":\"https:\/\/petelulu.com\/product\/custom-logo-family-matching-crewneck-sweatshirt\/#primaryimage\"},\"image\":{\"@id\":\"https:\/\/petelulu.com\/product\/custom-logo-family-matching-crewneck-sweatshirt\/#primaryimage\"},\"thumbnailUrl\":\"https:\/\/petelulu.com\/wp-content\/uploads\/2025\/03\/\u4e3b\u56fe_002-14.jpg\",\"datePublished\":\"2025-03-20T02:59:50+00:00\",\"dateModified\":\"2025-08-13T03:10:00+00:00\",\"description\":\"B2B Baby Clothing | Custom Logo Family Matching Crewneck Sweatshirt. Competitive Pricing, Quick Ship. Global Delivery for Retailers\/Wholesale.\",\"breadcrumb\":{\"@id\":\"https:\/\/petelulu.com\/product\/custom-logo-family-matching-crewneck-sweatshirt\/#breadcrumb\"},\"inLanguage\":\"it-IT\",\"potentialAction\":[{\"@type\":\"ReadAction\",\"target\":[\"https:\/\/petelulu.com\/product\/custom-logo-family-matching-crewneck-sweatshirt\/\"]}]},{\"@type\":\"ImageObject\",\"inLanguage\":\"it-IT\",\"@id\":\"https:\/\/petelulu.com\/product\/custom-logo-family-matching-crewneck-sweatshirt\/#primaryimage\",\"url\":\"https:\/\/petelulu.com\/wp-content\/uploads\/2025\/03\/\u4e3b\u56fe_002-14.jpg\",\"contentUrl\":\"https:\/\/petelulu.com\/wp-content\/uploads\/2025\/03\/\u4e3b\u56fe_002-14.jpg\",\"width\":1200,\"height\":1200,\"caption\":\"Custom Logo Family Matching Crewneck Sweatshirt\"},{\"@type\":\"BreadcrumbList\",\"@id\":\"https:\/\/petelulu.com\/product\/custom-logo-family-matching-crewneck-sweatshirt\/#breadcrumb\",\"itemListElement\":[{\"@type\":\"ListItem\",\"position\":1,\"name\":\"\u9996\u9875\",\"item\":\"https:\/\/petelulu.com\/\"},{\"@type\":\"ListItem\",\"position\":2,\"name\":\"PRODUCT GALLERY\",\"item\":\"https:\/\/petelulu.com\/product-gallery\/\"},{\"@type\":\"ListItem\",\"position\":3,\"name\":\"Custom Logo Family Matching Crewneck Jumper\"}]},{\"@type\":\"WebSite\",\"@id\":\"https:\/\/petelulu.com\/#website\",\"url\":\"https:\/\/petelulu.com\/\",\"name\":\"PETElulu\",\"description\":\"\",\"potentialAction\":[{\"@type\":\"SearchAction\",\"target\":{\"@type\":\"EntryPoint\",\"urlTemplate\":\"https:\/\/petelulu.com\/?s={search_term_string}\"},\"query-input\":{\"@type\":\"PropertyValueSpecification\",\"valueRequired\":true,\"valueName\":\"search_term_string\"}}],\"inLanguage\":\"it-IT\"}]}<\/script>\n<!-- \/ Yoast SEO Premium plugin. -->","yoast_head_json":{"title":"Maglia girocollo abbinata alla famiglia con logo personalizzato - petelulu","description":"B2B Baby Clothing | Felpa girocollo abbinata alla famiglia con logo personalizzato. Prezzi competitivi, spedizione rapida. Consegna globale per rivenditori\/grossisti.","robots":{"index":"index","follow":"follow","max-snippet":"max-snippet:-1","max-image-preview":"max-image-preview:large","max-video-preview":"max-video-preview:-1"},"canonical":"https:\/\/petelulu.com\/it\/prodotto\/felpa-girocollo-con-logo-personalizzato-abbinata-alla-famiglia\/","og_locale":"it_IT","og_type":"article","og_title":"Custom Logo Family Matching Crewneck Jumper","og_description":"B2B Baby Clothing | Custom Logo Family Matching Crewneck Sweatshirt. Competitive Pricing, Quick Ship. Global Delivery for Retailers\/Wholesale.","og_url":"https:\/\/petelulu.com\/it\/prodotto\/felpa-girocollo-con-logo-personalizzato-abbinata-alla-famiglia\/","og_site_name":"petelulu","article_modified_time":"2025-08-13T03:10:00+00:00","og_image":[{"width":1200,"height":1200,"url":"https:\/\/petelulu.com\/wp-content\/uploads\/2025\/03\/\u4e3b\u56fe_002-14.jpg","type":"image\/jpeg"}],"twitter_card":"summary_large_image","twitter_misc":{"Tempo di lettura stimato":"1 minuto"},"schema":{"@context":"https:\/\/schema.org","@graph":[{"@type":"WebPage","@id":"https:\/\/petelulu.com\/product\/custom-logo-family-matching-crewneck-sweatshirt\/","url":"https:\/\/petelulu.com\/product\/custom-logo-family-matching-crewneck-sweatshirt\/","name":"Maglia girocollo abbinata alla famiglia con logo personalizzato - petelulu","isPartOf":{"@id":"https:\/\/petelulu.com\/#website"},"primaryImageOfPage":{"@id":"https:\/\/petelulu.com\/product\/custom-logo-family-matching-crewneck-sweatshirt\/#primaryimage"},"image":{"@id":"https:\/\/petelulu.com\/product\/custom-logo-family-matching-crewneck-sweatshirt\/#primaryimage"},"thumbnailUrl":"https:\/\/petelulu.com\/wp-content\/uploads\/2025\/03\/\u4e3b\u56fe_002-14.jpg","datePublished":"2025-03-20T02:59:50+00:00","dateModified":"2025-08-13T03:10:00+00:00","description":"B2B Baby Clothing | Felpa girocollo abbinata alla famiglia con logo personalizzato. Prezzi competitivi, spedizione rapida. Consegna globale per rivenditori\/grossisti.","breadcrumb":{"@id":"https:\/\/petelulu.com\/product\/custom-logo-family-matching-crewneck-sweatshirt\/#breadcrumb"},"inLanguage":"it-IT","potentialAction":[{"@type":"ReadAction","target":["https:\/\/petelulu.com\/product\/custom-logo-family-matching-crewneck-sweatshirt\/"]}]},{"@type":"ImageObject","inLanguage":"it-IT","@id":"https:\/\/petelulu.com\/product\/custom-logo-family-matching-crewneck-sweatshirt\/#primaryimage","url":"https:\/\/petelulu.com\/wp-content\/uploads\/2025\/03\/\u4e3b\u56fe_002-14.jpg","contentUrl":"https:\/\/petelulu.com\/wp-content\/uploads\/2025\/03\/\u4e3b\u56fe_002-14.jpg","width":1200,"height":1200,"caption":"Custom Logo Family Matching Crewneck Sweatshirt"},{"@type":"BreadcrumbList","@id":"https:\/\/petelulu.com\/product\/custom-logo-family-matching-crewneck-sweatshirt\/#breadcrumb","itemListElement":[{"@type":"ListItem","position":1,"name":"\u9996\u9875","item":"https:\/\/petelulu.com\/"},{"@type":"ListItem","position":2,"name":"PRODUCT GALLERY","item":"https:\/\/petelulu.com\/product-gallery\/"},{"@type":"ListItem","position":3,"name":"Custom Logo Family Matching Crewneck Jumper"}]},{"@type":"WebSite","@id":"https:\/\/petelulu.com\/#website","url":"https:\/\/petelulu.com\/","name":"PETElulu","description":"","potentialAction":[{"@type":"SearchAction","target":{"@type":"EntryPoint","urlTemplate":"https:\/\/petelulu.com\/?s={search_term_string}"},"query-input":{"@type":"PropertyValueSpecification","valueRequired":true,"valueName":"search_term_string"}}],"inLanguage":"it-IT"}]}},"builder_content":"","_links":{"self":[{"href":"https:\/\/petelulu.com\/it\/wp-json\/wp\/v2\/product\/2032","targetHints":{"allow":["GET"]}}],"collection":[{"href":"https:\/\/petelulu.com\/it\/wp-json\/wp\/v2\/product"}],"about":[{"href":"https:\/\/petelulu.com\/it\/wp-json\/wp\/v2\/types\/product"}],"wp:featuredmedia":[{"embeddable":true,"href":"https:\/\/petelulu.com\/it\/wp-json\/wp\/v2\/media\/2036"}],"wp:attachment":[{"href":"https:\/\/petelulu.com\/it\/wp-json\/wp\/v2\/media?parent=2032"}],"wp:term":[{"taxonomy":"product_brand","embeddable":true,"href":"https:\/\/petelulu.com\/it\/wp-json\/wp\/v2\/product_brand?post=2032"},{"taxonomy":"product_cat","embeddable":true,"href":"https:\/\/petelulu.com\/it\/wp-json\/wp\/v2\/product_cat?post=2032"},{"taxonomy":"product_tag","embeddable":true,"href":"https:\/\/petelulu.com\/it\/wp-json\/wp\/v2\/product_tag?post=2032"}],"curies":[{"name":"wp","href":"https:\/\/api.w.org\/{rel}","templated":true}]}}