{"id":1167,"date":"2025-03-06T06:42:45","date_gmt":"2025-03-06T06:42:45","guid":{"rendered":"https:\/\/petelulu.com\/?post_type=product&#038;p=1167"},"modified":"2025-08-12T23:48:14","modified_gmt":"2025-08-13T03:48:14","slug":"sacco-a-pelo-per-bambini-con-motivo-a-quadri-di-bambu","status":"publish","type":"product","link":"https:\/\/petelulu.com\/it\/prodotto\/sacco-a-pelo-per-bambini-con-motivo-a-quadri-di-bambu\/","title":{"rendered":"Sacco a pelo personalizzato per bambini con motivo a quadri in viscosa di bamb\u00f9"},"content":{"rendered":"<div id=\"sellingpoint\" class=\"header\">\n<div id=\"sellingpoint\" class=\"header\">\n<div id=\"sellingpoint\" class=\"header\">\n<h2>Informazioni su questo prodotto<\/h2>\n<\/div>\n<ul class=\"\">\n<li>Tessuto morbido e traspirante: Il sacco nanna PETELULU Soft Baby \u00e8 caratterizzato da un comodo tessuto in fibra di bamb\u00f9 100%, che garantisce un sonno morbido e traspirante per il vostro bambino. Questo materiale ecologico \u00e8 perfetto per le calde notti estive.<\/li>\n<li>Sostenibile e antibatterico: Il nostro sacco a pelo per bambini \u00e8 stato progettato pensando alla sostenibilit\u00e0, utilizzando un tessuto di bamb\u00f9 che \u00e8 naturalmente antibatterico e resistente all'accumulo di odori. Questa caratteristica garantisce un ambiente pulito e sano per il sonno del vostro piccolo.<\/li>\n<li>Opzioni personalizzabili: Siamo lieti di poter personalizzare il sacco a pelo con il logo o il motivo che preferite. Questa caratteristica unica rende il nostro prodotto un regalo prezioso per amici e parenti con bambini.<\/li>\n<li>Versatile e confortevole: Il design senza maniche del nostro sacco nanna assicura che il bambino rimanga comodo e rilassato per tutta la notte. La chiusura a cerniera facilita l'ingresso e l'uscita, mentre l'opzione plus size si adatta ai bambini in crescita.<\/li>\n<li data-spm-anchor-id=\"a2700.details.0.i86.9c5c49c9yZr9kU\">Produzione e spedizione rapide: Offriamo un tempo di consegna dell'ordine campione di 7 giorni e il supporto per il servizio ODM\/OEM, garantendo la consegna tempestiva dei vostri ordini personalizzati. Questo efficiente processo di produzione vi consente di ottenere rapidamente i vostri sacchi a pelo personalizzati, con una quantit\u00e0 minima d'ordine di 360 pezzi.<\/li>\n<\/ul>\n<\/div>\n<\/div>","protected":false},"excerpt":{"rendered":"<p>Prezzo unitario: US $9.80-12.80 \/ pezzo<br \/>\nQuantit\u00e0 di ordine minimo: 300 pezzi\/ Dimensione<br \/>\nMaterial: 95%bamboo\/5%spendex<br \/>\nAge: 0-3M\/3-6M\/6-9M\/9-12M\/12-18M\/18-24M\/2T-3T-4T<br \/>\nMateriali applicabili: Bamb\u00f9\/Cotone organico\/Puro cotone\/French Terry\/Mussola di bamb\u00f9<br \/>\nCapacit\u00e0 di fornitura: 10.000 pezzi al mese<br \/>\nPorto: Guangzhou, Cina<br \/>\nTermini di pagamento: T\/T<br \/>\nCampione: accettare un campione personalizzato<br \/>\nLogo: Logo personalizzato<br \/>\nConsegna: 25-35 giorni lavorativi<br \/>\nOEM E ODM<\/p>\n<p><a href=\"https:\/\/petelulu.com\/it\/#category\">Per saperne di pi\u00f9<\/a><\/p>\n<div class=\"wpforms-container wpforms-container-full wpforms-render-modern\" id=\"wpforms-2878\"><form id=\"wpforms-form-2878\" class=\"wpforms-validate wpforms-form wpforms-ajax-form\" data-formid=\"2878\" method=\"post\" enctype=\"multipart\/form-data\" action=\"\/it\/wp-json\/wp\/v2\/product\/1167\" data-token=\"24cec927fdd7f36120187750fe5f9daa\" data-token-time=\"1776778359\" data-trp-original-action=\"\/it\/wp-json\/wp\/v2\/product\/1167\"><noscript class=\"wpforms-error-noscript\">Abilita JavaScript nel browser per completare questo modulo.<\/noscript><div class=\"wpforms-hidden\" id=\"wpforms-error-noscript\">Abilita JavaScript nel browser per completare questo modulo.<\/div><div class=\"wpforms-field-container\"><div id=\"wpforms-2878-field_2-container\" class=\"wpforms-field wpforms-field-name\" data-field-id=\"2\"><label class=\"wpforms-field-label\" for=\"wpforms-2878-field_2\">Nome <span class=\"wpforms-required-label\" aria-hidden=\"true\">*<\/span><\/label><input type=\"text\" id=\"wpforms-2878-field_2\" class=\"wpforms-field-medium wpforms-field-required\" name=\"wpforms[fields][2]\" aria-errormessage=\"wpforms-2878-field_2-error\" required><\/div><div id=\"wpforms-2878-field_5-container\" class=\"wpforms-field wpforms-field-email\" data-field-id=\"5\"><label class=\"wpforms-field-label\" for=\"wpforms-2878-field_5\">Email <span class=\"wpforms-required-label\" aria-hidden=\"true\">*<\/span><\/label><input type=\"email\" id=\"wpforms-2878-field_5\" class=\"wpforms-field-medium wpforms-field-required\" name=\"wpforms[fields][5]\" spellcheck=\"false\" aria-errormessage=\"wpforms-2878-field_5-error\" required><\/div><div id=\"wpforms-2878-field_3-container\" class=\"wpforms-field wpforms-field-textarea\" data-field-id=\"3\"><label class=\"wpforms-field-label\" for=\"wpforms-2878-field_3\">Richiesta <span class=\"wpforms-required-label\" aria-hidden=\"true\">*<\/span><\/label><textarea id=\"wpforms-2878-field_3\" class=\"wpforms-field-medium wpforms-field-required\" name=\"wpforms[fields][3]\" aria-errormessage=\"wpforms-2878-field_3-error\" aria-describedby=\"wpforms-2878-field_3-description\" required><\/textarea><div id=\"wpforms-2878-field_3-description\" class=\"wpforms-field-description\">Comunicateci le vostre esigenze e il numero di WhatsApp e il nostro rappresentante vi contatter\u00e0.<\/div><\/div><\/div><!-- .wpforms-field-container --><div class=\"wpforms-submit-container\" ><input type=\"hidden\" name=\"wpforms[id]\" value=\"2878\"><input type=\"hidden\" name=\"page_title\" value=\"\"><input type=\"hidden\" name=\"page_url\" value=\"https:\/\/petelulu.com\/it\/wp-json\/wp\/v2\/product\/1167\"><input type=\"hidden\" name=\"url_referer\" value=\"\"><button type=\"submit\" name=\"wpforms[submit]\" id=\"wpforms-submit-2878\" class=\"wpforms-submit\" data-alt-text=\"Sending...\" data-submit-text=\"Submit\" aria-live=\"assertive\" value=\"wpforms-submit\">Invia<\/button><img loading=\"lazy\" decoding=\"async\" src=\"https:\/\/petelulu.com\/wp-content\/plugins\/wpforms-lite\/assets\/images\/submit-spin.svg\" class=\"wpforms-submit-spinner\" style=\"display: none;\" width=\"26\" height=\"26\" alt=\"Caricamento\"><\/div><input type=\"hidden\" name=\"trp-form-language\" value=\"it\"\/><\/form><\/div>  <!-- .wpforms-container -->\n<p>&nbsp;<\/p>","protected":false},"featured_media":1172,"template":"","meta":[],"product_brand":[],"product_cat":[71],"product_tag":[80],"class_list":{"0":"post-1167","1":"product","2":"type-product","3":"status-publish","4":"has-post-thumbnail","6":"product_cat-sleeping-bags","7":"product_tag-baby","8":"has-post-title","9":"has-post-date","10":"has-post-category","11":"has-post-tag","12":"has-post-comment","13":"has-post-author","14":"","16":"first","17":"instock","18":"shipping-taxable","19":"product-type-simple"},"yoast_head":"<!-- This site is optimized with the Yoast SEO Premium plugin v24.5 (Yoast SEO v25.6) - https:\/\/yoast.com\/wordpress\/plugins\/seo\/ -->\n<title>Custom Bamboo Viscose Plaid Pattern Baby Sleeping Bag - petelulu<\/title>\n<meta name=\"description\" content=\"Petelulu offers unique Bamboo Plaid Pattern Baby Sleeping Bag with zipper closure &amp; foot space. Perfect for OEM\/ODM projects. Request a quote today!\" \/>\n<meta name=\"robots\" content=\"index, follow, max-snippet:-1, max-image-preview:large, max-video-preview:-1\" \/>\n<link rel=\"canonical\" href=\"https:\/\/petelulu.com\/it\/prodotto\/sacco-a-pelo-per-bambini-con-motivo-a-quadri-di-bambu\/\" \/>\n<meta property=\"og:locale\" content=\"it_IT\" \/>\n<meta property=\"og:type\" content=\"article\" \/>\n<meta property=\"og:title\" content=\"Custom Bamboo Viscose Plaid Pattern Baby Sleeping Bag\" \/>\n<meta property=\"og:description\" content=\"Petelulu offers unique Bamboo Plaid Pattern Baby Sleeping Bag with zipper closure &amp; foot space. Perfect for OEM\/ODM projects. Request a quote today!\" \/>\n<meta property=\"og:url\" content=\"https:\/\/petelulu.com\/it\/prodotto\/sacco-a-pelo-per-bambini-con-motivo-a-quadri-di-bambu\/\" \/>\n<meta property=\"og:site_name\" content=\"petelulu\" \/>\n<meta property=\"article:modified_time\" content=\"2025-08-13T03:48:14+00:00\" \/>\n<meta property=\"og:image\" content=\"https:\/\/petelulu.com\/wp-content\/uploads\/2025\/03\/\u4e3b\u56fe_001-3.jpg\" \/>\n\t<meta property=\"og:image:width\" content=\"1500\" \/>\n\t<meta property=\"og:image:height\" content=\"1500\" \/>\n\t<meta property=\"og:image:type\" content=\"image\/jpeg\" \/>\n<meta name=\"twitter:card\" content=\"summary_large_image\" \/>\n<meta name=\"twitter:label1\" content=\"Tempo di lettura stimato\" \/>\n\t<meta name=\"twitter:data1\" content=\"2 minuti\" \/>\n<script type=\"application\/ld+json\" class=\"yoast-schema-graph\">{\"@context\":\"https:\/\/schema.org\",\"@graph\":[{\"@type\":\"WebPage\",\"@id\":\"https:\/\/petelulu.com\/product\/bamboo-plaid-pattern-baby-sleeping-bag\/\",\"url\":\"https:\/\/petelulu.com\/product\/bamboo-plaid-pattern-baby-sleeping-bag\/\",\"name\":\"Custom Bamboo Viscose Plaid Pattern Baby Sleeping Bag - petelulu\",\"isPartOf\":{\"@id\":\"https:\/\/petelulu.com\/#website\"},\"primaryImageOfPage\":{\"@id\":\"https:\/\/petelulu.com\/product\/bamboo-plaid-pattern-baby-sleeping-bag\/#primaryimage\"},\"image\":{\"@id\":\"https:\/\/petelulu.com\/product\/bamboo-plaid-pattern-baby-sleeping-bag\/#primaryimage\"},\"thumbnailUrl\":\"https:\/\/petelulu.com\/wp-content\/uploads\/2025\/03\/\u4e3b\u56fe_001-3.jpg\",\"datePublished\":\"2025-03-06T06:42:45+00:00\",\"dateModified\":\"2025-08-13T03:48:14+00:00\",\"description\":\"Petelulu offers unique Bamboo Plaid Pattern Baby Sleeping Bag with zipper closure & foot space. Perfect for OEM\/ODM projects. Request a quote today!\",\"breadcrumb\":{\"@id\":\"https:\/\/petelulu.com\/product\/bamboo-plaid-pattern-baby-sleeping-bag\/#breadcrumb\"},\"inLanguage\":\"it-IT\",\"potentialAction\":[{\"@type\":\"ReadAction\",\"target\":[\"https:\/\/petelulu.com\/product\/bamboo-plaid-pattern-baby-sleeping-bag\/\"]}]},{\"@type\":\"ImageObject\",\"inLanguage\":\"it-IT\",\"@id\":\"https:\/\/petelulu.com\/product\/bamboo-plaid-pattern-baby-sleeping-bag\/#primaryimage\",\"url\":\"https:\/\/petelulu.com\/wp-content\/uploads\/2025\/03\/\u4e3b\u56fe_001-3.jpg\",\"contentUrl\":\"https:\/\/petelulu.com\/wp-content\/uploads\/2025\/03\/\u4e3b\u56fe_001-3.jpg\",\"width\":1500,\"height\":1500,\"caption\":\"Bamboo Plaid Pattern Baby Sleeping Bag\"},{\"@type\":\"BreadcrumbList\",\"@id\":\"https:\/\/petelulu.com\/product\/bamboo-plaid-pattern-baby-sleeping-bag\/#breadcrumb\",\"itemListElement\":[{\"@type\":\"ListItem\",\"position\":1,\"name\":\"\u9996\u9875\",\"item\":\"https:\/\/petelulu.com\/\"},{\"@type\":\"ListItem\",\"position\":2,\"name\":\"PRODUCT GALLERY\",\"item\":\"https:\/\/petelulu.com\/product-gallery\/\"},{\"@type\":\"ListItem\",\"position\":3,\"name\":\"Custom Bamboo Viscose Plaid Pattern Baby Sleeping Bag\"}]},{\"@type\":\"WebSite\",\"@id\":\"https:\/\/petelulu.com\/#website\",\"url\":\"https:\/\/petelulu.com\/\",\"name\":\"PETElulu\",\"description\":\"\",\"potentialAction\":[{\"@type\":\"SearchAction\",\"target\":{\"@type\":\"EntryPoint\",\"urlTemplate\":\"https:\/\/petelulu.com\/?s={search_term_string}\"},\"query-input\":{\"@type\":\"PropertyValueSpecification\",\"valueRequired\":true,\"valueName\":\"search_term_string\"}}],\"inLanguage\":\"it-IT\"}]}<\/script>\n<!-- \/ Yoast SEO Premium plugin. -->","yoast_head_json":{"title":"Sacco nanna personalizzato per bambini in viscosa di bamb\u00f9 con motivo a quadri - petelulu","description":"Petelulu offre un esclusivo sacco a pelo per bambini con motivo a quadri di bamb\u00f9, con chiusura a cerniera e spazio per i piedi. Perfetto per progetti OEM\/ODM. Richiedete un preventivo oggi stesso!","robots":{"index":"index","follow":"follow","max-snippet":"max-snippet:-1","max-image-preview":"max-image-preview:large","max-video-preview":"max-video-preview:-1"},"canonical":"https:\/\/petelulu.com\/it\/prodotto\/sacco-a-pelo-per-bambini-con-motivo-a-quadri-di-bambu\/","og_locale":"it_IT","og_type":"article","og_title":"Custom Bamboo Viscose Plaid Pattern Baby Sleeping Bag","og_description":"Petelulu offers unique Bamboo Plaid Pattern Baby Sleeping Bag with zipper closure & foot space. Perfect for OEM\/ODM projects. Request a quote today!","og_url":"https:\/\/petelulu.com\/it\/prodotto\/sacco-a-pelo-per-bambini-con-motivo-a-quadri-di-bambu\/","og_site_name":"petelulu","article_modified_time":"2025-08-13T03:48:14+00:00","og_image":[{"width":1500,"height":1500,"url":"https:\/\/petelulu.com\/wp-content\/uploads\/2025\/03\/\u4e3b\u56fe_001-3.jpg","type":"image\/jpeg"}],"twitter_card":"summary_large_image","twitter_misc":{"Tempo di lettura stimato":"2 minuti"},"schema":{"@context":"https:\/\/schema.org","@graph":[{"@type":"WebPage","@id":"https:\/\/petelulu.com\/product\/bamboo-plaid-pattern-baby-sleeping-bag\/","url":"https:\/\/petelulu.com\/product\/bamboo-plaid-pattern-baby-sleeping-bag\/","name":"Sacco nanna personalizzato per bambini in viscosa di bamb\u00f9 con motivo a quadri - petelulu","isPartOf":{"@id":"https:\/\/petelulu.com\/#website"},"primaryImageOfPage":{"@id":"https:\/\/petelulu.com\/product\/bamboo-plaid-pattern-baby-sleeping-bag\/#primaryimage"},"image":{"@id":"https:\/\/petelulu.com\/product\/bamboo-plaid-pattern-baby-sleeping-bag\/#primaryimage"},"thumbnailUrl":"https:\/\/petelulu.com\/wp-content\/uploads\/2025\/03\/\u4e3b\u56fe_001-3.jpg","datePublished":"2025-03-06T06:42:45+00:00","dateModified":"2025-08-13T03:48:14+00:00","description":"Petelulu offre un esclusivo sacco a pelo per bambini con motivo a quadri di bamb\u00f9, con chiusura a cerniera e spazio per i piedi. Perfetto per progetti OEM\/ODM. Richiedete un preventivo oggi stesso!","breadcrumb":{"@id":"https:\/\/petelulu.com\/product\/bamboo-plaid-pattern-baby-sleeping-bag\/#breadcrumb"},"inLanguage":"it-IT","potentialAction":[{"@type":"ReadAction","target":["https:\/\/petelulu.com\/product\/bamboo-plaid-pattern-baby-sleeping-bag\/"]}]},{"@type":"ImageObject","inLanguage":"it-IT","@id":"https:\/\/petelulu.com\/product\/bamboo-plaid-pattern-baby-sleeping-bag\/#primaryimage","url":"https:\/\/petelulu.com\/wp-content\/uploads\/2025\/03\/\u4e3b\u56fe_001-3.jpg","contentUrl":"https:\/\/petelulu.com\/wp-content\/uploads\/2025\/03\/\u4e3b\u56fe_001-3.jpg","width":1500,"height":1500,"caption":"Bamboo Plaid Pattern Baby Sleeping Bag"},{"@type":"BreadcrumbList","@id":"https:\/\/petelulu.com\/product\/bamboo-plaid-pattern-baby-sleeping-bag\/#breadcrumb","itemListElement":[{"@type":"ListItem","position":1,"name":"\u9996\u9875","item":"https:\/\/petelulu.com\/"},{"@type":"ListItem","position":2,"name":"PRODUCT GALLERY","item":"https:\/\/petelulu.com\/product-gallery\/"},{"@type":"ListItem","position":3,"name":"Custom Bamboo Viscose Plaid Pattern Baby Sleeping Bag"}]},{"@type":"WebSite","@id":"https:\/\/petelulu.com\/#website","url":"https:\/\/petelulu.com\/","name":"PETElulu","description":"","potentialAction":[{"@type":"SearchAction","target":{"@type":"EntryPoint","urlTemplate":"https:\/\/petelulu.com\/?s={search_term_string}"},"query-input":{"@type":"PropertyValueSpecification","valueRequired":true,"valueName":"search_term_string"}}],"inLanguage":"it-IT"}]}},"builder_content":"","_links":{"self":[{"href":"https:\/\/petelulu.com\/it\/wp-json\/wp\/v2\/product\/1167","targetHints":{"allow":["GET"]}}],"collection":[{"href":"https:\/\/petelulu.com\/it\/wp-json\/wp\/v2\/product"}],"about":[{"href":"https:\/\/petelulu.com\/it\/wp-json\/wp\/v2\/types\/product"}],"wp:featuredmedia":[{"embeddable":true,"href":"https:\/\/petelulu.com\/it\/wp-json\/wp\/v2\/media\/1172"}],"wp:attachment":[{"href":"https:\/\/petelulu.com\/it\/wp-json\/wp\/v2\/media?parent=1167"}],"wp:term":[{"taxonomy":"product_brand","embeddable":true,"href":"https:\/\/petelulu.com\/it\/wp-json\/wp\/v2\/product_brand?post=1167"},{"taxonomy":"product_cat","embeddable":true,"href":"https:\/\/petelulu.com\/it\/wp-json\/wp\/v2\/product_cat?post=1167"},{"taxonomy":"product_tag","embeddable":true,"href":"https:\/\/petelulu.com\/it\/wp-json\/wp\/v2\/product_tag?post=1167"}],"curies":[{"name":"wp","href":"https:\/\/api.w.org\/{rel}","templated":true}]}}