{"id":825,"date":"2025-03-01T02:28:10","date_gmt":"2025-03-01T02:28:10","guid":{"rendered":"https:\/\/petelulu.com\/?post_type=product&#038;p=825"},"modified":"2025-08-12T23:46:43","modified_gmt":"2025-08-13T03:46:43","slug":"grenouillere-courte-en-fibre-de-bambou-pour-bebe","status":"publish","type":"product","link":"https:\/\/petelulu.com\/fr_be\/produit\/grenouillere-courte-en-fibre-de-bambou-pour-bebe\/","title":{"rendered":"Robe courte pour b\u00e9b\u00e9 en fibre de viscose de bambou sur mesure"},"content":{"rendered":"<div id=\"sellingpoint\" class=\"header\">\n<div id=\"sellingpoint\" class=\"header\">\n<div id=\"sellingpoint\" class=\"header\">\n<div id=\"sellingpoint\" class=\"header\">\n<h2 data-spm-anchor-id=\"a2700.details.0.i83.354e1363PSSllW\">A propos de ce produit<\/h2>\n<\/div>\n<ul class=\"\">\n<li>Tissu confortable et respirant : Ce body pour b\u00e9b\u00e9 est fabriqu\u00e9 en tissu de bambou, ce qui permet \u00e0 votre enfant de porter un v\u00eatement confortable et respirant, parfait pour les chaudes journ\u00e9es d'\u00e9t\u00e9.<\/li>\n<li>Design personnalisable : Notre produit permet de personnaliser le logo, ce qui en fait un choix id\u00e9al pour les baby showers, les anniversaires ou toute autre occasion sp\u00e9ciale o\u00f9 un cadeau personnalis\u00e9 est souhait\u00e9.<\/li>\n<li>Polyvalente et adaptable : Adapt\u00e9e aux nourrissons et aux enfants en bas \u00e2ge (0-18 mois), cette grenouill\u00e8re unisexe est parfaite pour les gar\u00e7ons et les filles, r\u00e9pondant ainsi \u00e0 vos besoins quel que soit le sexe du b\u00e9b\u00e9.<\/li>\n<li>Facile \u00e0 mettre et \u00e0 enlever : la fermeture \u00e0 bouton-pression permet aux parents d'habiller et de d\u00e9shabiller facilement leur b\u00e9b\u00e9.<\/li>\n<li>Production et exp\u00e9dition rapides : Nous offrons un d\u00e9lai de 7 jours pour les commandes d'\u00e9chantillons et un soutien pour les services ODM et OEM, garantissant que vous recevrez votre body personnalis\u00e9 rapidement et efficacement.<\/li>\n<\/ul>\n<\/div>\n<\/div>\n<\/div>","protected":false},"excerpt":{"rendered":"<p>Prix unitaire : US $2.99-3.95\/ Pi\u00e8ce<br \/>\nQuantit\u00e9 de commande min : 300 pi\u00e8ces\/taille<br \/>\nMati\u00e8re : Spandex \/ Fibre de bambou<br \/>\nAge: Newborn\/0-3M\/3-6M\/6-9M\/9-12M\/12-18M\/18-24M<br \/>\nMat\u00e9riaux applicables : Bambou\/coton biologique\/coton pur\/rayonne modale\/mousseline de bambou<br \/>\nCapacit\u00e9 de production : 10 000 pi\u00e8ces par mois<br \/>\nPort : Guangzhou, Chine<br \/>\nConditions de paiement : T\/T<br \/>\nEchantillon\uff1aAccepter un \u00e9chantillon personnalis\u00e9<br \/>\nLogo : Logo personnalis\u00e9<br \/>\nLivraison : 25-35 jours ouvrables<br \/>\nOEM ET ODM<\/p>\n<p><a href=\"https:\/\/petelulu.com\/fr_be\/#category\">Voir plus<\/a><\/p>\n<div class=\"wpforms-container wpforms-container-full wpforms-render-modern\" id=\"wpforms-2878\"><form id=\"wpforms-form-2878\" class=\"wpforms-validate wpforms-form wpforms-ajax-form\" data-formid=\"2878\" method=\"post\" enctype=\"multipart\/form-data\" action=\"\/fr_be\/wp-json\/wp\/v2\/product\/825\" data-token=\"836a5486dd5c4dd2ff090a7336c3e910\" data-token-time=\"1777372467\" data-trp-original-action=\"\/fr_be\/wp-json\/wp\/v2\/product\/825\"><noscript class=\"wpforms-error-noscript\">Veuillez activer JavaScript dans votre navigateur pour remplir ce formulaire.<\/noscript><div class=\"wpforms-hidden\" id=\"wpforms-error-noscript\">Veuillez activer JavaScript dans votre navigateur pour remplir ce formulaire.<\/div><div class=\"wpforms-field-container\"><div id=\"wpforms-2878-field_2-container\" class=\"wpforms-field wpforms-field-name\" data-field-id=\"2\"><label class=\"wpforms-field-label\" for=\"wpforms-2878-field_2\">Nom <span class=\"wpforms-required-label\" aria-hidden=\"true\">*<\/span><\/label><input type=\"text\" id=\"wpforms-2878-field_2\" class=\"wpforms-field-medium wpforms-field-required\" name=\"wpforms[fields][2]\" aria-errormessage=\"wpforms-2878-field_2-error\" required><\/div><div id=\"wpforms-2878-field_5-container\" class=\"wpforms-field wpforms-field-email\" data-field-id=\"5\"><label class=\"wpforms-field-label\" for=\"wpforms-2878-field_5\">Courriel <span class=\"wpforms-required-label\" aria-hidden=\"true\">*<\/span><\/label><input type=\"email\" id=\"wpforms-2878-field_5\" class=\"wpforms-field-medium wpforms-field-required\" name=\"wpforms[fields][5]\" spellcheck=\"false\" aria-errormessage=\"wpforms-2878-field_5-error\" required><\/div><div id=\"wpforms-2878-field_3-container\" class=\"wpforms-field wpforms-field-textarea\" data-field-id=\"3\"><label class=\"wpforms-field-label\" for=\"wpforms-2878-field_3\">Demande <span class=\"wpforms-required-label\" aria-hidden=\"true\">*<\/span><\/label><textarea id=\"wpforms-2878-field_3\" class=\"wpforms-field-medium wpforms-field-required\" name=\"wpforms[fields][3]\" aria-errormessage=\"wpforms-2878-field_3-error\" aria-describedby=\"wpforms-2878-field_3-description\" required><\/textarea><div id=\"wpforms-2878-field_3-description\" class=\"wpforms-field-description\">Veuillez nous communiquer vos besoins et votre num\u00e9ro WhatsApp, et notre repr\u00e9sentant commercial vous contactera.<\/div><\/div><\/div><!-- .wpforms-field-container --><div class=\"wpforms-submit-container\" ><input type=\"hidden\" name=\"wpforms[id]\" value=\"2878\"><input type=\"hidden\" name=\"page_title\" value=\"\"><input type=\"hidden\" name=\"page_url\" value=\"https:\/\/petelulu.com\/fr_be\/wp-json\/wp\/v2\/product\/825\"><input type=\"hidden\" name=\"url_referer\" value=\"\"><button type=\"submit\" name=\"wpforms[submit]\" id=\"wpforms-submit-2878\" class=\"wpforms-submit\" data-alt-text=\"Sending...\" data-submit-text=\"Submit\" aria-live=\"assertive\" value=\"wpforms-submit\">Soumettre<\/button><img loading=\"lazy\" decoding=\"async\" src=\"https:\/\/petelulu.com\/wp-content\/plugins\/wpforms-lite\/assets\/images\/submit-spin.svg\" class=\"wpforms-submit-spinner\" style=\"display: none;\" width=\"26\" height=\"26\" alt=\"Chargement en cours\"><\/div><input type=\"hidden\" name=\"trp-form-language\" value=\"fr_be\"\/><\/form><\/div>  <!-- .wpforms-container -->","protected":false},"featured_media":827,"template":"","meta":[],"product_brand":[],"product_cat":[41],"product_tag":[80],"class_list":{"0":"post-825","1":"product","2":"type-product","3":"status-publish","4":"has-post-thumbnail","6":"product_cat-rompers","7":"product_tag-baby","8":"has-post-title","9":"has-post-date","10":"has-post-category","11":"has-post-tag","12":"has-post-comment","13":"has-post-author","14":"","16":"first","17":"instock","18":"shipping-taxable","19":"product-type-simple"},"yoast_head":"<!-- This site is optimized with the Yoast SEO Premium plugin v24.5 (Yoast SEO v25.6) - https:\/\/yoast.com\/wordpress\/plugins\/seo\/ -->\n<title>Custom Bamboo Viscose Fiber Short Infant Romper - petelulu<\/title>\n<meta name=\"description\" content=\"Custom Bamboo Viscose Fiber Baby Embroidered Footies. Unique designs, global shipping, and OEM&amp;ODM services. Request a quote for your baby clothing needs!\" \/>\n<meta name=\"robots\" content=\"index, follow, max-snippet:-1, max-image-preview:large, max-video-preview:-1\" \/>\n<link rel=\"canonical\" href=\"https:\/\/petelulu.com\/fr_be\/produit\/grenouillere-courte-en-fibre-de-bambou-pour-bebe\/\" \/>\n<meta property=\"og:locale\" content=\"fr_FR\" \/>\n<meta property=\"og:type\" content=\"article\" \/>\n<meta property=\"og:title\" content=\"Custom Bamboo Viscose Fiber Short Infant Romper\" \/>\n<meta property=\"og:description\" content=\"Custom Bamboo Viscose Fiber Baby Embroidered Footies. Unique designs, global shipping, and OEM&amp;ODM services. Request a quote for your baby clothing needs!\" \/>\n<meta property=\"og:url\" content=\"https:\/\/petelulu.com\/fr_be\/produit\/grenouillere-courte-en-fibre-de-bambou-pour-bebe\/\" \/>\n<meta property=\"og:site_name\" content=\"petelulu\" \/>\n<meta property=\"article:modified_time\" content=\"2025-08-13T03:46:43+00:00\" \/>\n<meta name=\"twitter:card\" content=\"summary_large_image\" \/>\n<meta name=\"twitter:label1\" content=\"Dur\u00e9e de lecture est.\" \/>\n\t<meta name=\"twitter:data1\" content=\"1 minute\" \/>\n<script type=\"application\/ld+json\" class=\"yoast-schema-graph\">{\"@context\":\"https:\/\/schema.org\",\"@graph\":[{\"@type\":\"WebPage\",\"@id\":\"https:\/\/petelulu.com\/product\/bamboo-fiber-short-infant-romper\/\",\"url\":\"https:\/\/petelulu.com\/product\/bamboo-fiber-short-infant-romper\/\",\"name\":\"Custom Bamboo Viscose Fiber Short Infant Romper - petelulu\",\"isPartOf\":{\"@id\":\"https:\/\/petelulu.com\/#website\"},\"primaryImageOfPage\":{\"@id\":\"https:\/\/petelulu.com\/product\/bamboo-fiber-short-infant-romper\/#primaryimage\"},\"image\":{\"@id\":\"https:\/\/petelulu.com\/product\/bamboo-fiber-short-infant-romper\/#primaryimage\"},\"thumbnailUrl\":\"https:\/\/petelulu.com\/wp-content\/uploads\/2025\/03\/H3cbfe57d8f3d42708444e5d14348cad8d.jpg_720x720q50.avif\",\"datePublished\":\"2025-03-01T02:28:10+00:00\",\"dateModified\":\"2025-08-13T03:46:43+00:00\",\"description\":\"Custom Bamboo Viscose Fiber Baby Embroidered Footies. Unique designs, global shipping, and OEM&ODM services. Request a quote for your baby clothing needs!\",\"breadcrumb\":{\"@id\":\"https:\/\/petelulu.com\/product\/bamboo-fiber-short-infant-romper\/#breadcrumb\"},\"inLanguage\":\"fr-BE\",\"potentialAction\":[{\"@type\":\"ReadAction\",\"target\":[\"https:\/\/petelulu.com\/product\/bamboo-fiber-short-infant-romper\/\"]}]},{\"@type\":\"ImageObject\",\"inLanguage\":\"fr-BE\",\"@id\":\"https:\/\/petelulu.com\/product\/bamboo-fiber-short-infant-romper\/#primaryimage\",\"url\":\"https:\/\/petelulu.com\/wp-content\/uploads\/2025\/03\/H3cbfe57d8f3d42708444e5d14348cad8d.jpg_720x720q50.avif\",\"contentUrl\":\"https:\/\/petelulu.com\/wp-content\/uploads\/2025\/03\/H3cbfe57d8f3d42708444e5d14348cad8d.jpg_720x720q50.avif\",\"width\":720,\"height\":720},{\"@type\":\"BreadcrumbList\",\"@id\":\"https:\/\/petelulu.com\/product\/bamboo-fiber-short-infant-romper\/#breadcrumb\",\"itemListElement\":[{\"@type\":\"ListItem\",\"position\":1,\"name\":\"\u9996\u9875\",\"item\":\"https:\/\/petelulu.com\/\"},{\"@type\":\"ListItem\",\"position\":2,\"name\":\"PRODUCT GALLERY\",\"item\":\"https:\/\/petelulu.com\/product-gallery\/\"},{\"@type\":\"ListItem\",\"position\":3,\"name\":\"Custom Bamboo Viscose Fiber Short Infant Romper\"}]},{\"@type\":\"WebSite\",\"@id\":\"https:\/\/petelulu.com\/#website\",\"url\":\"https:\/\/petelulu.com\/\",\"name\":\"PETElulu\",\"description\":\"\",\"potentialAction\":[{\"@type\":\"SearchAction\",\"target\":{\"@type\":\"EntryPoint\",\"urlTemplate\":\"https:\/\/petelulu.com\/?s={search_term_string}\"},\"query-input\":{\"@type\":\"PropertyValueSpecification\",\"valueRequired\":true,\"valueName\":\"search_term_string\"}}],\"inLanguage\":\"fr-BE\"}]}<\/script>\n<!-- \/ Yoast SEO Premium plugin. -->","yoast_head_json":{"title":"Chandail court pour b\u00e9b\u00e9 en fibre de viscose de bambou sur mesure - petelulu","description":"Chaussons brod\u00e9s en fibre de viscose de bambou pour b\u00e9b\u00e9s. Mod\u00e8les uniques, exp\u00e9dition internationale et services OEM&amp;ODM. Demandez un devis pour vos besoins en v\u00eatements pour b\u00e9b\u00e9s !","robots":{"index":"index","follow":"follow","max-snippet":"max-snippet:-1","max-image-preview":"max-image-preview:large","max-video-preview":"max-video-preview:-1"},"canonical":"https:\/\/petelulu.com\/fr_be\/produit\/grenouillere-courte-en-fibre-de-bambou-pour-bebe\/","og_locale":"fr_FR","og_type":"article","og_title":"Custom Bamboo Viscose Fiber Short Infant Romper","og_description":"Custom Bamboo Viscose Fiber Baby Embroidered Footies. Unique designs, global shipping, and OEM&ODM services. Request a quote for your baby clothing needs!","og_url":"https:\/\/petelulu.com\/fr_be\/produit\/grenouillere-courte-en-fibre-de-bambou-pour-bebe\/","og_site_name":"petelulu","article_modified_time":"2025-08-13T03:46:43+00:00","twitter_card":"summary_large_image","twitter_misc":{"Dur\u00e9e de lecture est.":"1 minute"},"schema":{"@context":"https:\/\/schema.org","@graph":[{"@type":"WebPage","@id":"https:\/\/petelulu.com\/product\/bamboo-fiber-short-infant-romper\/","url":"https:\/\/petelulu.com\/product\/bamboo-fiber-short-infant-romper\/","name":"Chandail court pour b\u00e9b\u00e9 en fibre de viscose de bambou sur mesure - petelulu","isPartOf":{"@id":"https:\/\/petelulu.com\/#website"},"primaryImageOfPage":{"@id":"https:\/\/petelulu.com\/product\/bamboo-fiber-short-infant-romper\/#primaryimage"},"image":{"@id":"https:\/\/petelulu.com\/product\/bamboo-fiber-short-infant-romper\/#primaryimage"},"thumbnailUrl":"https:\/\/petelulu.com\/wp-content\/uploads\/2025\/03\/H3cbfe57d8f3d42708444e5d14348cad8d.jpg_720x720q50.avif","datePublished":"2025-03-01T02:28:10+00:00","dateModified":"2025-08-13T03:46:43+00:00","description":"Chaussons brod\u00e9s en fibre de viscose de bambou pour b\u00e9b\u00e9s. Mod\u00e8les uniques, exp\u00e9dition internationale et services OEM&amp;ODM. Demandez un devis pour vos besoins en v\u00eatements pour b\u00e9b\u00e9s !","breadcrumb":{"@id":"https:\/\/petelulu.com\/product\/bamboo-fiber-short-infant-romper\/#breadcrumb"},"inLanguage":"fr-BE","potentialAction":[{"@type":"ReadAction","target":["https:\/\/petelulu.com\/product\/bamboo-fiber-short-infant-romper\/"]}]},{"@type":"ImageObject","inLanguage":"fr-BE","@id":"https:\/\/petelulu.com\/product\/bamboo-fiber-short-infant-romper\/#primaryimage","url":"https:\/\/petelulu.com\/wp-content\/uploads\/2025\/03\/H3cbfe57d8f3d42708444e5d14348cad8d.jpg_720x720q50.avif","contentUrl":"https:\/\/petelulu.com\/wp-content\/uploads\/2025\/03\/H3cbfe57d8f3d42708444e5d14348cad8d.jpg_720x720q50.avif","width":720,"height":720},{"@type":"BreadcrumbList","@id":"https:\/\/petelulu.com\/product\/bamboo-fiber-short-infant-romper\/#breadcrumb","itemListElement":[{"@type":"ListItem","position":1,"name":"\u9996\u9875","item":"https:\/\/petelulu.com\/"},{"@type":"ListItem","position":2,"name":"PRODUCT GALLERY","item":"https:\/\/petelulu.com\/product-gallery\/"},{"@type":"ListItem","position":3,"name":"Custom Bamboo Viscose Fiber Short Infant Romper"}]},{"@type":"WebSite","@id":"https:\/\/petelulu.com\/#website","url":"https:\/\/petelulu.com\/","name":"PETElulu","description":"","potentialAction":[{"@type":"SearchAction","target":{"@type":"EntryPoint","urlTemplate":"https:\/\/petelulu.com\/?s={search_term_string}"},"query-input":{"@type":"PropertyValueSpecification","valueRequired":true,"valueName":"search_term_string"}}],"inLanguage":"fr-BE"}]}},"builder_content":"","_links":{"self":[{"href":"https:\/\/petelulu.com\/fr_be\/wp-json\/wp\/v2\/product\/825","targetHints":{"allow":["GET"]}}],"collection":[{"href":"https:\/\/petelulu.com\/fr_be\/wp-json\/wp\/v2\/product"}],"about":[{"href":"https:\/\/petelulu.com\/fr_be\/wp-json\/wp\/v2\/types\/product"}],"wp:featuredmedia":[{"embeddable":true,"href":"https:\/\/petelulu.com\/fr_be\/wp-json\/wp\/v2\/media\/827"}],"wp:attachment":[{"href":"https:\/\/petelulu.com\/fr_be\/wp-json\/wp\/v2\/media?parent=825"}],"wp:term":[{"taxonomy":"product_brand","embeddable":true,"href":"https:\/\/petelulu.com\/fr_be\/wp-json\/wp\/v2\/product_brand?post=825"},{"taxonomy":"product_cat","embeddable":true,"href":"https:\/\/petelulu.com\/fr_be\/wp-json\/wp\/v2\/product_cat?post=825"},{"taxonomy":"product_tag","embeddable":true,"href":"https:\/\/petelulu.com\/fr_be\/wp-json\/wp\/v2\/product_tag?post=825"}],"curies":[{"name":"wp","href":"https:\/\/api.w.org\/{rel}","templated":true}]}}