{"id":731,"date":"2025-02-28T09:10:40","date_gmt":"2025-02-28T09:10:40","guid":{"rendered":"https:\/\/petelulu.com\/?post_type=product&#038;p=731"},"modified":"2025-08-12T23:27:54","modified_gmt":"2025-08-13T03:27:54","slug":"ensemble-de-vetements-en-cote-de-viscose-de-bambou","status":"publish","type":"product","link":"https:\/\/petelulu.com\/fr_be\/produit\/ensemble-de-vetements-en-cote-de-viscose-de-bambou\/","title":{"rendered":"Ensemble de v\u00eatements en c\u00f4tes de viscose de bambou sur mesure"},"content":{"rendered":"<div id=\"sellingpoint\" class=\"header\">\n<h2>A propos de ce produit<\/h2>\n<\/div>\n<ul class=\"\">\n<li data-spm-anchor-id=\"a2700.details.0.i88.7d5d7517RO50UQ\">Tissu durable et confortable : Cet ensemble de v\u00eatements pour enfants est compos\u00e9 d'un tissu confortable en bambou, assurant une sensation de douceur sur la peau de votre enfant et convenant \u00e0 un usage quotidien.<\/li>\n<li>Un style polyvalent pour toutes les saisons : Le style d\u00e9contract\u00e9 de cet ensemble de v\u00eatements le rend parfait pour toutes les occasions, des sorties d\u00e9contract\u00e9es aux tenues de tous les jours, et peut \u00eatre port\u00e9 tout au long de l'ann\u00e9e, quelle que soit la saison.<\/li>\n<li>Personnalisable avec un logo personnalis\u00e9 : Vous pouvez ajouter une touche personnalis\u00e9e \u00e0 cet ensemble de v\u00eatements en personnalisant le logo, ce qui en fait un cadeau unique et sp\u00e9cial pour vos proches ou un article promotionnel pour votre entreprise.<\/li>\n<li>D\u00e9lai de 7 jours pour la commande d'\u00e9chantillons : Nous comprenons l'importance d'une livraison rapide, c'est pourquoi nous offrons un d\u00e9lai de 7 jours pour la commande d'\u00e9chantillons, ce qui vous permet de recevoir vos \u00e9chantillons rapidement et de commencer \u00e0 vendre ou \u00e0 offrir l'ensemble de v\u00eatements dans les plus brefs d\u00e9lais.<\/li>\n<li data-spm-anchor-id=\"a2700.details.0.i89.7d5d7517RO50UQ\">Disponible en plusieurs tailles : 2-10 ans : Cet ensemble de v\u00eatements est con\u00e7u pour les enfants de diff\u00e9rents \u00e2ges, de 2 \u00e0 10 ans, ce qui en fait un excellent choix pour les familles avec plusieurs enfants ou pour ceux qui veulent acheter un ensemble qui durera des ann\u00e9es.<\/li>\n<\/ul>","protected":false},"excerpt":{"rendered":"<p>Prix unitaire : US $4.99-6.50 \/ Pi\u00e8ce<br \/>\nQuantit\u00e9 de commande min : 300 pi\u00e8ces\/taille<br \/>\nMati\u00e8re : Spandex\/fibre de bambou<br \/>\nAge: 0-3M\/3-6M\/6-9M\/9-12M\/12-18M\/18-24M\/2T-3T-4T<br \/>\nMat\u00e9riaux applicables : Bambou\/coton biologique\/coton pur\/\u00e9ponge fran\u00e7aise\/mousseline de bambou<br \/>\nCapacit\u00e9 de production : 10 000 pi\u00e8ces par mois<br \/>\nPort : Guangzhou, Chine<br \/>\nConditions de paiement : T\/T<br \/>\nEchantillon\uff1aAccepter un \u00e9chantillon personnalis\u00e9<br \/>\nLogo : Logo personnalis\u00e9<br \/>\nLivraison : 25-35 jours ouvrables<br \/>\nOEM ET ODM<\/p>\n<p><a href=\"https:\/\/petelulu.com\/fr_be\/#category\">Voir plus<\/a><\/p>\n<div class=\"wpforms-container wpforms-container-full wpforms-render-modern\" id=\"wpforms-2878\"><form id=\"wpforms-form-2878\" class=\"wpforms-validate wpforms-form wpforms-ajax-form\" data-formid=\"2878\" method=\"post\" enctype=\"multipart\/form-data\" action=\"\/fr_be\/wp-json\/wp\/v2\/product\/731\" data-token=\"836a5486dd5c4dd2ff090a7336c3e910\" data-token-time=\"1777372688\" data-trp-original-action=\"\/fr_be\/wp-json\/wp\/v2\/product\/731\"><noscript class=\"wpforms-error-noscript\">Veuillez activer JavaScript dans votre navigateur pour remplir ce formulaire.<\/noscript><div class=\"wpforms-hidden\" id=\"wpforms-error-noscript\">Veuillez activer JavaScript dans votre navigateur pour remplir ce formulaire.<\/div><div class=\"wpforms-field-container\"><div id=\"wpforms-2878-field_2-container\" class=\"wpforms-field wpforms-field-name\" data-field-id=\"2\"><label class=\"wpforms-field-label\" for=\"wpforms-2878-field_2\">Nom <span class=\"wpforms-required-label\" aria-hidden=\"true\">*<\/span><\/label><input type=\"text\" id=\"wpforms-2878-field_2\" class=\"wpforms-field-medium wpforms-field-required\" name=\"wpforms[fields][2]\" aria-errormessage=\"wpforms-2878-field_2-error\" required><\/div><div id=\"wpforms-2878-field_5-container\" class=\"wpforms-field wpforms-field-email\" data-field-id=\"5\"><label class=\"wpforms-field-label\" for=\"wpforms-2878-field_5\">Courriel <span class=\"wpforms-required-label\" aria-hidden=\"true\">*<\/span><\/label><input type=\"email\" id=\"wpforms-2878-field_5\" class=\"wpforms-field-medium wpforms-field-required\" name=\"wpforms[fields][5]\" spellcheck=\"false\" aria-errormessage=\"wpforms-2878-field_5-error\" required><\/div><div id=\"wpforms-2878-field_3-container\" class=\"wpforms-field wpforms-field-textarea\" data-field-id=\"3\"><label class=\"wpforms-field-label\" for=\"wpforms-2878-field_3\">Demande <span class=\"wpforms-required-label\" aria-hidden=\"true\">*<\/span><\/label><textarea id=\"wpforms-2878-field_3\" class=\"wpforms-field-medium wpforms-field-required\" name=\"wpforms[fields][3]\" aria-errormessage=\"wpforms-2878-field_3-error\" aria-describedby=\"wpforms-2878-field_3-description\" required><\/textarea><div id=\"wpforms-2878-field_3-description\" class=\"wpforms-field-description\">Veuillez nous communiquer vos besoins et votre num\u00e9ro WhatsApp, et notre repr\u00e9sentant commercial vous contactera.<\/div><\/div><\/div><!-- .wpforms-field-container --><div class=\"wpforms-submit-container\" ><input type=\"hidden\" name=\"wpforms[id]\" value=\"2878\"><input type=\"hidden\" name=\"page_title\" value=\"\"><input type=\"hidden\" name=\"page_url\" value=\"https:\/\/petelulu.com\/fr_be\/wp-json\/wp\/v2\/product\/731\"><input type=\"hidden\" name=\"url_referer\" value=\"\"><button type=\"submit\" name=\"wpforms[submit]\" id=\"wpforms-submit-2878\" class=\"wpforms-submit\" data-alt-text=\"Sending...\" data-submit-text=\"Submit\" aria-live=\"assertive\" value=\"wpforms-submit\">Soumettre<\/button><img loading=\"lazy\" decoding=\"async\" src=\"https:\/\/petelulu.com\/wp-content\/plugins\/wpforms-lite\/assets\/images\/submit-spin.svg\" class=\"wpforms-submit-spinner\" style=\"display: none;\" width=\"26\" height=\"26\" alt=\"Chargement en cours\"><\/div><input type=\"hidden\" name=\"trp-form-language\" value=\"fr_be\"\/><\/form><\/div>  <!-- .wpforms-container -->\n<p>&nbsp;<\/p>","protected":false},"featured_media":733,"template":"","meta":[],"product_brand":[],"product_cat":[46],"product_tag":[82,81],"class_list":{"0":"post-731","1":"product","2":"type-product","3":"status-publish","4":"has-post-thumbnail","6":"product_cat-clothing-sets","7":"product_tag-kid","8":"product_tag-toddler","9":"has-post-title","10":"has-post-date","11":"has-post-category","12":"has-post-tag","13":"has-post-comment","14":"has-post-author","15":"","17":"first","18":"instock","19":"shipping-taxable","20":"product-type-simple"},"yoast_head":"<!-- This site is optimized with the Yoast SEO Premium plugin v24.5 (Yoast SEO v25.6) - https:\/\/yoast.com\/wordpress\/plugins\/seo\/ -->\n<title>Custom Bamboo Viscose Rib Clothes Set - petelulu<\/title>\n<meta name=\"description\" content=\"Bamboo Viscose Rib Clothes Set. Unique designs, global shipping, and OEM&amp;ODM services. Request a quote for your baby clothing needs!\" \/>\n<meta name=\"robots\" content=\"index, follow, max-snippet:-1, max-image-preview:large, max-video-preview:-1\" \/>\n<link rel=\"canonical\" href=\"https:\/\/petelulu.com\/fr_be\/produit\/ensemble-de-vetements-en-cote-de-viscose-de-bambou\/\" \/>\n<meta property=\"og:locale\" content=\"fr_FR\" \/>\n<meta property=\"og:type\" content=\"article\" \/>\n<meta property=\"og:title\" content=\"Custom Bamboo Viscose Rib Clothes Set\" \/>\n<meta property=\"og:description\" content=\"Bamboo Viscose Rib Clothes Set. Unique designs, global shipping, and OEM&amp;ODM services. Request a quote for your baby clothing needs!\" \/>\n<meta property=\"og:url\" content=\"https:\/\/petelulu.com\/fr_be\/produit\/ensemble-de-vetements-en-cote-de-viscose-de-bambou\/\" \/>\n<meta property=\"og:site_name\" content=\"petelulu\" \/>\n<meta property=\"article:modified_time\" content=\"2025-08-13T03:27:54+00:00\" \/>\n<meta name=\"twitter:card\" content=\"summary_large_image\" \/>\n<meta name=\"twitter:label1\" content=\"Dur\u00e9e de lecture est.\" \/>\n\t<meta name=\"twitter:data1\" content=\"2 minutes\" \/>\n<script type=\"application\/ld+json\" class=\"yoast-schema-graph\">{\"@context\":\"https:\/\/schema.org\",\"@graph\":[{\"@type\":\"WebPage\",\"@id\":\"https:\/\/petelulu.com\/product\/bamboo-viscose-rib-clothes-set\/\",\"url\":\"https:\/\/petelulu.com\/product\/bamboo-viscose-rib-clothes-set\/\",\"name\":\"Custom Bamboo Viscose Rib Clothes Set - petelulu\",\"isPartOf\":{\"@id\":\"https:\/\/petelulu.com\/#website\"},\"primaryImageOfPage\":{\"@id\":\"https:\/\/petelulu.com\/product\/bamboo-viscose-rib-clothes-set\/#primaryimage\"},\"image\":{\"@id\":\"https:\/\/petelulu.com\/product\/bamboo-viscose-rib-clothes-set\/#primaryimage\"},\"thumbnailUrl\":\"https:\/\/petelulu.com\/wp-content\/uploads\/2025\/02\/Hd6e01b74be2f4fa4b44da752039e5e58P.jpg_720x720q50.avif\",\"datePublished\":\"2025-02-28T09:10:40+00:00\",\"dateModified\":\"2025-08-13T03:27:54+00:00\",\"description\":\"Bamboo Viscose Rib Clothes Set. Unique designs, global shipping, and OEM&ODM services. Request a quote for your baby clothing needs!\",\"breadcrumb\":{\"@id\":\"https:\/\/petelulu.com\/product\/bamboo-viscose-rib-clothes-set\/#breadcrumb\"},\"inLanguage\":\"fr-BE\",\"potentialAction\":[{\"@type\":\"ReadAction\",\"target\":[\"https:\/\/petelulu.com\/product\/bamboo-viscose-rib-clothes-set\/\"]}]},{\"@type\":\"ImageObject\",\"inLanguage\":\"fr-BE\",\"@id\":\"https:\/\/petelulu.com\/product\/bamboo-viscose-rib-clothes-set\/#primaryimage\",\"url\":\"https:\/\/petelulu.com\/wp-content\/uploads\/2025\/02\/Hd6e01b74be2f4fa4b44da752039e5e58P.jpg_720x720q50.avif\",\"contentUrl\":\"https:\/\/petelulu.com\/wp-content\/uploads\/2025\/02\/Hd6e01b74be2f4fa4b44da752039e5e58P.jpg_720x720q50.avif\",\"width\":720,\"height\":720},{\"@type\":\"BreadcrumbList\",\"@id\":\"https:\/\/petelulu.com\/product\/bamboo-viscose-rib-clothes-set\/#breadcrumb\",\"itemListElement\":[{\"@type\":\"ListItem\",\"position\":1,\"name\":\"\u9996\u9875\",\"item\":\"https:\/\/petelulu.com\/\"},{\"@type\":\"ListItem\",\"position\":2,\"name\":\"PRODUCT GALLERY\",\"item\":\"https:\/\/petelulu.com\/product-gallery\/\"},{\"@type\":\"ListItem\",\"position\":3,\"name\":\"Custom Bamboo Viscose Rib Clothes Set\"}]},{\"@type\":\"WebSite\",\"@id\":\"https:\/\/petelulu.com\/#website\",\"url\":\"https:\/\/petelulu.com\/\",\"name\":\"PETElulu\",\"description\":\"\",\"potentialAction\":[{\"@type\":\"SearchAction\",\"target\":{\"@type\":\"EntryPoint\",\"urlTemplate\":\"https:\/\/petelulu.com\/?s={search_term_string}\"},\"query-input\":{\"@type\":\"PropertyValueSpecification\",\"valueRequired\":true,\"valueName\":\"search_term_string\"}}],\"inLanguage\":\"fr-BE\"}]}<\/script>\n<!-- \/ Yoast SEO Premium plugin. -->","yoast_head_json":{"title":"Ensemble de v\u00eatements en bambou et viscose sur mesure - petelulu","description":"Ensemble de v\u00eatements en c\u00f4tes de viscose de bambou. Des designs uniques, des livraisons internationales et des services OEM&amp;ODM. Demandez un devis pour vos besoins en v\u00eatements pour b\u00e9b\u00e9s !","robots":{"index":"index","follow":"follow","max-snippet":"max-snippet:-1","max-image-preview":"max-image-preview:large","max-video-preview":"max-video-preview:-1"},"canonical":"https:\/\/petelulu.com\/fr_be\/produit\/ensemble-de-vetements-en-cote-de-viscose-de-bambou\/","og_locale":"fr_FR","og_type":"article","og_title":"Custom Bamboo Viscose Rib Clothes Set","og_description":"Bamboo Viscose Rib Clothes Set. Unique designs, global shipping, and OEM&ODM services. Request a quote for your baby clothing needs!","og_url":"https:\/\/petelulu.com\/fr_be\/produit\/ensemble-de-vetements-en-cote-de-viscose-de-bambou\/","og_site_name":"petelulu","article_modified_time":"2025-08-13T03:27:54+00:00","twitter_card":"summary_large_image","twitter_misc":{"Dur\u00e9e de lecture est.":"2 minutes"},"schema":{"@context":"https:\/\/schema.org","@graph":[{"@type":"WebPage","@id":"https:\/\/petelulu.com\/product\/bamboo-viscose-rib-clothes-set\/","url":"https:\/\/petelulu.com\/product\/bamboo-viscose-rib-clothes-set\/","name":"Ensemble de v\u00eatements en bambou et viscose sur mesure - petelulu","isPartOf":{"@id":"https:\/\/petelulu.com\/#website"},"primaryImageOfPage":{"@id":"https:\/\/petelulu.com\/product\/bamboo-viscose-rib-clothes-set\/#primaryimage"},"image":{"@id":"https:\/\/petelulu.com\/product\/bamboo-viscose-rib-clothes-set\/#primaryimage"},"thumbnailUrl":"https:\/\/petelulu.com\/wp-content\/uploads\/2025\/02\/Hd6e01b74be2f4fa4b44da752039e5e58P.jpg_720x720q50.avif","datePublished":"2025-02-28T09:10:40+00:00","dateModified":"2025-08-13T03:27:54+00:00","description":"Ensemble de v\u00eatements en c\u00f4tes de viscose de bambou. Des designs uniques, des livraisons internationales et des services OEM&amp;ODM. Demandez un devis pour vos besoins en v\u00eatements pour b\u00e9b\u00e9s !","breadcrumb":{"@id":"https:\/\/petelulu.com\/product\/bamboo-viscose-rib-clothes-set\/#breadcrumb"},"inLanguage":"fr-BE","potentialAction":[{"@type":"ReadAction","target":["https:\/\/petelulu.com\/product\/bamboo-viscose-rib-clothes-set\/"]}]},{"@type":"ImageObject","inLanguage":"fr-BE","@id":"https:\/\/petelulu.com\/product\/bamboo-viscose-rib-clothes-set\/#primaryimage","url":"https:\/\/petelulu.com\/wp-content\/uploads\/2025\/02\/Hd6e01b74be2f4fa4b44da752039e5e58P.jpg_720x720q50.avif","contentUrl":"https:\/\/petelulu.com\/wp-content\/uploads\/2025\/02\/Hd6e01b74be2f4fa4b44da752039e5e58P.jpg_720x720q50.avif","width":720,"height":720},{"@type":"BreadcrumbList","@id":"https:\/\/petelulu.com\/product\/bamboo-viscose-rib-clothes-set\/#breadcrumb","itemListElement":[{"@type":"ListItem","position":1,"name":"\u9996\u9875","item":"https:\/\/petelulu.com\/"},{"@type":"ListItem","position":2,"name":"PRODUCT GALLERY","item":"https:\/\/petelulu.com\/product-gallery\/"},{"@type":"ListItem","position":3,"name":"Custom Bamboo Viscose Rib Clothes Set"}]},{"@type":"WebSite","@id":"https:\/\/petelulu.com\/#website","url":"https:\/\/petelulu.com\/","name":"PETElulu","description":"","potentialAction":[{"@type":"SearchAction","target":{"@type":"EntryPoint","urlTemplate":"https:\/\/petelulu.com\/?s={search_term_string}"},"query-input":{"@type":"PropertyValueSpecification","valueRequired":true,"valueName":"search_term_string"}}],"inLanguage":"fr-BE"}]}},"builder_content":"","_links":{"self":[{"href":"https:\/\/petelulu.com\/fr_be\/wp-json\/wp\/v2\/product\/731","targetHints":{"allow":["GET"]}}],"collection":[{"href":"https:\/\/petelulu.com\/fr_be\/wp-json\/wp\/v2\/product"}],"about":[{"href":"https:\/\/petelulu.com\/fr_be\/wp-json\/wp\/v2\/types\/product"}],"wp:featuredmedia":[{"embeddable":true,"href":"https:\/\/petelulu.com\/fr_be\/wp-json\/wp\/v2\/media\/733"}],"wp:attachment":[{"href":"https:\/\/petelulu.com\/fr_be\/wp-json\/wp\/v2\/media?parent=731"}],"wp:term":[{"taxonomy":"product_brand","embeddable":true,"href":"https:\/\/petelulu.com\/fr_be\/wp-json\/wp\/v2\/product_brand?post=731"},{"taxonomy":"product_cat","embeddable":true,"href":"https:\/\/petelulu.com\/fr_be\/wp-json\/wp\/v2\/product_cat?post=731"},{"taxonomy":"product_tag","embeddable":true,"href":"https:\/\/petelulu.com\/fr_be\/wp-json\/wp\/v2\/product_tag?post=731"}],"curies":[{"name":"wp","href":"https:\/\/api.w.org\/{rel}","templated":true}]}}