{"id":4569,"date":"2025-06-18T21:20:02","date_gmt":"2025-06-19T01:20:02","guid":{"rendered":"https:\/\/petelulu.com\/product\/organic-cotton-baby-romper-copy\/"},"modified":"2026-03-05T12:47:38","modified_gmt":"2026-03-05T04:47:38","slug":"grenouillere-en-coton-bio-8","status":"publish","type":"product","link":"https:\/\/petelulu.com\/fr_be\/produit\/grenouillere-en-coton-bio-8\/","title":{"rendered":"Robe de b\u00e9b\u00e9 en coton biologique sur mesure"},"content":{"rendered":"<h2>A propos de ce produit<\/h2>\n<ol>\n<li><strong>100% Coton biologique<\/strong>: Fabriqu\u00e9e en coton biologique 100% de premi\u00e8re qualit\u00e9, notre grenouill\u00e8re pour b\u00e9b\u00e9 garantit un contact doux et hypoallerg\u00e9nique avec la peau d\u00e9licate de votre enfant, pour un confort et une tranquillit\u00e9 d'esprit tout au long de la journ\u00e9e.<\/li>\n<li><strong>Bouton-pression<\/strong>: Con\u00e7us dans un souci de commodit\u00e9, les boutons-pression strat\u00e9giquement plac\u00e9s permettent de changer les couches rapidement et sans souci, ce qui vous permet, \u00e0 vous et \u00e0 votre b\u00e9b\u00e9, de passer moins de temps \u00e0 vous pr\u00e9occuper des v\u00eatements et plus de temps \u00e0 profiter de moments pr\u00e9cieux ensemble.<\/li>\n<li><strong>Style uni et couleurs unies<\/strong>: Adoptez la simplicit\u00e9 avec nos grenouill\u00e8res pour b\u00e9b\u00e9s de style uni dans des couleurs unies, offrant un look intemporel qui ne se d\u00e9mode jamais. Parfaites pour la vie de tous les jours ou comme \u00e9l\u00e9ment essentiel de la garde-robe de votre b\u00e9b\u00e9.<\/li>\n<li>\n<p data-spm-anchor-id=\"5176.28103460.0.i8.40f7451enAKIF4\"><strong>Convient aux enfants de 0 \u00e0 18 mois<\/strong>: Notre grenouill\u00e8re est sp\u00e9cialement con\u00e7ue pour les b\u00e9b\u00e9s de la naissance \u00e0 18 mois, ce qui en fait un choix id\u00e9al pour les parents qui recherchent \u00e0 la fois le confort et la fonctionnalit\u00e9 pendant cette \u00e9tape importante du d\u00e9veloppement.<\/p>\n<\/li>\n<li>\n<p data-spm-anchor-id=\"5176.28103460.0.i6.40f7451enAKIF4\"><strong>Tissu facile d'entretien<\/strong>: Le coton biologique de haute qualit\u00e9 utilis\u00e9 dans nos grenouill\u00e8res est non seulement doux pour la peau de votre b\u00e9b\u00e9, mais aussi facile \u00e0 entretenir. Lavable en machine et durable, il conserve sa forme et sa couleur lavage apr\u00e8s lavage, garantissant une valeur et une utilisation durables.<\/p>\n<\/li>\n<\/ol>","protected":false},"excerpt":{"rendered":"<p>Prix unitaire : US $5.9-8.9 \/ Pi\u00e8ce<br \/>\nQuantit\u00e9 de commande min : 300 pi\u00e8ces\/taille<br \/>\nMati\u00e8re : 80% coton\/20% polyester<br \/>\n\u00c2ge : 12-18M\/18-24M<br \/>\nMat\u00e9riaux applicables : Bambou\/coton biologique\/coton pur\/rayonne modale\/mousseline de bambou<br \/>\nSupply Ability: 100,000 Piece\/Pieces per Month<br \/>\nPort : Guangzhou, Chine<br \/>\nConditions de paiement : T\/T<br \/>\nEchantillon\uff1aAccepter un \u00e9chantillon personnalis\u00e9<br \/>\nLogo : Logo personnalis\u00e9<br \/>\nLivraison : 25-35 jours ouvrables<br \/>\nOEM ET ODM<\/p>\n<p><a href=\"https:\/\/petelulu.com\/fr_be\/#category\">Voir plus<\/a><\/p>\n<div class=\"wpforms-container wpforms-container-full wpforms-render-modern\" id=\"wpforms-2878\"><form id=\"wpforms-form-2878\" class=\"wpforms-validate wpforms-form wpforms-ajax-form\" data-formid=\"2878\" method=\"post\" enctype=\"multipart\/form-data\" action=\"\/fr_be\/wp-json\/wp\/v2\/product\/4569\" data-token=\"71b6a8f749087cf276ad54e976d1a2b6\" data-token-time=\"1776430396\" data-trp-original-action=\"\/fr_be\/wp-json\/wp\/v2\/product\/4569\"><noscript class=\"wpforms-error-noscript\">Veuillez activer JavaScript dans votre navigateur pour remplir ce formulaire.<\/noscript><div class=\"wpforms-hidden\" id=\"wpforms-error-noscript\">Veuillez activer JavaScript dans votre navigateur pour remplir ce formulaire.<\/div><div class=\"wpforms-field-container\"><div id=\"wpforms-2878-field_2-container\" class=\"wpforms-field wpforms-field-name\" data-field-id=\"2\"><label class=\"wpforms-field-label\" for=\"wpforms-2878-field_2\">Nom <span class=\"wpforms-required-label\" aria-hidden=\"true\">*<\/span><\/label><input type=\"text\" id=\"wpforms-2878-field_2\" class=\"wpforms-field-medium wpforms-field-required\" name=\"wpforms[fields][2]\" aria-errormessage=\"wpforms-2878-field_2-error\" required><\/div><div id=\"wpforms-2878-field_5-container\" class=\"wpforms-field wpforms-field-email\" data-field-id=\"5\"><label class=\"wpforms-field-label\" for=\"wpforms-2878-field_5\">Courriel <span class=\"wpforms-required-label\" aria-hidden=\"true\">*<\/span><\/label><input type=\"email\" id=\"wpforms-2878-field_5\" class=\"wpforms-field-medium wpforms-field-required\" name=\"wpforms[fields][5]\" spellcheck=\"false\" aria-errormessage=\"wpforms-2878-field_5-error\" required><\/div><div id=\"wpforms-2878-field_3-container\" class=\"wpforms-field wpforms-field-textarea\" data-field-id=\"3\"><label class=\"wpforms-field-label\" for=\"wpforms-2878-field_3\">Demande <span class=\"wpforms-required-label\" aria-hidden=\"true\">*<\/span><\/label><textarea id=\"wpforms-2878-field_3\" class=\"wpforms-field-medium wpforms-field-required\" name=\"wpforms[fields][3]\" aria-errormessage=\"wpforms-2878-field_3-error\" aria-describedby=\"wpforms-2878-field_3-description\" required><\/textarea><div id=\"wpforms-2878-field_3-description\" class=\"wpforms-field-description\">Veuillez nous communiquer vos besoins et votre num\u00e9ro WhatsApp, et notre repr\u00e9sentant commercial vous contactera.<\/div><\/div><\/div><!-- .wpforms-field-container --><div class=\"wpforms-submit-container\" ><input type=\"hidden\" name=\"wpforms[id]\" value=\"2878\"><input type=\"hidden\" name=\"page_title\" value=\"\"><input type=\"hidden\" name=\"page_url\" value=\"https:\/\/petelulu.com\/fr_be\/wp-json\/wp\/v2\/product\/4569\"><input type=\"hidden\" name=\"url_referer\" value=\"\"><button type=\"submit\" name=\"wpforms[submit]\" id=\"wpforms-submit-2878\" class=\"wpforms-submit\" data-alt-text=\"Sending...\" data-submit-text=\"Submit\" aria-live=\"assertive\" value=\"wpforms-submit\">Soumettre<\/button><img loading=\"lazy\" decoding=\"async\" src=\"https:\/\/petelulu.com\/wp-content\/plugins\/wpforms-lite\/assets\/images\/submit-spin.svg\" class=\"wpforms-submit-spinner\" style=\"display: none;\" width=\"26\" height=\"26\" alt=\"Chargement en cours\"><\/div><input type=\"hidden\" name=\"trp-form-language\" value=\"fr_be\"\/><\/form><\/div>  <!-- .wpforms-container -->\n<p>&nbsp;<\/p>","protected":false},"featured_media":4577,"template":"","meta":[],"product_brand":[],"product_cat":[41],"product_tag":[101,110,97],"class_list":{"0":"post-4569","1":"product","2":"type-product","3":"status-publish","4":"has-post-thumbnail","6":"product_cat-rompers","7":"product_tag-fabrics","8":"product_tag-hello-summer","9":"product_tag-organic-cotton","10":"has-post-title","11":"has-post-date","12":"has-post-category","13":"has-post-tag","14":"has-post-comment","15":"has-post-author","16":"","18":"first","19":"instock","20":"shipping-taxable","21":"product-type-simple"},"yoast_head":"<!-- This site is optimized with the Yoast SEO Premium plugin v24.5 (Yoast SEO v25.6) - https:\/\/yoast.com\/wordpress\/plugins\/seo\/ -->\n<title>Custom Organic Cotton Baby Romper - petelulu<\/title>\n<meta name=\"description\" content=\"Organic Cotton Baby Romper | Custom Designs, Fast Shipping Worldwide. Competitive Pricing for Retailers. Get Quote &amp; Enquire Now!\" \/>\n<meta name=\"robots\" content=\"index, follow, max-snippet:-1, max-image-preview:large, max-video-preview:-1\" \/>\n<link rel=\"canonical\" href=\"https:\/\/petelulu.com\/fr_be\/produit\/grenouillere-en-coton-bio-8\/\" \/>\n<meta property=\"og:locale\" content=\"fr_FR\" \/>\n<meta property=\"og:type\" content=\"article\" \/>\n<meta property=\"og:title\" content=\"Custom Organic Cotton Baby Romper\" \/>\n<meta property=\"og:description\" content=\"Organic Cotton Baby Romper | Custom Designs, Fast Shipping Worldwide. Competitive Pricing for Retailers. Get Quote &amp; Enquire Now!\" \/>\n<meta property=\"og:url\" content=\"https:\/\/petelulu.com\/fr_be\/produit\/grenouillere-en-coton-bio-8\/\" \/>\n<meta property=\"og:site_name\" content=\"petelulu\" \/>\n<meta property=\"article:modified_time\" content=\"2026-03-05T04:47:38+00:00\" \/>\n<meta property=\"og:image\" content=\"https:\/\/petelulu.com\/wp-content\/uploads\/2025\/06\/L240704-\u4e3b\u56fe-2.avif\" \/>\n\t<meta property=\"og:image:width\" content=\"2000\" \/>\n\t<meta property=\"og:image:height\" content=\"2000\" \/>\n\t<meta property=\"og:image:type\" content=\"image\/jpeg\" \/>\n<meta name=\"twitter:card\" content=\"summary_large_image\" \/>\n<meta name=\"twitter:label1\" content=\"Dur\u00e9e de lecture est.\" \/>\n\t<meta name=\"twitter:data1\" content=\"2 minutes\" \/>\n<script type=\"application\/ld+json\" class=\"yoast-schema-graph\">{\"@context\":\"https:\/\/schema.org\",\"@graph\":[{\"@type\":\"WebPage\",\"@id\":\"https:\/\/petelulu.com\/product\/organic-cotton-baby-romper-8\/\",\"url\":\"https:\/\/petelulu.com\/product\/organic-cotton-baby-romper-8\/\",\"name\":\"Custom Organic Cotton Baby Romper - petelulu\",\"isPartOf\":{\"@id\":\"https:\/\/petelulu.com\/#website\"},\"primaryImageOfPage\":{\"@id\":\"https:\/\/petelulu.com\/product\/organic-cotton-baby-romper-8\/#primaryimage\"},\"image\":{\"@id\":\"https:\/\/petelulu.com\/product\/organic-cotton-baby-romper-8\/#primaryimage\"},\"thumbnailUrl\":\"https:\/\/petelulu.com\/wp-content\/uploads\/2025\/06\/L240704-\u4e3b\u56fe-2.avif\",\"datePublished\":\"2025-06-19T01:20:02+00:00\",\"dateModified\":\"2026-03-05T04:47:38+00:00\",\"description\":\"Organic Cotton Baby Romper | Custom Designs, Fast Shipping Worldwide. Competitive Pricing for Retailers. Get Quote & Enquire Now!\",\"breadcrumb\":{\"@id\":\"https:\/\/petelulu.com\/product\/organic-cotton-baby-romper-8\/#breadcrumb\"},\"inLanguage\":\"fr-BE\",\"potentialAction\":[{\"@type\":\"ReadAction\",\"target\":[\"https:\/\/petelulu.com\/product\/organic-cotton-baby-romper-8\/\"]}]},{\"@type\":\"ImageObject\",\"inLanguage\":\"fr-BE\",\"@id\":\"https:\/\/petelulu.com\/product\/organic-cotton-baby-romper-8\/#primaryimage\",\"url\":\"https:\/\/petelulu.com\/wp-content\/uploads\/2025\/06\/L240704-\u4e3b\u56fe-2.avif\",\"contentUrl\":\"https:\/\/petelulu.com\/wp-content\/uploads\/2025\/06\/L240704-\u4e3b\u56fe-2.avif\",\"width\":2000,\"height\":2000},{\"@type\":\"BreadcrumbList\",\"@id\":\"https:\/\/petelulu.com\/product\/organic-cotton-baby-romper-8\/#breadcrumb\",\"itemListElement\":[{\"@type\":\"ListItem\",\"position\":1,\"name\":\"\u9996\u9875\",\"item\":\"https:\/\/petelulu.com\/\"},{\"@type\":\"ListItem\",\"position\":2,\"name\":\"PRODUCT GALLERY\",\"item\":\"https:\/\/petelulu.com\/product-gallery\/\"},{\"@type\":\"ListItem\",\"position\":3,\"name\":\"Custom Organic Cotton Baby Romper\"}]},{\"@type\":\"WebSite\",\"@id\":\"https:\/\/petelulu.com\/#website\",\"url\":\"https:\/\/petelulu.com\/\",\"name\":\"PETElulu\",\"description\":\"\",\"potentialAction\":[{\"@type\":\"SearchAction\",\"target\":{\"@type\":\"EntryPoint\",\"urlTemplate\":\"https:\/\/petelulu.com\/?s={search_term_string}\"},\"query-input\":{\"@type\":\"PropertyValueSpecification\",\"valueRequired\":true,\"valueName\":\"search_term_string\"}}],\"inLanguage\":\"fr-BE\"}]}<\/script>\n<!-- \/ Yoast SEO Premium plugin. -->","yoast_head_json":{"title":"Barboteuse en coton biologique personnalis\u00e9e - petelulu","description":"Chandail pour b\u00e9b\u00e9 en coton biologique - Mod\u00e8les personnalis\u00e9s - Livraison rapide dans le monde entier. Prix comp\u00e9titifs pour les d\u00e9taillants. Obtenez un devis et renseignez-vous d\u00e8s maintenant !","robots":{"index":"index","follow":"follow","max-snippet":"max-snippet:-1","max-image-preview":"max-image-preview:large","max-video-preview":"max-video-preview:-1"},"canonical":"https:\/\/petelulu.com\/fr_be\/produit\/grenouillere-en-coton-bio-8\/","og_locale":"fr_FR","og_type":"article","og_title":"Custom Organic Cotton Baby Romper","og_description":"Organic Cotton Baby Romper | Custom Designs, Fast Shipping Worldwide. Competitive Pricing for Retailers. Get Quote & Enquire Now!","og_url":"https:\/\/petelulu.com\/fr_be\/produit\/grenouillere-en-coton-bio-8\/","og_site_name":"petelulu","article_modified_time":"2026-03-05T04:47:38+00:00","og_image":[{"width":2000,"height":2000,"url":"https:\/\/petelulu.com\/wp-content\/uploads\/2025\/06\/L240704-\u4e3b\u56fe-2.avif","type":"image\/jpeg"}],"twitter_card":"summary_large_image","twitter_misc":{"Dur\u00e9e de lecture est.":"2 minutes"},"schema":{"@context":"https:\/\/schema.org","@graph":[{"@type":"WebPage","@id":"https:\/\/petelulu.com\/product\/organic-cotton-baby-romper-8\/","url":"https:\/\/petelulu.com\/product\/organic-cotton-baby-romper-8\/","name":"Barboteuse en coton biologique personnalis\u00e9e - petelulu","isPartOf":{"@id":"https:\/\/petelulu.com\/#website"},"primaryImageOfPage":{"@id":"https:\/\/petelulu.com\/product\/organic-cotton-baby-romper-8\/#primaryimage"},"image":{"@id":"https:\/\/petelulu.com\/product\/organic-cotton-baby-romper-8\/#primaryimage"},"thumbnailUrl":"https:\/\/petelulu.com\/wp-content\/uploads\/2025\/06\/L240704-\u4e3b\u56fe-2.avif","datePublished":"2025-06-19T01:20:02+00:00","dateModified":"2026-03-05T04:47:38+00:00","description":"Chandail pour b\u00e9b\u00e9 en coton biologique - Mod\u00e8les personnalis\u00e9s - Livraison rapide dans le monde entier. Prix comp\u00e9titifs pour les d\u00e9taillants. Obtenez un devis et renseignez-vous d\u00e8s maintenant !","breadcrumb":{"@id":"https:\/\/petelulu.com\/product\/organic-cotton-baby-romper-8\/#breadcrumb"},"inLanguage":"fr-BE","potentialAction":[{"@type":"ReadAction","target":["https:\/\/petelulu.com\/product\/organic-cotton-baby-romper-8\/"]}]},{"@type":"ImageObject","inLanguage":"fr-BE","@id":"https:\/\/petelulu.com\/product\/organic-cotton-baby-romper-8\/#primaryimage","url":"https:\/\/petelulu.com\/wp-content\/uploads\/2025\/06\/L240704-\u4e3b\u56fe-2.avif","contentUrl":"https:\/\/petelulu.com\/wp-content\/uploads\/2025\/06\/L240704-\u4e3b\u56fe-2.avif","width":2000,"height":2000},{"@type":"BreadcrumbList","@id":"https:\/\/petelulu.com\/product\/organic-cotton-baby-romper-8\/#breadcrumb","itemListElement":[{"@type":"ListItem","position":1,"name":"\u9996\u9875","item":"https:\/\/petelulu.com\/"},{"@type":"ListItem","position":2,"name":"PRODUCT GALLERY","item":"https:\/\/petelulu.com\/product-gallery\/"},{"@type":"ListItem","position":3,"name":"Custom Organic Cotton Baby Romper"}]},{"@type":"WebSite","@id":"https:\/\/petelulu.com\/#website","url":"https:\/\/petelulu.com\/","name":"PETElulu","description":"","potentialAction":[{"@type":"SearchAction","target":{"@type":"EntryPoint","urlTemplate":"https:\/\/petelulu.com\/?s={search_term_string}"},"query-input":{"@type":"PropertyValueSpecification","valueRequired":true,"valueName":"search_term_string"}}],"inLanguage":"fr-BE"}]}},"builder_content":"","_links":{"self":[{"href":"https:\/\/petelulu.com\/fr_be\/wp-json\/wp\/v2\/product\/4569","targetHints":{"allow":["GET"]}}],"collection":[{"href":"https:\/\/petelulu.com\/fr_be\/wp-json\/wp\/v2\/product"}],"about":[{"href":"https:\/\/petelulu.com\/fr_be\/wp-json\/wp\/v2\/types\/product"}],"wp:featuredmedia":[{"embeddable":true,"href":"https:\/\/petelulu.com\/fr_be\/wp-json\/wp\/v2\/media\/4577"}],"wp:attachment":[{"href":"https:\/\/petelulu.com\/fr_be\/wp-json\/wp\/v2\/media?parent=4569"}],"wp:term":[{"taxonomy":"product_brand","embeddable":true,"href":"https:\/\/petelulu.com\/fr_be\/wp-json\/wp\/v2\/product_brand?post=4569"},{"taxonomy":"product_cat","embeddable":true,"href":"https:\/\/petelulu.com\/fr_be\/wp-json\/wp\/v2\/product_cat?post=4569"},{"taxonomy":"product_tag","embeddable":true,"href":"https:\/\/petelulu.com\/fr_be\/wp-json\/wp\/v2\/product_tag?post=4569"}],"curies":[{"name":"wp","href":"https:\/\/api.w.org\/{rel}","templated":true}]}}