{"id":2116,"date":"2025-03-24T06:36:36","date_gmt":"2025-03-24T06:36:36","guid":{"rendered":"https:\/\/petelulu.com\/?post_type=product&#038;p=2116"},"modified":"2025-08-12T23:22:57","modified_gmt":"2025-08-13T03:22:57","slug":"combinaison-sans-manches-pour-nouveau-ne-en-fibre-de-bambou","status":"publish","type":"product","link":"https:\/\/petelulu.com\/fr_be\/produit\/combinaison-sans-manches-pour-nouveau-ne-en-fibre-de-bambou\/","title":{"rendered":"Combinaison sans manches pour nouveau-n\u00e9 en fibre de viscose de bambou sur mesure"},"content":{"rendered":"<h2>A propos de ce produit<\/h2>\n<ol>\n<li data-spm-anchor-id=\"5176.28103460.0.i36.40f7451enAKIF4\">\n<p data-spm-anchor-id=\"5176.28103460.0.i35.40f7451enAKIF4\"><strong>Le confort et le style pour votre enfant :<\/strong> Con\u00e7ue sp\u00e9cialement pour les nouveau-n\u00e9s, cette combinaison sans manches en fibre de bambou allie un design solide minimaliste \u00e0 un confort ultime. Parfaite pour les journ\u00e9es chaudes ou pour se couvrir lorsqu'il fait froid.<\/p>\n<\/li>\n<li><strong>Douceur sup\u00e9rieure gr\u00e2ce \u00e0 la fibre de bambou :<\/strong> Fabriqu\u00e9 en fibre de bambou de haute qualit\u00e9, connue pour sa douceur naturelle et son contact d\u00e9licat avec la peau sensible de b\u00e9b\u00e9. Cette mati\u00e8re respectueuse de l'environnement est \u00e9galement respirante et aide \u00e0 r\u00e9guler la temp\u00e9rature, garantissant ainsi le confort de votre enfant tout au long de la journ\u00e9e.<\/li>\n<li><strong>Facilit\u00e9 d'habillage gr\u00e2ce \u00e0 la conception \u00e0 un seul bouton :<\/strong> Con\u00e7ue avec un seul bouton en bas pour un changement de couche rapide et facile. Le style sans manches permet une grande libert\u00e9 de mouvement, parfaite pour les nouveau-n\u00e9s actifs.<\/li>\n<li><strong>Ajustement extensible gr\u00e2ce \u00e0 l'\u00e9lasthanne :<\/strong> Une touche d'\u00e9lasthanne dans le m\u00e9lange de tissus assure une coupe ajust\u00e9e mais souple, permettant \u00e0 la combinaison de bouger avec votre b\u00e9b\u00e9, offrant \u00e0 la fois confort et facilit\u00e9 d'habillage.<\/li>\n<li><strong>Aspect solide et intemporel :<\/strong> Avec sa couleur unie classique, cette combinaison polyvalente est parfaite pour toutes les occasions, qu'il s'agisse d'une journ\u00e9e d\u00e9contract\u00e9e \u00e0 la maison ou d'une sortie sp\u00e9ciale. Son design simple permet de l'associer facilement \u00e0 d'autres accessoires pour b\u00e9b\u00e9.<\/li>\n<\/ol>","protected":false},"excerpt":{"rendered":"<p>Prix unitaire : US $3.99-5.99 \/ Pi\u00e8ce<br \/>\nQuantit\u00e9 de commande min : 300 pi\u00e8ces\/taille<br \/>\nMati\u00e8re : Spandex \/ Fibre de bambou<br \/>\nAge: 0-3M\/3-6M\/6-9M\/9-12M\/12-18M\/18-24M\/2T-3T-4T<br \/>\nMat\u00e9riaux applicables : Bambou\/coton biologique\/coton pur\/\u00e9ponge fran\u00e7aise\/mousseline de bambou<br \/>\nCapacit\u00e9 de production : 10 000 pi\u00e8ces par mois<br \/>\nPort : Guangzhou, Chine<br \/>\nConditions de paiement : T\/T<br \/>\nEchantillon\uff1aAccepter un \u00e9chantillon personnalis\u00e9<br \/>\nLogo : Logo personnalis\u00e9<br \/>\nLivraison : 25-35 jours ouvrables<br \/>\nOEM ET ODM<\/p>\n<p><a href=\"https:\/\/petelulu.com\/fr_be\/#category\">Voir plus<\/a><\/p>\n<div class=\"wpforms-container wpforms-container-full wpforms-render-modern\" id=\"wpforms-2878\"><form id=\"wpforms-form-2878\" class=\"wpforms-validate wpforms-form wpforms-ajax-form\" data-formid=\"2878\" method=\"post\" enctype=\"multipart\/form-data\" action=\"\/fr_be\/wp-json\/wp\/v2\/product\/2116\" data-token=\"836a5486dd5c4dd2ff090a7336c3e910\" data-token-time=\"1777378582\" data-trp-original-action=\"\/fr_be\/wp-json\/wp\/v2\/product\/2116\"><noscript class=\"wpforms-error-noscript\">Veuillez activer JavaScript dans votre navigateur pour remplir ce formulaire.<\/noscript><div class=\"wpforms-hidden\" id=\"wpforms-error-noscript\">Veuillez activer JavaScript dans votre navigateur pour remplir ce formulaire.<\/div><div class=\"wpforms-field-container\"><div id=\"wpforms-2878-field_2-container\" class=\"wpforms-field wpforms-field-name\" data-field-id=\"2\"><label class=\"wpforms-field-label\" for=\"wpforms-2878-field_2\">Nom <span class=\"wpforms-required-label\" aria-hidden=\"true\">*<\/span><\/label><input type=\"text\" id=\"wpforms-2878-field_2\" class=\"wpforms-field-medium wpforms-field-required\" name=\"wpforms[fields][2]\" aria-errormessage=\"wpforms-2878-field_2-error\" required><\/div><div id=\"wpforms-2878-field_5-container\" class=\"wpforms-field wpforms-field-email\" data-field-id=\"5\"><label class=\"wpforms-field-label\" for=\"wpforms-2878-field_5\">Courriel <span class=\"wpforms-required-label\" aria-hidden=\"true\">*<\/span><\/label><input type=\"email\" id=\"wpforms-2878-field_5\" class=\"wpforms-field-medium wpforms-field-required\" name=\"wpforms[fields][5]\" spellcheck=\"false\" aria-errormessage=\"wpforms-2878-field_5-error\" required><\/div><div id=\"wpforms-2878-field_3-container\" class=\"wpforms-field wpforms-field-textarea\" data-field-id=\"3\"><label class=\"wpforms-field-label\" for=\"wpforms-2878-field_3\">Demande <span class=\"wpforms-required-label\" aria-hidden=\"true\">*<\/span><\/label><textarea id=\"wpforms-2878-field_3\" class=\"wpforms-field-medium wpforms-field-required\" name=\"wpforms[fields][3]\" aria-errormessage=\"wpforms-2878-field_3-error\" aria-describedby=\"wpforms-2878-field_3-description\" required><\/textarea><div id=\"wpforms-2878-field_3-description\" class=\"wpforms-field-description\">Veuillez nous communiquer vos besoins et votre num\u00e9ro WhatsApp, et notre repr\u00e9sentant commercial vous contactera.<\/div><\/div><\/div><!-- .wpforms-field-container --><div class=\"wpforms-submit-container\" ><input type=\"hidden\" name=\"wpforms[id]\" value=\"2878\"><input type=\"hidden\" name=\"page_title\" value=\"\"><input type=\"hidden\" name=\"page_url\" value=\"https:\/\/petelulu.com\/fr_be\/wp-json\/wp\/v2\/product\/2116\"><input type=\"hidden\" name=\"url_referer\" value=\"\"><button type=\"submit\" name=\"wpforms[submit]\" id=\"wpforms-submit-2878\" class=\"wpforms-submit\" data-alt-text=\"Sending...\" data-submit-text=\"Submit\" aria-live=\"assertive\" value=\"wpforms-submit\">Soumettre<\/button><img loading=\"lazy\" decoding=\"async\" src=\"https:\/\/petelulu.com\/wp-content\/plugins\/wpforms-lite\/assets\/images\/submit-spin.svg\" class=\"wpforms-submit-spinner\" style=\"display: none;\" width=\"26\" height=\"26\" alt=\"Chargement en cours\"><\/div><input type=\"hidden\" name=\"trp-form-language\" value=\"fr_be\"\/><\/form><\/div>  <!-- .wpforms-container -->\n<p>&nbsp;<\/p>","protected":false},"featured_media":2121,"template":"","meta":[],"product_brand":[],"product_cat":[41],"product_tag":[80,98,102],"class_list":{"0":"post-2116","1":"product","2":"type-product","3":"status-publish","4":"has-post-thumbnail","6":"product_cat-rompers","7":"product_tag-baby","8":"product_tag-bamboo-fiber","9":"product_tag-category","10":"has-post-title","11":"has-post-date","12":"has-post-category","13":"has-post-tag","14":"has-post-comment","15":"has-post-author","16":"","18":"first","19":"instock","20":"shipping-taxable","21":"product-type-simple"},"yoast_head":"<!-- This site is optimized with the Yoast SEO Premium plugin v24.5 (Yoast SEO v25.6) - https:\/\/yoast.com\/wordpress\/plugins\/seo\/ -->\n<title>Custom Bamboo Viscose Fiber Newborn Sleeveless Jumpsuit - petelulu<\/title>\n<meta name=\"description\" content=\"Bamboo Fiber Newborn Sleeveless Jumpsuit | Custom Designs, Fast Shipping Worldwide. Competitive Pricing for Retailers. Get Quote &amp; Enquire Now!\" \/>\n<meta name=\"robots\" content=\"index, follow, max-snippet:-1, max-image-preview:large, max-video-preview:-1\" \/>\n<link rel=\"canonical\" href=\"https:\/\/petelulu.com\/fr_be\/produit\/combinaison-sans-manches-pour-nouveau-ne-en-fibre-de-bambou\/\" \/>\n<meta property=\"og:locale\" content=\"fr_FR\" \/>\n<meta property=\"og:type\" content=\"article\" \/>\n<meta property=\"og:title\" content=\"Custom Bamboo Viscose Fiber Newborn Sleeveless Jumpsuit\" \/>\n<meta property=\"og:description\" content=\"Bamboo Fiber Newborn Sleeveless Jumpsuit | Custom Designs, Fast Shipping Worldwide. Competitive Pricing for Retailers. Get Quote &amp; Enquire Now!\" \/>\n<meta property=\"og:url\" content=\"https:\/\/petelulu.com\/fr_be\/produit\/combinaison-sans-manches-pour-nouveau-ne-en-fibre-de-bambou\/\" \/>\n<meta property=\"og:site_name\" content=\"petelulu\" \/>\n<meta property=\"article:modified_time\" content=\"2025-08-13T03:22:57+00:00\" \/>\n<meta property=\"og:image\" content=\"https:\/\/petelulu.com\/wp-content\/uploads\/2025\/03\/\u4e3b\u56fe_003-32-scaled.jpg\" \/>\n\t<meta property=\"og:image:width\" content=\"2560\" \/>\n\t<meta property=\"og:image:height\" content=\"2560\" \/>\n\t<meta property=\"og:image:type\" content=\"image\/jpeg\" \/>\n<meta name=\"twitter:card\" content=\"summary_large_image\" \/>\n<meta name=\"twitter:label1\" content=\"Dur\u00e9e de lecture est.\" \/>\n\t<meta name=\"twitter:data1\" content=\"2 minutes\" \/>\n<script type=\"application\/ld+json\" class=\"yoast-schema-graph\">{\"@context\":\"https:\/\/schema.org\",\"@graph\":[{\"@type\":\"WebPage\",\"@id\":\"https:\/\/petelulu.com\/product\/bamboo-fiber-newborn-sleeveless-jumpsuit\/\",\"url\":\"https:\/\/petelulu.com\/product\/bamboo-fiber-newborn-sleeveless-jumpsuit\/\",\"name\":\"Custom Bamboo Viscose Fiber Newborn Sleeveless Jumpsuit - petelulu\",\"isPartOf\":{\"@id\":\"https:\/\/petelulu.com\/#website\"},\"primaryImageOfPage\":{\"@id\":\"https:\/\/petelulu.com\/product\/bamboo-fiber-newborn-sleeveless-jumpsuit\/#primaryimage\"},\"image\":{\"@id\":\"https:\/\/petelulu.com\/product\/bamboo-fiber-newborn-sleeveless-jumpsuit\/#primaryimage\"},\"thumbnailUrl\":\"https:\/\/petelulu.com\/wp-content\/uploads\/2025\/03\/\u4e3b\u56fe_003-32-scaled.jpg\",\"datePublished\":\"2025-03-24T06:36:36+00:00\",\"dateModified\":\"2025-08-13T03:22:57+00:00\",\"description\":\"Bamboo Fiber Newborn Sleeveless Jumpsuit | Custom Designs, Fast Shipping Worldwide. Competitive Pricing for Retailers. Get Quote & Enquire Now!\",\"breadcrumb\":{\"@id\":\"https:\/\/petelulu.com\/product\/bamboo-fiber-newborn-sleeveless-jumpsuit\/#breadcrumb\"},\"inLanguage\":\"fr-BE\",\"potentialAction\":[{\"@type\":\"ReadAction\",\"target\":[\"https:\/\/petelulu.com\/product\/bamboo-fiber-newborn-sleeveless-jumpsuit\/\"]}]},{\"@type\":\"ImageObject\",\"inLanguage\":\"fr-BE\",\"@id\":\"https:\/\/petelulu.com\/product\/bamboo-fiber-newborn-sleeveless-jumpsuit\/#primaryimage\",\"url\":\"https:\/\/petelulu.com\/wp-content\/uploads\/2025\/03\/\u4e3b\u56fe_003-32-scaled.jpg\",\"contentUrl\":\"https:\/\/petelulu.com\/wp-content\/uploads\/2025\/03\/\u4e3b\u56fe_003-32-scaled.jpg\",\"width\":2560,\"height\":2560,\"caption\":\"Bamboo Fiber Newborn Sleeveless Jumpsuit\"},{\"@type\":\"BreadcrumbList\",\"@id\":\"https:\/\/petelulu.com\/product\/bamboo-fiber-newborn-sleeveless-jumpsuit\/#breadcrumb\",\"itemListElement\":[{\"@type\":\"ListItem\",\"position\":1,\"name\":\"\u9996\u9875\",\"item\":\"https:\/\/petelulu.com\/\"},{\"@type\":\"ListItem\",\"position\":2,\"name\":\"PRODUCT GALLERY\",\"item\":\"https:\/\/petelulu.com\/product-gallery\/\"},{\"@type\":\"ListItem\",\"position\":3,\"name\":\"Custom Bamboo Viscose Fiber Newborn Sleeveless Jumpsuit\"}]},{\"@type\":\"WebSite\",\"@id\":\"https:\/\/petelulu.com\/#website\",\"url\":\"https:\/\/petelulu.com\/\",\"name\":\"PETElulu\",\"description\":\"\",\"potentialAction\":[{\"@type\":\"SearchAction\",\"target\":{\"@type\":\"EntryPoint\",\"urlTemplate\":\"https:\/\/petelulu.com\/?s={search_term_string}\"},\"query-input\":{\"@type\":\"PropertyValueSpecification\",\"valueRequired\":true,\"valueName\":\"search_term_string\"}}],\"inLanguage\":\"fr-BE\"}]}<\/script>\n<!-- \/ Yoast SEO Premium plugin. -->","yoast_head_json":{"title":"Combinaison sans manches pour nouveau-n\u00e9 en fibre de viscose de bambou personnalis\u00e9e - petelulu","description":"Combinaison sans manches pour nouveau-n\u00e9 en fibre de bambou - Mod\u00e8les personnalis\u00e9s - Livraison rapide dans le monde entier. Prix comp\u00e9titifs pour les d\u00e9taillants. Obtenez un devis et renseignez-vous d\u00e8s maintenant !","robots":{"index":"index","follow":"follow","max-snippet":"max-snippet:-1","max-image-preview":"max-image-preview:large","max-video-preview":"max-video-preview:-1"},"canonical":"https:\/\/petelulu.com\/fr_be\/produit\/combinaison-sans-manches-pour-nouveau-ne-en-fibre-de-bambou\/","og_locale":"fr_FR","og_type":"article","og_title":"Custom Bamboo Viscose Fiber Newborn Sleeveless Jumpsuit","og_description":"Bamboo Fiber Newborn Sleeveless Jumpsuit | Custom Designs, Fast Shipping Worldwide. Competitive Pricing for Retailers. Get Quote & Enquire Now!","og_url":"https:\/\/petelulu.com\/fr_be\/produit\/combinaison-sans-manches-pour-nouveau-ne-en-fibre-de-bambou\/","og_site_name":"petelulu","article_modified_time":"2025-08-13T03:22:57+00:00","og_image":[{"width":2560,"height":2560,"url":"https:\/\/petelulu.com\/wp-content\/uploads\/2025\/03\/\u4e3b\u56fe_003-32-scaled.jpg","type":"image\/jpeg"}],"twitter_card":"summary_large_image","twitter_misc":{"Dur\u00e9e de lecture est.":"2 minutes"},"schema":{"@context":"https:\/\/schema.org","@graph":[{"@type":"WebPage","@id":"https:\/\/petelulu.com\/product\/bamboo-fiber-newborn-sleeveless-jumpsuit\/","url":"https:\/\/petelulu.com\/product\/bamboo-fiber-newborn-sleeveless-jumpsuit\/","name":"Combinaison sans manches pour nouveau-n\u00e9 en fibre de viscose de bambou personnalis\u00e9e - petelulu","isPartOf":{"@id":"https:\/\/petelulu.com\/#website"},"primaryImageOfPage":{"@id":"https:\/\/petelulu.com\/product\/bamboo-fiber-newborn-sleeveless-jumpsuit\/#primaryimage"},"image":{"@id":"https:\/\/petelulu.com\/product\/bamboo-fiber-newborn-sleeveless-jumpsuit\/#primaryimage"},"thumbnailUrl":"https:\/\/petelulu.com\/wp-content\/uploads\/2025\/03\/\u4e3b\u56fe_003-32-scaled.jpg","datePublished":"2025-03-24T06:36:36+00:00","dateModified":"2025-08-13T03:22:57+00:00","description":"Combinaison sans manches pour nouveau-n\u00e9 en fibre de bambou - Mod\u00e8les personnalis\u00e9s - Livraison rapide dans le monde entier. Prix comp\u00e9titifs pour les d\u00e9taillants. Obtenez un devis et renseignez-vous d\u00e8s maintenant !","breadcrumb":{"@id":"https:\/\/petelulu.com\/product\/bamboo-fiber-newborn-sleeveless-jumpsuit\/#breadcrumb"},"inLanguage":"fr-BE","potentialAction":[{"@type":"ReadAction","target":["https:\/\/petelulu.com\/product\/bamboo-fiber-newborn-sleeveless-jumpsuit\/"]}]},{"@type":"ImageObject","inLanguage":"fr-BE","@id":"https:\/\/petelulu.com\/product\/bamboo-fiber-newborn-sleeveless-jumpsuit\/#primaryimage","url":"https:\/\/petelulu.com\/wp-content\/uploads\/2025\/03\/\u4e3b\u56fe_003-32-scaled.jpg","contentUrl":"https:\/\/petelulu.com\/wp-content\/uploads\/2025\/03\/\u4e3b\u56fe_003-32-scaled.jpg","width":2560,"height":2560,"caption":"Bamboo Fiber Newborn Sleeveless Jumpsuit"},{"@type":"BreadcrumbList","@id":"https:\/\/petelulu.com\/product\/bamboo-fiber-newborn-sleeveless-jumpsuit\/#breadcrumb","itemListElement":[{"@type":"ListItem","position":1,"name":"\u9996\u9875","item":"https:\/\/petelulu.com\/"},{"@type":"ListItem","position":2,"name":"PRODUCT GALLERY","item":"https:\/\/petelulu.com\/product-gallery\/"},{"@type":"ListItem","position":3,"name":"Custom Bamboo Viscose Fiber Newborn Sleeveless Jumpsuit"}]},{"@type":"WebSite","@id":"https:\/\/petelulu.com\/#website","url":"https:\/\/petelulu.com\/","name":"PETElulu","description":"","potentialAction":[{"@type":"SearchAction","target":{"@type":"EntryPoint","urlTemplate":"https:\/\/petelulu.com\/?s={search_term_string}"},"query-input":{"@type":"PropertyValueSpecification","valueRequired":true,"valueName":"search_term_string"}}],"inLanguage":"fr-BE"}]}},"builder_content":"","_links":{"self":[{"href":"https:\/\/petelulu.com\/fr_be\/wp-json\/wp\/v2\/product\/2116","targetHints":{"allow":["GET"]}}],"collection":[{"href":"https:\/\/petelulu.com\/fr_be\/wp-json\/wp\/v2\/product"}],"about":[{"href":"https:\/\/petelulu.com\/fr_be\/wp-json\/wp\/v2\/types\/product"}],"wp:featuredmedia":[{"embeddable":true,"href":"https:\/\/petelulu.com\/fr_be\/wp-json\/wp\/v2\/media\/2121"}],"wp:attachment":[{"href":"https:\/\/petelulu.com\/fr_be\/wp-json\/wp\/v2\/media?parent=2116"}],"wp:term":[{"taxonomy":"product_brand","embeddable":true,"href":"https:\/\/petelulu.com\/fr_be\/wp-json\/wp\/v2\/product_brand?post=2116"},{"taxonomy":"product_cat","embeddable":true,"href":"https:\/\/petelulu.com\/fr_be\/wp-json\/wp\/v2\/product_cat?post=2116"},{"taxonomy":"product_tag","embeddable":true,"href":"https:\/\/petelulu.com\/fr_be\/wp-json\/wp\/v2\/product_tag?post=2116"}],"curies":[{"name":"wp","href":"https:\/\/api.w.org\/{rel}","templated":true}]}}