{"id":1875,"date":"2025-03-18T06:18:30","date_gmt":"2025-03-18T06:18:30","guid":{"rendered":"https:\/\/petelulu.com\/?post_type=product&#038;p=1875"},"modified":"2025-08-12T23:47:33","modified_gmt":"2025-08-13T03:47:33","slug":"ensemble-pantalon-et-haut-a-manches-courtes-en-bambou-cotele","status":"publish","type":"product","link":"https:\/\/petelulu.com\/fr_be\/produit\/ensemble-pantalon-et-haut-a-manches-courtes-en-bambou-cotele\/","title":{"rendered":"Ensemble top et pantalon \u00e0 manches courtes en viscose de bambou c\u00f4tel\u00e9e sur mesure"},"content":{"rendered":"<div id=\"sellingpoint\" class=\"header\">\n<h2>A propos de ce produit<\/h2>\n<\/div>\n<ul class=\"\">\n<li>Options de personnalisation : Cet ensemble 2 pi\u00e8ces pour les tout-petits offre des options de personnalisation pour la taille, la couleur et le design, ce qui vous permet d'adapter le produit \u00e0 vos besoins sp\u00e9cifiques. Que vous recherchiez un design unique ou une couleur sp\u00e9cifique, notre \u00e9quipe travaillera avec vous pour cr\u00e9er l'ensemble parfait.<\/li>\n<li>Mat\u00e9riau en fibre de bambou : Fabriqu\u00e9 en fibre de bambou de haute qualit\u00e9, cet ensemble est doux, respirant et respectueux de la peau de votre enfant. La fibre de bambou est \u00e9galement \u00e9cologique et hypoallerg\u00e9nique, ce qui en fait un excellent choix pour les peaux sensibles.<\/li>\n<li>Design polyvalent : Le style d\u00e9contract\u00e9 de cet ensemble permet de le porter tous les jours, que vous alliez au parc ou que vous fassiez des courses. Le motif de couleur unie assure un look intemporel qui ne se d\u00e9modera jamais.<\/li>\n<li>Durable et confortable : Le design \u00e0 manches courtes et le style de pantalon de motard permettent \u00e0 votre enfant de rester au frais et \u00e0 l'aise tout au long de la journ\u00e9e. L'ensemble est \u00e9galement con\u00e7u pour r\u00e9sister aux lavages et \u00e0 l'usure r\u00e9p\u00e9t\u00e9s, ce qui en fait un excellent investissement pour la garde-robe de votre enfant.<\/li>\n<li data-spm-anchor-id=\"a2700.details.0.i85.64855a1ePWJWCf\">Marquage personnalis\u00e9 : Si vous souhaitez cr\u00e9er une marque personnalis\u00e9e ou promouvoir votre entreprise, nous proposons des services OEM et ODM, qui vous permettent d'ajouter votre logo au produit. Notre \u00e9quipe travaillera avec vous pour assurer une exp\u00e9rience de marquage sans faille.<\/li>\n<\/ul>","protected":false},"excerpt":{"rendered":"<p>Prix unitaire : US $8.55-8.95\/ Pi\u00e8ce<br \/>\nQuantit\u00e9 de commande min : 300 pi\u00e8ces\/taille<br \/>\nMat\u00e9riau : Fibre de bambou<br \/>\nAge: 0-3M\/3-6M\/6-9M\/9-12M\/12-18M\/18-24M\/2T-3T-4T<br \/>\nMat\u00e9riaux applicables : Bambou\/coton biologique\/coton pur\/\u00e9ponge fran\u00e7aise\/mousseline de bambou<br \/>\nCapacit\u00e9 de production : 10 000 pi\u00e8ces par mois<br \/>\nPort : Guangzhou, Chine<br \/>\nConditions de paiement : T\/T<br \/>\nEchantillon\uff1aAccepter un \u00e9chantillon personnalis\u00e9<br \/>\nLogo : Logo personnalis\u00e9<br \/>\nLivraison : 25-35 jours ouvrables<br \/>\nOEM ET ODM<\/p>\n<p><a href=\"https:\/\/petelulu.com\/fr_be\/#category\">Voir plus<\/a><\/p>\n<div class=\"wpforms-container wpforms-container-full wpforms-render-modern\" id=\"wpforms-2878\"><form id=\"wpforms-form-2878\" class=\"wpforms-validate wpforms-form wpforms-ajax-form\" data-formid=\"2878\" method=\"post\" enctype=\"multipart\/form-data\" action=\"\/fr_be\/wp-json\/wp\/v2\/product\/1875\" data-token=\"fde75f8eaf6d8cf056c5b40a4fa6d54f\" data-token-time=\"1777171032\" data-trp-original-action=\"\/fr_be\/wp-json\/wp\/v2\/product\/1875\"><noscript class=\"wpforms-error-noscript\">Veuillez activer JavaScript dans votre navigateur pour remplir ce formulaire.<\/noscript><div class=\"wpforms-hidden\" id=\"wpforms-error-noscript\">Veuillez activer JavaScript dans votre navigateur pour remplir ce formulaire.<\/div><div class=\"wpforms-field-container\"><div id=\"wpforms-2878-field_2-container\" class=\"wpforms-field wpforms-field-name\" data-field-id=\"2\"><label class=\"wpforms-field-label\" for=\"wpforms-2878-field_2\">Nom <span class=\"wpforms-required-label\" aria-hidden=\"true\">*<\/span><\/label><input type=\"text\" id=\"wpforms-2878-field_2\" class=\"wpforms-field-medium wpforms-field-required\" name=\"wpforms[fields][2]\" aria-errormessage=\"wpforms-2878-field_2-error\" required><\/div><div id=\"wpforms-2878-field_5-container\" class=\"wpforms-field wpforms-field-email\" data-field-id=\"5\"><label class=\"wpforms-field-label\" for=\"wpforms-2878-field_5\">Courriel <span class=\"wpforms-required-label\" aria-hidden=\"true\">*<\/span><\/label><input type=\"email\" id=\"wpforms-2878-field_5\" class=\"wpforms-field-medium wpforms-field-required\" name=\"wpforms[fields][5]\" spellcheck=\"false\" aria-errormessage=\"wpforms-2878-field_5-error\" required><\/div><div id=\"wpforms-2878-field_3-container\" class=\"wpforms-field wpforms-field-textarea\" data-field-id=\"3\"><label class=\"wpforms-field-label\" for=\"wpforms-2878-field_3\">Demande <span class=\"wpforms-required-label\" aria-hidden=\"true\">*<\/span><\/label><textarea id=\"wpforms-2878-field_3\" class=\"wpforms-field-medium wpforms-field-required\" name=\"wpforms[fields][3]\" aria-errormessage=\"wpforms-2878-field_3-error\" aria-describedby=\"wpforms-2878-field_3-description\" required><\/textarea><div id=\"wpforms-2878-field_3-description\" class=\"wpforms-field-description\">Veuillez nous communiquer vos besoins et votre num\u00e9ro WhatsApp, et notre repr\u00e9sentant commercial vous contactera.<\/div><\/div><\/div><!-- .wpforms-field-container --><div class=\"wpforms-submit-container\" ><input type=\"hidden\" name=\"wpforms[id]\" value=\"2878\"><input type=\"hidden\" name=\"page_title\" value=\"\"><input type=\"hidden\" name=\"page_url\" value=\"https:\/\/petelulu.com\/fr_be\/wp-json\/wp\/v2\/product\/1875\"><input type=\"hidden\" name=\"url_referer\" value=\"\"><button type=\"submit\" name=\"wpforms[submit]\" id=\"wpforms-submit-2878\" class=\"wpforms-submit\" data-alt-text=\"Sending...\" data-submit-text=\"Submit\" aria-live=\"assertive\" value=\"wpforms-submit\">Soumettre<\/button><img loading=\"lazy\" decoding=\"async\" src=\"https:\/\/petelulu.com\/wp-content\/plugins\/wpforms-lite\/assets\/images\/submit-spin.svg\" class=\"wpforms-submit-spinner\" style=\"display: none;\" width=\"26\" height=\"26\" alt=\"Chargement en cours\"><\/div><input type=\"hidden\" name=\"trp-form-language\" value=\"fr_be\"\/><\/form><\/div>  <!-- .wpforms-container -->\n<p>&nbsp;<\/p>","protected":false},"featured_media":1876,"template":"","meta":[],"product_brand":[],"product_cat":[46],"product_tag":[82,81],"class_list":{"0":"post-1875","1":"product","2":"type-product","3":"status-publish","4":"has-post-thumbnail","6":"product_cat-clothing-sets","7":"product_tag-kid","8":"product_tag-toddler","9":"has-post-title","10":"has-post-date","11":"has-post-category","12":"has-post-tag","13":"has-post-comment","14":"has-post-author","15":"","17":"first","18":"instock","19":"shipping-taxable","20":"product-type-simple"},"yoast_head":"<!-- This site is optimized with the Yoast SEO Premium plugin v24.5 (Yoast SEO v25.6) - https:\/\/yoast.com\/wordpress\/plugins\/seo\/ -->\n<title>Custom Bamboo Viscose Ribbed Short Sleeve Top and Pants Set - petelulu<\/title>\n<meta name=\"description\" content=\"B2B Baby Clothing | Bamboo Ribbed Short Sleeve Top and Pants Set. Competitive Pricing, Quick Ship. Global Delivery for Retailers\/Wholesale.\" \/>\n<meta name=\"robots\" content=\"index, follow, max-snippet:-1, max-image-preview:large, max-video-preview:-1\" \/>\n<link rel=\"canonical\" href=\"https:\/\/petelulu.com\/fr_be\/produit\/ensemble-pantalon-et-haut-a-manches-courtes-en-bambou-cotele\/\" \/>\n<meta property=\"og:locale\" content=\"fr_FR\" \/>\n<meta property=\"og:type\" content=\"article\" \/>\n<meta property=\"og:title\" content=\"Custom Bamboo Viscose Ribbed Short Sleeve Top and Pants Set\" \/>\n<meta property=\"og:description\" content=\"B2B Baby Clothing | Bamboo Ribbed Short Sleeve Top and Pants Set. Competitive Pricing, Quick Ship. Global Delivery for Retailers\/Wholesale.\" \/>\n<meta property=\"og:url\" content=\"https:\/\/petelulu.com\/fr_be\/produit\/ensemble-pantalon-et-haut-a-manches-courtes-en-bambou-cotele\/\" \/>\n<meta property=\"og:site_name\" content=\"petelulu\" \/>\n<meta property=\"article:modified_time\" content=\"2025-08-13T03:47:33+00:00\" \/>\n<meta property=\"og:image\" content=\"https:\/\/petelulu.com\/wp-content\/uploads\/2025\/03\/X20231129\u4e3b\u56fe5.jpg\" \/>\n\t<meta property=\"og:image:width\" content=\"1200\" \/>\n\t<meta property=\"og:image:height\" content=\"1200\" \/>\n\t<meta property=\"og:image:type\" content=\"image\/jpeg\" \/>\n<meta name=\"twitter:card\" content=\"summary_large_image\" \/>\n<meta name=\"twitter:label1\" content=\"Dur\u00e9e de lecture est.\" \/>\n\t<meta name=\"twitter:data1\" content=\"2 minutes\" \/>\n<script type=\"application\/ld+json\" class=\"yoast-schema-graph\">{\"@context\":\"https:\/\/schema.org\",\"@graph\":[{\"@type\":\"WebPage\",\"@id\":\"https:\/\/petelulu.com\/product\/bamboo-ribbed-short-sleeve-top-and-pants-set\/\",\"url\":\"https:\/\/petelulu.com\/product\/bamboo-ribbed-short-sleeve-top-and-pants-set\/\",\"name\":\"Custom Bamboo Viscose Ribbed Short Sleeve Top and Pants Set - petelulu\",\"isPartOf\":{\"@id\":\"https:\/\/petelulu.com\/#website\"},\"primaryImageOfPage\":{\"@id\":\"https:\/\/petelulu.com\/product\/bamboo-ribbed-short-sleeve-top-and-pants-set\/#primaryimage\"},\"image\":{\"@id\":\"https:\/\/petelulu.com\/product\/bamboo-ribbed-short-sleeve-top-and-pants-set\/#primaryimage\"},\"thumbnailUrl\":\"https:\/\/petelulu.com\/wp-content\/uploads\/2025\/03\/X20231129\u4e3b\u56fe5.jpg\",\"datePublished\":\"2025-03-18T06:18:30+00:00\",\"dateModified\":\"2025-08-13T03:47:33+00:00\",\"description\":\"B2B Baby Clothing | Bamboo Ribbed Short Sleeve Top and Pants Set. Competitive Pricing, Quick Ship. Global Delivery for Retailers\/Wholesale.\",\"breadcrumb\":{\"@id\":\"https:\/\/petelulu.com\/product\/bamboo-ribbed-short-sleeve-top-and-pants-set\/#breadcrumb\"},\"inLanguage\":\"fr-BE\",\"potentialAction\":[{\"@type\":\"ReadAction\",\"target\":[\"https:\/\/petelulu.com\/product\/bamboo-ribbed-short-sleeve-top-and-pants-set\/\"]}]},{\"@type\":\"ImageObject\",\"inLanguage\":\"fr-BE\",\"@id\":\"https:\/\/petelulu.com\/product\/bamboo-ribbed-short-sleeve-top-and-pants-set\/#primaryimage\",\"url\":\"https:\/\/petelulu.com\/wp-content\/uploads\/2025\/03\/X20231129\u4e3b\u56fe5.jpg\",\"contentUrl\":\"https:\/\/petelulu.com\/wp-content\/uploads\/2025\/03\/X20231129\u4e3b\u56fe5.jpg\",\"width\":1200,\"height\":1200,\"caption\":\"Bamboo Ribbed Short Sleeve Top and Pants Set\"},{\"@type\":\"BreadcrumbList\",\"@id\":\"https:\/\/petelulu.com\/product\/bamboo-ribbed-short-sleeve-top-and-pants-set\/#breadcrumb\",\"itemListElement\":[{\"@type\":\"ListItem\",\"position\":1,\"name\":\"\u9996\u9875\",\"item\":\"https:\/\/petelulu.com\/\"},{\"@type\":\"ListItem\",\"position\":2,\"name\":\"PRODUCT GALLERY\",\"item\":\"https:\/\/petelulu.com\/product-gallery\/\"},{\"@type\":\"ListItem\",\"position\":3,\"name\":\"Custom Bamboo Viscose Ribbed Short Sleeve Top and Pants Set\"}]},{\"@type\":\"WebSite\",\"@id\":\"https:\/\/petelulu.com\/#website\",\"url\":\"https:\/\/petelulu.com\/\",\"name\":\"PETElulu\",\"description\":\"\",\"potentialAction\":[{\"@type\":\"SearchAction\",\"target\":{\"@type\":\"EntryPoint\",\"urlTemplate\":\"https:\/\/petelulu.com\/?s={search_term_string}\"},\"query-input\":{\"@type\":\"PropertyValueSpecification\",\"valueRequired\":true,\"valueName\":\"search_term_string\"}}],\"inLanguage\":\"fr-BE\"}]}<\/script>\n<!-- \/ Yoast SEO Premium plugin. -->","yoast_head_json":{"title":"Ensemble top et pantalon \u00e0 manches courtes en viscose de bambou c\u00f4tel\u00e9e - petelulu","description":"B2B Baby Clothing - Ensemble pantalon et haut \u00e0 manches courtes en bambou c\u00f4tel\u00e9. Prix comp\u00e9titifs, exp\u00e9dition rapide. Livraison globale pour D\u00e9taillants\/Grossistes.","robots":{"index":"index","follow":"follow","max-snippet":"max-snippet:-1","max-image-preview":"max-image-preview:large","max-video-preview":"max-video-preview:-1"},"canonical":"https:\/\/petelulu.com\/fr_be\/produit\/ensemble-pantalon-et-haut-a-manches-courtes-en-bambou-cotele\/","og_locale":"fr_FR","og_type":"article","og_title":"Custom Bamboo Viscose Ribbed Short Sleeve Top and Pants Set","og_description":"B2B Baby Clothing | Bamboo Ribbed Short Sleeve Top and Pants Set. Competitive Pricing, Quick Ship. Global Delivery for Retailers\/Wholesale.","og_url":"https:\/\/petelulu.com\/fr_be\/produit\/ensemble-pantalon-et-haut-a-manches-courtes-en-bambou-cotele\/","og_site_name":"petelulu","article_modified_time":"2025-08-13T03:47:33+00:00","og_image":[{"width":1200,"height":1200,"url":"https:\/\/petelulu.com\/wp-content\/uploads\/2025\/03\/X20231129\u4e3b\u56fe5.jpg","type":"image\/jpeg"}],"twitter_card":"summary_large_image","twitter_misc":{"Dur\u00e9e de lecture est.":"2 minutes"},"schema":{"@context":"https:\/\/schema.org","@graph":[{"@type":"WebPage","@id":"https:\/\/petelulu.com\/product\/bamboo-ribbed-short-sleeve-top-and-pants-set\/","url":"https:\/\/petelulu.com\/product\/bamboo-ribbed-short-sleeve-top-and-pants-set\/","name":"Ensemble top et pantalon \u00e0 manches courtes en viscose de bambou c\u00f4tel\u00e9e - petelulu","isPartOf":{"@id":"https:\/\/petelulu.com\/#website"},"primaryImageOfPage":{"@id":"https:\/\/petelulu.com\/product\/bamboo-ribbed-short-sleeve-top-and-pants-set\/#primaryimage"},"image":{"@id":"https:\/\/petelulu.com\/product\/bamboo-ribbed-short-sleeve-top-and-pants-set\/#primaryimage"},"thumbnailUrl":"https:\/\/petelulu.com\/wp-content\/uploads\/2025\/03\/X20231129\u4e3b\u56fe5.jpg","datePublished":"2025-03-18T06:18:30+00:00","dateModified":"2025-08-13T03:47:33+00:00","description":"B2B Baby Clothing - Ensemble pantalon et haut \u00e0 manches courtes en bambou c\u00f4tel\u00e9. Prix comp\u00e9titifs, exp\u00e9dition rapide. Livraison globale pour D\u00e9taillants\/Grossistes.","breadcrumb":{"@id":"https:\/\/petelulu.com\/product\/bamboo-ribbed-short-sleeve-top-and-pants-set\/#breadcrumb"},"inLanguage":"fr-BE","potentialAction":[{"@type":"ReadAction","target":["https:\/\/petelulu.com\/product\/bamboo-ribbed-short-sleeve-top-and-pants-set\/"]}]},{"@type":"ImageObject","inLanguage":"fr-BE","@id":"https:\/\/petelulu.com\/product\/bamboo-ribbed-short-sleeve-top-and-pants-set\/#primaryimage","url":"https:\/\/petelulu.com\/wp-content\/uploads\/2025\/03\/X20231129\u4e3b\u56fe5.jpg","contentUrl":"https:\/\/petelulu.com\/wp-content\/uploads\/2025\/03\/X20231129\u4e3b\u56fe5.jpg","width":1200,"height":1200,"caption":"Bamboo Ribbed Short Sleeve Top and Pants Set"},{"@type":"BreadcrumbList","@id":"https:\/\/petelulu.com\/product\/bamboo-ribbed-short-sleeve-top-and-pants-set\/#breadcrumb","itemListElement":[{"@type":"ListItem","position":1,"name":"\u9996\u9875","item":"https:\/\/petelulu.com\/"},{"@type":"ListItem","position":2,"name":"PRODUCT GALLERY","item":"https:\/\/petelulu.com\/product-gallery\/"},{"@type":"ListItem","position":3,"name":"Custom Bamboo Viscose Ribbed Short Sleeve Top and Pants Set"}]},{"@type":"WebSite","@id":"https:\/\/petelulu.com\/#website","url":"https:\/\/petelulu.com\/","name":"PETElulu","description":"","potentialAction":[{"@type":"SearchAction","target":{"@type":"EntryPoint","urlTemplate":"https:\/\/petelulu.com\/?s={search_term_string}"},"query-input":{"@type":"PropertyValueSpecification","valueRequired":true,"valueName":"search_term_string"}}],"inLanguage":"fr-BE"}]}},"builder_content":"","_links":{"self":[{"href":"https:\/\/petelulu.com\/fr_be\/wp-json\/wp\/v2\/product\/1875","targetHints":{"allow":["GET"]}}],"collection":[{"href":"https:\/\/petelulu.com\/fr_be\/wp-json\/wp\/v2\/product"}],"about":[{"href":"https:\/\/petelulu.com\/fr_be\/wp-json\/wp\/v2\/types\/product"}],"wp:featuredmedia":[{"embeddable":true,"href":"https:\/\/petelulu.com\/fr_be\/wp-json\/wp\/v2\/media\/1876"}],"wp:attachment":[{"href":"https:\/\/petelulu.com\/fr_be\/wp-json\/wp\/v2\/media?parent=1875"}],"wp:term":[{"taxonomy":"product_brand","embeddable":true,"href":"https:\/\/petelulu.com\/fr_be\/wp-json\/wp\/v2\/product_brand?post=1875"},{"taxonomy":"product_cat","embeddable":true,"href":"https:\/\/petelulu.com\/fr_be\/wp-json\/wp\/v2\/product_cat?post=1875"},{"taxonomy":"product_tag","embeddable":true,"href":"https:\/\/petelulu.com\/fr_be\/wp-json\/wp\/v2\/product_tag?post=1875"}],"curies":[{"name":"wp","href":"https:\/\/api.w.org\/{rel}","templated":true}]}}