{"id":1849,"date":"2025-03-18T03:36:56","date_gmt":"2025-03-18T03:36:56","guid":{"rendered":"https:\/\/petelulu.com\/?post_type=product&#038;p=1849"},"modified":"2025-08-12T23:11:32","modified_gmt":"2025-08-13T03:11:32","slug":"ensemble-de-sweatshirt-en-coton-molletonne","status":"publish","type":"product","link":"https:\/\/petelulu.com\/fr_be\/produit\/ensemble-de-sweatshirt-en-coton-molletonne\/","title":{"rendered":"Chandail en coton molletonn\u00e9 personnalis\u00e9"},"content":{"rendered":"<div id=\"sellingpoint\" class=\"header\">\n<h2>A propos de ce produit<\/h2>\n<\/div>\n<ul class=\"\">\n<li>Des tenues familiales assorties et douillettes : Notre ensemble de sweatshirt \u00e0 revers avec fermeture \u00e0 glissi\u00e8re en \u00e9ponge fran\u00e7aise est con\u00e7u pour toute la famille, offrant une exp\u00e9rience douillette et confortable \u00e0 la m\u00e8re, au p\u00e8re et aux enfants. Parfait pour les sorties familiales d\u00e9contract\u00e9es ou les tenues de tous les jours.<\/li>\n<li>Mati\u00e8re respirante et \u00e0 s\u00e9chage rapide : Fabriqu\u00e9 en coton 100%, cet ensemble de sweatshirts est \u00e0 la fois respirant et \u00e0 s\u00e9chage rapide, pour que vous et votre famille restiez \u00e0 l'aise tout au long de la journ\u00e9e.<\/li>\n<li>Options personnalisables : Gr\u00e2ce aux couleurs et aux tailles personnalisables, vous pouvez cr\u00e9er un ensemble unique pour votre famille qui correspond \u00e0 votre style personnel.<\/li>\n<li>Durable et de longue dur\u00e9e : Notre ensemble de sweatshirts pr\u00e9sente des propri\u00e9t\u00e9s anti-boulochage et anti-r\u00e9tr\u00e9cissement, ce qui garantit qu'il reste doux et durable m\u00eame apr\u00e8s des lavages et des usures r\u00e9p\u00e9t\u00e9s.<\/li>\n<li data-spm-anchor-id=\"a2700.details.0.i82.6e1572ca76NLpZ\">Parfait pour toutes les saisons : Con\u00e7u pour le printemps, l'automne et l'hiver, cet ensemble polyvalent de sweatshirts est id\u00e9al pour les familles qui aiment passer du temps ensemble \u00e0 l'ext\u00e9rieur, quelle que soit la saison ou les conditions m\u00e9t\u00e9orologiques.<\/li>\n<\/ul>","protected":false},"excerpt":{"rendered":"<p>Prix unitaire : US $12-12.90\/ Pi\u00e8ce<br \/>\nQuantit\u00e9 de commande min : 300 pi\u00e8ces\/taille<br \/>\nMati\u00e8re : Spandex \/ Coton biologique<br \/>\nAge: 0-3M\/3-6M\/6-9M\/9-12M\/12-18M\/18-24M\/2T-3T-4T<br \/>\nMat\u00e9riaux applicables : Bambou\/coton biologique\/coton pur\/\u00e9ponge fran\u00e7aise\/mousseline de bambou<br \/>\nCapacit\u00e9 de production : 10 000 pi\u00e8ces par mois<br \/>\nPort : Guangzhou, Chine<br \/>\nConditions de paiement : T\/T<br \/>\nEchantillon\uff1aAccepter un \u00e9chantillon personnalis\u00e9<br \/>\nLogo : Logo personnalis\u00e9<br \/>\nLivraison : 25-35 jours ouvrables<br \/>\nOEM ET ODM<\/p>\n<p><a href=\"https:\/\/petelulu.com\/fr_be\/#category\">Voir plus<\/a><\/p>\n<div class=\"wpforms-container wpforms-container-full wpforms-render-modern\" id=\"wpforms-2878\"><form id=\"wpforms-form-2878\" class=\"wpforms-validate wpforms-form wpforms-ajax-form\" data-formid=\"2878\" method=\"post\" enctype=\"multipart\/form-data\" action=\"\/fr_be\/wp-json\/wp\/v2\/product\/1849\" data-token=\"fde75f8eaf6d8cf056c5b40a4fa6d54f\" data-token-time=\"1777164352\" data-trp-original-action=\"\/fr_be\/wp-json\/wp\/v2\/product\/1849\"><noscript class=\"wpforms-error-noscript\">Veuillez activer JavaScript dans votre navigateur pour remplir ce formulaire.<\/noscript><div class=\"wpforms-hidden\" id=\"wpforms-error-noscript\">Veuillez activer JavaScript dans votre navigateur pour remplir ce formulaire.<\/div><div class=\"wpforms-field-container\"><div id=\"wpforms-2878-field_2-container\" class=\"wpforms-field wpforms-field-name\" data-field-id=\"2\"><label class=\"wpforms-field-label\" for=\"wpforms-2878-field_2\">Nom <span class=\"wpforms-required-label\" aria-hidden=\"true\">*<\/span><\/label><input type=\"text\" id=\"wpforms-2878-field_2\" class=\"wpforms-field-medium wpforms-field-required\" name=\"wpforms[fields][2]\" aria-errormessage=\"wpforms-2878-field_2-error\" required><\/div><div id=\"wpforms-2878-field_5-container\" class=\"wpforms-field wpforms-field-email\" data-field-id=\"5\"><label class=\"wpforms-field-label\" for=\"wpforms-2878-field_5\">Courriel <span class=\"wpforms-required-label\" aria-hidden=\"true\">*<\/span><\/label><input type=\"email\" id=\"wpforms-2878-field_5\" class=\"wpforms-field-medium wpforms-field-required\" name=\"wpforms[fields][5]\" spellcheck=\"false\" aria-errormessage=\"wpforms-2878-field_5-error\" required><\/div><div id=\"wpforms-2878-field_3-container\" class=\"wpforms-field wpforms-field-textarea\" data-field-id=\"3\"><label class=\"wpforms-field-label\" for=\"wpforms-2878-field_3\">Demande <span class=\"wpforms-required-label\" aria-hidden=\"true\">*<\/span><\/label><textarea id=\"wpforms-2878-field_3\" class=\"wpforms-field-medium wpforms-field-required\" name=\"wpforms[fields][3]\" aria-errormessage=\"wpforms-2878-field_3-error\" aria-describedby=\"wpforms-2878-field_3-description\" required><\/textarea><div id=\"wpforms-2878-field_3-description\" class=\"wpforms-field-description\">Veuillez nous communiquer vos besoins et votre num\u00e9ro WhatsApp, et notre repr\u00e9sentant commercial vous contactera.<\/div><\/div><\/div><!-- .wpforms-field-container --><div class=\"wpforms-submit-container\" ><input type=\"hidden\" name=\"wpforms[id]\" value=\"2878\"><input type=\"hidden\" name=\"page_title\" value=\"\"><input type=\"hidden\" name=\"page_url\" value=\"https:\/\/petelulu.com\/fr_be\/wp-json\/wp\/v2\/product\/1849\"><input type=\"hidden\" name=\"url_referer\" value=\"\"><button type=\"submit\" name=\"wpforms[submit]\" id=\"wpforms-submit-2878\" class=\"wpforms-submit\" data-alt-text=\"Sending...\" data-submit-text=\"Submit\" aria-live=\"assertive\" value=\"wpforms-submit\">Soumettre<\/button><img loading=\"lazy\" decoding=\"async\" src=\"https:\/\/petelulu.com\/wp-content\/plugins\/wpforms-lite\/assets\/images\/submit-spin.svg\" class=\"wpforms-submit-spinner\" style=\"display: none;\" width=\"26\" height=\"26\" alt=\"Chargement en cours\"><\/div><input type=\"hidden\" name=\"trp-form-language\" value=\"fr_be\"\/><\/form><\/div>  <!-- .wpforms-container -->\n<p>&nbsp;<\/p>","protected":false},"featured_media":1854,"template":"","meta":[],"product_brand":[],"product_cat":[46,76,78],"product_tag":[82,81],"class_list":{"0":"post-1849","1":"product","2":"type-product","3":"status-publish","4":"has-post-thumbnail","6":"product_cat-clothing-sets","7":"product_cat-sweatshirt","8":"product_cat-family-matching-clothes","9":"product_tag-kid","10":"product_tag-toddler","11":"has-post-title","12":"has-post-date","13":"has-post-category","14":"has-post-tag","15":"has-post-comment","16":"has-post-author","17":"","19":"first","20":"instock","21":"shipping-taxable","22":"product-type-simple"},"yoast_head":"<!-- This site is optimized with the Yoast SEO Premium plugin v24.5 (Yoast SEO v25.6) - https:\/\/yoast.com\/wordpress\/plugins\/seo\/ -->\n<title>Custom Fleece Cotton Jumper Set - petelulu<\/title>\n<meta name=\"description\" content=\"B2B Baby Clothing | Fleece Cotton Sweatshirt Set. Competitive Pricing, Quick Ship. Global Delivery for Retailers\/Wholesale.\" \/>\n<meta name=\"robots\" content=\"index, follow, max-snippet:-1, max-image-preview:large, max-video-preview:-1\" \/>\n<link rel=\"canonical\" href=\"https:\/\/petelulu.com\/fr_be\/produit\/ensemble-de-sweatshirt-en-coton-molletonne\/\" \/>\n<meta property=\"og:locale\" content=\"fr_FR\" \/>\n<meta property=\"og:type\" content=\"article\" \/>\n<meta property=\"og:title\" content=\"Custom Fleece Cotton Jumper Set\" \/>\n<meta property=\"og:description\" content=\"B2B Baby Clothing | Fleece Cotton Sweatshirt Set. Competitive Pricing, Quick Ship. Global Delivery for Retailers\/Wholesale.\" \/>\n<meta property=\"og:url\" content=\"https:\/\/petelulu.com\/fr_be\/produit\/ensemble-de-sweatshirt-en-coton-molletonne\/\" \/>\n<meta property=\"og:site_name\" content=\"petelulu\" \/>\n<meta property=\"article:modified_time\" content=\"2025-08-13T03:11:32+00:00\" \/>\n<meta property=\"og:image\" content=\"https:\/\/petelulu.com\/wp-content\/uploads\/2025\/03\/Y202442303-\u4e3b\u56fe-3.jpg\" \/>\n\t<meta property=\"og:image:width\" content=\"2000\" \/>\n\t<meta property=\"og:image:height\" content=\"2000\" \/>\n\t<meta property=\"og:image:type\" content=\"image\/jpeg\" \/>\n<meta name=\"twitter:card\" content=\"summary_large_image\" \/>\n<meta name=\"twitter:label1\" content=\"Dur\u00e9e de lecture est.\" \/>\n\t<meta name=\"twitter:data1\" content=\"1 minute\" \/>\n<script type=\"application\/ld+json\" class=\"yoast-schema-graph\">{\"@context\":\"https:\/\/schema.org\",\"@graph\":[{\"@type\":\"WebPage\",\"@id\":\"https:\/\/petelulu.com\/product\/fleece-cotton-sweatshirt-set\/\",\"url\":\"https:\/\/petelulu.com\/product\/fleece-cotton-sweatshirt-set\/\",\"name\":\"Custom Fleece Cotton Jumper Set - petelulu\",\"isPartOf\":{\"@id\":\"https:\/\/petelulu.com\/#website\"},\"primaryImageOfPage\":{\"@id\":\"https:\/\/petelulu.com\/product\/fleece-cotton-sweatshirt-set\/#primaryimage\"},\"image\":{\"@id\":\"https:\/\/petelulu.com\/product\/fleece-cotton-sweatshirt-set\/#primaryimage\"},\"thumbnailUrl\":\"https:\/\/petelulu.com\/wp-content\/uploads\/2025\/03\/Y202442303-\u4e3b\u56fe-3.jpg\",\"datePublished\":\"2025-03-18T03:36:56+00:00\",\"dateModified\":\"2025-08-13T03:11:32+00:00\",\"description\":\"B2B Baby Clothing | Fleece Cotton Sweatshirt Set. Competitive Pricing, Quick Ship. Global Delivery for Retailers\/Wholesale.\",\"breadcrumb\":{\"@id\":\"https:\/\/petelulu.com\/product\/fleece-cotton-sweatshirt-set\/#breadcrumb\"},\"inLanguage\":\"fr-BE\",\"potentialAction\":[{\"@type\":\"ReadAction\",\"target\":[\"https:\/\/petelulu.com\/product\/fleece-cotton-sweatshirt-set\/\"]}]},{\"@type\":\"ImageObject\",\"inLanguage\":\"fr-BE\",\"@id\":\"https:\/\/petelulu.com\/product\/fleece-cotton-sweatshirt-set\/#primaryimage\",\"url\":\"https:\/\/petelulu.com\/wp-content\/uploads\/2025\/03\/Y202442303-\u4e3b\u56fe-3.jpg\",\"contentUrl\":\"https:\/\/petelulu.com\/wp-content\/uploads\/2025\/03\/Y202442303-\u4e3b\u56fe-3.jpg\",\"width\":2000,\"height\":2000,\"caption\":\"Fleece Cotton Sweatshirt Set\"},{\"@type\":\"BreadcrumbList\",\"@id\":\"https:\/\/petelulu.com\/product\/fleece-cotton-sweatshirt-set\/#breadcrumb\",\"itemListElement\":[{\"@type\":\"ListItem\",\"position\":1,\"name\":\"\u9996\u9875\",\"item\":\"https:\/\/petelulu.com\/\"},{\"@type\":\"ListItem\",\"position\":2,\"name\":\"PRODUCT GALLERY\",\"item\":\"https:\/\/petelulu.com\/product-gallery\/\"},{\"@type\":\"ListItem\",\"position\":3,\"name\":\"Custom Fleece Cotton Jumper Set\"}]},{\"@type\":\"WebSite\",\"@id\":\"https:\/\/petelulu.com\/#website\",\"url\":\"https:\/\/petelulu.com\/\",\"name\":\"PETElulu\",\"description\":\"\",\"potentialAction\":[{\"@type\":\"SearchAction\",\"target\":{\"@type\":\"EntryPoint\",\"urlTemplate\":\"https:\/\/petelulu.com\/?s={search_term_string}\"},\"query-input\":{\"@type\":\"PropertyValueSpecification\",\"valueRequired\":true,\"valueName\":\"search_term_string\"}}],\"inLanguage\":\"fr-BE\"}]}<\/script>\n<!-- \/ Yoast SEO Premium plugin. -->","yoast_head_json":{"title":"Chandail en coton molletonn\u00e9 personnalis\u00e9 - petelulu","description":"B2B Baby Clothing - Ensemble Sweatshirt en coton molletonn\u00e9. Prix comp\u00e9titifs, exp\u00e9dition rapide. Livraison globale pour D\u00e9taillants\/Grossistes.","robots":{"index":"index","follow":"follow","max-snippet":"max-snippet:-1","max-image-preview":"max-image-preview:large","max-video-preview":"max-video-preview:-1"},"canonical":"https:\/\/petelulu.com\/fr_be\/produit\/ensemble-de-sweatshirt-en-coton-molletonne\/","og_locale":"fr_FR","og_type":"article","og_title":"Custom Fleece Cotton Jumper Set","og_description":"B2B Baby Clothing | Fleece Cotton Sweatshirt Set. Competitive Pricing, Quick Ship. Global Delivery for Retailers\/Wholesale.","og_url":"https:\/\/petelulu.com\/fr_be\/produit\/ensemble-de-sweatshirt-en-coton-molletonne\/","og_site_name":"petelulu","article_modified_time":"2025-08-13T03:11:32+00:00","og_image":[{"width":2000,"height":2000,"url":"https:\/\/petelulu.com\/wp-content\/uploads\/2025\/03\/Y202442303-\u4e3b\u56fe-3.jpg","type":"image\/jpeg"}],"twitter_card":"summary_large_image","twitter_misc":{"Dur\u00e9e de lecture est.":"1 minute"},"schema":{"@context":"https:\/\/schema.org","@graph":[{"@type":"WebPage","@id":"https:\/\/petelulu.com\/product\/fleece-cotton-sweatshirt-set\/","url":"https:\/\/petelulu.com\/product\/fleece-cotton-sweatshirt-set\/","name":"Chandail en coton molletonn\u00e9 personnalis\u00e9 - petelulu","isPartOf":{"@id":"https:\/\/petelulu.com\/#website"},"primaryImageOfPage":{"@id":"https:\/\/petelulu.com\/product\/fleece-cotton-sweatshirt-set\/#primaryimage"},"image":{"@id":"https:\/\/petelulu.com\/product\/fleece-cotton-sweatshirt-set\/#primaryimage"},"thumbnailUrl":"https:\/\/petelulu.com\/wp-content\/uploads\/2025\/03\/Y202442303-\u4e3b\u56fe-3.jpg","datePublished":"2025-03-18T03:36:56+00:00","dateModified":"2025-08-13T03:11:32+00:00","description":"B2B Baby Clothing - Ensemble Sweatshirt en coton molletonn\u00e9. Prix comp\u00e9titifs, exp\u00e9dition rapide. Livraison globale pour D\u00e9taillants\/Grossistes.","breadcrumb":{"@id":"https:\/\/petelulu.com\/product\/fleece-cotton-sweatshirt-set\/#breadcrumb"},"inLanguage":"fr-BE","potentialAction":[{"@type":"ReadAction","target":["https:\/\/petelulu.com\/product\/fleece-cotton-sweatshirt-set\/"]}]},{"@type":"ImageObject","inLanguage":"fr-BE","@id":"https:\/\/petelulu.com\/product\/fleece-cotton-sweatshirt-set\/#primaryimage","url":"https:\/\/petelulu.com\/wp-content\/uploads\/2025\/03\/Y202442303-\u4e3b\u56fe-3.jpg","contentUrl":"https:\/\/petelulu.com\/wp-content\/uploads\/2025\/03\/Y202442303-\u4e3b\u56fe-3.jpg","width":2000,"height":2000,"caption":"Fleece Cotton Sweatshirt Set"},{"@type":"BreadcrumbList","@id":"https:\/\/petelulu.com\/product\/fleece-cotton-sweatshirt-set\/#breadcrumb","itemListElement":[{"@type":"ListItem","position":1,"name":"\u9996\u9875","item":"https:\/\/petelulu.com\/"},{"@type":"ListItem","position":2,"name":"PRODUCT GALLERY","item":"https:\/\/petelulu.com\/product-gallery\/"},{"@type":"ListItem","position":3,"name":"Custom Fleece Cotton Jumper Set"}]},{"@type":"WebSite","@id":"https:\/\/petelulu.com\/#website","url":"https:\/\/petelulu.com\/","name":"PETElulu","description":"","potentialAction":[{"@type":"SearchAction","target":{"@type":"EntryPoint","urlTemplate":"https:\/\/petelulu.com\/?s={search_term_string}"},"query-input":{"@type":"PropertyValueSpecification","valueRequired":true,"valueName":"search_term_string"}}],"inLanguage":"fr-BE"}]}},"builder_content":"","_links":{"self":[{"href":"https:\/\/petelulu.com\/fr_be\/wp-json\/wp\/v2\/product\/1849","targetHints":{"allow":["GET"]}}],"collection":[{"href":"https:\/\/petelulu.com\/fr_be\/wp-json\/wp\/v2\/product"}],"about":[{"href":"https:\/\/petelulu.com\/fr_be\/wp-json\/wp\/v2\/types\/product"}],"wp:featuredmedia":[{"embeddable":true,"href":"https:\/\/petelulu.com\/fr_be\/wp-json\/wp\/v2\/media\/1854"}],"wp:attachment":[{"href":"https:\/\/petelulu.com\/fr_be\/wp-json\/wp\/v2\/media?parent=1849"}],"wp:term":[{"taxonomy":"product_brand","embeddable":true,"href":"https:\/\/petelulu.com\/fr_be\/wp-json\/wp\/v2\/product_brand?post=1849"},{"taxonomy":"product_cat","embeddable":true,"href":"https:\/\/petelulu.com\/fr_be\/wp-json\/wp\/v2\/product_cat?post=1849"},{"taxonomy":"product_tag","embeddable":true,"href":"https:\/\/petelulu.com\/fr_be\/wp-json\/wp\/v2\/product_tag?post=1849"}],"curies":[{"name":"wp","href":"https:\/\/api.w.org\/{rel}","templated":true}]}}