{"id":845,"date":"2025-07-30T07:52:05","date_gmt":"2025-07-30T11:52:05","guid":{"rendered":"https:\/\/petelulu.com\/?post_type=product&#038;p=845"},"modified":"2026-03-05T12:42:29","modified_gmt":"2026-03-05T04:42:29","slug":"ensemble-de-vetements-en-bambou-pour-boutique-vintage","status":"publish","type":"product","link":"https:\/\/petelulu.com\/fr\/produit\/ensemble-de-vetements-en-bambou-pour-boutique-vintage\/","title":{"rendered":"A Ensembles de v\u00eatements sur mesure"},"content":{"rendered":"<div id=\"sellingpoint\" class=\"header\">\n<h2>A propos de ce produit<\/h2>\n<\/div>\n<ul class=\"\">\n<li>Tissu doux et respirant : Nos ensembles de v\u00eatements pour b\u00e9b\u00e9s sont fabriqu\u00e9s en coton de bambou de haute qualit\u00e9, offrant une texture douce et respirante pour la peau sensible de votre enfant. Ce tissu est parfait pour les conditions climatiques chaudes, garantissant le confort de votre b\u00e9b\u00e9 tout au long de la journ\u00e9e.<\/li>\n<li>Options de couleurs personnalis\u00e9es : Nous proposons des options de couleurs personnalis\u00e9es pour correspondre au style et aux pr\u00e9f\u00e9rences uniques de votre marque. Que vous recherchiez une teinte sp\u00e9cifique ou un imprim\u00e9 audacieux, notre \u00e9quipe peut travailler avec vous pour cr\u00e9er un design unique qui distinguera votre marque.<\/li>\n<li>S\u00e9chage rapide et propri\u00e9t\u00e9s anti-r\u00e9tr\u00e9cissement : Nos ensembles de v\u00eatements pour b\u00e9b\u00e9s sont con\u00e7us avec des propri\u00e9t\u00e9s de s\u00e9chage rapide et d'antir\u00e9tr\u00e9cissement, ce qui les rend parfaits pour les activit\u00e9s de plein air et les jeux. Cette caract\u00e9ristique garantit que nos v\u00eatements restent en bon \u00e9tat, m\u00eame apr\u00e8s plusieurs lavages.<\/li>\n<li>Vari\u00e9t\u00e9 de tailles et de styles : Nous proposons une gamme de tailles (6-12m, 12-18m, 2t, 3t, 4t, 5t, 6t, 7t, 8t) pour r\u00e9pondre aux besoins des diff\u00e9rents groupes d'\u00e2ge et aux pr\u00e9f\u00e9rences. Nos ensembles de v\u00eatements sont con\u00e7us pour \u00eatre \u00e0 la fois \u00e9l\u00e9gants et fonctionnels, ce qui les rend adapt\u00e9s \u00e0 diverses occasions.<\/li>\n<li data-spm-anchor-id=\"a2700.details.0.i76.2e863412WnRnhc\">D\u00e9lai de 7 jours pour les commandes d'\u00e9chantillons : nous comprenons qu'une livraison rapide est cruciale pour nos clients. C'est pourquoi nous proposons un d\u00e9lai de 7 jours pour les commandes d'\u00e9chantillons, afin que vous receviez vos \u00e9chantillons rapidement et que vous puissiez commencer \u00e0 vendre nos produits rapidement.<\/li>\n<\/ul>","protected":false},"excerpt":{"rendered":"<p>Prix unitaire : US $7.10-10.20 \/ Pi\u00e8ce<br \/>\nQuantit\u00e9 de commande min : 300 pi\u00e8ces\/taille<br \/>\nMat\u00e9riau : Cooton \/ Fibre de bambou<br \/>\nAge: 0-3M\/3-6M\/6-9M\/9-12M\/12-18M\/18-24M\/2T-3T-4T<br \/>\nMat\u00e9riaux applicables : Bambou\/coton biologique\/coton pur\/\u00e9ponge fran\u00e7aise\/mousseline de bambou<br \/>\nSupply Ability: 100,000 Piece\/Pieces per Month<br \/>\nPort : Guangzhou, Chine<br \/>\nConditions de paiement : T\/T<br \/>\nEchantillon\uff1aAccepter un \u00e9chantillon personnalis\u00e9<br \/>\nLogo : Logo personnalis\u00e9<br \/>\nLivraison : 25-35 jours ouvrables<br \/>\nOEM ET ODM<\/p>\n<p><a href=\"https:\/\/petelulu.com\/fr\/#category\">Voir plus<\/a><\/p>\n<div class=\"wpforms-container wpforms-container-full wpforms-render-modern\" id=\"wpforms-2878\"><form id=\"wpforms-form-2878\" class=\"wpforms-validate wpforms-form wpforms-ajax-form\" data-formid=\"2878\" method=\"post\" enctype=\"multipart\/form-data\" action=\"\/fr\/wp-json\/wp\/v2\/product\/845\" data-token=\"fde75f8eaf6d8cf056c5b40a4fa6d54f\" data-token-time=\"1777165460\" data-trp-original-action=\"\/fr\/wp-json\/wp\/v2\/product\/845\"><noscript class=\"wpforms-error-noscript\">Veuillez activer JavaScript dans votre navigateur pour remplir ce formulaire.<\/noscript><div class=\"wpforms-hidden\" id=\"wpforms-error-noscript\">Veuillez activer JavaScript dans votre navigateur pour remplir ce formulaire.<\/div><div class=\"wpforms-field-container\"><div id=\"wpforms-2878-field_2-container\" class=\"wpforms-field wpforms-field-name\" data-field-id=\"2\"><label class=\"wpforms-field-label\" for=\"wpforms-2878-field_2\">Nom <span class=\"wpforms-required-label\" aria-hidden=\"true\">*<\/span><\/label><input type=\"text\" id=\"wpforms-2878-field_2\" class=\"wpforms-field-medium wpforms-field-required\" name=\"wpforms[fields][2]\" aria-errormessage=\"wpforms-2878-field_2-error\" required><\/div><div id=\"wpforms-2878-field_5-container\" class=\"wpforms-field wpforms-field-email\" data-field-id=\"5\"><label class=\"wpforms-field-label\" for=\"wpforms-2878-field_5\">Courriel <span class=\"wpforms-required-label\" aria-hidden=\"true\">*<\/span><\/label><input type=\"email\" id=\"wpforms-2878-field_5\" class=\"wpforms-field-medium wpforms-field-required\" name=\"wpforms[fields][5]\" spellcheck=\"false\" aria-errormessage=\"wpforms-2878-field_5-error\" required><\/div><div id=\"wpforms-2878-field_3-container\" class=\"wpforms-field wpforms-field-textarea\" data-field-id=\"3\"><label class=\"wpforms-field-label\" for=\"wpforms-2878-field_3\">Demande <span class=\"wpforms-required-label\" aria-hidden=\"true\">*<\/span><\/label><textarea id=\"wpforms-2878-field_3\" class=\"wpforms-field-medium wpforms-field-required\" name=\"wpforms[fields][3]\" aria-errormessage=\"wpforms-2878-field_3-error\" aria-describedby=\"wpforms-2878-field_3-description\" required><\/textarea><div id=\"wpforms-2878-field_3-description\" class=\"wpforms-field-description\">Veuillez nous communiquer vos besoins et votre num\u00e9ro WhatsApp, et notre repr\u00e9sentant commercial vous contactera.<\/div><\/div><\/div><!-- .wpforms-field-container --><div class=\"wpforms-submit-container\" ><input type=\"hidden\" name=\"wpforms[id]\" value=\"2878\"><input type=\"hidden\" name=\"page_title\" value=\"\"><input type=\"hidden\" name=\"page_url\" value=\"https:\/\/petelulu.com\/fr\/wp-json\/wp\/v2\/product\/845\"><input type=\"hidden\" name=\"url_referer\" value=\"\"><button type=\"submit\" name=\"wpforms[submit]\" id=\"wpforms-submit-2878\" class=\"wpforms-submit\" data-alt-text=\"Sending...\" data-submit-text=\"Submit\" aria-live=\"assertive\" value=\"wpforms-submit\">Soumettre<\/button><img loading=\"lazy\" decoding=\"async\" src=\"https:\/\/petelulu.com\/wp-content\/plugins\/wpforms-lite\/assets\/images\/submit-spin.svg\" class=\"wpforms-submit-spinner\" style=\"display: none;\" width=\"26\" height=\"26\" alt=\"Chargement en cours\"><\/div><input type=\"hidden\" name=\"trp-form-language\" value=\"fr\"\/><\/form><\/div>  <!-- .wpforms-container -->\n<p>&nbsp;<\/p>","protected":false},"featured_media":5103,"template":"","meta":[],"product_brand":[],"product_cat":[46],"product_tag":[82,81],"class_list":{"0":"post-845","1":"product","2":"type-product","3":"status-publish","4":"has-post-thumbnail","6":"product_cat-clothing-sets","7":"product_tag-kid","8":"product_tag-toddler","9":"has-post-title","10":"has-post-date","11":"has-post-category","12":"has-post-tag","13":"has-post-comment","14":"has-post-author","15":"","17":"first","18":"instock","19":"shipping-taxable","20":"product-type-simple"},"yoast_head":"<!-- This site is optimized with the Yoast SEO Premium plugin v24.5 (Yoast SEO v25.6) - https:\/\/yoast.com\/wordpress\/plugins\/seo\/ -->\n<title>A Custom Clothing Sets - petelulu<\/title>\n<meta name=\"description\" content=\"Unleash your creativity with custom clothing sets! This comprehensive guide covers everything from design ideas and fabric choices to finding the best manufacturers, helping you create personalized apparel that stands out.\" \/>\n<meta name=\"robots\" content=\"index, follow, max-snippet:-1, max-image-preview:large, max-video-preview:-1\" \/>\n<link rel=\"canonical\" href=\"https:\/\/petelulu.com\/fr\/produit\/ensemble-de-vetements-en-bambou-pour-boutique-vintage\/\" \/>\n<meta property=\"og:locale\" content=\"fr_FR\" \/>\n<meta property=\"og:type\" content=\"article\" \/>\n<meta property=\"og:title\" content=\"A Custom Clothing Sets\" \/>\n<meta property=\"og:description\" content=\"Unleash your creativity with custom clothing sets! This comprehensive guide covers everything from design ideas and fabric choices to finding the best manufacturers, helping you create personalized apparel that stands out.\" \/>\n<meta property=\"og:url\" content=\"https:\/\/petelulu.com\/fr\/produit\/ensemble-de-vetements-en-bambou-pour-boutique-vintage\/\" \/>\n<meta property=\"og:site_name\" content=\"petelulu\" \/>\n<meta property=\"article:modified_time\" content=\"2026-03-05T04:42:29+00:00\" \/>\n<meta name=\"twitter:card\" content=\"summary_large_image\" \/>\n<meta name=\"twitter:label1\" content=\"Dur\u00e9e de lecture estim\u00e9e\" \/>\n\t<meta name=\"twitter:data1\" content=\"2 minutes\" \/>\n<script type=\"application\/ld+json\" class=\"yoast-schema-graph\">{\"@context\":\"https:\/\/schema.org\",\"@graph\":[{\"@type\":\"WebPage\",\"@id\":\"https:\/\/petelulu.com\/product\/bamboo-vintage-boutique-clothes-set\/\",\"url\":\"https:\/\/petelulu.com\/product\/bamboo-vintage-boutique-clothes-set\/\",\"name\":\"A Custom Clothing Sets - petelulu\",\"isPartOf\":{\"@id\":\"https:\/\/petelulu.com\/#website\"},\"primaryImageOfPage\":{\"@id\":\"https:\/\/petelulu.com\/product\/bamboo-vintage-boutique-clothes-set\/#primaryimage\"},\"image\":{\"@id\":\"https:\/\/petelulu.com\/product\/bamboo-vintage-boutique-clothes-set\/#primaryimage\"},\"thumbnailUrl\":\"https:\/\/petelulu.com\/wp-content\/uploads\/2025\/03\/H5df91d9b80ba4c839092bdbb4501eba9C.jpg_720x720q50.avif\",\"datePublished\":\"2025-07-30T11:52:05+00:00\",\"dateModified\":\"2026-03-05T04:42:29+00:00\",\"description\":\"Unleash your creativity with custom clothing sets! This comprehensive guide covers everything from design ideas and fabric choices to finding the best manufacturers, helping you create personalized apparel that stands out.\",\"breadcrumb\":{\"@id\":\"https:\/\/petelulu.com\/product\/bamboo-vintage-boutique-clothes-set\/#breadcrumb\"},\"inLanguage\":\"fr-FR\",\"potentialAction\":[{\"@type\":\"ReadAction\",\"target\":[\"https:\/\/petelulu.com\/product\/bamboo-vintage-boutique-clothes-set\/\"]}]},{\"@type\":\"ImageObject\",\"inLanguage\":\"fr-FR\",\"@id\":\"https:\/\/petelulu.com\/product\/bamboo-vintage-boutique-clothes-set\/#primaryimage\",\"url\":\"https:\/\/petelulu.com\/wp-content\/uploads\/2025\/03\/H5df91d9b80ba4c839092bdbb4501eba9C.jpg_720x720q50.avif\",\"contentUrl\":\"https:\/\/petelulu.com\/wp-content\/uploads\/2025\/03\/H5df91d9b80ba4c839092bdbb4501eba9C.jpg_720x720q50.avif\",\"width\":720,\"height\":720,\"caption\":\"custom clothing sets\"},{\"@type\":\"BreadcrumbList\",\"@id\":\"https:\/\/petelulu.com\/product\/bamboo-vintage-boutique-clothes-set\/#breadcrumb\",\"itemListElement\":[{\"@type\":\"ListItem\",\"position\":1,\"name\":\"\u9996\u9875\",\"item\":\"https:\/\/petelulu.com\/\"},{\"@type\":\"ListItem\",\"position\":2,\"name\":\"PRODUCT GALLERY\",\"item\":\"https:\/\/petelulu.com\/product-gallery\/\"},{\"@type\":\"ListItem\",\"position\":3,\"name\":\"A Custom Clothing Sets\"}]},{\"@type\":\"WebSite\",\"@id\":\"https:\/\/petelulu.com\/#website\",\"url\":\"https:\/\/petelulu.com\/\",\"name\":\"PETElulu\",\"description\":\"\",\"potentialAction\":[{\"@type\":\"SearchAction\",\"target\":{\"@type\":\"EntryPoint\",\"urlTemplate\":\"https:\/\/petelulu.com\/?s={search_term_string}\"},\"query-input\":{\"@type\":\"PropertyValueSpecification\",\"valueRequired\":true,\"valueName\":\"search_term_string\"}}],\"inLanguage\":\"fr-FR\"}]}<\/script>\n<!-- \/ Yoast SEO Premium plugin. -->","yoast_head_json":{"title":"Ensemble de v\u00eatements sur mesure - petelulu","description":"Donnez libre cours \u00e0 votre cr\u00e9ativit\u00e9 avec des ensembles de v\u00eatements personnalis\u00e9s ! Ce guide complet couvre tous les aspects, depuis les id\u00e9es de design et les choix de tissus jusqu'\u00e0 la recherche des meilleurs fabricants, pour vous aider \u00e0 cr\u00e9er des v\u00eatements personnalis\u00e9s qui sortent de l'ordinaire.","robots":{"index":"index","follow":"follow","max-snippet":"max-snippet:-1","max-image-preview":"max-image-preview:large","max-video-preview":"max-video-preview:-1"},"canonical":"https:\/\/petelulu.com\/fr\/produit\/ensemble-de-vetements-en-bambou-pour-boutique-vintage\/","og_locale":"fr_FR","og_type":"article","og_title":"A Custom Clothing Sets","og_description":"Unleash your creativity with custom clothing sets! This comprehensive guide covers everything from design ideas and fabric choices to finding the best manufacturers, helping you create personalized apparel that stands out.","og_url":"https:\/\/petelulu.com\/fr\/produit\/ensemble-de-vetements-en-bambou-pour-boutique-vintage\/","og_site_name":"petelulu","article_modified_time":"2026-03-05T04:42:29+00:00","twitter_card":"summary_large_image","twitter_misc":{"Dur\u00e9e de lecture estim\u00e9e":"2 minutes"},"schema":{"@context":"https:\/\/schema.org","@graph":[{"@type":"WebPage","@id":"https:\/\/petelulu.com\/product\/bamboo-vintage-boutique-clothes-set\/","url":"https:\/\/petelulu.com\/product\/bamboo-vintage-boutique-clothes-set\/","name":"Ensemble de v\u00eatements sur mesure - petelulu","isPartOf":{"@id":"https:\/\/petelulu.com\/#website"},"primaryImageOfPage":{"@id":"https:\/\/petelulu.com\/product\/bamboo-vintage-boutique-clothes-set\/#primaryimage"},"image":{"@id":"https:\/\/petelulu.com\/product\/bamboo-vintage-boutique-clothes-set\/#primaryimage"},"thumbnailUrl":"https:\/\/petelulu.com\/wp-content\/uploads\/2025\/03\/H5df91d9b80ba4c839092bdbb4501eba9C.jpg_720x720q50.avif","datePublished":"2025-07-30T11:52:05+00:00","dateModified":"2026-03-05T04:42:29+00:00","description":"Donnez libre cours \u00e0 votre cr\u00e9ativit\u00e9 avec des ensembles de v\u00eatements personnalis\u00e9s ! Ce guide complet couvre tous les aspects, depuis les id\u00e9es de design et les choix de tissus jusqu'\u00e0 la recherche des meilleurs fabricants, pour vous aider \u00e0 cr\u00e9er des v\u00eatements personnalis\u00e9s qui sortent de l'ordinaire.","breadcrumb":{"@id":"https:\/\/petelulu.com\/product\/bamboo-vintage-boutique-clothes-set\/#breadcrumb"},"inLanguage":"fr-FR","potentialAction":[{"@type":"ReadAction","target":["https:\/\/petelulu.com\/product\/bamboo-vintage-boutique-clothes-set\/"]}]},{"@type":"ImageObject","inLanguage":"fr-FR","@id":"https:\/\/petelulu.com\/product\/bamboo-vintage-boutique-clothes-set\/#primaryimage","url":"https:\/\/petelulu.com\/wp-content\/uploads\/2025\/03\/H5df91d9b80ba4c839092bdbb4501eba9C.jpg_720x720q50.avif","contentUrl":"https:\/\/petelulu.com\/wp-content\/uploads\/2025\/03\/H5df91d9b80ba4c839092bdbb4501eba9C.jpg_720x720q50.avif","width":720,"height":720,"caption":"custom clothing sets"},{"@type":"BreadcrumbList","@id":"https:\/\/petelulu.com\/product\/bamboo-vintage-boutique-clothes-set\/#breadcrumb","itemListElement":[{"@type":"ListItem","position":1,"name":"\u9996\u9875","item":"https:\/\/petelulu.com\/"},{"@type":"ListItem","position":2,"name":"PRODUCT GALLERY","item":"https:\/\/petelulu.com\/product-gallery\/"},{"@type":"ListItem","position":3,"name":"A Custom Clothing Sets"}]},{"@type":"WebSite","@id":"https:\/\/petelulu.com\/#website","url":"https:\/\/petelulu.com\/","name":"PETElulu","description":"","potentialAction":[{"@type":"SearchAction","target":{"@type":"EntryPoint","urlTemplate":"https:\/\/petelulu.com\/?s={search_term_string}"},"query-input":{"@type":"PropertyValueSpecification","valueRequired":true,"valueName":"search_term_string"}}],"inLanguage":"fr-FR"}]}},"builder_content":"","_links":{"self":[{"href":"https:\/\/petelulu.com\/fr\/wp-json\/wp\/v2\/product\/845","targetHints":{"allow":["GET"]}}],"collection":[{"href":"https:\/\/petelulu.com\/fr\/wp-json\/wp\/v2\/product"}],"about":[{"href":"https:\/\/petelulu.com\/fr\/wp-json\/wp\/v2\/types\/product"}],"wp:featuredmedia":[{"embeddable":true,"href":"https:\/\/petelulu.com\/fr\/wp-json\/wp\/v2\/media\/5103"}],"wp:attachment":[{"href":"https:\/\/petelulu.com\/fr\/wp-json\/wp\/v2\/media?parent=845"}],"wp:term":[{"taxonomy":"product_brand","embeddable":true,"href":"https:\/\/petelulu.com\/fr\/wp-json\/wp\/v2\/product_brand?post=845"},{"taxonomy":"product_cat","embeddable":true,"href":"https:\/\/petelulu.com\/fr\/wp-json\/wp\/v2\/product_cat?post=845"},{"taxonomy":"product_tag","embeddable":true,"href":"https:\/\/petelulu.com\/fr\/wp-json\/wp\/v2\/product_tag?post=845"}],"curies":[{"name":"wp","href":"https:\/\/api.w.org\/{rel}","templated":true}]}}