{"id":839,"date":"2025-03-01T07:34:51","date_gmt":"2025-03-01T07:34:51","guid":{"rendered":"https:\/\/petelulu.com\/?post_type=product&#038;p=839"},"modified":"2025-08-12T23:47:15","modified_gmt":"2025-08-13T03:47:15","slug":"barboteuse-sans-manches-en-fibre-de-viscose-de-bambou-tricotee-en-cotes","status":"publish","type":"product","link":"https:\/\/petelulu.com\/fr\/produit\/barboteuse-sans-manches-en-fibre-de-viscose-de-bambou-tricotee-en-cotes\/","title":{"rendered":"Combinaisons sans manches en fibre de viscose de bambou sur mesure"},"content":{"rendered":"<div id=\"sellingpoint\" class=\"header\">\n<div id=\"sellingpoint\" class=\"header\">\n<div id=\"sellingpoint\" class=\"header\">\n<div id=\"sellingpoint\" class=\"header\">\n<div id=\"sellingpoint\" class=\"header\">\n<h2>A propos de ce produit<\/h2>\n<\/div>\n<ul class=\"\">\n<li>Breathable and Comfortable Design: Our Summer Breathable Infant Baby Girls Boys Bamboo Rib Knit Rompers are designed for ultimate comfort, perfect for your little one to move freely and stay cool during the summer season.<\/li>\n<li>Customizable Options: We welcome custom sleeve length requests, allowing you to tailor the product to your preferences. Please specify your desired sleeve length when ordering.<\/li>\n<li>Suitable for Infants and Toddlers: Our rompers cater to infants and toddlers, from 3-24 months, ensuring a perfect fit for your growing child.<\/li>\n<li>Durable and Long-Lasting: Made from high-quality knitted bamboo spandex fabric, our rompers are built to withstand regular wear and tear.<\/li>\n<li data-spm-anchor-id=\"a2700.details.0.i74.558456eaN8G5aj\">Rapid Sample Order Lead Time: We offer a 7-day sample order lead time, allowing you to quickly receive and review your custom product, as requested by you, our valued customer.<\/li>\n<\/ul>\n<\/div>\n<\/div>\n<\/div>\n<\/div>","protected":false},"excerpt":{"rendered":"<p>Prix unitaire : US $3.99-5.99\/ Pi\u00e8ce<br \/>\nQuantit\u00e9 de commande min : 300 pi\u00e8ces\/taille<br \/>\nMati\u00e8re : Spandex \/ Fibre de bambou<br \/>\nAge: Newborn\/0-3M\/3-6M\/6-9M\/9-12M\/12-18M\/18-24M<br \/>\nMat\u00e9riaux applicables : Bambou\/coton biologique\/coton pur\/rayonne modale\/mousseline de bambou<br \/>\nCapacit\u00e9 de production : 10 000 pi\u00e8ces par mois<br \/>\nPort : Guangzhou, Chine<br \/>\nConditions de paiement : T\/T<br \/>\nEchantillon\uff1aAccepter un \u00e9chantillon personnalis\u00e9<br \/>\nLogo : Logo personnalis\u00e9<br \/>\nLivraison : 25-35 jours ouvrables<br \/>\nOEM ET ODM<\/p>\n<p><a href=\"https:\/\/petelulu.com\/fr\/#category\">Voir plus<\/a><\/p>\n<div class=\"wpforms-container wpforms-container-full wpforms-render-modern\" id=\"wpforms-2878\"><form id=\"wpforms-form-2878\" class=\"wpforms-validate wpforms-form wpforms-ajax-form\" data-formid=\"2878\" method=\"post\" enctype=\"multipart\/form-data\" action=\"\/fr\/wp-json\/wp\/v2\/product\/839\" data-token=\"fde75f8eaf6d8cf056c5b40a4fa6d54f\" data-token-time=\"1777171595\" data-trp-original-action=\"\/fr\/wp-json\/wp\/v2\/product\/839\"><noscript class=\"wpforms-error-noscript\">Veuillez activer JavaScript dans votre navigateur pour remplir ce formulaire.<\/noscript><div class=\"wpforms-hidden\" id=\"wpforms-error-noscript\">Veuillez activer JavaScript dans votre navigateur pour remplir ce formulaire.<\/div><div class=\"wpforms-field-container\"><div id=\"wpforms-2878-field_2-container\" class=\"wpforms-field wpforms-field-name\" data-field-id=\"2\"><label class=\"wpforms-field-label\" for=\"wpforms-2878-field_2\">Nom <span class=\"wpforms-required-label\" aria-hidden=\"true\">*<\/span><\/label><input type=\"text\" id=\"wpforms-2878-field_2\" class=\"wpforms-field-medium wpforms-field-required\" name=\"wpforms[fields][2]\" aria-errormessage=\"wpforms-2878-field_2-error\" required><\/div><div id=\"wpforms-2878-field_5-container\" class=\"wpforms-field wpforms-field-email\" data-field-id=\"5\"><label class=\"wpforms-field-label\" for=\"wpforms-2878-field_5\">Courriel <span class=\"wpforms-required-label\" aria-hidden=\"true\">*<\/span><\/label><input type=\"email\" id=\"wpforms-2878-field_5\" class=\"wpforms-field-medium wpforms-field-required\" name=\"wpforms[fields][5]\" spellcheck=\"false\" aria-errormessage=\"wpforms-2878-field_5-error\" required><\/div><div id=\"wpforms-2878-field_3-container\" class=\"wpforms-field wpforms-field-textarea\" data-field-id=\"3\"><label class=\"wpforms-field-label\" for=\"wpforms-2878-field_3\">Demande <span class=\"wpforms-required-label\" aria-hidden=\"true\">*<\/span><\/label><textarea id=\"wpforms-2878-field_3\" class=\"wpforms-field-medium wpforms-field-required\" name=\"wpforms[fields][3]\" aria-errormessage=\"wpforms-2878-field_3-error\" aria-describedby=\"wpforms-2878-field_3-description\" required><\/textarea><div id=\"wpforms-2878-field_3-description\" class=\"wpforms-field-description\">Veuillez nous communiquer vos besoins et votre num\u00e9ro WhatsApp, et notre repr\u00e9sentant commercial vous contactera.<\/div><\/div><\/div><!-- .wpforms-field-container --><div class=\"wpforms-submit-container\" ><input type=\"hidden\" name=\"wpforms[id]\" value=\"2878\"><input type=\"hidden\" name=\"page_title\" value=\"\"><input type=\"hidden\" name=\"page_url\" value=\"https:\/\/petelulu.com\/fr\/wp-json\/wp\/v2\/product\/839\"><input type=\"hidden\" name=\"url_referer\" value=\"\"><button type=\"submit\" name=\"wpforms[submit]\" id=\"wpforms-submit-2878\" class=\"wpforms-submit\" data-alt-text=\"Sending...\" data-submit-text=\"Submit\" aria-live=\"assertive\" value=\"wpforms-submit\">Soumettre<\/button><img loading=\"lazy\" decoding=\"async\" src=\"https:\/\/petelulu.com\/wp-content\/plugins\/wpforms-lite\/assets\/images\/submit-spin.svg\" class=\"wpforms-submit-spinner\" style=\"display: none;\" width=\"26\" height=\"26\" alt=\"Chargement en cours\"><\/div><input type=\"hidden\" name=\"trp-form-language\" value=\"fr\"\/><\/form><\/div>  <!-- .wpforms-container -->\n<p>&nbsp;<\/p>","protected":false},"featured_media":841,"template":"","meta":[],"product_brand":[],"product_cat":[41],"product_tag":[80,81],"class_list":{"0":"post-839","1":"product","2":"type-product","3":"status-publish","4":"has-post-thumbnail","6":"product_cat-rompers","7":"product_tag-baby","8":"product_tag-toddler","9":"has-post-title","10":"has-post-date","11":"has-post-category","12":"has-post-tag","13":"has-post-comment","14":"has-post-author","15":"","17":"first","18":"instock","19":"shipping-taxable","20":"product-type-simple"},"yoast_head":"<!-- This site is optimized with the Yoast SEO Premium plugin v24.5 (Yoast SEO v25.6) - https:\/\/yoast.com\/wordpress\/plugins\/seo\/ -->\n<title>Custom Bamboo Viscose Fiber Rib Knit Sleeveless Rompers - petelulu<\/title>\n<meta name=\"description\" content=\"Bamboo Viscose Fiber Rib Knit Sleeveless Rompers. Unique designs, global shipping, and OEM&amp;ODM services. Request a quote for your baby clothing needs!\" \/>\n<meta name=\"robots\" content=\"index, follow, max-snippet:-1, max-image-preview:large, max-video-preview:-1\" \/>\n<link rel=\"canonical\" href=\"https:\/\/petelulu.com\/fr\/produit\/barboteuse-sans-manches-en-fibre-de-viscose-de-bambou-tricotee-en-cotes\/\" \/>\n<meta property=\"og:locale\" content=\"fr_FR\" \/>\n<meta property=\"og:type\" content=\"article\" \/>\n<meta property=\"og:title\" content=\"Custom Bamboo Viscose Fiber Rib Knit Sleeveless Rompers\" \/>\n<meta property=\"og:description\" content=\"Bamboo Viscose Fiber Rib Knit Sleeveless Rompers. Unique designs, global shipping, and OEM&amp;ODM services. Request a quote for your baby clothing needs!\" \/>\n<meta property=\"og:url\" content=\"https:\/\/petelulu.com\/fr\/produit\/barboteuse-sans-manches-en-fibre-de-viscose-de-bambou-tricotee-en-cotes\/\" \/>\n<meta property=\"og:site_name\" content=\"petelulu\" \/>\n<meta property=\"article:modified_time\" content=\"2025-08-13T03:47:15+00:00\" \/>\n<meta name=\"twitter:card\" content=\"summary_large_image\" \/>\n<meta name=\"twitter:label1\" content=\"Dur\u00e9e de lecture estim\u00e9e\" \/>\n\t<meta name=\"twitter:data1\" content=\"1 minute\" \/>\n<script type=\"application\/ld+json\" class=\"yoast-schema-graph\">{\"@context\":\"https:\/\/schema.org\",\"@graph\":[{\"@type\":\"WebPage\",\"@id\":\"https:\/\/petelulu.com\/product\/bamboo-viscose-fiber-rib-knit-sleeveless-rompers\/\",\"url\":\"https:\/\/petelulu.com\/product\/bamboo-viscose-fiber-rib-knit-sleeveless-rompers\/\",\"name\":\"Custom Bamboo Viscose Fiber Rib Knit Sleeveless Rompers - petelulu\",\"isPartOf\":{\"@id\":\"https:\/\/petelulu.com\/#website\"},\"primaryImageOfPage\":{\"@id\":\"https:\/\/petelulu.com\/product\/bamboo-viscose-fiber-rib-knit-sleeveless-rompers\/#primaryimage\"},\"image\":{\"@id\":\"https:\/\/petelulu.com\/product\/bamboo-viscose-fiber-rib-knit-sleeveless-rompers\/#primaryimage\"},\"thumbnailUrl\":\"https:\/\/petelulu.com\/wp-content\/uploads\/2025\/03\/H79f05c4ffe0348cfb719f1a3b409f3f4F.jpg_720x720q50.avif\",\"datePublished\":\"2025-03-01T07:34:51+00:00\",\"dateModified\":\"2025-08-13T03:47:15+00:00\",\"description\":\"Bamboo Viscose Fiber Rib Knit Sleeveless Rompers. Unique designs, global shipping, and OEM&ODM services. Request a quote for your baby clothing needs!\",\"breadcrumb\":{\"@id\":\"https:\/\/petelulu.com\/product\/bamboo-viscose-fiber-rib-knit-sleeveless-rompers\/#breadcrumb\"},\"inLanguage\":\"fr-FR\",\"potentialAction\":[{\"@type\":\"ReadAction\",\"target\":[\"https:\/\/petelulu.com\/product\/bamboo-viscose-fiber-rib-knit-sleeveless-rompers\/\"]}]},{\"@type\":\"ImageObject\",\"inLanguage\":\"fr-FR\",\"@id\":\"https:\/\/petelulu.com\/product\/bamboo-viscose-fiber-rib-knit-sleeveless-rompers\/#primaryimage\",\"url\":\"https:\/\/petelulu.com\/wp-content\/uploads\/2025\/03\/H79f05c4ffe0348cfb719f1a3b409f3f4F.jpg_720x720q50.avif\",\"contentUrl\":\"https:\/\/petelulu.com\/wp-content\/uploads\/2025\/03\/H79f05c4ffe0348cfb719f1a3b409f3f4F.jpg_720x720q50.avif\",\"width\":720,\"height\":720},{\"@type\":\"BreadcrumbList\",\"@id\":\"https:\/\/petelulu.com\/product\/bamboo-viscose-fiber-rib-knit-sleeveless-rompers\/#breadcrumb\",\"itemListElement\":[{\"@type\":\"ListItem\",\"position\":1,\"name\":\"\u9996\u9875\",\"item\":\"https:\/\/petelulu.com\/\"},{\"@type\":\"ListItem\",\"position\":2,\"name\":\"PRODUCT GALLERY\",\"item\":\"https:\/\/petelulu.com\/product-gallery\/\"},{\"@type\":\"ListItem\",\"position\":3,\"name\":\"Custom Bamboo Viscose Fiber Rib Knit Sleeveless Rompers\"}]},{\"@type\":\"WebSite\",\"@id\":\"https:\/\/petelulu.com\/#website\",\"url\":\"https:\/\/petelulu.com\/\",\"name\":\"PETElulu\",\"description\":\"\",\"potentialAction\":[{\"@type\":\"SearchAction\",\"target\":{\"@type\":\"EntryPoint\",\"urlTemplate\":\"https:\/\/petelulu.com\/?s={search_term_string}\"},\"query-input\":{\"@type\":\"PropertyValueSpecification\",\"valueRequired\":true,\"valueName\":\"search_term_string\"}}],\"inLanguage\":\"fr-FR\"}]}<\/script>\n<!-- \/ Yoast SEO Premium plugin. -->","yoast_head_json":{"title":"Combinaisons sans manches en fibre de viscose de bambou sur mesure - petelulu","description":"Combinaisons sans manches en fibre de viscose de bambou et en tricot c\u00f4tel\u00e9. Mod\u00e8les uniques, exp\u00e9dition internationale et services OEM&amp;ODM. Demandez un devis pour vos besoins en v\u00eatements pour b\u00e9b\u00e9s !","robots":{"index":"index","follow":"follow","max-snippet":"max-snippet:-1","max-image-preview":"max-image-preview:large","max-video-preview":"max-video-preview:-1"},"canonical":"https:\/\/petelulu.com\/fr\/produit\/barboteuse-sans-manches-en-fibre-de-viscose-de-bambou-tricotee-en-cotes\/","og_locale":"fr_FR","og_type":"article","og_title":"Custom Bamboo Viscose Fiber Rib Knit Sleeveless Rompers","og_description":"Bamboo Viscose Fiber Rib Knit Sleeveless Rompers. Unique designs, global shipping, and OEM&ODM services. Request a quote for your baby clothing needs!","og_url":"https:\/\/petelulu.com\/fr\/produit\/barboteuse-sans-manches-en-fibre-de-viscose-de-bambou-tricotee-en-cotes\/","og_site_name":"petelulu","article_modified_time":"2025-08-13T03:47:15+00:00","twitter_card":"summary_large_image","twitter_misc":{"Dur\u00e9e de lecture estim\u00e9e":"1 minute"},"schema":{"@context":"https:\/\/schema.org","@graph":[{"@type":"WebPage","@id":"https:\/\/petelulu.com\/product\/bamboo-viscose-fiber-rib-knit-sleeveless-rompers\/","url":"https:\/\/petelulu.com\/product\/bamboo-viscose-fiber-rib-knit-sleeveless-rompers\/","name":"Combinaisons sans manches en fibre de viscose de bambou sur mesure - petelulu","isPartOf":{"@id":"https:\/\/petelulu.com\/#website"},"primaryImageOfPage":{"@id":"https:\/\/petelulu.com\/product\/bamboo-viscose-fiber-rib-knit-sleeveless-rompers\/#primaryimage"},"image":{"@id":"https:\/\/petelulu.com\/product\/bamboo-viscose-fiber-rib-knit-sleeveless-rompers\/#primaryimage"},"thumbnailUrl":"https:\/\/petelulu.com\/wp-content\/uploads\/2025\/03\/H79f05c4ffe0348cfb719f1a3b409f3f4F.jpg_720x720q50.avif","datePublished":"2025-03-01T07:34:51+00:00","dateModified":"2025-08-13T03:47:15+00:00","description":"Combinaisons sans manches en fibre de viscose de bambou et en tricot c\u00f4tel\u00e9. Mod\u00e8les uniques, exp\u00e9dition internationale et services OEM&amp;ODM. Demandez un devis pour vos besoins en v\u00eatements pour b\u00e9b\u00e9s !","breadcrumb":{"@id":"https:\/\/petelulu.com\/product\/bamboo-viscose-fiber-rib-knit-sleeveless-rompers\/#breadcrumb"},"inLanguage":"fr-FR","potentialAction":[{"@type":"ReadAction","target":["https:\/\/petelulu.com\/product\/bamboo-viscose-fiber-rib-knit-sleeveless-rompers\/"]}]},{"@type":"ImageObject","inLanguage":"fr-FR","@id":"https:\/\/petelulu.com\/product\/bamboo-viscose-fiber-rib-knit-sleeveless-rompers\/#primaryimage","url":"https:\/\/petelulu.com\/wp-content\/uploads\/2025\/03\/H79f05c4ffe0348cfb719f1a3b409f3f4F.jpg_720x720q50.avif","contentUrl":"https:\/\/petelulu.com\/wp-content\/uploads\/2025\/03\/H79f05c4ffe0348cfb719f1a3b409f3f4F.jpg_720x720q50.avif","width":720,"height":720},{"@type":"BreadcrumbList","@id":"https:\/\/petelulu.com\/product\/bamboo-viscose-fiber-rib-knit-sleeveless-rompers\/#breadcrumb","itemListElement":[{"@type":"ListItem","position":1,"name":"\u9996\u9875","item":"https:\/\/petelulu.com\/"},{"@type":"ListItem","position":2,"name":"PRODUCT GALLERY","item":"https:\/\/petelulu.com\/product-gallery\/"},{"@type":"ListItem","position":3,"name":"Custom Bamboo Viscose Fiber Rib Knit Sleeveless Rompers"}]},{"@type":"WebSite","@id":"https:\/\/petelulu.com\/#website","url":"https:\/\/petelulu.com\/","name":"PETElulu","description":"","potentialAction":[{"@type":"SearchAction","target":{"@type":"EntryPoint","urlTemplate":"https:\/\/petelulu.com\/?s={search_term_string}"},"query-input":{"@type":"PropertyValueSpecification","valueRequired":true,"valueName":"search_term_string"}}],"inLanguage":"fr-FR"}]}},"builder_content":"","_links":{"self":[{"href":"https:\/\/petelulu.com\/fr\/wp-json\/wp\/v2\/product\/839","targetHints":{"allow":["GET"]}}],"collection":[{"href":"https:\/\/petelulu.com\/fr\/wp-json\/wp\/v2\/product"}],"about":[{"href":"https:\/\/petelulu.com\/fr\/wp-json\/wp\/v2\/types\/product"}],"wp:featuredmedia":[{"embeddable":true,"href":"https:\/\/petelulu.com\/fr\/wp-json\/wp\/v2\/media\/841"}],"wp:attachment":[{"href":"https:\/\/petelulu.com\/fr\/wp-json\/wp\/v2\/media?parent=839"}],"wp:term":[{"taxonomy":"product_brand","embeddable":true,"href":"https:\/\/petelulu.com\/fr\/wp-json\/wp\/v2\/product_brand?post=839"},{"taxonomy":"product_cat","embeddable":true,"href":"https:\/\/petelulu.com\/fr\/wp-json\/wp\/v2\/product_cat?post=839"},{"taxonomy":"product_tag","embeddable":true,"href":"https:\/\/petelulu.com\/fr\/wp-json\/wp\/v2\/product_tag?post=839"}],"curies":[{"name":"wp","href":"https:\/\/api.w.org\/{rel}","templated":true}]}}