{"id":813,"date":"2025-03-01T02:16:33","date_gmt":"2025-03-01T02:16:33","guid":{"rendered":"https:\/\/petelulu.com\/?post_type=product&#038;p=813"},"modified":"2025-08-12T23:14:21","modified_gmt":"2025-08-13T03:14:21","slug":"bamboo-baby-sleeveless-sleep-sack","status":"publish","type":"product","link":"https:\/\/petelulu.com\/fr\/produit\/bamboo-baby-sleeveless-sleep-sack\/","title":{"rendered":"Dormeuse sans manches pour b\u00e9b\u00e9 en viscose de bambou personnalis\u00e9e"},"content":{"rendered":"<div id=\"sellingpoint\" class=\"header\">\n<div id=\"sellingpoint\" class=\"header\">\n<div id=\"sellingpoint\" class=\"header\">\n<h2>A propos de ce produit<\/h2>\n<\/div>\n<ul class=\"\">\n<li>Soft and Breathable Fabric: The PETELULU Soft Baby Sleep Bag features a comfortable fabric made from 100% bamboo fiber, ensuring a soft and breathable sleeping experience for your baby. This eco-friendly material is perfect for warm summer nights.<\/li>\n<li>Sustainable and Anti-Bacterial: Our baby sleeping bag is designed with sustainability in mind, using bamboo fabric that is naturally anti-bacterial and resistant to odor buildup. This feature provides a clean and healthy sleeping environment for your little one.<\/li>\n<li>Customizable Options: We welcome custom designs, allowing you to personalize the sleeping bag with your preferred logo or pattern. This unique feature makes our product a thoughtful gift for friends and family with babies.<\/li>\n<li>Versatile and Comfortable: The sleeveless design of our baby sleep bag ensures your baby stays comfortable and relaxed throughout the night. The zipper closure provides easy entry and exit, while the plus size option accommodates growing babies.<\/li>\n<li data-spm-anchor-id=\"a2700.details.0.i86.9c5c49c9yZr9kU\">Quick Production and Shipping: We offer a 7-day sample order lead time and support for ODM\/OEM service, ensuring timely delivery of your custom orders. This efficient production process allows you to get your custom baby sleeping bags quickly, with a minimum order quantity of 360 pieces.<\/li>\n<\/ul>\n<\/div>\n<\/div>","protected":false},"excerpt":{"rendered":"<p>Prix unitaire : US $7.99-9.99 \/ Pi\u00e8ce<br \/>\nQuantit\u00e9 de commande min : 300 pi\u00e8ces\/taille<br \/>\nMat\u00e9riau : Fibre de bambou 100%<br \/>\nAge: Newborn\/0-3M\/3-6M\/6-9M\/9-12M\/12-18M\/18-24M<br \/>\nMat\u00e9riaux applicables : Bambou\/coton biologique\/coton pur\/rayonne modale\/mousseline de bambou<br \/>\nCapacit\u00e9 de production : 10 000 pi\u00e8ces par mois<br \/>\nPort : Guangzhou, Chine<br \/>\nConditions de paiement : T\/T<br \/>\nEchantillon\uff1aAccepter un \u00e9chantillon personnalis\u00e9<br \/>\nLogo : Logo personnalis\u00e9<br \/>\nLivraison : 25-35 jours ouvrables<br \/>\nOEM ET ODM<\/p>\n<p><a href=\"https:\/\/petelulu.com\/fr\/#category\">Voir plus<\/a><\/p>\n<div class=\"wpforms-container wpforms-container-full wpforms-render-modern\" id=\"wpforms-2878\"><form id=\"wpforms-form-2878\" class=\"wpforms-validate wpforms-form wpforms-ajax-form\" data-formid=\"2878\" method=\"post\" enctype=\"multipart\/form-data\" action=\"\/fr\/wp-json\/wp\/v2\/product\/813\" data-token=\"e1a57099e00604c239ff9b2b39f1b9e0\" data-token-time=\"1776191629\" data-trp-original-action=\"\/fr\/wp-json\/wp\/v2\/product\/813\"><noscript class=\"wpforms-error-noscript\">Veuillez activer JavaScript dans votre navigateur pour remplir ce formulaire.<\/noscript><div class=\"wpforms-hidden\" id=\"wpforms-error-noscript\">Veuillez activer JavaScript dans votre navigateur pour remplir ce formulaire.<\/div><div class=\"wpforms-field-container\"><div id=\"wpforms-2878-field_2-container\" class=\"wpforms-field wpforms-field-name\" data-field-id=\"2\"><label class=\"wpforms-field-label\" for=\"wpforms-2878-field_2\">Nom <span class=\"wpforms-required-label\" aria-hidden=\"true\">*<\/span><\/label><input type=\"text\" id=\"wpforms-2878-field_2\" class=\"wpforms-field-medium wpforms-field-required\" name=\"wpforms[fields][2]\" aria-errormessage=\"wpforms-2878-field_2-error\" required><\/div><div id=\"wpforms-2878-field_5-container\" class=\"wpforms-field wpforms-field-email\" data-field-id=\"5\"><label class=\"wpforms-field-label\" for=\"wpforms-2878-field_5\">Courriel <span class=\"wpforms-required-label\" aria-hidden=\"true\">*<\/span><\/label><input type=\"email\" id=\"wpforms-2878-field_5\" class=\"wpforms-field-medium wpforms-field-required\" name=\"wpforms[fields][5]\" spellcheck=\"false\" aria-errormessage=\"wpforms-2878-field_5-error\" required><\/div><div id=\"wpforms-2878-field_3-container\" class=\"wpforms-field wpforms-field-textarea\" data-field-id=\"3\"><label class=\"wpforms-field-label\" for=\"wpforms-2878-field_3\">Demande <span class=\"wpforms-required-label\" aria-hidden=\"true\">*<\/span><\/label><textarea id=\"wpforms-2878-field_3\" class=\"wpforms-field-medium wpforms-field-required\" name=\"wpforms[fields][3]\" aria-errormessage=\"wpforms-2878-field_3-error\" aria-describedby=\"wpforms-2878-field_3-description\" required><\/textarea><div id=\"wpforms-2878-field_3-description\" class=\"wpforms-field-description\">Veuillez nous communiquer vos besoins et votre num\u00e9ro WhatsApp, et notre repr\u00e9sentant commercial vous contactera.<\/div><\/div><\/div><!-- .wpforms-field-container --><div class=\"wpforms-submit-container\" ><input type=\"hidden\" name=\"wpforms[id]\" value=\"2878\"><input type=\"hidden\" name=\"page_title\" value=\"\"><input type=\"hidden\" name=\"page_url\" value=\"https:\/\/petelulu.com\/fr\/wp-json\/wp\/v2\/product\/813\"><input type=\"hidden\" name=\"url_referer\" value=\"\"><button type=\"submit\" name=\"wpforms[submit]\" id=\"wpforms-submit-2878\" class=\"wpforms-submit\" data-alt-text=\"Sending...\" data-submit-text=\"Submit\" aria-live=\"assertive\" value=\"wpforms-submit\">Soumettre<\/button><img loading=\"lazy\" decoding=\"async\" src=\"https:\/\/petelulu.com\/wp-content\/plugins\/wpforms-lite\/assets\/images\/submit-spin.svg\" class=\"wpforms-submit-spinner\" style=\"display: none;\" width=\"26\" height=\"26\" alt=\"Chargement en cours\"><\/div><input type=\"hidden\" name=\"trp-form-language\" value=\"fr\"\/><\/form><\/div>  <!-- .wpforms-container -->\n<p>&nbsp;<\/p>","protected":false},"featured_media":814,"template":"","meta":[],"product_brand":[],"product_cat":[71],"product_tag":[80],"class_list":{"0":"post-813","1":"product","2":"type-product","3":"status-publish","4":"has-post-thumbnail","6":"product_cat-sleeping-bags","7":"product_tag-baby","8":"has-post-title","9":"has-post-date","10":"has-post-category","11":"has-post-tag","12":"has-post-comment","13":"has-post-author","14":"","16":"first","17":"instock","18":"shipping-taxable","19":"product-type-simple"},"yoast_head":"<!-- This site is optimized with the Yoast SEO Premium plugin v24.5 (Yoast SEO v25.6) - https:\/\/yoast.com\/wordpress\/plugins\/seo\/ -->\n<title>Custom Bamboo Viscose Baby Sleeveless Sleep Sack - petelulu<\/title>\n<meta name=\"description\" content=\"B2B Baby Clothing | Bamboo Baby Sleeveless Sleep Sack. Competitive Pricing, Quick Ship. Global Delivery for Retailers\/Wholesale.\" \/>\n<meta name=\"robots\" content=\"index, follow, max-snippet:-1, max-image-preview:large, max-video-preview:-1\" \/>\n<link rel=\"canonical\" href=\"https:\/\/petelulu.com\/fr\/produit\/bamboo-baby-sleeveless-sleep-sack\/\" \/>\n<meta property=\"og:locale\" content=\"fr_FR\" \/>\n<meta property=\"og:type\" content=\"article\" \/>\n<meta property=\"og:title\" content=\"Custom Bamboo Viscose Baby Sleeveless Sleep Sack\" \/>\n<meta property=\"og:description\" content=\"B2B Baby Clothing | Bamboo Baby Sleeveless Sleep Sack. Competitive Pricing, Quick Ship. Global Delivery for Retailers\/Wholesale.\" \/>\n<meta property=\"og:url\" content=\"https:\/\/petelulu.com\/fr\/produit\/bamboo-baby-sleeveless-sleep-sack\/\" \/>\n<meta property=\"og:site_name\" content=\"petelulu\" \/>\n<meta property=\"article:modified_time\" content=\"2025-08-13T03:14:21+00:00\" \/>\n<meta name=\"twitter:card\" content=\"summary_large_image\" \/>\n<meta name=\"twitter:label1\" content=\"Dur\u00e9e de lecture estim\u00e9e\" \/>\n\t<meta name=\"twitter:data1\" content=\"2 minutes\" \/>\n<script type=\"application\/ld+json\" class=\"yoast-schema-graph\">{\"@context\":\"https:\/\/schema.org\",\"@graph\":[{\"@type\":\"WebPage\",\"@id\":\"https:\/\/petelulu.com\/product\/bamboo-baby-sleeveless-sleep-sack\/\",\"url\":\"https:\/\/petelulu.com\/product\/bamboo-baby-sleeveless-sleep-sack\/\",\"name\":\"Custom Bamboo Viscose Baby Sleeveless Sleep Sack - petelulu\",\"isPartOf\":{\"@id\":\"https:\/\/petelulu.com\/#website\"},\"primaryImageOfPage\":{\"@id\":\"https:\/\/petelulu.com\/product\/bamboo-baby-sleeveless-sleep-sack\/#primaryimage\"},\"image\":{\"@id\":\"https:\/\/petelulu.com\/product\/bamboo-baby-sleeveless-sleep-sack\/#primaryimage\"},\"thumbnailUrl\":\"https:\/\/petelulu.com\/wp-content\/uploads\/2025\/03\/H140a7904fde8408a8245774bf2bd4974U.jpg_720x720q50.avif\",\"datePublished\":\"2025-03-01T02:16:33+00:00\",\"dateModified\":\"2025-08-13T03:14:21+00:00\",\"description\":\"B2B Baby Clothing | Bamboo Baby Sleeveless Sleep Sack. Competitive Pricing, Quick Ship. Global Delivery for Retailers\/Wholesale.\",\"breadcrumb\":{\"@id\":\"https:\/\/petelulu.com\/product\/bamboo-baby-sleeveless-sleep-sack\/#breadcrumb\"},\"inLanguage\":\"fr-FR\",\"potentialAction\":[{\"@type\":\"ReadAction\",\"target\":[\"https:\/\/petelulu.com\/product\/bamboo-baby-sleeveless-sleep-sack\/\"]}]},{\"@type\":\"ImageObject\",\"inLanguage\":\"fr-FR\",\"@id\":\"https:\/\/petelulu.com\/product\/bamboo-baby-sleeveless-sleep-sack\/#primaryimage\",\"url\":\"https:\/\/petelulu.com\/wp-content\/uploads\/2025\/03\/H140a7904fde8408a8245774bf2bd4974U.jpg_720x720q50.avif\",\"contentUrl\":\"https:\/\/petelulu.com\/wp-content\/uploads\/2025\/03\/H140a7904fde8408a8245774bf2bd4974U.jpg_720x720q50.avif\",\"width\":720,\"height\":720,\"caption\":\"Bamboo Baby Sleeveless Sleep Sack\"},{\"@type\":\"BreadcrumbList\",\"@id\":\"https:\/\/petelulu.com\/product\/bamboo-baby-sleeveless-sleep-sack\/#breadcrumb\",\"itemListElement\":[{\"@type\":\"ListItem\",\"position\":1,\"name\":\"\u9996\u9875\",\"item\":\"https:\/\/petelulu.com\/\"},{\"@type\":\"ListItem\",\"position\":2,\"name\":\"PRODUCT GALLERY\",\"item\":\"https:\/\/petelulu.com\/product-gallery\/\"},{\"@type\":\"ListItem\",\"position\":3,\"name\":\"Custom Bamboo Viscose Baby Sleeveless Sleep Sack\"}]},{\"@type\":\"WebSite\",\"@id\":\"https:\/\/petelulu.com\/#website\",\"url\":\"https:\/\/petelulu.com\/\",\"name\":\"PETElulu\",\"description\":\"\",\"potentialAction\":[{\"@type\":\"SearchAction\",\"target\":{\"@type\":\"EntryPoint\",\"urlTemplate\":\"https:\/\/petelulu.com\/?s={search_term_string}\"},\"query-input\":{\"@type\":\"PropertyValueSpecification\",\"valueRequired\":true,\"valueName\":\"search_term_string\"}}],\"inLanguage\":\"fr-FR\"}]}<\/script>\n<!-- \/ Yoast SEO Premium plugin. -->","yoast_head_json":{"title":"Custom Bamboo Viscose Baby Sleeveless Sleep Sack - petelulu","description":"B2B Baby Clothing | Bamboo Baby Sleeveless Sleep Sack. Competitive Pricing, Quick Ship. Global Delivery for Retailers\/Wholesale.","robots":{"index":"index","follow":"follow","max-snippet":"max-snippet:-1","max-image-preview":"max-image-preview:large","max-video-preview":"max-video-preview:-1"},"canonical":"https:\/\/petelulu.com\/fr\/produit\/bamboo-baby-sleeveless-sleep-sack\/","og_locale":"fr_FR","og_type":"article","og_title":"Custom Bamboo Viscose Baby Sleeveless Sleep Sack","og_description":"B2B Baby Clothing | Bamboo Baby Sleeveless Sleep Sack. Competitive Pricing, Quick Ship. Global Delivery for Retailers\/Wholesale.","og_url":"https:\/\/petelulu.com\/fr\/produit\/bamboo-baby-sleeveless-sleep-sack\/","og_site_name":"petelulu","article_modified_time":"2025-08-13T03:14:21+00:00","twitter_card":"summary_large_image","twitter_misc":{"Dur\u00e9e de lecture estim\u00e9e":"2 minutes"},"schema":{"@context":"https:\/\/schema.org","@graph":[{"@type":"WebPage","@id":"https:\/\/petelulu.com\/product\/bamboo-baby-sleeveless-sleep-sack\/","url":"https:\/\/petelulu.com\/product\/bamboo-baby-sleeveless-sleep-sack\/","name":"Custom Bamboo Viscose Baby Sleeveless Sleep Sack - petelulu","isPartOf":{"@id":"https:\/\/petelulu.com\/#website"},"primaryImageOfPage":{"@id":"https:\/\/petelulu.com\/product\/bamboo-baby-sleeveless-sleep-sack\/#primaryimage"},"image":{"@id":"https:\/\/petelulu.com\/product\/bamboo-baby-sleeveless-sleep-sack\/#primaryimage"},"thumbnailUrl":"https:\/\/petelulu.com\/wp-content\/uploads\/2025\/03\/H140a7904fde8408a8245774bf2bd4974U.jpg_720x720q50.avif","datePublished":"2025-03-01T02:16:33+00:00","dateModified":"2025-08-13T03:14:21+00:00","description":"B2B Baby Clothing | Bamboo Baby Sleeveless Sleep Sack. Competitive Pricing, Quick Ship. Global Delivery for Retailers\/Wholesale.","breadcrumb":{"@id":"https:\/\/petelulu.com\/product\/bamboo-baby-sleeveless-sleep-sack\/#breadcrumb"},"inLanguage":"fr-FR","potentialAction":[{"@type":"ReadAction","target":["https:\/\/petelulu.com\/product\/bamboo-baby-sleeveless-sleep-sack\/"]}]},{"@type":"ImageObject","inLanguage":"fr-FR","@id":"https:\/\/petelulu.com\/product\/bamboo-baby-sleeveless-sleep-sack\/#primaryimage","url":"https:\/\/petelulu.com\/wp-content\/uploads\/2025\/03\/H140a7904fde8408a8245774bf2bd4974U.jpg_720x720q50.avif","contentUrl":"https:\/\/petelulu.com\/wp-content\/uploads\/2025\/03\/H140a7904fde8408a8245774bf2bd4974U.jpg_720x720q50.avif","width":720,"height":720,"caption":"Bamboo Baby Sleeveless Sleep Sack"},{"@type":"BreadcrumbList","@id":"https:\/\/petelulu.com\/product\/bamboo-baby-sleeveless-sleep-sack\/#breadcrumb","itemListElement":[{"@type":"ListItem","position":1,"name":"\u9996\u9875","item":"https:\/\/petelulu.com\/"},{"@type":"ListItem","position":2,"name":"PRODUCT GALLERY","item":"https:\/\/petelulu.com\/product-gallery\/"},{"@type":"ListItem","position":3,"name":"Custom Bamboo Viscose Baby Sleeveless Sleep Sack"}]},{"@type":"WebSite","@id":"https:\/\/petelulu.com\/#website","url":"https:\/\/petelulu.com\/","name":"PETElulu","description":"","potentialAction":[{"@type":"SearchAction","target":{"@type":"EntryPoint","urlTemplate":"https:\/\/petelulu.com\/?s={search_term_string}"},"query-input":{"@type":"PropertyValueSpecification","valueRequired":true,"valueName":"search_term_string"}}],"inLanguage":"fr-FR"}]}},"builder_content":"","_links":{"self":[{"href":"https:\/\/petelulu.com\/fr\/wp-json\/wp\/v2\/product\/813","targetHints":{"allow":["GET"]}}],"collection":[{"href":"https:\/\/petelulu.com\/fr\/wp-json\/wp\/v2\/product"}],"about":[{"href":"https:\/\/petelulu.com\/fr\/wp-json\/wp\/v2\/types\/product"}],"wp:featuredmedia":[{"embeddable":true,"href":"https:\/\/petelulu.com\/fr\/wp-json\/wp\/v2\/media\/814"}],"wp:attachment":[{"href":"https:\/\/petelulu.com\/fr\/wp-json\/wp\/v2\/media?parent=813"}],"wp:term":[{"taxonomy":"product_brand","embeddable":true,"href":"https:\/\/petelulu.com\/fr\/wp-json\/wp\/v2\/product_brand?post=813"},{"taxonomy":"product_cat","embeddable":true,"href":"https:\/\/petelulu.com\/fr\/wp-json\/wp\/v2\/product_cat?post=813"},{"taxonomy":"product_tag","embeddable":true,"href":"https:\/\/petelulu.com\/fr\/wp-json\/wp\/v2\/product_tag?post=813"}],"curies":[{"name":"wp","href":"https:\/\/api.w.org\/{rel}","templated":true}]}}