{"id":4706,"date":"2025-06-26T23:30:14","date_gmt":"2025-06-27T03:30:14","guid":{"rendered":"https:\/\/petelulu.com\/product\/short-sleeve-cotton-clothing-set-copy\/"},"modified":"2026-03-05T12:45:13","modified_gmt":"2026-03-05T04:45:13","slug":"ensemble-de-vetements-en-coton-a-manches-longues","status":"publish","type":"product","link":"https:\/\/petelulu.com\/fr\/produit\/ensemble-de-vetements-en-coton-a-manches-longues\/","title":{"rendered":"V\u00eatements en coton biologique \u00e0 manches longues personnalis\u00e9s"},"content":{"rendered":"<div id=\"sellingpoint\" class=\"header\">\n<h2>A propos de ce produit<\/h2>\n<\/div>\n<ul class=\"\">\n<li>Mat\u00e9riaux de haute qualit\u00e9 : Cet ensemble de v\u00eatements pour b\u00e9b\u00e9 de premi\u00e8re qualit\u00e9 est fabriqu\u00e9 en coton 100%, ce qui garantit un tissu doux, respirant et \u00e9cologique qui respecte la peau de votre enfant. L'utilisation du coton 100% facilite \u00e9galement l'entretien et la maintenance.<\/li>\n<li>Design confortable : La conception \u00e0 manches courtes permet \u00e0 votre enfant de se sentir \u00e0 l'aise, ce qui est id\u00e9al par temps chaud. Les caract\u00e9ristiques anti-r\u00e9tr\u00e9cissement, anti-plissement et de s\u00e9chage rapide garantissent que l'ensemble de v\u00eatements reste en bon \u00e9tat, m\u00eame apr\u00e8s plusieurs lavages.<\/li>\n<li>Options de personnalisation : Nous offrons des services de personnalisation, ce qui vous permet de personnaliser l'ensemble de v\u00eatements avec le logo ou les couleurs de votre choix. Cela en fait un excellent choix pour les entreprises qui souhaitent cr\u00e9er des marchandises de marque ou pour les particuliers qui recherchent un cadeau unique.<\/li>\n<li>Multifonctionnel : Cet ensemble 2 pi\u00e8ces comprend une chemise et un short, offrant une tenue compl\u00e8te \u00e0 votre enfant. Le type de fermeture est un point ouvert, garantissant un ajustement s\u00fbr et confortable.<\/li>\n<li data-spm-anchor-id=\"a2700.details.0.i80.2cd556eaYUtQCx\">Processus de commande pratique : Nous proposons un d\u00e9lai d'ex\u00e9cution rapide de 7 jours pour les commandes d'\u00e9chantillons, ce qui vous permet de recevoir votre produit personnalis\u00e9 dans les meilleurs d\u00e9lais. En outre, nous acceptons les commandes OEM et ODM, afin de r\u00e9pondre \u00e0 vos besoins commerciaux sp\u00e9cifiques.<\/li>\n<\/ul>","protected":false},"excerpt":{"rendered":"<p>Prix unitaire : US $6.90-9.50\/ Pi\u00e8ce<br \/>\nQuantit\u00e9 de commande min : 300 pi\u00e8ces\/taille<br \/>\nMati\u00e8re : Spandex \/ Coton biologique<br \/>\nAge: 0-3M\/3-6M\/6-9M\/9-12M\/12-18M\/18-24M\/2T-3T-4T<br \/>\nMat\u00e9riaux applicables : Bambou\/coton biologique\/coton pur\/\u00e9ponge fran\u00e7aise\/mousseline de bambou<br \/>\nSupply Ability: 100,000 Piece\/Pieces per Month<br \/>\nPort : Guangzhou, Chine<br \/>\nConditions de paiement : T\/T<br \/>\nEchantillon\uff1aAccepter un \u00e9chantillon personnalis\u00e9<br \/>\nLogo : Logo personnalis\u00e9<br \/>\nLivraison : 25-35 jours ouvrables<br \/>\nOEM ET ODM<\/p>\n<p><a href=\"https:\/\/petelulu.com\/fr\/#category\">Voir plus<\/a><\/p>\n<style id=\"wpforms-css-vars-2878\">\n\t\t\t\t#wpforms-2878 {\n\t\t\t\t\n\t\t\t}\n\t\t\t<\/style><div class=\"wpforms-container wpforms-container-full wpforms-render-modern\" id=\"wpforms-2878\"><form id=\"wpforms-form-2878\" class=\"wpforms-validate wpforms-form wpforms-ajax-form\" data-formid=\"2878\" method=\"post\" enctype=\"multipart\/form-data\" action=\"\/fr\/wp-json\/wp\/v2\/product\/4706\" data-token=\"a751e7cfcf93a1d5e0a8dc2a1a9f2f33\" data-token-time=\"1778144861\" data-trp-original-action=\"\/fr\/wp-json\/wp\/v2\/product\/4706\"><noscript class=\"wpforms-error-noscript\">Veuillez activer JavaScript dans votre navigateur pour remplir ce formulaire.<\/noscript><div id=\"wpforms-error-noscript\" style=\"display: none;\">Veuillez activer JavaScript dans votre navigateur pour remplir ce formulaire.<\/div><div class=\"wpforms-field-container\"><div id=\"wpforms-2878-field_2-container\" class=\"wpforms-field wpforms-field-name\" data-field-id=\"2\"><label class=\"wpforms-field-label\" for=\"wpforms-2878-field_2\">Nom <span class=\"wpforms-required-label\" aria-hidden=\"true\">*<\/span><\/label><input type=\"text\" id=\"wpforms-2878-field_2\" class=\"wpforms-field-medium wpforms-field-required\" name=\"wpforms[fields][2]\" aria-errormessage=\"wpforms-2878-field_2-error\" required><\/div>\t\t<div id=\"wpforms-2878-field_1-container\"\n\t\t\tclass=\"wpforms-field wpforms-field-text\"\n\t\t\tdata-field-type=\"text\"\n\t\t\tdata-field-id=\"1\"\n\t\t\t>\n\t\t\t<label class=\"wpforms-field-label\" for=\"wpforms-2878-field_1\" >Nom Courriel Demande<\/label>\n\t\t\t<input type=\"text\" id=\"wpforms-2878-field_1\" class=\"wpforms-field-medium\" name=\"wpforms[fields][1]\" >\n\t\t<\/div>\n\t\t<div id=\"wpforms-2878-field_5-container\" class=\"wpforms-field wpforms-field-email\" data-field-id=\"5\"><label class=\"wpforms-field-label\" for=\"wpforms-2878-field_5\">Courriel <span class=\"wpforms-required-label\" aria-hidden=\"true\">*<\/span><\/label><input type=\"email\" id=\"wpforms-2878-field_5\" class=\"wpforms-field-medium wpforms-field-required\" name=\"wpforms[fields][5]\" spellcheck=\"false\" aria-errormessage=\"wpforms-2878-field_5-error\" required><\/div><div id=\"wpforms-2878-field_3-container\" class=\"wpforms-field wpforms-field-textarea\" data-field-id=\"3\"><label class=\"wpforms-field-label\" for=\"wpforms-2878-field_3\">Demande <span class=\"wpforms-required-label\" aria-hidden=\"true\">*<\/span><\/label><textarea id=\"wpforms-2878-field_3\" class=\"wpforms-field-medium wpforms-field-required\" name=\"wpforms[fields][3]\" aria-errormessage=\"wpforms-2878-field_3-error\" aria-describedby=\"wpforms-2878-field_3-description\" required><\/textarea><div id=\"wpforms-2878-field_3-description\" class=\"wpforms-field-description\">Veuillez nous communiquer vos besoins et votre num\u00e9ro WhatsApp, et notre repr\u00e9sentant commercial vous contactera.<\/div><\/div><script>\n\t\t\t\t( function() {\n\t\t\t\t\tconst style = document.createElement( 'style' );\n\t\t\t\t\tstyle.appendChild( document.createTextNode( '#wpforms-2878-field_1-container { position: absolute !important; overflow: hidden !important; display: inline !important; height: 1px !important; width: 1px !important; z-index: -1000 !important; padding: 0 !important; } #wpforms-2878-field_1-container input { visibility: hidden; } #wpforms-conversational-form-page #wpforms-2878-field_1-container label { counter-increment: none; }' ) );\n\t\t\t\t\tdocument.head.appendChild( style );\n\t\t\t\t\tdocument.currentScript?.remove();\n\t\t\t\t} )();\n\t\t\t<\/script><\/div><!-- .wpforms-field-container --><div class=\"wpforms-submit-container\" ><input type=\"hidden\" name=\"wpforms[id]\" value=\"2878\"><input type=\"hidden\" name=\"page_title\" value=\"\"><input type=\"hidden\" name=\"page_url\" value=\"https:\/\/petelulu.com\/fr\/wp-json\/wp\/v2\/product\/4706\"><input type=\"hidden\" name=\"url_referer\" value=\"\"><button type=\"submit\" name=\"wpforms[submit]\" id=\"wpforms-submit-2878\" class=\"wpforms-submit\" data-alt-text=\"Sending...\" data-submit-text=\"Submit\" aria-live=\"assertive\" value=\"wpforms-submit\">Soumettre<\/button><img loading=\"lazy\" decoding=\"async\" src=\"https:\/\/petelulu.com\/wp-content\/plugins\/wpforms-lite\/assets\/images\/submit-spin.svg\" class=\"wpforms-submit-spinner\" style=\"display: none;\" width=\"26\" height=\"26\" alt=\"Chargement en cours\"><\/div><input type=\"hidden\" name=\"trp-form-language\" value=\"fr\"\/><\/form><\/div>  <!-- .wpforms-container -->\n<p>&nbsp;<\/p>","protected":false},"featured_media":4712,"template":"","meta":[],"product_brand":[],"product_cat":[46],"product_tag":[80,82,81],"class_list":{"0":"post-4706","1":"product","2":"type-product","3":"status-publish","4":"has-post-thumbnail","6":"product_cat-clothing-sets","7":"product_tag-baby","8":"product_tag-kid","9":"product_tag-toddler","10":"has-post-title","11":"has-post-date","12":"has-post-category","13":"has-post-tag","14":"has-post-comment","15":"has-post-author","16":"","18":"first","19":"instock","20":"shipping-taxable","21":"product-type-simple"},"yoast_head":"<!-- This site is optimized with the Yoast SEO Premium plugin v24.5 (Yoast SEO v25.6) - https:\/\/yoast.com\/wordpress\/plugins\/seo\/ -->\n<title>Custom Long Sleeve Organic Cotton Clothing - petelulu<\/title>\n<meta name=\"description\" content=\"B2B Baby Clothing | Short Sleeve Boys Clothing Sets. Competitive Pricing, Quick Ship. Global Delivery for Retailers\/Wholesale.\" \/>\n<meta name=\"robots\" content=\"index, follow, max-snippet:-1, max-image-preview:large, max-video-preview:-1\" \/>\n<link rel=\"canonical\" href=\"https:\/\/petelulu.com\/fr\/produit\/ensemble-de-vetements-en-coton-a-manches-longues\/\" \/>\n<meta property=\"og:locale\" content=\"fr_FR\" \/>\n<meta property=\"og:type\" content=\"article\" \/>\n<meta property=\"og:title\" content=\"Custom Long Sleeve Organic Cotton Clothing\" \/>\n<meta property=\"og:description\" content=\"B2B Baby Clothing | Short Sleeve Boys Clothing Sets. Competitive Pricing, Quick Ship. Global Delivery for Retailers\/Wholesale.\" \/>\n<meta property=\"og:url\" content=\"https:\/\/petelulu.com\/fr\/produit\/ensemble-de-vetements-en-coton-a-manches-longues\/\" \/>\n<meta property=\"og:site_name\" content=\"petelulu\" \/>\n<meta property=\"article:modified_time\" content=\"2026-03-05T04:45:13+00:00\" \/>\n<meta property=\"og:image\" content=\"https:\/\/petelulu.com\/wp-content\/uploads\/2025\/06\/SKU-1.avif\" \/>\n\t<meta property=\"og:image:width\" content=\"2000\" \/>\n\t<meta property=\"og:image:height\" content=\"2000\" \/>\n\t<meta property=\"og:image:type\" content=\"image\/jpeg\" \/>\n<meta name=\"twitter:card\" content=\"summary_large_image\" \/>\n<meta name=\"twitter:label1\" content=\"Dur\u00e9e de lecture estim\u00e9e\" \/>\n\t<meta name=\"twitter:data1\" content=\"2 minutes\" \/>\n<script type=\"application\/ld+json\" class=\"yoast-schema-graph\">{\"@context\":\"https:\/\/schema.org\",\"@graph\":[{\"@type\":\"WebPage\",\"@id\":\"https:\/\/petelulu.com\/product\/long-sleeve-cotton-clothing-set\/\",\"url\":\"https:\/\/petelulu.com\/product\/long-sleeve-cotton-clothing-set\/\",\"name\":\"Custom Long Sleeve Organic Cotton Clothing - petelulu\",\"isPartOf\":{\"@id\":\"https:\/\/petelulu.com\/#website\"},\"primaryImageOfPage\":{\"@id\":\"https:\/\/petelulu.com\/product\/long-sleeve-cotton-clothing-set\/#primaryimage\"},\"image\":{\"@id\":\"https:\/\/petelulu.com\/product\/long-sleeve-cotton-clothing-set\/#primaryimage\"},\"thumbnailUrl\":\"https:\/\/petelulu.com\/wp-content\/uploads\/2025\/06\/SKU-1.avif\",\"datePublished\":\"2025-06-27T03:30:14+00:00\",\"dateModified\":\"2026-03-05T04:45:13+00:00\",\"description\":\"B2B Baby Clothing | Short Sleeve Boys Clothing Sets. Competitive Pricing, Quick Ship. Global Delivery for Retailers\/Wholesale.\",\"breadcrumb\":{\"@id\":\"https:\/\/petelulu.com\/product\/long-sleeve-cotton-clothing-set\/#breadcrumb\"},\"inLanguage\":\"fr-FR\",\"potentialAction\":[{\"@type\":\"ReadAction\",\"target\":[\"https:\/\/petelulu.com\/product\/long-sleeve-cotton-clothing-set\/\"]}]},{\"@type\":\"ImageObject\",\"inLanguage\":\"fr-FR\",\"@id\":\"https:\/\/petelulu.com\/product\/long-sleeve-cotton-clothing-set\/#primaryimage\",\"url\":\"https:\/\/petelulu.com\/wp-content\/uploads\/2025\/06\/SKU-1.avif\",\"contentUrl\":\"https:\/\/petelulu.com\/wp-content\/uploads\/2025\/06\/SKU-1.avif\",\"width\":2000,\"height\":2000,\"caption\":\"Long Sleeve Organic Cotton Clothing\"},{\"@type\":\"BreadcrumbList\",\"@id\":\"https:\/\/petelulu.com\/product\/long-sleeve-cotton-clothing-set\/#breadcrumb\",\"itemListElement\":[{\"@type\":\"ListItem\",\"position\":1,\"name\":\"\u9996\u9875\",\"item\":\"https:\/\/petelulu.com\/\"},{\"@type\":\"ListItem\",\"position\":2,\"name\":\"PRODUCT GALLERY\",\"item\":\"https:\/\/petelulu.com\/product-gallery\/\"},{\"@type\":\"ListItem\",\"position\":3,\"name\":\"Custom Long Sleeve Organic Cotton Clothing\"}]},{\"@type\":\"WebSite\",\"@id\":\"https:\/\/petelulu.com\/#website\",\"url\":\"https:\/\/petelulu.com\/\",\"name\":\"PETElulu\",\"description\":\"\",\"potentialAction\":[{\"@type\":\"SearchAction\",\"target\":{\"@type\":\"EntryPoint\",\"urlTemplate\":\"https:\/\/petelulu.com\/?s={search_term_string}\"},\"query-input\":{\"@type\":\"PropertyValueSpecification\",\"valueRequired\":true,\"valueName\":\"search_term_string\"}}],\"inLanguage\":\"fr-FR\"}]}<\/script>\n<!-- \/ Yoast SEO Premium plugin. -->","yoast_head_json":{"title":"V\u00eatements personnalis\u00e9s en coton biologique \u00e0 manches longues - petelulu","description":"B2B Baby Clothing | Ensembles de v\u00eatements \u00e0 manches courtes pour gar\u00e7ons. Prix comp\u00e9titifs, exp\u00e9dition rapide. Livraison globale pour les d\u00e9taillants\/grossistes.","robots":{"index":"index","follow":"follow","max-snippet":"max-snippet:-1","max-image-preview":"max-image-preview:large","max-video-preview":"max-video-preview:-1"},"canonical":"https:\/\/petelulu.com\/fr\/produit\/ensemble-de-vetements-en-coton-a-manches-longues\/","og_locale":"fr_FR","og_type":"article","og_title":"Custom Long Sleeve Organic Cotton Clothing","og_description":"B2B Baby Clothing | Short Sleeve Boys Clothing Sets. Competitive Pricing, Quick Ship. Global Delivery for Retailers\/Wholesale.","og_url":"https:\/\/petelulu.com\/fr\/produit\/ensemble-de-vetements-en-coton-a-manches-longues\/","og_site_name":"petelulu","article_modified_time":"2026-03-05T04:45:13+00:00","og_image":[{"width":2000,"height":2000,"url":"https:\/\/petelulu.com\/wp-content\/uploads\/2025\/06\/SKU-1.avif","type":"image\/jpeg"}],"twitter_card":"summary_large_image","twitter_misc":{"Dur\u00e9e de lecture estim\u00e9e":"2 minutes"},"schema":{"@context":"https:\/\/schema.org","@graph":[{"@type":"WebPage","@id":"https:\/\/petelulu.com\/product\/long-sleeve-cotton-clothing-set\/","url":"https:\/\/petelulu.com\/product\/long-sleeve-cotton-clothing-set\/","name":"V\u00eatements personnalis\u00e9s en coton biologique \u00e0 manches longues - petelulu","isPartOf":{"@id":"https:\/\/petelulu.com\/#website"},"primaryImageOfPage":{"@id":"https:\/\/petelulu.com\/product\/long-sleeve-cotton-clothing-set\/#primaryimage"},"image":{"@id":"https:\/\/petelulu.com\/product\/long-sleeve-cotton-clothing-set\/#primaryimage"},"thumbnailUrl":"https:\/\/petelulu.com\/wp-content\/uploads\/2025\/06\/SKU-1.avif","datePublished":"2025-06-27T03:30:14+00:00","dateModified":"2026-03-05T04:45:13+00:00","description":"B2B Baby Clothing | Ensembles de v\u00eatements \u00e0 manches courtes pour gar\u00e7ons. Prix comp\u00e9titifs, exp\u00e9dition rapide. Livraison globale pour les d\u00e9taillants\/grossistes.","breadcrumb":{"@id":"https:\/\/petelulu.com\/product\/long-sleeve-cotton-clothing-set\/#breadcrumb"},"inLanguage":"fr-FR","potentialAction":[{"@type":"ReadAction","target":["https:\/\/petelulu.com\/product\/long-sleeve-cotton-clothing-set\/"]}]},{"@type":"ImageObject","inLanguage":"fr-FR","@id":"https:\/\/petelulu.com\/product\/long-sleeve-cotton-clothing-set\/#primaryimage","url":"https:\/\/petelulu.com\/wp-content\/uploads\/2025\/06\/SKU-1.avif","contentUrl":"https:\/\/petelulu.com\/wp-content\/uploads\/2025\/06\/SKU-1.avif","width":2000,"height":2000,"caption":"Long Sleeve Organic Cotton Clothing"},{"@type":"BreadcrumbList","@id":"https:\/\/petelulu.com\/product\/long-sleeve-cotton-clothing-set\/#breadcrumb","itemListElement":[{"@type":"ListItem","position":1,"name":"\u9996\u9875","item":"https:\/\/petelulu.com\/"},{"@type":"ListItem","position":2,"name":"PRODUCT GALLERY","item":"https:\/\/petelulu.com\/product-gallery\/"},{"@type":"ListItem","position":3,"name":"Custom Long Sleeve Organic Cotton Clothing"}]},{"@type":"WebSite","@id":"https:\/\/petelulu.com\/#website","url":"https:\/\/petelulu.com\/","name":"PETElulu","description":"","potentialAction":[{"@type":"SearchAction","target":{"@type":"EntryPoint","urlTemplate":"https:\/\/petelulu.com\/?s={search_term_string}"},"query-input":{"@type":"PropertyValueSpecification","valueRequired":true,"valueName":"search_term_string"}}],"inLanguage":"fr-FR"}]}},"builder_content":"","_links":{"self":[{"href":"https:\/\/petelulu.com\/fr\/wp-json\/wp\/v2\/product\/4706","targetHints":{"allow":["GET"]}}],"collection":[{"href":"https:\/\/petelulu.com\/fr\/wp-json\/wp\/v2\/product"}],"about":[{"href":"https:\/\/petelulu.com\/fr\/wp-json\/wp\/v2\/types\/product"}],"wp:featuredmedia":[{"embeddable":true,"href":"https:\/\/petelulu.com\/fr\/wp-json\/wp\/v2\/media\/4712"}],"wp:attachment":[{"href":"https:\/\/petelulu.com\/fr\/wp-json\/wp\/v2\/media?parent=4706"}],"wp:term":[{"taxonomy":"product_brand","embeddable":true,"href":"https:\/\/petelulu.com\/fr\/wp-json\/wp\/v2\/product_brand?post=4706"},{"taxonomy":"product_cat","embeddable":true,"href":"https:\/\/petelulu.com\/fr\/wp-json\/wp\/v2\/product_cat?post=4706"},{"taxonomy":"product_tag","embeddable":true,"href":"https:\/\/petelulu.com\/fr\/wp-json\/wp\/v2\/product_tag?post=4706"}],"curies":[{"name":"wp","href":"https:\/\/api.w.org\/{rel}","templated":true}]}}