{"id":4533,"date":"2025-06-17T23:26:11","date_gmt":"2025-06-18T03:26:11","guid":{"rendered":"https:\/\/petelulu.com\/product\/toddler-unisex-biker-legging-shorts-copy\/"},"modified":"2026-03-05T12:48:20","modified_gmt":"2026-03-05T04:48:20","slug":"short-biker-unisexe","status":"publish","type":"product","link":"https:\/\/petelulu.com\/fr\/produit\/short-biker-unisexe\/","title":{"rendered":"Short de biker unisexe personnalis\u00e9"},"content":{"rendered":"<ul class=\"\">\n<li>Design \u00e9l\u00e9gant : Notre Toddler Unisex Biker Legging Shorts offre un style preppy parfait pour les enfants, ce qui le rend id\u00e9al pour les parents comme vous qui veulent que leur enfant soit \u00e0 la mode et \u00e0 l'aise. Le motif l\u00e9opard ajoute une touche de sophistication \u00e0 l'ensemble.<\/li>\n<li>Confortable et durable : Fabriqu\u00e9 \u00e0 partir d'un m\u00e9lange de spandex et de bambou, ce short n'est pas seulement respirant et \u00e0 s\u00e9chage rapide, il est aussi anti-froissage et anti-statique. Ainsi, votre enfant reste \u00e0 l'aise tout au long de la journ\u00e9e.<\/li>\n<li>Caract\u00e9ristiques polyvalentes : Ce produit est con\u00e7u pour \u00eatre \u00e0 la fois un short et un pantalon, ce qui le rend parfait pour une vari\u00e9t\u00e9 d'occasions. Sa fonction imperm\u00e9able le rend \u00e9galement adapt\u00e9 aux activit\u00e9s de plein air, ce qui vous permet d'avoir l'esprit tranquille en tant que parent.<\/li>\n<li>Durable et \u00e9cologique : L'utilisation du bambou dans notre Toddler Unisex Biker Legging Shorts en fait un choix durable et \u00e9cologique pour les parents qui accordent une grande importance \u00e0 l'environnement.<\/li>\n<li data-spm-anchor-id=\"a2700.details.0.i78.6f0f7744nBhqut\">Facile \u00e0 commander : Avec une quantit\u00e9 minimale de 160 pi\u00e8ces, vous pouvez commander en gros et recevoir votre produit dans les 7 jours, ce qui en fait une option pratique pour les entreprises et les particuliers qui cherchent \u00e0 s'approvisionner en shorts \u00e0 la mode.<\/li>\n<\/ul>","protected":false},"excerpt":{"rendered":"<p>Prix unitaire : US $3.99-5.28\/ Pi\u00e8ce<br \/>\nQuantit\u00e9 de commande min : 300 pi\u00e8ces\/taille<br \/>\nMati\u00e8re : Spandex \/ Bambou<br \/>\nAge: Newborn\/0-3M\/3-6M\/6-9M\/9-12M\/12-18M\/18-24M<br \/>\nMat\u00e9riaux applicables : Bambou\/coton biologique\/coton pur\/rayonne modale\/mousseline de bambou<br \/>\nSupply Ability: 100,000 Piece\/Pieces per Month<br \/>\nPort : Guangzhou, Chine<br \/>\nConditions de paiement : T\/T<br \/>\nEchantillon\uff1aAccepter un \u00e9chantillon personnalis\u00e9<br \/>\nLogo : Logo personnalis\u00e9<br \/>\nLivraison : 25-35 jours ouvrables<br \/>\nOEM ET ODM<\/p>\n<p><a href=\"https:\/\/petelulu.com\/fr\/#category\">Voir plus<\/a><\/p>\n<div class=\"wpforms-container wpforms-container-full wpforms-render-modern\" id=\"wpforms-2878\"><form id=\"wpforms-form-2878\" class=\"wpforms-validate wpforms-form wpforms-ajax-form\" data-formid=\"2878\" method=\"post\" enctype=\"multipart\/form-data\" action=\"\/fr\/wp-json\/wp\/v2\/product\/4533\" data-token=\"e1a57099e00604c239ff9b2b39f1b9e0\" data-token-time=\"1776178298\" data-trp-original-action=\"\/fr\/wp-json\/wp\/v2\/product\/4533\"><noscript class=\"wpforms-error-noscript\">Veuillez activer JavaScript dans votre navigateur pour remplir ce formulaire.<\/noscript><div class=\"wpforms-hidden\" id=\"wpforms-error-noscript\">Veuillez activer JavaScript dans votre navigateur pour remplir ce formulaire.<\/div><div class=\"wpforms-field-container\"><div id=\"wpforms-2878-field_2-container\" class=\"wpforms-field wpforms-field-name\" data-field-id=\"2\"><label class=\"wpforms-field-label\" for=\"wpforms-2878-field_2\">Nom <span class=\"wpforms-required-label\" aria-hidden=\"true\">*<\/span><\/label><input type=\"text\" id=\"wpforms-2878-field_2\" class=\"wpforms-field-medium wpforms-field-required\" name=\"wpforms[fields][2]\" aria-errormessage=\"wpforms-2878-field_2-error\" required><\/div><div id=\"wpforms-2878-field_5-container\" class=\"wpforms-field wpforms-field-email\" data-field-id=\"5\"><label class=\"wpforms-field-label\" for=\"wpforms-2878-field_5\">Courriel <span class=\"wpforms-required-label\" aria-hidden=\"true\">*<\/span><\/label><input type=\"email\" id=\"wpforms-2878-field_5\" class=\"wpforms-field-medium wpforms-field-required\" name=\"wpforms[fields][5]\" spellcheck=\"false\" aria-errormessage=\"wpforms-2878-field_5-error\" required><\/div><div id=\"wpforms-2878-field_3-container\" class=\"wpforms-field wpforms-field-textarea\" data-field-id=\"3\"><label class=\"wpforms-field-label\" for=\"wpforms-2878-field_3\">Demande <span class=\"wpforms-required-label\" aria-hidden=\"true\">*<\/span><\/label><textarea id=\"wpforms-2878-field_3\" class=\"wpforms-field-medium wpforms-field-required\" name=\"wpforms[fields][3]\" aria-errormessage=\"wpforms-2878-field_3-error\" aria-describedby=\"wpforms-2878-field_3-description\" required><\/textarea><div id=\"wpforms-2878-field_3-description\" class=\"wpforms-field-description\">Veuillez nous communiquer vos besoins et votre num\u00e9ro WhatsApp, et notre repr\u00e9sentant commercial vous contactera.<\/div><\/div><\/div><!-- .wpforms-field-container --><div class=\"wpforms-submit-container\" ><input type=\"hidden\" name=\"wpforms[id]\" value=\"2878\"><input type=\"hidden\" name=\"page_title\" value=\"\"><input type=\"hidden\" name=\"page_url\" value=\"https:\/\/petelulu.com\/fr\/wp-json\/wp\/v2\/product\/4533\"><input type=\"hidden\" name=\"url_referer\" value=\"\"><button type=\"submit\" name=\"wpforms[submit]\" id=\"wpforms-submit-2878\" class=\"wpforms-submit\" data-alt-text=\"Sending...\" data-submit-text=\"Submit\" aria-live=\"assertive\" value=\"wpforms-submit\">Soumettre<\/button><img loading=\"lazy\" decoding=\"async\" src=\"https:\/\/petelulu.com\/wp-content\/plugins\/wpforms-lite\/assets\/images\/submit-spin.svg\" class=\"wpforms-submit-spinner\" style=\"display: none;\" width=\"26\" height=\"26\" alt=\"Chargement en cours\"><\/div><input type=\"hidden\" name=\"trp-form-language\" value=\"fr\"\/><\/form><\/div>  <!-- .wpforms-container -->\n<p>&nbsp;<\/p>","protected":false},"featured_media":4536,"template":"","meta":[],"product_brand":[],"product_cat":[77],"product_tag":[80,98,102,99,82,97,100,81],"class_list":{"0":"post-4533","1":"product","2":"type-product","3":"status-publish","4":"has-post-thumbnail","6":"product_cat-panties","7":"product_tag-baby","8":"product_tag-bamboo-fiber","9":"product_tag-category","10":"product_tag-french-terry","11":"product_tag-kid","12":"product_tag-organic-cotton","13":"product_tag-tencel","14":"product_tag-toddler","15":"has-post-title","16":"has-post-date","17":"has-post-category","18":"has-post-tag","19":"has-post-comment","20":"has-post-author","21":"","23":"first","24":"instock","25":"shipping-taxable","26":"product-type-simple"},"yoast_head":"<!-- This site is optimized with the Yoast SEO Premium plugin v24.5 (Yoast SEO v25.6) - https:\/\/yoast.com\/wordpress\/plugins\/seo\/ -->\n<title>Custom Unisex Biker Legging Shorts - petelulu<\/title>\n<meta name=\"description\" content=\"OEM &amp; ODM Service Baby Bamboo Fiber Collection Manufacture, Toddler Unisex Biker Legging Shorts\" \/>\n<meta name=\"robots\" content=\"index, follow, max-snippet:-1, max-image-preview:large, max-video-preview:-1\" \/>\n<link rel=\"canonical\" href=\"https:\/\/petelulu.com\/fr\/produit\/short-biker-unisexe\/\" \/>\n<meta property=\"og:locale\" content=\"fr_FR\" \/>\n<meta property=\"og:type\" content=\"article\" \/>\n<meta property=\"og:title\" content=\"Custom Unisex Biker Legging Shorts\" \/>\n<meta property=\"og:description\" content=\"OEM &amp; ODM Service Baby Bamboo Fiber Collection Manufacture, Toddler Unisex Biker Legging Shorts\" \/>\n<meta property=\"og:url\" content=\"https:\/\/petelulu.com\/fr\/produit\/short-biker-unisexe\/\" \/>\n<meta property=\"og:site_name\" content=\"petelulu\" \/>\n<meta property=\"article:modified_time\" content=\"2026-03-05T04:48:20+00:00\" \/>\n<meta property=\"og:image\" content=\"https:\/\/petelulu.com\/wp-content\/uploads\/2025\/06\/X24102413-\u4e3b\u56fe-1.avif\" \/>\n\t<meta property=\"og:image:width\" content=\"2000\" \/>\n\t<meta property=\"og:image:height\" content=\"2000\" \/>\n\t<meta property=\"og:image:type\" content=\"image\/jpeg\" \/>\n<meta name=\"twitter:card\" content=\"summary_large_image\" \/>\n<meta name=\"twitter:label1\" content=\"Dur\u00e9e de lecture estim\u00e9e\" \/>\n\t<meta name=\"twitter:data1\" content=\"2 minutes\" \/>\n<script type=\"application\/ld+json\" class=\"yoast-schema-graph\">{\"@context\":\"https:\/\/schema.org\",\"@graph\":[{\"@type\":\"WebPage\",\"@id\":\"https:\/\/petelulu.com\/product\/unisex-biker-legging-shorts\/\",\"url\":\"https:\/\/petelulu.com\/product\/unisex-biker-legging-shorts\/\",\"name\":\"Custom Unisex Biker Legging Shorts - petelulu\",\"isPartOf\":{\"@id\":\"https:\/\/petelulu.com\/#website\"},\"primaryImageOfPage\":{\"@id\":\"https:\/\/petelulu.com\/product\/unisex-biker-legging-shorts\/#primaryimage\"},\"image\":{\"@id\":\"https:\/\/petelulu.com\/product\/unisex-biker-legging-shorts\/#primaryimage\"},\"thumbnailUrl\":\"https:\/\/petelulu.com\/wp-content\/uploads\/2025\/06\/X24102413-\u4e3b\u56fe-1.avif\",\"datePublished\":\"2025-06-18T03:26:11+00:00\",\"dateModified\":\"2026-03-05T04:48:20+00:00\",\"description\":\"OEM & ODM Service Baby Bamboo Fiber Collection Manufacture, Toddler Unisex Biker Legging Shorts\",\"breadcrumb\":{\"@id\":\"https:\/\/petelulu.com\/product\/unisex-biker-legging-shorts\/#breadcrumb\"},\"inLanguage\":\"fr-FR\",\"potentialAction\":[{\"@type\":\"ReadAction\",\"target\":[\"https:\/\/petelulu.com\/product\/unisex-biker-legging-shorts\/\"]}]},{\"@type\":\"ImageObject\",\"inLanguage\":\"fr-FR\",\"@id\":\"https:\/\/petelulu.com\/product\/unisex-biker-legging-shorts\/#primaryimage\",\"url\":\"https:\/\/petelulu.com\/wp-content\/uploads\/2025\/06\/X24102413-\u4e3b\u56fe-1.avif\",\"contentUrl\":\"https:\/\/petelulu.com\/wp-content\/uploads\/2025\/06\/X24102413-\u4e3b\u56fe-1.avif\",\"width\":2000,\"height\":2000},{\"@type\":\"BreadcrumbList\",\"@id\":\"https:\/\/petelulu.com\/product\/unisex-biker-legging-shorts\/#breadcrumb\",\"itemListElement\":[{\"@type\":\"ListItem\",\"position\":1,\"name\":\"\u9996\u9875\",\"item\":\"https:\/\/petelulu.com\/\"},{\"@type\":\"ListItem\",\"position\":2,\"name\":\"PRODUCT GALLERY\",\"item\":\"https:\/\/petelulu.com\/product-gallery\/\"},{\"@type\":\"ListItem\",\"position\":3,\"name\":\"Custom Unisex Biker Legging Shorts\"}]},{\"@type\":\"WebSite\",\"@id\":\"https:\/\/petelulu.com\/#website\",\"url\":\"https:\/\/petelulu.com\/\",\"name\":\"PETElulu\",\"description\":\"\",\"potentialAction\":[{\"@type\":\"SearchAction\",\"target\":{\"@type\":\"EntryPoint\",\"urlTemplate\":\"https:\/\/petelulu.com\/?s={search_term_string}\"},\"query-input\":{\"@type\":\"PropertyValueSpecification\",\"valueRequired\":true,\"valueName\":\"search_term_string\"}}],\"inLanguage\":\"fr-FR\"}]}<\/script>\n<!-- \/ Yoast SEO Premium plugin. -->","yoast_head_json":{"title":"Short de biker unisexe personnalis\u00e9 - petelulu","description":"OEM &amp; ODM Service Baby Bamboo Fiber Collection Manufacture, Toddler Unisex Biker Legging Shorts","robots":{"index":"index","follow":"follow","max-snippet":"max-snippet:-1","max-image-preview":"max-image-preview:large","max-video-preview":"max-video-preview:-1"},"canonical":"https:\/\/petelulu.com\/fr\/produit\/short-biker-unisexe\/","og_locale":"fr_FR","og_type":"article","og_title":"Custom Unisex Biker Legging Shorts","og_description":"OEM & ODM Service Baby Bamboo Fiber Collection Manufacture, Toddler Unisex Biker Legging Shorts","og_url":"https:\/\/petelulu.com\/fr\/produit\/short-biker-unisexe\/","og_site_name":"petelulu","article_modified_time":"2026-03-05T04:48:20+00:00","og_image":[{"width":2000,"height":2000,"url":"https:\/\/petelulu.com\/wp-content\/uploads\/2025\/06\/X24102413-\u4e3b\u56fe-1.avif","type":"image\/jpeg"}],"twitter_card":"summary_large_image","twitter_misc":{"Dur\u00e9e de lecture estim\u00e9e":"2 minutes"},"schema":{"@context":"https:\/\/schema.org","@graph":[{"@type":"WebPage","@id":"https:\/\/petelulu.com\/product\/unisex-biker-legging-shorts\/","url":"https:\/\/petelulu.com\/product\/unisex-biker-legging-shorts\/","name":"Short de biker unisexe personnalis\u00e9 - petelulu","isPartOf":{"@id":"https:\/\/petelulu.com\/#website"},"primaryImageOfPage":{"@id":"https:\/\/petelulu.com\/product\/unisex-biker-legging-shorts\/#primaryimage"},"image":{"@id":"https:\/\/petelulu.com\/product\/unisex-biker-legging-shorts\/#primaryimage"},"thumbnailUrl":"https:\/\/petelulu.com\/wp-content\/uploads\/2025\/06\/X24102413-\u4e3b\u56fe-1.avif","datePublished":"2025-06-18T03:26:11+00:00","dateModified":"2026-03-05T04:48:20+00:00","description":"OEM &amp; ODM Service Baby Bamboo Fiber Collection Manufacture, Toddler Unisex Biker Legging Shorts","breadcrumb":{"@id":"https:\/\/petelulu.com\/product\/unisex-biker-legging-shorts\/#breadcrumb"},"inLanguage":"fr-FR","potentialAction":[{"@type":"ReadAction","target":["https:\/\/petelulu.com\/product\/unisex-biker-legging-shorts\/"]}]},{"@type":"ImageObject","inLanguage":"fr-FR","@id":"https:\/\/petelulu.com\/product\/unisex-biker-legging-shorts\/#primaryimage","url":"https:\/\/petelulu.com\/wp-content\/uploads\/2025\/06\/X24102413-\u4e3b\u56fe-1.avif","contentUrl":"https:\/\/petelulu.com\/wp-content\/uploads\/2025\/06\/X24102413-\u4e3b\u56fe-1.avif","width":2000,"height":2000},{"@type":"BreadcrumbList","@id":"https:\/\/petelulu.com\/product\/unisex-biker-legging-shorts\/#breadcrumb","itemListElement":[{"@type":"ListItem","position":1,"name":"\u9996\u9875","item":"https:\/\/petelulu.com\/"},{"@type":"ListItem","position":2,"name":"PRODUCT GALLERY","item":"https:\/\/petelulu.com\/product-gallery\/"},{"@type":"ListItem","position":3,"name":"Custom Unisex Biker Legging Shorts"}]},{"@type":"WebSite","@id":"https:\/\/petelulu.com\/#website","url":"https:\/\/petelulu.com\/","name":"PETElulu","description":"","potentialAction":[{"@type":"SearchAction","target":{"@type":"EntryPoint","urlTemplate":"https:\/\/petelulu.com\/?s={search_term_string}"},"query-input":{"@type":"PropertyValueSpecification","valueRequired":true,"valueName":"search_term_string"}}],"inLanguage":"fr-FR"}]}},"builder_content":"","_links":{"self":[{"href":"https:\/\/petelulu.com\/fr\/wp-json\/wp\/v2\/product\/4533","targetHints":{"allow":["GET"]}}],"collection":[{"href":"https:\/\/petelulu.com\/fr\/wp-json\/wp\/v2\/product"}],"about":[{"href":"https:\/\/petelulu.com\/fr\/wp-json\/wp\/v2\/types\/product"}],"wp:featuredmedia":[{"embeddable":true,"href":"https:\/\/petelulu.com\/fr\/wp-json\/wp\/v2\/media\/4536"}],"wp:attachment":[{"href":"https:\/\/petelulu.com\/fr\/wp-json\/wp\/v2\/media?parent=4533"}],"wp:term":[{"taxonomy":"product_brand","embeddable":true,"href":"https:\/\/petelulu.com\/fr\/wp-json\/wp\/v2\/product_brand?post=4533"},{"taxonomy":"product_cat","embeddable":true,"href":"https:\/\/petelulu.com\/fr\/wp-json\/wp\/v2\/product_cat?post=4533"},{"taxonomy":"product_tag","embeddable":true,"href":"https:\/\/petelulu.com\/fr\/wp-json\/wp\/v2\/product_tag?post=4533"}],"curies":[{"name":"wp","href":"https:\/\/api.w.org\/{rel}","templated":true}]}}