{"id":3888,"date":"2025-05-21T02:36:19","date_gmt":"2025-05-21T02:36:19","guid":{"rendered":"https:\/\/petelulu.com\/product\/100-cotton-waffle-weave-blanket-copy\/"},"modified":"2025-08-12T23:33:02","modified_gmt":"2025-08-13T03:33:02","slug":"ensemble-de-vetements-de-travail-pour-enfants-en-velours-cotele-avec-poches-style-exterieur","status":"publish","type":"product","link":"https:\/\/petelulu.com\/fr\/produit\/ensemble-de-vetements-de-travail-pour-enfants-en-velours-cotele-avec-poches-style-exterieur\/","title":{"rendered":"Ensemble de v\u00eatements de travail pour enfants en velours c\u00f4tel\u00e9 avec poches - Style ext\u00e9rieur"},"content":{"rendered":"<div id=\"sellingpoint\" class=\"header\">\n<h2>A propos de ce produit<\/h2>\n<\/div>\n<ul class=\"\">\n<li>Mati\u00e8re douce et respirante : Cette couverture d'emmaillotage pour b\u00e9b\u00e9 est fabriqu\u00e9e en coton biologique 100%, ce qui garantit un toucher doux et d\u00e9licat sur la peau de votre b\u00e9b\u00e9. Le tissu respirant permet \u00e0 l'air de circuler, r\u00e9gulant ainsi la temp\u00e9rature corporelle de votre b\u00e9b\u00e9 et favorisant un sommeil confortable.<\/li>\n<li>Utilisation polyvalente : cette couverture polyvalente peut \u00eatre utilis\u00e9e pour l'emmaillotage, comme couverture de poussette ou m\u00eame comme jet\u00e9 d\u00e9coratif pour votre chambre d'enfant. Sa taille compacte la rend facile \u00e0 emporter.<\/li>\n<li>Options personnalisables : Notre produit offre des options de logo et de couleur personnalis\u00e9s, ce qui vous permet de personnaliser la couverture avec le nom de votre b\u00e9b\u00e9 ou un message sp\u00e9cial. Cela en fait un cadeau unique et attentionn\u00e9 pour les nouveaux parents.<\/li>\n<li>\u00c9cologique et hypoallerg\u00e9nique : Fabriqu\u00e9e en coton biologique certifi\u00e9 Oeko-Tex Standard 100, cette couverture est exempte de produits chimiques agressifs et de toxines. Ses propri\u00e9t\u00e9s antistatiques et anti-acariens garantissent un environnement de sommeil sain pour votre b\u00e9b\u00e9.<\/li>\n<li data-spm-anchor-id=\"a2700.details.0.i77.4d003c6boUFWBS\">Durable et de longue dur\u00e9e : Avec un nombre de fils \u00e9lev\u00e9 de 200TC et un tissu de 40, cette couverture est con\u00e7ue pour durer. Son design moderne et son impression num\u00e9rique garantissent un produit \u00e9l\u00e9gant et durable qui r\u00e9sistera aux lavages et aux utilisations r\u00e9p\u00e9t\u00e9s.<\/li>\n<\/ul>","protected":false},"excerpt":{"rendered":"<p>Prix unitaire : US $5.99-7.99 \/ Pi\u00e8ce<br \/>\nQuantit\u00e9 de commande min : 300 pi\u00e8ces\/taille<br \/>\nMati\u00e8re : Coton biologique 100%<br \/>\n\u00c2ge : nourrisson 40*50 pouces\/enfant 50*70 pouces\/adulte 65*85 pouces<br \/>\nMat\u00e9riaux applicables : Bambou\/coton biologique\/coton pur\/rayon modal\/mousseline de bambou<br \/>\nCapacit\u00e9 de production : 10 000 pi\u00e8ces par mois<br \/>\nPort : Guangzhou, Chine<br \/>\nConditions de paiement : T\/T<br \/>\nEchantillon\uff1aAccepter un \u00e9chantillon personnalis\u00e9<br \/>\nLogo : Logo personnalis\u00e9<br \/>\nLivraison : 25-35 jours ouvrables<br \/>\nOEM ET ODM<\/p>\n<p><a href=\"https:\/\/petelulu.com\/fr\/#category\">Voir plus<\/a><\/p>\n<div class=\"wpforms-container wpforms-container-full wpforms-render-modern\" id=\"wpforms-2878\"><form id=\"wpforms-form-2878\" class=\"wpforms-validate wpforms-form wpforms-ajax-form\" data-formid=\"2878\" method=\"post\" enctype=\"multipart\/form-data\" action=\"\/fr\/wp-json\/wp\/v2\/product\/3888\" data-token=\"e1a57099e00604c239ff9b2b39f1b9e0\" data-token-time=\"1776191295\" data-trp-original-action=\"\/fr\/wp-json\/wp\/v2\/product\/3888\"><noscript class=\"wpforms-error-noscript\">Veuillez activer JavaScript dans votre navigateur pour remplir ce formulaire.<\/noscript><div class=\"wpforms-hidden\" id=\"wpforms-error-noscript\">Veuillez activer JavaScript dans votre navigateur pour remplir ce formulaire.<\/div><div class=\"wpforms-field-container\"><div id=\"wpforms-2878-field_2-container\" class=\"wpforms-field wpforms-field-name\" data-field-id=\"2\"><label class=\"wpforms-field-label\" for=\"wpforms-2878-field_2\">Nom <span class=\"wpforms-required-label\" aria-hidden=\"true\">*<\/span><\/label><input type=\"text\" id=\"wpforms-2878-field_2\" class=\"wpforms-field-medium wpforms-field-required\" name=\"wpforms[fields][2]\" aria-errormessage=\"wpforms-2878-field_2-error\" required><\/div><div id=\"wpforms-2878-field_5-container\" class=\"wpforms-field wpforms-field-email\" data-field-id=\"5\"><label class=\"wpforms-field-label\" for=\"wpforms-2878-field_5\">Courriel <span class=\"wpforms-required-label\" aria-hidden=\"true\">*<\/span><\/label><input type=\"email\" id=\"wpforms-2878-field_5\" class=\"wpforms-field-medium wpforms-field-required\" name=\"wpforms[fields][5]\" spellcheck=\"false\" aria-errormessage=\"wpforms-2878-field_5-error\" required><\/div><div id=\"wpforms-2878-field_3-container\" class=\"wpforms-field wpforms-field-textarea\" data-field-id=\"3\"><label class=\"wpforms-field-label\" for=\"wpforms-2878-field_3\">Demande <span class=\"wpforms-required-label\" aria-hidden=\"true\">*<\/span><\/label><textarea id=\"wpforms-2878-field_3\" class=\"wpforms-field-medium wpforms-field-required\" name=\"wpforms[fields][3]\" aria-errormessage=\"wpforms-2878-field_3-error\" aria-describedby=\"wpforms-2878-field_3-description\" required><\/textarea><div id=\"wpforms-2878-field_3-description\" class=\"wpforms-field-description\">Veuillez nous communiquer vos besoins et votre num\u00e9ro WhatsApp, et notre repr\u00e9sentant commercial vous contactera.<\/div><\/div><\/div><!-- .wpforms-field-container --><div class=\"wpforms-submit-container\" ><input type=\"hidden\" name=\"wpforms[id]\" value=\"2878\"><input type=\"hidden\" name=\"page_title\" value=\"\"><input type=\"hidden\" name=\"page_url\" value=\"https:\/\/petelulu.com\/fr\/wp-json\/wp\/v2\/product\/3888\"><input type=\"hidden\" name=\"url_referer\" value=\"\"><button type=\"submit\" name=\"wpforms[submit]\" id=\"wpforms-submit-2878\" class=\"wpforms-submit\" data-alt-text=\"Sending...\" data-submit-text=\"Submit\" aria-live=\"assertive\" value=\"wpforms-submit\">Soumettre<\/button><img loading=\"lazy\" decoding=\"async\" src=\"https:\/\/petelulu.com\/wp-content\/plugins\/wpforms-lite\/assets\/images\/submit-spin.svg\" class=\"wpforms-submit-spinner\" style=\"display: none;\" width=\"26\" height=\"26\" alt=\"Chargement en cours\"><\/div><input type=\"hidden\" name=\"trp-form-language\" value=\"fr\"\/><\/form><\/div>  <!-- .wpforms-container -->\n<p>&nbsp;<\/p>","protected":false},"featured_media":3889,"template":"","meta":[],"product_brand":[],"product_cat":[77],"product_tag":[80,102,104,82,97,100,81],"class_list":{"0":"post-3888","1":"product","2":"type-product","3":"status-publish","4":"has-post-thumbnail","6":"product_cat-panties","7":"product_tag-baby","8":"product_tag-category","9":"product_tag-corduroy","10":"product_tag-kid","11":"product_tag-organic-cotton","12":"product_tag-tencel","13":"product_tag-toddler","14":"has-post-title","15":"has-post-date","16":"has-post-category","17":"has-post-tag","18":"has-post-comment","19":"has-post-author","20":"","22":"first","23":"instock","24":"shipping-taxable","25":"product-type-simple"},"yoast_head":"<!-- This site is optimized with the Yoast SEO Premium plugin v24.5 (Yoast SEO v25.6) - https:\/\/yoast.com\/wordpress\/plugins\/seo\/ -->\n<title>Custom Children&#039;s Workwear Set in Corduroy with Pockets - Outdoor Style - petelulu<\/title>\n<meta name=\"description\" content=\"B2B Baby Clothing | 100% Cotton Waffle Weave Blanket. Competitive Pricing, Quick Ship. Global Delivery for Retailers\/Wholesale.\" \/>\n<meta name=\"robots\" content=\"index, follow, max-snippet:-1, max-image-preview:large, max-video-preview:-1\" \/>\n<link rel=\"canonical\" href=\"https:\/\/petelulu.com\/fr\/produit\/ensemble-de-vetements-de-travail-pour-enfants-en-velours-cotele-avec-poches-style-exterieur\/\" \/>\n<meta property=\"og:locale\" content=\"fr_FR\" \/>\n<meta property=\"og:type\" content=\"article\" \/>\n<meta property=\"og:title\" content=\"Custom Children&#039;s Workwear Set in Corduroy with Pockets - Outdoor Style\" \/>\n<meta property=\"og:description\" content=\"B2B Baby Clothing | 100% Cotton Waffle Weave Blanket. Competitive Pricing, Quick Ship. Global Delivery for Retailers\/Wholesale.\" \/>\n<meta property=\"og:url\" content=\"https:\/\/petelulu.com\/fr\/produit\/ensemble-de-vetements-de-travail-pour-enfants-en-velours-cotele-avec-poches-style-exterieur\/\" \/>\n<meta property=\"og:site_name\" content=\"petelulu\" \/>\n<meta property=\"article:modified_time\" content=\"2025-08-13T03:33:02+00:00\" \/>\n<meta property=\"og:image\" content=\"https:\/\/petelulu.com\/wp-content\/uploads\/2025\/05\/\u4e3b\u56fe_002.avif\" \/>\n\t<meta property=\"og:image:width\" content=\"2000\" \/>\n\t<meta property=\"og:image:height\" content=\"2000\" \/>\n\t<meta property=\"og:image:type\" content=\"image\/jpeg\" \/>\n<meta name=\"twitter:card\" content=\"summary_large_image\" \/>\n<meta name=\"twitter:label1\" content=\"Dur\u00e9e de lecture estim\u00e9e\" \/>\n\t<meta name=\"twitter:data1\" content=\"2 minutes\" \/>\n<script type=\"application\/ld+json\" class=\"yoast-schema-graph\">{\"@context\":\"https:\/\/schema.org\",\"@graph\":[{\"@type\":\"WebPage\",\"@id\":\"https:\/\/petelulu.com\/product\/childrens-workwear-set-in-corduroy-with-pockets-outdoor-style\/\",\"url\":\"https:\/\/petelulu.com\/product\/childrens-workwear-set-in-corduroy-with-pockets-outdoor-style\/\",\"name\":\"Custom Children's Workwear Set in Corduroy with Pockets - Outdoor Style - petelulu\",\"isPartOf\":{\"@id\":\"https:\/\/petelulu.com\/#website\"},\"primaryImageOfPage\":{\"@id\":\"https:\/\/petelulu.com\/product\/childrens-workwear-set-in-corduroy-with-pockets-outdoor-style\/#primaryimage\"},\"image\":{\"@id\":\"https:\/\/petelulu.com\/product\/childrens-workwear-set-in-corduroy-with-pockets-outdoor-style\/#primaryimage\"},\"thumbnailUrl\":\"https:\/\/petelulu.com\/wp-content\/uploads\/2025\/05\/\u4e3b\u56fe_002.avif\",\"datePublished\":\"2025-05-21T02:36:19+00:00\",\"dateModified\":\"2025-08-13T03:33:02+00:00\",\"description\":\"B2B Baby Clothing | 100% Cotton Waffle Weave Blanket. Competitive Pricing, Quick Ship. Global Delivery for Retailers\/Wholesale.\",\"breadcrumb\":{\"@id\":\"https:\/\/petelulu.com\/product\/childrens-workwear-set-in-corduroy-with-pockets-outdoor-style\/#breadcrumb\"},\"inLanguage\":\"fr-FR\",\"potentialAction\":[{\"@type\":\"ReadAction\",\"target\":[\"https:\/\/petelulu.com\/product\/childrens-workwear-set-in-corduroy-with-pockets-outdoor-style\/\"]}]},{\"@type\":\"ImageObject\",\"inLanguage\":\"fr-FR\",\"@id\":\"https:\/\/petelulu.com\/product\/childrens-workwear-set-in-corduroy-with-pockets-outdoor-style\/#primaryimage\",\"url\":\"https:\/\/petelulu.com\/wp-content\/uploads\/2025\/05\/\u4e3b\u56fe_002.avif\",\"contentUrl\":\"https:\/\/petelulu.com\/wp-content\/uploads\/2025\/05\/\u4e3b\u56fe_002.avif\",\"width\":2000,\"height\":2000},{\"@type\":\"BreadcrumbList\",\"@id\":\"https:\/\/petelulu.com\/product\/childrens-workwear-set-in-corduroy-with-pockets-outdoor-style\/#breadcrumb\",\"itemListElement\":[{\"@type\":\"ListItem\",\"position\":1,\"name\":\"\u9996\u9875\",\"item\":\"https:\/\/petelulu.com\/\"},{\"@type\":\"ListItem\",\"position\":2,\"name\":\"PRODUCT GALLERY\",\"item\":\"https:\/\/petelulu.com\/product-gallery\/\"},{\"@type\":\"ListItem\",\"position\":3,\"name\":\"Custom Children&#8217;s Workwear Set in Corduroy with Pockets &#8211; Outdoor Style\"}]},{\"@type\":\"WebSite\",\"@id\":\"https:\/\/petelulu.com\/#website\",\"url\":\"https:\/\/petelulu.com\/\",\"name\":\"PETElulu\",\"description\":\"\",\"potentialAction\":[{\"@type\":\"SearchAction\",\"target\":{\"@type\":\"EntryPoint\",\"urlTemplate\":\"https:\/\/petelulu.com\/?s={search_term_string}\"},\"query-input\":{\"@type\":\"PropertyValueSpecification\",\"valueRequired\":true,\"valueName\":\"search_term_string\"}}],\"inLanguage\":\"fr-FR\"}]}<\/script>\n<!-- \/ Yoast SEO Premium plugin. -->","yoast_head_json":{"title":"Ensemble de v\u00eatements de travail pour enfants en velours c\u00f4tel\u00e9 avec poches - Style ext\u00e9rieur - petelulu","description":"B2B Baby Clothing | 100% Couverture en coton gaufr\u00e9. Prix comp\u00e9titifs, Exp\u00e9dition rapide. Livraison globale pour D\u00e9taillants\/Grossistes.","robots":{"index":"index","follow":"follow","max-snippet":"max-snippet:-1","max-image-preview":"max-image-preview:large","max-video-preview":"max-video-preview:-1"},"canonical":"https:\/\/petelulu.com\/fr\/produit\/ensemble-de-vetements-de-travail-pour-enfants-en-velours-cotele-avec-poches-style-exterieur\/","og_locale":"fr_FR","og_type":"article","og_title":"Custom Children's Workwear Set in Corduroy with Pockets - Outdoor Style","og_description":"B2B Baby Clothing | 100% Cotton Waffle Weave Blanket. Competitive Pricing, Quick Ship. Global Delivery for Retailers\/Wholesale.","og_url":"https:\/\/petelulu.com\/fr\/produit\/ensemble-de-vetements-de-travail-pour-enfants-en-velours-cotele-avec-poches-style-exterieur\/","og_site_name":"petelulu","article_modified_time":"2025-08-13T03:33:02+00:00","og_image":[{"width":2000,"height":2000,"url":"https:\/\/petelulu.com\/wp-content\/uploads\/2025\/05\/\u4e3b\u56fe_002.avif","type":"image\/jpeg"}],"twitter_card":"summary_large_image","twitter_misc":{"Dur\u00e9e de lecture estim\u00e9e":"2 minutes"},"schema":{"@context":"https:\/\/schema.org","@graph":[{"@type":"WebPage","@id":"https:\/\/petelulu.com\/product\/childrens-workwear-set-in-corduroy-with-pockets-outdoor-style\/","url":"https:\/\/petelulu.com\/product\/childrens-workwear-set-in-corduroy-with-pockets-outdoor-style\/","name":"Ensemble de v\u00eatements de travail pour enfants en velours c\u00f4tel\u00e9 avec poches - Style ext\u00e9rieur - petelulu","isPartOf":{"@id":"https:\/\/petelulu.com\/#website"},"primaryImageOfPage":{"@id":"https:\/\/petelulu.com\/product\/childrens-workwear-set-in-corduroy-with-pockets-outdoor-style\/#primaryimage"},"image":{"@id":"https:\/\/petelulu.com\/product\/childrens-workwear-set-in-corduroy-with-pockets-outdoor-style\/#primaryimage"},"thumbnailUrl":"https:\/\/petelulu.com\/wp-content\/uploads\/2025\/05\/\u4e3b\u56fe_002.avif","datePublished":"2025-05-21T02:36:19+00:00","dateModified":"2025-08-13T03:33:02+00:00","description":"B2B Baby Clothing | 100% Couverture en coton gaufr\u00e9. Prix comp\u00e9titifs, Exp\u00e9dition rapide. Livraison globale pour D\u00e9taillants\/Grossistes.","breadcrumb":{"@id":"https:\/\/petelulu.com\/product\/childrens-workwear-set-in-corduroy-with-pockets-outdoor-style\/#breadcrumb"},"inLanguage":"fr-FR","potentialAction":[{"@type":"ReadAction","target":["https:\/\/petelulu.com\/product\/childrens-workwear-set-in-corduroy-with-pockets-outdoor-style\/"]}]},{"@type":"ImageObject","inLanguage":"fr-FR","@id":"https:\/\/petelulu.com\/product\/childrens-workwear-set-in-corduroy-with-pockets-outdoor-style\/#primaryimage","url":"https:\/\/petelulu.com\/wp-content\/uploads\/2025\/05\/\u4e3b\u56fe_002.avif","contentUrl":"https:\/\/petelulu.com\/wp-content\/uploads\/2025\/05\/\u4e3b\u56fe_002.avif","width":2000,"height":2000},{"@type":"BreadcrumbList","@id":"https:\/\/petelulu.com\/product\/childrens-workwear-set-in-corduroy-with-pockets-outdoor-style\/#breadcrumb","itemListElement":[{"@type":"ListItem","position":1,"name":"\u9996\u9875","item":"https:\/\/petelulu.com\/"},{"@type":"ListItem","position":2,"name":"PRODUCT GALLERY","item":"https:\/\/petelulu.com\/product-gallery\/"},{"@type":"ListItem","position":3,"name":"Custom Children&#8217;s Workwear Set in Corduroy with Pockets &#8211; Outdoor Style"}]},{"@type":"WebSite","@id":"https:\/\/petelulu.com\/#website","url":"https:\/\/petelulu.com\/","name":"PETElulu","description":"","potentialAction":[{"@type":"SearchAction","target":{"@type":"EntryPoint","urlTemplate":"https:\/\/petelulu.com\/?s={search_term_string}"},"query-input":{"@type":"PropertyValueSpecification","valueRequired":true,"valueName":"search_term_string"}}],"inLanguage":"fr-FR"}]}},"builder_content":"","_links":{"self":[{"href":"https:\/\/petelulu.com\/fr\/wp-json\/wp\/v2\/product\/3888","targetHints":{"allow":["GET"]}}],"collection":[{"href":"https:\/\/petelulu.com\/fr\/wp-json\/wp\/v2\/product"}],"about":[{"href":"https:\/\/petelulu.com\/fr\/wp-json\/wp\/v2\/types\/product"}],"wp:featuredmedia":[{"embeddable":true,"href":"https:\/\/petelulu.com\/fr\/wp-json\/wp\/v2\/media\/3889"}],"wp:attachment":[{"href":"https:\/\/petelulu.com\/fr\/wp-json\/wp\/v2\/media?parent=3888"}],"wp:term":[{"taxonomy":"product_brand","embeddable":true,"href":"https:\/\/petelulu.com\/fr\/wp-json\/wp\/v2\/product_brand?post=3888"},{"taxonomy":"product_cat","embeddable":true,"href":"https:\/\/petelulu.com\/fr\/wp-json\/wp\/v2\/product_cat?post=3888"},{"taxonomy":"product_tag","embeddable":true,"href":"https:\/\/petelulu.com\/fr\/wp-json\/wp\/v2\/product_tag?post=3888"}],"curies":[{"name":"wp","href":"https:\/\/api.w.org\/{rel}","templated":true}]}}