{"id":2375,"date":"2025-03-26T03:32:50","date_gmt":"2025-03-26T03:32:50","guid":{"rendered":"https:\/\/petelulu.com\/?post_type=product&#038;p=2375"},"modified":"2025-08-12T23:53:05","modified_gmt":"2025-08-13T03:53:05","slug":"ensemble-de-vetements-en-coton-biologique","status":"publish","type":"product","link":"https:\/\/petelulu.com\/fr\/produit\/ensemble-de-vetements-en-coton-biologique\/","title":{"rendered":"Ensemble de v\u00eatements en coton biologique personnalis\u00e9"},"content":{"rendered":"<p>A propos de ce produit<\/p>\n<p><strong>Con\u00e7u pour les b\u00e9b\u00e9s<\/strong>: Cet ensemble de v\u00eatements est con\u00e7u pour r\u00e9pondre aux besoins de confort et de style des b\u00e9b\u00e9s. Il se compose d'un haut \u00e0 col ras du cou et d'un bas assorti en coton biologique \u00e0 texture gaufr\u00e9e.<\/p>\n<p><strong>Mat\u00e9riau \u00e9cologique<\/strong>: Fabriqu\u00e9 en coton biologique 100%, cet ensemble garantit que la peau sensible de votre b\u00e9b\u00e9 est prot\u00e9g\u00e9e des produits chimiques nocifs, favorisant ainsi un environnement plus sain.<\/p>\n<p><strong>Texture gaufr\u00e9e douce<\/strong>: La texture gaufr\u00e9e unique ajoute une couche suppl\u00e9mentaire de chaleur et de confort tout en donnant \u00e0 l'ensemble un aspect distinctif qui se d\u00e9marque.<\/p>\n<p><strong>Couleurs unies polyvalentes<\/strong>: Disponibles dans diff\u00e9rentes couleurs unies, ces pi\u00e8ces sont faciles \u00e0 combiner avec d'autres articles, ce qui les rend parfaites pour le quotidien ou les occasions sp\u00e9ciales.<\/p>\n<p data-spm-anchor-id=\"5176.28103460.0.i60.40f7451eUF6FdM\"><strong>Instructions d'entretien facile<\/strong>: Con\u00e7u pour \u00eatre durable et facile \u00e0 entretenir, cet ensemble peut \u00eatre lav\u00e9 en machine sans perdre sa forme ou sa couleur, garantissant ainsi une utilisation durable.<\/p>","protected":false},"excerpt":{"rendered":"<p>Prix unitaire : US $8.5-10.5\/ Pi\u00e8ce<br \/>\nQuantit\u00e9 de commande min : 300 pi\u00e8ces\/taille<br \/>\nMati\u00e8re : Coton biologique 100%<br \/>\nAge: 0-3M\/3-6M\/6-9M\/9-12M\/12-18M\/18-24M\/2T-3T-4T<br \/>\nMat\u00e9riaux applicables : Coton biologique\/coton pur<br \/>\nCapacit\u00e9 de production : 10 000 pi\u00e8ces par mois<br \/>\nPort : Guangzhou, Chine<br \/>\nConditions de paiement : T\/T<br \/>\nEchantillon\uff1aAccepter un \u00e9chantillon personnalis\u00e9<br \/>\nLogo : Logo personnalis\u00e9<br \/>\nLivraison : 25-35 jours ouvrables<br \/>\nOEM ET ODM<\/p>\n<p><a href=\"https:\/\/petelulu.com\/fr\/#category\">Voir plus<\/a><\/p>\n<style id=\"wpforms-css-vars-2878\">\n\t\t\t\t#wpforms-2878 {\n\t\t\t\t\n\t\t\t}\n\t\t\t<\/style><div class=\"wpforms-container wpforms-container-full wpforms-render-modern\" id=\"wpforms-2878\"><form id=\"wpforms-form-2878\" class=\"wpforms-validate wpforms-form wpforms-ajax-form\" data-formid=\"2878\" method=\"post\" enctype=\"multipart\/form-data\" action=\"\/fr\/wp-json\/wp\/v2\/product\/2375\" data-token=\"b79dd9625ab0b69633b989f5360852c4\" data-token-time=\"1778032939\" data-trp-original-action=\"\/fr\/wp-json\/wp\/v2\/product\/2375\"><noscript class=\"wpforms-error-noscript\">Veuillez activer JavaScript dans votre navigateur pour remplir ce formulaire.<\/noscript><div id=\"wpforms-error-noscript\" style=\"display: none;\">Veuillez activer JavaScript dans votre navigateur pour remplir ce formulaire.<\/div><div class=\"wpforms-field-container\"><div id=\"wpforms-2878-field_2-container\" class=\"wpforms-field wpforms-field-name\" data-field-id=\"2\"><label class=\"wpforms-field-label\" for=\"wpforms-2878-field_2\">Nom <span class=\"wpforms-required-label\" aria-hidden=\"true\">*<\/span><\/label><input type=\"text\" id=\"wpforms-2878-field_2\" class=\"wpforms-field-medium wpforms-field-required\" name=\"wpforms[fields][2]\" aria-errormessage=\"wpforms-2878-field_2-error\" required><\/div><div id=\"wpforms-2878-field_5-container\" class=\"wpforms-field wpforms-field-email\" data-field-id=\"5\"><label class=\"wpforms-field-label\" for=\"wpforms-2878-field_5\">Courriel <span class=\"wpforms-required-label\" aria-hidden=\"true\">*<\/span><\/label><input type=\"email\" id=\"wpforms-2878-field_5\" class=\"wpforms-field-medium wpforms-field-required\" name=\"wpforms[fields][5]\" spellcheck=\"false\" aria-errormessage=\"wpforms-2878-field_5-error\" required><\/div>\t\t<div id=\"wpforms-2878-field_1-container\"\n\t\t\tclass=\"wpforms-field wpforms-field-text\"\n\t\t\tdata-field-type=\"text\"\n\t\t\tdata-field-id=\"1\"\n\t\t\t>\n\t\t\t<label class=\"wpforms-field-label\" for=\"wpforms-2878-field_1\" >Nom Courriel Demande<\/label>\n\t\t\t<input type=\"text\" id=\"wpforms-2878-field_1\" class=\"wpforms-field-medium\" name=\"wpforms[fields][1]\" >\n\t\t<\/div>\n\t\t<div id=\"wpforms-2878-field_3-container\" class=\"wpforms-field wpforms-field-textarea\" data-field-id=\"3\"><label class=\"wpforms-field-label\" for=\"wpforms-2878-field_3\">Demande <span class=\"wpforms-required-label\" aria-hidden=\"true\">*<\/span><\/label><textarea id=\"wpforms-2878-field_3\" class=\"wpforms-field-medium wpforms-field-required\" name=\"wpforms[fields][3]\" aria-errormessage=\"wpforms-2878-field_3-error\" aria-describedby=\"wpforms-2878-field_3-description\" required><\/textarea><div id=\"wpforms-2878-field_3-description\" class=\"wpforms-field-description\">Veuillez nous communiquer vos besoins et votre num\u00e9ro WhatsApp, et notre repr\u00e9sentant commercial vous contactera.<\/div><\/div><script>\n\t\t\t\t( function() {\n\t\t\t\t\tconst style = document.createElement( 'style' );\n\t\t\t\t\tstyle.appendChild( document.createTextNode( '#wpforms-2878-field_1-container { position: absolute !important; overflow: hidden !important; display: inline !important; height: 1px !important; width: 1px !important; z-index: -1000 !important; padding: 0 !important; } #wpforms-2878-field_1-container input { visibility: hidden; } #wpforms-conversational-form-page #wpforms-2878-field_1-container label { counter-increment: none; }' ) );\n\t\t\t\t\tdocument.head.appendChild( style );\n\t\t\t\t\tdocument.currentScript?.remove();\n\t\t\t\t} )();\n\t\t\t<\/script><\/div><!-- .wpforms-field-container --><div class=\"wpforms-submit-container\" ><input type=\"hidden\" name=\"wpforms[id]\" value=\"2878\"><input type=\"hidden\" name=\"page_title\" value=\"\"><input type=\"hidden\" name=\"page_url\" value=\"https:\/\/petelulu.com\/fr\/wp-json\/wp\/v2\/product\/2375\"><input type=\"hidden\" name=\"url_referer\" value=\"\"><button type=\"submit\" name=\"wpforms[submit]\" id=\"wpforms-submit-2878\" class=\"wpforms-submit\" data-alt-text=\"Sending...\" data-submit-text=\"Submit\" aria-live=\"assertive\" value=\"wpforms-submit\">Soumettre<\/button><img loading=\"lazy\" decoding=\"async\" src=\"https:\/\/petelulu.com\/wp-content\/plugins\/wpforms-lite\/assets\/images\/submit-spin.svg\" class=\"wpforms-submit-spinner\" style=\"display: none;\" width=\"26\" height=\"26\" alt=\"Chargement en cours\"><\/div><input type=\"hidden\" name=\"trp-form-language\" value=\"fr\"\/><\/form><\/div>  <!-- .wpforms-container -->\n<p>&nbsp;<\/p>","protected":false},"featured_media":2379,"template":"","meta":[],"product_brand":[],"product_cat":[46],"product_tag":[82,97,81],"class_list":{"0":"post-2375","1":"product","2":"type-product","3":"status-publish","4":"has-post-thumbnail","6":"product_cat-clothing-sets","7":"product_tag-kid","8":"product_tag-organic-cotton","9":"product_tag-toddler","10":"has-post-title","11":"has-post-date","12":"has-post-category","13":"has-post-tag","14":"has-post-comment","15":"has-post-author","16":"","18":"first","19":"instock","20":"shipping-taxable","21":"product-type-simple"},"yoast_head":"<!-- This site is optimized with the Yoast SEO Premium plugin v24.5 (Yoast SEO v25.6) - https:\/\/yoast.com\/wordpress\/plugins\/seo\/ -->\n<title>Custom Organic Cotton Clothing Set - petelulu<\/title>\n<meta name=\"description\" content=\"Organic Cotton Clothing Set. Competitive Pricing, Quick Ship. Global Delivery for Retailers\/Wholesale.\" \/>\n<meta name=\"robots\" content=\"index, follow, max-snippet:-1, max-image-preview:large, max-video-preview:-1\" \/>\n<link rel=\"canonical\" href=\"https:\/\/petelulu.com\/fr\/produit\/ensemble-de-vetements-en-coton-biologique\/\" \/>\n<meta property=\"og:locale\" content=\"fr_FR\" \/>\n<meta property=\"og:type\" content=\"article\" \/>\n<meta property=\"og:title\" content=\"Custom Organic Cotton Clothing Set\" \/>\n<meta property=\"og:description\" content=\"Organic Cotton Clothing Set. Competitive Pricing, Quick Ship. Global Delivery for Retailers\/Wholesale.\" \/>\n<meta property=\"og:url\" content=\"https:\/\/petelulu.com\/fr\/produit\/ensemble-de-vetements-en-coton-biologique\/\" \/>\n<meta property=\"og:site_name\" content=\"petelulu\" \/>\n<meta property=\"article:modified_time\" content=\"2025-08-13T03:53:05+00:00\" \/>\n<meta property=\"og:image\" content=\"https:\/\/petelulu.com\/wp-content\/uploads\/2025\/03\/\u4e3b\u56fe_002-43.jpg\" \/>\n\t<meta property=\"og:image:width\" content=\"2000\" \/>\n\t<meta property=\"og:image:height\" content=\"2000\" \/>\n\t<meta property=\"og:image:type\" content=\"image\/jpeg\" \/>\n<meta name=\"twitter:card\" content=\"summary_large_image\" \/>\n<meta name=\"twitter:label1\" content=\"Dur\u00e9e de lecture estim\u00e9e\" \/>\n\t<meta name=\"twitter:data1\" content=\"1 minute\" \/>\n<script type=\"application\/ld+json\" class=\"yoast-schema-graph\">{\"@context\":\"https:\/\/schema.org\",\"@graph\":[{\"@type\":\"WebPage\",\"@id\":\"https:\/\/petelulu.com\/product\/organic-cotton-clothing-set\/\",\"url\":\"https:\/\/petelulu.com\/product\/organic-cotton-clothing-set\/\",\"name\":\"Custom Organic Cotton Clothing Set - petelulu\",\"isPartOf\":{\"@id\":\"https:\/\/petelulu.com\/#website\"},\"primaryImageOfPage\":{\"@id\":\"https:\/\/petelulu.com\/product\/organic-cotton-clothing-set\/#primaryimage\"},\"image\":{\"@id\":\"https:\/\/petelulu.com\/product\/organic-cotton-clothing-set\/#primaryimage\"},\"thumbnailUrl\":\"https:\/\/petelulu.com\/wp-content\/uploads\/2025\/03\/\u4e3b\u56fe_002-43.jpg\",\"datePublished\":\"2025-03-26T03:32:50+00:00\",\"dateModified\":\"2025-08-13T03:53:05+00:00\",\"description\":\"Organic Cotton Clothing Set. Competitive Pricing, Quick Ship. Global Delivery for Retailers\/Wholesale.\",\"breadcrumb\":{\"@id\":\"https:\/\/petelulu.com\/product\/organic-cotton-clothing-set\/#breadcrumb\"},\"inLanguage\":\"fr-FR\",\"potentialAction\":[{\"@type\":\"ReadAction\",\"target\":[\"https:\/\/petelulu.com\/product\/organic-cotton-clothing-set\/\"]}]},{\"@type\":\"ImageObject\",\"inLanguage\":\"fr-FR\",\"@id\":\"https:\/\/petelulu.com\/product\/organic-cotton-clothing-set\/#primaryimage\",\"url\":\"https:\/\/petelulu.com\/wp-content\/uploads\/2025\/03\/\u4e3b\u56fe_002-43.jpg\",\"contentUrl\":\"https:\/\/petelulu.com\/wp-content\/uploads\/2025\/03\/\u4e3b\u56fe_002-43.jpg\",\"width\":2000,\"height\":2000,\"caption\":\"Organic Cotton Clothing Set\"},{\"@type\":\"BreadcrumbList\",\"@id\":\"https:\/\/petelulu.com\/product\/organic-cotton-clothing-set\/#breadcrumb\",\"itemListElement\":[{\"@type\":\"ListItem\",\"position\":1,\"name\":\"\u9996\u9875\",\"item\":\"https:\/\/petelulu.com\/\"},{\"@type\":\"ListItem\",\"position\":2,\"name\":\"PRODUCT GALLERY\",\"item\":\"https:\/\/petelulu.com\/product-gallery\/\"},{\"@type\":\"ListItem\",\"position\":3,\"name\":\"Custom Organic Cotton Clothing Set\"}]},{\"@type\":\"WebSite\",\"@id\":\"https:\/\/petelulu.com\/#website\",\"url\":\"https:\/\/petelulu.com\/\",\"name\":\"PETElulu\",\"description\":\"\",\"potentialAction\":[{\"@type\":\"SearchAction\",\"target\":{\"@type\":\"EntryPoint\",\"urlTemplate\":\"https:\/\/petelulu.com\/?s={search_term_string}\"},\"query-input\":{\"@type\":\"PropertyValueSpecification\",\"valueRequired\":true,\"valueName\":\"search_term_string\"}}],\"inLanguage\":\"fr-FR\"}]}<\/script>\n<!-- \/ Yoast SEO Premium plugin. -->","yoast_head_json":{"title":"Ensemble de v\u00eatements en coton biologique personnalis\u00e9 - petelulu","description":"Ensemble de v\u00eatements en coton biologique. Prix comp\u00e9titifs, exp\u00e9dition rapide. Livraison globale pour les d\u00e9taillants\/grossistes.","robots":{"index":"index","follow":"follow","max-snippet":"max-snippet:-1","max-image-preview":"max-image-preview:large","max-video-preview":"max-video-preview:-1"},"canonical":"https:\/\/petelulu.com\/fr\/produit\/ensemble-de-vetements-en-coton-biologique\/","og_locale":"fr_FR","og_type":"article","og_title":"Custom Organic Cotton Clothing Set","og_description":"Organic Cotton Clothing Set. Competitive Pricing, Quick Ship. Global Delivery for Retailers\/Wholesale.","og_url":"https:\/\/petelulu.com\/fr\/produit\/ensemble-de-vetements-en-coton-biologique\/","og_site_name":"petelulu","article_modified_time":"2025-08-13T03:53:05+00:00","og_image":[{"width":2000,"height":2000,"url":"https:\/\/petelulu.com\/wp-content\/uploads\/2025\/03\/\u4e3b\u56fe_002-43.jpg","type":"image\/jpeg"}],"twitter_card":"summary_large_image","twitter_misc":{"Dur\u00e9e de lecture estim\u00e9e":"1 minute"},"schema":{"@context":"https:\/\/schema.org","@graph":[{"@type":"WebPage","@id":"https:\/\/petelulu.com\/product\/organic-cotton-clothing-set\/","url":"https:\/\/petelulu.com\/product\/organic-cotton-clothing-set\/","name":"Ensemble de v\u00eatements en coton biologique personnalis\u00e9 - petelulu","isPartOf":{"@id":"https:\/\/petelulu.com\/#website"},"primaryImageOfPage":{"@id":"https:\/\/petelulu.com\/product\/organic-cotton-clothing-set\/#primaryimage"},"image":{"@id":"https:\/\/petelulu.com\/product\/organic-cotton-clothing-set\/#primaryimage"},"thumbnailUrl":"https:\/\/petelulu.com\/wp-content\/uploads\/2025\/03\/\u4e3b\u56fe_002-43.jpg","datePublished":"2025-03-26T03:32:50+00:00","dateModified":"2025-08-13T03:53:05+00:00","description":"Ensemble de v\u00eatements en coton biologique. Prix comp\u00e9titifs, exp\u00e9dition rapide. Livraison globale pour les d\u00e9taillants\/grossistes.","breadcrumb":{"@id":"https:\/\/petelulu.com\/product\/organic-cotton-clothing-set\/#breadcrumb"},"inLanguage":"fr-FR","potentialAction":[{"@type":"ReadAction","target":["https:\/\/petelulu.com\/product\/organic-cotton-clothing-set\/"]}]},{"@type":"ImageObject","inLanguage":"fr-FR","@id":"https:\/\/petelulu.com\/product\/organic-cotton-clothing-set\/#primaryimage","url":"https:\/\/petelulu.com\/wp-content\/uploads\/2025\/03\/\u4e3b\u56fe_002-43.jpg","contentUrl":"https:\/\/petelulu.com\/wp-content\/uploads\/2025\/03\/\u4e3b\u56fe_002-43.jpg","width":2000,"height":2000,"caption":"Organic Cotton Clothing Set"},{"@type":"BreadcrumbList","@id":"https:\/\/petelulu.com\/product\/organic-cotton-clothing-set\/#breadcrumb","itemListElement":[{"@type":"ListItem","position":1,"name":"\u9996\u9875","item":"https:\/\/petelulu.com\/"},{"@type":"ListItem","position":2,"name":"PRODUCT GALLERY","item":"https:\/\/petelulu.com\/product-gallery\/"},{"@type":"ListItem","position":3,"name":"Custom Organic Cotton Clothing Set"}]},{"@type":"WebSite","@id":"https:\/\/petelulu.com\/#website","url":"https:\/\/petelulu.com\/","name":"PETElulu","description":"","potentialAction":[{"@type":"SearchAction","target":{"@type":"EntryPoint","urlTemplate":"https:\/\/petelulu.com\/?s={search_term_string}"},"query-input":{"@type":"PropertyValueSpecification","valueRequired":true,"valueName":"search_term_string"}}],"inLanguage":"fr-FR"}]}},"builder_content":"","_links":{"self":[{"href":"https:\/\/petelulu.com\/fr\/wp-json\/wp\/v2\/product\/2375","targetHints":{"allow":["GET"]}}],"collection":[{"href":"https:\/\/petelulu.com\/fr\/wp-json\/wp\/v2\/product"}],"about":[{"href":"https:\/\/petelulu.com\/fr\/wp-json\/wp\/v2\/types\/product"}],"wp:featuredmedia":[{"embeddable":true,"href":"https:\/\/petelulu.com\/fr\/wp-json\/wp\/v2\/media\/2379"}],"wp:attachment":[{"href":"https:\/\/petelulu.com\/fr\/wp-json\/wp\/v2\/media?parent=2375"}],"wp:term":[{"taxonomy":"product_brand","embeddable":true,"href":"https:\/\/petelulu.com\/fr\/wp-json\/wp\/v2\/product_brand?post=2375"},{"taxonomy":"product_cat","embeddable":true,"href":"https:\/\/petelulu.com\/fr\/wp-json\/wp\/v2\/product_cat?post=2375"},{"taxonomy":"product_tag","embeddable":true,"href":"https:\/\/petelulu.com\/fr\/wp-json\/wp\/v2\/product_tag?post=2375"}],"curies":[{"name":"wp","href":"https:\/\/api.w.org\/{rel}","templated":true}]}}