{"id":2270,"date":"2025-03-26T01:57:14","date_gmt":"2025-03-26T01:57:14","guid":{"rendered":"https:\/\/petelulu.com\/?post_type=product&#038;p=2270"},"modified":"2025-08-12T23:33:58","modified_gmt":"2025-08-13T03:33:58","slug":"grenouillere-a-manches-longues-en-coton-biologique-pour-bebe","status":"publish","type":"product","link":"https:\/\/petelulu.com\/fr\/produit\/grenouillere-a-manches-longues-en-coton-biologique-pour-bebe\/","title":{"rendered":"Chandail \u00e0 manches longues en coton biologique personnalis\u00e9 pour b\u00e9b\u00e9"},"content":{"rendered":"<h2>A propos de ce produit<\/h2>\n<ol>\n<li>Soft and Breathable Fabric: Our Newborn Kimono long Sleeved Jumpsuit is crafted from 100% organic cotton, ensuring a comfortable and breathable fabric that prioritizes skin care for your baby&#8217;s delicate skin.<\/li>\n<li>Eco-Friendly and Sustainable: Made from eco-friendly materials, this romper is perfect for parents who value the environment and want to make a positive impact with their purchasing decisions.<\/li>\n<li>Customizable Option Available: We offer a customized logo option for businesses and individuals who want to personalize their brand or special occasion with this adorable romper.<\/li>\n<li>Versatile and Adaptable: Suitable for spring, this stylish romper is designed for infants and toddlers, with a size range of 0-18 months, ensuring it can be worn by your little one as they grow.<\/li>\n<li data-spm-anchor-id=\"a2700.details.0.i75.2e6c4df0OahblO\">Quick Production and Shipping: With a 7-day sample order lead time, we support fast production and shipping, ensuring you can get your customized romper quickly, even with a small order quantity of 360 pieces.<\/li>\n<\/ol>","protected":false},"excerpt":{"rendered":"<p>Prix unitaire : US $4.99-6.99 \/ Pi\u00e8ce<br \/>\nQuantit\u00e9 de commande min : 300 pi\u00e8ces\/taille<br \/>\nMati\u00e8re : Coton biologique 100%<br \/>\nAge: Newborn\/0-3M\/3-6M\/6-9M\/9-12M\/12-18M\/18-24M<br \/>\nMat\u00e9riaux applicables : Bambou\/coton biologique\/coton pur\/rayonne modale\/mousseline de bambou<br \/>\nCapacit\u00e9 de production : 10 000 pi\u00e8ces par mois<br \/>\nPort : Guangzhou, Chine<br \/>\nConditions de paiement : T\/T<br \/>\nEchantillon\uff1aAccepter un \u00e9chantillon personnalis\u00e9<br \/>\nLogo : Logo personnalis\u00e9<br \/>\nLivraison : 25-35 jours ouvrables<br \/>\nOEM ET ODM<\/p>\n<p><a href=\"https:\/\/petelulu.com\/fr\/#category\">Voir plus<\/a><\/p>\n<div class=\"wpforms-container wpforms-container-full wpforms-render-modern\" id=\"wpforms-2878\"><form id=\"wpforms-form-2878\" class=\"wpforms-validate wpforms-form wpforms-ajax-form\" data-formid=\"2878\" method=\"post\" enctype=\"multipart\/form-data\" action=\"\/fr\/wp-json\/wp\/v2\/product\/2270\" data-token=\"f9e5e1c5cede5ee0c6e3b3c92c3e4d2d\" data-token-time=\"1776241400\" data-trp-original-action=\"\/fr\/wp-json\/wp\/v2\/product\/2270\"><noscript class=\"wpforms-error-noscript\">Veuillez activer JavaScript dans votre navigateur pour remplir ce formulaire.<\/noscript><div class=\"wpforms-hidden\" id=\"wpforms-error-noscript\">Veuillez activer JavaScript dans votre navigateur pour remplir ce formulaire.<\/div><div class=\"wpforms-field-container\"><div id=\"wpforms-2878-field_2-container\" class=\"wpforms-field wpforms-field-name\" data-field-id=\"2\"><label class=\"wpforms-field-label\" for=\"wpforms-2878-field_2\">Nom <span class=\"wpforms-required-label\" aria-hidden=\"true\">*<\/span><\/label><input type=\"text\" id=\"wpforms-2878-field_2\" class=\"wpforms-field-medium wpforms-field-required\" name=\"wpforms[fields][2]\" aria-errormessage=\"wpforms-2878-field_2-error\" required><\/div><div id=\"wpforms-2878-field_5-container\" class=\"wpforms-field wpforms-field-email\" data-field-id=\"5\"><label class=\"wpforms-field-label\" for=\"wpforms-2878-field_5\">Courriel <span class=\"wpforms-required-label\" aria-hidden=\"true\">*<\/span><\/label><input type=\"email\" id=\"wpforms-2878-field_5\" class=\"wpforms-field-medium wpforms-field-required\" name=\"wpforms[fields][5]\" spellcheck=\"false\" aria-errormessage=\"wpforms-2878-field_5-error\" required><\/div><div id=\"wpforms-2878-field_3-container\" class=\"wpforms-field wpforms-field-textarea\" data-field-id=\"3\"><label class=\"wpforms-field-label\" for=\"wpforms-2878-field_3\">Demande <span class=\"wpforms-required-label\" aria-hidden=\"true\">*<\/span><\/label><textarea id=\"wpforms-2878-field_3\" class=\"wpforms-field-medium wpforms-field-required\" name=\"wpforms[fields][3]\" aria-errormessage=\"wpforms-2878-field_3-error\" aria-describedby=\"wpforms-2878-field_3-description\" required><\/textarea><div id=\"wpforms-2878-field_3-description\" class=\"wpforms-field-description\">Veuillez nous communiquer vos besoins et votre num\u00e9ro WhatsApp, et notre repr\u00e9sentant commercial vous contactera.<\/div><\/div><\/div><!-- .wpforms-field-container --><div class=\"wpforms-submit-container\" ><input type=\"hidden\" name=\"wpforms[id]\" value=\"2878\"><input type=\"hidden\" name=\"page_title\" value=\"\"><input type=\"hidden\" name=\"page_url\" value=\"https:\/\/petelulu.com\/fr\/wp-json\/wp\/v2\/product\/2270\"><input type=\"hidden\" name=\"url_referer\" value=\"\"><button type=\"submit\" name=\"wpforms[submit]\" id=\"wpforms-submit-2878\" class=\"wpforms-submit\" data-alt-text=\"Sending...\" data-submit-text=\"Submit\" aria-live=\"assertive\" value=\"wpforms-submit\">Soumettre<\/button><img loading=\"lazy\" decoding=\"async\" src=\"https:\/\/petelulu.com\/wp-content\/plugins\/wpforms-lite\/assets\/images\/submit-spin.svg\" class=\"wpforms-submit-spinner\" style=\"display: none;\" width=\"26\" height=\"26\" alt=\"Chargement en cours\"><\/div><input type=\"hidden\" name=\"trp-form-language\" value=\"fr\"\/><\/form><\/div>  <!-- .wpforms-container -->","protected":false},"featured_media":2272,"template":"","meta":[],"product_brand":[],"product_cat":[41],"product_tag":[80,101,97,81],"class_list":{"0":"post-2270","1":"product","2":"type-product","3":"status-publish","4":"has-post-thumbnail","6":"product_cat-rompers","7":"product_tag-baby","8":"product_tag-fabrics","9":"product_tag-organic-cotton","10":"product_tag-toddler","11":"has-post-title","12":"has-post-date","13":"has-post-category","14":"has-post-tag","15":"has-post-comment","16":"has-post-author","17":"","19":"first","20":"instock","21":"shipping-taxable","22":"product-type-simple"},"yoast_head":"<!-- This site is optimized with the Yoast SEO Premium plugin v24.5 (Yoast SEO v25.6) - https:\/\/yoast.com\/wordpress\/plugins\/seo\/ -->\n<title>Custom Organic Cotton Long Sleeved Romper for Baby - petelulu<\/title>\n<meta name=\"description\" content=\"100% Organic Cotton Long Sleeved Romper for Baby | Custom Designs, Fast Shipping Worldwide. Competitive Pricing for Retailers. Get Quote &amp; Enquire Now!\" \/>\n<meta name=\"robots\" content=\"index, follow, max-snippet:-1, max-image-preview:large, max-video-preview:-1\" \/>\n<link rel=\"canonical\" href=\"https:\/\/petelulu.com\/fr\/produit\/grenouillere-a-manches-longues-en-coton-biologique-pour-bebe\/\" \/>\n<meta property=\"og:locale\" content=\"fr_FR\" \/>\n<meta property=\"og:type\" content=\"article\" \/>\n<meta property=\"og:title\" content=\"Custom Organic Cotton Long Sleeved Romper for Baby\" \/>\n<meta property=\"og:description\" content=\"100% Organic Cotton Long Sleeved Romper for Baby | Custom Designs, Fast Shipping Worldwide. Competitive Pricing for Retailers. Get Quote &amp; Enquire Now!\" \/>\n<meta property=\"og:url\" content=\"https:\/\/petelulu.com\/fr\/produit\/grenouillere-a-manches-longues-en-coton-biologique-pour-bebe\/\" \/>\n<meta property=\"og:site_name\" content=\"petelulu\" \/>\n<meta property=\"article:modified_time\" content=\"2025-08-13T03:33:58+00:00\" \/>\n<meta property=\"og:image\" content=\"https:\/\/petelulu.com\/wp-content\/uploads\/2025\/03\/\u4e3b\u56fe_002-29.jpg\" \/>\n\t<meta property=\"og:image:width\" content=\"1677\" \/>\n\t<meta property=\"og:image:height\" content=\"1677\" \/>\n\t<meta property=\"og:image:type\" content=\"image\/jpeg\" \/>\n<meta name=\"twitter:card\" content=\"summary_large_image\" \/>\n<meta name=\"twitter:label1\" content=\"Dur\u00e9e de lecture estim\u00e9e\" \/>\n\t<meta name=\"twitter:data1\" content=\"1 minute\" \/>\n<script type=\"application\/ld+json\" class=\"yoast-schema-graph\">{\"@context\":\"https:\/\/schema.org\",\"@graph\":[{\"@type\":\"WebPage\",\"@id\":\"https:\/\/petelulu.com\/product\/organic-cotton-long-sleeved-romper-for-baby\/\",\"url\":\"https:\/\/petelulu.com\/product\/organic-cotton-long-sleeved-romper-for-baby\/\",\"name\":\"Custom Organic Cotton Long Sleeved Romper for Baby - petelulu\",\"isPartOf\":{\"@id\":\"https:\/\/petelulu.com\/#website\"},\"primaryImageOfPage\":{\"@id\":\"https:\/\/petelulu.com\/product\/organic-cotton-long-sleeved-romper-for-baby\/#primaryimage\"},\"image\":{\"@id\":\"https:\/\/petelulu.com\/product\/organic-cotton-long-sleeved-romper-for-baby\/#primaryimage\"},\"thumbnailUrl\":\"https:\/\/petelulu.com\/wp-content\/uploads\/2025\/03\/\u4e3b\u56fe_002-29.jpg\",\"datePublished\":\"2025-03-26T01:57:14+00:00\",\"dateModified\":\"2025-08-13T03:33:58+00:00\",\"description\":\"100% Organic Cotton Long Sleeved Romper for Baby | Custom Designs, Fast Shipping Worldwide. Competitive Pricing for Retailers. Get Quote & Enquire Now!\",\"breadcrumb\":{\"@id\":\"https:\/\/petelulu.com\/product\/organic-cotton-long-sleeved-romper-for-baby\/#breadcrumb\"},\"inLanguage\":\"fr-FR\",\"potentialAction\":[{\"@type\":\"ReadAction\",\"target\":[\"https:\/\/petelulu.com\/product\/organic-cotton-long-sleeved-romper-for-baby\/\"]}]},{\"@type\":\"ImageObject\",\"inLanguage\":\"fr-FR\",\"@id\":\"https:\/\/petelulu.com\/product\/organic-cotton-long-sleeved-romper-for-baby\/#primaryimage\",\"url\":\"https:\/\/petelulu.com\/wp-content\/uploads\/2025\/03\/\u4e3b\u56fe_002-29.jpg\",\"contentUrl\":\"https:\/\/petelulu.com\/wp-content\/uploads\/2025\/03\/\u4e3b\u56fe_002-29.jpg\",\"width\":1677,\"height\":1677,\"caption\":\"100% Organic Cotton Long Sleeved Romper for Baby\"},{\"@type\":\"BreadcrumbList\",\"@id\":\"https:\/\/petelulu.com\/product\/organic-cotton-long-sleeved-romper-for-baby\/#breadcrumb\",\"itemListElement\":[{\"@type\":\"ListItem\",\"position\":1,\"name\":\"\u9996\u9875\",\"item\":\"https:\/\/petelulu.com\/\"},{\"@type\":\"ListItem\",\"position\":2,\"name\":\"PRODUCT GALLERY\",\"item\":\"https:\/\/petelulu.com\/product-gallery\/\"},{\"@type\":\"ListItem\",\"position\":3,\"name\":\"Custom Organic Cotton Long Sleeved Romper for Baby\"}]},{\"@type\":\"WebSite\",\"@id\":\"https:\/\/petelulu.com\/#website\",\"url\":\"https:\/\/petelulu.com\/\",\"name\":\"PETElulu\",\"description\":\"\",\"potentialAction\":[{\"@type\":\"SearchAction\",\"target\":{\"@type\":\"EntryPoint\",\"urlTemplate\":\"https:\/\/petelulu.com\/?s={search_term_string}\"},\"query-input\":{\"@type\":\"PropertyValueSpecification\",\"valueRequired\":true,\"valueName\":\"search_term_string\"}}],\"inLanguage\":\"fr-FR\"}]}<\/script>\n<!-- \/ Yoast SEO Premium plugin. -->","yoast_head_json":{"title":"Chandail \u00e0 manches longues en coton biologique personnalis\u00e9 pour b\u00e9b\u00e9 - petelulu","description":"100% Organic Cotton Long Sleeve Romper for Baby | Custom Designs, Fast Shipping Worldwide. Prix comp\u00e9titifs pour les d\u00e9taillants. Obtenez un devis et renseignez-vous d\u00e8s maintenant !","robots":{"index":"index","follow":"follow","max-snippet":"max-snippet:-1","max-image-preview":"max-image-preview:large","max-video-preview":"max-video-preview:-1"},"canonical":"https:\/\/petelulu.com\/fr\/produit\/grenouillere-a-manches-longues-en-coton-biologique-pour-bebe\/","og_locale":"fr_FR","og_type":"article","og_title":"Custom Organic Cotton Long Sleeved Romper for Baby","og_description":"100% Organic Cotton Long Sleeved Romper for Baby | Custom Designs, Fast Shipping Worldwide. Competitive Pricing for Retailers. Get Quote & Enquire Now!","og_url":"https:\/\/petelulu.com\/fr\/produit\/grenouillere-a-manches-longues-en-coton-biologique-pour-bebe\/","og_site_name":"petelulu","article_modified_time":"2025-08-13T03:33:58+00:00","og_image":[{"width":1677,"height":1677,"url":"https:\/\/petelulu.com\/wp-content\/uploads\/2025\/03\/\u4e3b\u56fe_002-29.jpg","type":"image\/jpeg"}],"twitter_card":"summary_large_image","twitter_misc":{"Dur\u00e9e de lecture estim\u00e9e":"1 minute"},"schema":{"@context":"https:\/\/schema.org","@graph":[{"@type":"WebPage","@id":"https:\/\/petelulu.com\/product\/organic-cotton-long-sleeved-romper-for-baby\/","url":"https:\/\/petelulu.com\/product\/organic-cotton-long-sleeved-romper-for-baby\/","name":"Chandail \u00e0 manches longues en coton biologique personnalis\u00e9 pour b\u00e9b\u00e9 - petelulu","isPartOf":{"@id":"https:\/\/petelulu.com\/#website"},"primaryImageOfPage":{"@id":"https:\/\/petelulu.com\/product\/organic-cotton-long-sleeved-romper-for-baby\/#primaryimage"},"image":{"@id":"https:\/\/petelulu.com\/product\/organic-cotton-long-sleeved-romper-for-baby\/#primaryimage"},"thumbnailUrl":"https:\/\/petelulu.com\/wp-content\/uploads\/2025\/03\/\u4e3b\u56fe_002-29.jpg","datePublished":"2025-03-26T01:57:14+00:00","dateModified":"2025-08-13T03:33:58+00:00","description":"100% Organic Cotton Long Sleeve Romper for Baby | Custom Designs, Fast Shipping Worldwide. Prix comp\u00e9titifs pour les d\u00e9taillants. Obtenez un devis et renseignez-vous d\u00e8s maintenant !","breadcrumb":{"@id":"https:\/\/petelulu.com\/product\/organic-cotton-long-sleeved-romper-for-baby\/#breadcrumb"},"inLanguage":"fr-FR","potentialAction":[{"@type":"ReadAction","target":["https:\/\/petelulu.com\/product\/organic-cotton-long-sleeved-romper-for-baby\/"]}]},{"@type":"ImageObject","inLanguage":"fr-FR","@id":"https:\/\/petelulu.com\/product\/organic-cotton-long-sleeved-romper-for-baby\/#primaryimage","url":"https:\/\/petelulu.com\/wp-content\/uploads\/2025\/03\/\u4e3b\u56fe_002-29.jpg","contentUrl":"https:\/\/petelulu.com\/wp-content\/uploads\/2025\/03\/\u4e3b\u56fe_002-29.jpg","width":1677,"height":1677,"caption":"100% Organic Cotton Long Sleeved Romper for Baby"},{"@type":"BreadcrumbList","@id":"https:\/\/petelulu.com\/product\/organic-cotton-long-sleeved-romper-for-baby\/#breadcrumb","itemListElement":[{"@type":"ListItem","position":1,"name":"\u9996\u9875","item":"https:\/\/petelulu.com\/"},{"@type":"ListItem","position":2,"name":"PRODUCT GALLERY","item":"https:\/\/petelulu.com\/product-gallery\/"},{"@type":"ListItem","position":3,"name":"Custom Organic Cotton Long Sleeved Romper for Baby"}]},{"@type":"WebSite","@id":"https:\/\/petelulu.com\/#website","url":"https:\/\/petelulu.com\/","name":"PETElulu","description":"","potentialAction":[{"@type":"SearchAction","target":{"@type":"EntryPoint","urlTemplate":"https:\/\/petelulu.com\/?s={search_term_string}"},"query-input":{"@type":"PropertyValueSpecification","valueRequired":true,"valueName":"search_term_string"}}],"inLanguage":"fr-FR"}]}},"builder_content":"","_links":{"self":[{"href":"https:\/\/petelulu.com\/fr\/wp-json\/wp\/v2\/product\/2270","targetHints":{"allow":["GET"]}}],"collection":[{"href":"https:\/\/petelulu.com\/fr\/wp-json\/wp\/v2\/product"}],"about":[{"href":"https:\/\/petelulu.com\/fr\/wp-json\/wp\/v2\/types\/product"}],"wp:featuredmedia":[{"embeddable":true,"href":"https:\/\/petelulu.com\/fr\/wp-json\/wp\/v2\/media\/2272"}],"wp:attachment":[{"href":"https:\/\/petelulu.com\/fr\/wp-json\/wp\/v2\/media?parent=2270"}],"wp:term":[{"taxonomy":"product_brand","embeddable":true,"href":"https:\/\/petelulu.com\/fr\/wp-json\/wp\/v2\/product_brand?post=2270"},{"taxonomy":"product_cat","embeddable":true,"href":"https:\/\/petelulu.com\/fr\/wp-json\/wp\/v2\/product_cat?post=2270"},{"taxonomy":"product_tag","embeddable":true,"href":"https:\/\/petelulu.com\/fr\/wp-json\/wp\/v2\/product_tag?post=2270"}],"curies":[{"name":"wp","href":"https:\/\/api.w.org\/{rel}","templated":true}]}}