{"id":2177,"date":"2025-03-25T02:42:30","date_gmt":"2025-03-25T02:42:30","guid":{"rendered":"https:\/\/petelulu.com\/?post_type=product&#038;p=2177"},"modified":"2025-08-12T23:48:00","modified_gmt":"2025-08-13T03:48:00","slug":"sous-vetements-pour-bebes-en-coton-biologique-solide-et-peigne","status":"publish","type":"product","link":"https:\/\/petelulu.com\/fr\/produit\/sous-vetements-pour-bebes-en-coton-biologique-solide-et-peigne\/","title":{"rendered":"Sous-v\u00eatements pour b\u00e9b\u00e9s en coton biologique solide et fil\u00e9 sur mesure"},"content":{"rendered":"<ul class=\"\">\n<li>Tissu doux et respirant : Nos culottes bouffantes pour b\u00e9b\u00e9s sont fabriqu\u00e9es en coton biologique 100%, ce qui garantit une tenue confortable pour vos petits. Le tissu respirant permet la circulation de l'air et l'\u00e9vacuation de l'humidit\u00e9, ce qui permet \u00e0 votre b\u00e9b\u00e9 de rester sec et d\u00e9tendu.<\/li>\n<li>Style polyvalent : Con\u00e7ue comme un v\u00eatement d\u00e9contract\u00e9 et unisexe, notre culotte bouffante pour b\u00e9b\u00e9 est parfaite pour un usage quotidien et convient aux nourrissons et aux jeunes enfants de 0 \u00e0 18 mois. Ils peuvent \u00eatre associ\u00e9s \u00e0 une grande vari\u00e9t\u00e9 de tenues, ce qui en fait un excellent compl\u00e9ment \u00e0 la garde-robe de tout b\u00e9b\u00e9.<\/li>\n<li>Durable et de longue dur\u00e9e : Gr\u00e2ce \u00e0 des caract\u00e9ristiques telles que l'anti-boulochage, l'anti-plissement et la r\u00e9sistance \u00e0 la d\u00e9coloration, nos culottes bouffantes pour b\u00e9b\u00e9 sont con\u00e7ues pour r\u00e9sister \u00e0 des lavages et \u00e0 des usures r\u00e9p\u00e9t\u00e9s. Ils conservent ainsi l'aspect et le confort de votre b\u00e9b\u00e9.<\/li>\n<li>Durable et \u00e9cologique : Fabriqu\u00e9es en coton biologique 100%, nos culottes bouffantes pour b\u00e9b\u00e9 sont un choix \u00e9cologique pour les parents qui accordent une grande importance \u00e0 l'environnement. Ce mat\u00e9riau durable est doux pour la peau de votre b\u00e9b\u00e9 et pour la plan\u00e8te.<\/li>\n<li data-spm-anchor-id=\"a2700.details.0.i76.87f014e47cEwRQ\">Options de personnalisation disponibles : Nous acceptons les mod\u00e8les personnalis\u00e9s, ce qui vous permet de personnaliser nos culottes bouffantes pour b\u00e9b\u00e9 avec votre style unique ou votre marque. Que vous soyez parent ou chef d'entreprise, cette option est parfaite pour cr\u00e9er un produit unique.<\/li>\n<\/ul>","protected":false},"excerpt":{"rendered":"<p>Prix unitaire : US $1.58-2.99\/ Pi\u00e8ce<br \/>\nQuantit\u00e9 de commande min : 300 pi\u00e8ces\/taille<br \/>\nMati\u00e8re : Coton biologique 100%<br \/>\nAge: 0-3M\/3-6M\/6-9M\/9-12M\/12-18M\/18-24M\/2T-3T-4T<br \/>\nMat\u00e9riaux applicables : Bambou\/coton biologique\/coton pur\/\u00e9ponge fran\u00e7aise\/mousseline de bambou<br \/>\nCapacit\u00e9 de production : 10 000 pi\u00e8ces par mois<br \/>\nPort : Guangzhou, Chine<br \/>\nConditions de paiement : T\/T<br \/>\nEchantillon\uff1aAccepter un \u00e9chantillon personnalis\u00e9<br \/>\nLogo : Logo personnalis\u00e9<br \/>\nLivraison : 25-35 jours ouvrables<br \/>\nOEM ET ODM<\/p>\n<p><a href=\"https:\/\/petelulu.com\/fr\/#category\">Voir plus<\/a><\/p>\n<style id=\"wpforms-css-vars-2878\">\n\t\t\t\t#wpforms-2878 {\n\t\t\t\t\n\t\t\t}\n\t\t\t<\/style><div class=\"wpforms-container wpforms-container-full wpforms-render-modern\" id=\"wpforms-2878\"><form id=\"wpforms-form-2878\" class=\"wpforms-validate wpforms-form wpforms-ajax-form\" data-formid=\"2878\" method=\"post\" enctype=\"multipart\/form-data\" action=\"\/fr\/wp-json\/wp\/v2\/product\/2177\" data-token=\"128124db61122febf9a8e0577f267efe\" data-token-time=\"1779046534\" data-trp-original-action=\"\/fr\/wp-json\/wp\/v2\/product\/2177\"><noscript class=\"wpforms-error-noscript\">Veuillez activer JavaScript dans votre navigateur pour remplir ce formulaire.<\/noscript><div id=\"wpforms-error-noscript\" style=\"display: none;\">Veuillez activer JavaScript dans votre navigateur pour remplir ce formulaire.<\/div><div class=\"wpforms-field-container\"><div id=\"wpforms-2878-field_2-container\" class=\"wpforms-field wpforms-field-name\" data-field-id=\"2\"><label class=\"wpforms-field-label\" for=\"wpforms-2878-field_2\">Nom <span class=\"wpforms-required-label\" aria-hidden=\"true\">*<\/span><\/label><input type=\"text\" id=\"wpforms-2878-field_2\" class=\"wpforms-field-medium wpforms-field-required\" name=\"wpforms[fields][2]\" aria-errormessage=\"wpforms-2878-field_2-error\" required><\/div>\t\t<div id=\"wpforms-2878-field_1-container\"\n\t\t\tclass=\"wpforms-field wpforms-field-text\"\n\t\t\tdata-field-type=\"text\"\n\t\t\tdata-field-id=\"1\"\n\t\t\t>\n\t\t\t<label class=\"wpforms-field-label\" for=\"wpforms-2878-field_1\" >Nom Courriel Demande<\/label>\n\t\t\t<input type=\"text\" id=\"wpforms-2878-field_1\" class=\"wpforms-field-medium\" name=\"wpforms[fields][1]\" >\n\t\t<\/div>\n\t\t<div id=\"wpforms-2878-field_5-container\" class=\"wpforms-field wpforms-field-email\" data-field-id=\"5\"><label class=\"wpforms-field-label\" for=\"wpforms-2878-field_5\">Courriel <span class=\"wpforms-required-label\" aria-hidden=\"true\">*<\/span><\/label><input type=\"email\" id=\"wpforms-2878-field_5\" class=\"wpforms-field-medium wpforms-field-required\" name=\"wpforms[fields][5]\" spellcheck=\"false\" aria-errormessage=\"wpforms-2878-field_5-error\" required><\/div><div id=\"wpforms-2878-field_3-container\" class=\"wpforms-field wpforms-field-textarea\" data-field-id=\"3\"><label class=\"wpforms-field-label\" for=\"wpforms-2878-field_3\">Demande <span class=\"wpforms-required-label\" aria-hidden=\"true\">*<\/span><\/label><textarea id=\"wpforms-2878-field_3\" class=\"wpforms-field-medium wpforms-field-required\" name=\"wpforms[fields][3]\" aria-errormessage=\"wpforms-2878-field_3-error\" aria-describedby=\"wpforms-2878-field_3-description\" required><\/textarea><div id=\"wpforms-2878-field_3-description\" class=\"wpforms-field-description\">Veuillez nous communiquer vos besoins et votre num\u00e9ro WhatsApp, et notre repr\u00e9sentant commercial vous contactera.<\/div><\/div><script>\n\t\t\t\t( function() {\n\t\t\t\t\tconst style = document.createElement( 'style' );\n\t\t\t\t\tstyle.appendChild( document.createTextNode( '#wpforms-2878-field_1-container { position: absolute !important; overflow: hidden !important; display: inline !important; height: 1px !important; width: 1px !important; z-index: -1000 !important; padding: 0 !important; } #wpforms-2878-field_1-container input { visibility: hidden; } #wpforms-conversational-form-page #wpforms-2878-field_1-container label { counter-increment: none; }' ) );\n\t\t\t\t\tdocument.head.appendChild( style );\n\t\t\t\t\tdocument.currentScript?.remove();\n\t\t\t\t} )();\n\t\t\t<\/script><\/div><!-- .wpforms-field-container --><div class=\"wpforms-submit-container\" ><input type=\"hidden\" name=\"wpforms[id]\" value=\"2878\"><input type=\"hidden\" name=\"page_title\" value=\"\"><input type=\"hidden\" name=\"page_url\" value=\"https:\/\/petelulu.com\/fr\/wp-json\/wp\/v2\/product\/2177\"><input type=\"hidden\" name=\"url_referer\" value=\"\"><button type=\"submit\" name=\"wpforms[submit]\" id=\"wpforms-submit-2878\" class=\"wpforms-submit\" data-alt-text=\"Sending...\" data-submit-text=\"Submit\" aria-live=\"assertive\" value=\"wpforms-submit\">Soumettre<\/button><img loading=\"lazy\" decoding=\"async\" src=\"https:\/\/petelulu.com\/wp-content\/plugins\/wpforms-lite\/assets\/images\/submit-spin.svg\" class=\"wpforms-submit-spinner\" style=\"display: none;\" width=\"26\" height=\"26\" alt=\"Chargement en cours\"><\/div><input type=\"hidden\" name=\"trp-form-language\" value=\"fr\"\/><\/form><\/div>  <!-- .wpforms-container -->\n<p>&nbsp;<\/p>","protected":false},"featured_media":2178,"template":"","meta":[],"product_brand":[],"product_cat":[77],"product_tag":[80,98,102,99,97,100,81],"class_list":{"0":"post-2177","1":"product","2":"type-product","3":"status-publish","4":"has-post-thumbnail","6":"product_cat-panties","7":"product_tag-baby","8":"product_tag-bamboo-fiber","9":"product_tag-category","10":"product_tag-french-terry","11":"product_tag-organic-cotton","12":"product_tag-tencel","13":"product_tag-toddler","14":"has-post-title","15":"has-post-date","16":"has-post-category","17":"has-post-tag","18":"has-post-comment","19":"has-post-author","20":"","22":"first","23":"instock","24":"shipping-taxable","25":"product-type-simple"},"yoast_head":"<!-- This site is optimized with the Yoast SEO Premium plugin v24.5 (Yoast SEO v25.6) - https:\/\/yoast.com\/wordpress\/plugins\/seo\/ -->\n<title>Custom Organic Cotton Solid Worsted Baby Underwear - petelulu<\/title>\n<meta name=\"description\" content=\"Organic Cotton Solid Worsted Baby Bloomer | Custom Designs, Fast Shipping Worldwide. Competitive Pricing for Retailers. Get Quote &amp; Enquire Now!\" \/>\n<meta name=\"robots\" content=\"index, follow, max-snippet:-1, max-image-preview:large, max-video-preview:-1\" \/>\n<link rel=\"canonical\" href=\"https:\/\/petelulu.com\/fr\/produit\/sous-vetements-pour-bebes-en-coton-biologique-solide-et-peigne\/\" \/>\n<meta property=\"og:locale\" content=\"fr_FR\" \/>\n<meta property=\"og:type\" content=\"article\" \/>\n<meta property=\"og:title\" content=\"Custom Organic Cotton Solid Worsted Baby Underwear\" \/>\n<meta property=\"og:description\" content=\"Organic Cotton Solid Worsted Baby Bloomer | Custom Designs, Fast Shipping Worldwide. Competitive Pricing for Retailers. Get Quote &amp; Enquire Now!\" \/>\n<meta property=\"og:url\" content=\"https:\/\/petelulu.com\/fr\/produit\/sous-vetements-pour-bebes-en-coton-biologique-solide-et-peigne\/\" \/>\n<meta property=\"og:site_name\" content=\"petelulu\" \/>\n<meta property=\"article:modified_time\" content=\"2025-08-13T03:48:00+00:00\" \/>\n<meta property=\"og:image\" content=\"https:\/\/petelulu.com\/wp-content\/uploads\/2025\/03\/\u8be6\u60c5_001-2.jpg\" \/>\n\t<meta property=\"og:image:width\" content=\"1800\" \/>\n\t<meta property=\"og:image:height\" content=\"1800\" \/>\n\t<meta property=\"og:image:type\" content=\"image\/jpeg\" \/>\n<meta name=\"twitter:card\" content=\"summary_large_image\" \/>\n<meta name=\"twitter:label1\" content=\"Dur\u00e9e de lecture estim\u00e9e\" \/>\n\t<meta name=\"twitter:data1\" content=\"2 minutes\" \/>\n<script type=\"application\/ld+json\" class=\"yoast-schema-graph\">{\"@context\":\"https:\/\/schema.org\",\"@graph\":[{\"@type\":\"WebPage\",\"@id\":\"https:\/\/petelulu.com\/product\/organic-cotton-solid-worsted-baby-underwear\/\",\"url\":\"https:\/\/petelulu.com\/product\/organic-cotton-solid-worsted-baby-underwear\/\",\"name\":\"Custom Organic Cotton Solid Worsted Baby Underwear - petelulu\",\"isPartOf\":{\"@id\":\"https:\/\/petelulu.com\/#website\"},\"primaryImageOfPage\":{\"@id\":\"https:\/\/petelulu.com\/product\/organic-cotton-solid-worsted-baby-underwear\/#primaryimage\"},\"image\":{\"@id\":\"https:\/\/petelulu.com\/product\/organic-cotton-solid-worsted-baby-underwear\/#primaryimage\"},\"thumbnailUrl\":\"https:\/\/petelulu.com\/wp-content\/uploads\/2025\/03\/\u8be6\u60c5_001-2.jpg\",\"datePublished\":\"2025-03-25T02:42:30+00:00\",\"dateModified\":\"2025-08-13T03:48:00+00:00\",\"description\":\"Organic Cotton Solid Worsted Baby Bloomer | Custom Designs, Fast Shipping Worldwide. Competitive Pricing for Retailers. Get Quote & Enquire Now!\",\"breadcrumb\":{\"@id\":\"https:\/\/petelulu.com\/product\/organic-cotton-solid-worsted-baby-underwear\/#breadcrumb\"},\"inLanguage\":\"fr-FR\",\"potentialAction\":[{\"@type\":\"ReadAction\",\"target\":[\"https:\/\/petelulu.com\/product\/organic-cotton-solid-worsted-baby-underwear\/\"]}]},{\"@type\":\"ImageObject\",\"inLanguage\":\"fr-FR\",\"@id\":\"https:\/\/petelulu.com\/product\/organic-cotton-solid-worsted-baby-underwear\/#primaryimage\",\"url\":\"https:\/\/petelulu.com\/wp-content\/uploads\/2025\/03\/\u8be6\u60c5_001-2.jpg\",\"contentUrl\":\"https:\/\/petelulu.com\/wp-content\/uploads\/2025\/03\/\u8be6\u60c5_001-2.jpg\",\"width\":1800,\"height\":1800,\"caption\":\"Organic Cotton Solid Worsted Baby Bloomer\"},{\"@type\":\"BreadcrumbList\",\"@id\":\"https:\/\/petelulu.com\/product\/organic-cotton-solid-worsted-baby-underwear\/#breadcrumb\",\"itemListElement\":[{\"@type\":\"ListItem\",\"position\":1,\"name\":\"\u9996\u9875\",\"item\":\"https:\/\/petelulu.com\/\"},{\"@type\":\"ListItem\",\"position\":2,\"name\":\"PRODUCT GALLERY\",\"item\":\"https:\/\/petelulu.com\/product-gallery\/\"},{\"@type\":\"ListItem\",\"position\":3,\"name\":\"Custom Organic Cotton Solid Worsted Baby Underwear\"}]},{\"@type\":\"WebSite\",\"@id\":\"https:\/\/petelulu.com\/#website\",\"url\":\"https:\/\/petelulu.com\/\",\"name\":\"PETElulu\",\"description\":\"\",\"potentialAction\":[{\"@type\":\"SearchAction\",\"target\":{\"@type\":\"EntryPoint\",\"urlTemplate\":\"https:\/\/petelulu.com\/?s={search_term_string}\"},\"query-input\":{\"@type\":\"PropertyValueSpecification\",\"valueRequired\":true,\"valueName\":\"search_term_string\"}}],\"inLanguage\":\"fr-FR\"}]}<\/script>\n<!-- \/ Yoast SEO Premium plugin. -->","yoast_head_json":{"title":"Sous-v\u00eatements pour b\u00e9b\u00e9s en coton biologique solide et fil\u00e9 sur mesure - petelulu","description":"Bloomer pour b\u00e9b\u00e9 en coton biologique solide fil\u00e9 | Mod\u00e8les personnalis\u00e9s, livraison rapide dans le monde entier. Prix comp\u00e9titifs pour les d\u00e9taillants. Obtenez un devis et renseignez-vous d\u00e8s maintenant !","robots":{"index":"index","follow":"follow","max-snippet":"max-snippet:-1","max-image-preview":"max-image-preview:large","max-video-preview":"max-video-preview:-1"},"canonical":"https:\/\/petelulu.com\/fr\/produit\/sous-vetements-pour-bebes-en-coton-biologique-solide-et-peigne\/","og_locale":"fr_FR","og_type":"article","og_title":"Custom Organic Cotton Solid Worsted Baby Underwear","og_description":"Organic Cotton Solid Worsted Baby Bloomer | Custom Designs, Fast Shipping Worldwide. Competitive Pricing for Retailers. Get Quote & Enquire Now!","og_url":"https:\/\/petelulu.com\/fr\/produit\/sous-vetements-pour-bebes-en-coton-biologique-solide-et-peigne\/","og_site_name":"petelulu","article_modified_time":"2025-08-13T03:48:00+00:00","og_image":[{"width":1800,"height":1800,"url":"https:\/\/petelulu.com\/wp-content\/uploads\/2025\/03\/\u8be6\u60c5_001-2.jpg","type":"image\/jpeg"}],"twitter_card":"summary_large_image","twitter_misc":{"Dur\u00e9e de lecture estim\u00e9e":"2 minutes"},"schema":{"@context":"https:\/\/schema.org","@graph":[{"@type":"WebPage","@id":"https:\/\/petelulu.com\/product\/organic-cotton-solid-worsted-baby-underwear\/","url":"https:\/\/petelulu.com\/product\/organic-cotton-solid-worsted-baby-underwear\/","name":"Sous-v\u00eatements pour b\u00e9b\u00e9s en coton biologique solide et fil\u00e9 sur mesure - petelulu","isPartOf":{"@id":"https:\/\/petelulu.com\/#website"},"primaryImageOfPage":{"@id":"https:\/\/petelulu.com\/product\/organic-cotton-solid-worsted-baby-underwear\/#primaryimage"},"image":{"@id":"https:\/\/petelulu.com\/product\/organic-cotton-solid-worsted-baby-underwear\/#primaryimage"},"thumbnailUrl":"https:\/\/petelulu.com\/wp-content\/uploads\/2025\/03\/\u8be6\u60c5_001-2.jpg","datePublished":"2025-03-25T02:42:30+00:00","dateModified":"2025-08-13T03:48:00+00:00","description":"Bloomer pour b\u00e9b\u00e9 en coton biologique solide fil\u00e9 | Mod\u00e8les personnalis\u00e9s, livraison rapide dans le monde entier. Prix comp\u00e9titifs pour les d\u00e9taillants. Obtenez un devis et renseignez-vous d\u00e8s maintenant !","breadcrumb":{"@id":"https:\/\/petelulu.com\/product\/organic-cotton-solid-worsted-baby-underwear\/#breadcrumb"},"inLanguage":"fr-FR","potentialAction":[{"@type":"ReadAction","target":["https:\/\/petelulu.com\/product\/organic-cotton-solid-worsted-baby-underwear\/"]}]},{"@type":"ImageObject","inLanguage":"fr-FR","@id":"https:\/\/petelulu.com\/product\/organic-cotton-solid-worsted-baby-underwear\/#primaryimage","url":"https:\/\/petelulu.com\/wp-content\/uploads\/2025\/03\/\u8be6\u60c5_001-2.jpg","contentUrl":"https:\/\/petelulu.com\/wp-content\/uploads\/2025\/03\/\u8be6\u60c5_001-2.jpg","width":1800,"height":1800,"caption":"Organic Cotton Solid Worsted Baby Bloomer"},{"@type":"BreadcrumbList","@id":"https:\/\/petelulu.com\/product\/organic-cotton-solid-worsted-baby-underwear\/#breadcrumb","itemListElement":[{"@type":"ListItem","position":1,"name":"\u9996\u9875","item":"https:\/\/petelulu.com\/"},{"@type":"ListItem","position":2,"name":"PRODUCT GALLERY","item":"https:\/\/petelulu.com\/product-gallery\/"},{"@type":"ListItem","position":3,"name":"Custom Organic Cotton Solid Worsted Baby Underwear"}]},{"@type":"WebSite","@id":"https:\/\/petelulu.com\/#website","url":"https:\/\/petelulu.com\/","name":"PETElulu","description":"","potentialAction":[{"@type":"SearchAction","target":{"@type":"EntryPoint","urlTemplate":"https:\/\/petelulu.com\/?s={search_term_string}"},"query-input":{"@type":"PropertyValueSpecification","valueRequired":true,"valueName":"search_term_string"}}],"inLanguage":"fr-FR"}]}},"builder_content":"","_links":{"self":[{"href":"https:\/\/petelulu.com\/fr\/wp-json\/wp\/v2\/product\/2177","targetHints":{"allow":["GET"]}}],"collection":[{"href":"https:\/\/petelulu.com\/fr\/wp-json\/wp\/v2\/product"}],"about":[{"href":"https:\/\/petelulu.com\/fr\/wp-json\/wp\/v2\/types\/product"}],"wp:featuredmedia":[{"embeddable":true,"href":"https:\/\/petelulu.com\/fr\/wp-json\/wp\/v2\/media\/2178"}],"wp:attachment":[{"href":"https:\/\/petelulu.com\/fr\/wp-json\/wp\/v2\/media?parent=2177"}],"wp:term":[{"taxonomy":"product_brand","embeddable":true,"href":"https:\/\/petelulu.com\/fr\/wp-json\/wp\/v2\/product_brand?post=2177"},{"taxonomy":"product_cat","embeddable":true,"href":"https:\/\/petelulu.com\/fr\/wp-json\/wp\/v2\/product_cat?post=2177"},{"taxonomy":"product_tag","embeddable":true,"href":"https:\/\/petelulu.com\/fr\/wp-json\/wp\/v2\/product_tag?post=2177"}],"curies":[{"name":"wp","href":"https:\/\/api.w.org\/{rel}","templated":true}]}}