{"id":1922,"date":"2025-03-19T02:24:02","date_gmt":"2025-03-19T02:24:02","guid":{"rendered":"https:\/\/petelulu.com\/?post_type=product&#038;p=1922"},"modified":"2025-08-12T23:21:23","modified_gmt":"2025-08-13T03:21:23","slug":"ensemble-de-survetement-familial-avec-logo-personnalise","status":"publish","type":"product","link":"https:\/\/petelulu.com\/fr\/produit\/ensemble-de-survetement-familial-avec-logo-personnalise\/","title":{"rendered":"Logo personnalis\u00e9 Family Tracksuit Set Jumper + Jogger Pants"},"content":{"rendered":"<div id=\"sellingpoint\" class=\"header\">\n<h2>A propos de ce produit<\/h2>\n<\/div>\n<ul class=\"\">\n<li>Tenues familiales personnalisables : Notre ensemble de v\u00eatements sweatshirt personnalis\u00e9s pour enfants vous permet de cr\u00e9er des mod\u00e8les uniques de \"tenues maman et moi\" pour vous et votre enfant, ce qui en fait un cadeau attentionn\u00e9 pour toutes les occasions.<\/li>\n<li>Mat\u00e9riaux de haute qualit\u00e9 : Fabriqu\u00e9s \u00e0 partir de mat\u00e9riaux respirants, \u00e0 s\u00e9chage rapide et anti-boulochage, nos sweatshirts garantissent confort et durabilit\u00e9 aux adultes et aux enfants, quels que soient leur \u00e2ge et leur taille.<\/li>\n<li>Tailles et couleurs personnalisables : Gr\u00e2ce aux tailles et aux couleurs personnalisables, vous pouvez choisir la coupe et le style parfaits pour r\u00e9pondre aux pr\u00e9f\u00e9rences uniques de votre famille, qu'il s'agisse de mod\u00e8les vintage ou d\u00e9contract\u00e9s.<\/li>\n<li>Durable et respectueux de l'environnement : Nos sweatshirts sont fabriqu\u00e9s avec des mat\u00e9riaux et des m\u00e9thodes d'impression durables, ce qui permet de r\u00e9duire l'impact sur l'environnement tout en offrant des produits de haute qualit\u00e9.<\/li>\n<li data-spm-anchor-id=\"a2700.details.0.i82.7db66999rICrS7\">Production et exp\u00e9dition rapides : Avec un d\u00e9lai de 7 jours pour les commandes d'\u00e9chantillons et une quantit\u00e9 minimale de 100 pi\u00e8ces, vous pouvez rapidement honorer vos commandes et recevoir vos tenues familiales assorties personnalis\u00e9es dans un court d\u00e9lai.<\/li>\n<\/ul>","protected":false},"excerpt":{"rendered":"<p>Prix unitaire : US $8.50-10.9\/ Pi\u00e8ce<br \/>\nQuantit\u00e9 de commande min : 300 pi\u00e8ces\/taille<br \/>\nMati\u00e8re : Spandex \/ Tencel<br \/>\nTaille enfant : 12-18M\/2T-3T-4T-5T-6T-8T-10T<br \/>\nTaille adulte : S\/M\/L\/XL\/XXL<br \/>\nMat\u00e9riaux applicables : Bambou\/coton biologique\/coton pur\/\u00e9ponge fran\u00e7aise\/mousseline de bambou<br \/>\nCapacit\u00e9 de production : 10 000 pi\u00e8ces par mois<br \/>\nPort : Guangzhou, Chine<br \/>\nConditions de paiement : T\/T<br \/>\nEchantillon\uff1aAccepter un \u00e9chantillon personnalis\u00e9<br \/>\nLogo : Logo personnalis\u00e9<br \/>\nLivraison : 25-35 jours ouvrables<br \/>\nOEM ET ODM<\/p>\n<p><a href=\"https:\/\/petelulu.com\/fr\/#category\">Voir plus<\/a><\/p>\n<div class=\"wpforms-container wpforms-container-full wpforms-render-modern\" id=\"wpforms-2878\"><form id=\"wpforms-form-2878\" class=\"wpforms-validate wpforms-form wpforms-ajax-form\" data-formid=\"2878\" method=\"post\" enctype=\"multipart\/form-data\" action=\"\/fr\/wp-json\/wp\/v2\/product\/1922\" data-token=\"f9e5e1c5cede5ee0c6e3b3c92c3e4d2d\" data-token-time=\"1776271743\" data-trp-original-action=\"\/fr\/wp-json\/wp\/v2\/product\/1922\"><noscript class=\"wpforms-error-noscript\">Veuillez activer JavaScript dans votre navigateur pour remplir ce formulaire.<\/noscript><div class=\"wpforms-hidden\" id=\"wpforms-error-noscript\">Veuillez activer JavaScript dans votre navigateur pour remplir ce formulaire.<\/div><div class=\"wpforms-field-container\"><div id=\"wpforms-2878-field_2-container\" class=\"wpforms-field wpforms-field-name\" data-field-id=\"2\"><label class=\"wpforms-field-label\" for=\"wpforms-2878-field_2\">Nom <span class=\"wpforms-required-label\" aria-hidden=\"true\">*<\/span><\/label><input type=\"text\" id=\"wpforms-2878-field_2\" class=\"wpforms-field-medium wpforms-field-required\" name=\"wpforms[fields][2]\" aria-errormessage=\"wpforms-2878-field_2-error\" required><\/div><div id=\"wpforms-2878-field_5-container\" class=\"wpforms-field wpforms-field-email\" data-field-id=\"5\"><label class=\"wpforms-field-label\" for=\"wpforms-2878-field_5\">Courriel <span class=\"wpforms-required-label\" aria-hidden=\"true\">*<\/span><\/label><input type=\"email\" id=\"wpforms-2878-field_5\" class=\"wpforms-field-medium wpforms-field-required\" name=\"wpforms[fields][5]\" spellcheck=\"false\" aria-errormessage=\"wpforms-2878-field_5-error\" required><\/div><div id=\"wpforms-2878-field_3-container\" class=\"wpforms-field wpforms-field-textarea\" data-field-id=\"3\"><label class=\"wpforms-field-label\" for=\"wpforms-2878-field_3\">Demande <span class=\"wpforms-required-label\" aria-hidden=\"true\">*<\/span><\/label><textarea id=\"wpforms-2878-field_3\" class=\"wpforms-field-medium wpforms-field-required\" name=\"wpforms[fields][3]\" aria-errormessage=\"wpforms-2878-field_3-error\" aria-describedby=\"wpforms-2878-field_3-description\" required><\/textarea><div id=\"wpforms-2878-field_3-description\" class=\"wpforms-field-description\">Veuillez nous communiquer vos besoins et votre num\u00e9ro WhatsApp, et notre repr\u00e9sentant commercial vous contactera.<\/div><\/div><\/div><!-- .wpforms-field-container --><div class=\"wpforms-submit-container\" ><input type=\"hidden\" name=\"wpforms[id]\" value=\"2878\"><input type=\"hidden\" name=\"page_title\" value=\"\"><input type=\"hidden\" name=\"page_url\" value=\"https:\/\/petelulu.com\/fr\/wp-json\/wp\/v2\/product\/1922\"><input type=\"hidden\" name=\"url_referer\" value=\"\"><button type=\"submit\" name=\"wpforms[submit]\" id=\"wpforms-submit-2878\" class=\"wpforms-submit\" data-alt-text=\"Sending...\" data-submit-text=\"Submit\" aria-live=\"assertive\" value=\"wpforms-submit\">Soumettre<\/button><img loading=\"lazy\" decoding=\"async\" src=\"https:\/\/petelulu.com\/wp-content\/plugins\/wpforms-lite\/assets\/images\/submit-spin.svg\" class=\"wpforms-submit-spinner\" style=\"display: none;\" width=\"26\" height=\"26\" alt=\"Chargement en cours\"><\/div><input type=\"hidden\" name=\"trp-form-language\" value=\"fr\"\/><\/form><\/div>  <!-- .wpforms-container -->\n<p>&nbsp;<\/p>","protected":false},"featured_media":1923,"template":"","meta":[],"product_brand":[],"product_cat":[78],"product_tag":[83,82,81],"class_list":{"0":"post-1922","1":"product","2":"type-product","3":"status-publish","4":"has-post-thumbnail","6":"product_cat-family-matching-clothes","7":"product_tag-family","8":"product_tag-kid","9":"product_tag-toddler","10":"has-post-title","11":"has-post-date","12":"has-post-category","13":"has-post-tag","14":"has-post-comment","15":"has-post-author","16":"","18":"first","19":"instock","20":"shipping-taxable","21":"product-type-simple"},"yoast_head":"<!-- This site is optimized with the Yoast SEO Premium plugin v24.5 (Yoast SEO v25.6) - https:\/\/yoast.com\/wordpress\/plugins\/seo\/ -->\n<title>Custom Logo Family Tracksuit Set Jumper + Jogger Pants - petelulu<\/title>\n<meta name=\"description\" content=\"B2B Baby Clothing | Custom Logo Family Tracksuit Set. Competitive Pricing, Quick Ship. Global Delivery for Retailers\/Wholesale.\" \/>\n<meta name=\"robots\" content=\"index, follow, max-snippet:-1, max-image-preview:large, max-video-preview:-1\" \/>\n<link rel=\"canonical\" href=\"https:\/\/petelulu.com\/fr\/produit\/ensemble-de-survetement-familial-avec-logo-personnalise\/\" \/>\n<meta property=\"og:locale\" content=\"fr_FR\" \/>\n<meta property=\"og:type\" content=\"article\" \/>\n<meta property=\"og:title\" content=\"Custom Logo Family Tracksuit Set Jumper + Jogger Pants\" \/>\n<meta property=\"og:description\" content=\"B2B Baby Clothing | Custom Logo Family Tracksuit Set. Competitive Pricing, Quick Ship. Global Delivery for Retailers\/Wholesale.\" \/>\n<meta property=\"og:url\" content=\"https:\/\/petelulu.com\/fr\/produit\/ensemble-de-survetement-familial-avec-logo-personnalise\/\" \/>\n<meta property=\"og:site_name\" content=\"petelulu\" \/>\n<meta property=\"article:modified_time\" content=\"2025-08-13T03:21:23+00:00\" \/>\n<meta name=\"twitter:card\" content=\"summary_large_image\" \/>\n<meta name=\"twitter:label1\" content=\"Dur\u00e9e de lecture estim\u00e9e\" \/>\n\t<meta name=\"twitter:data1\" content=\"1 minute\" \/>\n<script type=\"application\/ld+json\" class=\"yoast-schema-graph\">{\"@context\":\"https:\/\/schema.org\",\"@graph\":[{\"@type\":\"WebPage\",\"@id\":\"https:\/\/petelulu.com\/product\/custom-logo-family-tracksuit-set\/\",\"url\":\"https:\/\/petelulu.com\/product\/custom-logo-family-tracksuit-set\/\",\"name\":\"Custom Logo Family Tracksuit Set Jumper + Jogger Pants - petelulu\",\"isPartOf\":{\"@id\":\"https:\/\/petelulu.com\/#website\"},\"primaryImageOfPage\":{\"@id\":\"https:\/\/petelulu.com\/product\/custom-logo-family-tracksuit-set\/#primaryimage\"},\"image\":{\"@id\":\"https:\/\/petelulu.com\/product\/custom-logo-family-tracksuit-set\/#primaryimage\"},\"thumbnailUrl\":\"https:\/\/petelulu.com\/wp-content\/uploads\/2025\/03\/H9098d745edef41289027acb4305b17e4K.jpg_720x720q50.avif\",\"datePublished\":\"2025-03-19T02:24:02+00:00\",\"dateModified\":\"2025-08-13T03:21:23+00:00\",\"description\":\"B2B Baby Clothing | Custom Logo Family Tracksuit Set. Competitive Pricing, Quick Ship. Global Delivery for Retailers\/Wholesale.\",\"breadcrumb\":{\"@id\":\"https:\/\/petelulu.com\/product\/custom-logo-family-tracksuit-set\/#breadcrumb\"},\"inLanguage\":\"fr-FR\",\"potentialAction\":[{\"@type\":\"ReadAction\",\"target\":[\"https:\/\/petelulu.com\/product\/custom-logo-family-tracksuit-set\/\"]}]},{\"@type\":\"ImageObject\",\"inLanguage\":\"fr-FR\",\"@id\":\"https:\/\/petelulu.com\/product\/custom-logo-family-tracksuit-set\/#primaryimage\",\"url\":\"https:\/\/petelulu.com\/wp-content\/uploads\/2025\/03\/H9098d745edef41289027acb4305b17e4K.jpg_720x720q50.avif\",\"contentUrl\":\"https:\/\/petelulu.com\/wp-content\/uploads\/2025\/03\/H9098d745edef41289027acb4305b17e4K.jpg_720x720q50.avif\",\"width\":720,\"height\":720,\"caption\":\"Custom Logo Family Tracksuit Set Sweatshirt + Jogger Pants\"},{\"@type\":\"BreadcrumbList\",\"@id\":\"https:\/\/petelulu.com\/product\/custom-logo-family-tracksuit-set\/#breadcrumb\",\"itemListElement\":[{\"@type\":\"ListItem\",\"position\":1,\"name\":\"\u9996\u9875\",\"item\":\"https:\/\/petelulu.com\/\"},{\"@type\":\"ListItem\",\"position\":2,\"name\":\"PRODUCT GALLERY\",\"item\":\"https:\/\/petelulu.com\/product-gallery\/\"},{\"@type\":\"ListItem\",\"position\":3,\"name\":\"Custom Logo Family Tracksuit Set Jumper + Jogger Pants\"}]},{\"@type\":\"WebSite\",\"@id\":\"https:\/\/petelulu.com\/#website\",\"url\":\"https:\/\/petelulu.com\/\",\"name\":\"PETElulu\",\"description\":\"\",\"potentialAction\":[{\"@type\":\"SearchAction\",\"target\":{\"@type\":\"EntryPoint\",\"urlTemplate\":\"https:\/\/petelulu.com\/?s={search_term_string}\"},\"query-input\":{\"@type\":\"PropertyValueSpecification\",\"valueRequired\":true,\"valueName\":\"search_term_string\"}}],\"inLanguage\":\"fr-FR\"}]}<\/script>\n<!-- \/ Yoast SEO Premium plugin. -->","yoast_head_json":{"title":"Logo personnalis\u00e9 Ensemble de surv\u00eatement familial Pull + Pantalon de jogging - petelulu","description":"B2B Baby Clothing | Ensemble de surv\u00eatement familial avec logo personnalis\u00e9. Prix comp\u00e9titifs, exp\u00e9dition rapide. Livraison globale pour les d\u00e9taillants\/grossistes.","robots":{"index":"index","follow":"follow","max-snippet":"max-snippet:-1","max-image-preview":"max-image-preview:large","max-video-preview":"max-video-preview:-1"},"canonical":"https:\/\/petelulu.com\/fr\/produit\/ensemble-de-survetement-familial-avec-logo-personnalise\/","og_locale":"fr_FR","og_type":"article","og_title":"Custom Logo Family Tracksuit Set Jumper + Jogger Pants","og_description":"B2B Baby Clothing | Custom Logo Family Tracksuit Set. Competitive Pricing, Quick Ship. Global Delivery for Retailers\/Wholesale.","og_url":"https:\/\/petelulu.com\/fr\/produit\/ensemble-de-survetement-familial-avec-logo-personnalise\/","og_site_name":"petelulu","article_modified_time":"2025-08-13T03:21:23+00:00","twitter_card":"summary_large_image","twitter_misc":{"Dur\u00e9e de lecture estim\u00e9e":"1 minute"},"schema":{"@context":"https:\/\/schema.org","@graph":[{"@type":"WebPage","@id":"https:\/\/petelulu.com\/product\/custom-logo-family-tracksuit-set\/","url":"https:\/\/petelulu.com\/product\/custom-logo-family-tracksuit-set\/","name":"Logo personnalis\u00e9 Ensemble de surv\u00eatement familial Pull + Pantalon de jogging - petelulu","isPartOf":{"@id":"https:\/\/petelulu.com\/#website"},"primaryImageOfPage":{"@id":"https:\/\/petelulu.com\/product\/custom-logo-family-tracksuit-set\/#primaryimage"},"image":{"@id":"https:\/\/petelulu.com\/product\/custom-logo-family-tracksuit-set\/#primaryimage"},"thumbnailUrl":"https:\/\/petelulu.com\/wp-content\/uploads\/2025\/03\/H9098d745edef41289027acb4305b17e4K.jpg_720x720q50.avif","datePublished":"2025-03-19T02:24:02+00:00","dateModified":"2025-08-13T03:21:23+00:00","description":"B2B Baby Clothing | Ensemble de surv\u00eatement familial avec logo personnalis\u00e9. Prix comp\u00e9titifs, exp\u00e9dition rapide. Livraison globale pour les d\u00e9taillants\/grossistes.","breadcrumb":{"@id":"https:\/\/petelulu.com\/product\/custom-logo-family-tracksuit-set\/#breadcrumb"},"inLanguage":"fr-FR","potentialAction":[{"@type":"ReadAction","target":["https:\/\/petelulu.com\/product\/custom-logo-family-tracksuit-set\/"]}]},{"@type":"ImageObject","inLanguage":"fr-FR","@id":"https:\/\/petelulu.com\/product\/custom-logo-family-tracksuit-set\/#primaryimage","url":"https:\/\/petelulu.com\/wp-content\/uploads\/2025\/03\/H9098d745edef41289027acb4305b17e4K.jpg_720x720q50.avif","contentUrl":"https:\/\/petelulu.com\/wp-content\/uploads\/2025\/03\/H9098d745edef41289027acb4305b17e4K.jpg_720x720q50.avif","width":720,"height":720,"caption":"Custom Logo Family Tracksuit Set Sweatshirt + Jogger Pants"},{"@type":"BreadcrumbList","@id":"https:\/\/petelulu.com\/product\/custom-logo-family-tracksuit-set\/#breadcrumb","itemListElement":[{"@type":"ListItem","position":1,"name":"\u9996\u9875","item":"https:\/\/petelulu.com\/"},{"@type":"ListItem","position":2,"name":"PRODUCT GALLERY","item":"https:\/\/petelulu.com\/product-gallery\/"},{"@type":"ListItem","position":3,"name":"Custom Logo Family Tracksuit Set Jumper + Jogger Pants"}]},{"@type":"WebSite","@id":"https:\/\/petelulu.com\/#website","url":"https:\/\/petelulu.com\/","name":"PETElulu","description":"","potentialAction":[{"@type":"SearchAction","target":{"@type":"EntryPoint","urlTemplate":"https:\/\/petelulu.com\/?s={search_term_string}"},"query-input":{"@type":"PropertyValueSpecification","valueRequired":true,"valueName":"search_term_string"}}],"inLanguage":"fr-FR"}]}},"builder_content":"","_links":{"self":[{"href":"https:\/\/petelulu.com\/fr\/wp-json\/wp\/v2\/product\/1922","targetHints":{"allow":["GET"]}}],"collection":[{"href":"https:\/\/petelulu.com\/fr\/wp-json\/wp\/v2\/product"}],"about":[{"href":"https:\/\/petelulu.com\/fr\/wp-json\/wp\/v2\/types\/product"}],"wp:featuredmedia":[{"embeddable":true,"href":"https:\/\/petelulu.com\/fr\/wp-json\/wp\/v2\/media\/1923"}],"wp:attachment":[{"href":"https:\/\/petelulu.com\/fr\/wp-json\/wp\/v2\/media?parent=1922"}],"wp:term":[{"taxonomy":"product_brand","embeddable":true,"href":"https:\/\/petelulu.com\/fr\/wp-json\/wp\/v2\/product_brand?post=1922"},{"taxonomy":"product_cat","embeddable":true,"href":"https:\/\/petelulu.com\/fr\/wp-json\/wp\/v2\/product_cat?post=1922"},{"taxonomy":"product_tag","embeddable":true,"href":"https:\/\/petelulu.com\/fr\/wp-json\/wp\/v2\/product_tag?post=1922"}],"curies":[{"name":"wp","href":"https:\/\/api.w.org\/{rel}","templated":true}]}}