{"id":1909,"date":"2025-03-19T02:06:50","date_gmt":"2025-03-19T02:06:50","guid":{"rendered":"https:\/\/petelulu.com\/?post_type=product&#038;p=1909"},"modified":"2025-08-12T23:27:04","modified_gmt":"2025-08-13T03:27:04","slug":"ensembles-a-pochettes-pour-bebes","status":"publish","type":"product","link":"https:\/\/petelulu.com\/fr\/produit\/ensembles-a-pochettes-pour-bebes\/","title":{"rendered":"Ensembles de v\u00eatements pour b\u00e9b\u00e9s \u00e0 pochettes personnalis\u00e9es"},"content":{"rendered":"<div id=\"sellingpoint\" class=\"header\">\n<h2>A propos de ce produit<\/h2>\n<\/div>\n<ul class=\"\">\n<li>Mat\u00e9riaux de haute qualit\u00e9 : Cet ensemble de v\u00eatements pour b\u00e9b\u00e9 est fabriqu\u00e9 en 95% de coton biologique et 5% de spandex, garantissant un tissu doux, confortable et respirant pour votre petit. Commentaires de l'utilisateur : Vous pouvez \u00e9galement opter pour des couleurs et des logos personnalis\u00e9s afin d'en faire un cadeau unique.<\/li>\n<li>\u00c9cologique et durable : Notre produit est con\u00e7u dans un souci de respect de l'environnement, ce qui en fait un choix id\u00e9al pour les parents qui accordent une grande importance \u00e0 l'environnement. Cet ensemble est parfait pour la saison estivale et peut \u00eatre port\u00e9 par les gar\u00e7ons comme par les filles.<\/li>\n<li>Design multifonctionnel : Cet ensemble deux pi\u00e8ces comprend un t-shirt et un short, ce qui constitue une solution pratique et \u00e9l\u00e9gante pour la garde-robe de votre enfant. Le mod\u00e8le \u00e0 manches courtes convient pour les temps plus chauds.<\/li>\n<li>Qualit\u00e9 durable : L'ensemble est fabriqu\u00e9 dans un tissu anti-r\u00e9tr\u00e9cissement et anti-plis, ce qui lui permet de rester en bon \u00e9tat m\u00eame apr\u00e8s de nombreux lavages. Vous pouvez ainsi profiter d'un usage durable sans avoir \u00e0 vous soucier des remplacements constants.<\/li>\n<li data-spm-anchor-id=\"a2700.details.0.i79.90e430c6fF5rQ9\">Options de personnalisation disponibles : Nous proposons des commandes d'\u00e9chantillons personnalis\u00e9s avec un d\u00e9lai de 7 jours, ce qui vous permet d'adapter le produit \u00e0 vos besoins sp\u00e9cifiques. En outre, nous acceptons les commandes OEM et ODM, ce qui en fait un choix id\u00e9al pour les entreprises \u00e0 la recherche d'un fournisseur fiable.<\/li>\n<\/ul>","protected":false},"excerpt":{"rendered":"<p>Prix unitaire : US $8.90-12.50\/ Pi\u00e8ce<br \/>\nQuantit\u00e9 de commande min : 300 pi\u00e8ces\/taille<br \/>\nMati\u00e8re : Spandex \/ Coton biologique<br \/>\nAge: 0-3M\/3-6M\/6-9M\/9-12M\/12-18M\/18-24M\/2T-3T-4T<br \/>\nMat\u00e9riaux applicables : Bambou\/coton biologique\/coton pur\/\u00e9ponge fran\u00e7aise\/mousseline de bambou<br \/>\nCapacit\u00e9 de production : 10 000 pi\u00e8ces par mois<br \/>\nPort : Guangzhou, Chine<br \/>\nConditions de paiement : T\/T<br \/>\nEchantillon\uff1aAccepter un \u00e9chantillon personnalis\u00e9<br \/>\nLogo : Logo personnalis\u00e9<br \/>\nLivraison : 25-35 jours ouvrables<br \/>\nOEM ET ODM<\/p>\n<p><a href=\"https:\/\/petelulu.com\/fr\/#category\">Voir plus<\/a><\/p>\n<div class=\"wpforms-container wpforms-container-full wpforms-render-modern\" id=\"wpforms-2878\"><form id=\"wpforms-form-2878\" class=\"wpforms-validate wpforms-form wpforms-ajax-form\" data-formid=\"2878\" method=\"post\" enctype=\"multipart\/form-data\" action=\"\/fr\/wp-json\/wp\/v2\/product\/1909\" data-token=\"e1a57099e00604c239ff9b2b39f1b9e0\" data-token-time=\"1776196656\" data-trp-original-action=\"\/fr\/wp-json\/wp\/v2\/product\/1909\"><noscript class=\"wpforms-error-noscript\">Veuillez activer JavaScript dans votre navigateur pour remplir ce formulaire.<\/noscript><div class=\"wpforms-hidden\" id=\"wpforms-error-noscript\">Veuillez activer JavaScript dans votre navigateur pour remplir ce formulaire.<\/div><div class=\"wpforms-field-container\"><div id=\"wpforms-2878-field_2-container\" class=\"wpforms-field wpforms-field-name\" data-field-id=\"2\"><label class=\"wpforms-field-label\" for=\"wpforms-2878-field_2\">Nom <span class=\"wpforms-required-label\" aria-hidden=\"true\">*<\/span><\/label><input type=\"text\" id=\"wpforms-2878-field_2\" class=\"wpforms-field-medium wpforms-field-required\" name=\"wpforms[fields][2]\" aria-errormessage=\"wpforms-2878-field_2-error\" required><\/div><div id=\"wpforms-2878-field_5-container\" class=\"wpforms-field wpforms-field-email\" data-field-id=\"5\"><label class=\"wpforms-field-label\" for=\"wpforms-2878-field_5\">Courriel <span class=\"wpforms-required-label\" aria-hidden=\"true\">*<\/span><\/label><input type=\"email\" id=\"wpforms-2878-field_5\" class=\"wpforms-field-medium wpforms-field-required\" name=\"wpforms[fields][5]\" spellcheck=\"false\" aria-errormessage=\"wpforms-2878-field_5-error\" required><\/div><div id=\"wpforms-2878-field_3-container\" class=\"wpforms-field wpforms-field-textarea\" data-field-id=\"3\"><label class=\"wpforms-field-label\" for=\"wpforms-2878-field_3\">Demande <span class=\"wpforms-required-label\" aria-hidden=\"true\">*<\/span><\/label><textarea id=\"wpforms-2878-field_3\" class=\"wpforms-field-medium wpforms-field-required\" name=\"wpforms[fields][3]\" aria-errormessage=\"wpforms-2878-field_3-error\" aria-describedby=\"wpforms-2878-field_3-description\" required><\/textarea><div id=\"wpforms-2878-field_3-description\" class=\"wpforms-field-description\">Veuillez nous communiquer vos besoins et votre num\u00e9ro WhatsApp, et notre repr\u00e9sentant commercial vous contactera.<\/div><\/div><\/div><!-- .wpforms-field-container --><div class=\"wpforms-submit-container\" ><input type=\"hidden\" name=\"wpforms[id]\" value=\"2878\"><input type=\"hidden\" name=\"page_title\" value=\"\"><input type=\"hidden\" name=\"page_url\" value=\"https:\/\/petelulu.com\/fr\/wp-json\/wp\/v2\/product\/1909\"><input type=\"hidden\" name=\"url_referer\" value=\"\"><button type=\"submit\" name=\"wpforms[submit]\" id=\"wpforms-submit-2878\" class=\"wpforms-submit\" data-alt-text=\"Sending...\" data-submit-text=\"Submit\" aria-live=\"assertive\" value=\"wpforms-submit\">Soumettre<\/button><img loading=\"lazy\" decoding=\"async\" src=\"https:\/\/petelulu.com\/wp-content\/plugins\/wpforms-lite\/assets\/images\/submit-spin.svg\" class=\"wpforms-submit-spinner\" style=\"display: none;\" width=\"26\" height=\"26\" alt=\"Chargement en cours\"><\/div><input type=\"hidden\" name=\"trp-form-language\" value=\"fr\"\/><\/form><\/div>  <!-- .wpforms-container -->\n<p>&nbsp;<\/p>","protected":false},"featured_media":1910,"template":"","meta":[],"product_brand":[],"product_cat":[46],"product_tag":[82,81],"class_list":{"0":"post-1909","1":"product","2":"type-product","3":"status-publish","4":"has-post-thumbnail","6":"product_cat-clothing-sets","7":"product_tag-kid","8":"product_tag-toddler","9":"has-post-title","10":"has-post-date","11":"has-post-category","12":"has-post-tag","13":"has-post-comment","14":"has-post-author","15":"","17":"first","18":"instock","19":"shipping-taxable","20":"product-type-simple"},"yoast_head":"<!-- This site is optimized with the Yoast SEO Premium plugin v24.5 (Yoast SEO v25.6) - https:\/\/yoast.com\/wordpress\/plugins\/seo\/ -->\n<title>Custom Pocket-Trimmed Baby Outfit Sets - petelulu<\/title>\n<meta name=\"description\" content=\"B2B Baby Clothing | Pocket-Trimmed Baby Outfit Sets. Competitive Pricing, Quick Ship. Global Delivery for Retailers\/Wholesale.\" \/>\n<meta name=\"robots\" content=\"index, follow, max-snippet:-1, max-image-preview:large, max-video-preview:-1\" \/>\n<link rel=\"canonical\" href=\"https:\/\/petelulu.com\/fr\/produit\/ensembles-a-pochettes-pour-bebes\/\" \/>\n<meta property=\"og:locale\" content=\"fr_FR\" \/>\n<meta property=\"og:type\" content=\"article\" \/>\n<meta property=\"og:title\" content=\"Custom Pocket-Trimmed Baby Outfit Sets\" \/>\n<meta property=\"og:description\" content=\"B2B Baby Clothing | Pocket-Trimmed Baby Outfit Sets. Competitive Pricing, Quick Ship. Global Delivery for Retailers\/Wholesale.\" \/>\n<meta property=\"og:url\" content=\"https:\/\/petelulu.com\/fr\/produit\/ensembles-a-pochettes-pour-bebes\/\" \/>\n<meta property=\"og:site_name\" content=\"petelulu\" \/>\n<meta property=\"article:modified_time\" content=\"2025-08-13T03:27:04+00:00\" \/>\n<meta property=\"og:image\" content=\"https:\/\/petelulu.com\/wp-content\/uploads\/2025\/03\/\u4e3b\u56fe_002-8.jpg\" \/>\n\t<meta property=\"og:image:width\" content=\"800\" \/>\n\t<meta property=\"og:image:height\" content=\"800\" \/>\n\t<meta property=\"og:image:type\" content=\"image\/jpeg\" \/>\n<meta name=\"twitter:card\" content=\"summary_large_image\" \/>\n<meta name=\"twitter:label1\" content=\"Dur\u00e9e de lecture estim\u00e9e\" \/>\n\t<meta name=\"twitter:data1\" content=\"2 minutes\" \/>\n<script type=\"application\/ld+json\" class=\"yoast-schema-graph\">{\"@context\":\"https:\/\/schema.org\",\"@graph\":[{\"@type\":\"WebPage\",\"@id\":\"https:\/\/petelulu.com\/product\/pocket-trimmed-baby-outfit-sets\/\",\"url\":\"https:\/\/petelulu.com\/product\/pocket-trimmed-baby-outfit-sets\/\",\"name\":\"Custom Pocket-Trimmed Baby Outfit Sets - petelulu\",\"isPartOf\":{\"@id\":\"https:\/\/petelulu.com\/#website\"},\"primaryImageOfPage\":{\"@id\":\"https:\/\/petelulu.com\/product\/pocket-trimmed-baby-outfit-sets\/#primaryimage\"},\"image\":{\"@id\":\"https:\/\/petelulu.com\/product\/pocket-trimmed-baby-outfit-sets\/#primaryimage\"},\"thumbnailUrl\":\"https:\/\/petelulu.com\/wp-content\/uploads\/2025\/03\/\u4e3b\u56fe_002-8.jpg\",\"datePublished\":\"2025-03-19T02:06:50+00:00\",\"dateModified\":\"2025-08-13T03:27:04+00:00\",\"description\":\"B2B Baby Clothing | Pocket-Trimmed Baby Outfit Sets. Competitive Pricing, Quick Ship. Global Delivery for Retailers\/Wholesale.\",\"breadcrumb\":{\"@id\":\"https:\/\/petelulu.com\/product\/pocket-trimmed-baby-outfit-sets\/#breadcrumb\"},\"inLanguage\":\"fr-FR\",\"potentialAction\":[{\"@type\":\"ReadAction\",\"target\":[\"https:\/\/petelulu.com\/product\/pocket-trimmed-baby-outfit-sets\/\"]}]},{\"@type\":\"ImageObject\",\"inLanguage\":\"fr-FR\",\"@id\":\"https:\/\/petelulu.com\/product\/pocket-trimmed-baby-outfit-sets\/#primaryimage\",\"url\":\"https:\/\/petelulu.com\/wp-content\/uploads\/2025\/03\/\u4e3b\u56fe_002-8.jpg\",\"contentUrl\":\"https:\/\/petelulu.com\/wp-content\/uploads\/2025\/03\/\u4e3b\u56fe_002-8.jpg\",\"width\":800,\"height\":800,\"caption\":\"Pocket-Trimmed Baby Outfit Sets\"},{\"@type\":\"BreadcrumbList\",\"@id\":\"https:\/\/petelulu.com\/product\/pocket-trimmed-baby-outfit-sets\/#breadcrumb\",\"itemListElement\":[{\"@type\":\"ListItem\",\"position\":1,\"name\":\"\u9996\u9875\",\"item\":\"https:\/\/petelulu.com\/\"},{\"@type\":\"ListItem\",\"position\":2,\"name\":\"PRODUCT GALLERY\",\"item\":\"https:\/\/petelulu.com\/product-gallery\/\"},{\"@type\":\"ListItem\",\"position\":3,\"name\":\"Custom Pocket-Trimmed Baby Outfit Sets\"}]},{\"@type\":\"WebSite\",\"@id\":\"https:\/\/petelulu.com\/#website\",\"url\":\"https:\/\/petelulu.com\/\",\"name\":\"PETElulu\",\"description\":\"\",\"potentialAction\":[{\"@type\":\"SearchAction\",\"target\":{\"@type\":\"EntryPoint\",\"urlTemplate\":\"https:\/\/petelulu.com\/?s={search_term_string}\"},\"query-input\":{\"@type\":\"PropertyValueSpecification\",\"valueRequired\":true,\"valueName\":\"search_term_string\"}}],\"inLanguage\":\"fr-FR\"}]}<\/script>\n<!-- \/ Yoast SEO Premium plugin. -->","yoast_head_json":{"title":"Ensembles de v\u00eatements de b\u00e9b\u00e9 \u00e0 pochettes personnalis\u00e9s - petelulu","description":"B2B Baby Clothing | Ensembles de v\u00eatements pour b\u00e9b\u00e9s \u00e0 poches. Prix comp\u00e9titifs, exp\u00e9dition rapide. Livraison globale pour les d\u00e9taillants\/grossistes.","robots":{"index":"index","follow":"follow","max-snippet":"max-snippet:-1","max-image-preview":"max-image-preview:large","max-video-preview":"max-video-preview:-1"},"canonical":"https:\/\/petelulu.com\/fr\/produit\/ensembles-a-pochettes-pour-bebes\/","og_locale":"fr_FR","og_type":"article","og_title":"Custom Pocket-Trimmed Baby Outfit Sets","og_description":"B2B Baby Clothing | Pocket-Trimmed Baby Outfit Sets. Competitive Pricing, Quick Ship. Global Delivery for Retailers\/Wholesale.","og_url":"https:\/\/petelulu.com\/fr\/produit\/ensembles-a-pochettes-pour-bebes\/","og_site_name":"petelulu","article_modified_time":"2025-08-13T03:27:04+00:00","og_image":[{"width":800,"height":800,"url":"https:\/\/petelulu.com\/wp-content\/uploads\/2025\/03\/\u4e3b\u56fe_002-8.jpg","type":"image\/jpeg"}],"twitter_card":"summary_large_image","twitter_misc":{"Dur\u00e9e de lecture estim\u00e9e":"2 minutes"},"schema":{"@context":"https:\/\/schema.org","@graph":[{"@type":"WebPage","@id":"https:\/\/petelulu.com\/product\/pocket-trimmed-baby-outfit-sets\/","url":"https:\/\/petelulu.com\/product\/pocket-trimmed-baby-outfit-sets\/","name":"Ensembles de v\u00eatements de b\u00e9b\u00e9 \u00e0 pochettes personnalis\u00e9s - petelulu","isPartOf":{"@id":"https:\/\/petelulu.com\/#website"},"primaryImageOfPage":{"@id":"https:\/\/petelulu.com\/product\/pocket-trimmed-baby-outfit-sets\/#primaryimage"},"image":{"@id":"https:\/\/petelulu.com\/product\/pocket-trimmed-baby-outfit-sets\/#primaryimage"},"thumbnailUrl":"https:\/\/petelulu.com\/wp-content\/uploads\/2025\/03\/\u4e3b\u56fe_002-8.jpg","datePublished":"2025-03-19T02:06:50+00:00","dateModified":"2025-08-13T03:27:04+00:00","description":"B2B Baby Clothing | Ensembles de v\u00eatements pour b\u00e9b\u00e9s \u00e0 poches. Prix comp\u00e9titifs, exp\u00e9dition rapide. Livraison globale pour les d\u00e9taillants\/grossistes.","breadcrumb":{"@id":"https:\/\/petelulu.com\/product\/pocket-trimmed-baby-outfit-sets\/#breadcrumb"},"inLanguage":"fr-FR","potentialAction":[{"@type":"ReadAction","target":["https:\/\/petelulu.com\/product\/pocket-trimmed-baby-outfit-sets\/"]}]},{"@type":"ImageObject","inLanguage":"fr-FR","@id":"https:\/\/petelulu.com\/product\/pocket-trimmed-baby-outfit-sets\/#primaryimage","url":"https:\/\/petelulu.com\/wp-content\/uploads\/2025\/03\/\u4e3b\u56fe_002-8.jpg","contentUrl":"https:\/\/petelulu.com\/wp-content\/uploads\/2025\/03\/\u4e3b\u56fe_002-8.jpg","width":800,"height":800,"caption":"Pocket-Trimmed Baby Outfit Sets"},{"@type":"BreadcrumbList","@id":"https:\/\/petelulu.com\/product\/pocket-trimmed-baby-outfit-sets\/#breadcrumb","itemListElement":[{"@type":"ListItem","position":1,"name":"\u9996\u9875","item":"https:\/\/petelulu.com\/"},{"@type":"ListItem","position":2,"name":"PRODUCT GALLERY","item":"https:\/\/petelulu.com\/product-gallery\/"},{"@type":"ListItem","position":3,"name":"Custom Pocket-Trimmed Baby Outfit Sets"}]},{"@type":"WebSite","@id":"https:\/\/petelulu.com\/#website","url":"https:\/\/petelulu.com\/","name":"PETElulu","description":"","potentialAction":[{"@type":"SearchAction","target":{"@type":"EntryPoint","urlTemplate":"https:\/\/petelulu.com\/?s={search_term_string}"},"query-input":{"@type":"PropertyValueSpecification","valueRequired":true,"valueName":"search_term_string"}}],"inLanguage":"fr-FR"}]}},"builder_content":"","_links":{"self":[{"href":"https:\/\/petelulu.com\/fr\/wp-json\/wp\/v2\/product\/1909","targetHints":{"allow":["GET"]}}],"collection":[{"href":"https:\/\/petelulu.com\/fr\/wp-json\/wp\/v2\/product"}],"about":[{"href":"https:\/\/petelulu.com\/fr\/wp-json\/wp\/v2\/types\/product"}],"wp:featuredmedia":[{"embeddable":true,"href":"https:\/\/petelulu.com\/fr\/wp-json\/wp\/v2\/media\/1910"}],"wp:attachment":[{"href":"https:\/\/petelulu.com\/fr\/wp-json\/wp\/v2\/media?parent=1909"}],"wp:term":[{"taxonomy":"product_brand","embeddable":true,"href":"https:\/\/petelulu.com\/fr\/wp-json\/wp\/v2\/product_brand?post=1909"},{"taxonomy":"product_cat","embeddable":true,"href":"https:\/\/petelulu.com\/fr\/wp-json\/wp\/v2\/product_cat?post=1909"},{"taxonomy":"product_tag","embeddable":true,"href":"https:\/\/petelulu.com\/fr\/wp-json\/wp\/v2\/product_tag?post=1909"}],"curies":[{"name":"wp","href":"https:\/\/api.w.org\/{rel}","templated":true}]}}