{"id":1729,"date":"2025-03-17T06:16:33","date_gmt":"2025-03-17T06:16:33","guid":{"rendered":"https:\/\/petelulu.com\/?post_type=product&#038;p=1729"},"modified":"2025-08-12T23:22:23","modified_gmt":"2025-08-13T03:22:23","slug":"sweat-shirt-pour-bebe","status":"publish","type":"product","link":"https:\/\/petelulu.com\/fr\/produit\/sweat-shirt-pour-bebe\/","title":{"rendered":"Pull b\u00e9b\u00e9 personnalis\u00e9"},"content":{"rendered":"<div id=\"sellingpoint\" class=\"header\">\n<h2>A propos de ce produit<\/h2>\n<\/div>\n<ul class=\"\">\n<li data-spm-anchor-id=\"a2700.details.0.i76.18335e19mrtZkJ\">Design personnalisable : Notre pull-over uni de haute qualit\u00e9 pour enfants permet de personnaliser les logos et les couleurs, ce qui le rend parfait pour les tenues familiales assorties ou les cadeaux personnalis\u00e9s. Que vous soyez un parent \u00e0 la recherche d'un design unique pour votre enfant ou une entreprise \u00e0 la recherche de marchandises de marque, ce produit est un excellent choix.<\/li>\n<li>Mat\u00e9riaux de haute qualit\u00e9 : Fabriqu\u00e9s en coton 100% ou en tissu personnalis\u00e9, ces sweatshirts sont doux, respirants et s\u00e8chent rapidement. Ils pr\u00e9sentent \u00e9galement des propri\u00e9t\u00e9s anti-r\u00e9tr\u00e9cissement, anti-boulochage, anti-plissement et imperm\u00e9ables, ce qui garantit la durabilit\u00e9 et le confort de votre enfant.<\/li>\n<li>Design unisexe : Convenant aux gar\u00e7ons et aux filles, ce sweat-shirt unisexe est parfait pour les familles ayant des enfants de sexe diff\u00e9rent ou pour les parents qui pr\u00e9f\u00e8rent un design neutre.<\/li>\n<li>Vari\u00e9t\u00e9 de tailles : Disponible dans les tailles 0 \u00e0 6, ce produit s'adresse \u00e0 un large \u00e9ventail de groupes d'\u00e2ge, des nourrissons aux tout-petits.<\/li>\n<li>Emballage pratique : Chaque sweat-shirt est livr\u00e9 avec un sac de rangement s\u00e9par\u00e9, ce qui permet de le ranger et de le transporter facilement.<\/li>\n<\/ul>","protected":false},"excerpt":{"rendered":"<p>Prix unitaire : US $3.99-5.99 \/ Pi\u00e8ce<br \/>\nQuantit\u00e9 de commande min : 300 pi\u00e8ces\/taille<br \/>\nMati\u00e8re : Coton \/ Fibre de bambou<br \/>\nAge: 0-3M\/3-6M\/6-9M\/9-12M\/12-18M\/18-24M\/2T-3T-4T<br \/>\nMat\u00e9riaux applicables : Bambou\/coton biologique\/coton pur\/\u00e9ponge fran\u00e7aise\/mousseline de bambou<br \/>\nCapacit\u00e9 de production : 10 000 pi\u00e8ces par mois<br \/>\nPort : Guangzhou, Chine<br \/>\nConditions de paiement : T\/T<br \/>\nEchantillon\uff1aAccepter un \u00e9chantillon personnalis\u00e9<br \/>\nLogo : Logo personnalis\u00e9<br \/>\nLivraison : 25-35 jours ouvrables<br \/>\nOEM ET ODM<\/p>\n<p><a href=\"https:\/\/petelulu.com\/fr\/#category\">Voir plus<\/a><\/p>\n<div class=\"wpforms-container wpforms-container-full wpforms-render-modern\" id=\"wpforms-2878\"><form id=\"wpforms-form-2878\" class=\"wpforms-validate wpforms-form wpforms-ajax-form\" data-formid=\"2878\" method=\"post\" enctype=\"multipart\/form-data\" action=\"\/fr\/wp-json\/wp\/v2\/product\/1729\" data-token=\"836a5486dd5c4dd2ff090a7336c3e910\" data-token-time=\"1777384364\" data-trp-original-action=\"\/fr\/wp-json\/wp\/v2\/product\/1729\"><noscript class=\"wpforms-error-noscript\">Veuillez activer JavaScript dans votre navigateur pour remplir ce formulaire.<\/noscript><div class=\"wpforms-hidden\" id=\"wpforms-error-noscript\">Veuillez activer JavaScript dans votre navigateur pour remplir ce formulaire.<\/div><div class=\"wpforms-field-container\"><div id=\"wpforms-2878-field_2-container\" class=\"wpforms-field wpforms-field-name\" data-field-id=\"2\"><label class=\"wpforms-field-label\" for=\"wpforms-2878-field_2\">Nom <span class=\"wpforms-required-label\" aria-hidden=\"true\">*<\/span><\/label><input type=\"text\" id=\"wpforms-2878-field_2\" class=\"wpforms-field-medium wpforms-field-required\" name=\"wpforms[fields][2]\" aria-errormessage=\"wpforms-2878-field_2-error\" required><\/div><div id=\"wpforms-2878-field_5-container\" class=\"wpforms-field wpforms-field-email\" data-field-id=\"5\"><label class=\"wpforms-field-label\" for=\"wpforms-2878-field_5\">Courriel <span class=\"wpforms-required-label\" aria-hidden=\"true\">*<\/span><\/label><input type=\"email\" id=\"wpforms-2878-field_5\" class=\"wpforms-field-medium wpforms-field-required\" name=\"wpforms[fields][5]\" spellcheck=\"false\" aria-errormessage=\"wpforms-2878-field_5-error\" required><\/div><div id=\"wpforms-2878-field_3-container\" class=\"wpforms-field wpforms-field-textarea\" data-field-id=\"3\"><label class=\"wpforms-field-label\" for=\"wpforms-2878-field_3\">Demande <span class=\"wpforms-required-label\" aria-hidden=\"true\">*<\/span><\/label><textarea id=\"wpforms-2878-field_3\" class=\"wpforms-field-medium wpforms-field-required\" name=\"wpforms[fields][3]\" aria-errormessage=\"wpforms-2878-field_3-error\" aria-describedby=\"wpforms-2878-field_3-description\" required><\/textarea><div id=\"wpforms-2878-field_3-description\" class=\"wpforms-field-description\">Veuillez nous communiquer vos besoins et votre num\u00e9ro WhatsApp, et notre repr\u00e9sentant commercial vous contactera.<\/div><\/div><\/div><!-- .wpforms-field-container --><div class=\"wpforms-submit-container\" ><input type=\"hidden\" name=\"wpforms[id]\" value=\"2878\"><input type=\"hidden\" name=\"page_title\" value=\"\"><input type=\"hidden\" name=\"page_url\" value=\"https:\/\/petelulu.com\/fr\/wp-json\/wp\/v2\/product\/1729\"><input type=\"hidden\" name=\"url_referer\" value=\"\"><button type=\"submit\" name=\"wpforms[submit]\" id=\"wpforms-submit-2878\" class=\"wpforms-submit\" data-alt-text=\"Sending...\" data-submit-text=\"Submit\" aria-live=\"assertive\" value=\"wpforms-submit\">Soumettre<\/button><img loading=\"lazy\" decoding=\"async\" src=\"https:\/\/petelulu.com\/wp-content\/plugins\/wpforms-lite\/assets\/images\/submit-spin.svg\" class=\"wpforms-submit-spinner\" style=\"display: none;\" width=\"26\" height=\"26\" alt=\"Chargement en cours\"><\/div><input type=\"hidden\" name=\"trp-form-language\" value=\"fr\"\/><\/form><\/div>  <!-- .wpforms-container -->\n<p>&nbsp;<\/p>","protected":false},"featured_media":1783,"template":"","meta":[],"product_brand":[],"product_cat":[76],"product_tag":[80,82,81],"class_list":{"0":"post-1729","1":"product","2":"type-product","3":"status-publish","4":"has-post-thumbnail","6":"product_cat-sweatshirt","7":"product_tag-baby","8":"product_tag-kid","9":"product_tag-toddler","10":"has-post-title","11":"has-post-date","12":"has-post-category","13":"has-post-tag","14":"has-post-comment","15":"has-post-author","16":"","18":"first","19":"instock","20":"shipping-taxable","21":"product-type-simple"},"yoast_head":"<!-- This site is optimized with the Yoast SEO Premium plugin v24.5 (Yoast SEO v25.6) - https:\/\/yoast.com\/wordpress\/plugins\/seo\/ -->\n<title>Custom Baby Jumper - petelulu<\/title>\n<meta name=\"description\" content=\"Eco-Friendly Baby Sweatshirt | 100% Organic Cotton, Customizable. Fast Delivery, B2B Pricing for Retailers. Get Quote Now!\" \/>\n<meta name=\"robots\" content=\"index, follow, max-snippet:-1, max-image-preview:large, max-video-preview:-1\" \/>\n<link rel=\"canonical\" href=\"https:\/\/petelulu.com\/fr\/produit\/sweat-shirt-pour-bebe\/\" \/>\n<meta property=\"og:locale\" content=\"fr_FR\" \/>\n<meta property=\"og:type\" content=\"article\" \/>\n<meta property=\"og:title\" content=\"Custom Baby Jumper\" \/>\n<meta property=\"og:description\" content=\"Eco-Friendly Baby Sweatshirt | 100% Organic Cotton, Customizable. Fast Delivery, B2B Pricing for Retailers. Get Quote Now!\" \/>\n<meta property=\"og:url\" content=\"https:\/\/petelulu.com\/fr\/produit\/sweat-shirt-pour-bebe\/\" \/>\n<meta property=\"og:site_name\" content=\"petelulu\" \/>\n<meta property=\"article:modified_time\" content=\"2025-08-13T03:22:23+00:00\" \/>\n<meta property=\"og:image\" content=\"https:\/\/petelulu.com\/wp-content\/uploads\/2025\/03\/W19101\u4e3b\u56fe1.jpg\" \/>\n\t<meta property=\"og:image:width\" content=\"2000\" \/>\n\t<meta property=\"og:image:height\" content=\"2000\" \/>\n\t<meta property=\"og:image:type\" content=\"image\/jpeg\" \/>\n<meta name=\"twitter:card\" content=\"summary_large_image\" \/>\n<meta name=\"twitter:label1\" content=\"Dur\u00e9e de lecture estim\u00e9e\" \/>\n\t<meta name=\"twitter:data1\" content=\"1 minute\" \/>\n<script type=\"application\/ld+json\" class=\"yoast-schema-graph\">{\"@context\":\"https:\/\/schema.org\",\"@graph\":[{\"@type\":\"WebPage\",\"@id\":\"https:\/\/petelulu.com\/product\/baby-sweatshirt\/\",\"url\":\"https:\/\/petelulu.com\/product\/baby-sweatshirt\/\",\"name\":\"Custom Baby Jumper - petelulu\",\"isPartOf\":{\"@id\":\"https:\/\/petelulu.com\/#website\"},\"primaryImageOfPage\":{\"@id\":\"https:\/\/petelulu.com\/product\/baby-sweatshirt\/#primaryimage\"},\"image\":{\"@id\":\"https:\/\/petelulu.com\/product\/baby-sweatshirt\/#primaryimage\"},\"thumbnailUrl\":\"https:\/\/petelulu.com\/wp-content\/uploads\/2025\/03\/W19101\u4e3b\u56fe1.jpg\",\"datePublished\":\"2025-03-17T06:16:33+00:00\",\"dateModified\":\"2025-08-13T03:22:23+00:00\",\"description\":\"Eco-Friendly Baby Sweatshirt | 100% Organic Cotton, Customizable. Fast Delivery, B2B Pricing for Retailers. Get Quote Now!\",\"breadcrumb\":{\"@id\":\"https:\/\/petelulu.com\/product\/baby-sweatshirt\/#breadcrumb\"},\"inLanguage\":\"fr-FR\",\"potentialAction\":[{\"@type\":\"ReadAction\",\"target\":[\"https:\/\/petelulu.com\/product\/baby-sweatshirt\/\"]}]},{\"@type\":\"ImageObject\",\"inLanguage\":\"fr-FR\",\"@id\":\"https:\/\/petelulu.com\/product\/baby-sweatshirt\/#primaryimage\",\"url\":\"https:\/\/petelulu.com\/wp-content\/uploads\/2025\/03\/W19101\u4e3b\u56fe1.jpg\",\"contentUrl\":\"https:\/\/petelulu.com\/wp-content\/uploads\/2025\/03\/W19101\u4e3b\u56fe1.jpg\",\"width\":2000,\"height\":2000,\"caption\":\"Baby Sweatshirt\"},{\"@type\":\"BreadcrumbList\",\"@id\":\"https:\/\/petelulu.com\/product\/baby-sweatshirt\/#breadcrumb\",\"itemListElement\":[{\"@type\":\"ListItem\",\"position\":1,\"name\":\"\u9996\u9875\",\"item\":\"https:\/\/petelulu.com\/\"},{\"@type\":\"ListItem\",\"position\":2,\"name\":\"PRODUCT GALLERY\",\"item\":\"https:\/\/petelulu.com\/product-gallery\/\"},{\"@type\":\"ListItem\",\"position\":3,\"name\":\"Custom Baby Jumper\"}]},{\"@type\":\"WebSite\",\"@id\":\"https:\/\/petelulu.com\/#website\",\"url\":\"https:\/\/petelulu.com\/\",\"name\":\"PETElulu\",\"description\":\"\",\"potentialAction\":[{\"@type\":\"SearchAction\",\"target\":{\"@type\":\"EntryPoint\",\"urlTemplate\":\"https:\/\/petelulu.com\/?s={search_term_string}\"},\"query-input\":{\"@type\":\"PropertyValueSpecification\",\"valueRequired\":true,\"valueName\":\"search_term_string\"}}],\"inLanguage\":\"fr-FR\"}]}<\/script>\n<!-- \/ Yoast SEO Premium plugin. -->","yoast_head_json":{"title":"Pull personnalis\u00e9 pour b\u00e9b\u00e9 - petelulu","description":"Sweat-shirt \u00e9cologique pour b\u00e9b\u00e9 | 100% Coton Biologique, Personnalisable. Livraison rapide, Prix B2B pour les d\u00e9taillants. Obtenez un devis maintenant !","robots":{"index":"index","follow":"follow","max-snippet":"max-snippet:-1","max-image-preview":"max-image-preview:large","max-video-preview":"max-video-preview:-1"},"canonical":"https:\/\/petelulu.com\/fr\/produit\/sweat-shirt-pour-bebe\/","og_locale":"fr_FR","og_type":"article","og_title":"Custom Baby Jumper","og_description":"Eco-Friendly Baby Sweatshirt | 100% Organic Cotton, Customizable. Fast Delivery, B2B Pricing for Retailers. Get Quote Now!","og_url":"https:\/\/petelulu.com\/fr\/produit\/sweat-shirt-pour-bebe\/","og_site_name":"petelulu","article_modified_time":"2025-08-13T03:22:23+00:00","og_image":[{"width":2000,"height":2000,"url":"https:\/\/petelulu.com\/wp-content\/uploads\/2025\/03\/W19101\u4e3b\u56fe1.jpg","type":"image\/jpeg"}],"twitter_card":"summary_large_image","twitter_misc":{"Dur\u00e9e de lecture estim\u00e9e":"1 minute"},"schema":{"@context":"https:\/\/schema.org","@graph":[{"@type":"WebPage","@id":"https:\/\/petelulu.com\/product\/baby-sweatshirt\/","url":"https:\/\/petelulu.com\/product\/baby-sweatshirt\/","name":"Pull personnalis\u00e9 pour b\u00e9b\u00e9 - petelulu","isPartOf":{"@id":"https:\/\/petelulu.com\/#website"},"primaryImageOfPage":{"@id":"https:\/\/petelulu.com\/product\/baby-sweatshirt\/#primaryimage"},"image":{"@id":"https:\/\/petelulu.com\/product\/baby-sweatshirt\/#primaryimage"},"thumbnailUrl":"https:\/\/petelulu.com\/wp-content\/uploads\/2025\/03\/W19101\u4e3b\u56fe1.jpg","datePublished":"2025-03-17T06:16:33+00:00","dateModified":"2025-08-13T03:22:23+00:00","description":"Sweat-shirt \u00e9cologique pour b\u00e9b\u00e9 | 100% Coton Biologique, Personnalisable. Livraison rapide, Prix B2B pour les d\u00e9taillants. Obtenez un devis maintenant !","breadcrumb":{"@id":"https:\/\/petelulu.com\/product\/baby-sweatshirt\/#breadcrumb"},"inLanguage":"fr-FR","potentialAction":[{"@type":"ReadAction","target":["https:\/\/petelulu.com\/product\/baby-sweatshirt\/"]}]},{"@type":"ImageObject","inLanguage":"fr-FR","@id":"https:\/\/petelulu.com\/product\/baby-sweatshirt\/#primaryimage","url":"https:\/\/petelulu.com\/wp-content\/uploads\/2025\/03\/W19101\u4e3b\u56fe1.jpg","contentUrl":"https:\/\/petelulu.com\/wp-content\/uploads\/2025\/03\/W19101\u4e3b\u56fe1.jpg","width":2000,"height":2000,"caption":"Baby Sweatshirt"},{"@type":"BreadcrumbList","@id":"https:\/\/petelulu.com\/product\/baby-sweatshirt\/#breadcrumb","itemListElement":[{"@type":"ListItem","position":1,"name":"\u9996\u9875","item":"https:\/\/petelulu.com\/"},{"@type":"ListItem","position":2,"name":"PRODUCT GALLERY","item":"https:\/\/petelulu.com\/product-gallery\/"},{"@type":"ListItem","position":3,"name":"Custom Baby Jumper"}]},{"@type":"WebSite","@id":"https:\/\/petelulu.com\/#website","url":"https:\/\/petelulu.com\/","name":"PETElulu","description":"","potentialAction":[{"@type":"SearchAction","target":{"@type":"EntryPoint","urlTemplate":"https:\/\/petelulu.com\/?s={search_term_string}"},"query-input":{"@type":"PropertyValueSpecification","valueRequired":true,"valueName":"search_term_string"}}],"inLanguage":"fr-FR"}]}},"builder_content":"","_links":{"self":[{"href":"https:\/\/petelulu.com\/fr\/wp-json\/wp\/v2\/product\/1729","targetHints":{"allow":["GET"]}}],"collection":[{"href":"https:\/\/petelulu.com\/fr\/wp-json\/wp\/v2\/product"}],"about":[{"href":"https:\/\/petelulu.com\/fr\/wp-json\/wp\/v2\/types\/product"}],"wp:featuredmedia":[{"embeddable":true,"href":"https:\/\/petelulu.com\/fr\/wp-json\/wp\/v2\/media\/1783"}],"wp:attachment":[{"href":"https:\/\/petelulu.com\/fr\/wp-json\/wp\/v2\/media?parent=1729"}],"wp:term":[{"taxonomy":"product_brand","embeddable":true,"href":"https:\/\/petelulu.com\/fr\/wp-json\/wp\/v2\/product_brand?post=1729"},{"taxonomy":"product_cat","embeddable":true,"href":"https:\/\/petelulu.com\/fr\/wp-json\/wp\/v2\/product_cat?post=1729"},{"taxonomy":"product_tag","embeddable":true,"href":"https:\/\/petelulu.com\/fr\/wp-json\/wp\/v2\/product_tag?post=1729"}],"curies":[{"name":"wp","href":"https:\/\/api.w.org\/{rel}","templated":true}]}}