{"id":1716,"date":"2025-06-16T05:48:00","date_gmt":"2025-06-16T09:48:00","guid":{"rendered":"https:\/\/petelulu.com\/?post_type=product&#038;p=1716"},"modified":"2025-08-12T23:02:08","modified_gmt":"2025-08-13T03:02:08","slug":"ensemble-sweat-et-jogging-pour-bebe","status":"publish","type":"product","link":"https:\/\/petelulu.com\/fr\/produit\/ensemble-sweat-et-jogging-pour-bebe\/","title":{"rendered":"Ensemble pull et jogging b\u00e9b\u00e9 personnalis\u00e9"},"content":{"rendered":"<div id=\"sellingpoint\" class=\"header\">\n<h2>A propos de ce produit<\/h2>\n<\/div>\n<ul class=\"\">\n<li data-spm-anchor-id=\"a2700.details.0.i78.69ba659eFmBWyO\">Conception durable et confortable : Notre ensemble de v\u00eatements de jogging avec logo personnalis\u00e9 PETELULU Toddler Baby Boy Tracksuit Sweatshirt Jogger est fabriqu\u00e9 en coton 100%, ce qui garantit un ajustement doux et confortable pour votre petit. Les caract\u00e9ristiques anti-r\u00e9tr\u00e9cissement, anti-plis, anti-bact\u00e9riennes, anti-statiques et coupe-vent garantissent un confort et une protection durables.<\/li>\n<li>Personnalisable et adaptable : Cet ensemble 2 pi\u00e8ces vous permet de cr\u00e9er un look personnalis\u00e9 pour votre enfant gr\u00e2ce \u00e0 notre option de tissu personnalis\u00e9, ce qui le rend parfait pour les occasions sp\u00e9ciales ou les v\u00eatements de tous les jours. La fermeture \u00e0 points ouverts et le type de motif uni garantissent une tenue confortable et \u00e9l\u00e9gante.<\/li>\n<li>Id\u00e9al pour diverses occasions : Adapt\u00e9 aux activit\u00e9s d\u00e9contract\u00e9es et de plein air, cet ensemble de sweatshirt pour b\u00e9b\u00e9 est parfait pour la vie de tous les jours, les voyages ou comme cadeau pour les nouveaux parents. La conception \u00e0 manches longues offre chaleur et protection pendant les mois d'hiver.<\/li>\n<li>Service rapide et efficace : Nous proposons un d\u00e9lai de 7 jours pour les commandes d'\u00e9chantillons, ce qui vous permet de recevoir rapidement votre ensemble de sweatshirt pour b\u00e9b\u00e9 personnalis\u00e9. Nos services ODM et OEM r\u00e9pondent \u00e0 vos besoins sp\u00e9cifiques.<\/li>\n<li data-spm-anchor-id=\"a2700.details.0.i79.69ba659eFmBWyO\">Mat\u00e9riaux et construction de haute qualit\u00e9 : Fabriqu\u00e9 \u00e0 partir d'une combinaison de coton et de fibres de bambou, notre ensemble de sweatshirt pour b\u00e9b\u00e9 est non seulement doux, mais aussi \u00e9cologique. Le type de tissu peign\u00e9 garantit une finition de haute qualit\u00e9, ce qui en fait un investissement rentable pour le confort et le bien-\u00eatre de votre enfant.<\/li>\n<\/ul>","protected":false},"excerpt":{"rendered":"<p>Prix unitaire : US $5.90-7.99 \/ Pi\u00e8ce<br \/>\nQuantit\u00e9 de commande min : 300 pi\u00e8ces\/taille<br \/>\nMati\u00e8re : Coton \/ Fibre de bambou<br \/>\nAge: 0-3M\/3-6M\/6-9M\/9-12M\/12-18M\/18-24M\/2T-3T-4T<br \/>\nMat\u00e9riaux applicables : Bambou\/coton biologique\/coton pur\/\u00e9ponge fran\u00e7aise\/mousseline de bambou<br \/>\nCapacit\u00e9 de production : 10 000 pi\u00e8ces par mois<br \/>\nPort : Guangzhou, Chine<br \/>\nConditions de paiement : T\/T<br \/>\nEchantillon\uff1aAccepter un \u00e9chantillon personnalis\u00e9<br \/>\nLogo : Logo personnalis\u00e9<br \/>\nLivraison : 25-35 jours ouvrables<br \/>\nOEM ET ODM<\/p>\n<p><a href=\"https:\/\/petelulu.com\/fr\/#category\">Voir plus<\/a><\/p>\n<div class=\"wpforms-container wpforms-container-full wpforms-render-modern\" id=\"wpforms-2878\"><form id=\"wpforms-form-2878\" class=\"wpforms-validate wpforms-form wpforms-ajax-form\" data-formid=\"2878\" method=\"post\" enctype=\"multipart\/form-data\" action=\"\/fr\/wp-json\/wp\/v2\/product\/1716\" data-token=\"fde75f8eaf6d8cf056c5b40a4fa6d54f\" data-token-time=\"1777184326\" data-trp-original-action=\"\/fr\/wp-json\/wp\/v2\/product\/1716\"><noscript class=\"wpforms-error-noscript\">Veuillez activer JavaScript dans votre navigateur pour remplir ce formulaire.<\/noscript><div class=\"wpforms-hidden\" id=\"wpforms-error-noscript\">Veuillez activer JavaScript dans votre navigateur pour remplir ce formulaire.<\/div><div class=\"wpforms-field-container\"><div id=\"wpforms-2878-field_2-container\" class=\"wpforms-field wpforms-field-name\" data-field-id=\"2\"><label class=\"wpforms-field-label\" for=\"wpforms-2878-field_2\">Nom <span class=\"wpforms-required-label\" aria-hidden=\"true\">*<\/span><\/label><input type=\"text\" id=\"wpforms-2878-field_2\" class=\"wpforms-field-medium wpforms-field-required\" name=\"wpforms[fields][2]\" aria-errormessage=\"wpforms-2878-field_2-error\" required><\/div><div id=\"wpforms-2878-field_5-container\" class=\"wpforms-field wpforms-field-email\" data-field-id=\"5\"><label class=\"wpforms-field-label\" for=\"wpforms-2878-field_5\">Courriel <span class=\"wpforms-required-label\" aria-hidden=\"true\">*<\/span><\/label><input type=\"email\" id=\"wpforms-2878-field_5\" class=\"wpforms-field-medium wpforms-field-required\" name=\"wpforms[fields][5]\" spellcheck=\"false\" aria-errormessage=\"wpforms-2878-field_5-error\" required><\/div><div id=\"wpforms-2878-field_3-container\" class=\"wpforms-field wpforms-field-textarea\" data-field-id=\"3\"><label class=\"wpforms-field-label\" for=\"wpforms-2878-field_3\">Demande <span class=\"wpforms-required-label\" aria-hidden=\"true\">*<\/span><\/label><textarea id=\"wpforms-2878-field_3\" class=\"wpforms-field-medium wpforms-field-required\" name=\"wpforms[fields][3]\" aria-errormessage=\"wpforms-2878-field_3-error\" aria-describedby=\"wpforms-2878-field_3-description\" required><\/textarea><div id=\"wpforms-2878-field_3-description\" class=\"wpforms-field-description\">Veuillez nous communiquer vos besoins et votre num\u00e9ro WhatsApp, et notre repr\u00e9sentant commercial vous contactera.<\/div><\/div><\/div><!-- .wpforms-field-container --><div class=\"wpforms-submit-container\" ><input type=\"hidden\" name=\"wpforms[id]\" value=\"2878\"><input type=\"hidden\" name=\"page_title\" value=\"\"><input type=\"hidden\" name=\"page_url\" value=\"https:\/\/petelulu.com\/fr\/wp-json\/wp\/v2\/product\/1716\"><input type=\"hidden\" name=\"url_referer\" value=\"\"><button type=\"submit\" name=\"wpforms[submit]\" id=\"wpforms-submit-2878\" class=\"wpforms-submit\" data-alt-text=\"Sending...\" data-submit-text=\"Submit\" aria-live=\"assertive\" value=\"wpforms-submit\">Soumettre<\/button><img loading=\"lazy\" decoding=\"async\" src=\"https:\/\/petelulu.com\/wp-content\/plugins\/wpforms-lite\/assets\/images\/submit-spin.svg\" class=\"wpforms-submit-spinner\" style=\"display: none;\" width=\"26\" height=\"26\" alt=\"Chargement en cours\"><\/div><input type=\"hidden\" name=\"trp-form-language\" value=\"fr\"\/><\/form><\/div>  <!-- .wpforms-container -->\n<p>&nbsp;<\/p>","protected":false},"featured_media":1717,"template":"","meta":[],"product_brand":[],"product_cat":[46,76],"product_tag":[80,82,81],"class_list":{"0":"post-1716","1":"product","2":"type-product","3":"status-publish","4":"has-post-thumbnail","6":"product_cat-clothing-sets","7":"product_cat-sweatshirt","8":"product_tag-baby","9":"product_tag-kid","10":"product_tag-toddler","11":"has-post-title","12":"has-post-date","13":"has-post-category","14":"has-post-tag","15":"has-post-comment","16":"has-post-author","17":"","19":"first","20":"instock","21":"shipping-taxable","22":"product-type-simple"},"yoast_head":"<!-- This site is optimized with the Yoast SEO Premium plugin v24.5 (Yoast SEO v25.6) - https:\/\/yoast.com\/wordpress\/plugins\/seo\/ -->\n<title>Custom Baby Jumper and Joggers Set - petelulu<\/title>\n<meta name=\"description\" content=\"B2B Baby Clothing | Baby Sweatshirt and Joggers Set. Competitive Pricing, Quick Ship. Global Delivery for Retailers\/Wholesale.\" \/>\n<meta name=\"robots\" content=\"index, follow, max-snippet:-1, max-image-preview:large, max-video-preview:-1\" \/>\n<link rel=\"canonical\" href=\"https:\/\/petelulu.com\/fr\/produit\/ensemble-sweat-et-jogging-pour-bebe\/\" \/>\n<meta property=\"og:locale\" content=\"fr_FR\" \/>\n<meta property=\"og:type\" content=\"article\" \/>\n<meta property=\"og:title\" content=\"Custom Baby Jumper and Joggers Set\" \/>\n<meta property=\"og:description\" content=\"B2B Baby Clothing | Baby Sweatshirt and Joggers Set. Competitive Pricing, Quick Ship. Global Delivery for Retailers\/Wholesale.\" \/>\n<meta property=\"og:url\" content=\"https:\/\/petelulu.com\/fr\/produit\/ensemble-sweat-et-jogging-pour-bebe\/\" \/>\n<meta property=\"og:site_name\" content=\"petelulu\" \/>\n<meta property=\"article:modified_time\" content=\"2025-08-13T03:02:08+00:00\" \/>\n<meta property=\"og:image\" content=\"https:\/\/petelulu.com\/wp-content\/uploads\/2025\/03\/X202432805\u4e3b\u56fe1.jpg\" \/>\n\t<meta property=\"og:image:width\" content=\"1200\" \/>\n\t<meta property=\"og:image:height\" content=\"1200\" \/>\n\t<meta property=\"og:image:type\" content=\"image\/jpeg\" \/>\n<meta name=\"twitter:card\" content=\"summary_large_image\" \/>\n<meta name=\"twitter:label1\" content=\"Dur\u00e9e de lecture estim\u00e9e\" \/>\n\t<meta name=\"twitter:data1\" content=\"2 minutes\" \/>\n<script type=\"application\/ld+json\" class=\"yoast-schema-graph\">{\"@context\":\"https:\/\/schema.org\",\"@graph\":[{\"@type\":\"WebPage\",\"@id\":\"https:\/\/petelulu.com\/product\/baby-sweatshirt-and-joggers-set\/\",\"url\":\"https:\/\/petelulu.com\/product\/baby-sweatshirt-and-joggers-set\/\",\"name\":\"Custom Baby Jumper and Joggers Set - petelulu\",\"isPartOf\":{\"@id\":\"https:\/\/petelulu.com\/#website\"},\"primaryImageOfPage\":{\"@id\":\"https:\/\/petelulu.com\/product\/baby-sweatshirt-and-joggers-set\/#primaryimage\"},\"image\":{\"@id\":\"https:\/\/petelulu.com\/product\/baby-sweatshirt-and-joggers-set\/#primaryimage\"},\"thumbnailUrl\":\"https:\/\/petelulu.com\/wp-content\/uploads\/2025\/03\/X202432805\u4e3b\u56fe1.jpg\",\"datePublished\":\"2025-06-16T09:48:00+00:00\",\"dateModified\":\"2025-08-13T03:02:08+00:00\",\"description\":\"B2B Baby Clothing | Baby Sweatshirt and Joggers Set. Competitive Pricing, Quick Ship. Global Delivery for Retailers\/Wholesale.\",\"breadcrumb\":{\"@id\":\"https:\/\/petelulu.com\/product\/baby-sweatshirt-and-joggers-set\/#breadcrumb\"},\"inLanguage\":\"fr-FR\",\"potentialAction\":[{\"@type\":\"ReadAction\",\"target\":[\"https:\/\/petelulu.com\/product\/baby-sweatshirt-and-joggers-set\/\"]}]},{\"@type\":\"ImageObject\",\"inLanguage\":\"fr-FR\",\"@id\":\"https:\/\/petelulu.com\/product\/baby-sweatshirt-and-joggers-set\/#primaryimage\",\"url\":\"https:\/\/petelulu.com\/wp-content\/uploads\/2025\/03\/X202432805\u4e3b\u56fe1.jpg\",\"contentUrl\":\"https:\/\/petelulu.com\/wp-content\/uploads\/2025\/03\/X202432805\u4e3b\u56fe1.jpg\",\"width\":1200,\"height\":1200,\"caption\":\"Baby Sweatshirt and Joggers Set\"},{\"@type\":\"BreadcrumbList\",\"@id\":\"https:\/\/petelulu.com\/product\/baby-sweatshirt-and-joggers-set\/#breadcrumb\",\"itemListElement\":[{\"@type\":\"ListItem\",\"position\":1,\"name\":\"\u9996\u9875\",\"item\":\"https:\/\/petelulu.com\/\"},{\"@type\":\"ListItem\",\"position\":2,\"name\":\"PRODUCT GALLERY\",\"item\":\"https:\/\/petelulu.com\/product-gallery\/\"},{\"@type\":\"ListItem\",\"position\":3,\"name\":\"Custom Baby Jumper and Joggers Set\"}]},{\"@type\":\"WebSite\",\"@id\":\"https:\/\/petelulu.com\/#website\",\"url\":\"https:\/\/petelulu.com\/\",\"name\":\"PETElulu\",\"description\":\"\",\"potentialAction\":[{\"@type\":\"SearchAction\",\"target\":{\"@type\":\"EntryPoint\",\"urlTemplate\":\"https:\/\/petelulu.com\/?s={search_term_string}\"},\"query-input\":{\"@type\":\"PropertyValueSpecification\",\"valueRequired\":true,\"valueName\":\"search_term_string\"}}],\"inLanguage\":\"fr-FR\"}]}<\/script>\n<!-- \/ Yoast SEO Premium plugin. -->","yoast_head_json":{"title":"Ensemble pull et jogging b\u00e9b\u00e9 personnalis\u00e9 - petelulu","description":"B2B Baby Clothing | Ensemble Sweatshirt et Joggers pour b\u00e9b\u00e9. Prix comp\u00e9titifs, exp\u00e9dition rapide. Livraison globale pour D\u00e9taillants\/Grossistes.","robots":{"index":"index","follow":"follow","max-snippet":"max-snippet:-1","max-image-preview":"max-image-preview:large","max-video-preview":"max-video-preview:-1"},"canonical":"https:\/\/petelulu.com\/fr\/produit\/ensemble-sweat-et-jogging-pour-bebe\/","og_locale":"fr_FR","og_type":"article","og_title":"Custom Baby Jumper and Joggers Set","og_description":"B2B Baby Clothing | Baby Sweatshirt and Joggers Set. Competitive Pricing, Quick Ship. Global Delivery for Retailers\/Wholesale.","og_url":"https:\/\/petelulu.com\/fr\/produit\/ensemble-sweat-et-jogging-pour-bebe\/","og_site_name":"petelulu","article_modified_time":"2025-08-13T03:02:08+00:00","og_image":[{"width":1200,"height":1200,"url":"https:\/\/petelulu.com\/wp-content\/uploads\/2025\/03\/X202432805\u4e3b\u56fe1.jpg","type":"image\/jpeg"}],"twitter_card":"summary_large_image","twitter_misc":{"Dur\u00e9e de lecture estim\u00e9e":"2 minutes"},"schema":{"@context":"https:\/\/schema.org","@graph":[{"@type":"WebPage","@id":"https:\/\/petelulu.com\/product\/baby-sweatshirt-and-joggers-set\/","url":"https:\/\/petelulu.com\/product\/baby-sweatshirt-and-joggers-set\/","name":"Ensemble pull et jogging b\u00e9b\u00e9 personnalis\u00e9 - petelulu","isPartOf":{"@id":"https:\/\/petelulu.com\/#website"},"primaryImageOfPage":{"@id":"https:\/\/petelulu.com\/product\/baby-sweatshirt-and-joggers-set\/#primaryimage"},"image":{"@id":"https:\/\/petelulu.com\/product\/baby-sweatshirt-and-joggers-set\/#primaryimage"},"thumbnailUrl":"https:\/\/petelulu.com\/wp-content\/uploads\/2025\/03\/X202432805\u4e3b\u56fe1.jpg","datePublished":"2025-06-16T09:48:00+00:00","dateModified":"2025-08-13T03:02:08+00:00","description":"B2B Baby Clothing | Ensemble Sweatshirt et Joggers pour b\u00e9b\u00e9. Prix comp\u00e9titifs, exp\u00e9dition rapide. Livraison globale pour D\u00e9taillants\/Grossistes.","breadcrumb":{"@id":"https:\/\/petelulu.com\/product\/baby-sweatshirt-and-joggers-set\/#breadcrumb"},"inLanguage":"fr-FR","potentialAction":[{"@type":"ReadAction","target":["https:\/\/petelulu.com\/product\/baby-sweatshirt-and-joggers-set\/"]}]},{"@type":"ImageObject","inLanguage":"fr-FR","@id":"https:\/\/petelulu.com\/product\/baby-sweatshirt-and-joggers-set\/#primaryimage","url":"https:\/\/petelulu.com\/wp-content\/uploads\/2025\/03\/X202432805\u4e3b\u56fe1.jpg","contentUrl":"https:\/\/petelulu.com\/wp-content\/uploads\/2025\/03\/X202432805\u4e3b\u56fe1.jpg","width":1200,"height":1200,"caption":"Baby Sweatshirt and Joggers Set"},{"@type":"BreadcrumbList","@id":"https:\/\/petelulu.com\/product\/baby-sweatshirt-and-joggers-set\/#breadcrumb","itemListElement":[{"@type":"ListItem","position":1,"name":"\u9996\u9875","item":"https:\/\/petelulu.com\/"},{"@type":"ListItem","position":2,"name":"PRODUCT GALLERY","item":"https:\/\/petelulu.com\/product-gallery\/"},{"@type":"ListItem","position":3,"name":"Custom Baby Jumper and Joggers Set"}]},{"@type":"WebSite","@id":"https:\/\/petelulu.com\/#website","url":"https:\/\/petelulu.com\/","name":"PETElulu","description":"","potentialAction":[{"@type":"SearchAction","target":{"@type":"EntryPoint","urlTemplate":"https:\/\/petelulu.com\/?s={search_term_string}"},"query-input":{"@type":"PropertyValueSpecification","valueRequired":true,"valueName":"search_term_string"}}],"inLanguage":"fr-FR"}]}},"builder_content":"","_links":{"self":[{"href":"https:\/\/petelulu.com\/fr\/wp-json\/wp\/v2\/product\/1716","targetHints":{"allow":["GET"]}}],"collection":[{"href":"https:\/\/petelulu.com\/fr\/wp-json\/wp\/v2\/product"}],"about":[{"href":"https:\/\/petelulu.com\/fr\/wp-json\/wp\/v2\/types\/product"}],"wp:featuredmedia":[{"embeddable":true,"href":"https:\/\/petelulu.com\/fr\/wp-json\/wp\/v2\/media\/1717"}],"wp:attachment":[{"href":"https:\/\/petelulu.com\/fr\/wp-json\/wp\/v2\/media?parent=1716"}],"wp:term":[{"taxonomy":"product_brand","embeddable":true,"href":"https:\/\/petelulu.com\/fr\/wp-json\/wp\/v2\/product_brand?post=1716"},{"taxonomy":"product_cat","embeddable":true,"href":"https:\/\/petelulu.com\/fr\/wp-json\/wp\/v2\/product_cat?post=1716"},{"taxonomy":"product_tag","embeddable":true,"href":"https:\/\/petelulu.com\/fr\/wp-json\/wp\/v2\/product_tag?post=1716"}],"curies":[{"name":"wp","href":"https:\/\/api.w.org\/{rel}","templated":true}]}}