{"id":6919,"date":"2025-11-05T22:12:56","date_gmt":"2025-11-06T03:12:56","guid":{"rendered":"https:\/\/petelulu.com\/tencel-copy\/"},"modified":"2025-11-05T22:21:59","modified_gmt":"2025-11-06T03:21:59","slug":"le-coton-pima-explique-que-le-coton-est-le-plus-doux-et-le-plus-resistant-au-monde","status":"publish","type":"page","link":"https:\/\/petelulu.com\/fr\/le-coton-pima-explique-que-le-coton-est-le-plus-doux-et-le-plus-resistant-au-monde\/","title":{"rendered":"Coton Pima"},"content":{"rendered":"<!--themify_builder_content-->\n<div id=\"themify_builder_content-6919\" data-postid=\"6919\" class=\"themify_builder_content themify_builder_content-6919 themify_builder tf_clear\">\n                    <div  data-css_id=\"plxp500\" data-lazy=\"1\" class=\"module_row themify_builder_row fullwidth tb_plxp500 tb_first tf_w\">\n                        <div class=\"row_inner col_align_top gutter-narrow tb_col_count_2 tf_box tf_rel\">\n                        <div  data-lazy=\"1\" class=\"module_column tb-column col4-2 tb_e76t050 first\">\n                    <!-- module image -->\n<div  class=\"module module-image tb_2cfx800 image-top   tf_mw\" data-lazy=\"1\">\n        <div class=\"image-wrap tf_rel tf_mw\">\n            <img loading=\"lazy\" decoding=\"async\" src=\"https:\/\/petelulu.com\/wp-content\/uploads\/2025\/11\/pima-cotton-1200x950.avif\" width=\"1200\" height=\"950\" class=\"wp-post-image wp-image-6912\" title=\"coton pima\" alt=\"coton pima\">    \n        <\/div>\n    <!-- \/image-wrap -->\n    \n        <\/div>\n<!-- \/module image -->        <\/div>\n                    <div  data-lazy=\"1\" class=\"module_column tb-column col4-2 tb_21zu000 last\">\n                    <!-- module text -->\n<div  class=\"module module-text tb_eh7s779\" data-lazy=\"1\">\n        <div  class=\"tb_text_wrap\">\n        <h3 style=\"text-align: left;\">Coton Pima<\/h3>    <\/div>\n<\/div>\n<!-- \/module text --><!-- module text -->\n<div  class=\"module module-text tb_0ip2500\" data-lazy=\"1\">\n        <div  class=\"tb_text_wrap\">\n        <h3 class=\"\" data-start=\"102\" data-end=\"124\">Principales caract\u00e9ristiques et avantages du coton Pima<\/h3>    <\/div>\n<\/div>\n<!-- \/module text --><!-- module text -->\n<div  class=\"module module-text tb_shcj500\" data-lazy=\"1\">\n        <div  class=\"tb_text_wrap\">\n        <p class=\"\" data-start=\"220\" data-end=\"373\">Le coton Pima est consid\u00e9r\u00e9 comme le <b>\"Le cachemire du coton<\/b> ou le <b>\"Aristocrate du coton\".<\/b> Il s'agit d'un type de <b>Coton \u00e0 fibres extra-longues (ELS)<\/b>.<\/p>    <\/div>\n<\/div>\n<!-- \/module text --><!-- module text -->\n<div  class=\"module module-text tb_gwwn25\" data-lazy=\"1\">\n        <div  class=\"tb_text_wrap\">\n        <h4>1. <b>Raret\u00e9 et statut de prime<\/b><\/h4>\n<ul>\n<li>\n<p><b>Faible rendement :<\/b> Le coton Pima n\u00e9cessite des conditions de culture sp\u00e9cifiques et exigeantes, notamment de longues p\u00e9riodes d'ensoleillement et des co\u00fbts de culture \u00e9lev\u00e9s. Par cons\u00e9quent, il ne repr\u00e9sente que <b>environ 3% de la production mondiale totale de coton<\/b>ce qui le rend tr\u00e8s pr\u00e9cieux.<\/p>\n<\/li>\n<li>\n<p><b>Principales zones de production :<\/b> Principalement cultiv\u00e9 dans les <b>Sud-ouest des \u00c9tats-Unis<\/b> (comme la Californie et le Texas), du P\u00e9rou et de petites quantit\u00e9s d'\u00c9gypte et d'Australie. <b>Supima<\/b> est la marque d\u00e9pos\u00e9e sp\u00e9cifiquement pour le coton Pima de premi\u00e8re qualit\u00e9 cultiv\u00e9 dans les pays de l'Union europ\u00e9enne. <b>\u00c9TATS-UNIS<\/b>Les produits de l'UE sont des produits de qualit\u00e9, repr\u00e9sentant un niveau de qualit\u00e9 plus \u00e9lev\u00e9.<\/p>\n<\/li>\n<\/ul>\n<h4>2. <b>Fibres extra-longues et sensation sup\u00e9rieure<\/b><\/h4>\n<ul>\n<li>\n<p><b>Agrafe extra-longue :<\/b> Les fibres de coton Pima sont g\u00e9n\u00e9ralement <span class=\"math-inline\" data-math=\"34mm\">$34mm$<\/span> ou plus, environ <b><span class=\"math-inline\" data-math=\"35\\%\">$35\\%$<\/span> plus long<\/b> que le coton ordinaire.<\/p>\n<\/li>\n<li>\n<p><b>Douceur soyeuse :<\/b> Plus la fibre est longue, plus le fil produit est fin et dense. Par cons\u00e9quent, les produits en coton Pima poss\u00e8dent une <b>sensation de douceur soyeuse \u00e0 la main<\/b> et un <b>brillance \u00e9clatante<\/b>Ce qui le positionne comme un choix de premier ordre pour les mat\u00e9riaux textiles.<\/p>\n<\/li>\n<\/ul>    <\/div>\n<\/div>\n<!-- \/module text -->        <\/div>\n                        <\/div>\n        <\/div>\n                        <div  data-css_id=\"mta8175\" data-lazy=\"1\" class=\"module_row themify_builder_row fullwidth tb_mta8175 tf_w\">\n                        <div class=\"row_inner col_align_top gutter-narrow tb_col_count_2 tf_box tf_rel\">\n                        <div  data-lazy=\"1\" class=\"module_column tb-column col4-2 tb_ybwn518 first\">\n                    <!-- module text -->\n<div  class=\"module module-text tb_k9xw075\" data-lazy=\"1\">\n        <div  class=\"tb_text_wrap\">\n        <h4>3. <b>Haute r\u00e9sistance et durabilit\u00e9<\/b><\/h4>\n<ul>\n<li>\n<p><b>Solide et durable :<\/b> Les fibres de coton Pima sont environ <b><span class=\"math-inline\" data-math=\"45\\%\">$45\\%$<\/span> plus fort<\/b> que le coton ordinaire, ce qui les rend moins susceptibles de se casser, de s'user ou de boulocher.<\/p>\n<\/li>\n<li>\n<p><b>R\u00e9siste \u00e0 la d\u00e9coloration et au r\u00e9tr\u00e9cissement :<\/b> Gr\u00e2ce \u00e0 la densit\u00e9 \u00e9lev\u00e9e de ses fibres et \u00e0 l'excellente absorption des teintures, les couleurs du tissu restent \u00e9clatantes et durables. Il r\u00e9siste au r\u00e9tr\u00e9cissement et \u00e0 la d\u00e9coloration, m\u00eame apr\u00e8s plusieurs lavages, ce qui le rend nettement plus durable que le coton ordinaire.<\/p>\n<\/li>\n<\/ul>\n<p>\u00a0<\/p>\n<h4>4. <b>Respirant, doux pour la peau et \u00e9vacuant l'humidit\u00e9<\/b><\/h4>\n<ul>\n<li><b>Confortablement sec :<\/b> Dot\u00e9 d'une structure poreuse et h\u00e9lico\u00efdale, il permet une excellente circulation de l'air, ce qui se traduit par <b>respirabilit\u00e9 sup\u00e9rieure<\/b>.<\/li>\n<li><b>Convient aux peaux sensibles :<\/b> Il poss\u00e8de d'excellentes propri\u00e9t\u00e9s d'absorption de l'humidit\u00e9 et de dissipation de la chaleur, \u00e9vacuant rapidement la transpiration et r\u00e9gulant la temp\u00e9rature corporelle pour vous garder au frais et au sec. Sa nature douce et respectueuse de la peau en fait un choix de pr\u00e9dilection pour <b>peau sensible<\/b>.<\/li>\n<\/ul>    <\/div>\n<\/div>\n<!-- \/module text --><!-- module buttons -->\n<div  class=\"module module-buttons tb_o8rl717 buttons-horizontal solid   rounded\" data-lazy=\"1\">\n        <div class=\"module-buttons-item tf_in_flx\">\n                        <a href=\"https:\/\/petelulu.com\/fr\/nous-contacter\/\" class=\"ui builder_button tf_in_flx tb_default_color\" target=\"_blank\" rel=\"noopener\">\n                                                Inquire Now                                        <\/a>\n                <\/div>\n            <\/div>\n<!-- \/module buttons -->\n        <\/div>\n                    <div  data-lazy=\"1\" class=\"module_column tb-column col4-2 tb_4j2j778 last\">\n                            <div  data-lazy=\"1\" class=\"module_subrow themify_builder_sub_row tf_w col_align_top tb_col_count_1 tb_mdm6181\">\n                <div  data-lazy=\"1\" class=\"module_column sub_column col-full tb_izln802 first\">\n                    <!-- module image -->\n<div  class=\"module module-image tb_aebu787 image-top   tf_mw\" data-lazy=\"1\">\n        <div class=\"image-wrap tf_rel tf_mw\">\n            <img loading=\"lazy\" decoding=\"async\" src=\"https:\/\/petelulu.com\/wp-content\/uploads\/2025\/11\/pima-cotton-1-png-1200x900.avif\" width=\"1200\" height=\"900\" class=\"wp-post-image wp-image-6924\" title=\"coton pima 1\" alt=\"coton pima\" srcset=\"https:\/\/petelulu.com\/wp-content\/uploads\/2025\/11\/pima-cotton-1-png-1200x900.avif 1200w, https:\/\/petelulu.com\/wp-content\/uploads\/2025\/11\/pima-cotton-1-png-800x600.avif 800w\" sizes=\"auto, (max-width: 1200px) 100vw, 1200px\" \/>    \n        <\/div>\n    <!-- \/image-wrap -->\n    \n        <\/div>\n<!-- \/module image -->        <\/div>\n                    <\/div>\n                <\/div>\n                        <\/div>\n        <\/div>\n        <\/div>\n<!--\/themify_builder_content-->","protected":false},"excerpt":{"rendered":"<p>Coton Pima<\/p>","protected":false},"author":1,"featured_media":6912,"parent":0,"menu_order":0,"comment_status":"closed","ping_status":"closed","template":"","meta":{"footnotes":""},"class_list":["post-6919","page","type-page","status-publish","has-post-thumbnail","hentry","has-post-title","has-post-date","has-post-category","has-post-tag","has-post-comment","has-post-author",""],"yoast_head":"<!-- This site is optimized with the Yoast SEO Premium plugin v24.5 (Yoast SEO v25.6) - https:\/\/yoast.com\/wordpress\/plugins\/seo\/ -->\n<title>Pima Cotton - petelulu<\/title>\n<meta name=\"description\" content=\"Discover the benefits of Pima Cotton, the Extra-Long Staple (ELS) fiber known for its incredible strength, silky softness, and lasting quality. Learn why it&#039;s the &quot;Cashmere of Cotton.\" \/>\n<meta name=\"robots\" content=\"index, follow, max-snippet:-1, max-image-preview:large, max-video-preview:-1\" \/>\n<link rel=\"canonical\" href=\"https:\/\/petelulu.com\/fr\/le-coton-pima-explique-que-le-coton-est-le-plus-doux-et-le-plus-resistant-au-monde\/\" \/>\n<meta property=\"og:locale\" content=\"fr_FR\" \/>\n<meta property=\"og:type\" content=\"article\" \/>\n<meta property=\"og:title\" content=\"Pima Cotton\" \/>\n<meta property=\"og:description\" content=\"Discover the benefits of Pima Cotton, the Extra-Long Staple (ELS) fiber known for its incredible strength, silky softness, and lasting quality. Learn why it&#039;s the &quot;Cashmere of Cotton.\" \/>\n<meta property=\"og:url\" content=\"https:\/\/petelulu.com\/fr\/le-coton-pima-explique-que-le-coton-est-le-plus-doux-et-le-plus-resistant-au-monde\/\" \/>\n<meta property=\"og:site_name\" content=\"petelulu\" \/>\n<meta property=\"article:modified_time\" content=\"2025-11-06T03:21:59+00:00\" \/>\n<meta property=\"og:image\" content=\"https:\/\/petelulu.com\/wp-content\/uploads\/2025\/11\/pima-cotton.avif\" \/>\n\t<meta property=\"og:image:width\" content=\"1024\" \/>\n\t<meta property=\"og:image:height\" content=\"962\" \/>\n\t<meta property=\"og:image:type\" content=\"image\/jpeg\" \/>\n<meta name=\"twitter:card\" content=\"summary_large_image\" \/>\n<meta name=\"twitter:label1\" content=\"Dur\u00e9e de lecture estim\u00e9e\" \/>\n\t<meta name=\"twitter:data1\" content=\"4 minutes\" \/>\n<script type=\"application\/ld+json\" class=\"yoast-schema-graph\">{\"@context\":\"https:\/\/schema.org\",\"@graph\":[{\"@type\":\"WebPage\",\"@id\":\"https:\/\/petelulu.com\/pima-cotton-explained-the-worlds-softest-strongest-cotton-els\/\",\"url\":\"https:\/\/petelulu.com\/pima-cotton-explained-the-worlds-softest-strongest-cotton-els\/\",\"name\":\"Pima Cotton - petelulu\",\"isPartOf\":{\"@id\":\"https:\/\/petelulu.com\/#website\"},\"primaryImageOfPage\":{\"@id\":\"https:\/\/petelulu.com\/pima-cotton-explained-the-worlds-softest-strongest-cotton-els\/#primaryimage\"},\"image\":{\"@id\":\"https:\/\/petelulu.com\/pima-cotton-explained-the-worlds-softest-strongest-cotton-els\/#primaryimage\"},\"thumbnailUrl\":\"https:\/\/petelulu.com\/wp-content\/uploads\/2025\/11\/pima-cotton.avif\",\"datePublished\":\"2025-11-06T03:12:56+00:00\",\"dateModified\":\"2025-11-06T03:21:59+00:00\",\"description\":\"Discover the benefits of Pima Cotton, the Extra-Long Staple (ELS) fiber known for its incredible strength, silky softness, and lasting quality. Learn why it's the \\\"Cashmere of Cotton.\",\"breadcrumb\":{\"@id\":\"https:\/\/petelulu.com\/pima-cotton-explained-the-worlds-softest-strongest-cotton-els\/#breadcrumb\"},\"inLanguage\":\"fr-FR\",\"potentialAction\":[{\"@type\":\"ReadAction\",\"target\":[\"https:\/\/petelulu.com\/pima-cotton-explained-the-worlds-softest-strongest-cotton-els\/\"]}]},{\"@type\":\"ImageObject\",\"inLanguage\":\"fr-FR\",\"@id\":\"https:\/\/petelulu.com\/pima-cotton-explained-the-worlds-softest-strongest-cotton-els\/#primaryimage\",\"url\":\"https:\/\/petelulu.com\/wp-content\/uploads\/2025\/11\/pima-cotton.avif\",\"contentUrl\":\"https:\/\/petelulu.com\/wp-content\/uploads\/2025\/11\/pima-cotton.avif\",\"width\":1024,\"height\":962,\"caption\":\"pima cotton\"},{\"@type\":\"BreadcrumbList\",\"@id\":\"https:\/\/petelulu.com\/pima-cotton-explained-the-worlds-softest-strongest-cotton-els\/#breadcrumb\",\"itemListElement\":[{\"@type\":\"ListItem\",\"position\":1,\"name\":\"\u9996\u9875\",\"item\":\"https:\/\/petelulu.com\/\"},{\"@type\":\"ListItem\",\"position\":2,\"name\":\"Pima Cotton\"}]},{\"@type\":\"WebSite\",\"@id\":\"https:\/\/petelulu.com\/#website\",\"url\":\"https:\/\/petelulu.com\/\",\"name\":\"PETElulu\",\"description\":\"\",\"potentialAction\":[{\"@type\":\"SearchAction\",\"target\":{\"@type\":\"EntryPoint\",\"urlTemplate\":\"https:\/\/petelulu.com\/?s={search_term_string}\"},\"query-input\":{\"@type\":\"PropertyValueSpecification\",\"valueRequired\":true,\"valueName\":\"search_term_string\"}}],\"inLanguage\":\"fr-FR\"}]}<\/script>\n<!-- \/ Yoast SEO Premium plugin. -->","yoast_head_json":{"title":"Coton Pima - petelulu","description":"D\u00e9couvrez les avantages du coton Pima, la fibre ELS (Extra-Long Staple) connue pour son incroyable r\u00e9sistance, sa douceur soyeuse et sa qualit\u00e9 durable. Apprenez pourquoi il s'agit du \"cachemire du coton\".","robots":{"index":"index","follow":"follow","max-snippet":"max-snippet:-1","max-image-preview":"max-image-preview:large","max-video-preview":"max-video-preview:-1"},"canonical":"https:\/\/petelulu.com\/fr\/le-coton-pima-explique-que-le-coton-est-le-plus-doux-et-le-plus-resistant-au-monde\/","og_locale":"fr_FR","og_type":"article","og_title":"Pima Cotton","og_description":"Discover the benefits of Pima Cotton, the Extra-Long Staple (ELS) fiber known for its incredible strength, silky softness, and lasting quality. Learn why it's the \"Cashmere of Cotton.","og_url":"https:\/\/petelulu.com\/fr\/le-coton-pima-explique-que-le-coton-est-le-plus-doux-et-le-plus-resistant-au-monde\/","og_site_name":"petelulu","article_modified_time":"2025-11-06T03:21:59+00:00","og_image":[{"width":1024,"height":962,"url":"https:\/\/petelulu.com\/wp-content\/uploads\/2025\/11\/pima-cotton.avif","type":"image\/jpeg"}],"twitter_card":"summary_large_image","twitter_misc":{"Dur\u00e9e de lecture estim\u00e9e":"4 minutes"},"schema":{"@context":"https:\/\/schema.org","@graph":[{"@type":"WebPage","@id":"https:\/\/petelulu.com\/pima-cotton-explained-the-worlds-softest-strongest-cotton-els\/","url":"https:\/\/petelulu.com\/pima-cotton-explained-the-worlds-softest-strongest-cotton-els\/","name":"Coton Pima - petelulu","isPartOf":{"@id":"https:\/\/petelulu.com\/#website"},"primaryImageOfPage":{"@id":"https:\/\/petelulu.com\/pima-cotton-explained-the-worlds-softest-strongest-cotton-els\/#primaryimage"},"image":{"@id":"https:\/\/petelulu.com\/pima-cotton-explained-the-worlds-softest-strongest-cotton-els\/#primaryimage"},"thumbnailUrl":"https:\/\/petelulu.com\/wp-content\/uploads\/2025\/11\/pima-cotton.avif","datePublished":"2025-11-06T03:12:56+00:00","dateModified":"2025-11-06T03:21:59+00:00","description":"D\u00e9couvrez les avantages du coton Pima, la fibre ELS (Extra-Long Staple) connue pour son incroyable r\u00e9sistance, sa douceur soyeuse et sa qualit\u00e9 durable. Apprenez pourquoi il s'agit du \"cachemire du coton\".","breadcrumb":{"@id":"https:\/\/petelulu.com\/pima-cotton-explained-the-worlds-softest-strongest-cotton-els\/#breadcrumb"},"inLanguage":"fr-FR","potentialAction":[{"@type":"ReadAction","target":["https:\/\/petelulu.com\/pima-cotton-explained-the-worlds-softest-strongest-cotton-els\/"]}]},{"@type":"ImageObject","inLanguage":"fr-FR","@id":"https:\/\/petelulu.com\/pima-cotton-explained-the-worlds-softest-strongest-cotton-els\/#primaryimage","url":"https:\/\/petelulu.com\/wp-content\/uploads\/2025\/11\/pima-cotton.avif","contentUrl":"https:\/\/petelulu.com\/wp-content\/uploads\/2025\/11\/pima-cotton.avif","width":1024,"height":962,"caption":"pima cotton"},{"@type":"BreadcrumbList","@id":"https:\/\/petelulu.com\/pima-cotton-explained-the-worlds-softest-strongest-cotton-els\/#breadcrumb","itemListElement":[{"@type":"ListItem","position":1,"name":"\u9996\u9875","item":"https:\/\/petelulu.com\/"},{"@type":"ListItem","position":2,"name":"Pima Cotton"}]},{"@type":"WebSite","@id":"https:\/\/petelulu.com\/#website","url":"https:\/\/petelulu.com\/","name":"PETElulu","description":"","potentialAction":[{"@type":"SearchAction","target":{"@type":"EntryPoint","urlTemplate":"https:\/\/petelulu.com\/?s={search_term_string}"},"query-input":{"@type":"PropertyValueSpecification","valueRequired":true,"valueName":"search_term_string"}}],"inLanguage":"fr-FR"}]}},"builder_content":"<img src=\"https:\/\/petelulu.com\/wp-content\/uploads\/2025\/11\/pima-cotton-1200x950.avif\" width=\"1200\" height=\"950\" title=\"pima cotton\" alt=\"pima cotton\">\n<h3 style=\"text-align: left;\">Pima Cotton<\/h3>\n<h3 data-start=\"102\" data-end=\"124\">Key Characteristics and Advantages of Pima Cotton<\/h3>\n<p data-start=\"220\" data-end=\"373\">Pima cotton is highly regarded as the <b>\"Cashmere of Cotton\"<\/b> or the <b>\"Aristocrat of Cotton.\"<\/b> It is a high-quality type of <b>Extra-Long Staple (ELS) cotton<\/b>.<\/p>\n<h4>1. <b>Rarity and Premium Status<\/b><\/h4> <ul> <li> <p><b>Low Yield:<\/b> Pima cotton requires specific, demanding growing conditions, including long periods of sunlight and high cultivation costs. Consequently, it only accounts for <b>about 3% of the world's total cotton production<\/b>, making it very precious.<\/p> <\/li> <li> <p><b>Main Production Areas:<\/b> Primarily grown in the <b>Southwestern United States<\/b> (such as California and Texas), Peru, and small amounts from Egypt and Australia. <b>Supima<\/b> is the registered trademark specifically for the top-tier Pima cotton grown in the <b>USA<\/b>, representing a higher standard of quality.<\/p> <\/li> <\/ul> <h4>2. <b>Extra-Long Fibers and Superior Feel<\/b><\/h4> <ul> <li> <p><b>Extra-Long Staple:<\/b> Pima cotton fibers are typically $34mm$ or longer, about <b>$35\\%$ longer<\/b> than regular cotton.<\/p> <\/li> <li> <p><b>Silky Softness:<\/b> The longer the fiber, the finer and denser the yarn produced. Therefore, Pima cotton products possess a <b>silky smooth hand-feel<\/b> and a <b>lustrous shine<\/b>, positioning it as a top choice for fabric materials.<\/p> <\/li> <\/ul>\n<h4>3. <b>High Strength and Durability<\/b><\/h4> <ul> <li> <p><b>Strong and Durable:<\/b> Pima cotton fibers are about <b>$45\\%$ stronger<\/b> than regular cotton, making them less prone to breakage, wear, or pilling.<\/p> <\/li> <li> <p><b>Resists Fading and Shrinking:<\/b> Due to its high fiber density and excellent dye absorption, the colors in the fabric remain vibrant and long-lasting. It resists shrinking or fading even after multiple washes, making it significantly more durable than regular cotton.<\/p> <\/li> <\/ul> <p>\u00a0<\/p> <h4>4. <b>Breathable, Skin-Friendly, and Moisture-Wicking<\/b><\/h4> <ul> <li><b>Comfortably Dry:<\/b> Featuring a porous, helical structure, it allows for excellent air circulation, resulting in <b>superior breathability<\/b>.<\/li> <li><b>Suitable for Sensitive Skin:<\/b> It has outstanding moisture absorption and heat dissipation properties, quickly wicking away sweat and regulating body temperature to keep you cool and dry. Its gentle, skin-friendly nature makes it a preferred choice for <b>sensitive skin<\/b>.<\/li> <\/ul>\n<a href=\"https:\/\/petelulu.com\/contact-us\/\" target=\"_blank\" rel=\"noopener\"> Inquire Now <\/a>\n<img src=\"https:\/\/petelulu.com\/wp-content\/uploads\/2025\/11\/pima-cotton-1-png-1200x900.avif\" width=\"1200\" height=\"900\" title=\"pima cotton 1\" alt=\"pima cotton\" srcset=\"https:\/\/petelulu.com\/wp-content\/uploads\/2025\/11\/pima-cotton-1-png-1200x900.avif 1200w, https:\/\/petelulu.com\/wp-content\/uploads\/2025\/11\/pima-cotton-1-png-800x600.avif 800w\" sizes=\"(max-width: 1200px) 100vw, 1200px\" \/>","_links":{"self":[{"href":"https:\/\/petelulu.com\/fr\/wp-json\/wp\/v2\/pages\/6919","targetHints":{"allow":["GET"]}}],"collection":[{"href":"https:\/\/petelulu.com\/fr\/wp-json\/wp\/v2\/pages"}],"about":[{"href":"https:\/\/petelulu.com\/fr\/wp-json\/wp\/v2\/types\/page"}],"author":[{"embeddable":true,"href":"https:\/\/petelulu.com\/fr\/wp-json\/wp\/v2\/users\/1"}],"replies":[{"embeddable":true,"href":"https:\/\/petelulu.com\/fr\/wp-json\/wp\/v2\/comments?post=6919"}],"version-history":[{"count":8,"href":"https:\/\/petelulu.com\/fr\/wp-json\/wp\/v2\/pages\/6919\/revisions"}],"predecessor-version":[{"id":6930,"href":"https:\/\/petelulu.com\/fr\/wp-json\/wp\/v2\/pages\/6919\/revisions\/6930"}],"wp:featuredmedia":[{"embeddable":true,"href":"https:\/\/petelulu.com\/fr\/wp-json\/wp\/v2\/media\/6912"}],"wp:attachment":[{"href":"https:\/\/petelulu.com\/fr\/wp-json\/wp\/v2\/media?parent=6919"}],"curies":[{"name":"wp","href":"https:\/\/api.w.org\/{rel}","templated":true}]}}