{"id":738,"date":"2025-02-28T09:20:07","date_gmt":"2025-02-28T09:20:07","guid":{"rendered":"https:\/\/petelulu.com\/?post_type=product&#038;p=738"},"modified":"2025-08-12T23:15:37","modified_gmt":"2025-08-13T03:15:37","slug":"bamboo-viscose-hoodies-clothes-set","status":"publish","type":"product","link":"https:\/\/petelulu.com\/es_mx\/product\/bamboo-viscose-hoodies-clothes-set\/","title":{"rendered":"Conjunto de ropa con capucha de viscosa de bamb\u00fa personalizada"},"content":{"rendered":"","protected":false},"excerpt":{"rendered":"<p>Unit Price: US $3.59-6.50 \/ Piece<br \/>\nCantidad m\u00ednima de pedido: 300 Piezas\/ Tama\u00f1o<br \/>\nMaterial: Spandex\/ Fibra de bamb\u00fa<br \/>\nAge: 0-3M\/3-6M\/6-9M\/9-12M\/12-18M\/18-24M\/2T-3T-4T<br \/>\nMateriales aplicables: Bamb\u00fa\/algod\u00f3n org\u00e1nico\/algod\u00f3n puro\/franc\u00e9s\/muselina de bamb\u00fa<br \/>\nCapacidad de suministro: 10.000 piezas\/mes<br \/>\nPuerto: Guangzhou, China<br \/>\nCondiciones de pago: T\/T<br \/>\nMuestra\uff1aAceptar muestra personalizada<br \/>\nLogotipo: Logotipo personalizado<\/p>\n<p>Entrega: 25-35 d\u00edas laborables<br \/>\nOEM Y ODM<\/p>\n<p><a href=\"https:\/\/petelulu.com\/es_mx\/#category\">Ver m\u00e1s<\/a><\/p>\n<div class=\"wpforms-container wpforms-container-full wpforms-render-modern\" id=\"wpforms-2878\"><form id=\"wpforms-form-2878\" class=\"wpforms-validate wpforms-form wpforms-ajax-form\" data-formid=\"2878\" method=\"post\" enctype=\"multipart\/form-data\" action=\"\/es_mx\/wp-json\/wp\/v2\/product\/738\" data-token=\"e1a57099e00604c239ff9b2b39f1b9e0\" data-token-time=\"1776202882\" data-trp-original-action=\"\/es_mx\/wp-json\/wp\/v2\/product\/738\"><noscript class=\"wpforms-error-noscript\">Por favor, active JavaScript en su navegador para completar este formulario.<\/noscript><div class=\"wpforms-hidden\" id=\"wpforms-error-noscript\">Por favor, active JavaScript en su navegador para completar este formulario.<\/div><div class=\"wpforms-field-container\"><div id=\"wpforms-2878-field_2-container\" class=\"wpforms-field wpforms-field-name\" data-field-id=\"2\"><label class=\"wpforms-field-label\" for=\"wpforms-2878-field_2\">Nombre <span class=\"wpforms-required-label\" aria-hidden=\"true\">*<\/span><\/label><input type=\"text\" id=\"wpforms-2878-field_2\" class=\"wpforms-field-medium wpforms-field-required\" name=\"wpforms[fields][2]\" aria-errormessage=\"wpforms-2878-field_2-error\" required><\/div><div id=\"wpforms-2878-field_5-container\" class=\"wpforms-field wpforms-field-email\" data-field-id=\"5\"><label class=\"wpforms-field-label\" for=\"wpforms-2878-field_5\">Correo electr\u00f3nico <span class=\"wpforms-required-label\" aria-hidden=\"true\">*<\/span><\/label><input type=\"email\" id=\"wpforms-2878-field_5\" class=\"wpforms-field-medium wpforms-field-required\" name=\"wpforms[fields][5]\" spellcheck=\"false\" aria-errormessage=\"wpforms-2878-field_5-error\" required><\/div><div id=\"wpforms-2878-field_3-container\" class=\"wpforms-field wpforms-field-textarea\" data-field-id=\"3\"><label class=\"wpforms-field-label\" for=\"wpforms-2878-field_3\">Solicitar <span class=\"wpforms-required-label\" aria-hidden=\"true\">*<\/span><\/label><textarea id=\"wpforms-2878-field_3\" class=\"wpforms-field-medium wpforms-field-required\" name=\"wpforms[fields][3]\" aria-errormessage=\"wpforms-2878-field_3-error\" aria-describedby=\"wpforms-2878-field_3-description\" required><\/textarea><div id=\"wpforms-2878-field_3-description\" class=\"wpforms-field-description\">Ind\u00edquenos sus requisitos y su n\u00famero de WhatsApp, y nuestro representante de ventas se pondr\u00e1 en contacto con usted.<\/div><\/div><\/div><!-- .wpforms-field-container --><div class=\"wpforms-submit-container\" ><input type=\"hidden\" name=\"wpforms[id]\" value=\"2878\"><input type=\"hidden\" name=\"page_title\" value=\"\"><input type=\"hidden\" name=\"page_url\" value=\"https:\/\/petelulu.com\/es_mx\/wp-json\/wp\/v2\/product\/738\"><input type=\"hidden\" name=\"url_referer\" value=\"\"><button type=\"submit\" name=\"wpforms[submit]\" id=\"wpforms-submit-2878\" class=\"wpforms-submit\" data-alt-text=\"Sending...\" data-submit-text=\"Submit\" aria-live=\"assertive\" value=\"wpforms-submit\">Enviar<\/button><img loading=\"lazy\" decoding=\"async\" src=\"https:\/\/petelulu.com\/wp-content\/plugins\/wpforms-lite\/assets\/images\/submit-spin.svg\" class=\"wpforms-submit-spinner\" style=\"display: none;\" width=\"26\" height=\"26\" alt=\"Cargando\"><\/div><input type=\"hidden\" name=\"trp-form-language\" value=\"es_mx\"\/><\/form><\/div>  <!-- .wpforms-container -->","protected":false},"featured_media":744,"template":"","meta":[],"product_brand":[],"product_cat":[46],"product_tag":[82,81],"class_list":{"0":"post-738","1":"product","2":"type-product","3":"status-publish","4":"has-post-thumbnail","6":"product_cat-clothing-sets","7":"product_tag-kid","8":"product_tag-toddler","9":"has-post-title","10":"has-post-date","11":"has-post-category","12":"has-post-tag","13":"has-post-comment","14":"has-post-author","15":"","17":"first","18":"instock","19":"shipping-taxable","20":"product-type-simple"},"yoast_head":"<!-- This site is optimized with the Yoast SEO Premium plugin v24.5 (Yoast SEO v25.6) - https:\/\/yoast.com\/wordpress\/plugins\/seo\/ -->\n<title>Custom Bamboo Viscose Hoodies Clothes Set - petelulu<\/title>\n<meta name=\"description\" content=\"Bamboo Viscose Hoodies Clothes Set. Unique designs, global shipping, and OEM&amp;ODM services. Request a quote for your baby clothing needs!\" \/>\n<meta name=\"robots\" content=\"index, follow, max-snippet:-1, max-image-preview:large, max-video-preview:-1\" \/>\n<link rel=\"canonical\" href=\"https:\/\/petelulu.com\/es_mx\/product\/bamboo-viscose-hoodies-clothes-set\/\" \/>\n<meta property=\"og:locale\" content=\"es_MX\" \/>\n<meta property=\"og:type\" content=\"article\" \/>\n<meta property=\"og:title\" content=\"Custom Bamboo Viscose Hoodies Clothes Set\" \/>\n<meta property=\"og:description\" content=\"Bamboo Viscose Hoodies Clothes Set. Unique designs, global shipping, and OEM&amp;ODM services. Request a quote for your baby clothing needs!\" \/>\n<meta property=\"og:url\" content=\"https:\/\/petelulu.com\/es_mx\/product\/bamboo-viscose-hoodies-clothes-set\/\" \/>\n<meta property=\"og:site_name\" content=\"petelulu\" \/>\n<meta property=\"article:modified_time\" content=\"2025-08-13T03:15:37+00:00\" \/>\n<meta name=\"twitter:card\" content=\"summary_large_image\" \/>\n<meta name=\"twitter:label1\" content=\"Tiempo de lectura\" \/>\n\t<meta name=\"twitter:data1\" content=\"1 minuto\" \/>\n<script type=\"application\/ld+json\" class=\"yoast-schema-graph\">{\"@context\":\"https:\/\/schema.org\",\"@graph\":[{\"@type\":\"WebPage\",\"@id\":\"https:\/\/petelulu.com\/product\/bamboo-viscose-hoodies-clothes-set\/\",\"url\":\"https:\/\/petelulu.com\/product\/bamboo-viscose-hoodies-clothes-set\/\",\"name\":\"Custom Bamboo Viscose Hoodies Clothes Set - petelulu\",\"isPartOf\":{\"@id\":\"https:\/\/petelulu.com\/#website\"},\"primaryImageOfPage\":{\"@id\":\"https:\/\/petelulu.com\/product\/bamboo-viscose-hoodies-clothes-set\/#primaryimage\"},\"image\":{\"@id\":\"https:\/\/petelulu.com\/product\/bamboo-viscose-hoodies-clothes-set\/#primaryimage\"},\"thumbnailUrl\":\"https:\/\/petelulu.com\/wp-content\/uploads\/2025\/02\/H5afc4ecf12c24838b2fa62571aeffbfbR.jpg_720x720q50.avif\",\"datePublished\":\"2025-02-28T09:20:07+00:00\",\"dateModified\":\"2025-08-13T03:15:37+00:00\",\"description\":\"Bamboo Viscose Hoodies Clothes Set. Unique designs, global shipping, and OEM&ODM services. Request a quote for your baby clothing needs!\",\"breadcrumb\":{\"@id\":\"https:\/\/petelulu.com\/product\/bamboo-viscose-hoodies-clothes-set\/#breadcrumb\"},\"inLanguage\":\"es\",\"potentialAction\":[{\"@type\":\"ReadAction\",\"target\":[\"https:\/\/petelulu.com\/product\/bamboo-viscose-hoodies-clothes-set\/\"]}]},{\"@type\":\"ImageObject\",\"inLanguage\":\"es\",\"@id\":\"https:\/\/petelulu.com\/product\/bamboo-viscose-hoodies-clothes-set\/#primaryimage\",\"url\":\"https:\/\/petelulu.com\/wp-content\/uploads\/2025\/02\/H5afc4ecf12c24838b2fa62571aeffbfbR.jpg_720x720q50.avif\",\"contentUrl\":\"https:\/\/petelulu.com\/wp-content\/uploads\/2025\/02\/H5afc4ecf12c24838b2fa62571aeffbfbR.jpg_720x720q50.avif\",\"width\":720,\"height\":720},{\"@type\":\"BreadcrumbList\",\"@id\":\"https:\/\/petelulu.com\/product\/bamboo-viscose-hoodies-clothes-set\/#breadcrumb\",\"itemListElement\":[{\"@type\":\"ListItem\",\"position\":1,\"name\":\"\u9996\u9875\",\"item\":\"https:\/\/petelulu.com\/\"},{\"@type\":\"ListItem\",\"position\":2,\"name\":\"PRODUCT GALLERY\",\"item\":\"https:\/\/petelulu.com\/product-gallery\/\"},{\"@type\":\"ListItem\",\"position\":3,\"name\":\"Custom Bamboo Viscose Hoodies Clothes Set\"}]},{\"@type\":\"WebSite\",\"@id\":\"https:\/\/petelulu.com\/#website\",\"url\":\"https:\/\/petelulu.com\/\",\"name\":\"PETElulu\",\"description\":\"\",\"potentialAction\":[{\"@type\":\"SearchAction\",\"target\":{\"@type\":\"EntryPoint\",\"urlTemplate\":\"https:\/\/petelulu.com\/?s={search_term_string}\"},\"query-input\":{\"@type\":\"PropertyValueSpecification\",\"valueRequired\":true,\"valueName\":\"search_term_string\"}}],\"inLanguage\":\"es\"}]}<\/script>\n<!-- \/ Yoast SEO Premium plugin. -->","yoast_head_json":{"title":"Custom Bamboo Viscose Hoodies Clothes Set - petelulu","description":"Bamboo Viscose Hoodies Clothes Set. Unique designs, global shipping, and OEM&ODM services. Request a quote for your baby clothing needs!","robots":{"index":"index","follow":"follow","max-snippet":"max-snippet:-1","max-image-preview":"max-image-preview:large","max-video-preview":"max-video-preview:-1"},"canonical":"https:\/\/petelulu.com\/es_mx\/product\/bamboo-viscose-hoodies-clothes-set\/","og_locale":"es_MX","og_type":"article","og_title":"Custom Bamboo Viscose Hoodies Clothes Set","og_description":"Bamboo Viscose Hoodies Clothes Set. Unique designs, global shipping, and OEM&ODM services. Request a quote for your baby clothing needs!","og_url":"https:\/\/petelulu.com\/es_mx\/product\/bamboo-viscose-hoodies-clothes-set\/","og_site_name":"petelulu","article_modified_time":"2025-08-13T03:15:37+00:00","twitter_card":"summary_large_image","twitter_misc":{"Tiempo de lectura":"1 minuto"},"schema":{"@context":"https:\/\/schema.org","@graph":[{"@type":"WebPage","@id":"https:\/\/petelulu.com\/product\/bamboo-viscose-hoodies-clothes-set\/","url":"https:\/\/petelulu.com\/product\/bamboo-viscose-hoodies-clothes-set\/","name":"Custom Bamboo Viscose Hoodies Clothes Set - petelulu","isPartOf":{"@id":"https:\/\/petelulu.com\/#website"},"primaryImageOfPage":{"@id":"https:\/\/petelulu.com\/product\/bamboo-viscose-hoodies-clothes-set\/#primaryimage"},"image":{"@id":"https:\/\/petelulu.com\/product\/bamboo-viscose-hoodies-clothes-set\/#primaryimage"},"thumbnailUrl":"https:\/\/petelulu.com\/wp-content\/uploads\/2025\/02\/H5afc4ecf12c24838b2fa62571aeffbfbR.jpg_720x720q50.avif","datePublished":"2025-02-28T09:20:07+00:00","dateModified":"2025-08-13T03:15:37+00:00","description":"Bamboo Viscose Hoodies Clothes Set. Unique designs, global shipping, and OEM&ODM services. Request a quote for your baby clothing needs!","breadcrumb":{"@id":"https:\/\/petelulu.com\/product\/bamboo-viscose-hoodies-clothes-set\/#breadcrumb"},"inLanguage":"es","potentialAction":[{"@type":"ReadAction","target":["https:\/\/petelulu.com\/product\/bamboo-viscose-hoodies-clothes-set\/"]}]},{"@type":"ImageObject","inLanguage":"es","@id":"https:\/\/petelulu.com\/product\/bamboo-viscose-hoodies-clothes-set\/#primaryimage","url":"https:\/\/petelulu.com\/wp-content\/uploads\/2025\/02\/H5afc4ecf12c24838b2fa62571aeffbfbR.jpg_720x720q50.avif","contentUrl":"https:\/\/petelulu.com\/wp-content\/uploads\/2025\/02\/H5afc4ecf12c24838b2fa62571aeffbfbR.jpg_720x720q50.avif","width":720,"height":720},{"@type":"BreadcrumbList","@id":"https:\/\/petelulu.com\/product\/bamboo-viscose-hoodies-clothes-set\/#breadcrumb","itemListElement":[{"@type":"ListItem","position":1,"name":"\u9996\u9875","item":"https:\/\/petelulu.com\/"},{"@type":"ListItem","position":2,"name":"PRODUCT GALLERY","item":"https:\/\/petelulu.com\/product-gallery\/"},{"@type":"ListItem","position":3,"name":"Custom Bamboo Viscose Hoodies Clothes Set"}]},{"@type":"WebSite","@id":"https:\/\/petelulu.com\/#website","url":"https:\/\/petelulu.com\/","name":"PETElulu","description":"","potentialAction":[{"@type":"SearchAction","target":{"@type":"EntryPoint","urlTemplate":"https:\/\/petelulu.com\/?s={search_term_string}"},"query-input":{"@type":"PropertyValueSpecification","valueRequired":true,"valueName":"search_term_string"}}],"inLanguage":"es"}]}},"builder_content":"","_links":{"self":[{"href":"https:\/\/petelulu.com\/es_mx\/wp-json\/wp\/v2\/product\/738","targetHints":{"allow":["GET"]}}],"collection":[{"href":"https:\/\/petelulu.com\/es_mx\/wp-json\/wp\/v2\/product"}],"about":[{"href":"https:\/\/petelulu.com\/es_mx\/wp-json\/wp\/v2\/types\/product"}],"wp:featuredmedia":[{"embeddable":true,"href":"https:\/\/petelulu.com\/es_mx\/wp-json\/wp\/v2\/media\/744"}],"wp:attachment":[{"href":"https:\/\/petelulu.com\/es_mx\/wp-json\/wp\/v2\/media?parent=738"}],"wp:term":[{"taxonomy":"product_brand","embeddable":true,"href":"https:\/\/petelulu.com\/es_mx\/wp-json\/wp\/v2\/product_brand?post=738"},{"taxonomy":"product_cat","embeddable":true,"href":"https:\/\/petelulu.com\/es_mx\/wp-json\/wp\/v2\/product_cat?post=738"},{"taxonomy":"product_tag","embeddable":true,"href":"https:\/\/petelulu.com\/es_mx\/wp-json\/wp\/v2\/product_tag?post=738"}],"curies":[{"name":"wp","href":"https:\/\/api.w.org\/{rel}","templated":true}]}}