{"id":4537,"date":"2025-07-31T23:29:38","date_gmt":"2025-08-01T03:29:38","guid":{"rendered":"https:\/\/petelulu.com\/product\/short-sleeve-boys-clothing-sets-copy\/"},"modified":"2026-03-05T12:39:55","modified_gmt":"2026-03-05T04:39:55","slug":"conjunto-personalizado-de-algodon-de-manga-corta","status":"publish","type":"product","link":"https:\/\/petelulu.com\/es_mx\/product\/conjunto-personalizado-de-algodon-de-manga-corta\/","title":{"rendered":"Un conjunto de ropa de algod\u00f3n de manga corta personalizado"},"content":{"rendered":"<div id=\"sellingpoint\" class=\"header\">\n<h2>Acerca de este producto<\/h2>\n<\/div>\n<ul class=\"\">\n<li>Materiales de alta calidad: Este conjunto de ropa de beb\u00e9 de primera calidad est\u00e1 fabricado con algod\u00f3n 100%, lo que garantiza un tejido suave, transpirable y respetuoso con el medio ambiente que es delicado con la piel de tu hijo. El uso de algod\u00f3n 100% tambi\u00e9n facilita su cuidado y mantenimiento.<\/li>\n<li>Dise\u00f1o c\u00f3modo: El dise\u00f1o de manga corta proporciona un ajuste c\u00f3modo para su hijo, ideal para el clima c\u00e1lido. Las caracter\u00edsticas antiencogimiento, antiarrugas y de secado r\u00e1pido garantizan que el conjunto de ropa se mantenga en perfecto estado incluso despu\u00e9s de varios lavados.<\/li>\n<li>Opciones de personalizaci\u00f3n: Ofrecemos servicios de personalizaci\u00f3n, lo que le permite personalizar el conjunto de ropa con el logotipo o los colores que desee. Esto lo convierte en una opci\u00f3n excelente para empresas que desean crear art\u00edculos de marca o particulares que buscan un regalo \u00fanico.<\/li>\n<li>Multifuncional: Este conjunto de 2 piezas incluye una camiseta y un pantal\u00f3n corto, proporcionando un atuendo completo para su hijo. El tipo de cierre es de puntada abierta, lo que garantiza un ajuste seguro y c\u00f3modo.<\/li>\n<li data-spm-anchor-id=\"a2700.details.0.i80.2cd556eaYUtQCx\">C\u00f3modo proceso de pedido: Ofrecemos un r\u00e1pido plazo de pedido de muestras de 7 d\u00edas, lo que le permite recibir su producto personalizado en el momento oportuno. Adem\u00e1s, aceptamos pedidos OEM y ODM, atendiendo a sus necesidades empresariales espec\u00edficas.<\/li>\n<\/ul>","protected":false},"excerpt":{"rendered":"<p>Precio unitario: US $6.90-9.50\/ Pieza<br \/>\nCantidad m\u00ednima de pedido: 300 Piezas\/ Tama\u00f1o<br \/>\nMaterial: Spandex \/ Algod\u00f3n org\u00e1nico<br \/>\nAge: 0-3M\/3-6M\/6-9M\/9-12M\/12-18M\/18-24M\/2T-3T-4T<br \/>\nMateriales aplicables: Bamb\u00fa\/algod\u00f3n org\u00e1nico\/algod\u00f3n puro\/franc\u00e9s\/muselina de bamb\u00fa<br \/>\nSupply Ability: 100,000 Piece\/Pieces per Month<br \/>\nPuerto: Guangzhou, China<br \/>\nCondiciones de pago: T\/T<br \/>\nMuestra\uff1aAceptar muestra personalizada<br \/>\nLogotipo: Logotipo personalizado<br \/>\nEntrega: 25-35 d\u00edas laborables<br \/>\nOEM Y ODM<\/p>\n<p><a href=\"https:\/\/petelulu.com\/es_mx\/#category\">Ver m\u00e1s<\/a><\/p>\n<div class=\"wpforms-container wpforms-container-full wpforms-render-modern\" id=\"wpforms-2878\"><form id=\"wpforms-form-2878\" class=\"wpforms-validate wpforms-form wpforms-ajax-form\" data-formid=\"2878\" method=\"post\" enctype=\"multipart\/form-data\" action=\"\/es_mx\/wp-json\/wp\/v2\/product\/4537\" data-token=\"e1a57099e00604c239ff9b2b39f1b9e0\" data-token-time=\"1776208618\" data-trp-original-action=\"\/es_mx\/wp-json\/wp\/v2\/product\/4537\"><noscript class=\"wpforms-error-noscript\">Por favor, active JavaScript en su navegador para completar este formulario.<\/noscript><div class=\"wpforms-hidden\" id=\"wpforms-error-noscript\">Por favor, active JavaScript en su navegador para completar este formulario.<\/div><div class=\"wpforms-field-container\"><div id=\"wpforms-2878-field_2-container\" class=\"wpforms-field wpforms-field-name\" data-field-id=\"2\"><label class=\"wpforms-field-label\" for=\"wpforms-2878-field_2\">Nombre <span class=\"wpforms-required-label\" aria-hidden=\"true\">*<\/span><\/label><input type=\"text\" id=\"wpforms-2878-field_2\" class=\"wpforms-field-medium wpforms-field-required\" name=\"wpforms[fields][2]\" aria-errormessage=\"wpforms-2878-field_2-error\" required><\/div><div id=\"wpforms-2878-field_5-container\" class=\"wpforms-field wpforms-field-email\" data-field-id=\"5\"><label class=\"wpforms-field-label\" for=\"wpforms-2878-field_5\">Correo electr\u00f3nico <span class=\"wpforms-required-label\" aria-hidden=\"true\">*<\/span><\/label><input type=\"email\" id=\"wpforms-2878-field_5\" class=\"wpforms-field-medium wpforms-field-required\" name=\"wpforms[fields][5]\" spellcheck=\"false\" aria-errormessage=\"wpforms-2878-field_5-error\" required><\/div><div id=\"wpforms-2878-field_3-container\" class=\"wpforms-field wpforms-field-textarea\" data-field-id=\"3\"><label class=\"wpforms-field-label\" for=\"wpforms-2878-field_3\">Solicitar <span class=\"wpforms-required-label\" aria-hidden=\"true\">*<\/span><\/label><textarea id=\"wpforms-2878-field_3\" class=\"wpforms-field-medium wpforms-field-required\" name=\"wpforms[fields][3]\" aria-errormessage=\"wpforms-2878-field_3-error\" aria-describedby=\"wpforms-2878-field_3-description\" required><\/textarea><div id=\"wpforms-2878-field_3-description\" class=\"wpforms-field-description\">Ind\u00edquenos sus requisitos y su n\u00famero de WhatsApp, y nuestro representante de ventas se pondr\u00e1 en contacto con usted.<\/div><\/div><\/div><!-- .wpforms-field-container --><div class=\"wpforms-submit-container\" ><input type=\"hidden\" name=\"wpforms[id]\" value=\"2878\"><input type=\"hidden\" name=\"page_title\" value=\"\"><input type=\"hidden\" name=\"page_url\" value=\"https:\/\/petelulu.com\/es_mx\/wp-json\/wp\/v2\/product\/4537\"><input type=\"hidden\" name=\"url_referer\" value=\"\"><button type=\"submit\" name=\"wpforms[submit]\" id=\"wpforms-submit-2878\" class=\"wpforms-submit\" data-alt-text=\"Sending...\" data-submit-text=\"Submit\" aria-live=\"assertive\" value=\"wpforms-submit\">Enviar<\/button><img loading=\"lazy\" decoding=\"async\" src=\"https:\/\/petelulu.com\/wp-content\/plugins\/wpforms-lite\/assets\/images\/submit-spin.svg\" class=\"wpforms-submit-spinner\" style=\"display: none;\" width=\"26\" height=\"26\" alt=\"Cargando\"><\/div><input type=\"hidden\" name=\"trp-form-language\" value=\"es_mx\"\/><\/form><\/div>  <!-- .wpforms-container -->","protected":false},"featured_media":5101,"template":"","meta":[],"product_brand":[],"product_cat":[46],"product_tag":[82,81],"class_list":{"0":"post-4537","1":"product","2":"type-product","3":"status-publish","4":"has-post-thumbnail","6":"product_cat-clothing-sets","7":"product_tag-kid","8":"product_tag-toddler","9":"has-post-title","10":"has-post-date","11":"has-post-category","12":"has-post-tag","13":"has-post-comment","14":"has-post-author","15":"","17":"first","18":"instock","19":"shipping-taxable","20":"product-type-simple"},"yoast_head":"<!-- This site is optimized with the Yoast SEO Premium plugin v24.5 (Yoast SEO v25.6) - https:\/\/yoast.com\/wordpress\/plugins\/seo\/ -->\n<title>A Custom Short Sleeve Cotton Clothing Set - petelulu<\/title>\n<meta name=\"description\" content=\"B2B Baby Clothing | Short Sleeve Boys Clothing Sets. Competitive Pricing, Quick Ship. Global Delivery for Retailers\/Wholesale.\" \/>\n<meta name=\"robots\" content=\"index, follow, max-snippet:-1, max-image-preview:large, max-video-preview:-1\" \/>\n<link rel=\"canonical\" href=\"https:\/\/petelulu.com\/es_mx\/product\/conjunto-personalizado-de-algodon-de-manga-corta\/\" \/>\n<meta property=\"og:locale\" content=\"es_MX\" \/>\n<meta property=\"og:type\" content=\"article\" \/>\n<meta property=\"og:title\" content=\"A Custom Short Sleeve Cotton Clothing Set\" \/>\n<meta property=\"og:description\" content=\"B2B Baby Clothing | Short Sleeve Boys Clothing Sets. Competitive Pricing, Quick Ship. Global Delivery for Retailers\/Wholesale.\" \/>\n<meta property=\"og:url\" content=\"https:\/\/petelulu.com\/es_mx\/product\/conjunto-personalizado-de-algodon-de-manga-corta\/\" \/>\n<meta property=\"og:site_name\" content=\"petelulu\" \/>\n<meta property=\"article:modified_time\" content=\"2026-03-05T04:39:55+00:00\" \/>\n<meta name=\"twitter:card\" content=\"summary_large_image\" \/>\n<meta name=\"twitter:label1\" content=\"Tiempo de lectura\" \/>\n\t<meta name=\"twitter:data1\" content=\"2 minutos\" \/>\n<script type=\"application\/ld+json\" class=\"yoast-schema-graph\">{\"@context\":\"https:\/\/schema.org\",\"@graph\":[{\"@type\":\"WebPage\",\"@id\":\"https:\/\/petelulu.com\/product\/custom-short-sleeve-cotton-clothing-set\/\",\"url\":\"https:\/\/petelulu.com\/product\/custom-short-sleeve-cotton-clothing-set\/\",\"name\":\"A Custom Short Sleeve Cotton Clothing Set - petelulu\",\"isPartOf\":{\"@id\":\"https:\/\/petelulu.com\/#website\"},\"primaryImageOfPage\":{\"@id\":\"https:\/\/petelulu.com\/product\/custom-short-sleeve-cotton-clothing-set\/#primaryimage\"},\"image\":{\"@id\":\"https:\/\/petelulu.com\/product\/custom-short-sleeve-cotton-clothing-set\/#primaryimage\"},\"thumbnailUrl\":\"https:\/\/petelulu.com\/wp-content\/uploads\/2025\/06\/H5ae62cbab657496bb0c431da306adab3E.jpg_720x720q50.avif\",\"datePublished\":\"2025-08-01T03:29:38+00:00\",\"dateModified\":\"2026-03-05T04:39:55+00:00\",\"description\":\"B2B Baby Clothing | Short Sleeve Boys Clothing Sets. Competitive Pricing, Quick Ship. Global Delivery for Retailers\/Wholesale.\",\"breadcrumb\":{\"@id\":\"https:\/\/petelulu.com\/product\/custom-short-sleeve-cotton-clothing-set\/#breadcrumb\"},\"inLanguage\":\"es\",\"potentialAction\":[{\"@type\":\"ReadAction\",\"target\":[\"https:\/\/petelulu.com\/product\/custom-short-sleeve-cotton-clothing-set\/\"]}]},{\"@type\":\"ImageObject\",\"inLanguage\":\"es\",\"@id\":\"https:\/\/petelulu.com\/product\/custom-short-sleeve-cotton-clothing-set\/#primaryimage\",\"url\":\"https:\/\/petelulu.com\/wp-content\/uploads\/2025\/06\/H5ae62cbab657496bb0c431da306adab3E.jpg_720x720q50.avif\",\"contentUrl\":\"https:\/\/petelulu.com\/wp-content\/uploads\/2025\/06\/H5ae62cbab657496bb0c431da306adab3E.jpg_720x720q50.avif\",\"width\":720,\"height\":720,\"caption\":\"Custom Short Sleeve Cotton Clothing Set\"},{\"@type\":\"BreadcrumbList\",\"@id\":\"https:\/\/petelulu.com\/product\/custom-short-sleeve-cotton-clothing-set\/#breadcrumb\",\"itemListElement\":[{\"@type\":\"ListItem\",\"position\":1,\"name\":\"\u9996\u9875\",\"item\":\"https:\/\/petelulu.com\/\"},{\"@type\":\"ListItem\",\"position\":2,\"name\":\"PRODUCT GALLERY\",\"item\":\"https:\/\/petelulu.com\/product-gallery\/\"},{\"@type\":\"ListItem\",\"position\":3,\"name\":\"A Custom Short Sleeve Cotton Clothing Set\"}]},{\"@type\":\"WebSite\",\"@id\":\"https:\/\/petelulu.com\/#website\",\"url\":\"https:\/\/petelulu.com\/\",\"name\":\"PETElulu\",\"description\":\"\",\"potentialAction\":[{\"@type\":\"SearchAction\",\"target\":{\"@type\":\"EntryPoint\",\"urlTemplate\":\"https:\/\/petelulu.com\/?s={search_term_string}\"},\"query-input\":{\"@type\":\"PropertyValueSpecification\",\"valueRequired\":true,\"valueName\":\"search_term_string\"}}],\"inLanguage\":\"es\"}]}<\/script>\n<!-- \/ Yoast SEO Premium plugin. -->","yoast_head_json":{"title":"Un conjunto de ropa de algod\u00f3n de manga corta personalizado - petelulu","description":"B2B Ropa de Bebe | Conjuntos de Ropa de Manga Corta para Ni\u00f1os. Precios competitivos, env\u00edo r\u00e1pido. Entrega Global para Minoristas\/Mayoristas.","robots":{"index":"index","follow":"follow","max-snippet":"max-snippet:-1","max-image-preview":"max-image-preview:large","max-video-preview":"max-video-preview:-1"},"canonical":"https:\/\/petelulu.com\/es_mx\/product\/conjunto-personalizado-de-algodon-de-manga-corta\/","og_locale":"es_MX","og_type":"article","og_title":"A Custom Short Sleeve Cotton Clothing Set","og_description":"B2B Baby Clothing | Short Sleeve Boys Clothing Sets. Competitive Pricing, Quick Ship. Global Delivery for Retailers\/Wholesale.","og_url":"https:\/\/petelulu.com\/es_mx\/product\/conjunto-personalizado-de-algodon-de-manga-corta\/","og_site_name":"petelulu","article_modified_time":"2026-03-05T04:39:55+00:00","twitter_card":"summary_large_image","twitter_misc":{"Tiempo de lectura":"2 minutos"},"schema":{"@context":"https:\/\/schema.org","@graph":[{"@type":"WebPage","@id":"https:\/\/petelulu.com\/product\/custom-short-sleeve-cotton-clothing-set\/","url":"https:\/\/petelulu.com\/product\/custom-short-sleeve-cotton-clothing-set\/","name":"Un conjunto de ropa de algod\u00f3n de manga corta personalizado - petelulu","isPartOf":{"@id":"https:\/\/petelulu.com\/#website"},"primaryImageOfPage":{"@id":"https:\/\/petelulu.com\/product\/custom-short-sleeve-cotton-clothing-set\/#primaryimage"},"image":{"@id":"https:\/\/petelulu.com\/product\/custom-short-sleeve-cotton-clothing-set\/#primaryimage"},"thumbnailUrl":"https:\/\/petelulu.com\/wp-content\/uploads\/2025\/06\/H5ae62cbab657496bb0c431da306adab3E.jpg_720x720q50.avif","datePublished":"2025-08-01T03:29:38+00:00","dateModified":"2026-03-05T04:39:55+00:00","description":"B2B Ropa de Bebe | Conjuntos de Ropa de Manga Corta para Ni\u00f1os. Precios competitivos, env\u00edo r\u00e1pido. Entrega Global para Minoristas\/Mayoristas.","breadcrumb":{"@id":"https:\/\/petelulu.com\/product\/custom-short-sleeve-cotton-clothing-set\/#breadcrumb"},"inLanguage":"es","potentialAction":[{"@type":"ReadAction","target":["https:\/\/petelulu.com\/product\/custom-short-sleeve-cotton-clothing-set\/"]}]},{"@type":"ImageObject","inLanguage":"es","@id":"https:\/\/petelulu.com\/product\/custom-short-sleeve-cotton-clothing-set\/#primaryimage","url":"https:\/\/petelulu.com\/wp-content\/uploads\/2025\/06\/H5ae62cbab657496bb0c431da306adab3E.jpg_720x720q50.avif","contentUrl":"https:\/\/petelulu.com\/wp-content\/uploads\/2025\/06\/H5ae62cbab657496bb0c431da306adab3E.jpg_720x720q50.avif","width":720,"height":720,"caption":"Custom Short Sleeve Cotton Clothing Set"},{"@type":"BreadcrumbList","@id":"https:\/\/petelulu.com\/product\/custom-short-sleeve-cotton-clothing-set\/#breadcrumb","itemListElement":[{"@type":"ListItem","position":1,"name":"\u9996\u9875","item":"https:\/\/petelulu.com\/"},{"@type":"ListItem","position":2,"name":"PRODUCT GALLERY","item":"https:\/\/petelulu.com\/product-gallery\/"},{"@type":"ListItem","position":3,"name":"A Custom Short Sleeve Cotton Clothing Set"}]},{"@type":"WebSite","@id":"https:\/\/petelulu.com\/#website","url":"https:\/\/petelulu.com\/","name":"PETElulu","description":"","potentialAction":[{"@type":"SearchAction","target":{"@type":"EntryPoint","urlTemplate":"https:\/\/petelulu.com\/?s={search_term_string}"},"query-input":{"@type":"PropertyValueSpecification","valueRequired":true,"valueName":"search_term_string"}}],"inLanguage":"es"}]}},"builder_content":"","_links":{"self":[{"href":"https:\/\/petelulu.com\/es_mx\/wp-json\/wp\/v2\/product\/4537","targetHints":{"allow":["GET"]}}],"collection":[{"href":"https:\/\/petelulu.com\/es_mx\/wp-json\/wp\/v2\/product"}],"about":[{"href":"https:\/\/petelulu.com\/es_mx\/wp-json\/wp\/v2\/types\/product"}],"wp:featuredmedia":[{"embeddable":true,"href":"https:\/\/petelulu.com\/es_mx\/wp-json\/wp\/v2\/media\/5101"}],"wp:attachment":[{"href":"https:\/\/petelulu.com\/es_mx\/wp-json\/wp\/v2\/media?parent=4537"}],"wp:term":[{"taxonomy":"product_brand","embeddable":true,"href":"https:\/\/petelulu.com\/es_mx\/wp-json\/wp\/v2\/product_brand?post=4537"},{"taxonomy":"product_cat","embeddable":true,"href":"https:\/\/petelulu.com\/es_mx\/wp-json\/wp\/v2\/product_cat?post=4537"},{"taxonomy":"product_tag","embeddable":true,"href":"https:\/\/petelulu.com\/es_mx\/wp-json\/wp\/v2\/product_tag?post=4537"}],"curies":[{"name":"wp","href":"https:\/\/api.w.org\/{rel}","templated":true}]}}