{"id":2148,"date":"2025-03-24T07:15:00","date_gmt":"2025-03-24T07:15:00","guid":{"rendered":"https:\/\/petelulu.com\/?post_type=product&#038;p=2148"},"modified":"2025-08-12T23:17:40","modified_gmt":"2025-08-13T03:17:40","slug":"solid-worsted-crew-neck-short-clothes-set","status":"publish","type":"product","link":"https:\/\/petelulu.com\/es_mx\/product\/solid-worsted-crew-neck-short-clothes-set\/","title":{"rendered":"Conjunto de Ropa Corta de Cuello Redondo en Estambre S\u00f3lido Personalizado"},"content":{"rendered":"<ol>\n<li>Dise\u00f1o ecol\u00f3gico y transpirable: Nuestro conjunto de ropa de rizo para beb\u00e9 ni\u00f1o est\u00e1 confeccionado con un c\u00f3modo tejido de bamb\u00fa, que garantiza un uso transpirable y respetuoso con el medio ambiente para tu peque\u00f1o. Esta caracter\u00edstica es ideal para los padres que dan prioridad al cuidado de la piel de sus hijos y al medio ambiente.<\/li>\n<li>Vers\u00e1til y pr\u00e1ctico: Este conjunto de ropa unisex est\u00e1 dise\u00f1ado para las estaciones de primavera y verano, por lo que es perfecto para el uso diario. El conjunto incluye 2 piezas de ropa casual de manga corta, adecuada para beb\u00e9s de 6 meses a 5 a\u00f1os.<\/li>\n<li>Duradero y de secado r\u00e1pido: El conjunto de ropa tiene propiedades antiencogimiento, antiarrugas y antiest\u00e1ticas, lo que garantiza que se mantenga en buen estado incluso despu\u00e9s de varios lavados. Adem\u00e1s, el tejido de secado r\u00e1pido evita que tu hijo se sienta inc\u00f3modo.<\/li>\n<li>Personalizables y duraderos: Ofrecemos servicios OEM y ODM, lo que le permite personalizar el logotipo y el dise\u00f1o seg\u00fan las preferencias de su marca. El tejido de estambre utilizado es resistente y duradero, lo que lo convierte en una inversi\u00f3n rentable para su marca.<\/li>\n<li data-spm-anchor-id=\"a2700.details.0.i80.2b5a4a061dJ5Va\">Producci\u00f3n y entrega r\u00e1pidas: Ofrecemos un plazo de entrega de pedidos de muestras de 7 d\u00edas, lo que garantiza que reciba sus productos personalizados r\u00e1pidamente. Tenga en cuenta que est\u00e1 sujeto a cambios en funci\u00f3n de la complejidad del dise\u00f1o y los requisitos de producci\u00f3n.<\/li>\n<\/ol>","protected":false},"excerpt":{"rendered":"<p>Unit Price: US $5.99-7.58\/ Piece<br \/>\nCantidad m\u00ednima de pedido: 300 Piezas\/ Tama\u00f1o<br \/>\nMaterial: Poli\u00e9ster \/ Algod\u00f3n<br \/>\nAge: 0-3M\/3-6M\/6-9M\/9-12M\/12-18M\/18-24M\/2T-3T-4T<br \/>\nMateriales aplicables: Bamb\u00fa\/algod\u00f3n org\u00e1nico\/algod\u00f3n puro\/franc\u00e9s\/muselina de bamb\u00fa<br \/>\nCapacidad de suministro: 10.000 piezas\/mes<br \/>\nPuerto: Guangzhou, China<br \/>\nCondiciones de pago: T\/T<br \/>\nMuestra\uff1aAceptar muestra personalizada<br \/>\nLogotipo: Logotipo personalizado<br \/>\nEntrega: 25-35 d\u00edas laborables<br \/>\nOEM Y ODM<\/p>\n<p><a href=\"https:\/\/petelulu.com\/es_mx\/#category\">Ver m\u00e1s<\/a><\/p>\n<div class=\"wpforms-container wpforms-container-full wpforms-render-modern\" id=\"wpforms-2878\"><form id=\"wpforms-form-2878\" class=\"wpforms-validate wpforms-form wpforms-ajax-form\" data-formid=\"2878\" method=\"post\" enctype=\"multipart\/form-data\" action=\"\/es_mx\/wp-json\/wp\/v2\/product\/2148\" data-token=\"e1a57099e00604c239ff9b2b39f1b9e0\" data-token-time=\"1776210872\" data-trp-original-action=\"\/es_mx\/wp-json\/wp\/v2\/product\/2148\"><noscript class=\"wpforms-error-noscript\">Por favor, active JavaScript en su navegador para completar este formulario.<\/noscript><div class=\"wpforms-hidden\" id=\"wpforms-error-noscript\">Por favor, active JavaScript en su navegador para completar este formulario.<\/div><div class=\"wpforms-field-container\"><div id=\"wpforms-2878-field_2-container\" class=\"wpforms-field wpforms-field-name\" data-field-id=\"2\"><label class=\"wpforms-field-label\" for=\"wpforms-2878-field_2\">Nombre <span class=\"wpforms-required-label\" aria-hidden=\"true\">*<\/span><\/label><input type=\"text\" id=\"wpforms-2878-field_2\" class=\"wpforms-field-medium wpforms-field-required\" name=\"wpforms[fields][2]\" aria-errormessage=\"wpforms-2878-field_2-error\" required><\/div><div id=\"wpforms-2878-field_5-container\" class=\"wpforms-field wpforms-field-email\" data-field-id=\"5\"><label class=\"wpforms-field-label\" for=\"wpforms-2878-field_5\">Correo electr\u00f3nico <span class=\"wpforms-required-label\" aria-hidden=\"true\">*<\/span><\/label><input type=\"email\" id=\"wpforms-2878-field_5\" class=\"wpforms-field-medium wpforms-field-required\" name=\"wpforms[fields][5]\" spellcheck=\"false\" aria-errormessage=\"wpforms-2878-field_5-error\" required><\/div><div id=\"wpforms-2878-field_3-container\" class=\"wpforms-field wpforms-field-textarea\" data-field-id=\"3\"><label class=\"wpforms-field-label\" for=\"wpforms-2878-field_3\">Solicitar <span class=\"wpforms-required-label\" aria-hidden=\"true\">*<\/span><\/label><textarea id=\"wpforms-2878-field_3\" class=\"wpforms-field-medium wpforms-field-required\" name=\"wpforms[fields][3]\" aria-errormessage=\"wpforms-2878-field_3-error\" aria-describedby=\"wpforms-2878-field_3-description\" required><\/textarea><div id=\"wpforms-2878-field_3-description\" class=\"wpforms-field-description\">Ind\u00edquenos sus requisitos y su n\u00famero de WhatsApp, y nuestro representante de ventas se pondr\u00e1 en contacto con usted.<\/div><\/div><\/div><!-- .wpforms-field-container --><div class=\"wpforms-submit-container\" ><input type=\"hidden\" name=\"wpforms[id]\" value=\"2878\"><input type=\"hidden\" name=\"page_title\" value=\"\"><input type=\"hidden\" name=\"page_url\" value=\"https:\/\/petelulu.com\/es_mx\/wp-json\/wp\/v2\/product\/2148\"><input type=\"hidden\" name=\"url_referer\" value=\"\"><button type=\"submit\" name=\"wpforms[submit]\" id=\"wpforms-submit-2878\" class=\"wpforms-submit\" data-alt-text=\"Sending...\" data-submit-text=\"Submit\" aria-live=\"assertive\" value=\"wpforms-submit\">Enviar<\/button><img loading=\"lazy\" decoding=\"async\" src=\"https:\/\/petelulu.com\/wp-content\/plugins\/wpforms-lite\/assets\/images\/submit-spin.svg\" class=\"wpforms-submit-spinner\" style=\"display: none;\" width=\"26\" height=\"26\" alt=\"Cargando\"><\/div><input type=\"hidden\" name=\"trp-form-language\" value=\"es_mx\"\/><\/form><\/div>  <!-- .wpforms-container -->\n<p>&nbsp;<\/p>","protected":false},"featured_media":2152,"template":"","meta":[],"product_brand":[],"product_cat":[76],"product_tag":[98,102,99,82,97,100,81],"class_list":{"0":"post-2148","1":"product","2":"type-product","3":"status-publish","4":"has-post-thumbnail","6":"product_cat-sweatshirt","7":"product_tag-bamboo-fiber","8":"product_tag-category","9":"product_tag-french-terry","10":"product_tag-kid","11":"product_tag-organic-cotton","12":"product_tag-tencel","13":"product_tag-toddler","14":"has-post-title","15":"has-post-date","16":"has-post-category","17":"has-post-tag","18":"has-post-comment","19":"has-post-author","20":"","22":"first","23":"instock","24":"shipping-taxable","25":"product-type-simple"},"yoast_head":"<!-- This site is optimized with the Yoast SEO Premium plugin v24.5 (Yoast SEO v25.6) - https:\/\/yoast.com\/wordpress\/plugins\/seo\/ -->\n<title>Custom Solid Worsted Crew Neck Short Clothes Set - petelulu<\/title>\n<meta name=\"description\" content=\"B2B Baby Clothing | Solid Worsted Crew Neck Short Clothes Set. Competitive Pricing, Quick Ship. Global Delivery for Retailers\/Wholesale.\" \/>\n<meta name=\"robots\" content=\"index, follow, max-snippet:-1, max-image-preview:large, max-video-preview:-1\" \/>\n<link rel=\"canonical\" href=\"https:\/\/petelulu.com\/es_mx\/product\/solid-worsted-crew-neck-short-clothes-set\/\" \/>\n<meta property=\"og:locale\" content=\"es_MX\" \/>\n<meta property=\"og:type\" content=\"article\" \/>\n<meta property=\"og:title\" content=\"Custom Solid Worsted Crew Neck Short Clothes Set\" \/>\n<meta property=\"og:description\" content=\"B2B Baby Clothing | Solid Worsted Crew Neck Short Clothes Set. Competitive Pricing, Quick Ship. Global Delivery for Retailers\/Wholesale.\" \/>\n<meta property=\"og:url\" content=\"https:\/\/petelulu.com\/es_mx\/product\/solid-worsted-crew-neck-short-clothes-set\/\" \/>\n<meta property=\"og:site_name\" content=\"petelulu\" \/>\n<meta property=\"article:modified_time\" content=\"2025-08-13T03:17:40+00:00\" \/>\n<meta property=\"og:image\" content=\"https:\/\/petelulu.com\/wp-content\/uploads\/2025\/03\/\u4e3b\u56fe_003-35.jpg\" \/>\n\t<meta property=\"og:image:width\" content=\"1800\" \/>\n\t<meta property=\"og:image:height\" content=\"1800\" \/>\n\t<meta property=\"og:image:type\" content=\"image\/jpeg\" \/>\n<meta name=\"twitter:card\" content=\"summary_large_image\" \/>\n<meta name=\"twitter:label1\" content=\"Tiempo de lectura\" \/>\n\t<meta name=\"twitter:data1\" content=\"2 minutos\" \/>\n<script type=\"application\/ld+json\" class=\"yoast-schema-graph\">{\"@context\":\"https:\/\/schema.org\",\"@graph\":[{\"@type\":\"WebPage\",\"@id\":\"https:\/\/petelulu.com\/product\/solid-worsted-crew-neck-short-clothes-set\/\",\"url\":\"https:\/\/petelulu.com\/product\/solid-worsted-crew-neck-short-clothes-set\/\",\"name\":\"Custom Solid Worsted Crew Neck Short Clothes Set - petelulu\",\"isPartOf\":{\"@id\":\"https:\/\/petelulu.com\/#website\"},\"primaryImageOfPage\":{\"@id\":\"https:\/\/petelulu.com\/product\/solid-worsted-crew-neck-short-clothes-set\/#primaryimage\"},\"image\":{\"@id\":\"https:\/\/petelulu.com\/product\/solid-worsted-crew-neck-short-clothes-set\/#primaryimage\"},\"thumbnailUrl\":\"https:\/\/petelulu.com\/wp-content\/uploads\/2025\/03\/\u4e3b\u56fe_003-35.jpg\",\"datePublished\":\"2025-03-24T07:15:00+00:00\",\"dateModified\":\"2025-08-13T03:17:40+00:00\",\"description\":\"B2B Baby Clothing | Solid Worsted Crew Neck Short Clothes Set. Competitive Pricing, Quick Ship. Global Delivery for Retailers\/Wholesale.\",\"breadcrumb\":{\"@id\":\"https:\/\/petelulu.com\/product\/solid-worsted-crew-neck-short-clothes-set\/#breadcrumb\"},\"inLanguage\":\"es\",\"potentialAction\":[{\"@type\":\"ReadAction\",\"target\":[\"https:\/\/petelulu.com\/product\/solid-worsted-crew-neck-short-clothes-set\/\"]}]},{\"@type\":\"ImageObject\",\"inLanguage\":\"es\",\"@id\":\"https:\/\/petelulu.com\/product\/solid-worsted-crew-neck-short-clothes-set\/#primaryimage\",\"url\":\"https:\/\/petelulu.com\/wp-content\/uploads\/2025\/03\/\u4e3b\u56fe_003-35.jpg\",\"contentUrl\":\"https:\/\/petelulu.com\/wp-content\/uploads\/2025\/03\/\u4e3b\u56fe_003-35.jpg\",\"width\":1800,\"height\":1800,\"caption\":\"Solid Worsted Crew Neck Short Clothes Set\"},{\"@type\":\"BreadcrumbList\",\"@id\":\"https:\/\/petelulu.com\/product\/solid-worsted-crew-neck-short-clothes-set\/#breadcrumb\",\"itemListElement\":[{\"@type\":\"ListItem\",\"position\":1,\"name\":\"\u9996\u9875\",\"item\":\"https:\/\/petelulu.com\/\"},{\"@type\":\"ListItem\",\"position\":2,\"name\":\"PRODUCT GALLERY\",\"item\":\"https:\/\/petelulu.com\/product-gallery\/\"},{\"@type\":\"ListItem\",\"position\":3,\"name\":\"Custom Solid Worsted Crew Neck Short Clothes Set\"}]},{\"@type\":\"WebSite\",\"@id\":\"https:\/\/petelulu.com\/#website\",\"url\":\"https:\/\/petelulu.com\/\",\"name\":\"PETElulu\",\"description\":\"\",\"potentialAction\":[{\"@type\":\"SearchAction\",\"target\":{\"@type\":\"EntryPoint\",\"urlTemplate\":\"https:\/\/petelulu.com\/?s={search_term_string}\"},\"query-input\":{\"@type\":\"PropertyValueSpecification\",\"valueRequired\":true,\"valueName\":\"search_term_string\"}}],\"inLanguage\":\"es\"}]}<\/script>\n<!-- \/ Yoast SEO Premium plugin. -->","yoast_head_json":{"title":"Custom Solid Worsted Crew Neck Short Clothes Set - petelulu","description":"B2B Baby Clothing | Solid Worsted Crew Neck Short Clothes Set. Competitive Pricing, Quick Ship. Global Delivery for Retailers\/Wholesale.","robots":{"index":"index","follow":"follow","max-snippet":"max-snippet:-1","max-image-preview":"max-image-preview:large","max-video-preview":"max-video-preview:-1"},"canonical":"https:\/\/petelulu.com\/es_mx\/product\/solid-worsted-crew-neck-short-clothes-set\/","og_locale":"es_MX","og_type":"article","og_title":"Custom Solid Worsted Crew Neck Short Clothes Set","og_description":"B2B Baby Clothing | Solid Worsted Crew Neck Short Clothes Set. Competitive Pricing, Quick Ship. Global Delivery for Retailers\/Wholesale.","og_url":"https:\/\/petelulu.com\/es_mx\/product\/solid-worsted-crew-neck-short-clothes-set\/","og_site_name":"petelulu","article_modified_time":"2025-08-13T03:17:40+00:00","og_image":[{"width":1800,"height":1800,"url":"https:\/\/petelulu.com\/wp-content\/uploads\/2025\/03\/\u4e3b\u56fe_003-35.jpg","type":"image\/jpeg"}],"twitter_card":"summary_large_image","twitter_misc":{"Tiempo de lectura":"2 minutos"},"schema":{"@context":"https:\/\/schema.org","@graph":[{"@type":"WebPage","@id":"https:\/\/petelulu.com\/product\/solid-worsted-crew-neck-short-clothes-set\/","url":"https:\/\/petelulu.com\/product\/solid-worsted-crew-neck-short-clothes-set\/","name":"Custom Solid Worsted Crew Neck Short Clothes Set - petelulu","isPartOf":{"@id":"https:\/\/petelulu.com\/#website"},"primaryImageOfPage":{"@id":"https:\/\/petelulu.com\/product\/solid-worsted-crew-neck-short-clothes-set\/#primaryimage"},"image":{"@id":"https:\/\/petelulu.com\/product\/solid-worsted-crew-neck-short-clothes-set\/#primaryimage"},"thumbnailUrl":"https:\/\/petelulu.com\/wp-content\/uploads\/2025\/03\/\u4e3b\u56fe_003-35.jpg","datePublished":"2025-03-24T07:15:00+00:00","dateModified":"2025-08-13T03:17:40+00:00","description":"B2B Baby Clothing | Solid Worsted Crew Neck Short Clothes Set. Competitive Pricing, Quick Ship. Global Delivery for Retailers\/Wholesale.","breadcrumb":{"@id":"https:\/\/petelulu.com\/product\/solid-worsted-crew-neck-short-clothes-set\/#breadcrumb"},"inLanguage":"es","potentialAction":[{"@type":"ReadAction","target":["https:\/\/petelulu.com\/product\/solid-worsted-crew-neck-short-clothes-set\/"]}]},{"@type":"ImageObject","inLanguage":"es","@id":"https:\/\/petelulu.com\/product\/solid-worsted-crew-neck-short-clothes-set\/#primaryimage","url":"https:\/\/petelulu.com\/wp-content\/uploads\/2025\/03\/\u4e3b\u56fe_003-35.jpg","contentUrl":"https:\/\/petelulu.com\/wp-content\/uploads\/2025\/03\/\u4e3b\u56fe_003-35.jpg","width":1800,"height":1800,"caption":"Solid Worsted Crew Neck Short Clothes Set"},{"@type":"BreadcrumbList","@id":"https:\/\/petelulu.com\/product\/solid-worsted-crew-neck-short-clothes-set\/#breadcrumb","itemListElement":[{"@type":"ListItem","position":1,"name":"\u9996\u9875","item":"https:\/\/petelulu.com\/"},{"@type":"ListItem","position":2,"name":"PRODUCT GALLERY","item":"https:\/\/petelulu.com\/product-gallery\/"},{"@type":"ListItem","position":3,"name":"Custom Solid Worsted Crew Neck Short Clothes Set"}]},{"@type":"WebSite","@id":"https:\/\/petelulu.com\/#website","url":"https:\/\/petelulu.com\/","name":"PETElulu","description":"","potentialAction":[{"@type":"SearchAction","target":{"@type":"EntryPoint","urlTemplate":"https:\/\/petelulu.com\/?s={search_term_string}"},"query-input":{"@type":"PropertyValueSpecification","valueRequired":true,"valueName":"search_term_string"}}],"inLanguage":"es"}]}},"builder_content":"","_links":{"self":[{"href":"https:\/\/petelulu.com\/es_mx\/wp-json\/wp\/v2\/product\/2148","targetHints":{"allow":["GET"]}}],"collection":[{"href":"https:\/\/petelulu.com\/es_mx\/wp-json\/wp\/v2\/product"}],"about":[{"href":"https:\/\/petelulu.com\/es_mx\/wp-json\/wp\/v2\/types\/product"}],"wp:featuredmedia":[{"embeddable":true,"href":"https:\/\/petelulu.com\/es_mx\/wp-json\/wp\/v2\/media\/2152"}],"wp:attachment":[{"href":"https:\/\/petelulu.com\/es_mx\/wp-json\/wp\/v2\/media?parent=2148"}],"wp:term":[{"taxonomy":"product_brand","embeddable":true,"href":"https:\/\/petelulu.com\/es_mx\/wp-json\/wp\/v2\/product_brand?post=2148"},{"taxonomy":"product_cat","embeddable":true,"href":"https:\/\/petelulu.com\/es_mx\/wp-json\/wp\/v2\/product_cat?post=2148"},{"taxonomy":"product_tag","embeddable":true,"href":"https:\/\/petelulu.com\/es_mx\/wp-json\/wp\/v2\/product_tag?post=2148"}],"curies":[{"name":"wp","href":"https:\/\/api.w.org\/{rel}","templated":true}]}}