{"id":1817,"date":"2025-06-16T01:50:15","date_gmt":"2025-06-16T05:50:15","guid":{"rendered":"https:\/\/petelulu.com\/?post_type=product&#038;p=1817"},"modified":"2025-08-12T23:05:03","modified_gmt":"2025-08-13T03:05:03","slug":"conjunto-sudadera-bebe","status":"publish","type":"product","link":"https:\/\/petelulu.com\/es_mx\/product\/conjunto-sudadera-bebe\/","title":{"rendered":"Conjunto de jersey de beb\u00e9 personalizado"},"content":{"rendered":"<div id=\"sellingpoint\" class=\"header\">\n<h2>Acerca de este producto<\/h2>\n<\/div>\n<ul class=\"\">\n<li>Dise\u00f1o personalizable: Este conjunto de sudaderas y sudaderas con capucha para beb\u00e9 permite un dise\u00f1o totalmente personalizado, lo que te permite personalizar el producto con el logotipo, el color y la talla que elijas para satisfacer tus requisitos espec\u00edficos.<\/li>\n<li>Material de alta calidad: Hecho de algod\u00f3n 100%, estos conjuntos neutros lisos de algod\u00f3n de rizo de cuello redondo son duraderos y c\u00f3modos para su hijo, lo que garantiza un uso duradero.<\/li>\n<li>Dise\u00f1o unisex: Adecuado tanto para ni\u00f1os como para ni\u00f1as, este conjunto de ropa unisex es perfecto para los padres que quieren vestir a sus hijos con un estilo que trasciende las normas tradicionales de g\u00e9nero.<\/li>\n<li>Opciones de producci\u00f3n flexibles: Con una cantidad m\u00ednima de pedido de 100 juegos, puede realizar pedidos al por mayor para satisfacer las necesidades de su empresa, y nuestro plazo de entrega de pedidos de muestras de 7 d\u00edas garantiza una entrega puntual.<\/li>\n<li data-spm-anchor-id=\"a2700.details.0.i85.7a72b7f6AHojlV\">Tama\u00f1o y color personalizados: Nos adaptamos a sus necesidades espec\u00edficas ofreci\u00e9ndole opciones de tama\u00f1o y color personalizados, lo que le permite crear un producto \u00fanico que se adapte a la identidad de su marca.<\/li>\n<\/ul>","protected":false},"excerpt":{"rendered":"<p>Precio unitario: US $12.7-13.4\/ Pieza<br \/>\nCantidad m\u00ednima de pedido: 300 Piezas\/ Tama\u00f1o<br \/>\nMaterial: Algod\u00f3n 100%<br \/>\nAge: 0-3M\/3-6M\/6-9M\/9-12M\/12-18M\/18-24M\/2T-3T-4T<br \/>\nMateriales aplicables: Bamb\u00fa\/algod\u00f3n org\u00e1nico\/algod\u00f3n puro\/franc\u00e9s\/muselina de bamb\u00fa<br \/>\nCapacidad de suministro: 10.000 piezas\/mes<br \/>\nPuerto: Guangzhou, China<br \/>\nCondiciones de pago: T\/T<br \/>\nMuestra\uff1aAceptar muestra personalizada<br \/>\nLogotipo: Logotipo personalizado<br \/>\nEntrega: 25-35 d\u00edas laborables<br \/>\nOEM Y ODM<\/p>\n<p><a href=\"https:\/\/petelulu.com\/es_mx\/#category\">Ver m\u00e1s<\/a><\/p>\n<div class=\"wpforms-container wpforms-container-full wpforms-render-modern\" id=\"wpforms-2878\"><form id=\"wpforms-form-2878\" class=\"wpforms-validate wpforms-form wpforms-ajax-form\" data-formid=\"2878\" method=\"post\" enctype=\"multipart\/form-data\" action=\"\/es_mx\/wp-json\/wp\/v2\/product\/1817\" data-token=\"e1a57099e00604c239ff9b2b39f1b9e0\" data-token-time=\"1776179576\" data-trp-original-action=\"\/es_mx\/wp-json\/wp\/v2\/product\/1817\"><noscript class=\"wpforms-error-noscript\">Por favor, active JavaScript en su navegador para completar este formulario.<\/noscript><div class=\"wpforms-hidden\" id=\"wpforms-error-noscript\">Por favor, active JavaScript en su navegador para completar este formulario.<\/div><div class=\"wpforms-field-container\"><div id=\"wpforms-2878-field_2-container\" class=\"wpforms-field wpforms-field-name\" data-field-id=\"2\"><label class=\"wpforms-field-label\" for=\"wpforms-2878-field_2\">Nombre <span class=\"wpforms-required-label\" aria-hidden=\"true\">*<\/span><\/label><input type=\"text\" id=\"wpforms-2878-field_2\" class=\"wpforms-field-medium wpforms-field-required\" name=\"wpforms[fields][2]\" aria-errormessage=\"wpforms-2878-field_2-error\" required><\/div><div id=\"wpforms-2878-field_5-container\" class=\"wpforms-field wpforms-field-email\" data-field-id=\"5\"><label class=\"wpforms-field-label\" for=\"wpforms-2878-field_5\">Correo electr\u00f3nico <span class=\"wpforms-required-label\" aria-hidden=\"true\">*<\/span><\/label><input type=\"email\" id=\"wpforms-2878-field_5\" class=\"wpforms-field-medium wpforms-field-required\" name=\"wpforms[fields][5]\" spellcheck=\"false\" aria-errormessage=\"wpforms-2878-field_5-error\" required><\/div><div id=\"wpforms-2878-field_3-container\" class=\"wpforms-field wpforms-field-textarea\" data-field-id=\"3\"><label class=\"wpforms-field-label\" for=\"wpforms-2878-field_3\">Solicitar <span class=\"wpforms-required-label\" aria-hidden=\"true\">*<\/span><\/label><textarea id=\"wpforms-2878-field_3\" class=\"wpforms-field-medium wpforms-field-required\" name=\"wpforms[fields][3]\" aria-errormessage=\"wpforms-2878-field_3-error\" aria-describedby=\"wpforms-2878-field_3-description\" required><\/textarea><div id=\"wpforms-2878-field_3-description\" class=\"wpforms-field-description\">Ind\u00edquenos sus requisitos y su n\u00famero de WhatsApp, y nuestro representante de ventas se pondr\u00e1 en contacto con usted.<\/div><\/div><\/div><!-- .wpforms-field-container --><div class=\"wpforms-submit-container\" ><input type=\"hidden\" name=\"wpforms[id]\" value=\"2878\"><input type=\"hidden\" name=\"page_title\" value=\"\"><input type=\"hidden\" name=\"page_url\" value=\"https:\/\/petelulu.com\/es_mx\/wp-json\/wp\/v2\/product\/1817\"><input type=\"hidden\" name=\"url_referer\" value=\"\"><button type=\"submit\" name=\"wpforms[submit]\" id=\"wpforms-submit-2878\" class=\"wpforms-submit\" data-alt-text=\"Sending...\" data-submit-text=\"Submit\" aria-live=\"assertive\" value=\"wpforms-submit\">Enviar<\/button><img loading=\"lazy\" decoding=\"async\" src=\"https:\/\/petelulu.com\/wp-content\/plugins\/wpforms-lite\/assets\/images\/submit-spin.svg\" class=\"wpforms-submit-spinner\" style=\"display: none;\" width=\"26\" height=\"26\" alt=\"Cargando\"><\/div><input type=\"hidden\" name=\"trp-form-language\" value=\"es_mx\"\/><\/form><\/div>  <!-- .wpforms-container -->\n<p>&nbsp;<\/p>","protected":false},"featured_media":1820,"template":"","meta":[],"product_brand":[],"product_cat":[46,76],"product_tag":[80,81],"class_list":{"0":"post-1817","1":"product","2":"type-product","3":"status-publish","4":"has-post-thumbnail","6":"product_cat-clothing-sets","7":"product_cat-sweatshirt","8":"product_tag-baby","9":"product_tag-toddler","10":"has-post-title","11":"has-post-date","12":"has-post-category","13":"has-post-tag","14":"has-post-comment","15":"has-post-author","16":"","18":"first","19":"instock","20":"shipping-taxable","21":"product-type-simple"},"yoast_head":"<!-- This site is optimized with the Yoast SEO Premium plugin v24.5 (Yoast SEO v25.6) - https:\/\/yoast.com\/wordpress\/plugins\/seo\/ -->\n<title>Custom Baby Jumper Set - petelulu<\/title>\n<meta name=\"description\" content=\"B2B Baby Clothing | Baby Sweatshirt Set. Competitive Pricing, Quick Ship. Global Delivery for Retailers\/Wholesale. Inquire Now\" \/>\n<meta name=\"robots\" content=\"index, follow, max-snippet:-1, max-image-preview:large, max-video-preview:-1\" \/>\n<link rel=\"canonical\" href=\"https:\/\/petelulu.com\/es_mx\/product\/conjunto-sudadera-bebe\/\" \/>\n<meta property=\"og:locale\" content=\"es_MX\" \/>\n<meta property=\"og:type\" content=\"article\" \/>\n<meta property=\"og:title\" content=\"Custom Baby Jumper Set\" \/>\n<meta property=\"og:description\" content=\"B2B Baby Clothing | Baby Sweatshirt Set. Competitive Pricing, Quick Ship. Global Delivery for Retailers\/Wholesale. Inquire Now\" \/>\n<meta property=\"og:url\" content=\"https:\/\/petelulu.com\/es_mx\/product\/conjunto-sudadera-bebe\/\" \/>\n<meta property=\"og:site_name\" content=\"petelulu\" \/>\n<meta property=\"article:modified_time\" content=\"2025-08-13T03:05:03+00:00\" \/>\n<meta property=\"og:image\" content=\"https:\/\/petelulu.com\/wp-content\/uploads\/2025\/03\/W19107\u4e3b\u56fe-1.jpg\" \/>\n\t<meta property=\"og:image:width\" content=\"2000\" \/>\n\t<meta property=\"og:image:height\" content=\"2000\" \/>\n\t<meta property=\"og:image:type\" content=\"image\/jpeg\" \/>\n<meta name=\"twitter:card\" content=\"summary_large_image\" \/>\n<meta name=\"twitter:label1\" content=\"Tiempo de lectura\" \/>\n\t<meta name=\"twitter:data1\" content=\"1 minuto\" \/>\n<script type=\"application\/ld+json\" class=\"yoast-schema-graph\">{\"@context\":\"https:\/\/schema.org\",\"@graph\":[{\"@type\":\"WebPage\",\"@id\":\"https:\/\/petelulu.com\/product\/baby-sweatshirt-set\/\",\"url\":\"https:\/\/petelulu.com\/product\/baby-sweatshirt-set\/\",\"name\":\"Custom Baby Jumper Set - petelulu\",\"isPartOf\":{\"@id\":\"https:\/\/petelulu.com\/#website\"},\"primaryImageOfPage\":{\"@id\":\"https:\/\/petelulu.com\/product\/baby-sweatshirt-set\/#primaryimage\"},\"image\":{\"@id\":\"https:\/\/petelulu.com\/product\/baby-sweatshirt-set\/#primaryimage\"},\"thumbnailUrl\":\"https:\/\/petelulu.com\/wp-content\/uploads\/2025\/03\/W19107\u4e3b\u56fe-1.jpg\",\"datePublished\":\"2025-06-16T05:50:15+00:00\",\"dateModified\":\"2025-08-13T03:05:03+00:00\",\"description\":\"B2B Baby Clothing | Baby Sweatshirt Set. Competitive Pricing, Quick Ship. Global Delivery for Retailers\/Wholesale. Inquire Now\",\"breadcrumb\":{\"@id\":\"https:\/\/petelulu.com\/product\/baby-sweatshirt-set\/#breadcrumb\"},\"inLanguage\":\"es\",\"potentialAction\":[{\"@type\":\"ReadAction\",\"target\":[\"https:\/\/petelulu.com\/product\/baby-sweatshirt-set\/\"]}]},{\"@type\":\"ImageObject\",\"inLanguage\":\"es\",\"@id\":\"https:\/\/petelulu.com\/product\/baby-sweatshirt-set\/#primaryimage\",\"url\":\"https:\/\/petelulu.com\/wp-content\/uploads\/2025\/03\/W19107\u4e3b\u56fe-1.jpg\",\"contentUrl\":\"https:\/\/petelulu.com\/wp-content\/uploads\/2025\/03\/W19107\u4e3b\u56fe-1.jpg\",\"width\":2000,\"height\":2000,\"caption\":\"Baby Sweatshirt Set\"},{\"@type\":\"BreadcrumbList\",\"@id\":\"https:\/\/petelulu.com\/product\/baby-sweatshirt-set\/#breadcrumb\",\"itemListElement\":[{\"@type\":\"ListItem\",\"position\":1,\"name\":\"\u9996\u9875\",\"item\":\"https:\/\/petelulu.com\/\"},{\"@type\":\"ListItem\",\"position\":2,\"name\":\"PRODUCT GALLERY\",\"item\":\"https:\/\/petelulu.com\/product-gallery\/\"},{\"@type\":\"ListItem\",\"position\":3,\"name\":\"Custom Baby Jumper Set\"}]},{\"@type\":\"WebSite\",\"@id\":\"https:\/\/petelulu.com\/#website\",\"url\":\"https:\/\/petelulu.com\/\",\"name\":\"PETElulu\",\"description\":\"\",\"potentialAction\":[{\"@type\":\"SearchAction\",\"target\":{\"@type\":\"EntryPoint\",\"urlTemplate\":\"https:\/\/petelulu.com\/?s={search_term_string}\"},\"query-input\":{\"@type\":\"PropertyValueSpecification\",\"valueRequired\":true,\"valueName\":\"search_term_string\"}}],\"inLanguage\":\"es\"}]}<\/script>\n<!-- \/ Yoast SEO Premium plugin. -->","yoast_head_json":{"title":"Conjunto de jersey de beb\u00e9 personalizado - petelulu","description":"B2B Ropa de Beb\u00e9 | Set de Sudadera de Beb\u00e9. Precios competitivos, env\u00edo r\u00e1pido. Entrega Global para Minoristas\/Mayoristas. Inf\u00f3rmese ahora","robots":{"index":"index","follow":"follow","max-snippet":"max-snippet:-1","max-image-preview":"max-image-preview:large","max-video-preview":"max-video-preview:-1"},"canonical":"https:\/\/petelulu.com\/es_mx\/product\/conjunto-sudadera-bebe\/","og_locale":"es_MX","og_type":"article","og_title":"Custom Baby Jumper Set","og_description":"B2B Baby Clothing | Baby Sweatshirt Set. Competitive Pricing, Quick Ship. Global Delivery for Retailers\/Wholesale. Inquire Now","og_url":"https:\/\/petelulu.com\/es_mx\/product\/conjunto-sudadera-bebe\/","og_site_name":"petelulu","article_modified_time":"2025-08-13T03:05:03+00:00","og_image":[{"width":2000,"height":2000,"url":"https:\/\/petelulu.com\/wp-content\/uploads\/2025\/03\/W19107\u4e3b\u56fe-1.jpg","type":"image\/jpeg"}],"twitter_card":"summary_large_image","twitter_misc":{"Tiempo de lectura":"1 minuto"},"schema":{"@context":"https:\/\/schema.org","@graph":[{"@type":"WebPage","@id":"https:\/\/petelulu.com\/product\/baby-sweatshirt-set\/","url":"https:\/\/petelulu.com\/product\/baby-sweatshirt-set\/","name":"Conjunto de jersey de beb\u00e9 personalizado - petelulu","isPartOf":{"@id":"https:\/\/petelulu.com\/#website"},"primaryImageOfPage":{"@id":"https:\/\/petelulu.com\/product\/baby-sweatshirt-set\/#primaryimage"},"image":{"@id":"https:\/\/petelulu.com\/product\/baby-sweatshirt-set\/#primaryimage"},"thumbnailUrl":"https:\/\/petelulu.com\/wp-content\/uploads\/2025\/03\/W19107\u4e3b\u56fe-1.jpg","datePublished":"2025-06-16T05:50:15+00:00","dateModified":"2025-08-13T03:05:03+00:00","description":"B2B Ropa de Beb\u00e9 | Set de Sudadera de Beb\u00e9. Precios competitivos, env\u00edo r\u00e1pido. Entrega Global para Minoristas\/Mayoristas. Inf\u00f3rmese ahora","breadcrumb":{"@id":"https:\/\/petelulu.com\/product\/baby-sweatshirt-set\/#breadcrumb"},"inLanguage":"es","potentialAction":[{"@type":"ReadAction","target":["https:\/\/petelulu.com\/product\/baby-sweatshirt-set\/"]}]},{"@type":"ImageObject","inLanguage":"es","@id":"https:\/\/petelulu.com\/product\/baby-sweatshirt-set\/#primaryimage","url":"https:\/\/petelulu.com\/wp-content\/uploads\/2025\/03\/W19107\u4e3b\u56fe-1.jpg","contentUrl":"https:\/\/petelulu.com\/wp-content\/uploads\/2025\/03\/W19107\u4e3b\u56fe-1.jpg","width":2000,"height":2000,"caption":"Baby Sweatshirt Set"},{"@type":"BreadcrumbList","@id":"https:\/\/petelulu.com\/product\/baby-sweatshirt-set\/#breadcrumb","itemListElement":[{"@type":"ListItem","position":1,"name":"\u9996\u9875","item":"https:\/\/petelulu.com\/"},{"@type":"ListItem","position":2,"name":"PRODUCT GALLERY","item":"https:\/\/petelulu.com\/product-gallery\/"},{"@type":"ListItem","position":3,"name":"Custom Baby Jumper Set"}]},{"@type":"WebSite","@id":"https:\/\/petelulu.com\/#website","url":"https:\/\/petelulu.com\/","name":"PETElulu","description":"","potentialAction":[{"@type":"SearchAction","target":{"@type":"EntryPoint","urlTemplate":"https:\/\/petelulu.com\/?s={search_term_string}"},"query-input":{"@type":"PropertyValueSpecification","valueRequired":true,"valueName":"search_term_string"}}],"inLanguage":"es"}]}},"builder_content":"","_links":{"self":[{"href":"https:\/\/petelulu.com\/es_mx\/wp-json\/wp\/v2\/product\/1817","targetHints":{"allow":["GET"]}}],"collection":[{"href":"https:\/\/petelulu.com\/es_mx\/wp-json\/wp\/v2\/product"}],"about":[{"href":"https:\/\/petelulu.com\/es_mx\/wp-json\/wp\/v2\/types\/product"}],"wp:featuredmedia":[{"embeddable":true,"href":"https:\/\/petelulu.com\/es_mx\/wp-json\/wp\/v2\/media\/1820"}],"wp:attachment":[{"href":"https:\/\/petelulu.com\/es_mx\/wp-json\/wp\/v2\/media?parent=1817"}],"wp:term":[{"taxonomy":"product_brand","embeddable":true,"href":"https:\/\/petelulu.com\/es_mx\/wp-json\/wp\/v2\/product_brand?post=1817"},{"taxonomy":"product_cat","embeddable":true,"href":"https:\/\/petelulu.com\/es_mx\/wp-json\/wp\/v2\/product_cat?post=1817"},{"taxonomy":"product_tag","embeddable":true,"href":"https:\/\/petelulu.com\/es_mx\/wp-json\/wp\/v2\/product_tag?post=1817"}],"curies":[{"name":"wp","href":"https:\/\/api.w.org\/{rel}","templated":true}]}}