{"id":1741,"date":"2025-03-17T06:50:08","date_gmt":"2025-03-17T06:50:08","guid":{"rendered":"https:\/\/petelulu.com\/?post_type=product&#038;p=1741"},"modified":"2025-08-12T23:13:55","modified_gmt":"2025-08-13T03:13:55","slug":"baby-girl-ribbed-ruffle-romper","status":"publish","type":"product","link":"https:\/\/petelulu.com\/es_mx\/product\/baby-girl-ribbed-ruffle-romper\/","title":{"rendered":"Pelele de volantes acanalado personalizado para beb\u00e9 ni\u00f1a"},"content":{"rendered":"<div id=\"sellingpoint\" class=\"header\">\n<div id=\"sellingpoint\" class=\"header\">\n<div id=\"sellingpoint\" class=\"header\">\n<div id=\"sellingpoint\" class=\"header\">\n<div id=\"sellingpoint\" class=\"header\">\n<h2>Acerca de este producto<\/h2>\n<\/div>\n<ul class=\"\">\n<li data-spm-anchor-id=\"a2700.details.0.i76.796752d5mNsaot\">Dise\u00f1o personalizable: Como valioso cliente, puede aprovechar nuestra funci\u00f3n de dise\u00f1o personalizado para crear un pelele \u00fanico y personalizado para su ni\u00f1a. Tanto si tiene en mente un tema espec\u00edfico como una combinaci\u00f3n de colores, sus ideas de dise\u00f1o ser\u00e1n bienvenidas.<\/li>\n<li>Tejido c\u00f3modo: Nuestro pelele para beb\u00e9 est\u00e1 hecho de tejido de punto de spandex de bamb\u00fa suave y transpirable, lo que garantiza que tu beb\u00e9 se mantenga c\u00f3modo y relajado durante todo el d\u00eda.<\/li>\n<li>Estilo vers\u00e1til: Este adorable pelele es perfecto para cualquier ocasi\u00f3n, ya sea una salida informal o un evento especial, gracias a su dise\u00f1o sin mangas y sus bonitos volantes.<\/li>\n<li>Calidad y durabilidad: Con cierre de bot\u00f3n y material de alta calidad, nuestro pelele est\u00e1 hecho para durar y resistir lavados y usos repetidos.<\/li>\n<li>Entrega r\u00e1pida: Ofrecemos un r\u00e1pido plazo de entrega de pedidos de muestras de 7 d\u00edas, lo que garantiza que recibir\u00e1 su pelele personalizado de forma r\u00e1pida y eficaz.<\/li>\n<\/ul>\n<\/div>\n<\/div>\n<\/div>\n<\/div>","protected":false},"excerpt":{"rendered":"<p>Precio unitario: US $4.59-6.59\/ Pieza<br \/>\nCantidad m\u00ednima de pedido: 350 Piezas\/ Tama\u00f1o<br \/>\nMaterial: Spandex \/ Algod\u00f3n<br \/>\nAge: Newborn\/0-3M\/3-6M\/6-9M\/9-12M\/12-18M\/18-24M<br \/>\nMateriales aplicables: Bamb\u00fa\/Algod\u00f3n org\u00e1nico\/Algod\u00f3n puro\/Ray\u00f3n modal\/Muselina de bamb\u00fa<br \/>\nCapacidad de suministro: 10.000 piezas\/mes<br \/>\nPuerto: Guangzhou, China<br \/>\nCondiciones de pago: T\/T<br \/>\nMuestra\uff1aAceptar muestra personalizada<br \/>\nLogotipo: Logotipo personalizado<br \/>\nEntrega: 25-35 d\u00edas laborables<br \/>\nOEM Y ODM<\/p>\n<p><a href=\"https:\/\/petelulu.com\/es_mx\/#category\">Ver m\u00e1s<\/a><\/p>\n<div class=\"wpforms-container wpforms-container-full wpforms-render-modern\" id=\"wpforms-2878\"><form id=\"wpforms-form-2878\" class=\"wpforms-validate wpforms-form wpforms-ajax-form\" data-formid=\"2878\" method=\"post\" enctype=\"multipart\/form-data\" action=\"\/es_mx\/wp-json\/wp\/v2\/product\/1741\" data-token=\"f9e5e1c5cede5ee0c6e3b3c92c3e4d2d\" data-token-time=\"1776217192\" data-trp-original-action=\"\/es_mx\/wp-json\/wp\/v2\/product\/1741\"><noscript class=\"wpforms-error-noscript\">Por favor, active JavaScript en su navegador para completar este formulario.<\/noscript><div class=\"wpforms-hidden\" id=\"wpforms-error-noscript\">Por favor, active JavaScript en su navegador para completar este formulario.<\/div><div class=\"wpforms-field-container\"><div id=\"wpforms-2878-field_2-container\" class=\"wpforms-field wpforms-field-name\" data-field-id=\"2\"><label class=\"wpforms-field-label\" for=\"wpforms-2878-field_2\">Nombre <span class=\"wpforms-required-label\" aria-hidden=\"true\">*<\/span><\/label><input type=\"text\" id=\"wpforms-2878-field_2\" class=\"wpforms-field-medium wpforms-field-required\" name=\"wpforms[fields][2]\" aria-errormessage=\"wpforms-2878-field_2-error\" required><\/div><div id=\"wpforms-2878-field_5-container\" class=\"wpforms-field wpforms-field-email\" data-field-id=\"5\"><label class=\"wpforms-field-label\" for=\"wpforms-2878-field_5\">Correo electr\u00f3nico <span class=\"wpforms-required-label\" aria-hidden=\"true\">*<\/span><\/label><input type=\"email\" id=\"wpforms-2878-field_5\" class=\"wpforms-field-medium wpforms-field-required\" name=\"wpforms[fields][5]\" spellcheck=\"false\" aria-errormessage=\"wpforms-2878-field_5-error\" required><\/div><div id=\"wpforms-2878-field_3-container\" class=\"wpforms-field wpforms-field-textarea\" data-field-id=\"3\"><label class=\"wpforms-field-label\" for=\"wpforms-2878-field_3\">Solicitar <span class=\"wpforms-required-label\" aria-hidden=\"true\">*<\/span><\/label><textarea id=\"wpforms-2878-field_3\" class=\"wpforms-field-medium wpforms-field-required\" name=\"wpforms[fields][3]\" aria-errormessage=\"wpforms-2878-field_3-error\" aria-describedby=\"wpforms-2878-field_3-description\" required><\/textarea><div id=\"wpforms-2878-field_3-description\" class=\"wpforms-field-description\">Ind\u00edquenos sus requisitos y su n\u00famero de WhatsApp, y nuestro representante de ventas se pondr\u00e1 en contacto con usted.<\/div><\/div><\/div><!-- .wpforms-field-container --><div class=\"wpforms-submit-container\" ><input type=\"hidden\" name=\"wpforms[id]\" value=\"2878\"><input type=\"hidden\" name=\"page_title\" value=\"\"><input type=\"hidden\" name=\"page_url\" value=\"https:\/\/petelulu.com\/es_mx\/wp-json\/wp\/v2\/product\/1741\"><input type=\"hidden\" name=\"url_referer\" value=\"\"><button type=\"submit\" name=\"wpforms[submit]\" id=\"wpforms-submit-2878\" class=\"wpforms-submit\" data-alt-text=\"Sending...\" data-submit-text=\"Submit\" aria-live=\"assertive\" value=\"wpforms-submit\">Enviar<\/button><img loading=\"lazy\" decoding=\"async\" src=\"https:\/\/petelulu.com\/wp-content\/plugins\/wpforms-lite\/assets\/images\/submit-spin.svg\" class=\"wpforms-submit-spinner\" style=\"display: none;\" width=\"26\" height=\"26\" alt=\"Cargando\"><\/div><input type=\"hidden\" name=\"trp-form-language\" value=\"es_mx\"\/><\/form><\/div>  <!-- .wpforms-container -->\n<p>&nbsp;<\/p>","protected":false},"featured_media":1745,"template":"","meta":[],"product_brand":[],"product_cat":[41],"product_tag":[80,81],"class_list":{"0":"post-1741","1":"product","2":"type-product","3":"status-publish","4":"has-post-thumbnail","6":"product_cat-rompers","7":"product_tag-baby","8":"product_tag-toddler","9":"has-post-title","10":"has-post-date","11":"has-post-category","12":"has-post-tag","13":"has-post-comment","14":"has-post-author","15":"","17":"first","18":"instock","19":"shipping-taxable","20":"product-type-simple"},"yoast_head":"<!-- This site is optimized with the Yoast SEO Premium plugin v24.5 (Yoast SEO v25.6) - https:\/\/yoast.com\/wordpress\/plugins\/seo\/ -->\n<title>Custom Baby Girl Ribbed Ruffle Romper - petelulu<\/title>\n<meta name=\"description\" content=\"Baby Girl Ribbed Ruffle Romper Bulk Orders | Customizable Designs, Trendy Ruffles. Fast Shipping, Competitive Pricing for Retailers. Enquire Now!\" \/>\n<meta name=\"robots\" content=\"index, follow, max-snippet:-1, max-image-preview:large, max-video-preview:-1\" \/>\n<link rel=\"canonical\" href=\"https:\/\/petelulu.com\/es_mx\/product\/baby-girl-ribbed-ruffle-romper\/\" \/>\n<meta property=\"og:locale\" content=\"es_MX\" \/>\n<meta property=\"og:type\" content=\"article\" \/>\n<meta property=\"og:title\" content=\"Custom Baby Girl Ribbed Ruffle Romper\" \/>\n<meta property=\"og:description\" content=\"Baby Girl Ribbed Ruffle Romper Bulk Orders | Customizable Designs, Trendy Ruffles. Fast Shipping, Competitive Pricing for Retailers. Enquire Now!\" \/>\n<meta property=\"og:url\" content=\"https:\/\/petelulu.com\/es_mx\/product\/baby-girl-ribbed-ruffle-romper\/\" \/>\n<meta property=\"og:site_name\" content=\"petelulu\" \/>\n<meta property=\"article:modified_time\" content=\"2025-08-13T03:13:55+00:00\" \/>\n<meta property=\"og:image\" content=\"https:\/\/petelulu.com\/wp-content\/uploads\/2025\/03\/k0001\u4e3b\u56fe9.jpg\" \/>\n\t<meta property=\"og:image:width\" content=\"1600\" \/>\n\t<meta property=\"og:image:height\" content=\"1600\" \/>\n\t<meta property=\"og:image:type\" content=\"image\/jpeg\" \/>\n<meta name=\"twitter:card\" content=\"summary_large_image\" \/>\n<meta name=\"twitter:label1\" content=\"Tiempo de lectura\" \/>\n\t<meta name=\"twitter:data1\" content=\"1 minuto\" \/>\n<script type=\"application\/ld+json\" class=\"yoast-schema-graph\">{\"@context\":\"https:\/\/schema.org\",\"@graph\":[{\"@type\":\"WebPage\",\"@id\":\"https:\/\/petelulu.com\/product\/baby-girl-ribbed-ruffle-romper\/\",\"url\":\"https:\/\/petelulu.com\/product\/baby-girl-ribbed-ruffle-romper\/\",\"name\":\"Custom Baby Girl Ribbed Ruffle Romper - petelulu\",\"isPartOf\":{\"@id\":\"https:\/\/petelulu.com\/#website\"},\"primaryImageOfPage\":{\"@id\":\"https:\/\/petelulu.com\/product\/baby-girl-ribbed-ruffle-romper\/#primaryimage\"},\"image\":{\"@id\":\"https:\/\/petelulu.com\/product\/baby-girl-ribbed-ruffle-romper\/#primaryimage\"},\"thumbnailUrl\":\"https:\/\/petelulu.com\/wp-content\/uploads\/2025\/03\/k0001\u4e3b\u56fe9.jpg\",\"datePublished\":\"2025-03-17T06:50:08+00:00\",\"dateModified\":\"2025-08-13T03:13:55+00:00\",\"description\":\"Baby Girl Ribbed Ruffle Romper Bulk Orders | Customizable Designs, Trendy Ruffles. Fast Shipping, Competitive Pricing for Retailers. Enquire Now!\",\"breadcrumb\":{\"@id\":\"https:\/\/petelulu.com\/product\/baby-girl-ribbed-ruffle-romper\/#breadcrumb\"},\"inLanguage\":\"es\",\"potentialAction\":[{\"@type\":\"ReadAction\",\"target\":[\"https:\/\/petelulu.com\/product\/baby-girl-ribbed-ruffle-romper\/\"]}]},{\"@type\":\"ImageObject\",\"inLanguage\":\"es\",\"@id\":\"https:\/\/petelulu.com\/product\/baby-girl-ribbed-ruffle-romper\/#primaryimage\",\"url\":\"https:\/\/petelulu.com\/wp-content\/uploads\/2025\/03\/k0001\u4e3b\u56fe9.jpg\",\"contentUrl\":\"https:\/\/petelulu.com\/wp-content\/uploads\/2025\/03\/k0001\u4e3b\u56fe9.jpg\",\"width\":1600,\"height\":1600,\"caption\":\"Baby Girl Ribbed Ruffle Romper\"},{\"@type\":\"BreadcrumbList\",\"@id\":\"https:\/\/petelulu.com\/product\/baby-girl-ribbed-ruffle-romper\/#breadcrumb\",\"itemListElement\":[{\"@type\":\"ListItem\",\"position\":1,\"name\":\"\u9996\u9875\",\"item\":\"https:\/\/petelulu.com\/\"},{\"@type\":\"ListItem\",\"position\":2,\"name\":\"PRODUCT GALLERY\",\"item\":\"https:\/\/petelulu.com\/product-gallery\/\"},{\"@type\":\"ListItem\",\"position\":3,\"name\":\"Custom Baby Girl Ribbed Ruffle Romper\"}]},{\"@type\":\"WebSite\",\"@id\":\"https:\/\/petelulu.com\/#website\",\"url\":\"https:\/\/petelulu.com\/\",\"name\":\"PETElulu\",\"description\":\"\",\"potentialAction\":[{\"@type\":\"SearchAction\",\"target\":{\"@type\":\"EntryPoint\",\"urlTemplate\":\"https:\/\/petelulu.com\/?s={search_term_string}\"},\"query-input\":{\"@type\":\"PropertyValueSpecification\",\"valueRequired\":true,\"valueName\":\"search_term_string\"}}],\"inLanguage\":\"es\"}]}<\/script>\n<!-- \/ Yoast SEO Premium plugin. -->","yoast_head_json":{"title":"Pelele personalizado con volantes de canal\u00e9 para beb\u00e9 ni\u00f1a - petelulu","description":"Baby Girl Ribbed Ruffle Romper Pedidos a Granel | Dise\u00f1os Personalizables, Ruffles de Moda. Env\u00edo r\u00e1pido, precios competitivos para minoristas. \u00a1Pregunte ahora!","robots":{"index":"index","follow":"follow","max-snippet":"max-snippet:-1","max-image-preview":"max-image-preview:large","max-video-preview":"max-video-preview:-1"},"canonical":"https:\/\/petelulu.com\/es_mx\/product\/baby-girl-ribbed-ruffle-romper\/","og_locale":"es_MX","og_type":"article","og_title":"Custom Baby Girl Ribbed Ruffle Romper","og_description":"Baby Girl Ribbed Ruffle Romper Bulk Orders | Customizable Designs, Trendy Ruffles. Fast Shipping, Competitive Pricing for Retailers. Enquire Now!","og_url":"https:\/\/petelulu.com\/es_mx\/product\/baby-girl-ribbed-ruffle-romper\/","og_site_name":"petelulu","article_modified_time":"2025-08-13T03:13:55+00:00","og_image":[{"width":1600,"height":1600,"url":"https:\/\/petelulu.com\/wp-content\/uploads\/2025\/03\/k0001\u4e3b\u56fe9.jpg","type":"image\/jpeg"}],"twitter_card":"summary_large_image","twitter_misc":{"Tiempo de lectura":"1 minuto"},"schema":{"@context":"https:\/\/schema.org","@graph":[{"@type":"WebPage","@id":"https:\/\/petelulu.com\/product\/baby-girl-ribbed-ruffle-romper\/","url":"https:\/\/petelulu.com\/product\/baby-girl-ribbed-ruffle-romper\/","name":"Pelele personalizado con volantes de canal\u00e9 para beb\u00e9 ni\u00f1a - petelulu","isPartOf":{"@id":"https:\/\/petelulu.com\/#website"},"primaryImageOfPage":{"@id":"https:\/\/petelulu.com\/product\/baby-girl-ribbed-ruffle-romper\/#primaryimage"},"image":{"@id":"https:\/\/petelulu.com\/product\/baby-girl-ribbed-ruffle-romper\/#primaryimage"},"thumbnailUrl":"https:\/\/petelulu.com\/wp-content\/uploads\/2025\/03\/k0001\u4e3b\u56fe9.jpg","datePublished":"2025-03-17T06:50:08+00:00","dateModified":"2025-08-13T03:13:55+00:00","description":"Baby Girl Ribbed Ruffle Romper Pedidos a Granel | Dise\u00f1os Personalizables, Ruffles de Moda. Env\u00edo r\u00e1pido, precios competitivos para minoristas. \u00a1Pregunte ahora!","breadcrumb":{"@id":"https:\/\/petelulu.com\/product\/baby-girl-ribbed-ruffle-romper\/#breadcrumb"},"inLanguage":"es","potentialAction":[{"@type":"ReadAction","target":["https:\/\/petelulu.com\/product\/baby-girl-ribbed-ruffle-romper\/"]}]},{"@type":"ImageObject","inLanguage":"es","@id":"https:\/\/petelulu.com\/product\/baby-girl-ribbed-ruffle-romper\/#primaryimage","url":"https:\/\/petelulu.com\/wp-content\/uploads\/2025\/03\/k0001\u4e3b\u56fe9.jpg","contentUrl":"https:\/\/petelulu.com\/wp-content\/uploads\/2025\/03\/k0001\u4e3b\u56fe9.jpg","width":1600,"height":1600,"caption":"Baby Girl Ribbed Ruffle Romper"},{"@type":"BreadcrumbList","@id":"https:\/\/petelulu.com\/product\/baby-girl-ribbed-ruffle-romper\/#breadcrumb","itemListElement":[{"@type":"ListItem","position":1,"name":"\u9996\u9875","item":"https:\/\/petelulu.com\/"},{"@type":"ListItem","position":2,"name":"PRODUCT GALLERY","item":"https:\/\/petelulu.com\/product-gallery\/"},{"@type":"ListItem","position":3,"name":"Custom Baby Girl Ribbed Ruffle Romper"}]},{"@type":"WebSite","@id":"https:\/\/petelulu.com\/#website","url":"https:\/\/petelulu.com\/","name":"PETElulu","description":"","potentialAction":[{"@type":"SearchAction","target":{"@type":"EntryPoint","urlTemplate":"https:\/\/petelulu.com\/?s={search_term_string}"},"query-input":{"@type":"PropertyValueSpecification","valueRequired":true,"valueName":"search_term_string"}}],"inLanguage":"es"}]}},"builder_content":"","_links":{"self":[{"href":"https:\/\/petelulu.com\/es_mx\/wp-json\/wp\/v2\/product\/1741","targetHints":{"allow":["GET"]}}],"collection":[{"href":"https:\/\/petelulu.com\/es_mx\/wp-json\/wp\/v2\/product"}],"about":[{"href":"https:\/\/petelulu.com\/es_mx\/wp-json\/wp\/v2\/types\/product"}],"wp:featuredmedia":[{"embeddable":true,"href":"https:\/\/petelulu.com\/es_mx\/wp-json\/wp\/v2\/media\/1745"}],"wp:attachment":[{"href":"https:\/\/petelulu.com\/es_mx\/wp-json\/wp\/v2\/media?parent=1741"}],"wp:term":[{"taxonomy":"product_brand","embeddable":true,"href":"https:\/\/petelulu.com\/es_mx\/wp-json\/wp\/v2\/product_brand?post=1741"},{"taxonomy":"product_cat","embeddable":true,"href":"https:\/\/petelulu.com\/es_mx\/wp-json\/wp\/v2\/product_cat?post=1741"},{"taxonomy":"product_tag","embeddable":true,"href":"https:\/\/petelulu.com\/es_mx\/wp-json\/wp\/v2\/product_tag?post=1741"}],"curies":[{"name":"wp","href":"https:\/\/api.w.org\/{rel}","templated":true}]}}