{"id":1716,"date":"2025-06-16T05:48:00","date_gmt":"2025-06-16T09:48:00","guid":{"rendered":"https:\/\/petelulu.com\/?post_type=product&#038;p=1716"},"modified":"2025-08-12T23:02:08","modified_gmt":"2025-08-13T03:02:08","slug":"baby-sweatshirt-and-joggers-set","status":"publish","type":"product","link":"https:\/\/petelulu.com\/es_mx\/product\/baby-sweatshirt-and-joggers-set\/","title":{"rendered":"Conjunto personalizado de jersey y ch\u00e1ndal para beb\u00e9"},"content":{"rendered":"<div id=\"sellingpoint\" class=\"header\">\n<h2>Acerca de este producto<\/h2>\n<\/div>\n<ul class=\"\">\n<li data-spm-anchor-id=\"a2700.details.0.i78.69ba659eFmBWyO\">Dise\u00f1o duradero y c\u00f3modo: Nuestro PETELULU Custom Logo Toddler Baby Boy Tracksuit Sweatshirt Jogger Clothing Set est\u00e1 confeccionado con algod\u00f3n 100%, lo que garantiza un ajuste suave y acogedor para su peque\u00f1o. Las caracter\u00edsticas antiencogimiento, antiarrugas, antibacterianas, antiest\u00e1ticas y cortavientos garantizan una comodidad y protecci\u00f3n duraderas.<\/li>\n<li>Personalizable y adaptable: Este conjunto de 2 piezas le permite crear un aspecto personalizado para su hijo con nuestra opci\u00f3n de tejido personalizado, por lo que es perfecto para ocasiones especiales o para el uso diario. El cierre de puntada abierta y el tipo de patr\u00f3n s\u00f3lido garantizan un ajuste c\u00f3modo y elegante.<\/li>\n<li>Ideal para diversas ocasiones: Adecuado tanto para actividades informales como al aire libre, este conjunto de sudadera para beb\u00e9 es perfecto para el uso diario, los viajes o como regalo para los nuevos padres. El dise\u00f1o de manga larga proporciona calidez y protecci\u00f3n durante los meses de invierno.<\/li>\n<li>Servicio r\u00e1pido y eficaz: Ofrecemos un plazo de pedido de muestras de 7 d\u00edas para su comodidad, lo que garantiza que pueda recibir su conjunto de sudaderas para beb\u00e9 a medida con prontitud. Nuestros servicios ODM y OEM se adaptan a sus necesidades espec\u00edficas.<\/li>\n<li data-spm-anchor-id=\"a2700.details.0.i79.69ba659eFmBWyO\">Materiales y construcci\u00f3n de alta calidad: Fabricado con una combinaci\u00f3n de algod\u00f3n y fibra de bamb\u00fa, nuestro conjunto de sudadera para beb\u00e9 no s\u00f3lo es suave, sino tambi\u00e9n ecol\u00f3gico. El tipo de tejido estambre asegura un acabado de alta calidad, por lo que es una inversi\u00f3n que vale la pena para la comodidad y el bienestar de su hijo.<\/li>\n<\/ul>","protected":false},"excerpt":{"rendered":"<p>Precio unitario: US $5.90-7.99 \/ Pieza<br \/>\nCantidad m\u00ednima de pedido: 300 Piezas\/ Tama\u00f1o<br \/>\nMaterial: Algod\u00f3n \/ Fibra de bamb\u00fa<br \/>\nAge: 0-3M\/3-6M\/6-9M\/9-12M\/12-18M\/18-24M\/2T-3T-4T<br \/>\nMateriales aplicables: Bamb\u00fa\/algod\u00f3n org\u00e1nico\/algod\u00f3n puro\/franc\u00e9s\/muselina de bamb\u00fa<br \/>\nCapacidad de suministro: 10.000 piezas\/mes<br \/>\nPuerto: Guangzhou, China<br \/>\nCondiciones de pago: T\/T<br \/>\nMuestra\uff1aAceptar muestra personalizada<br \/>\nLogotipo: Logotipo personalizado<br \/>\nEntrega: 25-35 d\u00edas laborables<br \/>\nOEM Y ODM<\/p>\n<p><a href=\"https:\/\/petelulu.com\/es_mx\/#category\">Ver m\u00e1s<\/a><\/p>\n<div class=\"wpforms-container wpforms-container-full wpforms-render-modern\" id=\"wpforms-2878\"><form id=\"wpforms-form-2878\" class=\"wpforms-validate wpforms-form wpforms-ajax-form\" data-formid=\"2878\" method=\"post\" enctype=\"multipart\/form-data\" action=\"\/es_mx\/wp-json\/wp\/v2\/product\/1716\" data-token=\"f9e5e1c5cede5ee0c6e3b3c92c3e4d2d\" data-token-time=\"1776243370\" data-trp-original-action=\"\/es_mx\/wp-json\/wp\/v2\/product\/1716\"><noscript class=\"wpforms-error-noscript\">Por favor, active JavaScript en su navegador para completar este formulario.<\/noscript><div class=\"wpforms-hidden\" id=\"wpforms-error-noscript\">Por favor, active JavaScript en su navegador para completar este formulario.<\/div><div class=\"wpforms-field-container\"><div id=\"wpforms-2878-field_2-container\" class=\"wpforms-field wpforms-field-name\" data-field-id=\"2\"><label class=\"wpforms-field-label\" for=\"wpforms-2878-field_2\">Nombre <span class=\"wpforms-required-label\" aria-hidden=\"true\">*<\/span><\/label><input type=\"text\" id=\"wpforms-2878-field_2\" class=\"wpforms-field-medium wpforms-field-required\" name=\"wpforms[fields][2]\" aria-errormessage=\"wpforms-2878-field_2-error\" required><\/div><div id=\"wpforms-2878-field_5-container\" class=\"wpforms-field wpforms-field-email\" data-field-id=\"5\"><label class=\"wpforms-field-label\" for=\"wpforms-2878-field_5\">Correo electr\u00f3nico <span class=\"wpforms-required-label\" aria-hidden=\"true\">*<\/span><\/label><input type=\"email\" id=\"wpforms-2878-field_5\" class=\"wpforms-field-medium wpforms-field-required\" name=\"wpforms[fields][5]\" spellcheck=\"false\" aria-errormessage=\"wpforms-2878-field_5-error\" required><\/div><div id=\"wpforms-2878-field_3-container\" class=\"wpforms-field wpforms-field-textarea\" data-field-id=\"3\"><label class=\"wpforms-field-label\" for=\"wpforms-2878-field_3\">Solicitar <span class=\"wpforms-required-label\" aria-hidden=\"true\">*<\/span><\/label><textarea id=\"wpforms-2878-field_3\" class=\"wpforms-field-medium wpforms-field-required\" name=\"wpforms[fields][3]\" aria-errormessage=\"wpforms-2878-field_3-error\" aria-describedby=\"wpforms-2878-field_3-description\" required><\/textarea><div id=\"wpforms-2878-field_3-description\" class=\"wpforms-field-description\">Ind\u00edquenos sus requisitos y su n\u00famero de WhatsApp, y nuestro representante de ventas se pondr\u00e1 en contacto con usted.<\/div><\/div><\/div><!-- .wpforms-field-container --><div class=\"wpforms-submit-container\" ><input type=\"hidden\" name=\"wpforms[id]\" value=\"2878\"><input type=\"hidden\" name=\"page_title\" value=\"\"><input type=\"hidden\" name=\"page_url\" value=\"https:\/\/petelulu.com\/es_mx\/wp-json\/wp\/v2\/product\/1716\"><input type=\"hidden\" name=\"url_referer\" value=\"\"><button type=\"submit\" name=\"wpforms[submit]\" id=\"wpforms-submit-2878\" class=\"wpforms-submit\" data-alt-text=\"Sending...\" data-submit-text=\"Submit\" aria-live=\"assertive\" value=\"wpforms-submit\">Enviar<\/button><img loading=\"lazy\" decoding=\"async\" src=\"https:\/\/petelulu.com\/wp-content\/plugins\/wpforms-lite\/assets\/images\/submit-spin.svg\" class=\"wpforms-submit-spinner\" style=\"display: none;\" width=\"26\" height=\"26\" alt=\"Cargando\"><\/div><input type=\"hidden\" name=\"trp-form-language\" value=\"es_mx\"\/><\/form><\/div>  <!-- .wpforms-container -->\n<p>&nbsp;<\/p>","protected":false},"featured_media":1717,"template":"","meta":[],"product_brand":[],"product_cat":[46,76],"product_tag":[80,82,81],"class_list":{"0":"post-1716","1":"product","2":"type-product","3":"status-publish","4":"has-post-thumbnail","6":"product_cat-clothing-sets","7":"product_cat-sweatshirt","8":"product_tag-baby","9":"product_tag-kid","10":"product_tag-toddler","11":"has-post-title","12":"has-post-date","13":"has-post-category","14":"has-post-tag","15":"has-post-comment","16":"has-post-author","17":"","19":"first","20":"instock","21":"shipping-taxable","22":"product-type-simple"},"yoast_head":"<!-- This site is optimized with the Yoast SEO Premium plugin v24.5 (Yoast SEO v25.6) - https:\/\/yoast.com\/wordpress\/plugins\/seo\/ -->\n<title>Custom Baby Jumper and Joggers Set - petelulu<\/title>\n<meta name=\"description\" content=\"B2B Baby Clothing | Baby Sweatshirt and Joggers Set. Competitive Pricing, Quick Ship. Global Delivery for Retailers\/Wholesale.\" \/>\n<meta name=\"robots\" content=\"index, follow, max-snippet:-1, max-image-preview:large, max-video-preview:-1\" \/>\n<link rel=\"canonical\" href=\"https:\/\/petelulu.com\/es_mx\/product\/baby-sweatshirt-and-joggers-set\/\" \/>\n<meta property=\"og:locale\" content=\"es_MX\" \/>\n<meta property=\"og:type\" content=\"article\" \/>\n<meta property=\"og:title\" content=\"Custom Baby Jumper and Joggers Set\" \/>\n<meta property=\"og:description\" content=\"B2B Baby Clothing | Baby Sweatshirt and Joggers Set. Competitive Pricing, Quick Ship. Global Delivery for Retailers\/Wholesale.\" \/>\n<meta property=\"og:url\" content=\"https:\/\/petelulu.com\/es_mx\/product\/baby-sweatshirt-and-joggers-set\/\" \/>\n<meta property=\"og:site_name\" content=\"petelulu\" \/>\n<meta property=\"article:modified_time\" content=\"2025-08-13T03:02:08+00:00\" \/>\n<meta property=\"og:image\" content=\"https:\/\/petelulu.com\/wp-content\/uploads\/2025\/03\/X202432805\u4e3b\u56fe1.jpg\" \/>\n\t<meta property=\"og:image:width\" content=\"1200\" \/>\n\t<meta property=\"og:image:height\" content=\"1200\" \/>\n\t<meta property=\"og:image:type\" content=\"image\/jpeg\" \/>\n<meta name=\"twitter:card\" content=\"summary_large_image\" \/>\n<meta name=\"twitter:label1\" content=\"Tiempo de lectura\" \/>\n\t<meta name=\"twitter:data1\" content=\"2 minutos\" \/>\n<script type=\"application\/ld+json\" class=\"yoast-schema-graph\">{\"@context\":\"https:\/\/schema.org\",\"@graph\":[{\"@type\":\"WebPage\",\"@id\":\"https:\/\/petelulu.com\/product\/baby-sweatshirt-and-joggers-set\/\",\"url\":\"https:\/\/petelulu.com\/product\/baby-sweatshirt-and-joggers-set\/\",\"name\":\"Custom Baby Jumper and Joggers Set - petelulu\",\"isPartOf\":{\"@id\":\"https:\/\/petelulu.com\/#website\"},\"primaryImageOfPage\":{\"@id\":\"https:\/\/petelulu.com\/product\/baby-sweatshirt-and-joggers-set\/#primaryimage\"},\"image\":{\"@id\":\"https:\/\/petelulu.com\/product\/baby-sweatshirt-and-joggers-set\/#primaryimage\"},\"thumbnailUrl\":\"https:\/\/petelulu.com\/wp-content\/uploads\/2025\/03\/X202432805\u4e3b\u56fe1.jpg\",\"datePublished\":\"2025-06-16T09:48:00+00:00\",\"dateModified\":\"2025-08-13T03:02:08+00:00\",\"description\":\"B2B Baby Clothing | Baby Sweatshirt and Joggers Set. Competitive Pricing, Quick Ship. Global Delivery for Retailers\/Wholesale.\",\"breadcrumb\":{\"@id\":\"https:\/\/petelulu.com\/product\/baby-sweatshirt-and-joggers-set\/#breadcrumb\"},\"inLanguage\":\"es\",\"potentialAction\":[{\"@type\":\"ReadAction\",\"target\":[\"https:\/\/petelulu.com\/product\/baby-sweatshirt-and-joggers-set\/\"]}]},{\"@type\":\"ImageObject\",\"inLanguage\":\"es\",\"@id\":\"https:\/\/petelulu.com\/product\/baby-sweatshirt-and-joggers-set\/#primaryimage\",\"url\":\"https:\/\/petelulu.com\/wp-content\/uploads\/2025\/03\/X202432805\u4e3b\u56fe1.jpg\",\"contentUrl\":\"https:\/\/petelulu.com\/wp-content\/uploads\/2025\/03\/X202432805\u4e3b\u56fe1.jpg\",\"width\":1200,\"height\":1200,\"caption\":\"Baby Sweatshirt and Joggers Set\"},{\"@type\":\"BreadcrumbList\",\"@id\":\"https:\/\/petelulu.com\/product\/baby-sweatshirt-and-joggers-set\/#breadcrumb\",\"itemListElement\":[{\"@type\":\"ListItem\",\"position\":1,\"name\":\"\u9996\u9875\",\"item\":\"https:\/\/petelulu.com\/\"},{\"@type\":\"ListItem\",\"position\":2,\"name\":\"PRODUCT GALLERY\",\"item\":\"https:\/\/petelulu.com\/product-gallery\/\"},{\"@type\":\"ListItem\",\"position\":3,\"name\":\"Custom Baby Jumper and Joggers Set\"}]},{\"@type\":\"WebSite\",\"@id\":\"https:\/\/petelulu.com\/#website\",\"url\":\"https:\/\/petelulu.com\/\",\"name\":\"PETElulu\",\"description\":\"\",\"potentialAction\":[{\"@type\":\"SearchAction\",\"target\":{\"@type\":\"EntryPoint\",\"urlTemplate\":\"https:\/\/petelulu.com\/?s={search_term_string}\"},\"query-input\":{\"@type\":\"PropertyValueSpecification\",\"valueRequired\":true,\"valueName\":\"search_term_string\"}}],\"inLanguage\":\"es\"}]}<\/script>\n<!-- \/ Yoast SEO Premium plugin. -->","yoast_head_json":{"title":"Custom Baby Jumper and Joggers Set - petelulu","description":"B2B Baby Clothing | Baby Sweatshirt and Joggers Set. Competitive Pricing, Quick Ship. Global Delivery for Retailers\/Wholesale.","robots":{"index":"index","follow":"follow","max-snippet":"max-snippet:-1","max-image-preview":"max-image-preview:large","max-video-preview":"max-video-preview:-1"},"canonical":"https:\/\/petelulu.com\/es_mx\/product\/baby-sweatshirt-and-joggers-set\/","og_locale":"es_MX","og_type":"article","og_title":"Custom Baby Jumper and Joggers Set","og_description":"B2B Baby Clothing | Baby Sweatshirt and Joggers Set. Competitive Pricing, Quick Ship. Global Delivery for Retailers\/Wholesale.","og_url":"https:\/\/petelulu.com\/es_mx\/product\/baby-sweatshirt-and-joggers-set\/","og_site_name":"petelulu","article_modified_time":"2025-08-13T03:02:08+00:00","og_image":[{"width":1200,"height":1200,"url":"https:\/\/petelulu.com\/wp-content\/uploads\/2025\/03\/X202432805\u4e3b\u56fe1.jpg","type":"image\/jpeg"}],"twitter_card":"summary_large_image","twitter_misc":{"Tiempo de lectura":"2 minutos"},"schema":{"@context":"https:\/\/schema.org","@graph":[{"@type":"WebPage","@id":"https:\/\/petelulu.com\/product\/baby-sweatshirt-and-joggers-set\/","url":"https:\/\/petelulu.com\/product\/baby-sweatshirt-and-joggers-set\/","name":"Custom Baby Jumper and Joggers Set - petelulu","isPartOf":{"@id":"https:\/\/petelulu.com\/#website"},"primaryImageOfPage":{"@id":"https:\/\/petelulu.com\/product\/baby-sweatshirt-and-joggers-set\/#primaryimage"},"image":{"@id":"https:\/\/petelulu.com\/product\/baby-sweatshirt-and-joggers-set\/#primaryimage"},"thumbnailUrl":"https:\/\/petelulu.com\/wp-content\/uploads\/2025\/03\/X202432805\u4e3b\u56fe1.jpg","datePublished":"2025-06-16T09:48:00+00:00","dateModified":"2025-08-13T03:02:08+00:00","description":"B2B Baby Clothing | Baby Sweatshirt and Joggers Set. Competitive Pricing, Quick Ship. Global Delivery for Retailers\/Wholesale.","breadcrumb":{"@id":"https:\/\/petelulu.com\/product\/baby-sweatshirt-and-joggers-set\/#breadcrumb"},"inLanguage":"es","potentialAction":[{"@type":"ReadAction","target":["https:\/\/petelulu.com\/product\/baby-sweatshirt-and-joggers-set\/"]}]},{"@type":"ImageObject","inLanguage":"es","@id":"https:\/\/petelulu.com\/product\/baby-sweatshirt-and-joggers-set\/#primaryimage","url":"https:\/\/petelulu.com\/wp-content\/uploads\/2025\/03\/X202432805\u4e3b\u56fe1.jpg","contentUrl":"https:\/\/petelulu.com\/wp-content\/uploads\/2025\/03\/X202432805\u4e3b\u56fe1.jpg","width":1200,"height":1200,"caption":"Baby Sweatshirt and Joggers Set"},{"@type":"BreadcrumbList","@id":"https:\/\/petelulu.com\/product\/baby-sweatshirt-and-joggers-set\/#breadcrumb","itemListElement":[{"@type":"ListItem","position":1,"name":"\u9996\u9875","item":"https:\/\/petelulu.com\/"},{"@type":"ListItem","position":2,"name":"PRODUCT GALLERY","item":"https:\/\/petelulu.com\/product-gallery\/"},{"@type":"ListItem","position":3,"name":"Custom Baby Jumper and Joggers Set"}]},{"@type":"WebSite","@id":"https:\/\/petelulu.com\/#website","url":"https:\/\/petelulu.com\/","name":"PETElulu","description":"","potentialAction":[{"@type":"SearchAction","target":{"@type":"EntryPoint","urlTemplate":"https:\/\/petelulu.com\/?s={search_term_string}"},"query-input":{"@type":"PropertyValueSpecification","valueRequired":true,"valueName":"search_term_string"}}],"inLanguage":"es"}]}},"builder_content":"","_links":{"self":[{"href":"https:\/\/petelulu.com\/es_mx\/wp-json\/wp\/v2\/product\/1716","targetHints":{"allow":["GET"]}}],"collection":[{"href":"https:\/\/petelulu.com\/es_mx\/wp-json\/wp\/v2\/product"}],"about":[{"href":"https:\/\/petelulu.com\/es_mx\/wp-json\/wp\/v2\/types\/product"}],"wp:featuredmedia":[{"embeddable":true,"href":"https:\/\/petelulu.com\/es_mx\/wp-json\/wp\/v2\/media\/1717"}],"wp:attachment":[{"href":"https:\/\/petelulu.com\/es_mx\/wp-json\/wp\/v2\/media?parent=1716"}],"wp:term":[{"taxonomy":"product_brand","embeddable":true,"href":"https:\/\/petelulu.com\/es_mx\/wp-json\/wp\/v2\/product_brand?post=1716"},{"taxonomy":"product_cat","embeddable":true,"href":"https:\/\/petelulu.com\/es_mx\/wp-json\/wp\/v2\/product_cat?post=1716"},{"taxonomy":"product_tag","embeddable":true,"href":"https:\/\/petelulu.com\/es_mx\/wp-json\/wp\/v2\/product_tag?post=1716"}],"curies":[{"name":"wp","href":"https:\/\/api.w.org\/{rel}","templated":true}]}}