{"id":1167,"date":"2025-03-06T06:42:45","date_gmt":"2025-03-06T06:42:45","guid":{"rendered":"https:\/\/petelulu.com\/?post_type=product&#038;p=1167"},"modified":"2025-08-12T23:48:14","modified_gmt":"2025-08-13T03:48:14","slug":"saco-de-dormir-de-bambu-con-estampado-de-cuadros-escoceses","status":"publish","type":"product","link":"https:\/\/petelulu.com\/es_mx\/product\/saco-de-dormir-de-bambu-con-estampado-de-cuadros-escoceses\/","title":{"rendered":"Saco de dormir para beb\u00e9 con estampado de cuadros de viscosa de bamb\u00fa personalizado"},"content":{"rendered":"<div id=\"sellingpoint\" class=\"header\">\n<div id=\"sellingpoint\" class=\"header\">\n<div id=\"sellingpoint\" class=\"header\">\n<h2>Acerca de este producto<\/h2>\n<\/div>\n<ul class=\"\">\n<li>Tejido suave y transpirable: El Saco de Dormir Suave para Beb\u00e9 PETELULU cuenta con un c\u00f3modo tejido hecho de fibra de bamb\u00fa 100%, que garantiza una experiencia de sue\u00f1o suave y transpirable para tu beb\u00e9. Este material ecol\u00f3gico es perfecto para las c\u00e1lidas noches de verano.<\/li>\n<li>Sostenible y antibacteriano: Nuestro saco de dormir para beb\u00e9s est\u00e1 dise\u00f1ado pensando en la sostenibilidad, utilizando tejido de bamb\u00fa que es naturalmente antibacteriano y resistente a la acumulaci\u00f3n de olores. Esta caracter\u00edstica proporciona un entorno de sue\u00f1o limpio y saludable para tu peque\u00f1o.<\/li>\n<li>Opciones personalizables: Aceptamos dise\u00f1os personalizados, lo que le permite personalizar el saco de dormir con su logotipo o dibujo preferido. Esta caracter\u00edstica \u00fanica convierte a nuestro producto en un regalo bien pensado para amigos y familiares con beb\u00e9s.<\/li>\n<li>Vers\u00e1til y c\u00f3modo: El dise\u00f1o sin mangas de nuestro saco de dormir para beb\u00e9s garantiza que tu beb\u00e9 se mantenga c\u00f3modo y relajado durante toda la noche. El cierre de cremallera facilita la entrada y la salida, mientras que la opci\u00f3n de talla grande se adapta a los beb\u00e9s en crecimiento.<\/li>\n<li data-spm-anchor-id=\"a2700.details.0.i86.9c5c49c9yZr9kU\">Producci\u00f3n y env\u00edo r\u00e1pidos: Ofrecemos un plazo de entrega de pedidos de muestra de 7 d\u00edas y soporte para el servicio ODM\/OEM, garantizando la entrega puntual de sus pedidos personalizados. Este proceso de producci\u00f3n eficiente le permite obtener sus sacos de dormir personalizados para beb\u00e9s r\u00e1pidamente, con una cantidad m\u00ednima de pedido de 360 piezas.<\/li>\n<\/ul>\n<\/div>\n<\/div>","protected":false},"excerpt":{"rendered":"<p>Precio unitario: US $9.80-12.80 \/ Pieza<br \/>\nCantidad m\u00ednima de pedido: 300 Piezas\/ Tama\u00f1o<br \/>\nMaterial: 95%bamboo\/5%spendex<br \/>\nAge: 0-3M\/3-6M\/6-9M\/9-12M\/12-18M\/18-24M\/2T-3T-4T<br \/>\nMateriales aplicables: Bamb\u00fa\/algod\u00f3n org\u00e1nico\/algod\u00f3n puro\/franc\u00e9s\/muselina de bamb\u00fa<br \/>\nCapacidad de suministro: 10.000 piezas\/mes<br \/>\nPuerto: Guangzhou, China<br \/>\nCondiciones de pago: T\/T<br \/>\nMuestra\uff1aAceptar muestra personalizada<br \/>\nLogotipo: Logotipo personalizado<br \/>\nEntrega: 25-35 d\u00edas laborables<br \/>\nOEM Y ODM<\/p>\n<p><a href=\"https:\/\/petelulu.com\/es_mx\/#category\">Ver m\u00e1s<\/a><\/p>\n<div class=\"wpforms-container wpforms-container-full wpforms-render-modern\" id=\"wpforms-2878\"><form id=\"wpforms-form-2878\" class=\"wpforms-validate wpforms-form wpforms-ajax-form\" data-formid=\"2878\" method=\"post\" enctype=\"multipart\/form-data\" action=\"\/es_mx\/wp-json\/wp\/v2\/product\/1167\" data-token=\"836a5486dd5c4dd2ff090a7336c3e910\" data-token-time=\"1777382995\" data-trp-original-action=\"\/es_mx\/wp-json\/wp\/v2\/product\/1167\"><noscript class=\"wpforms-error-noscript\">Por favor, active JavaScript en su navegador para completar este formulario.<\/noscript><div class=\"wpforms-hidden\" id=\"wpforms-error-noscript\">Por favor, active JavaScript en su navegador para completar este formulario.<\/div><div class=\"wpforms-field-container\"><div id=\"wpforms-2878-field_2-container\" class=\"wpforms-field wpforms-field-name\" data-field-id=\"2\"><label class=\"wpforms-field-label\" for=\"wpforms-2878-field_2\">Nombre <span class=\"wpforms-required-label\" aria-hidden=\"true\">*<\/span><\/label><input type=\"text\" id=\"wpforms-2878-field_2\" class=\"wpforms-field-medium wpforms-field-required\" name=\"wpforms[fields][2]\" aria-errormessage=\"wpforms-2878-field_2-error\" required><\/div><div id=\"wpforms-2878-field_5-container\" class=\"wpforms-field wpforms-field-email\" data-field-id=\"5\"><label class=\"wpforms-field-label\" for=\"wpforms-2878-field_5\">Correo electr\u00f3nico <span class=\"wpforms-required-label\" aria-hidden=\"true\">*<\/span><\/label><input type=\"email\" id=\"wpforms-2878-field_5\" class=\"wpforms-field-medium wpforms-field-required\" name=\"wpforms[fields][5]\" spellcheck=\"false\" aria-errormessage=\"wpforms-2878-field_5-error\" required><\/div><div id=\"wpforms-2878-field_3-container\" class=\"wpforms-field wpforms-field-textarea\" data-field-id=\"3\"><label class=\"wpforms-field-label\" for=\"wpforms-2878-field_3\">Solicitar <span class=\"wpforms-required-label\" aria-hidden=\"true\">*<\/span><\/label><textarea id=\"wpforms-2878-field_3\" class=\"wpforms-field-medium wpforms-field-required\" name=\"wpforms[fields][3]\" aria-errormessage=\"wpforms-2878-field_3-error\" aria-describedby=\"wpforms-2878-field_3-description\" required><\/textarea><div id=\"wpforms-2878-field_3-description\" class=\"wpforms-field-description\">Ind\u00edquenos sus requisitos y su n\u00famero de WhatsApp, y nuestro representante de ventas se pondr\u00e1 en contacto con usted.<\/div><\/div><\/div><!-- .wpforms-field-container --><div class=\"wpforms-submit-container\" ><input type=\"hidden\" name=\"wpforms[id]\" value=\"2878\"><input type=\"hidden\" name=\"page_title\" value=\"\"><input type=\"hidden\" name=\"page_url\" value=\"https:\/\/petelulu.com\/es_mx\/wp-json\/wp\/v2\/product\/1167\"><input type=\"hidden\" name=\"url_referer\" value=\"\"><button type=\"submit\" name=\"wpforms[submit]\" id=\"wpforms-submit-2878\" class=\"wpforms-submit\" data-alt-text=\"Sending...\" data-submit-text=\"Submit\" aria-live=\"assertive\" value=\"wpforms-submit\">Enviar<\/button><img loading=\"lazy\" decoding=\"async\" src=\"https:\/\/petelulu.com\/wp-content\/plugins\/wpforms-lite\/assets\/images\/submit-spin.svg\" class=\"wpforms-submit-spinner\" style=\"display: none;\" width=\"26\" height=\"26\" alt=\"Cargando\"><\/div><input type=\"hidden\" name=\"trp-form-language\" value=\"es_mx\"\/><\/form><\/div>  <!-- .wpforms-container -->\n<p>&nbsp;<\/p>","protected":false},"featured_media":1172,"template":"","meta":[],"product_brand":[],"product_cat":[71],"product_tag":[80],"class_list":{"0":"post-1167","1":"product","2":"type-product","3":"status-publish","4":"has-post-thumbnail","6":"product_cat-sleeping-bags","7":"product_tag-baby","8":"has-post-title","9":"has-post-date","10":"has-post-category","11":"has-post-tag","12":"has-post-comment","13":"has-post-author","14":"","16":"first","17":"instock","18":"shipping-taxable","19":"product-type-simple"},"yoast_head":"<!-- This site is optimized with the Yoast SEO Premium plugin v24.5 (Yoast SEO v25.6) - https:\/\/yoast.com\/wordpress\/plugins\/seo\/ -->\n<title>Custom Bamboo Viscose Plaid Pattern Baby Sleeping Bag - petelulu<\/title>\n<meta name=\"description\" content=\"Petelulu offers unique Bamboo Plaid Pattern Baby Sleeping Bag with zipper closure &amp; foot space. Perfect for OEM\/ODM projects. Request a quote today!\" \/>\n<meta name=\"robots\" content=\"index, follow, max-snippet:-1, max-image-preview:large, max-video-preview:-1\" \/>\n<link rel=\"canonical\" href=\"https:\/\/petelulu.com\/es_mx\/product\/saco-de-dormir-de-bambu-con-estampado-de-cuadros-escoceses\/\" \/>\n<meta property=\"og:locale\" content=\"es_MX\" \/>\n<meta property=\"og:type\" content=\"article\" \/>\n<meta property=\"og:title\" content=\"Custom Bamboo Viscose Plaid Pattern Baby Sleeping Bag\" \/>\n<meta property=\"og:description\" content=\"Petelulu offers unique Bamboo Plaid Pattern Baby Sleeping Bag with zipper closure &amp; foot space. Perfect for OEM\/ODM projects. Request a quote today!\" \/>\n<meta property=\"og:url\" content=\"https:\/\/petelulu.com\/es_mx\/product\/saco-de-dormir-de-bambu-con-estampado-de-cuadros-escoceses\/\" \/>\n<meta property=\"og:site_name\" content=\"petelulu\" \/>\n<meta property=\"article:modified_time\" content=\"2025-08-13T03:48:14+00:00\" \/>\n<meta property=\"og:image\" content=\"https:\/\/petelulu.com\/wp-content\/uploads\/2025\/03\/\u4e3b\u56fe_001-3.jpg\" \/>\n\t<meta property=\"og:image:width\" content=\"1500\" \/>\n\t<meta property=\"og:image:height\" content=\"1500\" \/>\n\t<meta property=\"og:image:type\" content=\"image\/jpeg\" \/>\n<meta name=\"twitter:card\" content=\"summary_large_image\" \/>\n<meta name=\"twitter:label1\" content=\"Tiempo de lectura\" \/>\n\t<meta name=\"twitter:data1\" content=\"2 minutos\" \/>\n<script type=\"application\/ld+json\" class=\"yoast-schema-graph\">{\"@context\":\"https:\/\/schema.org\",\"@graph\":[{\"@type\":\"WebPage\",\"@id\":\"https:\/\/petelulu.com\/product\/bamboo-plaid-pattern-baby-sleeping-bag\/\",\"url\":\"https:\/\/petelulu.com\/product\/bamboo-plaid-pattern-baby-sleeping-bag\/\",\"name\":\"Custom Bamboo Viscose Plaid Pattern Baby Sleeping Bag - petelulu\",\"isPartOf\":{\"@id\":\"https:\/\/petelulu.com\/#website\"},\"primaryImageOfPage\":{\"@id\":\"https:\/\/petelulu.com\/product\/bamboo-plaid-pattern-baby-sleeping-bag\/#primaryimage\"},\"image\":{\"@id\":\"https:\/\/petelulu.com\/product\/bamboo-plaid-pattern-baby-sleeping-bag\/#primaryimage\"},\"thumbnailUrl\":\"https:\/\/petelulu.com\/wp-content\/uploads\/2025\/03\/\u4e3b\u56fe_001-3.jpg\",\"datePublished\":\"2025-03-06T06:42:45+00:00\",\"dateModified\":\"2025-08-13T03:48:14+00:00\",\"description\":\"Petelulu offers unique Bamboo Plaid Pattern Baby Sleeping Bag with zipper closure & foot space. Perfect for OEM\/ODM projects. Request a quote today!\",\"breadcrumb\":{\"@id\":\"https:\/\/petelulu.com\/product\/bamboo-plaid-pattern-baby-sleeping-bag\/#breadcrumb\"},\"inLanguage\":\"es\",\"potentialAction\":[{\"@type\":\"ReadAction\",\"target\":[\"https:\/\/petelulu.com\/product\/bamboo-plaid-pattern-baby-sleeping-bag\/\"]}]},{\"@type\":\"ImageObject\",\"inLanguage\":\"es\",\"@id\":\"https:\/\/petelulu.com\/product\/bamboo-plaid-pattern-baby-sleeping-bag\/#primaryimage\",\"url\":\"https:\/\/petelulu.com\/wp-content\/uploads\/2025\/03\/\u4e3b\u56fe_001-3.jpg\",\"contentUrl\":\"https:\/\/petelulu.com\/wp-content\/uploads\/2025\/03\/\u4e3b\u56fe_001-3.jpg\",\"width\":1500,\"height\":1500,\"caption\":\"Bamboo Plaid Pattern Baby Sleeping Bag\"},{\"@type\":\"BreadcrumbList\",\"@id\":\"https:\/\/petelulu.com\/product\/bamboo-plaid-pattern-baby-sleeping-bag\/#breadcrumb\",\"itemListElement\":[{\"@type\":\"ListItem\",\"position\":1,\"name\":\"\u9996\u9875\",\"item\":\"https:\/\/petelulu.com\/\"},{\"@type\":\"ListItem\",\"position\":2,\"name\":\"PRODUCT GALLERY\",\"item\":\"https:\/\/petelulu.com\/product-gallery\/\"},{\"@type\":\"ListItem\",\"position\":3,\"name\":\"Custom Bamboo Viscose Plaid Pattern Baby Sleeping Bag\"}]},{\"@type\":\"WebSite\",\"@id\":\"https:\/\/petelulu.com\/#website\",\"url\":\"https:\/\/petelulu.com\/\",\"name\":\"PETElulu\",\"description\":\"\",\"potentialAction\":[{\"@type\":\"SearchAction\",\"target\":{\"@type\":\"EntryPoint\",\"urlTemplate\":\"https:\/\/petelulu.com\/?s={search_term_string}\"},\"query-input\":{\"@type\":\"PropertyValueSpecification\",\"valueRequired\":true,\"valueName\":\"search_term_string\"}}],\"inLanguage\":\"es\"}]}<\/script>\n<!-- \/ Yoast SEO Premium plugin. -->","yoast_head_json":{"title":"Saco de Dormir de Bamb\u00fa Viscosa a Cuadros Personalizado - petelulu","description":"Petelulu ofrece un \u00fanico saco de dormir de bamb\u00fa a cuadros con cierre de cremallera y espacio para los pies. Perfecto para proyectos OEM\/ODM. \u00a1Solicite una cotizaci\u00f3n hoy!","robots":{"index":"index","follow":"follow","max-snippet":"max-snippet:-1","max-image-preview":"max-image-preview:large","max-video-preview":"max-video-preview:-1"},"canonical":"https:\/\/petelulu.com\/es_mx\/product\/saco-de-dormir-de-bambu-con-estampado-de-cuadros-escoceses\/","og_locale":"es_MX","og_type":"article","og_title":"Custom Bamboo Viscose Plaid Pattern Baby Sleeping Bag","og_description":"Petelulu offers unique Bamboo Plaid Pattern Baby Sleeping Bag with zipper closure & foot space. Perfect for OEM\/ODM projects. Request a quote today!","og_url":"https:\/\/petelulu.com\/es_mx\/product\/saco-de-dormir-de-bambu-con-estampado-de-cuadros-escoceses\/","og_site_name":"petelulu","article_modified_time":"2025-08-13T03:48:14+00:00","og_image":[{"width":1500,"height":1500,"url":"https:\/\/petelulu.com\/wp-content\/uploads\/2025\/03\/\u4e3b\u56fe_001-3.jpg","type":"image\/jpeg"}],"twitter_card":"summary_large_image","twitter_misc":{"Tiempo de lectura":"2 minutos"},"schema":{"@context":"https:\/\/schema.org","@graph":[{"@type":"WebPage","@id":"https:\/\/petelulu.com\/product\/bamboo-plaid-pattern-baby-sleeping-bag\/","url":"https:\/\/petelulu.com\/product\/bamboo-plaid-pattern-baby-sleeping-bag\/","name":"Saco de Dormir de Bamb\u00fa Viscosa a Cuadros Personalizado - petelulu","isPartOf":{"@id":"https:\/\/petelulu.com\/#website"},"primaryImageOfPage":{"@id":"https:\/\/petelulu.com\/product\/bamboo-plaid-pattern-baby-sleeping-bag\/#primaryimage"},"image":{"@id":"https:\/\/petelulu.com\/product\/bamboo-plaid-pattern-baby-sleeping-bag\/#primaryimage"},"thumbnailUrl":"https:\/\/petelulu.com\/wp-content\/uploads\/2025\/03\/\u4e3b\u56fe_001-3.jpg","datePublished":"2025-03-06T06:42:45+00:00","dateModified":"2025-08-13T03:48:14+00:00","description":"Petelulu ofrece un \u00fanico saco de dormir de bamb\u00fa a cuadros con cierre de cremallera y espacio para los pies. Perfecto para proyectos OEM\/ODM. \u00a1Solicite una cotizaci\u00f3n hoy!","breadcrumb":{"@id":"https:\/\/petelulu.com\/product\/bamboo-plaid-pattern-baby-sleeping-bag\/#breadcrumb"},"inLanguage":"es","potentialAction":[{"@type":"ReadAction","target":["https:\/\/petelulu.com\/product\/bamboo-plaid-pattern-baby-sleeping-bag\/"]}]},{"@type":"ImageObject","inLanguage":"es","@id":"https:\/\/petelulu.com\/product\/bamboo-plaid-pattern-baby-sleeping-bag\/#primaryimage","url":"https:\/\/petelulu.com\/wp-content\/uploads\/2025\/03\/\u4e3b\u56fe_001-3.jpg","contentUrl":"https:\/\/petelulu.com\/wp-content\/uploads\/2025\/03\/\u4e3b\u56fe_001-3.jpg","width":1500,"height":1500,"caption":"Bamboo Plaid Pattern Baby Sleeping Bag"},{"@type":"BreadcrumbList","@id":"https:\/\/petelulu.com\/product\/bamboo-plaid-pattern-baby-sleeping-bag\/#breadcrumb","itemListElement":[{"@type":"ListItem","position":1,"name":"\u9996\u9875","item":"https:\/\/petelulu.com\/"},{"@type":"ListItem","position":2,"name":"PRODUCT GALLERY","item":"https:\/\/petelulu.com\/product-gallery\/"},{"@type":"ListItem","position":3,"name":"Custom Bamboo Viscose Plaid Pattern Baby Sleeping Bag"}]},{"@type":"WebSite","@id":"https:\/\/petelulu.com\/#website","url":"https:\/\/petelulu.com\/","name":"PETElulu","description":"","potentialAction":[{"@type":"SearchAction","target":{"@type":"EntryPoint","urlTemplate":"https:\/\/petelulu.com\/?s={search_term_string}"},"query-input":{"@type":"PropertyValueSpecification","valueRequired":true,"valueName":"search_term_string"}}],"inLanguage":"es"}]}},"builder_content":"","_links":{"self":[{"href":"https:\/\/petelulu.com\/es_mx\/wp-json\/wp\/v2\/product\/1167","targetHints":{"allow":["GET"]}}],"collection":[{"href":"https:\/\/petelulu.com\/es_mx\/wp-json\/wp\/v2\/product"}],"about":[{"href":"https:\/\/petelulu.com\/es_mx\/wp-json\/wp\/v2\/types\/product"}],"wp:featuredmedia":[{"embeddable":true,"href":"https:\/\/petelulu.com\/es_mx\/wp-json\/wp\/v2\/media\/1172"}],"wp:attachment":[{"href":"https:\/\/petelulu.com\/es_mx\/wp-json\/wp\/v2\/media?parent=1167"}],"wp:term":[{"taxonomy":"product_brand","embeddable":true,"href":"https:\/\/petelulu.com\/es_mx\/wp-json\/wp\/v2\/product_brand?post=1167"},{"taxonomy":"product_cat","embeddable":true,"href":"https:\/\/petelulu.com\/es_mx\/wp-json\/wp\/v2\/product_cat?post=1167"},{"taxonomy":"product_tag","embeddable":true,"href":"https:\/\/petelulu.com\/es_mx\/wp-json\/wp\/v2\/product_tag?post=1167"}],"curies":[{"name":"wp","href":"https:\/\/api.w.org\/{rel}","templated":true}]}}