{"id":22,"date":"2023-01-17T07:38:53","date_gmt":"2023-01-17T07:38:53","guid":{"rendered":"https:\/\/petelulu.com\/shop\/"},"modified":"2025-03-27T03:12:28","modified_gmt":"2025-03-27T03:12:28","slug":"galeria-de-productos","status":"publish","type":"page","link":"https:\/\/petelulu.com\/es_mx\/galeria-de-productos\/","title":{"rendered":"GALER\u00cdA DE PRODUCTOS"},"content":{"rendered":"<!-- wp:themify-builder\/canvas \/-->\n\n<!--themify_builder_static--><!--\/themify_builder_static-->","protected":false},"excerpt":{"rendered":"","protected":false},"author":1,"featured_media":0,"parent":0,"menu_order":0,"comment_status":"closed","ping_status":"closed","template":"","meta":{"footnotes":""},"class_list":["post-22","page","type-page","status-publish","hentry","has-post-title","has-post-date","has-post-category","has-post-tag","has-post-comment","has-post-author",""],"yoast_head":"<!-- This site is optimized with the Yoast SEO Premium plugin v24.5 (Yoast SEO v25.6) - https:\/\/yoast.com\/wordpress\/plugins\/seo\/ -->\n<title>Organic Textile collection PRODUCT GALLERY - petelulu<\/title>\n<meta name=\"description\" content=\"Discover exclusive products in the B2B Organic Textile collection from Petelulu. Ideal for innovative brands. Contact us now to explore more!\" \/>\n<meta name=\"robots\" content=\"index, follow, max-snippet:-1, max-image-preview:large, max-video-preview:-1\" \/>\n<link rel=\"canonical\" href=\"https:\/\/petelulu.com\/es_mx\/galeria-de-productos\/\" \/>\n<meta property=\"og:locale\" content=\"es_MX\" \/>\n<meta property=\"og:type\" content=\"article\" \/>\n<meta property=\"og:title\" content=\"PRODUCT GALLERY\" \/>\n<meta property=\"og:description\" content=\"Discover exclusive products in the B2B Organic Textile collection from Petelulu. Ideal for innovative brands. Contact us now to explore more!\" \/>\n<meta property=\"og:url\" content=\"https:\/\/petelulu.com\/es_mx\/galeria-de-productos\/\" \/>\n<meta property=\"og:site_name\" content=\"petelulu\" \/>\n<meta property=\"article:modified_time\" content=\"2025-03-27T03:12:28+00:00\" \/>\n<meta name=\"twitter:card\" content=\"summary_large_image\" \/>\n<script type=\"application\/ld+json\" class=\"yoast-schema-graph\">{\"@context\":\"https:\/\/schema.org\",\"@graph\":[{\"@type\":\"WebPage\",\"@id\":\"https:\/\/petelulu.com\/product-gallery\/\",\"url\":\"https:\/\/petelulu.com\/product-gallery\/\",\"name\":\"Organic Textile collection PRODUCT GALLERY - petelulu\",\"isPartOf\":{\"@id\":\"https:\/\/petelulu.com\/#website\"},\"datePublished\":\"2023-01-17T07:38:53+00:00\",\"dateModified\":\"2025-03-27T03:12:28+00:00\",\"description\":\"Discover exclusive products in the B2B Organic Textile collection from Petelulu. Ideal for innovative brands. Contact us now to explore more!\",\"breadcrumb\":{\"@id\":\"https:\/\/petelulu.com\/product-gallery\/#breadcrumb\"},\"inLanguage\":\"es\",\"potentialAction\":[{\"@type\":\"ReadAction\",\"target\":[\"https:\/\/petelulu.com\/product-gallery\/\"]}]},{\"@type\":\"BreadcrumbList\",\"@id\":\"https:\/\/petelulu.com\/product-gallery\/#breadcrumb\",\"itemListElement\":[{\"@type\":\"ListItem\",\"position\":1,\"name\":\"\u9996\u9875\",\"item\":\"https:\/\/petelulu.com\/\"},{\"@type\":\"ListItem\",\"position\":2,\"name\":\"PRODUCT GALLERY\"}]},{\"@type\":\"WebSite\",\"@id\":\"https:\/\/petelulu.com\/#website\",\"url\":\"https:\/\/petelulu.com\/\",\"name\":\"PETElulu\",\"description\":\"\",\"potentialAction\":[{\"@type\":\"SearchAction\",\"target\":{\"@type\":\"EntryPoint\",\"urlTemplate\":\"https:\/\/petelulu.com\/?s={search_term_string}\"},\"query-input\":{\"@type\":\"PropertyValueSpecification\",\"valueRequired\":true,\"valueName\":\"search_term_string\"}}],\"inLanguage\":\"es\"}]}<\/script>\n<!-- \/ Yoast SEO Premium plugin. -->","yoast_head_json":{"title":"Colecci\u00f3n Organic Textile GALER\u00cdA DE PRODUCTOS - petelulu","description":"Descubra productos exclusivos en la colecci\u00f3n B2B Organic Textile de Petelulu. Ideal para marcas innovadoras. P\u00f3ngase en contacto con nosotros para saber m\u00e1s.","robots":{"index":"index","follow":"follow","max-snippet":"max-snippet:-1","max-image-preview":"max-image-preview:large","max-video-preview":"max-video-preview:-1"},"canonical":"https:\/\/petelulu.com\/es_mx\/galeria-de-productos\/","og_locale":"es_MX","og_type":"article","og_title":"PRODUCT GALLERY","og_description":"Discover exclusive products in the B2B Organic Textile collection from Petelulu. Ideal for innovative brands. Contact us now to explore more!","og_url":"https:\/\/petelulu.com\/es_mx\/galeria-de-productos\/","og_site_name":"petelulu","article_modified_time":"2025-03-27T03:12:28+00:00","twitter_card":"summary_large_image","schema":{"@context":"https:\/\/schema.org","@graph":[{"@type":"WebPage","@id":"https:\/\/petelulu.com\/product-gallery\/","url":"https:\/\/petelulu.com\/product-gallery\/","name":"Colecci\u00f3n Organic Textile GALER\u00cdA DE PRODUCTOS - petelulu","isPartOf":{"@id":"https:\/\/petelulu.com\/#website"},"datePublished":"2023-01-17T07:38:53+00:00","dateModified":"2025-03-27T03:12:28+00:00","description":"Descubra productos exclusivos en la colecci\u00f3n B2B Organic Textile de Petelulu. Ideal para marcas innovadoras. P\u00f3ngase en contacto con nosotros para saber m\u00e1s.","breadcrumb":{"@id":"https:\/\/petelulu.com\/product-gallery\/#breadcrumb"},"inLanguage":"es","potentialAction":[{"@type":"ReadAction","target":["https:\/\/petelulu.com\/product-gallery\/"]}]},{"@type":"BreadcrumbList","@id":"https:\/\/petelulu.com\/product-gallery\/#breadcrumb","itemListElement":[{"@type":"ListItem","position":1,"name":"\u9996\u9875","item":"https:\/\/petelulu.com\/"},{"@type":"ListItem","position":2,"name":"PRODUCT GALLERY"}]},{"@type":"WebSite","@id":"https:\/\/petelulu.com\/#website","url":"https:\/\/petelulu.com\/","name":"PETElulu","description":"","potentialAction":[{"@type":"SearchAction","target":{"@type":"EntryPoint","urlTemplate":"https:\/\/petelulu.com\/?s={search_term_string}"},"query-input":{"@type":"PropertyValueSpecification","valueRequired":true,"valueName":"search_term_string"}}],"inLanguage":"es"}]}},"builder_content":"","_links":{"self":[{"href":"https:\/\/petelulu.com\/es_mx\/wp-json\/wp\/v2\/pages\/22","targetHints":{"allow":["GET"]}}],"collection":[{"href":"https:\/\/petelulu.com\/es_mx\/wp-json\/wp\/v2\/pages"}],"about":[{"href":"https:\/\/petelulu.com\/es_mx\/wp-json\/wp\/v2\/types\/page"}],"author":[{"embeddable":true,"href":"https:\/\/petelulu.com\/es_mx\/wp-json\/wp\/v2\/users\/1"}],"replies":[{"embeddable":true,"href":"https:\/\/petelulu.com\/es_mx\/wp-json\/wp\/v2\/comments?post=22"}],"version-history":[{"count":15,"href":"https:\/\/petelulu.com\/es_mx\/wp-json\/wp\/v2\/pages\/22\/revisions"}],"predecessor-version":[{"id":2433,"href":"https:\/\/petelulu.com\/es_mx\/wp-json\/wp\/v2\/pages\/22\/revisions\/2433"}],"wp:attachment":[{"href":"https:\/\/petelulu.com\/es_mx\/wp-json\/wp\/v2\/media?parent=22"}],"curies":[{"name":"wp","href":"https:\/\/api.w.org\/{rel}","templated":true}]}}